{"id":490,"date":"2023-10-24T20:11:22","date_gmt":"2023-10-24T17:11:22","guid":{"rendered":"https:\/\/alirarealestate.com\/?page_id=490"},"modified":"2026-03-28T00:56:08","modified_gmt":"2026-03-27T21:56:08","slug":"commercial-property","status":"publish","type":"page","link":"https:\/\/alirarealestate.com\/it\/services\/commercial-property\/","title":{"rendered":"Servizi di consulenza per investimenti in immobili commerciali negli Emirati Arabi Uniti"},"content":{"rendered":"<section class=\"wpb-content-wrapper\"><div class=\"vc_row wpb_row vc_row-fluid vc_row\"><div class=\"wpb_column vc_column_container vc_col-sm-12 vc_column\"><div class=\"vc_column-inner\"><div class=\"wpb_wrapper\"><div class=\"vc_row wpb_row vc_inner vc_row-fluid vc_row_inner\"><div class=\"wpb_column vc_column_container vc_col-sm-8 vc_column_inner\"><div class=\"vc_column-inner\"><div class=\"wpb_wrapper\">\n\t<div class=\"wpb_text_column wpb_content_element  vc_column_text\" >\n\t\t<div class=\"wpb_wrapper\">\n\t\t\t<p>Negli Emirati Arabi Uniti, il mercato immobiliare commerciale offre molte opportunit\u00e0 per gli investitori, in particolare per coloro che cercano crescita e stabilit\u00e0 a lungo termine. Il mercato immobiliare commerciale negli Emirati Arabi Uniti continua a crescere, attraendo investitori stranieri da tutto il mondo. Questo testo ha lo scopo di aiutarti a comprendere i vari aspetti dell&#039;investimento nel settore immobiliare commerciale negli Emirati Arabi Uniti.<\/p>\n<ol>\n<li><strong>Tipi di immobili commerciali<\/strong><br \/>\nNegli Emirati Arabi Uniti sono presenti molti tipi diversi di immobili commerciali, tra cui edifici per uffici, centri commerciali, hotel, ristoranti, magazzini, siti industriali, ecc. Il tipo di immobile che scegli dipende dai tuoi obiettivi e dalla tua strategia di investimento.<\/li>\n<li><strong>Opportunit\u00e0 di investimento<\/strong><br \/>\nIl mercato immobiliare commerciale negli Emirati Arabi Uniti offre una variet\u00e0 di opportunit\u00e0 di investimento, tra cui l&#039;acquisto di immobili gi\u00e0 pronti, la costruzione di nuove propriet\u00e0 o investimenti in immobili in fase di pianificazione.<\/li>\n<li><strong>Processo di acquisto<\/strong><br \/>\nIl processo di acquisto di immobili commerciali negli Emirati Arabi Uniti pu\u00f2 essere complesso e richiede un&#039;attenta preparazione. \u00c8 importante condurre ricerche di mercato, selezionare un immobile adatto, preparare tutti i documenti necessari e trovare un agente immobiliare affidabile.<\/li>\n<li><strong>Tasse e regolamentazione<\/strong><br \/>\nGli Emirati Arabi Uniti hanno leggi fiscali molto favorevoli per gli investitori stranieri. Non ci sono tasse sull&#039;acquisto, la propriet\u00e0 o la vendita di immobili commerciali. Tuttavia, devono essere rispettate tutte le leggi e le normative locali relative alle attivit\u00e0 commerciali.<\/li>\n<\/ol>\n<p>Gli specialisti dell&#039;agenzia ALIRA ti aiuteranno in questioni relative al settore immobiliare commerciale. Chiamaci\u00a0<a href=\"tel: 971588337903\">+971 58 833 7903<\/a>\u00a0oppure compila la richiesta nel modulo di contatto qui sotto.<\/p>\n\n\t\t<\/div>\n\t<\/div>\n<\/div><\/div><\/div><div class=\"wpb_column vc_column_container vc_col-sm-4 vc_col-xs-12 vc_column_inner\"><div class=\"vc_column-inner\"><div class=\"wpb_wrapper\">\n\t<div  class=\"wpb_single_image wpb_content_element vc_align_center  vc_custom_1698673708047  img-border vc_single_image\">\n\t\t\n\t\t<figure class=\"wpb_wrapper vc_figure\">\n\t\t\t<div class=\"vc_single_image-wrapper   vc_box_border_grey\"><img fetchpriority=\"high\" decoding=\"async\" width=\"277\" height=\"400\" src=\"https:\/\/alirarealestate.com\/wp-content\/uploads\/2023\/10\/kommercheskaja-nedvizhimost.png?v=1702929786\" class=\"vc_single_image-img attachment-full\" alt=\"\" title=\"\" srcset=\"https:\/\/alirarealestate.com\/wp-content\/uploads\/2023\/10\/kommercheskaja-nedvizhimost.png?v=1702929786 277w, https:\/\/alirarealestate.com\/wp-content\/uploads\/2023\/10\/kommercheskaja-nedvizhimost-208x300.png?v=1702929786 208w, https:\/\/alirarealestate.com\/wp-content\/uploads\/2023\/10\/kommercheskaja-nedvizhimost-8x12.png?v=1702929786 8w\" sizes=\"(max-width: 277px) 100vw, 277px\" \/><\/div>\n\t\t<\/figure>\n\t<\/div>\n<\/div><\/div><\/div><\/div><\/div><\/div><\/div><\/div><div class=\"vc_row wpb_row vc_row-fluid vc_row\"><div class=\"wpb_column vc_column_container vc_col-sm-12 vc_column\"><div class=\"vc_column-inner\"><div class=\"wpb_wrapper\"><div class=\"vc_separator wpb_content_element vc_separator_align_center vc_sep_width_100 vc_sep_pos_align_center vc_separator_no_text vc_custom_1698669371537  vc_custom_1698669371537 vc_separator vc_text_separator\" ><span class=\"vc_sep_holder vc_sep_holder_l\"><span style=\"border-color:rgb(75,77,101);border-color:rgba(75,77,101,0.1);\" class=\"vc_sep_line\"><\/span><\/span><span class=\"vc_sep_holder vc_sep_holder_r\"><span style=\"border-color:rgb(75,77,101);border-color:rgba(75,77,101,0.1);\" class=\"vc_sep_line\"><\/span><\/span>\n<\/div><\/div><\/div><\/div><\/div><div class=\"vc_row wpb_row vc_row-fluid vc_row\"><div class=\"wpb_column vc_column_container vc_col-sm-12 vc_column\"><div class=\"vc_column-inner\"><div class=\"wpb_wrapper\"><div class=\"templatera_shortcode\"><div id=\"form-konsult\" class=\"vc_row wpb_row vc_row-fluid vc_custom_1698509413444 vc_row\"><div class=\"wpb_column vc_column_container vc_col-sm-12 vc_column\"><div class=\"vc_column-inner\"><div class=\"wpb_wrapper\">\n\t<div class=\"wpb_raw_code wpb_content_element wpb_raw_html h2-box h2-bf text-center vc_raw_html\" >\n\t\t<div class=\"wpb_wrapper\">\n\t\t\t<h2>Ottieni una consulenza<\/h2>\n<div class=\"h2-sub\">Compila il modulo di contatto e il nostro esperto ti contatter\u00e0 per una consulenza gratuita<\/div>\n\t\t<\/div>\n\t<\/div>\n<div class=\"vc_row wpb_row vc_inner vc_row-fluid vc_row_inner\"><div class=\"wpb_column vc_column_container vc_col-sm-12 vc_column_inner\"><div class=\"vc_column-inner\"><div class=\"wpb_wrapper\">\n<div class=\"wpcf7 no-js\" id=\"wpcf7-f94-o1\" lang=\"ru-RU\" dir=\"ltr\" data-wpcf7-id=\"94\">\n<div class=\"screen-reader-response\"><p role=\"status\" aria-live=\"polite\" aria-atomic=\"true\"><\/p> <ul><\/ul><\/div>\n<form action=\"\/it\/wp-json\/wp\/v2\/pages\/490#wpcf7-f94-o1\" method=\"post\" class=\"wpcf7-form init\" aria-label=\"Modulo di contatto\" novalidate=\"novalidate\" data-status=\"init\" data-trp-original-action=\"\/it\/wp-json\/wp\/v2\/pages\/490#wpcf7-f94-o1\">\n<div style=\"display: none;\">\n<input type=\"hidden\" name=\"_wpcf7\" value=\"94\" \/>\n<input type=\"hidden\" name=\"_wpcf7_version\" value=\"6.0.6\" \/>\n<input type=\"hidden\" name=\"_wpcf7_locale\" value=\"ru_RU\" \/>\n<input type=\"hidden\" name=\"_wpcf7_unit_tag\" value=\"wpcf7-f94-o1\" \/>\n<input type=\"hidden\" name=\"_wpcf7_container_post\" value=\"0\" \/>\n<input type=\"hidden\" name=\"_wpcf7_posted_data_hash\" value=\"\" \/>\n<\/div>\n<div class=\"form1\">\n<div class=\"form-col fc0\">\n<img decoding=\"async\" src=\"\/wp-content\/uploads\/2023\/10\/foto-lilija.jpg\" width=\"220\" height=\"220\" class=\"form-img\">\n<div class=\"ex-fi\">Lilia Ibragimova<\/div>\n<div class=\"ex-inf\">Esperto immobiliare<\/div>\n<\/div>\n<div class=\"form-col fc1\">\n<div class=\"box-name\"><div class=\"form-label\">Il tuo nome<\/div>\n<span class=\"wpcf7-form-control-wrap\" data-name=\"your-name\"><input size=\"40\" maxlength=\"400\" class=\"wpcf7-form-control wpcf7-text wpcf7-validates-as-required\" aria-required=\"true\" aria-invalid=\"false\" value=\"\" type=\"text\" name=\"your-name\" \/><\/span><\/div>\n<div class=\"box-tel\"><div class=\"form-label\">Numero di telefono (includere il prefisso internazionale)<\/div>\n<span class=\"wpcf7-form-control-wrap\" data-name=\"your-tel\"><input size=\"40\" maxlength=\"400\" class=\"wpcf7-form-control wpcf7-text wpcf7-validates-as-required\" aria-required=\"true\" aria-invalid=\"false\" value=\"\" type=\"text\" name=\"your-tel\" \/><\/span><\/div>\n<div class=\"box-date\"><div class=\"form-label\">Data conveniente<\/div>\n<span class=\"wpcf7-form-control-wrap\" data-name=\"your-date\"><input class=\"wpcf7-form-control wpcf7-date wpcf7-validates-as-required wpcf7-validates-as-date\" min=\"2026-04-09\" aria-required=\"true\" aria-invalid=\"false\" value=\"2026-04-09\" type=\"date\" name=\"your-date\" \/><\/span><\/div>\n<div class=\"box-time\"><div class=\"form-label\">Orario di chiamata preferito (ora degli Emirati Arabi Uniti)<\/div>\n<span class=\"wpcf7-form-control-wrap\" data-name=\"your-time\"><select class=\"wpcf7-form-control wpcf7-select wpcf7-validates-as-required\" aria-required=\"true\" aria-invalid=\"false\" name=\"your-time\"><option value=\"\">Seleziona l&#039;ora<\/option><option value=\"09:00\">09:00<\/option><option value=\"10:00\">10:00<\/option><option value=\"11:00\">11:00<\/option><option value=\"12:00\">12:00<\/option><option value=\"13:00\">13:00<\/option><option value=\"14:00\">14:00<\/option><option value=\"15:00\">15:00<\/option><option value=\"16:00\">16:00<\/option><option value=\"17:00\">17:00<\/option><option value=\"18:00\">18:00<\/option><\/select><\/span><\/div>\n<div class=\"box-comment\"><div class=\"form-label\">Commenta la domanda<\/div>\n<span class=\"wpcf7-form-control-wrap\" data-name=\"textarea-278\"><textarea cols=\"40\" rows=\"5\" maxlength=\"2000\" class=\"wpcf7-form-control wpcf7-textarea\" aria-invalid=\"false\" name=\"textarea-278\"><\/textarea><\/span><\/div>\n<input class=\"wpcf7-form-control wpcf7-submit has-spinner\" type=\"submit\" value=\"Invia richiesta\" \/>\n<\/div>\n<\/div><input type='hidden' class='wpcf7-pum' value='{\"closepopup\":false,\"closedelay\":0,\"openpopup\":false,\"openpopup_id\":0}' \/><div class=\"wpcf7-response-output\" aria-hidden=\"true\"><\/div>\n<input type=\"hidden\" name=\"trp-form-language\" value=\"it\"\/><\/form>\n<\/div>\n<\/div><\/div><\/div><\/div><\/div><\/div><\/div><\/div><\/div><\/div><\/div><\/div><\/div>\n<\/section>","protected":false},"excerpt":{"rendered":"Negli Emirati Arabi Uniti, il mercato immobiliare commerciale offre molte opportunit\u00e0 per gli investitori, in particolare per coloro che cercano crescita e stabilit\u00e0 a lungo termine. Il mercato immobiliare commerciale negli Emirati Arabi Uniti continua a crescere, attraendo investitori stranieri da tutto il mondo. Questo testo ha lo scopo di aiutarti a comprendere i vari aspetti dell&#039;investimento nel settore immobiliare commerciale negli Emirati Arabi Uniti. Tipi di immobili commerciali ...","protected":false},"author":1,"featured_media":0,"parent":466,"menu_order":0,"comment_status":"closed","ping_status":"closed","template":"","meta":{"inline_featured_image":false,"_glsr_average":0,"_glsr_ranking":0,"_glsr_reviews":0,"footnotes":""},"class_list":["post-490","page","type-page","status-publish","hentry"],"yoast_head":"<!-- This site is optimized with the Yoast SEO Premium plugin v25.1 (Yoast SEO v25.6) - https:\/\/yoast.com\/wordpress\/plugins\/seo\/ -->\n<title>Consulting Services for Investments in Commercial Real Estate in the UAE - Alira<\/title>\n<meta name=\"description\" content=\"Alira Real Estate Agency offers expert consulting services for investments in commercial real estate. \u27a4 Discover details on our website\" \/>\n<meta name=\"robots\" content=\"index, follow, max-snippet:-1, max-image-preview:large, max-video-preview:-1\" \/>\n<link rel=\"canonical\" href=\"https:\/\/alirarealestate.com\/it\/services\/commercial-property\/\" \/>\n<meta property=\"og:locale\" content=\"it_IT\" \/>\n<meta property=\"og:type\" content=\"article\" \/>\n<meta property=\"og:title\" content=\"Consulting Services for Investments in Commercial Real Estate in the UAE\" \/>\n<meta property=\"og:description\" content=\"Alira Real Estate Agency offers expert consulting services for investments in commercial real estate. \u27a4 Discover details on our website\" \/>\n<meta property=\"og:url\" content=\"https:\/\/alirarealestate.com\/it\/services\/commercial-property\/\" \/>\n<meta property=\"og:site_name\" content=\"Alira Real Estate - Real estate in the UAE\" \/>\n<meta property=\"article:modified_time\" content=\"2026-03-27T21:56:08+00:00\" \/>\n<meta name=\"twitter:card\" content=\"summary_large_image\" \/>\n<meta name=\"twitter:label1\" content=\"Tempo di lettura stimato\" \/>\n\t<meta name=\"twitter:data1\" content=\"2 minuti\" \/>\n<script type=\"application\/ld+json\" class=\"yoast-schema-graph\">{\"@context\":\"https:\/\/schema.org\",\"@graph\":[{\"@type\":\"WebPage\",\"@id\":\"https:\/\/alirarealestate.com\/it\/services\/commercial-property\/\",\"url\":\"https:\/\/alirarealestate.com\/it\/services\/commercial-property\/\",\"name\":\"Consulting Services for Investments in Commercial Real Estate in the UAE - Alira\",\"isPartOf\":{\"@id\":\"https:\/\/alirarealestate.com\/it\/#website\"},\"datePublished\":\"2023-10-24T17:11:22+00:00\",\"dateModified\":\"2026-03-27T21:56:08+00:00\",\"description\":\"Alira Real Estate Agency offers expert consulting services for investments in commercial real estate. \u27a4 Discover details on our website\",\"breadcrumb\":{\"@id\":\"https:\/\/alirarealestate.com\/it\/services\/commercial-property\/#breadcrumb\"},\"inLanguage\":\"it-IT\",\"potentialAction\":[{\"@type\":\"ReadAction\",\"target\":[\"https:\/\/alirarealestate.com\/it\/services\/commercial-property\/\"]}]},{\"@type\":\"BreadcrumbList\",\"@id\":\"https:\/\/alirarealestate.com\/it\/services\/commercial-property\/#breadcrumb\",\"itemListElement\":[{\"@type\":\"ListItem\",\"position\":1,\"name\":\"Home\",\"item\":\"https:\/\/alirarealestate.com\/\"},{\"@type\":\"ListItem\",\"position\":2,\"name\":\"Services\",\"item\":\"https:\/\/alirarealestate.com\/services\/\"},{\"@type\":\"ListItem\",\"position\":3,\"name\":\"Consulting Services for Investments in Commercial Real Estate in the UAE\"}]},{\"@type\":\"WebSite\",\"@id\":\"https:\/\/alirarealestate.com\/it\/#website\",\"url\":\"https:\/\/alirarealestate.com\/it\/\",\"name\":\"Alira Real Estate - Real estate in the UAE\",\"description\":\"\",\"potentialAction\":[{\"@type\":\"SearchAction\",\"target\":{\"@type\":\"EntryPoint\",\"urlTemplate\":\"https:\/\/alirarealestate.com\/it\/?s={search_term_string}\"},\"query-input\":{\"@type\":\"PropertyValueSpecification\",\"valueRequired\":true,\"valueName\":\"search_term_string\"}}],\"inLanguage\":\"it-IT\"}]}<\/script>\n<!-- \/ Yoast SEO Premium plugin. -->","yoast_head_json":{"title":"Consulting Services for Investments in Commercial Real Estate in the UAE - Alira","description":"Alira Real Estate Agency offers expert consulting services for investments in commercial real estate. \u27a4 Discover details on our website","robots":{"index":"index","follow":"follow","max-snippet":"max-snippet:-1","max-image-preview":"max-image-preview:large","max-video-preview":"max-video-preview:-1"},"canonical":"https:\/\/alirarealestate.com\/it\/services\/commercial-property\/","og_locale":"it_IT","og_type":"article","og_title":"Consulting Services for Investments in Commercial Real Estate in the UAE","og_description":"Alira Real Estate Agency offers expert consulting services for investments in commercial real estate. \u27a4 Discover details on our website","og_url":"https:\/\/alirarealestate.com\/it\/services\/commercial-property\/","og_site_name":"Alira Real Estate - Real estate in the UAE","article_modified_time":"2026-03-27T21:56:08+00:00","twitter_card":"summary_large_image","twitter_misc":{"Tempo di lettura stimato":"2 minuti"},"schema":{"@context":"https:\/\/schema.org","@graph":[{"@type":"WebPage","@id":"https:\/\/alirarealestate.com\/it\/services\/commercial-property\/","url":"https:\/\/alirarealestate.com\/it\/services\/commercial-property\/","name":"Consulting Services for Investments in Commercial Real Estate in the UAE - Alira","isPartOf":{"@id":"https:\/\/alirarealestate.com\/it\/#website"},"datePublished":"2023-10-24T17:11:22+00:00","dateModified":"2026-03-27T21:56:08+00:00","description":"Alira Real Estate Agency offers expert consulting services for investments in commercial real estate. \u27a4 Discover details on our website","breadcrumb":{"@id":"https:\/\/alirarealestate.com\/it\/services\/commercial-property\/#breadcrumb"},"inLanguage":"it-IT","potentialAction":[{"@type":"ReadAction","target":["https:\/\/alirarealestate.com\/it\/services\/commercial-property\/"]}]},{"@type":"BreadcrumbList","@id":"https:\/\/alirarealestate.com\/it\/services\/commercial-property\/#breadcrumb","itemListElement":[{"@type":"ListItem","position":1,"name":"Home","item":"https:\/\/alirarealestate.com\/"},{"@type":"ListItem","position":2,"name":"Services","item":"https:\/\/alirarealestate.com\/services\/"},{"@type":"ListItem","position":3,"name":"Consulting Services for Investments in Commercial Real Estate in the UAE"}]},{"@type":"WebSite","@id":"https:\/\/alirarealestate.com\/it\/#website","url":"https:\/\/alirarealestate.com\/it\/","name":"Alira Real Estate - Real estate in the UAE","description":"","potentialAction":[{"@type":"SearchAction","target":{"@type":"EntryPoint","urlTemplate":"https:\/\/alirarealestate.com\/it\/?s={search_term_string}"},"query-input":{"@type":"PropertyValueSpecification","valueRequired":true,"valueName":"search_term_string"}}],"inLanguage":"it-IT"}]}},"_links":{"self":[{"href":"https:\/\/alirarealestate.com\/it\/wp-json\/wp\/v2\/pages\/490"}],"collection":[{"href":"https:\/\/alirarealestate.com\/it\/wp-json\/wp\/v2\/pages"}],"about":[{"href":"https:\/\/alirarealestate.com\/it\/wp-json\/wp\/v2\/types\/page"}],"author":[{"embeddable":true,"href":"https:\/\/alirarealestate.com\/it\/wp-json\/wp\/v2\/users\/1"}],"replies":[{"embeddable":true,"href":"https:\/\/alirarealestate.com\/it\/wp-json\/wp\/v2\/comments?post=490"}],"version-history":[{"count":2,"href":"https:\/\/alirarealestate.com\/it\/wp-json\/wp\/v2\/pages\/490\/revisions"}],"predecessor-version":[{"id":8869,"href":"https:\/\/alirarealestate.com\/it\/wp-json\/wp\/v2\/pages\/490\/revisions\/8869"}],"up":[{"embeddable":true,"href":"https:\/\/alirarealestate.com\/it\/wp-json\/wp\/v2\/pages\/466"}],"wp:attachment":[{"href":"https:\/\/alirarealestate.com\/it\/wp-json\/wp\/v2\/media?parent=490"}],"curies":[{"name":"wp","href":"https:\/\/api.w.org\/{rel}","templated":true}]}}