{"id":482,"date":"2023-10-24T20:09:12","date_gmt":"2023-10-24T17:09:12","guid":{"rendered":"https:\/\/alirarealestate.com\/?page_id=482"},"modified":"2026-03-28T00:53:45","modified_gmt":"2026-03-27T21:53:45","slug":"short-term-rentals","status":"publish","type":"page","link":"https:\/\/alirarealestate.com\/it\/services\/short-term-rentals\/","title":{"rendered":"Servizi di consulenza per l&#039;affitto di immobili a breve termine"},"content":{"rendered":"<section class=\"wpb-content-wrapper\"><div class=\"vc_row wpb_row vc_row-fluid vc_row\"><div class=\"wpb_column vc_column_container vc_col-sm-12 vc_column\"><div class=\"vc_column-inner\"><div class=\"wpb_wrapper\"><div class=\"vc_row wpb_row vc_inner vc_row-fluid vc_row_inner\"><div class=\"wpb_column vc_column_container vc_col-sm-8 vc_column_inner\"><div class=\"vc_column-inner\"><div class=\"wpb_wrapper\">\n\t<div class=\"wpb_text_column wpb_content_element  vc_column_text\" >\n\t\t<div class=\"wpb_wrapper\">\n\t\t\t<p>Negli Emirati Arabi Uniti, i servizi di affitto di immobili a breve termine stanno diventando sempre pi\u00f9 popolari tra turisti e viaggiatori d&#039;affari. Tali servizi offrono l&#039;opportunit\u00e0 di affittare un alloggio per un breve periodo di tempo, il che pu\u00f2 essere un&#039;opzione pi\u00f9 comoda ed economica rispetto all&#039;affitto a lungo termine.<\/p>\n<p>Le aziende che forniscono servizi di affitto a breve termine offrono un&#039;ampia selezione di immobili, dagli appartamenti alle ville, dagli appartamenti in hotel alle case al mare. Questo ti consente di scegliere l&#039;opzione pi\u00f9 adatta a seconda delle tue esigenze e del tuo budget.<\/p>\n<p>I principali vantaggi degli affitti a breve termine sono:<\/p>\n<ul>\n<li>Flessibilit\u00e0: gli inquilini possono scegliere liberamente le date di check-in e check-out e, se necessario, modificare le condizioni di affitto.<\/li>\n<li>Risparmi: gli affitti a breve termine solitamente costano meno degli affitti a lungo termine o dell&#039;acquisto di immobili.<\/li>\n<li>Comodit\u00e0: la maggior parte delle aziende fornisce servizi di manutenzione e pulizia degli alloggi, nonch\u00e9 assistenza nella risoluzione di eventuali problemi.<\/li>\n<li>Ampia scelta: negli Emirati Arabi Uniti sono disponibili migliaia di affitti a breve termine, consentendoti di scegliere la localit\u00e0 pi\u00f9 adatta a te.<\/li>\n<\/ul>\n<p>Quando si sceglie un&#039;azienda per l&#039;affitto a breve termine di immobili negli Emirati Arabi Uniti, \u00e8 necessario considerare i seguenti fattori:<\/p>\n<ul>\n<li>Reputazione aziendale: studia le recensioni di altri clienti per garantire l&#039;affidabilit\u00e0 e la qualit\u00e0 dei servizi forniti.<\/li>\n<li>Condizioni di noleggio: controlla tutti i dettagli e le condizioni del noleggio, inclusi costi, termini e procedure di pagamento, nonch\u00e9 condizioni di cancellazione.<\/li>\n<li>Posizione: scegli un alloggio che sia situato in una posizione comoda per te, in base alle tue esigenze e preferenze.<\/li>\n<li>Sicurezza: assicurati che la propriet\u00e0 scelta soddisfi i tuoi requisiti di sicurezza e comfort.<\/li>\n<\/ul>\n<p>Gli immobili in affitto a breve termine negli Emirati Arabi Uniti sono un modo comodo e conveniente per soggiornare durante un viaggio o un viaggio d&#039;affari. Quando scegli un&#039;azienda e un immobile, considera le tue esigenze e preferenze per ottenere il massimo dal tuo soggiorno nel paese.<\/p>\n<p>Gli specialisti dell&#039;agenzia ALIRA ti aiuteranno in questioni relative agli affitti a breve termine negli Emirati Arabi Uniti. Chiamaci\u00a0<a href=\"tel: 971588337903\">+971 58 833 7903<\/a>\u00a0oppure compila la richiesta nel modulo di contatto qui sotto.<\/p>\n\n\t\t<\/div>\n\t<\/div>\n<\/div><\/div><\/div><div class=\"wpb_column vc_column_container vc_col-sm-4 vc_col-xs-12 vc_column_inner\"><div class=\"vc_column-inner\"><div class=\"wpb_wrapper\">\n\t<div  class=\"wpb_single_image wpb_content_element vc_align_center  vc_custom_1698673732912  img-border vc_single_image\">\n\t\t\n\t\t<figure class=\"wpb_wrapper vc_figure\">\n\t\t\t<div class=\"vc_single_image-wrapper   vc_box_border_grey\"><img fetchpriority=\"high\" decoding=\"async\" width=\"277\" height=\"400\" src=\"https:\/\/alirarealestate.com\/wp-content\/uploads\/2023\/10\/kratkosrochnaja-arenda.png?v=1702929782\" class=\"vc_single_image-img attachment-full\" alt=\"\" title=\"\" srcset=\"https:\/\/alirarealestate.com\/wp-content\/uploads\/2023\/10\/kratkosrochnaja-arenda.png?v=1702929782 277w, https:\/\/alirarealestate.com\/wp-content\/uploads\/2023\/10\/kratkosrochnaja-arenda-208x300.png?v=1702929782 208w, https:\/\/alirarealestate.com\/wp-content\/uploads\/2023\/10\/kratkosrochnaja-arenda-8x12.png?v=1702929782 8w\" sizes=\"(max-width: 277px) 100vw, 277px\" \/><\/div>\n\t\t<\/figure>\n\t<\/div>\n<\/div><\/div><\/div><\/div><\/div><\/div><\/div><\/div><div class=\"vc_row wpb_row vc_row-fluid vc_row\"><div class=\"wpb_column vc_column_container vc_col-sm-12 vc_column\"><div class=\"vc_column-inner\"><div class=\"wpb_wrapper\"><div class=\"vc_separator wpb_content_element vc_separator_align_center vc_sep_width_100 vc_sep_pos_align_center vc_separator_no_text vc_custom_1698669371537  vc_custom_1698669371537 vc_separator vc_text_separator\" ><span class=\"vc_sep_holder vc_sep_holder_l\"><span style=\"border-color:rgb(75,77,101);border-color:rgba(75,77,101,0.1);\" class=\"vc_sep_line\"><\/span><\/span><span class=\"vc_sep_holder vc_sep_holder_r\"><span style=\"border-color:rgb(75,77,101);border-color:rgba(75,77,101,0.1);\" class=\"vc_sep_line\"><\/span><\/span>\n<\/div><\/div><\/div><\/div><\/div><div class=\"vc_row wpb_row vc_row-fluid vc_row\"><div class=\"wpb_column vc_column_container vc_col-sm-12 vc_column\"><div class=\"vc_column-inner\"><div class=\"wpb_wrapper\"><div class=\"templatera_shortcode\"><div id=\"form-konsult\" class=\"vc_row wpb_row vc_row-fluid vc_custom_1698509413444 vc_row\"><div class=\"wpb_column vc_column_container vc_col-sm-12 vc_column\"><div class=\"vc_column-inner\"><div class=\"wpb_wrapper\">\n\t<div class=\"wpb_raw_code wpb_content_element wpb_raw_html h2-box h2-bf text-center vc_raw_html\" >\n\t\t<div class=\"wpb_wrapper\">\n\t\t\t<h2>Ottieni una consulenza<\/h2>\n<div class=\"h2-sub\">Compila il modulo di contatto e il nostro esperto ti contatter\u00e0 per una consulenza gratuita<\/div>\n\t\t<\/div>\n\t<\/div>\n<div class=\"vc_row wpb_row vc_inner vc_row-fluid vc_row_inner\"><div class=\"wpb_column vc_column_container vc_col-sm-12 vc_column_inner\"><div class=\"vc_column-inner\"><div class=\"wpb_wrapper\">\n<div class=\"wpcf7 no-js\" id=\"wpcf7-f94-o1\" lang=\"ru-RU\" dir=\"ltr\" data-wpcf7-id=\"94\">\n<div class=\"screen-reader-response\"><p role=\"status\" aria-live=\"polite\" aria-atomic=\"true\"><\/p> <ul><\/ul><\/div>\n<form action=\"\/it\/wp-json\/wp\/v2\/pages\/482#wpcf7-f94-o1\" method=\"post\" class=\"wpcf7-form init\" aria-label=\"Modulo di contatto\" novalidate=\"novalidate\" data-status=\"init\" data-trp-original-action=\"\/it\/wp-json\/wp\/v2\/pages\/482#wpcf7-f94-o1\">\n<div style=\"display: none;\">\n<input type=\"hidden\" name=\"_wpcf7\" value=\"94\" \/>\n<input type=\"hidden\" name=\"_wpcf7_version\" value=\"6.0.6\" \/>\n<input type=\"hidden\" name=\"_wpcf7_locale\" value=\"ru_RU\" \/>\n<input type=\"hidden\" name=\"_wpcf7_unit_tag\" value=\"wpcf7-f94-o1\" \/>\n<input type=\"hidden\" name=\"_wpcf7_container_post\" value=\"0\" \/>\n<input type=\"hidden\" name=\"_wpcf7_posted_data_hash\" value=\"\" \/>\n<\/div>\n<div class=\"form1\">\n<div class=\"form-col fc0\">\n<img decoding=\"async\" src=\"\/wp-content\/uploads\/2023\/10\/foto-lilija.jpg\" width=\"220\" height=\"220\" class=\"form-img\">\n<div class=\"ex-fi\">Lilia Ibragimova<\/div>\n<div class=\"ex-inf\">Esperto immobiliare<\/div>\n<\/div>\n<div class=\"form-col fc1\">\n<div class=\"box-name\"><div class=\"form-label\">Il tuo nome<\/div>\n<span class=\"wpcf7-form-control-wrap\" data-name=\"your-name\"><input size=\"40\" maxlength=\"400\" class=\"wpcf7-form-control wpcf7-text wpcf7-validates-as-required\" aria-required=\"true\" aria-invalid=\"false\" value=\"\" type=\"text\" name=\"your-name\" \/><\/span><\/div>\n<div class=\"box-tel\"><div class=\"form-label\">Numero di telefono (includere il prefisso internazionale)<\/div>\n<span class=\"wpcf7-form-control-wrap\" data-name=\"your-tel\"><input size=\"40\" maxlength=\"400\" class=\"wpcf7-form-control wpcf7-text wpcf7-validates-as-required\" aria-required=\"true\" aria-invalid=\"false\" value=\"\" type=\"text\" name=\"your-tel\" \/><\/span><\/div>\n<div class=\"box-date\"><div class=\"form-label\">Data conveniente<\/div>\n<span class=\"wpcf7-form-control-wrap\" data-name=\"your-date\"><input class=\"wpcf7-form-control wpcf7-date wpcf7-validates-as-required wpcf7-validates-as-date\" min=\"2026-04-16\" aria-required=\"true\" aria-invalid=\"false\" value=\"2026-04-16\" type=\"date\" name=\"your-date\" \/><\/span><\/div>\n<div class=\"box-time\"><div class=\"form-label\">Orario di chiamata preferito (ora degli Emirati Arabi Uniti)<\/div>\n<span class=\"wpcf7-form-control-wrap\" data-name=\"your-time\"><select class=\"wpcf7-form-control wpcf7-select wpcf7-validates-as-required\" aria-required=\"true\" aria-invalid=\"false\" name=\"your-time\"><option value=\"\">Seleziona l&#039;ora<\/option><option value=\"09:00\">09:00<\/option><option value=\"10:00\">10:00<\/option><option value=\"11:00\">11:00<\/option><option value=\"12:00\">12:00<\/option><option value=\"13:00\">13:00<\/option><option value=\"14:00\">14:00<\/option><option value=\"15:00\">15:00<\/option><option value=\"16:00\">16:00<\/option><option value=\"17:00\">17:00<\/option><option value=\"18:00\">18:00<\/option><\/select><\/span><\/div>\n<div class=\"box-comment\"><div class=\"form-label\">Commenta la domanda<\/div>\n<span class=\"wpcf7-form-control-wrap\" data-name=\"textarea-278\"><textarea cols=\"40\" rows=\"5\" maxlength=\"2000\" class=\"wpcf7-form-control wpcf7-textarea\" aria-invalid=\"false\" name=\"textarea-278\"><\/textarea><\/span><\/div>\n<input class=\"wpcf7-form-control wpcf7-submit has-spinner\" type=\"submit\" value=\"Invia richiesta\" \/>\n<\/div>\n<\/div><input type='hidden' class='wpcf7-pum' value='{\"closepopup\":false,\"closedelay\":0,\"openpopup\":false,\"openpopup_id\":0}' \/><div class=\"wpcf7-response-output\" aria-hidden=\"true\"><\/div>\n<input type=\"hidden\" name=\"trp-form-language\" value=\"it\"\/><\/form>\n<\/div>\n<\/div><\/div><\/div><\/div><\/div><\/div><\/div><\/div><\/div><\/div><\/div><\/div><\/div>\n<\/section>","protected":false},"excerpt":{"rendered":"Negli Emirati Arabi Uniti, i servizi di affitto di immobili a breve termine stanno diventando sempre pi\u00f9 popolari tra i turisti e i viaggiatori d&#039;affari. Tali servizi offrono l&#039;opportunit\u00e0 di affittare un alloggio per un breve periodo di tempo, il che pu\u00f2 essere un&#039;opzione pi\u00f9 comoda ed economica rispetto all&#039;affitto a lungo termine. Le aziende che forniscono servizi di affitto a breve termine offrono un&#039;ampia selezione di immobili, dagli appartamenti alle ville, dagli hotel ...","protected":false},"author":1,"featured_media":0,"parent":466,"menu_order":0,"comment_status":"closed","ping_status":"closed","template":"","meta":{"inline_featured_image":false,"_glsr_average":0,"_glsr_ranking":0,"_glsr_reviews":0,"footnotes":""},"class_list":["post-482","page","type-page","status-publish","hentry"],"yoast_head":"<!-- This site is optimized with the Yoast SEO Premium plugin v25.1 (Yoast SEO v25.6) - https:\/\/yoast.com\/wordpress\/plugins\/seo\/ -->\n<title>Consulting Services for Short-Term Property Rental in the UAE - Alira<\/title>\n<meta name=\"description\" content=\"Alira Real Estate Agency will assist you with questions related to short-term short-term property rental in the UAE. \u27a4 Details on the website\" \/>\n<meta name=\"robots\" content=\"index, follow, max-snippet:-1, max-image-preview:large, max-video-preview:-1\" \/>\n<link rel=\"canonical\" href=\"https:\/\/alirarealestate.com\/it\/services\/short-term-rentals\/\" \/>\n<meta property=\"og:locale\" content=\"it_IT\" \/>\n<meta property=\"og:type\" content=\"article\" \/>\n<meta property=\"og:title\" content=\"Consulting Services for Short-Term Property Rental\" \/>\n<meta property=\"og:description\" content=\"Alira Real Estate Agency will assist you with questions related to short-term short-term property rental in the UAE. \u27a4 Details on the website\" \/>\n<meta property=\"og:url\" content=\"https:\/\/alirarealestate.com\/it\/services\/short-term-rentals\/\" \/>\n<meta property=\"og:site_name\" content=\"Alira Real Estate - Real estate in the UAE\" \/>\n<meta property=\"article:modified_time\" content=\"2026-03-27T21:53:45+00:00\" \/>\n<meta name=\"twitter:card\" content=\"summary_large_image\" \/>\n<meta name=\"twitter:label1\" content=\"Tempo di lettura stimato\" \/>\n\t<meta name=\"twitter:data1\" content=\"2 minuti\" \/>\n<script type=\"application\/ld+json\" class=\"yoast-schema-graph\">{\"@context\":\"https:\/\/schema.org\",\"@graph\":[{\"@type\":\"WebPage\",\"@id\":\"https:\/\/alirarealestate.com\/it\/services\/short-term-rentals\/\",\"url\":\"https:\/\/alirarealestate.com\/it\/services\/short-term-rentals\/\",\"name\":\"Consulting Services for Short-Term Property Rental in the UAE - Alira\",\"isPartOf\":{\"@id\":\"https:\/\/alirarealestate.com\/it\/#website\"},\"datePublished\":\"2023-10-24T17:09:12+00:00\",\"dateModified\":\"2026-03-27T21:53:45+00:00\",\"description\":\"Alira Real Estate Agency will assist you with questions related to short-term short-term property rental in the UAE. \u27a4 Details on the website\",\"breadcrumb\":{\"@id\":\"https:\/\/alirarealestate.com\/it\/services\/short-term-rentals\/#breadcrumb\"},\"inLanguage\":\"it-IT\",\"potentialAction\":[{\"@type\":\"ReadAction\",\"target\":[\"https:\/\/alirarealestate.com\/it\/services\/short-term-rentals\/\"]}]},{\"@type\":\"BreadcrumbList\",\"@id\":\"https:\/\/alirarealestate.com\/it\/services\/short-term-rentals\/#breadcrumb\",\"itemListElement\":[{\"@type\":\"ListItem\",\"position\":1,\"name\":\"Home\",\"item\":\"https:\/\/alirarealestate.com\/\"},{\"@type\":\"ListItem\",\"position\":2,\"name\":\"Services\",\"item\":\"https:\/\/alirarealestate.com\/services\/\"},{\"@type\":\"ListItem\",\"position\":3,\"name\":\"Consulting Services for Short-Term Property Rental\"}]},{\"@type\":\"WebSite\",\"@id\":\"https:\/\/alirarealestate.com\/it\/#website\",\"url\":\"https:\/\/alirarealestate.com\/it\/\",\"name\":\"Alira Real Estate - Real estate in the UAE\",\"description\":\"\",\"potentialAction\":[{\"@type\":\"SearchAction\",\"target\":{\"@type\":\"EntryPoint\",\"urlTemplate\":\"https:\/\/alirarealestate.com\/it\/?s={search_term_string}\"},\"query-input\":{\"@type\":\"PropertyValueSpecification\",\"valueRequired\":true,\"valueName\":\"search_term_string\"}}],\"inLanguage\":\"it-IT\"}]}<\/script>\n<!-- \/ Yoast SEO Premium plugin. -->","yoast_head_json":{"title":"Consulting Services for Short-Term Property Rental in the UAE - Alira","description":"Alira Real Estate Agency will assist you with questions related to short-term short-term property rental in the UAE. \u27a4 Details on the website","robots":{"index":"index","follow":"follow","max-snippet":"max-snippet:-1","max-image-preview":"max-image-preview:large","max-video-preview":"max-video-preview:-1"},"canonical":"https:\/\/alirarealestate.com\/it\/services\/short-term-rentals\/","og_locale":"it_IT","og_type":"article","og_title":"Consulting Services for Short-Term Property Rental","og_description":"Alira Real Estate Agency will assist you with questions related to short-term short-term property rental in the UAE. \u27a4 Details on the website","og_url":"https:\/\/alirarealestate.com\/it\/services\/short-term-rentals\/","og_site_name":"Alira Real Estate - Real estate in the UAE","article_modified_time":"2026-03-27T21:53:45+00:00","twitter_card":"summary_large_image","twitter_misc":{"Tempo di lettura stimato":"2 minuti"},"schema":{"@context":"https:\/\/schema.org","@graph":[{"@type":"WebPage","@id":"https:\/\/alirarealestate.com\/it\/services\/short-term-rentals\/","url":"https:\/\/alirarealestate.com\/it\/services\/short-term-rentals\/","name":"Consulting Services for Short-Term Property Rental in the UAE - Alira","isPartOf":{"@id":"https:\/\/alirarealestate.com\/it\/#website"},"datePublished":"2023-10-24T17:09:12+00:00","dateModified":"2026-03-27T21:53:45+00:00","description":"Alira Real Estate Agency will assist you with questions related to short-term short-term property rental in the UAE. \u27a4 Details on the website","breadcrumb":{"@id":"https:\/\/alirarealestate.com\/it\/services\/short-term-rentals\/#breadcrumb"},"inLanguage":"it-IT","potentialAction":[{"@type":"ReadAction","target":["https:\/\/alirarealestate.com\/it\/services\/short-term-rentals\/"]}]},{"@type":"BreadcrumbList","@id":"https:\/\/alirarealestate.com\/it\/services\/short-term-rentals\/#breadcrumb","itemListElement":[{"@type":"ListItem","position":1,"name":"Home","item":"https:\/\/alirarealestate.com\/"},{"@type":"ListItem","position":2,"name":"Services","item":"https:\/\/alirarealestate.com\/services\/"},{"@type":"ListItem","position":3,"name":"Consulting Services for Short-Term Property Rental"}]},{"@type":"WebSite","@id":"https:\/\/alirarealestate.com\/it\/#website","url":"https:\/\/alirarealestate.com\/it\/","name":"Alira Real Estate - Real estate in the UAE","description":"","potentialAction":[{"@type":"SearchAction","target":{"@type":"EntryPoint","urlTemplate":"https:\/\/alirarealestate.com\/it\/?s={search_term_string}"},"query-input":{"@type":"PropertyValueSpecification","valueRequired":true,"valueName":"search_term_string"}}],"inLanguage":"it-IT"}]}},"_links":{"self":[{"href":"https:\/\/alirarealestate.com\/it\/wp-json\/wp\/v2\/pages\/482"}],"collection":[{"href":"https:\/\/alirarealestate.com\/it\/wp-json\/wp\/v2\/pages"}],"about":[{"href":"https:\/\/alirarealestate.com\/it\/wp-json\/wp\/v2\/types\/page"}],"author":[{"embeddable":true,"href":"https:\/\/alirarealestate.com\/it\/wp-json\/wp\/v2\/users\/1"}],"replies":[{"embeddable":true,"href":"https:\/\/alirarealestate.com\/it\/wp-json\/wp\/v2\/comments?post=482"}],"version-history":[{"count":2,"href":"https:\/\/alirarealestate.com\/it\/wp-json\/wp\/v2\/pages\/482\/revisions"}],"predecessor-version":[{"id":8865,"href":"https:\/\/alirarealestate.com\/it\/wp-json\/wp\/v2\/pages\/482\/revisions\/8865"}],"up":[{"embeddable":true,"href":"https:\/\/alirarealestate.com\/it\/wp-json\/wp\/v2\/pages\/466"}],"wp:attachment":[{"href":"https:\/\/alirarealestate.com\/it\/wp-json\/wp\/v2\/media?parent=482"}],"curies":[{"name":"wp","href":"https:\/\/api.w.org\/{rel}","templated":true}]}}