{"id":4384,"date":"2024-04-18T10:17:40","date_gmt":"2024-04-18T07:17:40","guid":{"rendered":"https:\/\/alirarealestate.com\/developers\/damac\/"},"modified":"2024-10-27T19:13:39","modified_gmt":"2024-10-27T16:13:39","slug":"damac","status":"publish","type":"page","link":"https:\/\/alirarealestate.com\/it\/developers\/damac\/","title":{"rendered":"Gruppo Damac"},"content":{"rendered":"<section class=\"wpb-content-wrapper\"><div class=\"vc_row wpb_row vc_row-fluid vc_row\"><div class=\"wpb_column vc_column_container vc_col-sm-12 vc_column\"><div class=\"vc_column-inner\"><div class=\"wpb_wrapper\">\n\t<div  class=\"wpb_single_image wpb_content_element vc_align_center  vc_single_image\">\n\t\t\n\t\t<figure class=\"wpb_wrapper vc_figure\">\n\t\t\t<div class=\"vc_single_image-wrapper   vc_box_border_grey\"><img fetchpriority=\"high\" decoding=\"async\" width=\"1000\" height=\"255\" src=\"https:\/\/alirarealestate.com\/wp-content\/uploads\/2024\/05\/damac_logo.png\" class=\"vc_single_image-img attachment-full\" alt=\"\" title=\"Logo_DAMAC\" srcset=\"https:\/\/alirarealestate.com\/wp-content\/uploads\/2024\/05\/damac_logo.png 1000w, https:\/\/alirarealestate.com\/wp-content\/uploads\/2024\/05\/damac_logo-300x77.png 300w, https:\/\/alirarealestate.com\/wp-content\/uploads\/2024\/05\/damac_logo-768x196.png 768w, https:\/\/alirarealestate.com\/wp-content\/uploads\/2024\/05\/damac_logo-18x5.png 18w\" sizes=\"(max-width: 1000px) 100vw, 1000px\" \/><\/div>\n\t\t<\/figure>\n\t<\/div>\n<\/div><\/div><\/div><\/div><div class=\"vc_row wpb_row vc_row-fluid vc_row\"><div class=\"wpb_column vc_column_container vc_col-sm-12 vc_column\"><div class=\"vc_column-inner\"><div class=\"wpb_wrapper\">\n\t<div class=\"wpb_text_column wpb_content_element  vc_column_text\" >\n\t\t<div class=\"wpb_wrapper\">\n\t\t\t<p><span style=\"font-weight: 400;\">Dal 1982, DAMAC \u00e8 cresciuta esponenzialmente e ora vanta un portafoglio impressionante che include progetti immobiliari d&#039;\u00e9lite, un&#039;attivit\u00e0 alberghiera, centri di elaborazione dati, vendita al dettaglio, moda e mercati dei capitali. La societ\u00e0 ha svolto un ruolo significativo nella trasformazione delle citt\u00e0 in Medio Oriente, in particolare a Dubai, dove \u00e8 diventata un importante sviluppatore. Il portafoglio include pi\u00f9 di 75 torri, circa 20 delle quali sono in varie fasi di pianificazione e sviluppo. DAMAC promuove attivamente la crescita degli investimenti e uno stile di vita lussuoso negli Emirati Arabi Uniti.<\/span><\/p>\n<p>&nbsp;<\/p>\n<h2><b>Vantaggi aziendali<\/b><\/h2>\n<p><span style=\"font-weight: 400;\">DAMAC attrae investitori con il suo impegno per la qualit\u00e0 e l&#039;innovazione. Le caratteristiche degne di nota dell&#039;azienda includono:<\/span><\/p>\n<p>&nbsp;<\/p>\n<ul>\n<li style=\"font-weight: 400;\" aria-level=\"1\"><span style=\"font-weight: 400;\">Capacit\u00e0 di creare punti di riferimento immobiliari iconici;<\/span><\/li>\n<li style=\"font-weight: 400;\" aria-level=\"1\"><span style=\"font-weight: 400;\">Progetti che si distinguono per il design e la grandiosit\u00e0 architettonica;<\/span><\/li>\n<li style=\"font-weight: 400;\" aria-level=\"1\"><span style=\"font-weight: 400;\">Un&#039;ampia gamma di propriet\u00e0 immobiliari (ville, appartamenti, attici, moderni edifici commerciali);<\/span><\/li>\n<li style=\"font-weight: 400;\" aria-level=\"1\"><span style=\"font-weight: 400;\">Collaborazione con rinomati marchi della moda;<\/span><\/li>\n<li style=\"font-weight: 400;\" aria-level=\"1\"><span style=\"font-weight: 400;\">Approccio elegante alla creazione di residenze esclusive;<\/span><\/li>\n<li style=\"font-weight: 400;\" aria-level=\"1\"><span style=\"font-weight: 400;\">Elementi di design che sottolineano l&#039;esclusivit\u00e0 e il prestigio.<\/span><\/li>\n<\/ul>\n<p><span style=\"font-weight: 400;\">Damac utilizza i migliori materiali, assume artigiani qualificati e implementa tecnologie all&#039;avanguardia per garantire standard elevati. L&#039;attenzione ai dettagli e la pianificazione meticolosa sono i principi chiave dello sviluppatore, che danno vita a spazi residenziali eccezionali.<\/span><\/p>\n\n\t\t<\/div>\n\t<\/div>\n<\/div><\/div><\/div><\/div><div class=\"vc_row wpb_row vc_row-fluid vc_row\"><div class=\"wpb_column vc_column_container vc_col-sm-12 vc_column\"><div class=\"vc_column-inner\"><div class=\"wpb_wrapper\">\n\t<div class=\"wpb_text_column wpb_content_element  vc_column_text\" >\n\t\t<div class=\"wpb_wrapper\">\n\t\t\t<h2><b>Principali complessi DAMAC negli Emirati Arabi Uniti<\/b><\/h2>\n<p><span style=\"font-weight: 400;\">La natura in continua evoluzione del mercato immobiliare di Dubai offre propriet\u00e0 popolari in vendita negli Emirati Arabi Uniti dal Gruppo DAMAC. Appartamenti e ville pronti per essere abitati ti consentono di godere di uno stile di vita lussuoso.<\/span><\/p>\n<p>&nbsp;<\/p>\n<ul>\n<li><strong>Lagune DAMAC<\/strong><\/li>\n<\/ul>\n<p><span style=\"font-weight: 400;\"><a href=\"https:\/\/alirarealestate.com\/it\/catalog\/buy\/dubai\/damac-lagoons\/\">LAGUNE DI DAMAC<\/a> \u00e8 costituito esclusivamente da ville e case, ciascuna con il proprio giardino. Il clou sono le grandi lagune artificiali con acqua cristallina. Damac Lagoons \u00e8 costituito da 8 diversi cluster: Venezia, Marocco, Portofino, Costa Brava, Nizza, Malta, Santorini e Andalusia.<\/span><\/p>\n<p>Ogni cluster si concentra su varie attivit\u00e0 di intrattenimento, dal tempo libero attivo al relax. L&#039;offerta \u00e8 completata da un grande centro commerciale con negozi, ristoranti e bar. Il costo delle ville a Damac Lagoons \u00e8 inferiore rispetto ad altri complessi in una posizione simile, il che significa un eccellente rapporto qualit\u00e0-prezzo.<\/p>\n<p>&nbsp;<\/p>\n<ul>\n<li><strong>Colline DAMAC<\/strong><\/li>\n<\/ul>\n<p><span style=\"font-weight: 400;\">Lo sviluppatore DAMAC vanta un campo da golf di livello mondiale, un club con una piscina di lusso, un campo da tennis e una palestra. Il quartiere ha diversi ristoranti e bar che offrono una variet\u00e0 di opzioni per la ristorazione. Per le famiglie con bambini, ci sono diverse scuole e asili. Hai a tua disposizione <a href=\"https:\/\/alirarealestate.com\/it\/catalog\/buy\/dubai\/damac-hills\/\">ville, case a schiera, appartamenti in vendita<\/a>, centri di intrattenimento e commerciali e il Radisson Hotel.<\/span><\/p>\n<p>&nbsp;<\/p>\n<ul>\n<li><strong>Colline DAMAC 2<\/strong><\/li>\n<\/ul>\n<p><span style=\"font-weight: 400;\">Damac Hills 2, ispirato all&#039;acqua, allo sport e all&#039;intrattenimento, offre lo spazio abitativo perfetto per tutte le et\u00e0 a un prezzo accessibile. Appartamenti, case a schiera e ville progettati con cura sono circondati da attrazioni e servizi.<\/span><\/p>\n<p><span style=\"font-weight: 400;\">Oltre alle nuove caratteristiche della zona, c&#039;\u00e8 un centro comunitario con un supermercato, food truck, ristoranti, una clinica, una stazione di polizia e centri governativi. I prezzi variano da 350.000 a 12 milioni di dirham.<\/span><\/p>\n<p>&nbsp;<\/p>\n<ul>\n<li><strong>Torre Cavalli<\/strong><\/li>\n<\/ul>\n<p><span style=\"font-weight: 400;\">DAMAC Properties ha progettato la prima torre residenziale sotto la <a href=\"https:\/\/alirarealestate.com\/ru\/projects\/damac-bay-by-cavalli\/\">Cavalli<\/a> marchio di moda. Situato nella famosa zona di Al Sufouh a Jumeirah. Questo capolavoro di 70 piani \u00e8 stato progettato da un rinomato studio di architettura ed \u00e8 disponibile solo per pochi individui esigenti.<\/span><\/p>\n<p><span style=\"font-weight: 400;\">Vista 24 ore su 24 su Palm, Burj Al Arab e sullo skyline di Dubai. Caratteristiche dell&#039;acqua senza pari, tra cui una spiaggia e piscine private. Appartamenti con 1, 2 e 3 camere da letto, cos\u00ec come appartamenti, sono completati da servizi di prima classe. Questo complesso di lusso offre una cucina al 58\u00b0 piano servita da chef d&#039;autore.<\/span><\/p>\n<p>&nbsp;<\/p>\n<h2><b>Premi DAMAC<\/b><\/h2>\n<p><span style=\"font-weight: 400;\">Gli immobili a Dubai di DAMAC sono supportati da oltre 100 premi globali e partnership con marchi come Versace e Roberto Cavalli. L&#039;influenza globale dell&#039;azienda si estende dal Medio Oriente all&#039;Europa, all&#039;Asia e al Nord America.<\/span><\/p>\n<p><span style=\"font-weight: 400;\">Risultati speciali:<\/span><\/p>\n<p>&nbsp;<\/p>\n<ul>\n<li style=\"font-weight: 400;\" aria-level=\"1\"><span style=\"font-weight: 400;\">5 premi in varie categorie agli Arabian Property Awards 2017;<\/span><\/li>\n<li style=\"font-weight: 400;\" aria-level=\"1\"><span style=\"font-weight: 400;\">1\u00b0 posto nella lista Forbes Global 2000 growth leaders;<\/span><\/li>\n<li style=\"font-weight: 400;\" aria-level=\"1\"><span style=\"font-weight: 400;\">Gestione eccezionale di numerose propriet\u00e0 immobiliari, riconosciuta dal Dubai Land Department (DLD);<\/span><\/li>\n<li style=\"font-weight: 400;\" aria-level=\"1\"><span style=\"font-weight: 400;\">\u201cProgetto residenziale dell&#039;anno\u201d ai CW Awards 2018;<\/span><\/li>\n<li style=\"font-weight: 400;\" aria-level=\"1\"><span style=\"font-weight: 400;\">&quot;Azienda socialmente pi\u00f9 responsabile nel settore immobiliare degli Emirati Arabi Uniti&quot;, 2020.<\/span><\/li>\n<\/ul>\n<p><span style=\"font-weight: 400;\">DAMAC, in qualit\u00e0 di sviluppatore a Dubai, opera a livello internazionale, offrendo immobili residenziali e commerciali. Se stai pianificando di investire in immobili moderni negli Emirati Arabi Uniti, questa azienda \u00e8 un segno di alta qualit\u00e0. Hai bisogno di consulenza e assistenza per trovare una propriet\u00e0? Chiamaci al <a href=\"tel: 971588337903\">+971 (588) 337 903<\/a> E <a href=\"tel: 79869277377\">+7 (986) 927-73-77.<\/a> o inviaci un&#039;e-mail a <a class=\"mail\" href=\"mailto:info@alirarealestate.com\">info@alirarealestate.com<\/a>.<\/span><\/p>\n\n\t\t<\/div>\n\t<\/div>\n<\/div><\/div><\/div><\/div>\n<\/section>","protected":false},"excerpt":{"rendered":"Dal 1982, DAMAC \u00e8 cresciuta esponenzialmente e ora vanta un portafoglio impressionante che include progetti immobiliari d&#039;\u00e9lite, un&#039;attivit\u00e0 alberghiera, centri di elaborazione dati, vendita al dettaglio, moda e mercati dei capitali. La societ\u00e0 ha svolto un ruolo significativo nella trasformazione delle citt\u00e0 in Medio Oriente, in particolare a Dubai, dove \u00e8 diventata un importante sviluppatore. Il portafoglio include pi\u00f9 di 75 torri, circa 20 delle quali sono ...","protected":false},"author":1,"featured_media":0,"parent":4382,"menu_order":0,"comment_status":"closed","ping_status":"closed","template":"advanced_search_results.php","meta":{"inline_featured_image":false,"_glsr_average":0,"_glsr_ranking":0,"_glsr_reviews":0,"footnotes":""},"class_list":["post-4384","page","type-page","status-publish","hentry"],"yoast_head":"<!-- This site is optimized with the Yoast SEO Premium plugin v25.1 (Yoast SEO v25.6) - https:\/\/yoast.com\/wordpress\/plugins\/seo\/ -->\n<title>Damac Group, Developer in Dubai, UAE - Alira<\/title>\n<meta name=\"description\" content=\"Damac properties - Leading real estate developer in Dubai. All about the company and its projects. \u2b50 Prices, descriptions, photos. \u27a4 Read more on the site\" \/>\n<meta name=\"robots\" content=\"index, follow, max-snippet:-1, max-image-preview:large, max-video-preview:-1\" \/>\n<link rel=\"canonical\" href=\"https:\/\/alirarealestate.com\/it\/developers\/damac\/\" \/>\n<meta property=\"og:locale\" content=\"it_IT\" \/>\n<meta property=\"og:type\" content=\"article\" \/>\n<meta property=\"og:title\" content=\"Damac Group\" \/>\n<meta property=\"og:description\" content=\"Damac properties - Leading real estate developer in Dubai. All about the company and its projects. \u2b50 Prices, descriptions, photos. \u27a4 Read more on the site\" \/>\n<meta property=\"og:url\" content=\"https:\/\/alirarealestate.com\/it\/developers\/damac\/\" \/>\n<meta property=\"og:site_name\" content=\"Alira Real Estate - Real estate in the UAE\" \/>\n<meta property=\"article:modified_time\" content=\"2024-10-27T16:13:39+00:00\" \/>\n<meta name=\"twitter:card\" content=\"summary_large_image\" \/>\n<meta name=\"twitter:label1\" content=\"Tempo di lettura stimato\" \/>\n\t<meta name=\"twitter:data1\" content=\"4 minuti\" \/>\n<script type=\"application\/ld+json\" class=\"yoast-schema-graph\">{\"@context\":\"https:\/\/schema.org\",\"@graph\":[{\"@type\":\"WebPage\",\"@id\":\"https:\/\/alirarealestate.com\/it\/developers\/damac\/\",\"url\":\"https:\/\/alirarealestate.com\/it\/developers\/damac\/\",\"name\":\"Damac Group, Developer in Dubai, UAE - Alira\",\"isPartOf\":{\"@id\":\"https:\/\/alirarealestate.com\/it\/#website\"},\"datePublished\":\"2024-04-18T07:17:40+00:00\",\"dateModified\":\"2024-10-27T16:13:39+00:00\",\"description\":\"Damac properties - Leading real estate developer in Dubai. All about the company and its projects. \u2b50 Prices, descriptions, photos. \u27a4 Read more on the site\",\"breadcrumb\":{\"@id\":\"https:\/\/alirarealestate.com\/it\/developers\/damac\/#breadcrumb\"},\"inLanguage\":\"it-IT\",\"potentialAction\":[{\"@type\":\"ReadAction\",\"target\":[\"https:\/\/alirarealestate.com\/it\/developers\/damac\/\"]}]},{\"@type\":\"BreadcrumbList\",\"@id\":\"https:\/\/alirarealestate.com\/it\/developers\/damac\/#breadcrumb\",\"itemListElement\":[{\"@type\":\"ListItem\",\"position\":1,\"name\":\"Home\",\"item\":\"https:\/\/alirarealestate.com\/\"},{\"@type\":\"ListItem\",\"position\":2,\"name\":\"Developers\",\"item\":\"https:\/\/alirarealestate.com\/developers\/\"},{\"@type\":\"ListItem\",\"position\":3,\"name\":\"Damac Group\"}]},{\"@type\":\"WebSite\",\"@id\":\"https:\/\/alirarealestate.com\/it\/#website\",\"url\":\"https:\/\/alirarealestate.com\/it\/\",\"name\":\"Alira Real Estate - Real estate in the UAE\",\"description\":\"\",\"potentialAction\":[{\"@type\":\"SearchAction\",\"target\":{\"@type\":\"EntryPoint\",\"urlTemplate\":\"https:\/\/alirarealestate.com\/it\/?s={search_term_string}\"},\"query-input\":{\"@type\":\"PropertyValueSpecification\",\"valueRequired\":true,\"valueName\":\"search_term_string\"}}],\"inLanguage\":\"it-IT\"}]}<\/script>\n<!-- \/ Yoast SEO Premium plugin. -->","yoast_head_json":{"title":"Damac Group, Developer in Dubai, UAE - Alira","description":"Damac properties - Leading real estate developer in Dubai. All about the company and its projects. \u2b50 Prices, descriptions, photos. \u27a4 Read more on the site","robots":{"index":"index","follow":"follow","max-snippet":"max-snippet:-1","max-image-preview":"max-image-preview:large","max-video-preview":"max-video-preview:-1"},"canonical":"https:\/\/alirarealestate.com\/it\/developers\/damac\/","og_locale":"it_IT","og_type":"article","og_title":"Damac Group","og_description":"Damac properties - Leading real estate developer in Dubai. All about the company and its projects. \u2b50 Prices, descriptions, photos. \u27a4 Read more on the site","og_url":"https:\/\/alirarealestate.com\/it\/developers\/damac\/","og_site_name":"Alira Real Estate - Real estate in the UAE","article_modified_time":"2024-10-27T16:13:39+00:00","twitter_card":"summary_large_image","twitter_misc":{"Tempo di lettura stimato":"4 minuti"},"schema":{"@context":"https:\/\/schema.org","@graph":[{"@type":"WebPage","@id":"https:\/\/alirarealestate.com\/it\/developers\/damac\/","url":"https:\/\/alirarealestate.com\/it\/developers\/damac\/","name":"Damac Group, Developer in Dubai, UAE - Alira","isPartOf":{"@id":"https:\/\/alirarealestate.com\/it\/#website"},"datePublished":"2024-04-18T07:17:40+00:00","dateModified":"2024-10-27T16:13:39+00:00","description":"Damac properties - Leading real estate developer in Dubai. All about the company and its projects. \u2b50 Prices, descriptions, photos. \u27a4 Read more on the site","breadcrumb":{"@id":"https:\/\/alirarealestate.com\/it\/developers\/damac\/#breadcrumb"},"inLanguage":"it-IT","potentialAction":[{"@type":"ReadAction","target":["https:\/\/alirarealestate.com\/it\/developers\/damac\/"]}]},{"@type":"BreadcrumbList","@id":"https:\/\/alirarealestate.com\/it\/developers\/damac\/#breadcrumb","itemListElement":[{"@type":"ListItem","position":1,"name":"Home","item":"https:\/\/alirarealestate.com\/"},{"@type":"ListItem","position":2,"name":"Developers","item":"https:\/\/alirarealestate.com\/developers\/"},{"@type":"ListItem","position":3,"name":"Damac Group"}]},{"@type":"WebSite","@id":"https:\/\/alirarealestate.com\/it\/#website","url":"https:\/\/alirarealestate.com\/it\/","name":"Alira Real Estate - Real estate in the UAE","description":"","potentialAction":[{"@type":"SearchAction","target":{"@type":"EntryPoint","urlTemplate":"https:\/\/alirarealestate.com\/it\/?s={search_term_string}"},"query-input":{"@type":"PropertyValueSpecification","valueRequired":true,"valueName":"search_term_string"}}],"inLanguage":"it-IT"}]}},"_links":{"self":[{"href":"https:\/\/alirarealestate.com\/it\/wp-json\/wp\/v2\/pages\/4384"}],"collection":[{"href":"https:\/\/alirarealestate.com\/it\/wp-json\/wp\/v2\/pages"}],"about":[{"href":"https:\/\/alirarealestate.com\/it\/wp-json\/wp\/v2\/types\/page"}],"author":[{"embeddable":true,"href":"https:\/\/alirarealestate.com\/it\/wp-json\/wp\/v2\/users\/1"}],"replies":[{"embeddable":true,"href":"https:\/\/alirarealestate.com\/it\/wp-json\/wp\/v2\/comments?post=4384"}],"version-history":[{"count":3,"href":"https:\/\/alirarealestate.com\/it\/wp-json\/wp\/v2\/pages\/4384\/revisions"}],"predecessor-version":[{"id":5988,"href":"https:\/\/alirarealestate.com\/it\/wp-json\/wp\/v2\/pages\/4384\/revisions\/5988"}],"up":[{"embeddable":true,"href":"https:\/\/alirarealestate.com\/it\/wp-json\/wp\/v2\/pages\/4382"}],"wp:attachment":[{"href":"https:\/\/alirarealestate.com\/it\/wp-json\/wp\/v2\/media?parent=4384"}],"curies":[{"name":"wp","href":"https:\/\/api.w.org\/{rel}","templated":true}]}}