{"id":4383,"date":"2024-04-18T10:17:40","date_gmt":"2024-04-18T07:17:40","guid":{"rendered":"https:\/\/alirarealestate.com\/developers\/emaar-properties\/"},"modified":"2024-10-27T19:14:57","modified_gmt":"2024-10-27T16:14:57","slug":"emaar-properties","status":"publish","type":"page","link":"https:\/\/alirarealestate.com\/it\/developers\/emaar-properties\/","title":{"rendered":"Sviluppatore EMAAR Properties"},"content":{"rendered":"<section class=\"wpb-content-wrapper\"><div class=\"vc_row wpb_row vc_row-fluid vc_row\"><div class=\"wpb_column vc_column_container vc_col-sm-12 vc_column\"><div class=\"vc_column-inner\"><div class=\"wpb_wrapper\">\n\t<div  class=\"wpb_single_image wpb_content_element vc_align_center  vc_single_image\">\n\t\t\n\t\t<figure class=\"wpb_wrapper vc_figure\">\n\t\t\t<div class=\"vc_single_image-wrapper   vc_box_border_grey\"><img fetchpriority=\"high\" decoding=\"async\" width=\"1027\" height=\"411\" src=\"https:\/\/alirarealestate.com\/wp-content\/uploads\/2024\/05\/emaar.png\" class=\"vc_single_image-img attachment-full\" alt=\"\" title=\"Emaar\" srcset=\"https:\/\/alirarealestate.com\/wp-content\/uploads\/2024\/05\/emaar.png 1027w, https:\/\/alirarealestate.com\/wp-content\/uploads\/2024\/05\/emaar-300x120.png 300w, https:\/\/alirarealestate.com\/wp-content\/uploads\/2024\/05\/emaar-1024x410.png 1024w, https:\/\/alirarealestate.com\/wp-content\/uploads\/2024\/05\/emaar-768x307.png 768w, https:\/\/alirarealestate.com\/wp-content\/uploads\/2024\/05\/emaar-18x7.png 18w\" sizes=\"(max-width: 1027px) 100vw, 1027px\" \/><\/div>\n\t\t<\/figure>\n\t<\/div>\n<\/div><\/div><\/div><\/div><div class=\"vc_row wpb_row vc_row-fluid vc_row\"><div class=\"wpb_column vc_column_container vc_col-sm-12 vc_column\"><div class=\"vc_column-inner\"><div class=\"wpb_wrapper\">\n\t<div class=\"wpb_text_column wpb_content_element  vc_column_text\" >\n\t\t<div class=\"wpb_wrapper\">\n\t\t\t<p><span style=\"font-weight: 400;\">Emaar \u00e8 uno sviluppatore con un nome e una reputazione impeccabile nel mercato immobiliare degli Emirati Arabi Uniti. La societ\u00e0 costruisce edifici residenziali, hotel, centri commerciali che combinano tecnologie moderne e un design unico e ponderato. Emaar Properties comprende 60 societ\u00e0 sussidiarie che possiedono progetti di costruzione in diversi paesi del mondo. Lo sviluppatore sta sviluppando attivamente le sue attivit\u00e0 in Nord America, Asia centrale, paesi africani e Medio Oriente. Implementando il concetto di impegno per l&#039;alta qualit\u00e0, la societ\u00e0 stabilisce nuovi standard di vita e presenta immobili di livello mondiale.<\/span><\/p>\n<p>&nbsp;<\/p>\n<h2><b>Attivit\u00e0 aziendali<\/b><\/h2>\n<p><span style=\"font-weight: 400;\">Emaar developer opera negli Emirati dal 1997. Pur mantenendo il suo core business nel settore immobiliare, diversifica i suoi asset finanziari ed entra in nuovi mercati. Oggi, le principali aree di attivit\u00e0 sono:<\/span><\/p>\n<p>&nbsp;<\/p>\n<ul>\n<li style=\"font-weight: 400;\" aria-level=\"1\"><span style=\"font-weight: 400;\">Sviluppo. La societ\u00e0 \u00e8 specializzata nell&#039;implementazione di progetti su larga scala negli Emirati Arabi Uniti e oltre gli Emirati. Il portafoglio include grattacieli, resort sulla spiaggia, grandi complessi residenziali con le loro infrastrutture e un settore dei servizi sviluppato.<\/span><\/li>\n<li style=\"font-weight: 400;\" aria-level=\"1\"><span style=\"font-weight: 400;\">Settore alberghiero e dell&#039;intrattenimento. La holding comprende l&#039;Emaar Hospitality Group, che possiede diversi marchi alberghieri. \u00c8 presente nei mercati alberghieri d&#039;\u00e9lite e di nicchia, offrendo ai clienti un&#039;ampia gamma di servizi e intrattenimento esclusivo.<\/span><\/li>\n<li style=\"font-weight: 400;\" aria-level=\"1\"><span style=\"font-weight: 400;\">Investimenti e affari. L&#039;attivit\u00e0 di investimento nella holding \u00e8 gestita dalla societ\u00e0 Emaar Industries &amp; Investments, che si occupa di investimenti di capitale redditizi in immobili, industria di trasformazione, edilizia e produzione di materiali da costruzione. Altre societ\u00e0 sussidiarie di Emaar Properties includono la societ\u00e0 per azioni EMRILL, Emaar India ed Emaar Turkey.<\/span><\/li>\n<li style=\"font-weight: 400;\" aria-level=\"1\"><span style=\"font-weight: 400;\">Assistenza sanitaria. La societ\u00e0 Emaar Healthcare opera in questa direzione, fornendo servizi di igiene occupazionale a supporto delle organizzazioni. Gli specialisti eseguono l&#039;audiometria, valutano l&#039;idoneit\u00e0 del personale al lavoro e monitorano la salute dei dipendenti nelle aziende.<\/span><\/li>\n<\/ul>\n\n\t\t<\/div>\n\t<\/div>\n<\/div><\/div><\/div><\/div><div class=\"vc_row wpb_row vc_row-fluid vc_row\"><div class=\"wpb_column vc_column_container vc_col-sm-12 vc_column\"><div class=\"vc_column-inner\"><div class=\"wpb_wrapper\">\n\t<div class=\"wpb_text_column wpb_content_element  vc_column_text\" >\n\t\t<div class=\"wpb_wrapper\">\n\t\t\t<h2><b>Oggetti immobiliari dello sviluppatore negli Emirati Arabi Uniti<\/b><\/h2>\n<p><span style=\"font-weight: 400;\">A Dubai, lo sviluppatore Emaar Properties possiede pi\u00f9 di 14.000 edifici in varie fasi di costruzione. I progetti pi\u00f9 famosi includono:<\/span><\/p>\n<p>&nbsp;<\/p>\n<ul>\n<li style=\"font-weight: 400;\" aria-level=\"1\"><span style=\"font-weight: 400;\"><a href=\"https:\/\/alirarealestate.com\/it\/catalog\/buy\/dubai\/burj-khalifa\/\">Il Burj Khalifa<\/a>. Il grattacielo pi\u00f9 alto del mondo, costruito nel 2010 a Dubai sullo Sheikh Mohammed bin Rashid Boulevard. L&#039;edificio di 828 metri ha una forma a stalagmite ed \u00e8 composto da 163 piani. Al suo interno si trovano appartamenti, uffici, ristoranti, centri commerciali e il lussuoso hotel Armani. Al 148\u00b0 piano, c&#039;\u00e8 una piattaforma di osservazione che consente di godere di viste panoramiche di Dubai da un&#039;altezza di 555 metri.<\/span><\/li>\n<li style=\"font-weight: 400;\" aria-level=\"1\"><span style=\"font-weight: 400;\">Dubai Creek Tower. Un edificio in costruzione che superer\u00e0 il Burj Khalifa in altezza di 100 metri. Il suo scopo principale sar\u00e0 quello di fungere da decorazione architettonica e visiva di Dubai. In termini di architettura, l&#039;edificio \u00e8 un&#039;elegante struttura aerodinamica composta da montanti in acciaio fissati a colonne in cemento armato. La torre \u00e8 progettata per avere appartamenti, negozi, ponti di osservazione e, sul territorio adiacente, una passeggiata, uno yacht club e pi\u00f9 di 20 hotel.<\/span><\/li>\n<li style=\"font-weight: 400;\" aria-level=\"1\"><span style=\"font-weight: 400;\">Dubai Mall. \u00c8 uno dei pi\u00f9 grandi complessi commerciali e di intrattenimento del mondo. Si trova nel centro di Dubai e copre un&#039;area totale di 1,2 milioni di metri quadrati. Durante la costruzione del centro commerciale, Emaar ha utilizzato uno stile architettonico high-tech. Le pareti del centro commerciale ospitano 1200 negozi, centri di intrattenimento, ristoranti e un cinema con 22 schermi.<\/span><\/li>\n<li style=\"font-weight: 400;\" aria-level=\"1\"><span style=\"font-weight: 400;\">The Oasis. Un prestigioso complesso residenziale a Dubai composto da lussuose ville e palazzi. Include 7.000 appartamenti distribuiti su un&#039;area di 9 milioni di m\u00b2. Pi\u00f9 di 25% dell&#039;area sono occupati da spazi aperti e strutture infrastrutturali, tra cui piscine, negozi, spiagge e passeggiate.<\/span><\/li>\n<li style=\"font-weight: 400;\" aria-level=\"1\"><span style=\"font-weight: 400;\"><a href=\"https:\/\/alirarealestate.com\/it\/catalog\/buy\/dubai\/downtown\/\">Centro di Dubai<\/a>. Un mega-complesso di punta che si estende su oltre 2 km\u00b2 nel centro di Dubai. L&#039;area ospita hotel di prima qualit\u00e0, il mercato Souk Al Bahar con centinaia di negozi e ristoranti e i monumenti iconici di Dubai, il Burj Khalifa e le fontane di Dubai.<\/span><\/li>\n<li style=\"font-weight: 400;\" aria-level=\"1\"><span style=\"font-weight: 400;\"><a href=\"https:\/\/alirarealestate.com\/it\/catalog\/buy\/dubai\/dubai-marina\/\">Marina di Dubai<\/a>. Un quartiere unico sul lungomare del Golfo Persico, un prestigioso oggetto immobiliare a Dubai. L&#039;area di sviluppo copre 464.000 m\u00b2. Il porto turistico si estende lungo un canale di 3,5 km e comprende porti turistici per yacht, un&#039;ampia passeggiata e i centri commerciali Marina Plaza e Dubai Marina Mall.<\/span><\/li>\n<li style=\"font-weight: 400;\" aria-level=\"1\"><span style=\"font-weight: 400;\"><a href=\"https:\/\/alirarealestate.com\/it\/catalog\/buy\/dubai\/dubai-hills\/\">Tenuta sulle colline di Dubai<\/a>. Un lussuoso complesso residenziale con ville e appartamenti per gli amanti della natura. \u00c8 uno sviluppo multifunzionale con pittoreschi parchi, scuole ed edifici residenziali che coprono un&#039;area di circa 1.000 ettari. Il clou del progetto \u00e8 un campo da golf da campionato a 18 buche.<\/span><\/li>\n<li style=\"font-weight: 400;\" aria-level=\"1\"><span style=\"font-weight: 400;\">Dubai Creek Harbour. Un progetto multifunzionale sulle rive del Dubai Creek, mirato a creare un nuovo centro urbano per Dubai con un&#039;infrastruttura sviluppata. L&#039;area di oltre 6 km\u00b2 ospita appartamenti residenziali, edifici commerciali e magnifiche aree verdi.<\/span><\/li>\n<li style=\"font-weight: 400;\" aria-level=\"1\"><span style=\"font-weight: 400;\">Arabian Ranches III. Un sorprendente complesso di ville progettato per gli amanti della vita lussuosa. \u00c8 un progetto originale ispirato al deserto arabo. L&#039;area comprende due laghi, due campi da polo, 15 campi da tennis e un campo da golf a 18 buche.<\/span><\/li>\n<li style=\"font-weight: 400;\" aria-level=\"1\"><span style=\"font-weight: 400;\">The Valley. Un progetto concepito come una citt\u00e0 intera, dove Emaar Properties, in qualit\u00e0 di sviluppatore, ha fornito tutto il necessario per una vita confortevole. I proprietari hanno accesso a una spiaggia privata, un villaggio sportivo e un complesso di intrattenimento per bambini che copre un&#039;area di oltre 10.000 m\u00b2.<\/span><\/li>\n<li style=\"font-weight: 400;\" aria-level=\"1\"><span style=\"font-weight: 400;\">Emaar South. Una comunit\u00e0 esclusiva creata secondo le ultime tendenze nelle aree suburbane moderne. \u00c8 composta da ville, case a schiera e spaziosi appartamenti completati da infrastrutture di prima classe. L&#039;area comprende 25 parchi e un campo da golf a 18 buche.<\/span><\/li>\n<li style=\"font-weight: 400;\" aria-level=\"1\"><span style=\"font-weight: 400;\">Arabian Ranches. Un magnifico progetto residenziale che detiene il titolo di comunit\u00e0 recintata pi\u00f9 verde di Dubai. I residenti hanno accesso a tre laghi, splendidi parchi e aree barbecue. L&#039;offerta immobiliare \u00e8 composta principalmente da ville e case a schiera.<\/span><\/li>\n<li style=\"font-weight: 400;\" aria-level=\"1\"><span style=\"font-weight: 400;\">Emaar Beachfront. Un quartiere d&#039;\u00e9lite in costruzione su una piccola isola artificiale vicino a Dubai Marina. L&#039;area \u00e8 progettata per ospitare 10.000 propriet\u00e0, tra cui appartamenti di marca, ville, case a schiera e uno yacht club di prima classe. Le case avranno accesso a spiagge sabbiose che coprono circa 1,5 km di costa.<\/span><\/li>\n<\/ul>\n\n\t\t<\/div>\n\t<\/div>\n<\/div><\/div><\/div><\/div><div class=\"vc_row wpb_row vc_row-fluid vc_row\"><div class=\"wpb_column vc_column_container vc_col-sm-12 vc_column\"><div class=\"vc_column-inner\"><div class=\"wpb_wrapper\">\n\t<div class=\"wpb_text_column wpb_content_element  vc_column_text\" >\n\t\t<div class=\"wpb_wrapper\">\n\t\t\t<h2><b>Premi aziendali<\/b><\/h2>\n<p><span style=\"font-weight: 400;\">Nel corso della sua attivit\u00e0, Emaar ha ricevuto oltre 150 premi regionali e internazionali. I primi premi sono stati ricevuti dallo sviluppatore nel 2006, quando \u00e8 stato riconosciuto come il miglior sviluppatore negli Emirati Arabi Uniti e la migliore azienda nel settore immobiliare secondo gli Arabian Business Awards.<\/span><\/p>\n<p><span style=\"font-weight: 400;\">Nel 2007, la holding \u00e8 stata inclusa nella classifica FT Global 500 del Financial Times britannico, dedicata alle pi\u00f9 grandi aziende del mondo. Un anno dopo, la societ\u00e0 \u00e8 stata premiata per i suoi successi internazionali e negli anni successivi \u00e8 stata ripetutamente riconosciuta come il miglior sviluppatore del Medio Oriente.<\/span><\/p>\n<p>&nbsp;<\/p>\n<p><span style=\"font-weight: 400;\">Numerosi premi sono stati ricevuti dai progetti di Emaar Properties. Ad esempio, il famoso grattacielo Burj Khalifa \u00e8 riconosciuto come il miglior edificio esistente in termini di manutenzione e funzionamento.<\/span><\/p>\n<p>&nbsp;<\/p>\n<p><span style=\"font-weight: 400;\">Sul sito web Alira Real Estate, puoi trovare propriet\u00e0 della societ\u00e0 di costruzioni Emaar e acquistare immobili residenziali o commerciali adatti. Ti aiuteremo a trovare le opzioni perfette, forniremo supporto legale per la transazione e offriremo un servizio post-vendita di qualit\u00e0. Per una consulenza sull&#039;acquisto, contatta i responsabili della nostra agenzia a <\/span><span style=\"font-weight: 400;\"><a href=\"tel: 971588337903\">+971 (588) 337 903<\/a><\/span><span style=\"font-weight: 400;\">, <\/span><span style=\"font-weight: 400;\"><a href=\"tel: 79869277377\">+7 (986) 927-73-77.<\/a><\/span><span style=\"font-weight: 400;\">, o e-mail<\/span><span style=\"font-weight: 400;\"> <a class=\"mail\" href=\"mailto:info@alirarealestate.com\">info@alirarealestate.com<\/a><\/span><span style=\"font-weight: 400;\">.<\/span><\/p>\n\n\t\t<\/div>\n\t<\/div>\n<\/div><\/div><\/div><\/div>\n<\/section>","protected":false},"excerpt":{"rendered":"Emaar \u00e8 uno sviluppatore con un nome e una reputazione impeccabile nel mercato immobiliare degli Emirati Arabi Uniti. La societ\u00e0 costruisce edifici residenziali, hotel, centri commerciali che combinano tecnologie moderne e un design unico e ponderato. Emaar Properties comprende 60 societ\u00e0 sussidiarie che possiedono progetti di costruzione in diversi paesi del mondo. Lo sviluppatore sta sviluppando attivamente le sue attivit\u00e0 in Nord America, Asia centrale, paesi africani, ...","protected":false},"author":1,"featured_media":0,"parent":4382,"menu_order":0,"comment_status":"closed","ping_status":"closed","template":"advanced_search_results.php","meta":{"inline_featured_image":false,"_glsr_average":0,"_glsr_ranking":0,"_glsr_reviews":0,"footnotes":""},"class_list":["post-4383","page","type-page","status-publish","hentry"],"yoast_head":"<!-- This site is optimized with the Yoast SEO Premium plugin v25.1 (Yoast SEO v25.6) - https:\/\/yoast.com\/wordpress\/plugins\/seo\/ -->\n<title>EMAAR Properties, Developer in Dubai, UAE - Alira<\/title>\n<meta name=\"description\" content=\"Information about the developer EMAAR Properties. \u2b50 The company&#039;s history and awards. \u2b50 Descriptions of properties. \u2b50 Photos and prices. \u27a4 Details on the website!\" \/>\n<meta name=\"robots\" content=\"index, follow, max-snippet:-1, max-image-preview:large, max-video-preview:-1\" \/>\n<link rel=\"canonical\" href=\"https:\/\/alirarealestate.com\/it\/developers\/emaar-properties\/\" \/>\n<meta property=\"og:locale\" content=\"it_IT\" \/>\n<meta property=\"og:type\" content=\"article\" \/>\n<meta property=\"og:title\" content=\"Developer EMAAR Properties\" \/>\n<meta property=\"og:description\" content=\"Information about the developer EMAAR Properties. \u2b50 The company&#039;s history and awards. \u2b50 Descriptions of properties. \u2b50 Photos and prices. \u27a4 Details on the website!\" \/>\n<meta property=\"og:url\" content=\"https:\/\/alirarealestate.com\/it\/developers\/emaar-properties\/\" \/>\n<meta property=\"og:site_name\" content=\"Alira Real Estate - Real estate in the UAE\" \/>\n<meta property=\"article:modified_time\" content=\"2024-10-27T16:14:57+00:00\" \/>\n<meta name=\"twitter:card\" content=\"summary_large_image\" \/>\n<meta name=\"twitter:label1\" content=\"Tempo di lettura stimato\" \/>\n\t<meta name=\"twitter:data1\" content=\"6 minuti\" \/>\n<script type=\"application\/ld+json\" class=\"yoast-schema-graph\">{\"@context\":\"https:\/\/schema.org\",\"@graph\":[{\"@type\":\"WebPage\",\"@id\":\"https:\/\/alirarealestate.com\/it\/developers\/emaar-properties\/\",\"url\":\"https:\/\/alirarealestate.com\/it\/developers\/emaar-properties\/\",\"name\":\"EMAAR Properties, Developer in Dubai, UAE - Alira\",\"isPartOf\":{\"@id\":\"https:\/\/alirarealestate.com\/it\/#website\"},\"datePublished\":\"2024-04-18T07:17:40+00:00\",\"dateModified\":\"2024-10-27T16:14:57+00:00\",\"description\":\"Information about the developer EMAAR Properties. \u2b50 The company's history and awards. \u2b50 Descriptions of properties. \u2b50 Photos and prices. \u27a4 Details on the website!\",\"breadcrumb\":{\"@id\":\"https:\/\/alirarealestate.com\/it\/developers\/emaar-properties\/#breadcrumb\"},\"inLanguage\":\"it-IT\",\"potentialAction\":[{\"@type\":\"ReadAction\",\"target\":[\"https:\/\/alirarealestate.com\/it\/developers\/emaar-properties\/\"]}]},{\"@type\":\"BreadcrumbList\",\"@id\":\"https:\/\/alirarealestate.com\/it\/developers\/emaar-properties\/#breadcrumb\",\"itemListElement\":[{\"@type\":\"ListItem\",\"position\":1,\"name\":\"Home\",\"item\":\"https:\/\/alirarealestate.com\/\"},{\"@type\":\"ListItem\",\"position\":2,\"name\":\"Developers\",\"item\":\"https:\/\/alirarealestate.com\/developers\/\"},{\"@type\":\"ListItem\",\"position\":3,\"name\":\"Developer EMAAR Properties\"}]},{\"@type\":\"WebSite\",\"@id\":\"https:\/\/alirarealestate.com\/it\/#website\",\"url\":\"https:\/\/alirarealestate.com\/it\/\",\"name\":\"Alira Real Estate - Real estate in the UAE\",\"description\":\"\",\"potentialAction\":[{\"@type\":\"SearchAction\",\"target\":{\"@type\":\"EntryPoint\",\"urlTemplate\":\"https:\/\/alirarealestate.com\/it\/?s={search_term_string}\"},\"query-input\":{\"@type\":\"PropertyValueSpecification\",\"valueRequired\":true,\"valueName\":\"search_term_string\"}}],\"inLanguage\":\"it-IT\"}]}<\/script>\n<!-- \/ Yoast SEO Premium plugin. -->","yoast_head_json":{"title":"EMAAR Properties, Developer in Dubai, UAE - Alira","description":"Information about the developer EMAAR Properties. \u2b50 The company's history and awards. \u2b50 Descriptions of properties. \u2b50 Photos and prices. \u27a4 Details on the website!","robots":{"index":"index","follow":"follow","max-snippet":"max-snippet:-1","max-image-preview":"max-image-preview:large","max-video-preview":"max-video-preview:-1"},"canonical":"https:\/\/alirarealestate.com\/it\/developers\/emaar-properties\/","og_locale":"it_IT","og_type":"article","og_title":"Developer EMAAR Properties","og_description":"Information about the developer EMAAR Properties. \u2b50 The company's history and awards. \u2b50 Descriptions of properties. \u2b50 Photos and prices. \u27a4 Details on the website!","og_url":"https:\/\/alirarealestate.com\/it\/developers\/emaar-properties\/","og_site_name":"Alira Real Estate - Real estate in the UAE","article_modified_time":"2024-10-27T16:14:57+00:00","twitter_card":"summary_large_image","twitter_misc":{"Tempo di lettura stimato":"6 minuti"},"schema":{"@context":"https:\/\/schema.org","@graph":[{"@type":"WebPage","@id":"https:\/\/alirarealestate.com\/it\/developers\/emaar-properties\/","url":"https:\/\/alirarealestate.com\/it\/developers\/emaar-properties\/","name":"EMAAR Properties, Developer in Dubai, UAE - Alira","isPartOf":{"@id":"https:\/\/alirarealestate.com\/it\/#website"},"datePublished":"2024-04-18T07:17:40+00:00","dateModified":"2024-10-27T16:14:57+00:00","description":"Information about the developer EMAAR Properties. \u2b50 The company's history and awards. \u2b50 Descriptions of properties. \u2b50 Photos and prices. \u27a4 Details on the website!","breadcrumb":{"@id":"https:\/\/alirarealestate.com\/it\/developers\/emaar-properties\/#breadcrumb"},"inLanguage":"it-IT","potentialAction":[{"@type":"ReadAction","target":["https:\/\/alirarealestate.com\/it\/developers\/emaar-properties\/"]}]},{"@type":"BreadcrumbList","@id":"https:\/\/alirarealestate.com\/it\/developers\/emaar-properties\/#breadcrumb","itemListElement":[{"@type":"ListItem","position":1,"name":"Home","item":"https:\/\/alirarealestate.com\/"},{"@type":"ListItem","position":2,"name":"Developers","item":"https:\/\/alirarealestate.com\/developers\/"},{"@type":"ListItem","position":3,"name":"Developer EMAAR Properties"}]},{"@type":"WebSite","@id":"https:\/\/alirarealestate.com\/it\/#website","url":"https:\/\/alirarealestate.com\/it\/","name":"Alira Real Estate - Real estate in the UAE","description":"","potentialAction":[{"@type":"SearchAction","target":{"@type":"EntryPoint","urlTemplate":"https:\/\/alirarealestate.com\/it\/?s={search_term_string}"},"query-input":{"@type":"PropertyValueSpecification","valueRequired":true,"valueName":"search_term_string"}}],"inLanguage":"it-IT"}]}},"_links":{"self":[{"href":"https:\/\/alirarealestate.com\/it\/wp-json\/wp\/v2\/pages\/4383"}],"collection":[{"href":"https:\/\/alirarealestate.com\/it\/wp-json\/wp\/v2\/pages"}],"about":[{"href":"https:\/\/alirarealestate.com\/it\/wp-json\/wp\/v2\/types\/page"}],"author":[{"embeddable":true,"href":"https:\/\/alirarealestate.com\/it\/wp-json\/wp\/v2\/users\/1"}],"replies":[{"embeddable":true,"href":"https:\/\/alirarealestate.com\/it\/wp-json\/wp\/v2\/comments?post=4383"}],"version-history":[{"count":2,"href":"https:\/\/alirarealestate.com\/it\/wp-json\/wp\/v2\/pages\/4383\/revisions"}],"predecessor-version":[{"id":5945,"href":"https:\/\/alirarealestate.com\/it\/wp-json\/wp\/v2\/pages\/4383\/revisions\/5945"}],"up":[{"embeddable":true,"href":"https:\/\/alirarealestate.com\/it\/wp-json\/wp\/v2\/pages\/4382"}],"wp:attachment":[{"href":"https:\/\/alirarealestate.com\/it\/wp-json\/wp\/v2\/media?parent=4383"}],"curies":[{"name":"wp","href":"https:\/\/api.w.org\/{rel}","templated":true}]}}