{"id":4382,"date":"2024-04-18T10:17:40","date_gmt":"2024-04-18T07:17:40","guid":{"rendered":"https:\/\/alirarealestate.com\/developers\/"},"modified":"2024-10-27T19:11:14","modified_gmt":"2024-10-27T16:11:14","slug":"developers","status":"publish","type":"page","link":"https:\/\/alirarealestate.com\/it\/developers\/","title":{"rendered":"Sviluppatori"},"content":{"rendered":"<section class=\"wpb-content-wrapper\"><div class=\"vc_row wpb_row vc_row-fluid vc_row\"><div class=\"wpb_column vc_column_container vc_col-sm-12 vc_column\"><div class=\"vc_column-inner\"><div class=\"wpb_wrapper\">\n\t<div class=\"wpb_text_column wpb_content_element  vc_column_text\" >\n\t\t<div class=\"wpb_wrapper\">\n\t\t\t<p style=\"text-align: left;\"><span style=\"font-weight: 400;\">Il settore immobiliare di Dubai \u00e8 di particolare interesse per gli investitori di vari paesi del mondo. Qualche anno fa, le propriet\u00e0 di lusso erano molto richieste, ma ora l&#039;attenzione si \u00e8 spostata sulle abitazioni di fascia media. Non solo i grandi investitori, ma anche coloro che hanno in programma di vivere e lavorare in una delle citt\u00e0 pi\u00f9 lussuose degli Emirati Arabi Uniti preferiscono investire in tali propriet\u00e0. Grazie alla domanda stabile, gli sviluppatori attraggono rapidamente capitali stranieri per nuovi progetti. Attualmente, il numero di aziende affidabili con posizioni finanziarie stabili \u00e8 aumentato. Ora ci sono 25 sviluppatori in pi\u00f9 che operano a Dubai rispetto allo scorso anno.<\/span><\/p>\n<p>&nbsp;<\/p>\n<h2 style=\"text-align: left;\"><b>Sviluppatori leader negli Emirati Arabi Uniti<\/b><\/h2>\n<p>&nbsp;<\/p>\n<p style=\"text-align: left;\"><span style=\"font-weight: 400;\">Emaar Properties detiene una posizione di leadership nel settore delle costruzioni. \u00c8 operativa da oltre 30 anni e ha sviluppato propriet\u00e0 considerate punti di riferimento di Dubai. Tra le pi\u00f9 famose ci sono il Fountain Park, il Dubai Mall e il Burj Khalifa.<\/span><\/p>\n<p>&nbsp;<\/p>\n<p style=\"text-align: left;\"><span style=\"font-weight: 400;\">Un altro sviluppatore degno di nota \u00e8 DAMAC Properties, noto per i suoi complessi residenziali nelle aree di Business Bay e DAMAC Hills. Attualmente, la societ\u00e0 possiede grandi appezzamenti di terreno e sta costruendo nuove propriet\u00e0, comprese quelle progettate per le famiglie che vivono lontano dal trambusto.<\/span><\/p>\n<p>&nbsp;<\/p>\n<p style=\"text-align: left;\"><span style=\"font-weight: 400;\">Gli investitori conoscono bene anche Meraas, la prima societ\u00e0 ad aver ricevuto l&#039;autorizzazione a vendere immobili a cittadini stranieri sulla costa di Jumeirah, cosa che in precedenza era vietata dalla legge.<\/span><\/p>\n<p>&nbsp;<\/p>\n<p style=\"text-align: left;\"><span style=\"font-weight: 400;\">Quando si acquista una propriet\u00e0, Alira Real Estate consiglia di prendere in considerazione costruttori come Ellington, Dubai Properties e Nakheel, noti per la loro affidabilit\u00e0, eleganza architettonica e prezzi ottimali.<\/span><\/p>\n<p>&nbsp;<\/p>\n<h2 style=\"text-align: left;\"><b>Scegliere uno sviluppatore<\/b><\/h2>\n<p>&nbsp;<\/p>\n<p style=\"text-align: left;\"><span style=\"font-weight: 400;\">L&#039;elenco degli sviluppatori negli Emirati Arabi Uniti include 25 societ\u00e0 con i maggiori volumi di asset. Si distinguono per una reputazione impeccabile e affidabilit\u00e0. Per scegliere una societ\u00e0, \u00e8 necessario analizzare vari fattori, come la cronologia dei progetti completati, il numero di progetti in corso, il numero di proprietari e la distribuzione delle azioni tra di loro. Alira Real Estate pu\u00f2 fornire un&#039;assistenza significativa nella selezione di una propriet\u00e0, offrendo informazioni e consigli aggiornati su quali sviluppatori degli Emirati Arabi Uniti hanno propriet\u00e0 disponibili per la vendita.<\/span><\/p>\n<p>&nbsp;<\/p>\n<h2 style=\"text-align: left;\"><b>Collaborazione con Alira Real Estate<\/b><\/h2>\n<p>&nbsp;<\/p>\n<p style=\"text-align: left;\"><span style=\"font-weight: 400;\">Investire in <\/span><a href=\"https:\/\/alirarealestate.com\/it\/catalog\/buy\/\"><span style=\"font-weight: 400;\">Immobiliare negli Emirati Arabi Uniti <\/span><\/a><span style=\"font-weight: 400;\">\u00e8 una delle vie pi\u00f9 promettenti. Molti cittadini stranieri vengono a Dubai alla ricerca delle migliori opzioni abitative o per assicurarsi un reddito stabile. Per fare la scelta giusta, scopri quali sviluppatori popolari degli Emirati Arabi Uniti hanno completato progetti e hanno appartamenti, monolocali e monolocali pronti per la vendita. Gli specialisti di Alira Real Estate possono aiutarti in questo. Con un approccio personalizzato, ogni cliente pu\u00f2 trovare rapidamente l&#039;opzione pi\u00f9 adatta. Se hai bisogno di una consulenza esperta, contattaci a <a href=\"tel: 971588337\">+971 (588) 337<\/a> O <a href=\"tel: 79869277377\">+7 (986) 927-73-77.<\/a>, oppure inviaci un&#039;e-mail a <a class=\"mail\" href=\"mailto:info@alirarealestate.com\">info@alirarealestate.com<\/a>.<\/span><\/p>\n\n\t\t<\/div>\n\t<\/div>\n<\/div><\/div><\/div><\/div>\n<\/section>","protected":false},"excerpt":{"rendered":"Il settore immobiliare di Dubai \u00e8 di particolare interesse per gli investitori di vari paesi del mondo. Qualche anno fa, le propriet\u00e0 di lusso erano molto richieste, ma ora l&#039;attenzione si \u00e8 spostata sulle abitazioni di fascia media. Non solo i grandi investitori, ma anche coloro che hanno in programma di vivere e lavorare in una delle citt\u00e0 pi\u00f9 lussuose degli Emirati Arabi Uniti preferiscono investire in tali propriet\u00e0. Grazie alla domanda stabile, ...","protected":false},"author":1,"featured_media":0,"parent":0,"menu_order":0,"comment_status":"closed","ping_status":"closed","template":"advanced_search_results.php","meta":{"inline_featured_image":false,"_glsr_average":0,"_glsr_ranking":0,"_glsr_reviews":0,"footnotes":""},"class_list":["post-4382","page","type-page","status-publish","hentry"],"yoast_head":"<!-- This site is optimized with the Yoast SEO Premium plugin v25.1 (Yoast SEO v25.6) - https:\/\/yoast.com\/wordpress\/plugins\/seo\/ -->\n<title>Developers - Alira Real Estate - Real estate in the UAE<\/title>\n<meta name=\"robots\" content=\"index, follow, max-snippet:-1, max-image-preview:large, max-video-preview:-1\" \/>\n<link rel=\"canonical\" href=\"https:\/\/alirarealestate.com\/it\/developers\/\" \/>\n<meta property=\"og:locale\" content=\"it_IT\" \/>\n<meta property=\"og:type\" content=\"article\" \/>\n<meta property=\"og:title\" content=\"Developers\" \/>\n<meta property=\"og:url\" content=\"https:\/\/alirarealestate.com\/it\/developers\/\" \/>\n<meta property=\"og:site_name\" content=\"Alira Real Estate - Real estate in the UAE\" \/>\n<meta property=\"article:modified_time\" content=\"2024-10-27T16:11:14+00:00\" \/>\n<meta name=\"twitter:card\" content=\"summary_large_image\" \/>\n<meta name=\"twitter:label1\" content=\"Tempo di lettura stimato\" \/>\n\t<meta name=\"twitter:data1\" content=\"2 minuti\" \/>\n<script type=\"application\/ld+json\" class=\"yoast-schema-graph\">{\"@context\":\"https:\/\/schema.org\",\"@graph\":[{\"@type\":\"WebPage\",\"@id\":\"https:\/\/alirarealestate.com\/it\/developers\/\",\"url\":\"https:\/\/alirarealestate.com\/it\/developers\/\",\"name\":\"Developers - Alira Real Estate - Real estate in the UAE\",\"isPartOf\":{\"@id\":\"https:\/\/alirarealestate.com\/it\/#website\"},\"datePublished\":\"2024-04-18T07:17:40+00:00\",\"dateModified\":\"2024-10-27T16:11:14+00:00\",\"breadcrumb\":{\"@id\":\"https:\/\/alirarealestate.com\/it\/developers\/#breadcrumb\"},\"inLanguage\":\"it-IT\",\"potentialAction\":[{\"@type\":\"ReadAction\",\"target\":[\"https:\/\/alirarealestate.com\/it\/developers\/\"]}]},{\"@type\":\"BreadcrumbList\",\"@id\":\"https:\/\/alirarealestate.com\/it\/developers\/#breadcrumb\",\"itemListElement\":[{\"@type\":\"ListItem\",\"position\":1,\"name\":\"Home\",\"item\":\"https:\/\/alirarealestate.com\/\"},{\"@type\":\"ListItem\",\"position\":2,\"name\":\"Developers\"}]},{\"@type\":\"WebSite\",\"@id\":\"https:\/\/alirarealestate.com\/it\/#website\",\"url\":\"https:\/\/alirarealestate.com\/it\/\",\"name\":\"Alira Real Estate - Real estate in the UAE\",\"description\":\"\",\"potentialAction\":[{\"@type\":\"SearchAction\",\"target\":{\"@type\":\"EntryPoint\",\"urlTemplate\":\"https:\/\/alirarealestate.com\/it\/?s={search_term_string}\"},\"query-input\":{\"@type\":\"PropertyValueSpecification\",\"valueRequired\":true,\"valueName\":\"search_term_string\"}}],\"inLanguage\":\"it-IT\"}]}<\/script>\n<!-- \/ Yoast SEO Premium plugin. -->","yoast_head_json":{"title":"Developers - Alira Real Estate - Real estate in the UAE","robots":{"index":"index","follow":"follow","max-snippet":"max-snippet:-1","max-image-preview":"max-image-preview:large","max-video-preview":"max-video-preview:-1"},"canonical":"https:\/\/alirarealestate.com\/it\/developers\/","og_locale":"it_IT","og_type":"article","og_title":"Developers","og_url":"https:\/\/alirarealestate.com\/it\/developers\/","og_site_name":"Alira Real Estate - Real estate in the UAE","article_modified_time":"2024-10-27T16:11:14+00:00","twitter_card":"summary_large_image","twitter_misc":{"Tempo di lettura stimato":"2 minuti"},"schema":{"@context":"https:\/\/schema.org","@graph":[{"@type":"WebPage","@id":"https:\/\/alirarealestate.com\/it\/developers\/","url":"https:\/\/alirarealestate.com\/it\/developers\/","name":"Developers - Alira Real Estate - Real estate in the UAE","isPartOf":{"@id":"https:\/\/alirarealestate.com\/it\/#website"},"datePublished":"2024-04-18T07:17:40+00:00","dateModified":"2024-10-27T16:11:14+00:00","breadcrumb":{"@id":"https:\/\/alirarealestate.com\/it\/developers\/#breadcrumb"},"inLanguage":"it-IT","potentialAction":[{"@type":"ReadAction","target":["https:\/\/alirarealestate.com\/it\/developers\/"]}]},{"@type":"BreadcrumbList","@id":"https:\/\/alirarealestate.com\/it\/developers\/#breadcrumb","itemListElement":[{"@type":"ListItem","position":1,"name":"Home","item":"https:\/\/alirarealestate.com\/"},{"@type":"ListItem","position":2,"name":"Developers"}]},{"@type":"WebSite","@id":"https:\/\/alirarealestate.com\/it\/#website","url":"https:\/\/alirarealestate.com\/it\/","name":"Alira Real Estate - Real estate in the UAE","description":"","potentialAction":[{"@type":"SearchAction","target":{"@type":"EntryPoint","urlTemplate":"https:\/\/alirarealestate.com\/it\/?s={search_term_string}"},"query-input":{"@type":"PropertyValueSpecification","valueRequired":true,"valueName":"search_term_string"}}],"inLanguage":"it-IT"}]}},"_links":{"self":[{"href":"https:\/\/alirarealestate.com\/it\/wp-json\/wp\/v2\/pages\/4382"}],"collection":[{"href":"https:\/\/alirarealestate.com\/it\/wp-json\/wp\/v2\/pages"}],"about":[{"href":"https:\/\/alirarealestate.com\/it\/wp-json\/wp\/v2\/types\/page"}],"author":[{"embeddable":true,"href":"https:\/\/alirarealestate.com\/it\/wp-json\/wp\/v2\/users\/1"}],"replies":[{"embeddable":true,"href":"https:\/\/alirarealestate.com\/it\/wp-json\/wp\/v2\/comments?post=4382"}],"version-history":[{"count":2,"href":"https:\/\/alirarealestate.com\/it\/wp-json\/wp\/v2\/pages\/4382\/revisions"}],"predecessor-version":[{"id":5942,"href":"https:\/\/alirarealestate.com\/it\/wp-json\/wp\/v2\/pages\/4382\/revisions\/5942"}],"wp:attachment":[{"href":"https:\/\/alirarealestate.com\/it\/wp-json\/wp\/v2\/media?parent=4382"}],"curies":[{"name":"wp","href":"https:\/\/api.w.org\/{rel}","templated":true}]}}