{"id":4371,"date":"2024-04-18T10:17:40","date_gmt":"2024-04-18T07:17:40","guid":{"rendered":"https:\/\/alirarealestate.com\/catalog\/buy\/dubai\/jumeirah-lake-towers\/"},"modified":"2024-10-27T18:17:09","modified_gmt":"2024-10-27T15:17:09","slug":"jumeirah-lake-towers","status":"publish","type":"page","link":"https:\/\/alirarealestate.com\/it\/catalog\/buy\/dubai\/jumeirah-lake-towers\/","title":{"rendered":"Propriet\u00e0 in vendita a Jumeirah Lake Towers"},"content":{"rendered":"<section class=\"wpb-content-wrapper\"><div class=\"vc_row wpb_row vc_row-fluid vc_row\"><div class=\"wpb_column vc_column_container vc_col-sm-12 vc_column\"><div class=\"vc_column-inner\"><div class=\"wpb_wrapper\">\n\t<div class=\"wpb_text_column wpb_content_element  vc_column_text\" >\n\t\t<div class=\"wpb_wrapper\">\n\t\t\t<p style=\"text-align: left;\"><span style=\"font-weight: 400;\">Jumeirah Lake Towers \u00e8 un moderno quartiere di Dubai costruito attorno a tre laghi artificiali. Le pittoresche rive del lago ospitano 26 cluster, composti da 87 grattacieli. L&#039;area combina sviluppi residenziali e commerciali. Chi desidera acquistare una propriet\u00e0 a Jumeirah Lake Towers, Dubai, pu\u00f2 godere di un&#039;infrastruttura ben sviluppata e di un parco pubblico panoramico che si estende per circa 55.000 metri quadrati, con strutture sportive, piste da jogging e un cinema all&#039;aperto. Il catalogo di Alira offre un&#039;ampia selezione di propriet\u00e0 a JLT. Il personale della nostra agenzia ti aiuter\u00e0 a scegliere le migliori opzioni e fornir\u00e0 supporto qualificato in tutte le fasi della transazione di acquisto\/vendita.<\/span><\/p>\n<p>&nbsp;<\/p>\n<h2 style=\"text-align: left;\"><b>Vantaggi dell&#039;acquisto di una propriet\u00e0 a Jumeirah Lake Towers<\/b><\/h2>\n<p>&nbsp;<\/p>\n<p style=\"text-align: left;\"><span style=\"font-weight: 400;\">Le case e gli appartamenti a Jumeirah Lake Towers sono propriet\u00e0 prestigiose situate in un quartiere vivace vicino al centro di Dubai. I principali vantaggi dell&#039;acquisto di una propriet\u00e0 residenziale in questa zona includono:<\/span><\/p>\n<p>&nbsp;<\/p>\n<ul style=\"text-align: left;\">\n<li style=\"font-weight: 400;\" aria-level=\"1\"><b>Posizione privilegiata:<\/b><span style=\"font-weight: 400;\"> Il quartiere si estende lungo una delle principali autostrade di Dubai, Sheikh Zayed Road, consentendo ai residenti di raggiungere facilmente qualsiasi parte della citt\u00e0 o l&#039;aeroporto.<\/span><\/li>\n<li style=\"font-weight: 400;\" aria-level=\"1\"><b>Infrastruttura ben sviluppata:<\/b><span style=\"font-weight: 400;\"> La comunit\u00e0 ospita numerosi servizi sociali (negozi, cliniche, asili, ecc.). Inoltre, i residenti possono utilizzare l&#039;infrastruttura della vicina Dubai Marina, raggiungibile a piedi.<\/span><\/li>\n<li style=\"font-weight: 400;\" aria-level=\"1\"><b>Ambiente sano:<\/b><span style=\"font-weight: 400;\"> I laghi e il grande parco purificano efficacemente l&#039;aria dai gas di scarico, rendendo il quartiere un luogo ideale per le famiglie con bambini.<\/span><\/li>\n<li style=\"font-weight: 400;\" aria-level=\"1\"><b>Ampia variet\u00e0 di propriet\u00e0:<\/b><span style=\"font-weight: 400;\"> Sono disponibili per la vendita appartamenti spaziosi e monolocali compatti.<\/span><\/li>\n<li style=\"font-weight: 400;\" aria-level=\"1\"><b>Appello agli investimenti:<\/b><span style=\"font-weight: 400;\"> Grazie alla sua vicinanza ai quartieri centrali di Dubai, JLT \u00e8 popolare tra gli investitori. Si possono ottenere rendimenti redditizi sia dalla rivendita che dall&#039;affitto di immobili.<\/span><\/li>\n<li style=\"font-weight: 400;\" aria-level=\"1\"><b>Prezzi accessibili per le case:<\/b><span style=\"font-weight: 400;\"> Il costo di acquisto e affitto di immobili a JLT \u00e8 inferiore rispetto alla vicina zona di Dubai Marina.<\/span><\/li>\n<\/ul>\n<h4><\/h4>\n<h2 style=\"text-align: left;\"><b>Infrastruttura dell&#039;Area<\/b><\/h2>\n<p>&nbsp;<\/p>\n<p style=\"text-align: left;\"><span style=\"font-weight: 400;\">Acquistare una propriet\u00e0 a Jumeirah Lake Towers significa stabilirsi in un quartiere confortevole con un&#039;infrastruttura ben sviluppata. La comunit\u00e0 ha diversi supermercati, molti negozi di alimentari e negozi aperti 24 ore su 24. Se necessario, i residenti possono visitare il Dubai Marina Mall, uno dei pi\u00f9 grandi centri commerciali di Dubai, situato a 15-20 minuti a piedi.<\/span><\/p>\n<p>&nbsp;<\/p>\n<p style=\"text-align: left;\"><span style=\"font-weight: 400;\">I servizi medici sono forniti da numerose cliniche e specialisti di vari profili. Il distretto ospita cliniche dentistiche, centri medici e studi medici, come Aster Clinic e Armada Medical Centre. Ospedali pi\u00f9 grandi sono a 15 minuti di auto.<\/span><\/p>\n<p>&nbsp;<\/p>\n<p style=\"text-align: left;\"><span style=\"font-weight: 400;\">Il settore educativo comprende 10 asili. I bambini possono anche frequentare una scuola di musica o praticare la boxe presso la scuola sportiva Fit Boys Gym. Le scuole pubbliche pi\u00f9 vicine si trovano a Dubai Marina.<\/span><\/p>\n<p>&nbsp;<\/p>\n<p style=\"text-align: left;\"><span style=\"font-weight: 400;\">La maggior parte dei complessi residenziali in JLT ha le proprie palestre e piscine. Ulteriori strutture sportive sono disponibili all&#039;interno del parco pubblico, che comprende piste da jogging, punti di noleggio di scooter elettrici e campi sportivi.<\/span><\/p>\n<p>&nbsp;<\/p>\n<p style=\"text-align: left;\"><span style=\"font-weight: 400;\">Le serate possono essere trascorse piacevolmente nei caff\u00e8 o nei ristoranti situati sui laghi, che offrono un&#039;ampia variet\u00e0 di piatti gourmet. Ogni residente pu\u00f2 trovare un locale gastronomico di suo gusto.<\/span><\/p>\n<p>&nbsp;<\/p>\n<p style=\"text-align: left;\"><span style=\"font-weight: 400;\">L&#039;infrastruttura di trasporto ben sviluppata consente ai residenti di muoversi facilmente in citt\u00e0. Le uscite dal distretto a Sheikh Zayed Road sono fornite da svincoli di trasporto situati all&#039;interno della comunit\u00e0. Ci vogliono circa 40 minuti per raggiungere l&#039;aeroporto internazionale di Dubai in auto privata o in taxi.<\/span><\/p>\n<p>&nbsp;<\/p>\n<p style=\"text-align: left;\"><span style=\"font-weight: 400;\">I trasporti pubblici funzionano regolarmente ed efficientemente. I cluster hanno 11 fermate dell&#039;autobus e uno dei quartieri ha una fermata del tram. La linea della metropolitana di Dubai corre lungo Sheikh Zayed Road. I residenti di JLT hanno accesso alle stazioni della metropolitana DMCC e Sobha Realty, che distano 5-10 minuti a piedi da uno qualsiasi dei grattacieli.<\/span><\/p>\n<h3><\/h3>\n<h2 style=\"text-align: left;\"><b>Tipi di<\/b><b> Immobili in vendita a Jumeirah Lake Towers<\/b><\/h2>\n<p>&nbsp;<\/p>\n<p style=\"text-align: left;\"><span style=\"font-weight: 400;\">Jumeirah Lake Towers (JLT) \u00e8 una comunit\u00e0 di grattacieli a Dubai senza settori privati, ville di lusso o case a schiera. I tipi di propriet\u00e0 predominanti disponibili sono:<\/span><\/p>\n<p>&nbsp;<\/p>\n<ul style=\"text-align: left;\">\n<li style=\"font-weight: 400;\" aria-level=\"1\"><b>Studi:<\/b><span style=\"font-weight: 400;\"> Unit\u00e0 compatte in cui la cucina \u00e8 integrata con la camera da letto. Sono molto popolari tra i giovani professionisti e i single, offrendo la pi\u00f9 alta resa di locazione per i proprietari.<\/span><\/li>\n<li style=\"font-weight: 400;\" aria-level=\"1\"><b>Appartamenti da 1 a 4 camere da letto:<\/b><span style=\"font-weight: 400;\"> Si tratta del tipo di abitazione pi\u00f9 comune e vario. Gli appartamenti presentano layout efficienti e design ponderati, che li rendono attraenti sia per scopi abitativi che di investimento per reddito da locazione.<\/span><\/li>\n<li style=\"font-weight: 400;\" aria-level=\"1\"><b>Attici:<\/b><span style=\"font-weight: 400;\"> Lussuose residenze con 3-4 camere da letto situate ai piani alti dei grattacieli. Vengono consegnate agli acquirenti con finiture di alta qualit\u00e0, ampie terrazze aperte e, a volte, accesso privato a un tetto. Una caratteristica distintiva degli attici \u00e8 l&#039;opportunit\u00e0 di godere di splendide viste panoramiche sul Golfo Persico.<\/span><\/li>\n<\/ul>\n<h3><\/h3>\n<h2 style=\"text-align: left;\"><b>Prezzi degli immobili a JLT<\/b><\/h2>\n<p>&nbsp;<\/p>\n<p style=\"text-align: left;\"><span style=\"font-weight: 400;\">JLT offre appartamenti sia convenienti che di lusso con finiture di prima classe e una gamma completa di comfort. I prezzi degli immobili a Jumeirah Lake Towers dipendono da vari fattori, tra cui il tipo di alloggio, la zona e il livello di comfort nel complesso residenziale. Inoltre, la qualit\u00e0 delle finiture interne e la disposizione possono influenzare il prezzo.<\/span><\/p>\n<p>&nbsp;<\/p>\n<p style=\"text-align: left;\"><span style=\"font-weight: 400;\">Prezzi medi per gli immobili residenziali a JLT:<\/span><\/p>\n<p>&nbsp;<\/p>\n<ul style=\"text-align: left;\">\n<li style=\"font-weight: 400;\" aria-level=\"1\"><span style=\"font-weight: 400;\">Studio \u2013 circa AED 685.000<\/span><\/li>\n<li style=\"font-weight: 400;\" aria-level=\"1\"><span style=\"font-weight: 400;\">Appartamento con una camera da letto \u2013 1,2 milioni di AED<\/span><\/li>\n<li style=\"font-weight: 400;\" aria-level=\"1\"><span style=\"font-weight: 400;\">Appartamento con due camere da letto \u2013 da 1,8 milioni di AED<\/span><\/li>\n<li style=\"font-weight: 400;\" aria-level=\"1\"><span style=\"font-weight: 400;\">Appartamento con tre camere da letto \u2013 2,5 milioni di AED<\/span><\/li>\n<li style=\"font-weight: 400;\" aria-level=\"1\"><span style=\"font-weight: 400;\">Residenza con quattro camere da letto \u2013 3,8 milioni di AED<\/span><\/li>\n<\/ul>\n<p>&nbsp;<\/p>\n<p style=\"text-align: left;\"><span style=\"font-weight: 400;\">Sono disponibili opzioni pi\u00f9 convenienti nella fase di costruzione. Dopo il completamento, gli appartamenti nei nuovi edifici aumentano di valore di 20-30%, rendendoli una scelta popolare per gli investitori in cerca di opportunit\u00e0 di rivendita. Mentre la maggior parte del distretto \u00e8 gi\u00e0 sviluppata, ci sono ancora alcuni complessi residenziali in costruzione nella parte occidentale. Inoltre, \u00e8 in programma un nuovo progetto, Uptown Dubai, nelle vicinanze, che prevede grattacieli futuristici con appartamenti confortevoli.<\/span><\/p>\n<h3><\/h3>\n<h2 style=\"text-align: left;\"><b>Stile di vita nel distretto<\/b><\/h2>\n<p>&nbsp;<\/p>\n<p style=\"text-align: left;\"><span style=\"font-weight: 400;\">Originariamente concepito come un&#039;area commerciale, il rapido sviluppo della vicina Dubai Marina ha portato a uno spostamento verso propriet\u00e0 residenziali, con particolare attenzione alle zone ricreative.<\/span><\/p>\n<p>&nbsp;<\/p>\n<p style=\"text-align: left;\"><span style=\"font-weight: 400;\">Tutti i 26 cluster di JLT sono situati lungo le rive del lago, ognuno dei quali prende il nome da una lettera dell&#039;alfabeto latino ed \u00e8 costituito da diversi grattacieli. L&#039;area \u00e8 dotata di parcheggi, negozi e altre strutture infrastrutturali. Le rive del lago hanno passeggiate dove i residenti amano passeggiare e socializzare con i vicini.<\/span><\/p>\n<p>&nbsp;<\/p>\n<p style=\"text-align: left;\"><span style=\"font-weight: 400;\">Un parco panoramico si estende attraverso il centro del distretto, offrendo ampie strutture sportive, ricreative e per il gioco dei bambini. Include un campo da calcio, attrezzature da palestra all&#039;aperto e un campo da basket. Il prato centrale del parco \u00e8 utilizzato per eventi culturali.<\/span><\/p>\n<p>&nbsp;<\/p>\n<p style=\"text-align: left;\"><span style=\"font-weight: 400;\">JLT \u00e8 ideale per famiglie con bambini, con asili, centri di sviluppo, sale giochi e altri servizi per bambini in quasi ogni cluster. Le scuole pubbliche pi\u00f9 vicine sono a circa 15 minuti di macchina nei distretti limitrofi.<\/span><\/p>\n<p>&nbsp;<\/p>\n<p style=\"text-align: left;\"><span style=\"font-weight: 400;\">Nel JLT sono ammessi gli animali domestici e, oltre al grande parco pubblico, \u00e8 presente un piccolo parco adibito a parco per le passeggiate con i cani.<\/span><\/p>\n<h3><\/h3>\n<h2 style=\"text-align: left;\"><b>Investimenti immobiliari<\/b><\/h2>\n<p>&nbsp;<\/p>\n<p style=\"text-align: left;\"><span style=\"font-weight: 400;\">Il principale vantaggio di investimento di JLT \u00e8 la sua comoda posizione vicino a quartieri prestigiosi come Business Bay, Dubai Marina e Jumeirah. Insieme all&#039;eccellente connettivit\u00e0 dei trasporti, questo lo rende un&#039;area popolare per l&#039;acquisto di immobili per scopi di rivendita o affitto.<\/span><\/p>\n<p>&nbsp;<\/p>\n<p style=\"text-align: left;\"><span style=\"font-weight: 400;\">\u00c8 importante sottolineare che JLT \u00e8 una zona economica libera, che offre condizioni favorevoli per la registrazione delle aziende. Oltre 21.000 aziende sono registrate qui, il che attrae imprenditori, giovani professionisti e impiegati che cercano di affittare nelle vicinanze.<\/span><\/p>\n<p>&nbsp;<\/p>\n<p style=\"text-align: left;\"><span style=\"font-weight: 400;\">Rendimento medio degli investimenti in JLT:<\/span><\/p>\n<p>&nbsp;<\/p>\n<ul style=\"text-align: left;\">\n<li style=\"font-weight: 400;\" aria-level=\"1\"><span style=\"font-weight: 400;\">Studio \u2013 fino a 7.86%<\/span><\/li>\n<li style=\"font-weight: 400;\" aria-level=\"1\"><span style=\"font-weight: 400;\">Monolocale \u2013 oltre 7.1%<\/span><\/li>\n<li style=\"font-weight: 400;\" aria-level=\"1\"><span style=\"font-weight: 400;\">Appartamento con due camere da letto \u2013 6.88%<\/span><\/li>\n<li style=\"font-weight: 400;\" aria-level=\"1\"><span style=\"font-weight: 400;\">Appartamento con tre camere da letto \u2013 6.91%<\/span><\/li>\n<\/ul>\n<p style=\"text-align: left;\"><span style=\"font-weight: 400;\">Negli Emirati Arabi Uniti i redditi da locazione sono esenti da imposte, consentendo ai proprietari di immobili di guadagnare il proprio reddito legalmente.<\/span><\/p>\n<p>&nbsp;<\/p>\n<h2 style=\"text-align: left;\"><b>Vantaggi della partnership con Alira Real Estate<\/b><\/h2>\n<p>&nbsp;<\/p>\n<p style=\"text-align: left;\"><span style=\"font-weight: 400;\">Alira \u00e8 pronta ad assistervi nell&#039;acquisto di immobili a Jumeirah Lake Towers per investimento o residenza permanente. I motivi per lavorare con noi includono:<\/span><\/p>\n<p>&nbsp;<\/p>\n<ul style=\"text-align: left;\">\n<li style=\"font-weight: 400;\" aria-level=\"1\"><b>Agenzia professionale:<\/b><span style=\"font-weight: 400;\"> Esperti e competenti nel mercato immobiliare degli Emirati Arabi Uniti.<\/span><\/li>\n<li style=\"font-weight: 400;\" aria-level=\"1\"><b>Servizi completi:<\/b><span style=\"font-weight: 400;\"> Dalla selezione e acquisto di immobili all&#039;organizzazione delle vendite, alla ricerca di inquilini o alla gestione di propriet\u00e0 residenziali e commerciali.<\/span><\/li>\n<li style=\"font-weight: 400;\" aria-level=\"1\"><b>Riservatezza garantita:<\/b><span style=\"font-weight: 400;\"> Tutte le informazioni sui clienti sono mantenute riservate.<\/span><\/li>\n<li style=\"font-weight: 400;\" aria-level=\"1\"><b>Approccio responsabile:<\/b><span style=\"font-weight: 400;\"> Interazione flessibile per selezionare immobili su misura per le esigenze individuali dell&#039;acquirente.<\/span><\/li>\n<li style=\"font-weight: 400;\" aria-level=\"1\"><b>Ampia scelta di propriet\u00e0:<\/b><span style=\"font-weight: 400;\"> Ricerca rapida tramite criteri di filtraggio ben ponderati.<\/span><\/li>\n<\/ul>\n<p>&nbsp;<\/p>\n<p style=\"text-align: left;\"><span style=\"font-weight: 400;\">Per maggiori informazioni contattateci via email all&#039;indirizzo <a class=\"mail\" href=\"mailto:info@alirarealestate.com\">info@alirarealestate.com<\/a> o telefonicamente al numero <a href=\"tel: 971588337\">+971 (588) 337<\/a>, <a href=\"tel: 79869277377\">+7 (986) 927-73-77.<\/a>. I nostri specialisti ti informeranno sui prezzi degli immobili a Jumeirah Lakes Towers, Dubai, ti assisteranno nelle transazioni e ti forniranno servizi post-vendita di alta qualit\u00e0 su richiesta. Contattaci quando preferisci per acquistare in modo sicuro e redditizio un immobile a Jumeirah Lake Towers che soddisfi le tue esigenze!<\/span><\/p>\n\n\t\t<\/div>\n\t<\/div>\n<\/div><\/div><\/div><\/div>\n<\/section>","protected":false},"excerpt":{"rendered":"Jumeirah Lake Towers \u00e8 un moderno quartiere di Dubai costruito attorno a tre laghi artificiali. Le pittoresche rive del lago ospitano 26 cluster, composti da 87 grattacieli. L&#039;area combina sviluppi residenziali e commerciali. Chi desidera acquistare una propriet\u00e0 a Jumeirah Lake Towers, Dubai, pu\u00f2 godere di un&#039;infrastruttura ben sviluppata e di un parco pubblico panoramico che si estende per circa 55.000 metri quadrati, con strutture sportive, piste da jogging e un parco all&#039;aperto...","protected":false},"author":1,"featured_media":0,"parent":4295,"menu_order":0,"comment_status":"closed","ping_status":"closed","template":"advanced_search_results.php","meta":{"inline_featured_image":false,"_glsr_average":0,"_glsr_ranking":0,"_glsr_reviews":0,"footnotes":""},"class_list":["post-4371","page","type-page","status-publish","hentry"],"yoast_head":"<!-- This site is optimized with the Yoast SEO Premium plugin v25.1 (Yoast SEO v25.6) - https:\/\/yoast.com\/wordpress\/plugins\/seo\/ -->\n<title>Properties for Sale in Jumeirah Lake Towers - Alira Real Estate - Real estate in the UAE<\/title>\n<meta name=\"robots\" content=\"index, follow, max-snippet:-1, max-image-preview:large, max-video-preview:-1\" \/>\n<link rel=\"canonical\" href=\"https:\/\/alirarealestate.com\/it\/catalog\/buy\/dubai\/jumeirah-lake-towers\/\" \/>\n<meta property=\"og:locale\" content=\"it_IT\" \/>\n<meta property=\"og:type\" content=\"article\" \/>\n<meta property=\"og:title\" content=\"Properties for Sale in Jumeirah Lake Towers\" \/>\n<meta property=\"og:url\" content=\"https:\/\/alirarealestate.com\/it\/catalog\/buy\/dubai\/jumeirah-lake-towers\/\" \/>\n<meta property=\"og:site_name\" content=\"Alira Real Estate - Real estate in the UAE\" \/>\n<meta property=\"article:modified_time\" content=\"2024-10-27T15:17:09+00:00\" \/>\n<meta name=\"twitter:card\" content=\"summary_large_image\" \/>\n<meta name=\"twitter:label1\" content=\"Tempo di lettura stimato\" \/>\n\t<meta name=\"twitter:data1\" content=\"6 minuti\" \/>\n<script type=\"application\/ld+json\" class=\"yoast-schema-graph\">{\"@context\":\"https:\/\/schema.org\",\"@graph\":[{\"@type\":\"WebPage\",\"@id\":\"https:\/\/alirarealestate.com\/it\/catalog\/buy\/dubai\/jumeirah-lake-towers\/\",\"url\":\"https:\/\/alirarealestate.com\/it\/catalog\/buy\/dubai\/jumeirah-lake-towers\/\",\"name\":\"Properties for Sale in Jumeirah Lake Towers - Alira Real Estate - Real estate in the UAE\",\"isPartOf\":{\"@id\":\"https:\/\/alirarealestate.com\/it\/#website\"},\"datePublished\":\"2024-04-18T07:17:40+00:00\",\"dateModified\":\"2024-10-27T15:17:09+00:00\",\"breadcrumb\":{\"@id\":\"https:\/\/alirarealestate.com\/it\/catalog\/buy\/dubai\/jumeirah-lake-towers\/#breadcrumb\"},\"inLanguage\":\"it-IT\",\"potentialAction\":[{\"@type\":\"ReadAction\",\"target\":[\"https:\/\/alirarealestate.com\/it\/catalog\/buy\/dubai\/jumeirah-lake-towers\/\"]}]},{\"@type\":\"BreadcrumbList\",\"@id\":\"https:\/\/alirarealestate.com\/it\/catalog\/buy\/dubai\/jumeirah-lake-towers\/#breadcrumb\",\"itemListElement\":[{\"@type\":\"ListItem\",\"position\":1,\"name\":\"Home\",\"item\":\"https:\/\/alirarealestate.com\/\"},{\"@type\":\"ListItem\",\"position\":2,\"name\":\"Real Estate Catalog\",\"item\":\"https:\/\/alirarealestate.com\/catalog\/\"},{\"@type\":\"ListItem\",\"position\":3,\"name\":\"Real Estate Catalog\",\"item\":\"https:\/\/alirarealestate.com\/catalog\/buy\/\"},{\"@type\":\"ListItem\",\"position\":4,\"name\":\"Properties for Sale in Dubai\",\"item\":\"https:\/\/alirarealestate.com\/catalog\/buy\/dubai\/\"},{\"@type\":\"ListItem\",\"position\":5,\"name\":\"Properties for Sale in Jumeirah Lake Towers\"}]},{\"@type\":\"WebSite\",\"@id\":\"https:\/\/alirarealestate.com\/it\/#website\",\"url\":\"https:\/\/alirarealestate.com\/it\/\",\"name\":\"Alira Real Estate - Real estate in the UAE\",\"description\":\"\",\"potentialAction\":[{\"@type\":\"SearchAction\",\"target\":{\"@type\":\"EntryPoint\",\"urlTemplate\":\"https:\/\/alirarealestate.com\/it\/?s={search_term_string}\"},\"query-input\":{\"@type\":\"PropertyValueSpecification\",\"valueRequired\":true,\"valueName\":\"search_term_string\"}}],\"inLanguage\":\"it-IT\"}]}<\/script>\n<!-- \/ Yoast SEO Premium plugin. -->","yoast_head_json":{"title":"Properties for Sale in Jumeirah Lake Towers - Alira Real Estate - Real estate in the UAE","robots":{"index":"index","follow":"follow","max-snippet":"max-snippet:-1","max-image-preview":"max-image-preview:large","max-video-preview":"max-video-preview:-1"},"canonical":"https:\/\/alirarealestate.com\/it\/catalog\/buy\/dubai\/jumeirah-lake-towers\/","og_locale":"it_IT","og_type":"article","og_title":"Properties for Sale in Jumeirah Lake Towers","og_url":"https:\/\/alirarealestate.com\/it\/catalog\/buy\/dubai\/jumeirah-lake-towers\/","og_site_name":"Alira Real Estate - Real estate in the UAE","article_modified_time":"2024-10-27T15:17:09+00:00","twitter_card":"summary_large_image","twitter_misc":{"Tempo di lettura stimato":"6 minuti"},"schema":{"@context":"https:\/\/schema.org","@graph":[{"@type":"WebPage","@id":"https:\/\/alirarealestate.com\/it\/catalog\/buy\/dubai\/jumeirah-lake-towers\/","url":"https:\/\/alirarealestate.com\/it\/catalog\/buy\/dubai\/jumeirah-lake-towers\/","name":"Properties for Sale in Jumeirah Lake Towers - Alira Real Estate - Real estate in the UAE","isPartOf":{"@id":"https:\/\/alirarealestate.com\/it\/#website"},"datePublished":"2024-04-18T07:17:40+00:00","dateModified":"2024-10-27T15:17:09+00:00","breadcrumb":{"@id":"https:\/\/alirarealestate.com\/it\/catalog\/buy\/dubai\/jumeirah-lake-towers\/#breadcrumb"},"inLanguage":"it-IT","potentialAction":[{"@type":"ReadAction","target":["https:\/\/alirarealestate.com\/it\/catalog\/buy\/dubai\/jumeirah-lake-towers\/"]}]},{"@type":"BreadcrumbList","@id":"https:\/\/alirarealestate.com\/it\/catalog\/buy\/dubai\/jumeirah-lake-towers\/#breadcrumb","itemListElement":[{"@type":"ListItem","position":1,"name":"Home","item":"https:\/\/alirarealestate.com\/"},{"@type":"ListItem","position":2,"name":"Real Estate Catalog","item":"https:\/\/alirarealestate.com\/catalog\/"},{"@type":"ListItem","position":3,"name":"Real Estate Catalog","item":"https:\/\/alirarealestate.com\/catalog\/buy\/"},{"@type":"ListItem","position":4,"name":"Properties for Sale in Dubai","item":"https:\/\/alirarealestate.com\/catalog\/buy\/dubai\/"},{"@type":"ListItem","position":5,"name":"Properties for Sale in Jumeirah Lake Towers"}]},{"@type":"WebSite","@id":"https:\/\/alirarealestate.com\/it\/#website","url":"https:\/\/alirarealestate.com\/it\/","name":"Alira Real Estate - Real estate in the UAE","description":"","potentialAction":[{"@type":"SearchAction","target":{"@type":"EntryPoint","urlTemplate":"https:\/\/alirarealestate.com\/it\/?s={search_term_string}"},"query-input":{"@type":"PropertyValueSpecification","valueRequired":true,"valueName":"search_term_string"}}],"inLanguage":"it-IT"}]}},"_links":{"self":[{"href":"https:\/\/alirarealestate.com\/it\/wp-json\/wp\/v2\/pages\/4371"}],"collection":[{"href":"https:\/\/alirarealestate.com\/it\/wp-json\/wp\/v2\/pages"}],"about":[{"href":"https:\/\/alirarealestate.com\/it\/wp-json\/wp\/v2\/types\/page"}],"author":[{"embeddable":true,"href":"https:\/\/alirarealestate.com\/it\/wp-json\/wp\/v2\/users\/1"}],"replies":[{"embeddable":true,"href":"https:\/\/alirarealestate.com\/it\/wp-json\/wp\/v2\/comments?post=4371"}],"version-history":[{"count":1,"href":"https:\/\/alirarealestate.com\/it\/wp-json\/wp\/v2\/pages\/4371\/revisions"}],"predecessor-version":[{"id":5933,"href":"https:\/\/alirarealestate.com\/it\/wp-json\/wp\/v2\/pages\/4371\/revisions\/5933"}],"up":[{"embeddable":true,"href":"https:\/\/alirarealestate.com\/it\/wp-json\/wp\/v2\/pages\/4295"}],"wp:attachment":[{"href":"https:\/\/alirarealestate.com\/it\/wp-json\/wp\/v2\/media?parent=4371"}],"curies":[{"name":"wp","href":"https:\/\/api.w.org\/{rel}","templated":true}]}}