{"id":4352,"date":"2024-04-18T10:17:39","date_gmt":"2024-04-18T07:17:39","guid":{"rendered":"https:\/\/alirarealestate.com\/catalog\/buy\/dubai\/emaar-beachfront\/"},"modified":"2024-10-27T18:14:59","modified_gmt":"2024-10-27T15:14:59","slug":"emaar-beachfront","status":"publish","type":"page","link":"https:\/\/alirarealestate.com\/it\/catalog\/buy\/dubai\/emaar-beachfront\/","title":{"rendered":"Propriet\u00e0 in vendita a Emaar Beachfront, Dubai"},"content":{"rendered":"<section class=\"wpb-content-wrapper\"><div class=\"vc_row wpb_row vc_row-fluid vc_row\"><div class=\"wpb_column vc_column_container vc_col-sm-12 vc_column\"><div class=\"vc_column-inner\"><div class=\"wpb_wrapper\">\n\t<div class=\"wpb_text_column wpb_content_element  vc_column_text\" >\n\t\t<div class=\"wpb_wrapper\">\n\t\t\t<p><span style=\"font-weight: 400;\">Un grande complesso nel porto di Dubai, inaugurato nel 2018, diventer\u00e0 un altro luogo straordinario che attirer\u00e0 l&#039;attenzione. Il patrimonio immobiliare di Emaar si trova tra JBR e Palm Jumeirah e copre un&#039;area di 10 milioni di piedi quadrati. In questa comunit\u00e0 recintata, ci sono 27 residenze di lusso sul lungomare e un hotel di Address Hotels + Resorts.<\/span><\/p>\n<p>&nbsp;<\/p>\n<p><span style=\"font-weight: 400;\">Ai residenti viene offerta la possibilit\u00e0 di scegliere tra appartamenti da 1 a 4 camere da letto, attici e ville con accesso a una spiaggia privata di 1,5 chilometri. La sua posizione strategica offre un facile accesso alle principali attrazioni della citt\u00e0 tramite Sheikh Zayed Road, combinando la vita sull&#039;isola con la comodit\u00e0 urbana.<\/span><\/p>\n<p>&nbsp;<\/p>\n<h2><span style=\"font-weight: 400;\">Vantaggi dell&#039;acquisto di una propriet\u00e0 a Emaar Beachfront<\/span><\/h2>\n<p>&nbsp;<\/p>\n<p><span style=\"font-weight: 400;\">Gli immobili di Emaar Beachfront fanno parte dell&#039;ampia trasformazione del Dubai Harbour in un luogo di culto per lo svago e l&#039;intrattenimento. I residenti hanno accesso a molti servizi, come piscine panoramiche, spiagge private, centri fitness di livello mondiale e punti commerciali situati a pochi minuti a piedi.<\/span><\/p>\n<p>&nbsp;<\/p>\n<ul>\n<li><span style=\"font-weight: 400;\">Viste mozzafiato. Tutte le residenze di Emaar Beachfront hanno una vista senza precedenti sul mare o sullo skyline di Dubai Marina. I residenti hanno accesso a una spiaggia privata di 1,5 miglia con sabbia bianca e una moltitudine di servizi di prima classe.<\/span><\/li>\n<li><span style=\"font-weight: 400;\">Disponibilit\u00e0 limitata. Il primo progetto creato all&#039;interno di Emaar Beachfront \u00e8 stato Beach Vista. Questo complesso d&#039;\u00e9lite con due torri sul lungomare offre un&#039;ampia selezione di appartamenti con 1, 2, 3 e 4 camere da letto. Dopo la vendita di successo, Emaar Properties ha rilasciato altri 6 progetti di torri gemelle, tutti esauriti in tempi record. All&#039;inizio del 2023, la disponibilit\u00e0 del progetto \u00e8 limitata, ma ci sono ancora offerte di vendita.<\/span><\/li>\n<li><span style=\"font-weight: 400;\">Il cuore portuale della citt\u00e0. Il progetto principale \u00e8 stato sviluppato da Meraas, uno sviluppatore noto per progetti come Citywalk, The Beach at JBR e Bluewaters. Oltre a ospitare la comunit\u00e0 di Emaar Beachfront, il Dubai Harbour offre numerose attrazioni, tra cui il Dubai Lighthouse e il nuovo terminal crociere.<\/span><\/li>\n<li><span style=\"font-weight: 400;\">Sicurezza. La sicurezza \u00e8 fondamentale, che tu stia cercando un posto in cui vivere a lungo termine o per le vacanze. Ogni complesso residenziale \u00e8 dotato di sistemi moderni, tra cui telecamere di sorveglianza in tutte le aree comuni monitorate 24 ore su 24, 7 giorni su 7 da professionisti qualificati. Le serrature &quot;intelligenti&quot; installate negli appartamenti forniscono un ulteriore livello di protezione contro le effrazioni.<\/span><\/li>\n<\/ul>\n<p>&nbsp;<\/p>\n<h2><b>Infrastruttura della zona di Emaar Beachfront<\/b><\/h2>\n<p>&nbsp;<\/p>\n<p><span style=\"font-weight: 400;\">I residenti possono usufruire di piscine, palestre moderne, yacht club e centri benessere rigeneranti. I parchi giochi delizieranno i bambini e le aree barbecue e i centri fitness renderanno la socializzazione pi\u00f9 confortevole. Alcune torri hanno piscine panoramiche con viste mozzafiato sul porto turistico degli yacht.<\/span><\/p>\n<p>&nbsp;<\/p>\n<p><span style=\"font-weight: 400;\">Le famiglie possono mandare i loro figli agli asili nido di Dubai Marina e Dubai Harbour. Gli studenti pi\u00f9 grandi possono frequentare scuole a Dubai Harbour e nei suoi dintorni, tra cui istituti rinomati come Emirates International School, GEMS Wellington International School, American Academy Dubai e Dubai American School. Gli studenti universitari alle prime armi possono facilmente iscriversi a istituti scolastici accreditati a Dubai Knowledge Park, a pochi minuti da Emaar Beach.<\/span><\/p>\n<p>&nbsp;<\/p>\n<p><span style=\"font-weight: 400;\">Gli amanti dello shopping possono divertirsi visitando il Marina Mall, situato nella zona di Dubai Marina. Questo centro commerciale ospita i migliori negozi e supermercati con un ricco assortimento, come Waitrose. Spinneys a Marina Walk \u00e8 un&#039;altra destinazione per lo shopping. La zona ha molti negozi e farmacie aperti 24 ore su 24, 7 giorni su 7. La vicina Emirates Hospital Clinic \u2013 Marina Clinic \u00e8 pronta a fornire assistenza medica.<\/span><\/p>\n\n\t\t<\/div>\n\t<\/div>\n<\/div><\/div><\/div><\/div><div class=\"vc_row wpb_row vc_row-fluid vc_row\"><div class=\"wpb_column vc_column_container vc_col-sm-12 vc_column\"><div class=\"vc_column-inner\"><div class=\"wpb_wrapper\">\n\t<div class=\"wpb_text_column wpb_content_element  vc_column_text\" >\n\t\t<div class=\"wpb_wrapper\">\n\t\t\t<h2><b>Principali tipologie di immobili<\/b><\/h2>\n<p>&nbsp;<\/p>\n<p><span style=\"font-weight: 400;\">Emaar Beachfront Dubai offre diverse tipologie di immobili adatti a diversi stili di vita e preferenze.<\/span><\/p>\n<p>&nbsp;<\/p>\n<ul>\n<li><a href=\"https:\/\/alirarealestate.com\/it\/catalog\/buy\/dubai\/emaar-beachfront\/apartments\/\"><span style=\"font-weight: 400;\">Appartamenti<\/span><\/a><span style=\"font-weight: 400;\"> e Studios. Ampia scelta di appartamenti: da una a cinque camere da letto, studio, elite, economici, in riva al mare. Gli appartamenti sono progettati per massimizzare lo spazio abitabile e offrire viste mozzafiato sul Golfo Persico.<\/span><\/li>\n<li><span style=\"font-weight: 400;\">Attici. Per chi cerca una vita di lusso, Emaar Beachfront offre attici squisiti con vista panoramica sul mare. Gli attici hanno ampie terrazze progettate per offrire il massimo comfort e privacy.<\/span><\/li>\n<li><span style=\"font-weight: 400;\">Case a schiera. Per chi ama trascorrere il tempo all&#039;aria aperta, Emaar Beachfront offre case a schiera con ampie aree esterne adatte all&#039;intrattenimento o al relax.<\/span><\/li>\n<li><span style=\"font-weight: 400;\">Ville. Emaar Beachfront offre anche una scelta di ville splendidamente progettate per le famiglie o per coloro che preferiscono pi\u00f9 spazio e privacy.<\/span><\/li>\n<li><span style=\"font-weight: 400;\">Immobili commerciali. Il complesso comprende anche uffici, hotel e camere d&#039;albergo che offrono privacy e luce naturale. Tali appartamenti sono progettati per coloro che preferiscono un ambiente lavorativo o di vita pi\u00f9 tranquillo.<\/span><\/li>\n<\/ul>\n<p>&nbsp;<\/p>\n<h2><b>Prezzi per immobili a Emaar Beachfront<\/b><\/h2>\n<p>&nbsp;<\/p>\n<p><span style=\"font-weight: 400;\">A partire da marzo 2024, i prezzi degli immobili di Emaar dipendono dal tipo di appartamento\/propriet\u00e0, dalle dimensioni e dalla posizione. Il prezzo di partenza \u00e8 di 1,9 milioni di dirham per un appartamento con 1 camera da letto e sale fino a 40 milioni di dirham per un attico con 4 camere da letto. I prezzi per gli appartamenti con 2 camere da letto partono da 2,1 milioni di dirham. I prezzi per ville e case a schiera a Emaar Beachfront partono da 4,5 milioni di dirham.<\/span><\/p>\n<p>&nbsp;<\/p>\n<p><span style=\"font-weight: 400;\">Tuttavia, il costo degli immobili a Dubai pu\u00f2 variare a seconda di molti fattori, tra cui domanda, posizione e condizioni di mercato. Pertanto, \u00e8 importante fare delle ricerche e confrontare i prezzi prima di investire in una propriet\u00e0 a Emaar Beachfront.<\/span><\/p>\n<p>&nbsp;<\/p>\n<h2><b>Stile di vita a Emaar Beachfront<\/b><\/h2>\n<p>&nbsp;<\/p>\n<p><span style=\"font-weight: 400;\">Emaar Beachfront offre ai suoi residenti comode opzioni di trasporto che li porteranno in giro per il Dubai Harbour, fornendo accesso a varie attrazioni. Ad esempio, Al Khail Road, collegata ad alcuni dei principali snodi di trasporto della citt\u00e0, come DIFC e JLT\/JBR. Ci sono anche taxi d&#039;acqua che raggiungono varie parti del porto.<\/span><\/p>\n<p>&nbsp;<\/p>\n<p><span style=\"font-weight: 400;\">Poich\u00e9 Emaar Beachfront si trova vicino a Bluewaters Island, le famiglie possono divertirsi ad Ain Dubai e passeggiare lungo lo splendido lungomare. Acquistare una propriet\u00e0 da Emaar a Dubai significa acquisire una casa lussuosa e avere accesso diretto a una delle location iconiche della citt\u00e0. Che tu voglia fare una rilassante passeggiata lungo spiagge tranquille o semplicemente esplorare cos&#039;altro ha da offrire la citt\u00e0, qui tutti troveranno qualcosa per s\u00e9.<\/span><\/p>\n<p>&nbsp;<\/p>\n<p><span style=\"font-weight: 400;\">Scegli questa splendida zona come tua casa e scegli la propriet\u00e0 pi\u00f9 adatta a te, che si tratti di un accogliente appartamento in vendita sul mare a Emaar o di una spaziosa villa adatta a tutta la famiglia.<\/span><\/p>\n\n\t\t<\/div>\n\t<\/div>\n<\/div><\/div><\/div><\/div><div class=\"vc_row wpb_row vc_row-fluid vc_row\"><div class=\"wpb_column vc_column_container vc_col-sm-12 vc_column\"><div class=\"vc_column-inner\"><div class=\"wpb_wrapper\">\n\t<div class=\"wpb_text_column wpb_content_element  vc_column_text\" >\n\t\t<div class=\"wpb_wrapper\">\n\t\t\t<h2><b>Investire in immobili sulla spiaggia di Emaar<\/b><\/h2>\n<p>&nbsp;<\/p>\n<p><span style=\"font-weight: 400;\">Emaar Beachfront offre una prospettiva allettante per gli investitori, offrendo case ben arredate dove rilassarsi e i vantaggi aggiuntivi dei servizi di gestione immobiliare esperti di Emaar.<\/span><\/p>\n<p>&nbsp;<\/p>\n<p><span style=\"font-weight: 400;\">Con una moltitudine di servizi nell&#039;area di Palm Jumeirah, Emaar Beachfront sembra un&#039;isola privata privilegiata, adatta per vivere, giocare, studiare o trascorrere le vacanze. Questi vantaggi hanno aumentato significativamente il valore per gli investitori immobiliari durante la fase di costruzione.<\/span><\/p>\n<p>&nbsp;<\/p>\n<p><span style=\"font-weight: 400;\">La domanda di affitto promette di essere alta, soprattutto considerando gli hotel e i resort specializzati in riva al mare. Il complesso \u00e8 situato in una posizione prestigiosa, il che significa che gli immobili qui sono molto richiesti. Di conseguenza, i proprietari di immobili EMAAR Beachfront possono aspettarsi un buon reddito se decidono di affittare la loro propriet\u00e0.<\/span><\/p>\n<p>&nbsp;<\/p>\n<p><span style=\"font-weight: 400;\">Per tutti questi motivi, Emaar Beachfront offre agli investitori quanto segue:<\/span><\/p>\n<p>&nbsp;<\/p>\n<ul>\n<li><span style=\"font-weight: 400;\">Marchio di punta Emaar;<\/span><\/li>\n<li><span style=\"font-weight: 400;\">Posizione fronte mare lungo il porto di Dubai;<\/span><\/li>\n<li><span style=\"font-weight: 400;\">Vicinanza alle principali attrazioni;<\/span><\/li>\n<li><span style=\"font-weight: 400;\">Stile di vita lussuoso;<\/span><\/li>\n<li><span style=\"font-weight: 400;\">Potenziale di crescita futura;<\/span><\/li>\n<li><span style=\"font-weight: 400;\">Prospettive di reddito da locazione impressionanti.<\/span><\/li>\n<\/ul>\n<p>&nbsp;<\/p>\n<p><span style=\"font-weight: 400;\">Mentre l&#039;emirato continua a svilupparsi come destinazione globale, Emaar Beachfront \u00e8 sotto i riflettori, suscitando immenso interesse e creando valore.<\/span><\/p>\n<p>&nbsp;<\/p>\n<h2><b>Vantaggi e condizioni di collaborazione con l\u2019agenzia \u201cAlira Real Estate\u201d<\/b><\/h2>\n<p>&nbsp;<\/p>\n<p><span style=\"font-weight: 400;\">Offriamo un portale semplice e intuitivo per trovare la soluzione immobiliare perfetta che soddisfi le tue esigenze e ci impegniamo a migliorare continuamente la tua ricerca.<\/span><\/p>\n<p>&nbsp;<\/p>\n<p><span style=\"font-weight: 400;\">La nostra missione:<\/span><\/p>\n<p>&nbsp;<\/p>\n<ul>\n<li><span style=\"font-weight: 400;\">Un&#039;ampia gamma di servizi: vendite, acquisti, affitti e gestione immobiliare.<\/span><\/li>\n<li><span style=\"font-weight: 400;\">Fornire informazioni statistiche sulla vendita di immobili esteri negli Emirati Arabi Uniti e tutte le risorse necessarie per il miglior supporto al cliente,<\/span><\/li>\n<li><span style=\"font-weight: 400;\">Garanzia di ricerca sicura e senza stress.<\/span><\/li>\n<li><span style=\"font-weight: 400;\">Supporto al cliente durante l&#039;intero processo di vendita o acquisto, utilizzando i nostri strumenti e la nostra guida.<\/span><\/li>\n<li><span style=\"font-weight: 400;\">Che si tratti di assistenza clienti, progetti tecnologici o semplicemente di collaborazione con i colleghi, ogni reparto \u00e8 dedicato a un obiettivo: aiutarti a trovare la casa perfetta negli Emirati Arabi Uniti.<\/span><\/li>\n<\/ul>\n<p>&nbsp;<\/p>\n<p><span style=\"font-weight: 400;\">Affidati agli specialisti di Alira Real Estate per aiutarti a investire nel posto giusto e a un buon prezzo. Che tu stia cercando un appartamento in vendita a Dubai, una villa, una casa a schiera o un attico, possiamo offrirti la migliore selezione di immobili. Per programmare una consulenza e scoprire il costo della propriet\u00e0 Emaar, chiama <\/span><span style=\"font-weight: 400;\"><a href=\"tel: 79869277377\">+7 (986) 927-73-77<\/a><\/span><span style=\"font-weight: 400;\"> E <\/span><span style=\"font-weight: 400;\"><a href=\"tel: 971588337903\">+971 (588) 337 903<\/a><\/span><span style=\"font-weight: 400;\">. Email per contatti: <\/span><span style=\"font-weight: 400;\"><a class=\"mail\" href=\"mailto:info@alirarealestate.com\">info@alirarealestate.com<\/a><\/span><span style=\"font-weight: 400;\">.<\/span><\/p>\n\n\t\t<\/div>\n\t<\/div>\n<\/div><\/div><\/div><\/div><div class=\"vc_row wpb_row vc_row-fluid vc_row\"><div class=\"wpb_column vc_column_container vc_col-sm-12 vc_column\"><div class=\"vc_column-inner\"><div class=\"wpb_wrapper\"><div class=\"vc_tta-container\" data-vc-action=\"collapseAll\"><h2>Domande frequenti<\/h2><div class=\"vc_general vc_tta vc_tta-accordion vc_tta-color-grey vc_tta-style-classic vc_tta-shape-rounded vc_tta-o-shape-group vc_tta-controls-align-left vc_tta-o-all-clickable wpestate_accordion vc_tta_accordion\"><div class=\"vc_tta-panels-container\"><div class=\"vc_tta-panels\"><div class=\"vc_tta-panel vc_active\" id=\"1716279976350-1d35ede7-59e2\" data-vc-content=\".vc_tta-panel-body\"><div class=\"vc_tta-panel-heading\"><h4 class=\"vc_tta-panel-title vc_tta-controls-icon-position-left\"><a href=\"#1716279976350-1d35ede7-59e2\" data-vc-accordion data-vc-container=\".vc_tta-container\"><span class=\"vc_tta-title-text\">Cos&#039;\u00e8 Emaar Beachfront?<\/span><i class=\"vc_tta-controls-icon vc_tta-controls-icon-plus\"><\/i><\/a><\/h4><\/div><div class=\"vc_tta-panel-body\">\n\t<div class=\"wpb_text_column wpb_content_element  vc_column_text\" >\n\t\t<div class=\"wpb_wrapper\">\n\t\t\t<p><span style=\"font-weight: 400;\">Emaar Beachfront \u00e8 un complesso residenziale di lusso sul mare situato lungo il porto di Dubai, tra Dubai Marina e Palm Jumeirah Island. \u00c8 composto da 10.000 case in 27 torri con accesso alla spiaggia.<\/span><\/p>\n\n\t\t<\/div>\n\t<\/div>\n<\/div><\/div><div class=\"vc_tta-panel\" id=\"1716279976366-680aa496-6c40\" data-vc-content=\".vc_tta-panel-body\"><div class=\"vc_tta-panel-heading\"><h4 class=\"vc_tta-panel-title vc_tta-controls-icon-position-left\"><a href=\"#1716279976366-680aa496-6c40\" data-vc-accordion data-vc-container=\".vc_tta-container\"><span class=\"vc_tta-title-text\">Quali sono i piani di pagamento?<\/span><i class=\"vc_tta-controls-icon vc_tta-controls-icon-plus\"><\/i><\/a><\/h4><\/div><div class=\"vc_tta-panel-body\">\n\t<div class=\"wpb_text_column wpb_content_element  vc_column_text\" >\n\t\t<div class=\"wpb_wrapper\">\n\t\t\t<p><span style=\"font-weight: 400;\">Emaar offre piani di pagamento flessibili, in base ai quali gli investitori effettuano un pagamento iniziale di 10-25% e pagano il resto a rate in base alle fasi di costruzione.<\/span><\/p>\n\n\t\t<\/div>\n\t<\/div>\n<\/div><\/div><div class=\"vc_tta-panel\" id=\"1716280036315-312841bb-f9c0\" data-vc-content=\".vc_tta-panel-body\"><div class=\"vc_tta-panel-heading\"><h4 class=\"vc_tta-panel-title vc_tta-controls-icon-position-left\"><a href=\"#1716280036315-312841bb-f9c0\" data-vc-accordion data-vc-container=\".vc_tta-container\"><span class=\"vc_tta-title-text\">La propriet\u00e0 immobiliare garantisce la residenza?<\/span><i class=\"vc_tta-controls-icon vc_tta-controls-icon-plus\"><\/i><\/a><\/h4><\/div><div class=\"vc_tta-panel-body\">\n\t<div class=\"wpb_text_column wpb_content_element  vc_column_text\" >\n\t\t<div class=\"wpb_wrapper\">\n\t\t\t<p><span style=\"font-weight: 400;\">S\u00ec, secondo la recente riforma dei visti, i proprietari di immobili per un valore complessivo di 1 milione di dirham possono richiedere un visto di residenza a lungo termine di 2-3 anni.<\/span><\/p>\n\n\t\t<\/div>\n\t<\/div>\n<\/div><\/div><div class=\"vc_tta-panel\" id=\"1716280061340-07bef443-8160\" data-vc-content=\".vc_tta-panel-body\"><div class=\"vc_tta-panel-heading\"><h4 class=\"vc_tta-panel-title vc_tta-controls-icon-position-left\"><a href=\"#1716280061340-07bef443-8160\" data-vc-accordion data-vc-container=\".vc_tta-container\"><span class=\"vc_tta-title-text\">Quali servizi sono disponibili in loco?<\/span><i class=\"vc_tta-controls-icon vc_tta-controls-icon-plus\"><\/i><\/a><\/h4><\/div><div class=\"vc_tta-panel-body\">\n\t<div class=\"wpb_text_column wpb_content_element  vc_column_text\" >\n\t\t<div class=\"wpb_wrapper\">\n\t\t\t<p><span style=\"font-weight: 400;\">Accesso alla spiaggia, negozi, ristoranti, parchi, palestre, piscine, sicurezza, ecc. Ulteriori hotel e strutture per il tempo libero faranno parte dello sviluppo principale.<\/span><\/p>\n\n\t\t<\/div>\n\t<\/div>\n<\/div><\/div><\/div><\/div><\/div><\/div><\/div><\/div><\/div><\/div>\n<\/section>","protected":false},"excerpt":{"rendered":"Un grande complesso nel porto di Dubai, inaugurato nel 2018, diventer\u00e0 un altro posto incredibile che attirer\u00e0 l&#039;attenzione. Il patrimonio immobiliare di Emaar si trova tra JBR e Palm Jumeirah e copre un&#039;area di 10 milioni di piedi quadrati. In questa comunit\u00e0 recintata, ci sono 27 residenze di lusso sul lungomare e un hotel di Address Hotels + Resorts. Ai residenti viene offerta una scelta di appartamenti da 1 a 4 camere da letto, ...","protected":false},"author":1,"featured_media":0,"parent":4295,"menu_order":0,"comment_status":"closed","ping_status":"closed","template":"advanced_search_results.php","meta":{"inline_featured_image":false,"_glsr_average":0,"_glsr_ranking":0,"_glsr_reviews":0,"footnotes":""},"class_list":["post-4352","page","type-page","status-publish","hentry"],"yoast_head":"<!-- This site is optimized with the Yoast SEO Premium plugin v25.1 (Yoast SEO v25.6) - https:\/\/yoast.com\/wordpress\/plugins\/seo\/ -->\n<title>Buy Real Estate in Emaar Beachfront, Dubai, UAE. Property for Sale - Alira<\/title>\n<meta name=\"description\" content=\"Buy real estate in Emaar Beachfront, Dubai, UAE. \u2b50 Property for sale in Emaar Beachfront. \u2b50 Prices, descriptions, and photos. \u27a4 Request a consultation on the website!\" \/>\n<meta name=\"robots\" content=\"index, follow, max-snippet:-1, max-image-preview:large, max-video-preview:-1\" \/>\n<link rel=\"canonical\" href=\"https:\/\/alirarealestate.com\/it\/catalog\/buy\/dubai\/emaar-beachfront\/\" \/>\n<meta property=\"og:locale\" content=\"it_IT\" \/>\n<meta property=\"og:type\" content=\"article\" \/>\n<meta property=\"og:title\" content=\"Properties for Sale in Emaar Beachfront, Dubai\" \/>\n<meta property=\"og:description\" content=\"Buy real estate in Emaar Beachfront, Dubai, UAE. \u2b50 Property for sale in Emaar Beachfront. \u2b50 Prices, descriptions, and photos. \u27a4 Request a consultation on the website!\" \/>\n<meta property=\"og:url\" content=\"https:\/\/alirarealestate.com\/it\/catalog\/buy\/dubai\/emaar-beachfront\/\" \/>\n<meta property=\"og:site_name\" content=\"Alira Real Estate - Real estate in the UAE\" \/>\n<meta property=\"article:modified_time\" content=\"2024-10-27T15:14:59+00:00\" \/>\n<meta name=\"twitter:card\" content=\"summary_large_image\" \/>\n<meta name=\"twitter:label1\" content=\"Tempo di lettura stimato\" \/>\n\t<meta name=\"twitter:data1\" content=\"7 minuti\" \/>\n<script type=\"application\/ld+json\" class=\"yoast-schema-graph\">{\"@context\":\"https:\/\/schema.org\",\"@graph\":[{\"@type\":\"WebPage\",\"@id\":\"https:\/\/alirarealestate.com\/it\/catalog\/buy\/dubai\/emaar-beachfront\/\",\"url\":\"https:\/\/alirarealestate.com\/it\/catalog\/buy\/dubai\/emaar-beachfront\/\",\"name\":\"Buy Real Estate in Emaar Beachfront, Dubai, UAE. Property for Sale - Alira\",\"isPartOf\":{\"@id\":\"https:\/\/alirarealestate.com\/it\/#website\"},\"datePublished\":\"2024-04-18T07:17:39+00:00\",\"dateModified\":\"2024-10-27T15:14:59+00:00\",\"description\":\"Buy real estate in Emaar Beachfront, Dubai, UAE. \u2b50 Property for sale in Emaar Beachfront. \u2b50 Prices, descriptions, and photos. \u27a4 Request a consultation on the website!\",\"breadcrumb\":{\"@id\":\"https:\/\/alirarealestate.com\/it\/catalog\/buy\/dubai\/emaar-beachfront\/#breadcrumb\"},\"inLanguage\":\"it-IT\",\"potentialAction\":[{\"@type\":\"ReadAction\",\"target\":[\"https:\/\/alirarealestate.com\/it\/catalog\/buy\/dubai\/emaar-beachfront\/\"]}]},{\"@type\":\"BreadcrumbList\",\"@id\":\"https:\/\/alirarealestate.com\/it\/catalog\/buy\/dubai\/emaar-beachfront\/#breadcrumb\",\"itemListElement\":[{\"@type\":\"ListItem\",\"position\":1,\"name\":\"Home\",\"item\":\"https:\/\/alirarealestate.com\/\"},{\"@type\":\"ListItem\",\"position\":2,\"name\":\"Real Estate Catalog\",\"item\":\"https:\/\/alirarealestate.com\/catalog\/\"},{\"@type\":\"ListItem\",\"position\":3,\"name\":\"Real Estate Catalog\",\"item\":\"https:\/\/alirarealestate.com\/catalog\/buy\/\"},{\"@type\":\"ListItem\",\"position\":4,\"name\":\"Properties for Sale in Dubai\",\"item\":\"https:\/\/alirarealestate.com\/catalog\/buy\/dubai\/\"},{\"@type\":\"ListItem\",\"position\":5,\"name\":\"Properties for Sale in Emaar Beachfront, Dubai\"}]},{\"@type\":\"WebSite\",\"@id\":\"https:\/\/alirarealestate.com\/it\/#website\",\"url\":\"https:\/\/alirarealestate.com\/it\/\",\"name\":\"Alira Real Estate - Real estate in the UAE\",\"description\":\"\",\"potentialAction\":[{\"@type\":\"SearchAction\",\"target\":{\"@type\":\"EntryPoint\",\"urlTemplate\":\"https:\/\/alirarealestate.com\/it\/?s={search_term_string}\"},\"query-input\":{\"@type\":\"PropertyValueSpecification\",\"valueRequired\":true,\"valueName\":\"search_term_string\"}}],\"inLanguage\":\"it-IT\"}]}<\/script>\n<!-- \/ Yoast SEO Premium plugin. -->","yoast_head_json":{"title":"Buy Real Estate in Emaar Beachfront, Dubai, UAE. Property for Sale - Alira","description":"Buy real estate in Emaar Beachfront, Dubai, UAE. \u2b50 Property for sale in Emaar Beachfront. \u2b50 Prices, descriptions, and photos. \u27a4 Request a consultation on the website!","robots":{"index":"index","follow":"follow","max-snippet":"max-snippet:-1","max-image-preview":"max-image-preview:large","max-video-preview":"max-video-preview:-1"},"canonical":"https:\/\/alirarealestate.com\/it\/catalog\/buy\/dubai\/emaar-beachfront\/","og_locale":"it_IT","og_type":"article","og_title":"Properties for Sale in Emaar Beachfront, Dubai","og_description":"Buy real estate in Emaar Beachfront, Dubai, UAE. \u2b50 Property for sale in Emaar Beachfront. \u2b50 Prices, descriptions, and photos. \u27a4 Request a consultation on the website!","og_url":"https:\/\/alirarealestate.com\/it\/catalog\/buy\/dubai\/emaar-beachfront\/","og_site_name":"Alira Real Estate - Real estate in the UAE","article_modified_time":"2024-10-27T15:14:59+00:00","twitter_card":"summary_large_image","twitter_misc":{"Tempo di lettura stimato":"7 minuti"},"schema":{"@context":"https:\/\/schema.org","@graph":[{"@type":"WebPage","@id":"https:\/\/alirarealestate.com\/it\/catalog\/buy\/dubai\/emaar-beachfront\/","url":"https:\/\/alirarealestate.com\/it\/catalog\/buy\/dubai\/emaar-beachfront\/","name":"Buy Real Estate in Emaar Beachfront, Dubai, UAE. Property for Sale - Alira","isPartOf":{"@id":"https:\/\/alirarealestate.com\/it\/#website"},"datePublished":"2024-04-18T07:17:39+00:00","dateModified":"2024-10-27T15:14:59+00:00","description":"Buy real estate in Emaar Beachfront, Dubai, UAE. \u2b50 Property for sale in Emaar Beachfront. \u2b50 Prices, descriptions, and photos. \u27a4 Request a consultation on the website!","breadcrumb":{"@id":"https:\/\/alirarealestate.com\/it\/catalog\/buy\/dubai\/emaar-beachfront\/#breadcrumb"},"inLanguage":"it-IT","potentialAction":[{"@type":"ReadAction","target":["https:\/\/alirarealestate.com\/it\/catalog\/buy\/dubai\/emaar-beachfront\/"]}]},{"@type":"BreadcrumbList","@id":"https:\/\/alirarealestate.com\/it\/catalog\/buy\/dubai\/emaar-beachfront\/#breadcrumb","itemListElement":[{"@type":"ListItem","position":1,"name":"Home","item":"https:\/\/alirarealestate.com\/"},{"@type":"ListItem","position":2,"name":"Real Estate Catalog","item":"https:\/\/alirarealestate.com\/catalog\/"},{"@type":"ListItem","position":3,"name":"Real Estate Catalog","item":"https:\/\/alirarealestate.com\/catalog\/buy\/"},{"@type":"ListItem","position":4,"name":"Properties for Sale in Dubai","item":"https:\/\/alirarealestate.com\/catalog\/buy\/dubai\/"},{"@type":"ListItem","position":5,"name":"Properties for Sale in Emaar Beachfront, Dubai"}]},{"@type":"WebSite","@id":"https:\/\/alirarealestate.com\/it\/#website","url":"https:\/\/alirarealestate.com\/it\/","name":"Alira Real Estate - Real estate in the UAE","description":"","potentialAction":[{"@type":"SearchAction","target":{"@type":"EntryPoint","urlTemplate":"https:\/\/alirarealestate.com\/it\/?s={search_term_string}"},"query-input":{"@type":"PropertyValueSpecification","valueRequired":true,"valueName":"search_term_string"}}],"inLanguage":"it-IT"}]}},"_links":{"self":[{"href":"https:\/\/alirarealestate.com\/it\/wp-json\/wp\/v2\/pages\/4352"}],"collection":[{"href":"https:\/\/alirarealestate.com\/it\/wp-json\/wp\/v2\/pages"}],"about":[{"href":"https:\/\/alirarealestate.com\/it\/wp-json\/wp\/v2\/types\/page"}],"author":[{"embeddable":true,"href":"https:\/\/alirarealestate.com\/it\/wp-json\/wp\/v2\/users\/1"}],"replies":[{"embeddable":true,"href":"https:\/\/alirarealestate.com\/it\/wp-json\/wp\/v2\/comments?post=4352"}],"version-history":[{"count":2,"href":"https:\/\/alirarealestate.com\/it\/wp-json\/wp\/v2\/pages\/4352\/revisions"}],"predecessor-version":[{"id":5928,"href":"https:\/\/alirarealestate.com\/it\/wp-json\/wp\/v2\/pages\/4352\/revisions\/5928"}],"up":[{"embeddable":true,"href":"https:\/\/alirarealestate.com\/it\/wp-json\/wp\/v2\/pages\/4295"}],"wp:attachment":[{"href":"https:\/\/alirarealestate.com\/it\/wp-json\/wp\/v2\/media?parent=4352"}],"curies":[{"name":"wp","href":"https:\/\/api.w.org\/{rel}","templated":true}]}}