{"id":4343,"date":"2024-04-18T10:17:39","date_gmt":"2024-04-18T07:17:39","guid":{"rendered":"https:\/\/alirarealestate.com\/catalog\/buy\/dubai\/jumeirah-village-circle\/"},"modified":"2024-10-27T18:12:25","modified_gmt":"2024-10-27T15:12:25","slug":"jumeirah-village-circle","status":"publish","type":"page","link":"https:\/\/alirarealestate.com\/it\/catalog\/buy\/dubai\/jumeirah-village-circle\/","title":{"rendered":"Propriet\u00e0 in vendita a JVC (Jumeirah Village Circle)"},"content":{"rendered":"<section class=\"wpb-content-wrapper\"><div class=\"vc_row wpb_row vc_row-fluid vc_row\"><div class=\"wpb_column vc_column_container vc_col-sm-12 vc_column\"><div class=\"vc_column-inner\"><div class=\"wpb_wrapper\">\n\t<div class=\"wpb_text_column wpb_content_element  vc_column_text\" >\n\t\t<div class=\"wpb_wrapper\">\n\t\t\t<p><span style=\"font-weight: 400;\">gli Emirati Arabi Uniti (EAU) sono un paese che attrae turisti che, una volta familiarizzati con la sua cultura e le sue opportunit\u00e0, sognano di trasferirsi e vivere qui in modo permanente. Nonostante le sue rigide politiche di immigrazione, \u00e8 possibile stabilirsi e godersi uno stile di vita lussuoso.<\/span><\/p>\n<p>&nbsp;<\/p>\n<p><span style=\"font-weight: 400;\">Il modo migliore per ottenere un visto di residenza permanente \u00e8 acquistare una propriet\u00e0. Le opzioni includono ville, case a schiera, appartamenti o monolocali. Gli stranieri possono acquistare una propriet\u00e0 solo nelle zone di propriet\u00e0 libera designate. Contattando Alira Real Estate Agency, puoi esplorare le propriet\u00e0 pi\u00f9 redditizie su misura per le tue esigenze e il tuo budget. Una delle aree promettenti \u00e8 JVC (Jumeirah Village Circle), parte della zona di New Dubai. Questa posizione vanta infrastrutture di trasporto e sociali ben sviluppate. I complessi residenziali in questa zona offrono un&#039;ampia gamma di servizi, rendendola adatta a professionisti, individui creativi e famiglie con bambini.<\/span><\/p>\n<p>&nbsp;<\/p>\n<h3><b>Vantaggi dell&#039;acquisto di una propriet\u00e0 in JVC<\/b><\/h3>\n<p>&nbsp;<\/p>\n<p><span style=\"font-weight: 400;\">JVC \u00e8 un quartiere moderno e in rapido sviluppo progettato per la vita in famiglia. Offre una combinazione perfetta di servizi di prima qualit\u00e0 per una vita confortevole e ampie opportunit\u00e0 ricreative. Uno dei vantaggi di questa zona \u00e8 la sua posizione comoda, che fornisce un rapido accesso ad altre aree come Jumeirah Lakes Towers, Dubai Internet City e Dubai Marina. Se decidi di acquistare una propriet\u00e0 a Dubai nella zona JVC, avrai una scelta di ville moderne, appartamenti e case a schiera. Tutti i tipi di alloggi qui incarnano eleganza e stile contemporaneo.<\/span><\/p>\n<h3><\/h3>\n<h3><b>Infrastruttura dell&#039;Area<\/b><\/h3>\n<p>&nbsp;<\/p>\n<p><span style=\"font-weight: 400;\">Il nome del distretto \u00e8 simbolico, indicando che tutti gli edifici sono disposti in una disposizione circolare. Il design radiale consente una facile navigazione e un rapido accesso a qualsiasi strada. Gli elementi infrastrutturali pi\u00f9 importanti si trovano al centro del distretto. Residenti e ospiti hanno accesso a:<\/span><\/p>\n<p>&nbsp;<\/p>\n<ul>\n<li style=\"font-weight: 400;\" aria-level=\"1\"><span style=\"font-weight: 400;\">Centri commerciali<\/span><\/li>\n<li style=\"font-weight: 400;\" aria-level=\"1\"><span style=\"font-weight: 400;\">Aree di sosta attrezzate<\/span><\/li>\n<li style=\"font-weight: 400;\" aria-level=\"1\"><span style=\"font-weight: 400;\">Scuole e asili nido<\/span><\/li>\n<li style=\"font-weight: 400;\" aria-level=\"1\"><span style=\"font-weight: 400;\">Bar e ristoranti<\/span><\/li>\n<li style=\"font-weight: 400;\" aria-level=\"1\"><span style=\"font-weight: 400;\">Centri fitness<\/span><\/li>\n<li style=\"font-weight: 400;\" aria-level=\"1\"><span style=\"font-weight: 400;\">Altri servizi di intrattenimento<\/span><\/li>\n<\/ul>\n<p>&nbsp;<\/p>\n<p><span style=\"font-weight: 400;\">Le ville e le case a schiera sono situate un po&#039; pi\u00f9 lontano dai luoghi di intrattenimento, garantendo privacy e tranquillit\u00e0. Particolare attenzione \u00e8 data allo sviluppo del parco durante la costruzione di complessi residenziali.<\/span><\/p>\n<h3><\/h3>\n<h3><b>Stile di vita in JVC<\/b><\/h3>\n<p>&nbsp;<\/p>\n<p><span style=\"font-weight: 400;\">I complessi residenziali sono progettati per la vita familiare, rendendoli perfetti per coloro che apprezzano la privacy e la tranquillit\u00e0 di un ambiente simile a un villaggio, ma desiderano comunque essere in citt\u00e0. Il quartiere presenta numerose aree verdi con parchi e piazze per passeggiate e relax. Con oltre 30 parchi, i residenti possono godersi la natura, giocare con i bambini e divertirsi. \u00c8 un luogo ideale per uno stile di vita tranquillo.<\/span><\/p>\n<p>&nbsp;<\/p>\n<p><span style=\"font-weight: 400;\">Grazie alla sua infrastruttura sociale e di trasporto ben sviluppata, i residenti hanno rapido accesso a cliniche, asili, scuole, supermercati, ristoranti e centri fitness. Ci sono numerosi mini-market dove puoi acquistare tutti gli articoli necessari. Per coloro che amano fare shopping, sono disponibili popolari mega market come Choithrams, Spinneys, West Zone Supermarket e Bluemart Supermarket.<\/span><\/p>\n<p>&nbsp;<\/p>\n<p><span style=\"font-weight: 400;\">Vivendo in uno dei complessi, i residenti possono mantenere uno stile di vita attivo. JVC dispone di molti parchi, giardini e spazi verdi, che promuovono il tempo libero attivo e le passeggiate all&#039;aperto. Numerosi centri fitness, palestre e piscine consentono ai residenti di mantenersi in forma e condurre uno stile di vita sano.<\/span><\/p>\n<p>&nbsp;<\/p>\n<p><span style=\"font-weight: 400;\">Un altro importante vantaggio del distretto \u00e8 la sua accessibilit\u00e0 ai trasporti. JVC \u00e8 situato in una posizione strategica, offrendo facile accesso alle principali arterie di trasporto di Dubai. Inoltre, ci sono piani per un ulteriore sviluppo dell&#039;infrastruttura di trasporto, tra cui l&#039;espansione delle linee della metropolitana.<\/span><\/p>\n<p>&nbsp;<\/p>\n<h3><b>Principali tipi di propriet\u00e0<\/b><\/h3>\n<p>&nbsp;<\/p>\n<p><span style=\"font-weight: 400;\">Jumeirah Village Circle (JVC) offre una variet\u00e0 di opzioni immobiliari, che vanno dagli appartamenti con una camera da letto ai lussuosi attici. C&#039;\u00e8 un&#039;ampia scelta per soddisfare vari requisiti e budget:<\/span><\/p>\n<p>&nbsp;<\/p>\n<ul>\n<li style=\"font-weight: 400;\" aria-level=\"1\"><b>Studi<\/b><span style=\"font-weight: 400;\">: Composto da un unico ambiente che combina le funzioni di camera da letto, soggiorno e cucina, con un bagno separato.<\/span><\/li>\n<li style=\"font-weight: 400;\" aria-level=\"1\"><b>Appartamenti con 1 camera da letto<\/b><span style=\"font-weight: 400;\">: Includono una camera da letto, un soggiorno, una cucina e un bagno. Possono anche avere un balcone.<\/span><\/li>\n<li style=\"font-weight: 400;\" aria-level=\"1\"><b>Appartamenti con 2 camere da letto<\/b><span style=\"font-weight: 400;\">: Dispone di due spaziose camere da letto, una cucina, un soggiorno e un balcone.<\/span><\/li>\n<li style=\"font-weight: 400;\" aria-level=\"1\"><b>Appartamenti con 3, 4, 5 camere da letto<\/b><span style=\"font-weight: 400;\">: Alloggi spaziosi adatti a famiglie numerose o a persone che apprezzano il comfort e gli ampi spazi. Questi appartamenti in genere includono tre o pi\u00f9 camere da letto, ampi soggiorni, cucine, pi\u00f9 bagni e spesso servizi aggiuntivi come balconi o terrazze.<\/span><\/li>\n<li style=\"font-weight: 400;\" aria-level=\"1\"><b>Case a schiera<\/b><span style=\"font-weight: 400;\">: Case residenziali solitamente di due o tre piani, con ingresso indipendente e terreno adiacente. Possono includere un garage, un giardino e una terrazza.<\/span><\/li>\n<li style=\"font-weight: 400;\" aria-level=\"1\"><b>Ville<\/b><span style=\"font-weight: 400;\">: Case con grandi appezzamenti di terreno, giardini, piscine e garage. Le ville possono avere pi\u00f9 piani e numerose camere da letto e bagni.<\/span><\/li>\n<\/ul>\n<p>&nbsp;<\/p>\n<p><span style=\"font-weight: 400;\">Rivolgendoti all&#039;agenzia immobiliare Alira potrai scegliere la soluzione migliore al prezzo pi\u00f9 vantaggioso.<\/span><\/p>\n<h3><\/h3>\n<h3><b>Prezzi degli immobili<\/b><\/h3>\n<p>&nbsp;<\/p>\n<p><span style=\"font-weight: 400;\">Attualmente, le propriet\u00e0 sono disponibili per la vendita nell&#039;area JVC di Dubai. Molti complessi sono stati completati e gli acquirenti possono scegliere l&#039;opzione pi\u00f9 adatta a loro. Secondo i dati dell&#039;agenzia immobiliare AX Capital nel 2023, i prezzi per le propriet\u00e0 residenziali sono i seguenti:<\/span><\/p>\n<p>&nbsp;<\/p>\n<ul>\n<li style=\"font-weight: 400;\" aria-level=\"1\"><b>Studi<\/b><span style=\"font-weight: 400;\">: Da 300.000 a 600.000 AED<\/span><\/li>\n<li style=\"font-weight: 400;\" aria-level=\"1\"><b>Appartamenti con 1 camera da letto<\/b><span style=\"font-weight: 400;\">: Da 500.000 a 1.000.000 di AED<\/span><\/li>\n<li style=\"font-weight: 400;\" aria-level=\"1\"><b>Appartamenti con 2 camere da letto<\/b><span style=\"font-weight: 400;\">: Da 800.000 a 1.500.000 AED<\/span><\/li>\n<li style=\"font-weight: 400;\" aria-level=\"1\"><b>Appartamenti con 3 camere da letto<\/b><span style=\"font-weight: 400;\">: da 1.200.000 a 2.500.000 AED<\/span><\/li>\n<li style=\"font-weight: 400;\" aria-level=\"1\"><b>Case a schiera con 2 camere da letto<\/b><span style=\"font-weight: 400;\">: Da 1.500.000 a 2.500.000 AED<\/span><\/li>\n<li style=\"font-weight: 400;\" aria-level=\"1\"><b>Case a schiera con 3 camere da letto<\/b><span style=\"font-weight: 400;\">: Da 1.800.000 a 3.000.000 di AED<\/span><\/li>\n<li style=\"font-weight: 400;\" aria-level=\"1\"><b>Ville con 4 camere da letto<\/b><span style=\"font-weight: 400;\">: Da 2.500.000 a 4.500.000 AED<\/span><\/li>\n<\/ul>\n<p>&nbsp;<\/p>\n<p><span style=\"font-weight: 400;\">I prezzi degli immobili a Jumeirah Village Circle possono variare a seconda del tipo di propriet\u00e0, delle dimensioni, della posizione e del progetto specifico. Gli appartamenti e le ville situati pi\u00f9 vicini a parchi, centri commerciali o con facile accesso alle principali vie di trasporto potrebbero essere pi\u00f9 costosi.<\/span><\/p>\n<h3><\/h3>\n<h3><b>Vantaggi dell&#039;agenzia immobiliare Alira:<\/b><\/h3>\n<p>&nbsp;<\/p>\n<ul>\n<li style=\"font-weight: 400;\" aria-level=\"1\"><b>Professionisti altamente qualificati<\/b><span style=\"font-weight: 400;\">: L&#039;azienda impiega solo specialisti di alto livello che prestano la massima attenzione a ogni richiesta.<\/span><\/li>\n<li style=\"font-weight: 400;\" aria-level=\"1\"><b>Approccio individuale<\/b><span style=\"font-weight: 400;\">: Tutte le opzioni vengono selezionate in base alle preferenze personali e alle capacit\u00e0 del cliente.<\/span><\/li>\n<li style=\"font-weight: 400;\" aria-level=\"1\"><b>Riservatezza<\/b><span style=\"font-weight: 400;\">: I dati delle transazioni non vengono condivisi con terze parti.<\/span><\/li>\n<li style=\"font-weight: 400;\" aria-level=\"1\"><b>Informazioni aggiornate<\/b><span style=\"font-weight: 400;\">: Grazie a un database di immobili commerciali e residenziali costantemente aggiornato, gli specialisti di Alira dispongono sempre delle informazioni pi\u00f9 aggiornate, assicurandosi di trovare la soluzione migliore.<\/span><\/li>\n<\/ul>\n<p>&nbsp;<\/p>\n<p><span style=\"font-weight: 400;\">Per saperne di pi\u00f9 sulle propriet\u00e0, contattaci a <a href=\"tel: 971588337\">+971 (588) 337<\/a> O <a href=\"tel: 79869277377\">+7 (986) 927-73-77.<\/a>, o e-mail <a class=\"mail\" href=\"mailto:info@alirarealestate.com\">info@alirarealestate.com<\/a> per una consulenza dettagliata e per trovare la soluzione pi\u00f9 adatta alle tue esigenze.<\/span><\/p>\n\n\t\t<\/div>\n\t<\/div>\n<\/div><\/div><\/div><\/div><div class=\"vc_row wpb_row vc_row-fluid vc_row\"><div class=\"wpb_column vc_column_container vc_col-sm-12 vc_column\"><div class=\"vc_column-inner\"><div class=\"wpb_wrapper\"><div class=\"vc_tta-container\" data-vc-action=\"collapse\"><h2>Domande frequenti<\/h2><div class=\"vc_general vc_tta vc_tta-accordion vc_tta-color-grey vc_tta-style-classic vc_tta-shape-rounded vc_tta-o-shape-group vc_tta-controls-align-left wpestate_accordion vc_tta_accordion\"><div class=\"vc_tta-panels-container\"><div class=\"vc_tta-panels\"><div class=\"vc_tta-panel vc_active\" id=\"1719302468223-0166546a-4751\" data-vc-content=\".vc_tta-panel-body\"><div class=\"vc_tta-panel-heading\"><h4 class=\"vc_tta-panel-title vc_tta-controls-icon-position-left\"><a href=\"#1719302468223-0166546a-4751\" data-vc-accordion data-vc-container=\".vc_tta-container\"><span class=\"vc_tta-title-text\">Quali sono i principali vantaggi di vivere a Jumeirah Village Circle?<\/span><i class=\"vc_tta-controls-icon vc_tta-controls-icon-plus\"><\/i><\/a><\/h4><\/div><div class=\"vc_tta-panel-body\">\n\t<div class=\"wpb_text_column wpb_content_element  vc_column_text\" >\n\t\t<div class=\"wpb_wrapper\">\n\t\t\t<p><span style=\"font-weight: 400;\">I residenti apprezzeranno l&#039;infrastruttura sviluppata, tra cui supermercati, ristoranti e scuole. La zona offre anche una variet\u00e0 di opzioni abitative.<\/span><\/p>\n\n\t\t<\/div>\n\t<\/div>\n<\/div><\/div><div class=\"vc_tta-panel\" id=\"1719302468242-38b3e4c8-e505\" data-vc-content=\".vc_tta-panel-body\"><div class=\"vc_tta-panel-heading\"><h4 class=\"vc_tta-panel-title vc_tta-controls-icon-position-left\"><a href=\"#1719302468242-38b3e4c8-e505\" data-vc-accordion data-vc-container=\".vc_tta-container\"><span class=\"vc_tta-title-text\">Qual \u00e8 il costo medio dell&#039;affitto degli appartamenti a JVC?<\/span><i class=\"vc_tta-controls-icon vc_tta-controls-icon-plus\"><\/i><\/a><\/h4><\/div><div class=\"vc_tta-panel-body\">\n\t<div class=\"wpb_text_column wpb_content_element  vc_column_text\" >\n\t\t<div class=\"wpb_wrapper\">\n\t\t\t<p><span style=\"font-weight: 400;\">I costi di affitto variano in base alle dimensioni e al tipo di appartamento. Gli studi possono essere affittati per 25.000-40.000 AED all&#039;anno, gli appartamenti con una camera da letto per 40.000-60.000 AED all&#039;anno, gli appartamenti con due camere da letto per 60.000-90.000 AED all&#039;anno e gli appartamenti con tre camere da letto per 90.000-130.000 AED all&#039;anno. Questi prezzi possono cambiare a seconda della posizione e delle condizioni della propriet\u00e0 specifica.<\/span><\/p>\n\n\t\t<\/div>\n\t<\/div>\n<\/div><\/div><div class=\"vc_tta-panel\" id=\"1719302568587-4f862959-8a2b\" data-vc-content=\".vc_tta-panel-body\"><div class=\"vc_tta-panel-heading\"><h4 class=\"vc_tta-panel-title vc_tta-controls-icon-position-left\"><a href=\"#1719302568587-4f862959-8a2b\" data-vc-accordion data-vc-container=\".vc_tta-container\"><span class=\"vc_tta-title-text\">Quali servizi sono offerti nei complessi residenziali?<\/span><i class=\"vc_tta-controls-icon vc_tta-controls-icon-plus\"><\/i><\/a><\/h4><\/div><div class=\"vc_tta-panel-body\">\n\t<div class=\"wpb_text_column wpb_content_element  vc_column_text\" >\n\t\t<div class=\"wpb_wrapper\">\n\t\t\t<p><span style=\"font-weight: 400;\">I principali servizi includono piscine, centri fitness, spa, aree barbecue, campi da gioco, parcheggio e sicurezza 24 ore su 24. Molti complessi dispongono anche di spazi verdi e giardini, creando un ambiente di vita confortevole e piacevole.<\/span><\/p>\n\n\t\t<\/div>\n\t<\/div>\n<\/div><\/div><div class=\"vc_tta-panel\" id=\"1719302683870-ce6b07f3-3f7b\" data-vc-content=\".vc_tta-panel-body\"><div class=\"vc_tta-panel-heading\"><h4 class=\"vc_tta-panel-title vc_tta-controls-icon-position-left\"><a href=\"#1719302683870-ce6b07f3-3f7b\" data-vc-accordion data-vc-container=\".vc_tta-container\"><span class=\"vc_tta-title-text\">Quali tipi di immobili sono disponibili per l&#039;acquisto?<\/span><i class=\"vc_tta-controls-icon vc_tta-controls-icon-plus\"><\/i><\/a><\/h4><\/div><div class=\"vc_tta-panel-body\">\n\t<div class=\"wpb_text_column wpb_content_element  vc_column_text\" >\n\t\t<div class=\"wpb_wrapper\">\n\t\t\t<p><span style=\"font-weight: 400;\">In JVC, puoi acquistare monolocali, appartamenti con 1, 2 e 3 camere da letto, case a schiera e ville. I prezzi variano in base al tipo di propriet\u00e0, alle sue dimensioni e alla posizione. Ad esempio, i prezzi dei monolocali partono da 300.000 AED e i prezzi delle ville possono arrivare fino a 4.500.000 AED.<\/span><\/p>\n\n\t\t<\/div>\n\t<\/div>\n<\/div><\/div><div class=\"vc_tta-panel\" id=\"1719302706708-8e0ed9ad-d642\" data-vc-content=\".vc_tta-panel-body\"><div class=\"vc_tta-panel-heading\"><h4 class=\"vc_tta-panel-title vc_tta-controls-icon-position-left\"><a href=\"#1719302706708-8e0ed9ad-d642\" data-vc-accordion data-vc-container=\".vc_tta-container\"><span class=\"vc_tta-title-text\">Quali scuole e asili si trovano nel Jumeirah Village Circle?<\/span><i class=\"vc_tta-controls-icon vc_tta-controls-icon-plus\"><\/i><\/a><\/h4><\/div><div class=\"vc_tta-panel-body\">\n\t<div class=\"wpb_text_column wpb_content_element  vc_column_text\" >\n\t\t<div class=\"wpb_wrapper\">\n\t\t\t<p><span style=\"font-weight: 400;\">Diverse scuole e asili nido in e intorno a JVC offrono un&#039;istruzione di qualit\u00e0 per bambini di diverse et\u00e0. Questi istituti scolastici forniscono programmi di studio in lingua inglese e soddisfano elevati standard internazionali.<\/span><\/p>\n\n\t\t<\/div>\n\t<\/div>\n<\/div><\/div><\/div><\/div><\/div><\/div><\/div><\/div><\/div><\/div>\n<\/section>","protected":false},"excerpt":{"rendered":"gli Emirati Arabi Uniti (EAU) sono un paese che attrae turisti che, una volta familiarizzati con la sua cultura e le sue opportunit\u00e0, sognano di trasferirsi e vivere qui in modo permanente. Nonostante le sue rigide politiche di immigrazione, \u00e8 possibile stabilirsi e godersi uno stile di vita lussuoso. Il modo migliore per ottenere un visto di residenza permanente \u00e8 acquistare una propriet\u00e0. Le opzioni includono ville, case a schiera, appartamenti o monolocali. Gli stranieri ...","protected":false},"author":1,"featured_media":0,"parent":4295,"menu_order":0,"comment_status":"closed","ping_status":"closed","template":"advanced_search_results.php","meta":{"inline_featured_image":false,"_glsr_average":0,"_glsr_ranking":0,"_glsr_reviews":0,"footnotes":""},"class_list":["post-4343","page","type-page","status-publish","hentry"],"yoast_head":"<!-- This site is optimized with the Yoast SEO Premium plugin v25.1 (Yoast SEO v25.6) - https:\/\/yoast.com\/wordpress\/plugins\/seo\/ -->\n<title>Buy real estate in Burj Khalifa, Dubai, UAE. Housing prices - Alira<\/title>\n<meta name=\"description\" content=\"Buy property in JVC (Jumeirah Village Circle), Dubai, UAE. \u2b50 Current housing prices in the JVC area, descriptions, photos. \u2b50 Apartments, houses, villas. \u27a4 Leave a request for selection on the website!\" \/>\n<meta name=\"robots\" content=\"index, follow, max-snippet:-1, max-image-preview:large, max-video-preview:-1\" \/>\n<link rel=\"canonical\" href=\"https:\/\/alirarealestate.com\/it\/catalog\/buy\/dubai\/jumeirah-village-circle\/\" \/>\n<meta property=\"og:locale\" content=\"it_IT\" \/>\n<meta property=\"og:type\" content=\"article\" \/>\n<meta property=\"og:title\" content=\"Properties for Sale in JVC (Jumeirah Village Circle)\" \/>\n<meta property=\"og:description\" content=\"Buy property in JVC (Jumeirah Village Circle), Dubai, UAE. \u2b50 Current housing prices in the JVC area, descriptions, photos. \u2b50 Apartments, houses, villas. \u27a4 Leave a request for selection on the website!\" \/>\n<meta property=\"og:url\" content=\"https:\/\/alirarealestate.com\/it\/catalog\/buy\/dubai\/jumeirah-village-circle\/\" \/>\n<meta property=\"og:site_name\" content=\"Alira Real Estate - Real estate in the UAE\" \/>\n<meta property=\"article:modified_time\" content=\"2024-10-27T15:12:25+00:00\" \/>\n<meta name=\"twitter:card\" content=\"summary_large_image\" \/>\n<meta name=\"twitter:label1\" content=\"Tempo di lettura stimato\" \/>\n\t<meta name=\"twitter:data1\" content=\"6 minuti\" \/>\n<script type=\"application\/ld+json\" class=\"yoast-schema-graph\">{\"@context\":\"https:\/\/schema.org\",\"@graph\":[{\"@type\":\"WebPage\",\"@id\":\"https:\/\/alirarealestate.com\/it\/catalog\/buy\/dubai\/jumeirah-village-circle\/\",\"url\":\"https:\/\/alirarealestate.com\/it\/catalog\/buy\/dubai\/jumeirah-village-circle\/\",\"name\":\"Buy real estate in Burj Khalifa, Dubai, UAE. Housing prices - Alira\",\"isPartOf\":{\"@id\":\"https:\/\/alirarealestate.com\/it\/#website\"},\"datePublished\":\"2024-04-18T07:17:39+00:00\",\"dateModified\":\"2024-10-27T15:12:25+00:00\",\"description\":\"Buy property in JVC (Jumeirah Village Circle), Dubai, UAE. \u2b50 Current housing prices in the JVC area, descriptions, photos. \u2b50 Apartments, houses, villas. \u27a4 Leave a request for selection on the website!\",\"breadcrumb\":{\"@id\":\"https:\/\/alirarealestate.com\/it\/catalog\/buy\/dubai\/jumeirah-village-circle\/#breadcrumb\"},\"inLanguage\":\"it-IT\",\"potentialAction\":[{\"@type\":\"ReadAction\",\"target\":[\"https:\/\/alirarealestate.com\/it\/catalog\/buy\/dubai\/jumeirah-village-circle\/\"]}]},{\"@type\":\"BreadcrumbList\",\"@id\":\"https:\/\/alirarealestate.com\/it\/catalog\/buy\/dubai\/jumeirah-village-circle\/#breadcrumb\",\"itemListElement\":[{\"@type\":\"ListItem\",\"position\":1,\"name\":\"Home\",\"item\":\"https:\/\/alirarealestate.com\/\"},{\"@type\":\"ListItem\",\"position\":2,\"name\":\"Real Estate Catalog\",\"item\":\"https:\/\/alirarealestate.com\/catalog\/\"},{\"@type\":\"ListItem\",\"position\":3,\"name\":\"Real Estate Catalog\",\"item\":\"https:\/\/alirarealestate.com\/catalog\/buy\/\"},{\"@type\":\"ListItem\",\"position\":4,\"name\":\"Properties for Sale in Dubai\",\"item\":\"https:\/\/alirarealestate.com\/catalog\/buy\/dubai\/\"},{\"@type\":\"ListItem\",\"position\":5,\"name\":\"Properties for Sale in JVC (Jumeirah Village Circle)\"}]},{\"@type\":\"WebSite\",\"@id\":\"https:\/\/alirarealestate.com\/it\/#website\",\"url\":\"https:\/\/alirarealestate.com\/it\/\",\"name\":\"Alira Real Estate - Real estate in the UAE\",\"description\":\"\",\"potentialAction\":[{\"@type\":\"SearchAction\",\"target\":{\"@type\":\"EntryPoint\",\"urlTemplate\":\"https:\/\/alirarealestate.com\/it\/?s={search_term_string}\"},\"query-input\":{\"@type\":\"PropertyValueSpecification\",\"valueRequired\":true,\"valueName\":\"search_term_string\"}}],\"inLanguage\":\"it-IT\"}]}<\/script>\n<!-- \/ Yoast SEO Premium plugin. -->","yoast_head_json":{"title":"Buy real estate in Burj Khalifa, Dubai, UAE. Housing prices - Alira","description":"Buy property in JVC (Jumeirah Village Circle), Dubai, UAE. \u2b50 Current housing prices in the JVC area, descriptions, photos. \u2b50 Apartments, houses, villas. \u27a4 Leave a request for selection on the website!","robots":{"index":"index","follow":"follow","max-snippet":"max-snippet:-1","max-image-preview":"max-image-preview:large","max-video-preview":"max-video-preview:-1"},"canonical":"https:\/\/alirarealestate.com\/it\/catalog\/buy\/dubai\/jumeirah-village-circle\/","og_locale":"it_IT","og_type":"article","og_title":"Properties for Sale in JVC (Jumeirah Village Circle)","og_description":"Buy property in JVC (Jumeirah Village Circle), Dubai, UAE. \u2b50 Current housing prices in the JVC area, descriptions, photos. \u2b50 Apartments, houses, villas. \u27a4 Leave a request for selection on the website!","og_url":"https:\/\/alirarealestate.com\/it\/catalog\/buy\/dubai\/jumeirah-village-circle\/","og_site_name":"Alira Real Estate - Real estate in the UAE","article_modified_time":"2024-10-27T15:12:25+00:00","twitter_card":"summary_large_image","twitter_misc":{"Tempo di lettura stimato":"6 minuti"},"schema":{"@context":"https:\/\/schema.org","@graph":[{"@type":"WebPage","@id":"https:\/\/alirarealestate.com\/it\/catalog\/buy\/dubai\/jumeirah-village-circle\/","url":"https:\/\/alirarealestate.com\/it\/catalog\/buy\/dubai\/jumeirah-village-circle\/","name":"Buy real estate in Burj Khalifa, Dubai, UAE. Housing prices - Alira","isPartOf":{"@id":"https:\/\/alirarealestate.com\/it\/#website"},"datePublished":"2024-04-18T07:17:39+00:00","dateModified":"2024-10-27T15:12:25+00:00","description":"Buy property in JVC (Jumeirah Village Circle), Dubai, UAE. \u2b50 Current housing prices in the JVC area, descriptions, photos. \u2b50 Apartments, houses, villas. \u27a4 Leave a request for selection on the website!","breadcrumb":{"@id":"https:\/\/alirarealestate.com\/it\/catalog\/buy\/dubai\/jumeirah-village-circle\/#breadcrumb"},"inLanguage":"it-IT","potentialAction":[{"@type":"ReadAction","target":["https:\/\/alirarealestate.com\/it\/catalog\/buy\/dubai\/jumeirah-village-circle\/"]}]},{"@type":"BreadcrumbList","@id":"https:\/\/alirarealestate.com\/it\/catalog\/buy\/dubai\/jumeirah-village-circle\/#breadcrumb","itemListElement":[{"@type":"ListItem","position":1,"name":"Home","item":"https:\/\/alirarealestate.com\/"},{"@type":"ListItem","position":2,"name":"Real Estate Catalog","item":"https:\/\/alirarealestate.com\/catalog\/"},{"@type":"ListItem","position":3,"name":"Real Estate Catalog","item":"https:\/\/alirarealestate.com\/catalog\/buy\/"},{"@type":"ListItem","position":4,"name":"Properties for Sale in Dubai","item":"https:\/\/alirarealestate.com\/catalog\/buy\/dubai\/"},{"@type":"ListItem","position":5,"name":"Properties for Sale in JVC (Jumeirah Village Circle)"}]},{"@type":"WebSite","@id":"https:\/\/alirarealestate.com\/it\/#website","url":"https:\/\/alirarealestate.com\/it\/","name":"Alira Real Estate - Real estate in the UAE","description":"","potentialAction":[{"@type":"SearchAction","target":{"@type":"EntryPoint","urlTemplate":"https:\/\/alirarealestate.com\/it\/?s={search_term_string}"},"query-input":{"@type":"PropertyValueSpecification","valueRequired":true,"valueName":"search_term_string"}}],"inLanguage":"it-IT"}]}},"_links":{"self":[{"href":"https:\/\/alirarealestate.com\/it\/wp-json\/wp\/v2\/pages\/4343"}],"collection":[{"href":"https:\/\/alirarealestate.com\/it\/wp-json\/wp\/v2\/pages"}],"about":[{"href":"https:\/\/alirarealestate.com\/it\/wp-json\/wp\/v2\/types\/page"}],"author":[{"embeddable":true,"href":"https:\/\/alirarealestate.com\/it\/wp-json\/wp\/v2\/users\/1"}],"replies":[{"embeddable":true,"href":"https:\/\/alirarealestate.com\/it\/wp-json\/wp\/v2\/comments?post=4343"}],"version-history":[{"count":2,"href":"https:\/\/alirarealestate.com\/it\/wp-json\/wp\/v2\/pages\/4343\/revisions"}],"predecessor-version":[{"id":5925,"href":"https:\/\/alirarealestate.com\/it\/wp-json\/wp\/v2\/pages\/4343\/revisions\/5925"}],"up":[{"embeddable":true,"href":"https:\/\/alirarealestate.com\/it\/wp-json\/wp\/v2\/pages\/4295"}],"wp:attachment":[{"href":"https:\/\/alirarealestate.com\/it\/wp-json\/wp\/v2\/media?parent=4343"}],"curies":[{"name":"wp","href":"https:\/\/api.w.org\/{rel}","templated":true}]}}