{"id":4337,"date":"2024-04-18T10:17:39","date_gmt":"2024-04-18T07:17:39","guid":{"rendered":"https:\/\/alirarealestate.com\/catalog\/buy\/dubai\/dubai-marina\/"},"modified":"2025-04-23T23:28:25","modified_gmt":"2025-04-23T20:28:25","slug":"dubai-marina","status":"publish","type":"page","link":"https:\/\/alirarealestate.com\/it\/catalog\/buy\/dubai\/dubai-marina\/","title":{"rendered":"Propriet\u00e0 in vendita a Dubai Marina"},"content":{"rendered":"<section class=\"wpb-content-wrapper\"><div class=\"vc_row wpb_row vc_row-fluid vc_row\"><div class=\"wpb_column vc_column_container vc_col-sm-12 vc_column\"><div class=\"vc_column-inner\"><div class=\"wpb_wrapper\">\n\t<div class=\"wpb_text_column wpb_content_element  vc_column_text\" >\n\t\t<div class=\"wpb_wrapper\">\n\t\t\t<p><span style=\"font-weight: 400;\">Dubai Marina \u00e8 un quartiere alla moda di Dubai, molto popolare tra i turisti. Si trova nella parte occidentale della citt\u00e0 e rappresenta una comunit\u00e0 d&#039;\u00e9lite con grattacieli, ampie passeggiate e complessi residenziali confortevoli. Molti sognano di acquistare immobili a Dubai Marina. Acquistare una propriet\u00e0 qui \u00e8 un&#039;ottima soluzione sia per vivere che per investimento. La zona offre un&#039;ampia scelta di appartamenti, monolocali, ville di lusso, che possono portare buoni guadagni da locazione.<\/span><\/p>\n<p>&nbsp;<\/p>\n<h2><b>Vantaggi dell&#039;acquisto di immobili a Dubai Marina<\/b><\/h2>\n<p>&nbsp;<\/p>\n<p><span style=\"font-weight: 400;\">Dubai Marina \u00e8 l&#039;incarnazione del lusso e del cosmopolitismo di Dubai. Dopo la sua comparsa, la zona si \u00e8 rapidamente trasformata in un vivace centro cittadino, dove splendide spiagge sabbiose coesistono con lussuosi yacht club e un&#039;architettura innovativa coesiste pacificamente con ampie aree verdi. Acquistare una propriet\u00e0 a Dubai Marina vale la pena per molte ragioni:<\/span><\/p>\n<p>&nbsp;<\/p>\n<ul>\n<li><span style=\"font-weight: 400;\">Numerose attrazioni: nelle vicinanze si trovano il Dubai Mall, la famosa torre Burj Khalifa, la ruota panoramica Dubai Eye e molto altro ancora.<\/span><\/li>\n<li><span style=\"font-weight: 400;\">Infrastrutture sviluppate: nella zona sono presenti numerosi negozi, ristoranti, cliniche e scuole.<\/span><\/li>\n<li><span style=\"font-weight: 400;\">Afflusso turistico durante tutto l&#039;anno: la zona accoglie ospiti durante tutto l&#039;anno, quindi affittare un immobile non \u00e8 difficile.<\/span><\/li>\n<li><span style=\"font-weight: 400;\">La posizione strategica nel cuore di New Dubai garantisce un comodo accesso alle spiagge, ai centri commerciali e alle principali attrazioni della citt\u00e0.<\/span><\/li>\n<li><span style=\"font-weight: 400;\">Un&#039;ampia variet\u00e0 di immobili: da soluzioni convenienti ad alloggi di lusso con servizi di prima classe e splendide viste panoramiche sul Golfo Persico.<\/span><\/li>\n<li><span style=\"font-weight: 400;\">Elevati rendimenti degli investimenti: il prezzo degli immobili a Dubai Marina \u00e8 in costante crescita e gli appartamenti suscitano sempre pi\u00f9 interesse tra gli inquilini.<\/span><\/li>\n<\/ul>\n<p>&nbsp;<\/p>\n<h2><b>Infrastruttura della Dubai Marina<\/b><\/h2>\n<p>&nbsp;<\/p>\n<p><span style=\"font-weight: 400;\">Dubai Marina copre un&#039;area di soli 4,9 chilometri quadrati, ma pu\u00f2 fornire ai suoi residenti un&#039;infrastruttura completa e ben sviluppata. Nella zona, puoi trovare prestigiose scuole internazionali, istituti medici di prima classe, cinema, ristoranti e caff\u00e8 che offrono piatti della cucina mondiale.<\/span><\/p>\n<p>&nbsp;<\/p>\n<p><span style=\"font-weight: 400;\">Puoi fare shopping nelle boutique, nei centri commerciali o nei colorati mercati locali. Molti turisti amano visitare il Friday Market, che i russi chiamano spesso Dubai Arbat. Qui puoi acquistare dipinti di artisti locali, cos\u00ec come vari prodotti artigianali.<\/span><\/p>\n<p>&nbsp;<\/p>\n<p><span style=\"font-weight: 400;\">L&#039;intera area di Dubai Marina \u00e8 divisa in 10 micro-distretti. Ognuno di essi ha tutto ci\u00f2 di cui una persona ha bisogno per un soggiorno confortevole. I complessi residenziali nei micro-distretti hanno le proprie strutture infrastrutturali. Quasi ogni complesso residenziale ha le proprie palestre, piscine, negozi e imprese di servizi. A ogni appartamento vengono assegnati uno o pi\u00f9 posti auto in parcheggi chiusi e custoditi.<\/span><\/p>\n\n\t\t<\/div>\n\t<\/div>\n<\/div><\/div><\/div><\/div><div class=\"vc_row wpb_row vc_row-fluid vc_row\"><div class=\"wpb_column vc_column_container vc_col-sm-12 vc_column\"><div class=\"vc_column-inner\"><div class=\"wpb_wrapper\">\n\t<div class=\"wpb_text_column wpb_content_element  vc_column_text\" >\n\t\t<div class=\"wpb_wrapper\">\n\t\t\t<h2><b>Tipi di <\/b><b>propriet\u00e0 in vendita a Dubai Marina<\/b><\/h2>\n<p>&nbsp;<\/p>\n<p><span style=\"font-weight: 400;\">La scelta immobiliare a Dubai Marina \u00e8 molto ampia. Il patrimonio residenziale della zona comprende oltre 200 case, dove puoi trovare delle buone opzioni in base al tuo budget. In vendita ci sono:<\/span><\/p>\n<p>&nbsp;<\/p>\n<ul>\n<li><span style=\"font-weight: 400;\"><a href=\"https:\/\/alirarealestate.com\/it\/catalog\/buy\/dubai\/dubai-marina\/apartments\/\">Appartamenti<\/a> \u2013 appartengono alla categoria pi\u00f9 ampia di alloggi a Dubai Marina. Agli acquirenti vengono offerti appartamenti da una a cinque stanze, monolocali compatti, appartamenti spaziosi. I complessi residenziali nella zona includono sia tipi di alloggi d&#039;\u00e9lite che economici. Gli appartamenti in riva al mare sono particolarmente popolari.<\/span><\/li>\n<li><span style=\"font-weight: 400;\">Ville \u2013 situate nei territori di complessi residenziali, possono avere 2-6 camere da letto e bagni. La maggior parte delle offerte nel settore privato sono ville podium, che si trovano ai piedi di edifici alti.<\/span><\/li>\n<li><span style=\"font-weight: 400;\">Penthouse \u2013 situate ai piani alti dei grattacieli, offrono magnifiche viste sul porto e sullo sviluppo della citt\u00e0. Molte camere sono dotate di terrazze dove \u00e8 possibile rilassarsi e organizzare tea party serali.<\/span><\/li>\n<li><span style=\"font-weight: 400;\">Townhouses \u2013 offerte in piccole quantit\u00e0 e sono appartamenti su pi\u00f9 livelli che occupano met\u00e0 di una casa privata. Le townhouses hanno ingressi separati, posti auto e talvolta piccoli appezzamenti di terreno.<\/span><\/li>\n<li><span style=\"font-weight: 400;\">Immobili commerciali \u2013 rappresentati da spazi per uffici, hotel, camere d&#039;albergo. Tali offerte sono richieste tra gli imprenditori che acquistano immobili per scopi commerciali.<\/span><\/li>\n<\/ul>\n<p>&nbsp;<\/p>\n<h2><b>Prezzi degli immobili a Dubai Marina<\/b><\/h2>\n<p>&nbsp;<\/p>\n<p><span style=\"font-weight: 400;\">Il costo degli immobili a Dubai Marina \u00e8 accessibile per molti acquirenti. I prezzi sono pi\u00f9 bassi rispetto a molte grandi citt\u00e0 europee, ma la domanda di alloggi in costante crescita contribuisce alla loro crescita stabile. I pi\u00f9 accessibili sono i monolocali. A partire dal 2023, tali immobili possono essere acquistati in media per 500.000 AED. Un appartamento con una camera da letto coster\u00e0 leggermente di pi\u00f9, da 600.000 AED, e il costo delle ville pu\u00f2 arrivare a centinaia di milioni di dirham. Ad esempio, una villa con sei camere da letto e sette bagni coster\u00e0 circa 225 milioni di AED.<\/span><\/p>\n<p>&nbsp;<\/p>\n<p><span style=\"font-weight: 400;\">I prezzi degli appartamenti e degli appartamenti possono essere influenzati da molti fattori, tra cui la zona, la vicinanza alle spiagge, il livello di comfort e le attrezzature tecniche. Il costante aumento del valore degli oggetti \u00e8 spiegato sia dall&#039;attraente posizione della zona che dall&#039;elevata qualit\u00e0 della vita, dall&#039;infrastruttura sviluppata e dalla vicinanza a molte attrazioni di Dubai.<\/span><\/p>\n\n\t\t<\/div>\n\t<\/div>\n<\/div><\/div><\/div><\/div><div class=\"vc_row wpb_row vc_row-fluid vc_row\"><div class=\"wpb_column vc_column_container vc_col-sm-12 vc_column\"><div class=\"vc_column-inner\"><div class=\"wpb_wrapper\">\n\t<div class=\"wpb_text_column wpb_content_element  vc_column_text\" >\n\t\t<div class=\"wpb_wrapper\">\n\t\t\t<h2><b>Stile di vita a Dubai Marina<\/b><\/h2>\n<p>&nbsp;<\/p>\n<p><span style=\"font-weight: 400;\">Dubai Marina \u00e8 attivamente popolata da espatriati che preferiscono questo posto per la sua buona infrastruttura di trasporto e la vicinanza al mare. La zona \u00e8 anche scelta da molti imprenditori perch\u00e9 nelle vicinanze si trovano importanti centri commerciali: <a href=\"https:\/\/alirarealestate.com\/ru\/catalog\/buy\/dubai\/downtown\/\">Centro di Dubai<\/a> E <a href=\"https:\/\/alirarealestate.com\/ru\/catalog\/buy\/dubai\/business-bay\/\">Baia degli affari<\/a>.<\/span><\/p>\n<p>&nbsp;<\/p>\n<p><span style=\"font-weight: 400;\">Molte persone scelgono <\/span><span style=\"font-weight: 400;\">Propriet\u00e0 di Dubai Marina<\/span><span style=\"font-weight: 400;\"> per la sua vicinanza alle famose attrazioni di Dubai. Oltre 10 km di passeggiate, grandi centri di intrattenimento, parchi pittoreschi, spiagge pulite con tutti i comfort: questo \u00e8 ci\u00f2 che conferisce alla zona un&#039;elevata attrattiva per gli investimenti.<\/span><\/p>\n<p>&nbsp;<\/p>\n<p><span style=\"font-weight: 400;\">La zona \u00e8 caratterizzata da un&#039;infrastruttura di trasporto sviluppata. I residenti hanno accesso alla metropolitana di Dubai, che consente loro di raggiungere rapidamente quasi ogni parte della citt\u00e0. Gli automobilisti possono utilizzare numerose autostrade e superstrade, e i taxi d&#039;acqua sono disponibili per gli amanti delle passeggiate in mare.<\/span><\/p>\n<p>&nbsp;<\/p>\n<p><span style=\"font-weight: 400;\">Una caratteristica distintiva della pianificazione dell&#039;area \u00e8 la presenza di numerose zone pedonali. Ampi sentieri che costeggiano la costa consentono ai residenti di trascorrere molto tempo passeggiando tranquillamente. Lungo il percorso, si possono facilmente trovare panchine dove riposarsi all&#039;ombra di alberi rigogliosi.<\/span><\/p>\n<p>&nbsp;<\/p>\n<p><span style=\"font-weight: 400;\">Lo stile di vita tradizionale di Dubai Marina \u00e8 caratterizzato da intrattenimento vivace ed eventi entusiasmanti. La passeggiata Dubai Marina Walk, dove si trovano oltre 300 ristoranti, caff\u00e8 e altri luoghi per passatempi interessanti, attraversa l&#039;area. Durante tutto l&#039;anno, vari eventi per adulti e bambini si svolgono nei centri culturali e di intrattenimento locali.<\/span><\/p>\n<p>&nbsp;<\/p>\n<h2><b>Investire nel settore immobiliare a Dubai Marina<\/b><\/h2>\n<p>&nbsp;<\/p>\n<p><span style=\"font-weight: 400;\">Se acquisti <\/span><span style=\"font-weight: 400;\">propriet\u00e0 a Dubai Marin<\/span><span style=\"font-weight: 400;\">a, puoi affittarlo ai turisti. Tutti gli appartamenti qui sono vicini alle spiagge, quindi sono sempre richiesti. Il ritorno sull&#039;investimento in questa zona \u00e8 uno dei pi\u00f9 alti della citt\u00e0. In media, il ROI per gli alloggi d&#039;\u00e9lite \u00e8 di 6,5% all&#039;anno e alcune opzioni offrono una resa fino a 8-9,5% all&#039;anno. I monolocali compatti sono i pi\u00f9 adatti per gli investimenti di capitale, poich\u00e9 sono i pi\u00f9 richiesti tra gli inquilini. Il ritorno medio sull&#039;investimento quando li acquisti \u00e8 fino a 7%.<\/span><\/p>\n<p>&nbsp;<\/p>\n<h2><b>Vantaggi della collaborazione con la societ\u00e0 immobiliare Alira<\/b><\/h2>\n<p>&nbsp;<\/p>\n<p><span style=\"font-weight: 400;\">La societ\u00e0 Alira \u00e8 pronta ad aiutarti con l&#039;acquisto di immobili redditizi a Dubai Marina. Selezioneremo immobili di qualit\u00e0 e forniremo condizioni di cooperazione sicure in un formato conveniente per te, con un incontro personale o da remoto. Contattando la nostra agenzia, ottieni:<\/span><\/p>\n<p>&nbsp;<\/p>\n<ul>\n<li><span style=\"font-weight: 400;\">Servizi di professionisti con vasta esperienza nel settore immobiliare degli Emirati Arabi.<\/span><\/li>\n<li><span style=\"font-weight: 400;\">Interazione flessibile, selezione dell&#039;alloggio in base alle vostre preferenze e al vostro budget.<\/span><\/li>\n<li><span style=\"font-weight: 400;\">Un&#039;ampia gamma di servizi, tra cui assistenza nell&#039;acquisto, nell&#039;affitto, nella vendita o nella gestione di immobili.<\/span><\/li>\n<li><span style=\"font-weight: 400;\">Garanzia di riservatezza dei tuoi dati personali.<\/span><\/li>\n<li><span style=\"font-weight: 400;\">Comodit\u00e0 nella ricerca degli immobili sul sito web grazie a descrizioni dettagliate e a un sistema di filtraggio ben studiato.<\/span><\/li>\n<li><span style=\"font-weight: 400;\">Fornitura di informazioni utili: ultime notizie, modifiche legislative, statistiche.<\/span><\/li>\n<\/ul>\n<p>&nbsp;<\/p>\n<p><span style=\"font-weight: 400;\">Contatta la nostra azienda se sei interessato ad acquistare o vendere immobili a Dubai Marina. Ci occuperemo di tutte le questioni relative alla transazione e forniremo supporto legale completo in ogni fase. Puoi registrarti per una consulenza utilizzando il modulo sul sito web, telefonicamente <\/span><span style=\"font-weight: 400;\"><a href=\"tel: 971588337903\">+971 (588) 337 903<\/a><\/span><span style=\"font-weight: 400;\">\u00a0E <\/span><span style=\"font-weight: 400;\"><a href=\"tel: 79869277377\">+7 (986) 927-73-77<\/a>, <\/span><span style=\"font-weight: 400;\">o via email <\/span><a class=\"mail\" href=\"mailto:info@alirarealestate.com\">info@alirarealestate.com<\/a><span style=\"font-weight: 400;\">.<\/span><\/p>\n\n\t\t<\/div>\n\t<\/div>\n<\/div><\/div><\/div><\/div><div class=\"vc_row wpb_row vc_row-fluid vc_row\"><div class=\"wpb_column vc_column_container vc_col-sm-12 vc_column\"><div class=\"vc_column-inner\"><div class=\"wpb_wrapper\"><div class=\"vc_tta-container\" data-vc-action=\"collapseAll\"><h2>Domande frequenti<\/h2><div class=\"vc_general vc_tta vc_tta-accordion vc_tta-color-grey vc_tta-style-classic vc_tta-shape-rounded vc_tta-o-shape-group vc_tta-controls-align-left vc_tta-o-all-clickable wpestate_accordion vc_tta_accordion\"><div class=\"vc_tta-panels-container\"><div class=\"vc_tta-panels\"><div class=\"vc_tta-panel vc_active\" id=\"1714047978264-be49e7e2-f6e2\" data-vc-content=\".vc_tta-panel-body\"><div class=\"vc_tta-panel-heading\"><h4 class=\"vc_tta-panel-title vc_tta-controls-icon-position-left\"><a href=\"#1714047978264-be49e7e2-f6e2\" data-vc-accordion data-vc-container=\".vc_tta-container\"><span class=\"vc_tta-title-text\">Quali complessi residenziali ci sono a Dubai Marina?<\/span><i class=\"vc_tta-controls-icon vc_tta-controls-icon-plus\"><\/i><\/a><\/h4><\/div><div class=\"vc_tta-panel-body\">\n\t<div class=\"wpb_text_column wpb_content_element  vc_column_text\" >\n\t\t<div class=\"wpb_wrapper\">\n\t\t\t<p><span style=\"font-weight: 400;\">Ci sono molti complessi residenziali in costruzione e operativi a Dubai Marina. La maggior parte di essi sono complessi architettonici di grattacieli che vanno dai 30 ai 70 piani. I pi\u00f9 famosi sono Cavalli Tower, LIV Marina, Stella Maris, Address Jbr.<\/span><\/p>\n\n\t\t<\/div>\n\t<\/div>\n<\/div><\/div><div class=\"vc_tta-panel\" id=\"1714047978281-54d23170-2a7b\" data-vc-content=\".vc_tta-panel-body\"><div class=\"vc_tta-panel-heading\"><h4 class=\"vc_tta-panel-title vc_tta-controls-icon-position-left\"><a href=\"#1714047978281-54d23170-2a7b\" data-vc-accordion data-vc-container=\".vc_tta-container\"><span class=\"vc_tta-title-text\">Dove \u00e8 possibile praticare sport a Dubai Marina?<\/span><i class=\"vc_tta-controls-icon vc_tta-controls-icon-plus\"><\/i><\/a><\/h4><\/div><div class=\"vc_tta-panel-body\">\n\t<div class=\"wpb_text_column wpb_content_element  vc_column_text\" >\n\t\t<div class=\"wpb_wrapper\">\n\t\t\t<p><span style=\"font-weight: 400;\">La zona \u00e8 ricca di palestre e centri fitness con attrezzature moderne. Gli amanti degli sport acquatici attendono il Dubai Marina Yacht Club, mentre gli amanti del paracadutismo possono visitare l&#039;eliporto Skydive Dubai.<\/span><\/p>\n\n\t\t<\/div>\n\t<\/div>\n<\/div><\/div><div class=\"vc_tta-panel\" id=\"1714048330616-cdf0402c-5a4d\" data-vc-content=\".vc_tta-panel-body\"><div class=\"vc_tta-panel-heading\"><h4 class=\"vc_tta-panel-title vc_tta-controls-icon-position-left\"><a href=\"#1714048330616-cdf0402c-5a4d\" data-vc-accordion data-vc-container=\".vc_tta-container\"><span class=\"vc_tta-title-text\">Dove puoi fare shopping a Dubai Marina?<\/span><i class=\"vc_tta-controls-icon vc_tta-controls-icon-plus\"><\/i><\/a><\/h4><\/div><div class=\"vc_tta-panel-body\">\n\t<div class=\"wpb_text_column wpb_content_element  vc_column_text\" >\n\t\t<div class=\"wpb_wrapper\">\n\t\t\t<p><span style=\"font-weight: 400;\">Il centro commerciale pi\u00f9 grande della zona \u00e8 il Dubai Marina Mall. Le sue pareti ospitano boutique di marchi famosi, saloni di bellezza e oltre 20 ristoranti.<\/span><\/p>\n\n\t\t<\/div>\n\t<\/div>\n<\/div><\/div><\/div><\/div><\/div><\/div><\/div><\/div><\/div><\/div>\n<\/section>","protected":false},"excerpt":{"rendered":"Dubai Marina \u00e8 un quartiere alla moda di Dubai, molto popolare tra i turisti. Si trova nella parte occidentale della citt\u00e0 e rappresenta una comunit\u00e0 d&#039;\u00e9lite con grattacieli, ampie passeggiate e complessi residenziali confortevoli. Molti sognano di acquistare immobili a Dubai Marina. Acquistare una propriet\u00e0 qui \u00e8 un&#039;ottima soluzione sia per vivere che per investimento. La zona offre un&#039;ampia ...","protected":false},"author":1,"featured_media":0,"parent":4295,"menu_order":0,"comment_status":"closed","ping_status":"closed","template":"advanced_search_results.php","meta":{"inline_featured_image":false,"_glsr_average":0,"_glsr_ranking":0,"_glsr_reviews":0,"footnotes":""},"class_list":["post-4337","page","type-page","status-publish","hentry"],"yoast_head":"<!-- This site is optimized with the Yoast SEO Premium plugin v25.1 (Yoast SEO v25.6) - https:\/\/yoast.com\/wordpress\/plugins\/seo\/ -->\n<title>Property for Sale in Dubai Marina, UAE. Buy Real Estate - Alira Dubai<\/title>\n<meta name=\"description\" content=\"Explore properties for sale in Dubai Marina, UAE with Alira. \u2b50 Buy real estate in Dubai Marina: apartments, villas. \u2b50 Prices, descriptions, and photos. \u27a4 Discover your perfect on our website!\" \/>\n<meta name=\"robots\" content=\"index, follow, max-snippet:-1, max-image-preview:large, max-video-preview:-1\" \/>\n<link rel=\"canonical\" href=\"https:\/\/alirarealestate.com\/it\/catalog\/buy\/dubai\/dubai-marina\/\" \/>\n<meta property=\"og:locale\" content=\"it_IT\" \/>\n<meta property=\"og:type\" content=\"article\" \/>\n<meta property=\"og:title\" content=\"Property for Sale in Dubai Marina\" \/>\n<meta property=\"og:description\" content=\"Explore properties for sale in Dubai Marina, UAE with Alira. \u2b50 Buy real estate in Dubai Marina: apartments, villas. \u2b50 Prices, descriptions, and photos. \u27a4 Discover your perfect on our website!\" \/>\n<meta property=\"og:url\" content=\"https:\/\/alirarealestate.com\/it\/catalog\/buy\/dubai\/dubai-marina\/\" \/>\n<meta property=\"og:site_name\" content=\"Alira Real Estate - Real estate in the UAE\" \/>\n<meta property=\"article:modified_time\" content=\"2025-04-23T20:28:25+00:00\" \/>\n<meta name=\"twitter:card\" content=\"summary_large_image\" \/>\n<meta name=\"twitter:label1\" content=\"Tempo di lettura stimato\" \/>\n\t<meta name=\"twitter:data1\" content=\"7 minuti\" \/>\n<script type=\"application\/ld+json\" class=\"yoast-schema-graph\">{\"@context\":\"https:\/\/schema.org\",\"@graph\":[{\"@type\":\"WebPage\",\"@id\":\"https:\/\/alirarealestate.com\/it\/catalog\/buy\/dubai\/dubai-marina\/\",\"url\":\"https:\/\/alirarealestate.com\/it\/catalog\/buy\/dubai\/dubai-marina\/\",\"name\":\"Property for Sale in Dubai Marina, UAE. Buy Real Estate - Alira Dubai\",\"isPartOf\":{\"@id\":\"https:\/\/alirarealestate.com\/it\/#website\"},\"datePublished\":\"2024-04-18T07:17:39+00:00\",\"dateModified\":\"2025-04-23T20:28:25+00:00\",\"description\":\"Explore properties for sale in Dubai Marina, UAE with Alira. \u2b50 Buy real estate in Dubai Marina: apartments, villas. \u2b50 Prices, descriptions, and photos. \u27a4 Discover your perfect on our website!\",\"breadcrumb\":{\"@id\":\"https:\/\/alirarealestate.com\/it\/catalog\/buy\/dubai\/dubai-marina\/#breadcrumb\"},\"inLanguage\":\"it-IT\",\"potentialAction\":[{\"@type\":\"ReadAction\",\"target\":[\"https:\/\/alirarealestate.com\/it\/catalog\/buy\/dubai\/dubai-marina\/\"]}]},{\"@type\":\"BreadcrumbList\",\"@id\":\"https:\/\/alirarealestate.com\/it\/catalog\/buy\/dubai\/dubai-marina\/#breadcrumb\",\"itemListElement\":[{\"@type\":\"ListItem\",\"position\":1,\"name\":\"Home\",\"item\":\"https:\/\/alirarealestate.com\/\"},{\"@type\":\"ListItem\",\"position\":2,\"name\":\"Real Estate Catalog\",\"item\":\"https:\/\/alirarealestate.com\/catalog\/\"},{\"@type\":\"ListItem\",\"position\":3,\"name\":\"Real Estate Catalog\",\"item\":\"https:\/\/alirarealestate.com\/catalog\/buy\/\"},{\"@type\":\"ListItem\",\"position\":4,\"name\":\"Properties for Sale in Dubai\",\"item\":\"https:\/\/alirarealestate.com\/catalog\/buy\/dubai\/\"},{\"@type\":\"ListItem\",\"position\":5,\"name\":\"Property for Sale in Dubai Marina\"}]},{\"@type\":\"WebSite\",\"@id\":\"https:\/\/alirarealestate.com\/it\/#website\",\"url\":\"https:\/\/alirarealestate.com\/it\/\",\"name\":\"Alira Real Estate - Real estate in the UAE\",\"description\":\"\",\"potentialAction\":[{\"@type\":\"SearchAction\",\"target\":{\"@type\":\"EntryPoint\",\"urlTemplate\":\"https:\/\/alirarealestate.com\/it\/?s={search_term_string}\"},\"query-input\":{\"@type\":\"PropertyValueSpecification\",\"valueRequired\":true,\"valueName\":\"search_term_string\"}}],\"inLanguage\":\"it-IT\"}]}<\/script>\n<!-- \/ Yoast SEO Premium plugin. -->","yoast_head_json":{"title":"Property for Sale in Dubai Marina, UAE. Buy Real Estate - Alira Dubai","description":"Explore properties for sale in Dubai Marina, UAE with Alira. \u2b50 Buy real estate in Dubai Marina: apartments, villas. \u2b50 Prices, descriptions, and photos. \u27a4 Discover your perfect on our website!","robots":{"index":"index","follow":"follow","max-snippet":"max-snippet:-1","max-image-preview":"max-image-preview:large","max-video-preview":"max-video-preview:-1"},"canonical":"https:\/\/alirarealestate.com\/it\/catalog\/buy\/dubai\/dubai-marina\/","og_locale":"it_IT","og_type":"article","og_title":"Property for Sale in Dubai Marina","og_description":"Explore properties for sale in Dubai Marina, UAE with Alira. \u2b50 Buy real estate in Dubai Marina: apartments, villas. \u2b50 Prices, descriptions, and photos. \u27a4 Discover your perfect on our website!","og_url":"https:\/\/alirarealestate.com\/it\/catalog\/buy\/dubai\/dubai-marina\/","og_site_name":"Alira Real Estate - Real estate in the UAE","article_modified_time":"2025-04-23T20:28:25+00:00","twitter_card":"summary_large_image","twitter_misc":{"Tempo di lettura stimato":"7 minuti"},"schema":{"@context":"https:\/\/schema.org","@graph":[{"@type":"WebPage","@id":"https:\/\/alirarealestate.com\/it\/catalog\/buy\/dubai\/dubai-marina\/","url":"https:\/\/alirarealestate.com\/it\/catalog\/buy\/dubai\/dubai-marina\/","name":"Property for Sale in Dubai Marina, UAE. Buy Real Estate - Alira Dubai","isPartOf":{"@id":"https:\/\/alirarealestate.com\/it\/#website"},"datePublished":"2024-04-18T07:17:39+00:00","dateModified":"2025-04-23T20:28:25+00:00","description":"Explore properties for sale in Dubai Marina, UAE with Alira. \u2b50 Buy real estate in Dubai Marina: apartments, villas. \u2b50 Prices, descriptions, and photos. \u27a4 Discover your perfect on our website!","breadcrumb":{"@id":"https:\/\/alirarealestate.com\/it\/catalog\/buy\/dubai\/dubai-marina\/#breadcrumb"},"inLanguage":"it-IT","potentialAction":[{"@type":"ReadAction","target":["https:\/\/alirarealestate.com\/it\/catalog\/buy\/dubai\/dubai-marina\/"]}]},{"@type":"BreadcrumbList","@id":"https:\/\/alirarealestate.com\/it\/catalog\/buy\/dubai\/dubai-marina\/#breadcrumb","itemListElement":[{"@type":"ListItem","position":1,"name":"Home","item":"https:\/\/alirarealestate.com\/"},{"@type":"ListItem","position":2,"name":"Real Estate Catalog","item":"https:\/\/alirarealestate.com\/catalog\/"},{"@type":"ListItem","position":3,"name":"Real Estate Catalog","item":"https:\/\/alirarealestate.com\/catalog\/buy\/"},{"@type":"ListItem","position":4,"name":"Properties for Sale in Dubai","item":"https:\/\/alirarealestate.com\/catalog\/buy\/dubai\/"},{"@type":"ListItem","position":5,"name":"Property for Sale in Dubai Marina"}]},{"@type":"WebSite","@id":"https:\/\/alirarealestate.com\/it\/#website","url":"https:\/\/alirarealestate.com\/it\/","name":"Alira Real Estate - Real estate in the UAE","description":"","potentialAction":[{"@type":"SearchAction","target":{"@type":"EntryPoint","urlTemplate":"https:\/\/alirarealestate.com\/it\/?s={search_term_string}"},"query-input":{"@type":"PropertyValueSpecification","valueRequired":true,"valueName":"search_term_string"}}],"inLanguage":"it-IT"}]}},"_links":{"self":[{"href":"https:\/\/alirarealestate.com\/it\/wp-json\/wp\/v2\/pages\/4337"}],"collection":[{"href":"https:\/\/alirarealestate.com\/it\/wp-json\/wp\/v2\/pages"}],"about":[{"href":"https:\/\/alirarealestate.com\/it\/wp-json\/wp\/v2\/types\/page"}],"author":[{"embeddable":true,"href":"https:\/\/alirarealestate.com\/it\/wp-json\/wp\/v2\/users\/1"}],"replies":[{"embeddable":true,"href":"https:\/\/alirarealestate.com\/it\/wp-json\/wp\/v2\/comments?post=4337"}],"version-history":[{"count":2,"href":"https:\/\/alirarealestate.com\/it\/wp-json\/wp\/v2\/pages\/4337\/revisions"}],"predecessor-version":[{"id":5922,"href":"https:\/\/alirarealestate.com\/it\/wp-json\/wp\/v2\/pages\/4337\/revisions\/5922"}],"up":[{"embeddable":true,"href":"https:\/\/alirarealestate.com\/it\/wp-json\/wp\/v2\/pages\/4295"}],"wp:attachment":[{"href":"https:\/\/alirarealestate.com\/it\/wp-json\/wp\/v2\/media?parent=4337"}],"curies":[{"name":"wp","href":"https:\/\/api.w.org\/{rel}","templated":true}]}}