{"id":4328,"date":"2024-04-18T10:17:39","date_gmt":"2024-04-18T07:17:39","guid":{"rendered":"https:\/\/alirarealestate.com\/catalog\/buy\/dubai\/damac-lagoons\/"},"modified":"2024-10-27T18:04:03","modified_gmt":"2024-10-27T15:04:03","slug":"damac-lagoons","status":"publish","type":"page","link":"https:\/\/alirarealestate.com\/it\/catalog\/buy\/dubai\/damac-lagoons\/","title":{"rendered":"Propriet\u00e0 in vendita a Damac Lagoons"},"content":{"rendered":"<section class=\"wpb-content-wrapper\"><div class=\"vc_row wpb_row vc_row-fluid vc_row\"><div class=\"wpb_column vc_column_container vc_col-sm-12 vc_column\"><div class=\"vc_column-inner\"><div class=\"wpb_wrapper\">\n\t<div class=\"wpb_text_column wpb_content_element  vc_column_text\" >\n\t\t<div class=\"wpb_wrapper\">\n\t\t\t<p><span style=\"font-weight: 400;\">Damac Lagoons \u00e8 un progetto ambizioso che rappresenta un complesso di quartieri orientati al tempo libero confortevole, pi\u00f9 simile a un resort che a una metropoli. Scegliendo questa comunit\u00e0, sarai circondato da comode case a schiera e ville in stile mediterraneo.<\/span><\/p>\n<p>&nbsp;<\/p>\n<p><span style=\"font-weight: 400;\">I residenti e gli ospiti di Damac Lagoons possono godere di una vasta gamma di opzioni di intrattenimento e svago, come scivoli impressionanti e attrazioni acquatiche pensate sia per bambini che per adulti. C&#039;\u00e8 anche un cinema acquatico e un anfiteatro galleggiante. Il fiume a forma di D \u00e8 un altro punto di riferimento unico della comunit\u00e0. Questa caratteristica si distingue per la sua scala incredibilmente ampia, con spiagge, simulatori di onde e parchi acquatici.<\/span><\/p>\n<p>&nbsp;<\/p>\n<p><span style=\"font-weight: 400;\">Al momento la comunit\u00e0 \u00e8 ancora in fase di sviluppo e sono in costruzione numerose strutture di vario tipo, tra cui un grande centro commerciale che ospiter\u00e0 locali di intrattenimento, numerosi negozi, bar e ristoranti.<\/span><\/p>\n<p>&nbsp;<\/p>\n<h2><b>Vantaggi dell&#039;acquisto <\/b><b>immobiliare a Damac Lagoons<\/b><\/h2>\n<p>&nbsp;<\/p>\n<p><span style=\"font-weight: 400;\">I residenti di Damac Lagoons possono godere di spiagge di sabbia bianca e lagune blu cristalline. Le comode ville e case a schiera hanno tutto il necessario per vivere: piscine, aree relax, ristoranti e strutture sportive. Particolare attenzione \u00e8 data all&#039;elevato livello di sicurezza: controllo degli accessi alle ville, sicurezza e videosorveglianza. A seconda delle capacit\u00e0 finanziarie e delle preferenze, \u00e8 possibile <\/span><span style=\"font-weight: 400;\">acquistare propriet\u00e0 a Damac Lagoons<\/span><span style=\"font-weight: 400;\"> di varie dimensioni e layout. Considerando che il mega-progetto \u00e8 stato concepito come un progetto orientato alla famiglia, qui si tengono regolarmente molti eventi per costruire comunit\u00e0 e interazione sociale con i vicini.<\/span><\/p>\n<p>&nbsp;<\/p>\n<p><span style=\"font-weight: 400;\">L&#039;atmosfera speciale che attrae qui i residenti \u00e8 creata dalle bellezze naturali della zona: aree verdi, parchi e piazze.<\/span><\/p>\n<p>&nbsp;<\/p>\n<p><span style=\"font-weight: 400;\">La comunit\u00e0 si sta sviluppando, con progetti per costruire ville che avranno una superficie di oltre 1000 m2, e 6-7 camere da letto. Tali <\/span><span style=\"font-weight: 400;\">propriet\u00e0 nelle lagune di Damac<\/span><span style=\"font-weight: 400;\"> avr\u00e0 una jacuzzi, un&#039;area giochi per bambini, una palestra personale, una panetteria e uno studio. Ogni villa avr\u00e0 una spaziosa piscina e un ascensore.<\/span><\/p>\n<p>&nbsp;<\/p>\n<p><span style=\"font-weight: 400;\">Saranno costruite nuove case a schiera con una superficie a partire da 212 m2 e 4-5 camere da letto. Le planimetrie includeranno un balcone, un patio, una lavanderia e una terrazza.<\/span><\/p>\n<p>&nbsp;<\/p>\n<h2><b>Infrastruttura comunitaria<\/b><\/h2>\n<p>&nbsp;<\/p>\n<p><span style=\"font-weight: 400;\">Al momento, la comunit\u00e0 di Damac Lagoons \u00e8 in una fase attiva di costruzione e sviluppo di strutture infrastrutturali. Una volta completati tutti i progetti, qui si troveranno:<\/span><\/p>\n<p>&nbsp;<\/p>\n<ul>\n<li><span style=\"font-weight: 400;\">centri fitness;<\/span><\/li>\n<li><span style=\"font-weight: 400;\">negozi;<\/span><\/li>\n<li><span style=\"font-weight: 400;\">farmacie;<\/span><\/li>\n<li><span style=\"font-weight: 400;\">scuole;<\/span><\/li>\n<li><span style=\"font-weight: 400;\">anfiteatro acquatico;<\/span><\/li>\n<li><span style=\"font-weight: 400;\">anfiteatro galleggiante.<\/span><\/li>\n<\/ul>\n<p>&nbsp;<\/p>\n<p><span style=\"font-weight: 400;\">I residenti avranno accesso a un centro commerciale regionale, un parco acquatico e una piscina a onde. Vivendo a Damac Lagoons, puoi raggiungere ospedali, universit\u00e0, scuole e asili nido in 10 minuti, cos\u00ec come attrazioni popolari come:<\/span><\/p>\n<p>&nbsp;<\/p>\n<ul>\n<li><span style=\"font-weight: 400;\">Spiaggia di Sufouh;<\/span><\/li>\n<li><span style=\"font-weight: 400;\">Villaggio globale;<\/span><\/li>\n<li><span style=\"font-weight: 400;\">Ippodromo di Jebel Ali;<\/span><\/li>\n<li><span style=\"font-weight: 400;\">Giardino dei Miracoli di Dubai;<\/span><\/li>\n<li><span style=\"font-weight: 400;\">Centro citt\u00e0 Me&#039;aisem e centro commerciale Cityland;<\/span><\/li>\n<li><span style=\"font-weight: 400;\">Ospedale Mediclinic Parkview e Ospedale Reale NMC;<\/span><\/li>\n<li><span style=\"font-weight: 400;\">Club di polo ed equitazione di Dubai;<\/span><\/li>\n<li><span style=\"font-weight: 400;\">Centro fitness FitRepublik;<\/span><\/li>\n<li><span style=\"font-weight: 400;\">Waitrose e il centro commerciale Motor City;<\/span><\/li>\n<li><span style=\"font-weight: 400;\">Il mercato arabo del Ranches Souk.<\/span><\/li>\n<\/ul>\n<p>&nbsp;<\/p>\n<p><span style=\"font-weight: 400;\">Il viaggio da <\/span><span style=\"font-weight: 400;\">propriet\u00e0 in vendita a Damac Lagoons <\/span><span style=\"font-weight: 400;\">per raggiungere le attrazioni pi\u00f9 suggestive del paese, come il Dubai Knowledge Village, l&#039;aeroporto internazionale di Dubai, il Dubai Mall e il Burj Khalifa, ci vogliono circa 30 minuti.<\/span><\/p>\n<p>&nbsp;<\/p>\n<p><span style=\"font-weight: 400;\">Adiacenti alle lagune di Damac ci sono due quartieri prestigiosi:<\/span><\/p>\n<p>&nbsp;<\/p>\n<ul>\n<li><span style=\"font-weight: 400;\">Mudon. Qui puoi visitare il Mudon Community Centre e il centro di sviluppo Blossom Mudon Nursery.<\/span><\/li>\n<li><span style=\"font-weight: 400;\"><a href=\"https:\/\/alirarealestate.com\/ru\/catalog\/buy\/dubai\/damac-hills\/\">Colline DAMAC<\/a>Questa zona ospita il Trump International Golf Club, la Jebel Ali School, il Viva Supermarket e il Carrefour.<\/span><\/li>\n<\/ul>\n<p>&nbsp;<\/p>\n<p><span style=\"font-weight: 400;\">I residenti che hanno acquistato immobili in questa zona si spostano molto spesso con auto private, poich\u00e9 il sistema di trasporto pubblico \u00e8 ancora in fase di sviluppo.<\/span><\/p>\n\n\t\t<\/div>\n\t<\/div>\n<\/div><\/div><\/div><\/div><div class=\"vc_row wpb_row vc_row-fluid vc_row\"><div class=\"wpb_column vc_column_container vc_col-sm-12 vc_column\"><div class=\"vc_column-inner\"><div class=\"wpb_wrapper\">\n\t<div class=\"wpb_text_column wpb_content_element  vc_column_text\" >\n\t\t<div class=\"wpb_wrapper\">\n\t\t\t<h2><b>Principali tipi di <\/b><b>propriet\u00e0 in vendita a Damac Lagoons<\/b><\/h2>\n<p>&nbsp;<\/p>\n<p><span style=\"font-weight: 400;\">La moderna comunit\u00e0 di Damac Lagoons a Dubai offre una moltitudine di ville e case a schiera di lusso che vantano splendide viste, interni eleganti e un elevato comfort abitativo.<\/span><\/p>\n<p>&nbsp;<\/p>\n<p><span style=\"font-weight: 400;\">Contattando l&#039;agenzia immobiliare Alira, potrete acquistare la tipologia di immobile pi\u00f9 adatta:<\/span><\/p>\n<p>&nbsp;<\/p>\n<p><span style=\"font-weight: 400;\">Ville. Si tratta di propriet\u00e0 spaziose e confortevoli adatte sia a famiglie numerose che a ospitare ospiti. Ogni villa presenta un design unico, un giardino privato e un appezzamento di terreno spazioso. La privacy di tali propriet\u00e0 residenziali \u00e8 un vantaggio importante. Considerando la stabilit\u00e0 dell&#039;investimento, le ville diventano un&#039;opzione immobiliare attraente.<\/span><\/p>\n<p>&nbsp;<\/p>\n<p><span style=\"font-weight: 400;\">Townhouses. Si tratta di un tipo di abitazione attraente, adatta a una piccola famiglia. Si trovano vicino a importanti infrastrutture come scuole, asili, supermercati, parchi e ristoranti.<\/span><\/p>\n<p>&nbsp;<\/p>\n<p><span style=\"font-weight: 400;\">Le propriet\u00e0 presentate nelle foto di Damac Lagoons sono progettate in uno stile architettonico mediterraneo. Scegliendo questa zona, i residenti possono godere dell&#039;atmosfera del mare, di magnifiche viste sulla laguna e di acque cristalline.<\/span><\/p>\n<p>&nbsp;<\/p>\n<h2><b>Prezzi immobiliari attuali<\/b><\/h2>\n<p>&nbsp;<\/p>\n<p><span style=\"font-weight: 400;\">Gli immobili nella comunit\u00e0 di Damac Lagoons sono costituiti da propriet\u00e0 di prima classe. Sono perfette per la vita personale e per gli investimenti. Questo mega-progetto \u00e8 particolarmente interessante per la vita in famiglia, in quanto offre varie opzioni ricreative, tra cui attrazioni acquatiche e accesso diretto alla spiaggia.<\/span><\/p>\n<p>&nbsp;<\/p>\n<p><span style=\"font-weight: 400;\">Secondo i dati di febbraio 2024, presentati su Property Finder, le ville a Damac Lagoons costano da 3 milioni di AED a 10 milioni di AED. Il prezzo delle case a schiera varia da 2 milioni di AED a 4 milioni di AED.<\/span><\/p>\n<p>&nbsp;<\/p>\n<p><span style=\"font-weight: 400;\">Acquistando un immobile durante la fase di costruzione, i proprietari hanno ottime opportunit\u00e0, come ad esempio quella di ottenere un visto d&#039;oro decennale, che consente loro di trasferirsi a Dubai con tutta la famiglia.<\/span><\/p>\n<p>&nbsp;<\/p>\n<h2><b>Stile di vita nelle lagune di Damac<\/b><\/h2>\n<p>&nbsp;<\/p>\n<p><span style=\"font-weight: 400;\">Vivere nella comunit\u00e0 di Damac Lagoons \u00e8 preferito da coloro che amano il comfort, le viste meravigliose, uno stile di vita sano e la ricreazione attiva. Qui, sono create tutte le condizioni necessarie per il nuoto subacqueo, il surf, il kayak, il paddleboarding e altre attivit\u00e0 entusiasmanti.<\/span><\/p>\n<p>&nbsp;<\/p>\n<p><span style=\"font-weight: 400;\">Per mantenere uno stile di vita sano, qui sono stati creati numerosi impianti sportivi, piste ciclabili e centri fitness.<\/span><\/p>\n<p>&nbsp;<\/p>\n<p><span style=\"font-weight: 400;\">Chi desidera trascorrere del tempo di qualit\u00e0 con la propria famiglia pu\u00f2 recarsi al cinema sull&#039;acqua, guardare i propri film preferiti e nuotare nelle acque poco profonde.<\/span><\/p>\n<p>&nbsp;<\/p>\n<p><span style=\"font-weight: 400;\">Poich\u00e9 la zona \u00e8 posizionata come family friendly, c&#039;\u00e8 l&#039;opportunit\u00e0 di frequentare asili nido e scuole situati entro 10-15 minuti di auto, come la South View School, la Jebel Ali School e la GEMS Metropole School. Gli istituti medici pi\u00f9 vicini come l&#039;Aster Clinic, il Mediclinic Parkview Hospital, l&#039;NMC Royal Hospital, si trovano nelle aree limitrofe.<\/span><\/p>\n<p>&nbsp;<\/p>\n<p><span style=\"font-weight: 400;\">Gli amanti dello shopping possono divertirsi presso Spinneys, Geant Express Remraam, Carrefour e Viva Supermarket.<\/span><\/p>\n\n\t\t<\/div>\n\t<\/div>\n<\/div><\/div><\/div><\/div><div class=\"vc_row wpb_row vc_row-fluid vc_row\"><div class=\"wpb_column vc_column_container vc_col-sm-12 vc_column\"><div class=\"vc_column-inner\"><div class=\"wpb_wrapper\">\n\t<div class=\"wpb_text_column wpb_content_element  vc_column_text\" >\n\t\t<div class=\"wpb_wrapper\">\n\t\t\t<h2><b>Investimenti immobiliari redditizi<\/b><\/h2>\n<p>&nbsp;<\/p>\n<p><span style=\"font-weight: 400;\">Investire nel settore immobiliare di Dubai \u00e8 una decisione saggia, soprattutto dopo l&#039;adozione del nuovo piano generale per la metropoli. Nuovi quartieri vengono costruiti ovunque, l&#039;attrattiva turistica sta crescendo e, con essa, la domanda di alloggi. In un anno, il prezzo al metro quadro a Damac Lagoons \u00e8 aumentato di 1%.<\/span><\/p>\n<p>&nbsp;<\/p>\n<p><span style=\"font-weight: 400;\">\u00c8 vantaggioso investire le finanze in <\/span><span style=\"font-weight: 400;\">Propriet\u00e0 delle lagune di Damac <\/span><span style=\"font-weight: 400;\">in costruzione, soprattutto se la propriet\u00e0 verr\u00e0 affittata in futuro. Il proprietario non ha bisogno di essere nel paese per trarre profitto dall&#039;investimento, poich\u00e9 tutti gli affari possono essere affidati a una societ\u00e0 di gestione. La propriet\u00e0 si ripaga in pochi anni.<\/span><\/p>\n<p>&nbsp;<\/p>\n<h2><b>Vantaggi della collaborazione con l&#039;agenzia immobiliare Alira<\/b><\/h2>\n<p>&nbsp;<\/p>\n<p><span style=\"font-weight: 400;\">L&#039;agenzia immobiliare Alira Real Estate \u00e8 un partner affidabile che fornisce assistenza completa nell&#039;acquisto di qualsiasi immobile negli Emirati Arabi Uniti.<\/span><\/p>\n<p>&nbsp;<\/p>\n<p><span style=\"font-weight: 400;\">I nostri vantaggi:<\/span><\/p>\n<p>&nbsp;<\/p>\n<ul>\n<li><span style=\"font-weight: 400;\">Servizi completi. I nostri specialisti assistono nell&#039;acquisto, nella vendita, nell&#039;affitto e in altre questioni legate alla gestione.<\/span><\/li>\n<li><span style=\"font-weight: 400;\">Personale professionale. Ogni cliente sperimenter\u00e0 un servizio di alto livello e potr\u00e0 essere certo della sicurezza di ogni transazione.<\/span><\/li>\n<li><span style=\"font-weight: 400;\">Approccio individuale. Le esigenze e i desideri dei clienti sono individuali, quindi tutti i fattori e le sfumature vengono presi in considerazione quando si lavora con loro.<\/span><\/li>\n<li><span style=\"font-weight: 400;\">Riservatezza. Tutti i dettagli della transazione e della cooperazione non vengono divulgati a terzi.<\/span><\/li>\n<li><span style=\"font-weight: 400;\">Database aggiornati. I nostri specialisti possono trovare l&#039;opzione ottimale grazie alle informazioni aggiornate.<\/span><\/li>\n<\/ul>\n<p>&nbsp;<\/p>\n<p><span style=\"font-weight: 400;\">Siamo pronti a fornirvi una consulenza dettagliata sulle questioni di vostro interesse. Potete lasciare una richiesta sul sito web, scriverci a <\/span><a class=\"mail\" href=\"mailto:info@alirarealestate.com\">info@alirarealestate.com<\/a><span style=\"font-weight: 400;\">, oppure contattaci telefonicamente <a href=\"tel: 79869277377\">+7 (986) 927-73-77<\/a> E <a href=\"tel: 971588337903\">+971 (588) 337 903<\/a>.<\/span><\/p>\n<p>&nbsp;<\/p>\n<p><span style=\"font-weight: 400;\">Con l&#039;agenzia immobiliare Alira puoi trovare l&#039;investimento immobiliare pi\u00f9 redditizio.<\/span><\/p>\n\n\t\t<\/div>\n\t<\/div>\n<\/div><\/div><\/div><\/div>\n<\/section>","protected":false},"excerpt":{"rendered":"Damac Lagoons \u00e8 un ambizioso progetto che rappresenta un complesso di quartieri orientati al tempo libero confortevole, pi\u00f9 simile a un resort che alla vita in una metropoli. Scegliendo questa comunit\u00e0, sarai circondato da comode case a schiera e ville in stile mediterraneo. I residenti e gli ospiti di Damac Lagoons possono godere di un&#039;enorme variet\u00e0 di opzioni di intrattenimento e svago, come gli impressionanti scivoli ...","protected":false},"author":1,"featured_media":0,"parent":4295,"menu_order":0,"comment_status":"closed","ping_status":"closed","template":"advanced_search_results.php","meta":{"inline_featured_image":false,"_glsr_average":0,"_glsr_ranking":0,"_glsr_reviews":0,"footnotes":""},"class_list":["post-4328","page","type-page","status-publish","hentry"],"yoast_head":"<!-- This site is optimized with the Yoast SEO Premium plugin v25.1 (Yoast SEO v25.6) - https:\/\/yoast.com\/wordpress\/plugins\/seo\/ -->\n<title>Buy property in Downtown Burj Dubai, UAE. Housing prices - Alira<\/title>\n<meta name=\"description\" content=\"Buy property in Damac Lagoons, Dubai, UAE. \u2b50 Housing for sale in Damac Lagoons: apartments, houses, villas. \u2b50 Prices, photos and descriptions. \u27a4 Leave a request for selection on the website!\" \/>\n<meta name=\"robots\" content=\"index, follow, max-snippet:-1, max-image-preview:large, max-video-preview:-1\" \/>\n<link rel=\"canonical\" href=\"https:\/\/alirarealestate.com\/it\/catalog\/buy\/dubai\/damac-lagoons\/\" \/>\n<meta property=\"og:locale\" content=\"it_IT\" \/>\n<meta property=\"og:type\" content=\"article\" \/>\n<meta property=\"og:title\" content=\"Properties for Sale in Damac Lagoons\" \/>\n<meta property=\"og:description\" content=\"Buy property in Damac Lagoons, Dubai, UAE. \u2b50 Housing for sale in Damac Lagoons: apartments, houses, villas. \u2b50 Prices, photos and descriptions. \u27a4 Leave a request for selection on the website!\" \/>\n<meta property=\"og:url\" content=\"https:\/\/alirarealestate.com\/it\/catalog\/buy\/dubai\/damac-lagoons\/\" \/>\n<meta property=\"og:site_name\" content=\"Alira Real Estate - Real estate in the UAE\" \/>\n<meta property=\"article:modified_time\" content=\"2024-10-27T15:04:03+00:00\" \/>\n<meta name=\"twitter:card\" content=\"summary_large_image\" \/>\n<meta name=\"twitter:label1\" content=\"Tempo di lettura stimato\" \/>\n\t<meta name=\"twitter:data1\" content=\"6 minuti\" \/>\n<script type=\"application\/ld+json\" class=\"yoast-schema-graph\">{\"@context\":\"https:\/\/schema.org\",\"@graph\":[{\"@type\":\"WebPage\",\"@id\":\"https:\/\/alirarealestate.com\/it\/catalog\/buy\/dubai\/damac-lagoons\/\",\"url\":\"https:\/\/alirarealestate.com\/it\/catalog\/buy\/dubai\/damac-lagoons\/\",\"name\":\"Buy property in Downtown Burj Dubai, UAE. Housing prices - Alira\",\"isPartOf\":{\"@id\":\"https:\/\/alirarealestate.com\/it\/#website\"},\"datePublished\":\"2024-04-18T07:17:39+00:00\",\"dateModified\":\"2024-10-27T15:04:03+00:00\",\"description\":\"Buy property in Damac Lagoons, Dubai, UAE. \u2b50 Housing for sale in Damac Lagoons: apartments, houses, villas. \u2b50 Prices, photos and descriptions. \u27a4 Leave a request for selection on the website!\",\"breadcrumb\":{\"@id\":\"https:\/\/alirarealestate.com\/it\/catalog\/buy\/dubai\/damac-lagoons\/#breadcrumb\"},\"inLanguage\":\"it-IT\",\"potentialAction\":[{\"@type\":\"ReadAction\",\"target\":[\"https:\/\/alirarealestate.com\/it\/catalog\/buy\/dubai\/damac-lagoons\/\"]}]},{\"@type\":\"BreadcrumbList\",\"@id\":\"https:\/\/alirarealestate.com\/it\/catalog\/buy\/dubai\/damac-lagoons\/#breadcrumb\",\"itemListElement\":[{\"@type\":\"ListItem\",\"position\":1,\"name\":\"Home\",\"item\":\"https:\/\/alirarealestate.com\/\"},{\"@type\":\"ListItem\",\"position\":2,\"name\":\"Real Estate Catalog\",\"item\":\"https:\/\/alirarealestate.com\/catalog\/\"},{\"@type\":\"ListItem\",\"position\":3,\"name\":\"Real Estate Catalog\",\"item\":\"https:\/\/alirarealestate.com\/catalog\/buy\/\"},{\"@type\":\"ListItem\",\"position\":4,\"name\":\"Properties for Sale in Dubai\",\"item\":\"https:\/\/alirarealestate.com\/catalog\/buy\/dubai\/\"},{\"@type\":\"ListItem\",\"position\":5,\"name\":\"Properties for Sale in Damac Lagoons\"}]},{\"@type\":\"WebSite\",\"@id\":\"https:\/\/alirarealestate.com\/it\/#website\",\"url\":\"https:\/\/alirarealestate.com\/it\/\",\"name\":\"Alira Real Estate - Real estate in the UAE\",\"description\":\"\",\"potentialAction\":[{\"@type\":\"SearchAction\",\"target\":{\"@type\":\"EntryPoint\",\"urlTemplate\":\"https:\/\/alirarealestate.com\/it\/?s={search_term_string}\"},\"query-input\":{\"@type\":\"PropertyValueSpecification\",\"valueRequired\":true,\"valueName\":\"search_term_string\"}}],\"inLanguage\":\"it-IT\"}]}<\/script>\n<!-- \/ Yoast SEO Premium plugin. -->","yoast_head_json":{"title":"Buy property in Downtown Burj Dubai, UAE. Housing prices - Alira","description":"Buy property in Damac Lagoons, Dubai, UAE. \u2b50 Housing for sale in Damac Lagoons: apartments, houses, villas. \u2b50 Prices, photos and descriptions. \u27a4 Leave a request for selection on the website!","robots":{"index":"index","follow":"follow","max-snippet":"max-snippet:-1","max-image-preview":"max-image-preview:large","max-video-preview":"max-video-preview:-1"},"canonical":"https:\/\/alirarealestate.com\/it\/catalog\/buy\/dubai\/damac-lagoons\/","og_locale":"it_IT","og_type":"article","og_title":"Properties for Sale in Damac Lagoons","og_description":"Buy property in Damac Lagoons, Dubai, UAE. \u2b50 Housing for sale in Damac Lagoons: apartments, houses, villas. \u2b50 Prices, photos and descriptions. \u27a4 Leave a request for selection on the website!","og_url":"https:\/\/alirarealestate.com\/it\/catalog\/buy\/dubai\/damac-lagoons\/","og_site_name":"Alira Real Estate - Real estate in the UAE","article_modified_time":"2024-10-27T15:04:03+00:00","twitter_card":"summary_large_image","twitter_misc":{"Tempo di lettura stimato":"6 minuti"},"schema":{"@context":"https:\/\/schema.org","@graph":[{"@type":"WebPage","@id":"https:\/\/alirarealestate.com\/it\/catalog\/buy\/dubai\/damac-lagoons\/","url":"https:\/\/alirarealestate.com\/it\/catalog\/buy\/dubai\/damac-lagoons\/","name":"Buy property in Downtown Burj Dubai, UAE. Housing prices - Alira","isPartOf":{"@id":"https:\/\/alirarealestate.com\/it\/#website"},"datePublished":"2024-04-18T07:17:39+00:00","dateModified":"2024-10-27T15:04:03+00:00","description":"Buy property in Damac Lagoons, Dubai, UAE. \u2b50 Housing for sale in Damac Lagoons: apartments, houses, villas. \u2b50 Prices, photos and descriptions. \u27a4 Leave a request for selection on the website!","breadcrumb":{"@id":"https:\/\/alirarealestate.com\/it\/catalog\/buy\/dubai\/damac-lagoons\/#breadcrumb"},"inLanguage":"it-IT","potentialAction":[{"@type":"ReadAction","target":["https:\/\/alirarealestate.com\/it\/catalog\/buy\/dubai\/damac-lagoons\/"]}]},{"@type":"BreadcrumbList","@id":"https:\/\/alirarealestate.com\/it\/catalog\/buy\/dubai\/damac-lagoons\/#breadcrumb","itemListElement":[{"@type":"ListItem","position":1,"name":"Home","item":"https:\/\/alirarealestate.com\/"},{"@type":"ListItem","position":2,"name":"Real Estate Catalog","item":"https:\/\/alirarealestate.com\/catalog\/"},{"@type":"ListItem","position":3,"name":"Real Estate Catalog","item":"https:\/\/alirarealestate.com\/catalog\/buy\/"},{"@type":"ListItem","position":4,"name":"Properties for Sale in Dubai","item":"https:\/\/alirarealestate.com\/catalog\/buy\/dubai\/"},{"@type":"ListItem","position":5,"name":"Properties for Sale in Damac Lagoons"}]},{"@type":"WebSite","@id":"https:\/\/alirarealestate.com\/it\/#website","url":"https:\/\/alirarealestate.com\/it\/","name":"Alira Real Estate - Real estate in the UAE","description":"","potentialAction":[{"@type":"SearchAction","target":{"@type":"EntryPoint","urlTemplate":"https:\/\/alirarealestate.com\/it\/?s={search_term_string}"},"query-input":{"@type":"PropertyValueSpecification","valueRequired":true,"valueName":"search_term_string"}}],"inLanguage":"it-IT"}]}},"_links":{"self":[{"href":"https:\/\/alirarealestate.com\/it\/wp-json\/wp\/v2\/pages\/4328"}],"collection":[{"href":"https:\/\/alirarealestate.com\/it\/wp-json\/wp\/v2\/pages"}],"about":[{"href":"https:\/\/alirarealestate.com\/it\/wp-json\/wp\/v2\/types\/page"}],"author":[{"embeddable":true,"href":"https:\/\/alirarealestate.com\/it\/wp-json\/wp\/v2\/users\/1"}],"replies":[{"embeddable":true,"href":"https:\/\/alirarealestate.com\/it\/wp-json\/wp\/v2\/comments?post=4328"}],"version-history":[{"count":2,"href":"https:\/\/alirarealestate.com\/it\/wp-json\/wp\/v2\/pages\/4328\/revisions"}],"predecessor-version":[{"id":5918,"href":"https:\/\/alirarealestate.com\/it\/wp-json\/wp\/v2\/pages\/4328\/revisions\/5918"}],"up":[{"embeddable":true,"href":"https:\/\/alirarealestate.com\/it\/wp-json\/wp\/v2\/pages\/4295"}],"wp:attachment":[{"href":"https:\/\/alirarealestate.com\/it\/wp-json\/wp\/v2\/media?parent=4328"}],"curies":[{"name":"wp","href":"https:\/\/api.w.org\/{rel}","templated":true}]}}