{"id":4324,"date":"2024-04-18T10:17:39","date_gmt":"2024-04-18T07:17:39","guid":{"rendered":"https:\/\/alirarealestate.com\/catalog\/buy\/fujairah\/"},"modified":"2024-10-27T17:56:59","modified_gmt":"2024-10-27T14:56:59","slug":"fujairah","status":"publish","type":"page","link":"https:\/\/alirarealestate.com\/it\/catalog\/buy\/fujairah\/","title":{"rendered":"Propriet\u00e0 a Fujairah"},"content":{"rendered":"<section class=\"wpb-content-wrapper\"><div class=\"vc_row wpb_row vc_row-fluid vc_row\"><div class=\"wpb_column vc_column_container vc_col-sm-12 vc_column\"><div class=\"vc_column-inner\"><div class=\"wpb_wrapper\">\n\t<div class=\"wpb_text_column wpb_content_element  vc_column_text\" >\n\t\t<div class=\"wpb_wrapper\">\n\t\t\t<p><span style=\"font-weight: 400;\">L&#039;Emirato di Fujairah \u00e8 un luogo di straordinaria bellezza naturale, dove il mare incontaminato si fonde armoniosamente con le maestose montagne Hajar, creando uno sfondo pittoresco. Molti turisti scelgono Fujairah per un&#039;esperienza di vacanza senza pari. Questo emirato non ha industrie petrolifere e un numero limitato di grattacieli. La caratteristica principale di questo resort \u00e8 il suo accesso alle rive del Mar Arabico. Le spiagge di Fujairah sono note per la loro sabbia soffice e l&#039;acqua cristallina, che le rendono ideali per il relax e gli sport acquatici. Il clima qui \u00e8 pi\u00f9 mite e umido rispetto ad altri emirati, il che lo rende pi\u00f9 confortevole per vivere e trascorrere le vacanze.<\/span><\/p>\n<p>&nbsp;<\/p>\n<h2><b>Vantaggi dell&#039;acquisto di una propriet\u00e0 a Fujairah<\/b><\/h2>\n<p>&nbsp;<\/p>\n<p><span style=\"font-weight: 400;\">L&#039;Emirato di Fujairah \u00e8 caratterizzato dal suo territorio montuoso, che determina pi\u00f9 precipitazioni rispetto ad altri emirati. Con una superficie totale di 1.450 km\u00b2, \u00e8 il quinto emirato pi\u00f9 grande degli Emirati Arabi Uniti. Questa regione era storicamente nota per la sua agricoltura ben sviluppata e i residenti erano impegnati nella pesca. Queste attivit\u00e0 sono state preservate fino ad oggi. Fujairah \u00e8 il secondo porto di rifornimento di carburante pi\u00f9 grande al mondo. Le compagnie di navigazione stabiliscono qui i loro uffici, il che favorisce un ambiente imprenditoriale fiorente nella regione.<\/span><\/p>\n<p>&nbsp;<\/p>\n<p><span style=\"font-weight: 400;\">\u00c8 possibile acquistare propriet\u00e0 a Fujairah, Emirati Arabi Uniti, per vari scopi. Questa regione \u00e8 adatta non solo per il lavoro e lo sviluppo aziendale, ma anche per la vita familiare. Ha un&#039;infrastruttura sociale ben sviluppata. Ci sono asili e scuole che offrono vari programmi educativi, cos\u00ec come numerose aree verdi per passeggiate e giochi.<\/span><\/p>\n<p>&nbsp;<\/p>\n<p><span style=\"font-weight: 400;\">Fujairah \u00e8 un&#039;area eccellente per svago, intrattenimento, istruzione e lavoro. Gli amanti dello shopping possono visitare uno dei tanti grandi centri commerciali, come Fujairah Mall, Century Mall Fujairah, Lulu Mall, Fujairah City Centre e Safeer Mall.<\/span><\/p>\n<p>&nbsp;<\/p>\n<p><span style=\"font-weight: 400;\">I turisti saranno interessati a visitare attrazioni come Al-Hail, la moschea Al-Bidiya e il Museo di Fujairah. Questi siti rendono Fujairah una destinazione unica per i turisti desiderosi di conoscere la ricca storia e cultura degli Emirati Arabi Uniti, godendo al contempo della bellezza naturale e dei comfort moderni di questo emirato.<\/span><\/p>\n<p>&nbsp;<\/p>\n<p><span style=\"font-weight: 400;\">Questa regione \u00e8 rinomata per le sue spiagge pulite e panoramiche. Tra le pi\u00f9 famose ci sono Al Aqah Beach, Corniche Beach, Meredey Beach e Dibba Beach. Queste spiagge sono adatte per le attivit\u00e0 ricreative in famiglia e per gli amanti degli sport acquatici.<\/span><\/p>\n<p>&nbsp;<\/p>\n<p><span style=\"font-weight: 400;\">A Fujairah, gli istituti scolastici offrono vari programmi e approcci all&#039;istruzione, consentendo ai genitori di scegliere una scuola o un asilo in base alle loro preferenze educative e alle esigenze dei loro figli.<\/span><\/p>\n<p>&nbsp;<\/p>\n<p><span style=\"font-weight: 400;\">Se necessario, puoi accedere ai servizi medici. Fujairah ospita il principale Fujairah Hospital e centri medici specializzati. Forniscono un servizio di alto livello e un&#039;assistenza tempestiva.<\/span><\/p>\n<p>&nbsp;<\/p>\n<h2><b>Principali tipologie di immobili<\/b><\/h2>\n<p>&nbsp;<\/p>\n<p><span style=\"font-weight: 400;\">L&#039;Emirato di Fujairah \u00e8 una delle regioni pi\u00f9 giovani e in pi\u00f9 dinamico sviluppo, con un elevato potenziale di ulteriore crescita. I prezzi degli immobili ad Al-Fujairah dipendono dalla posizione, dall&#039;area, dallo sviluppatore e dalla vicinanza al mare o alle attrazioni. Una caratteristica del mercato immobiliare in questa citt\u00e0 \u00e8 l&#039;assenza di grattacieli. Molto spesso vengono costruiti complessi residenziali con edifici bassi.<\/span><\/p>\n<p>&nbsp;<\/p>\n<p><span style=\"font-weight: 400;\">A Fujairah puoi trovare:<\/span><\/p>\n<p>&nbsp;<\/p>\n<ul>\n<li style=\"font-weight: 400;\" aria-level=\"1\"><b>Appartamenti e Monolocali<\/b><span style=\"font-weight: 400;\">: Disponibili in vari layout e design, queste propriet\u00e0 possono essere situate vicino al mare. Puoi anche acquistare appartamenti in nuovi complessi residenziali come Address JBR e Serenia, dove ogni unit\u00e0 offre viste mozzafiato sulla citt\u00e0.<\/span><\/li>\n<li style=\"font-weight: 400;\" aria-level=\"1\"><b>Case a schiera<\/b><span style=\"font-weight: 400;\">:A differenza delle ville, le case a schiera creano un senso di comunit\u00e0, garantendo al contempo privacy, tranquillit\u00e0 e un elevato livello di comfort.<\/span><\/li>\n<li style=\"font-weight: 400;\" aria-level=\"1\"><b>Ville<\/b><span style=\"font-weight: 400;\">: Fujairah ospita un gran numero di ville che si distinguono per il loro sofisticato stile architettonico, le aree spaziose e l&#039;elevata sicurezza. Questo tipo di propriet\u00e0 immobiliare \u00e8 ideale per coloro che danno priorit\u00e0 a un ritiro di alto livello, pieno di sentimento e di pace.<\/span><\/li>\n<\/ul>\n<p>&nbsp;<\/p>\n<p><span style=\"font-weight: 400;\">Per ottenere i prezzi pi\u00f9 aggiornati per gli immobili a Fujairah, \u00e8 consigliabile contattare degli specialisti. I responsabili delle agenzie immobiliari possiedono le informazioni pi\u00f9 recenti e possono aiutarti a selezionare l&#039;opzione migliore in base alle tue preferenze.<\/span><\/p>\n<p>&nbsp;<\/p>\n<h2><b>Prezzi immobiliari a Fujairah<\/b><\/h2>\n<p>&nbsp;<\/p>\n<p><span style=\"font-weight: 400;\">I prezzi immobiliari a Fujairah sono relativamente pi\u00f9 bassi rispetto ai principali emirati. Variano a seconda del tipo di alloggio, della posizione, delle dimensioni e delle condizioni della propriet\u00e0. Secondo The Metropolitan Group, i prezzi immobiliari del 2024 a Fujairah sono i seguenti:<\/span><\/p>\n<p>&nbsp;<\/p>\n<ul>\n<li style=\"font-weight: 400;\" aria-level=\"1\"><span style=\"font-weight: 400;\">Monolocali da $60.000 USD<\/span><\/li>\n<li style=\"font-weight: 400;\" aria-level=\"1\"><span style=\"font-weight: 400;\">Appartamenti con 1 camera da letto da $80.000 USD<\/span><\/li>\n<li style=\"font-weight: 400;\" aria-level=\"1\"><span style=\"font-weight: 400;\">Appartamenti con 2 camere da letto da $160.000 USD<\/span><\/li>\n<li style=\"font-weight: 400;\" aria-level=\"1\"><span style=\"font-weight: 400;\">Appartamenti con 3 camere da letto da $190.000 USD<\/span><\/li>\n<li style=\"font-weight: 400;\" aria-level=\"1\"><span style=\"font-weight: 400;\">Ville e case da $250.000 a $3.000.000 USD<\/span><\/li>\n<\/ul>\n<p>&nbsp;<\/p>\n<p><span style=\"font-weight: 400;\">Se sei interessato ad acquistare o vendere una propriet\u00e0 a Fujairah, \u00e8 meglio contattare Alira Real Estate Agency, che ti assister\u00e0 in ogni fase della transazione. Se stai cercando una propriet\u00e0 di investimento redditizia, gli specialisti possono fornire approfondimenti sulle opzioni pi\u00f9 promettenti e redditizie disponibili.<\/span><\/p>\n<p>&nbsp;<\/p>\n<h2><b>Stile di vita a Fujairah<\/b><\/h2>\n<p>&nbsp;<\/p>\n<p><span style=\"font-weight: 400;\">L&#039;Emirato di Fujairah offre una straordinaria combinazione di clima piacevole, straordinaria bellezza naturale e infrastrutture moderne. I complessi residenziali sono strategicamente posizionati per fornire un rapido accesso a strutture essenziali come scuole, asili, centri commerciali e centri medici.<\/span><\/p>\n<p>&nbsp;<\/p>\n<p><span style=\"font-weight: 400;\">Acquistare una propriet\u00e0 a Fujairah \u00e8 senza dubbio un investimento sicuro, poich\u00e9 la popolarit\u00e0 della citt\u00e0 aumenta ogni anno. L&#039;elevato tenore di vita, un&#039;ampia gamma di opzioni immobiliari e l&#039;opportunit\u00e0 di un tranquillo relax immersi nella natura stimolano la domanda da parte dei cittadini stranieri. I proprietari di immobili possono guadagnare un reddito stabile affittando appartamenti, monolocali o ville.<\/span><\/p>\n<p>&nbsp;<\/p>\n<h2><b>Investimenti immobiliari a Fujairah<\/b><\/h2>\n<p>&nbsp;<\/p>\n<p><span style=\"font-weight: 400;\">L&#039;Emirato di Fujairah \u00e8 attraente per i cittadini stranieri per vari motivi. La domanda di alloggi \u00e8 costante, poich\u00e9 la zona \u00e8 preferita da ingegneri, lavoratori e uomini d&#039;affari. Il clima piacevole e non eccessivamente caldo lo rende anche una destinazione preferita per i turisti.<\/span><\/p>\n<p>&nbsp;<\/p>\n<p><span style=\"font-weight: 400;\">In primo luogo, i prezzi immobiliari qui sono leggermente inferiori rispetto a Dubai. In secondo luogo, lo stile di vita tranquillo integra perfettamente le opportunit\u00e0 di sviluppo aziendale dinamico. In terzo luogo, c&#039;\u00e8 un&#039;eccellente selezione di propriet\u00e0, sia completate che in costruzione.<\/span><\/p>\n<p>&nbsp;<\/p>\n<p><span style=\"font-weight: 400;\">Investire in alloggi di varie classi \u00e8 un passo razionale per generare un reddito stabile. Il ritorno sull&#039;investimento \u00e8 di 7-9% all&#039;anno, il che \u00e8 considerato un indicatore eccellente.<\/span><\/p>\n<p>&nbsp;<\/p>\n<h2><b>Collaborazione con l&#039;agenzia immobiliare Alira<\/b><\/h2>\n<p>&nbsp;<\/p>\n<p><span style=\"font-weight: 400;\">Il trasloco a Fujairah dovrebbe iniziare con un&#039;analisi approfondita delle offerte immobiliari e la selezione dell&#039;opzione migliore. Alira Real Estate Agency ha le informazioni pi\u00f9 aggiornate sulle propriet\u00e0 promettenti e pu\u00f2 trovare rapidamente quella giusta per te. Collaborando con l&#039;agenzia, puoi usufruire di un&#039;ampia gamma di servizi, dalla pianificazione del tuo trasloco all&#039;acquisto e alla gestione della propriet\u00e0.<\/span><\/p>\n<p>&nbsp;<\/p>\n<h2><b>Vantaggi della collaborazione con l&#039;agenzia immobiliare Alira:<\/b><\/h2>\n<p>&nbsp;<\/p>\n<ul>\n<li style=\"font-weight: 400;\" aria-level=\"1\"><span style=\"font-weight: 400;\">Il team \u00e8 composto da specialisti altamente qualificati.<\/span><\/li>\n<li style=\"font-weight: 400;\" aria-level=\"1\"><span style=\"font-weight: 400;\">Tutte le informazioni sulle transazioni e sui clienti sono riservate e non vengono condivise con terze parti.<\/span><\/li>\n<li style=\"font-weight: 400;\" aria-level=\"1\"><span style=\"font-weight: 400;\">Ogni richiesta del cliente viene trattata singolarmente e vengono selezionate le soluzioni immobiliari pi\u00f9 adatte.<\/span><\/li>\n<li style=\"font-weight: 400;\" aria-level=\"1\"><span style=\"font-weight: 400;\">L&#039;agenzia dispone di un database immobiliare costantemente aggiornato.<\/span><\/li>\n<li style=\"font-weight: 400;\" aria-level=\"1\"><span style=\"font-weight: 400;\">L&#039;agenzia immobiliare Alira vanta una reputazione impeccabile, garantendo che ogni transazione sia verificata e sicura.<\/span><\/li>\n<\/ul>\n<p>&nbsp;<\/p>\n<p><span style=\"font-weight: 400;\">Per qualsiasi domanda, contatta il nostro responsabile all&#039;indirizzo <a href=\"tel: 971588337\">+971 (588) 337<\/a> O <a href=\"tel: 79869277377\">+7 (986) 927-73-77.<\/a>, oppure inviare una richiesta a <\/span><a href=\"mailto:info@alirarealestate.com\"><span style=\"font-weight: 400;\">info@alirarealestate.com<\/span><\/a><span style=\"font-weight: 400;\">.<\/span><\/p>\n\n\t\t<\/div>\n\t<\/div>\n<\/div><\/div><\/div><\/div><div class=\"vc_row wpb_row vc_row-fluid vc_row\"><div class=\"wpb_column vc_column_container vc_col-sm-12 vc_column\"><div class=\"vc_column-inner\"><div class=\"wpb_wrapper\"><div class=\"vc_tta-container\" data-vc-action=\"collapse\"><h2>Domande frequenti<\/h2><div class=\"vc_general vc_tta vc_tta-accordion vc_tta-color-grey vc_tta-style-classic vc_tta-shape-rounded vc_tta-o-shape-group vc_tta-controls-align-left wpestate_accordion vc_tta_accordion\"><div class=\"vc_tta-panels-container\"><div class=\"vc_tta-panels\"><div class=\"vc_tta-panel vc_active\" id=\"1719266645639-b34022a7-7a78\" data-vc-content=\".vc_tta-panel-body\"><div class=\"vc_tta-panel-heading\"><h4 class=\"vc_tta-panel-title vc_tta-controls-icon-position-left\"><a href=\"#1719266645639-b34022a7-7a78\" data-vc-accordion data-vc-container=\".vc_tta-container\"><span class=\"vc_tta-title-text\">Quali tipi di immobili sono disponibili per l&#039;acquisto a Fujairah?<\/span><i class=\"vc_tta-controls-icon vc_tta-controls-icon-plus\"><\/i><\/a><\/h4><\/div><div class=\"vc_tta-panel-body\">\n\t<div class=\"wpb_text_column wpb_content_element  vc_column_text\" >\n\t\t<div class=\"wpb_wrapper\">\n\t\t\t<p><span style=\"font-weight: 400;\">A Fujairah sono disponibili diverse tipologie di immobili, tra cui appartamenti, ville e case a schiera.<\/span><\/p>\n\n\t\t<\/div>\n\t<\/div>\n<\/div><\/div><div class=\"vc_tta-panel\" id=\"1719266645655-b89fd1ee-a12a\" data-vc-content=\".vc_tta-panel-body\"><div class=\"vc_tta-panel-heading\"><h4 class=\"vc_tta-panel-title vc_tta-controls-icon-position-left\"><a href=\"#1719266645655-b89fd1ee-a12a\" data-vc-accordion data-vc-container=\".vc_tta-container\"><span class=\"vc_tta-title-text\">Quali sono i requisiti che i cittadini stranieri devono rispettare per acquistare una propriet\u00e0 a Fujairah?<\/span><i class=\"vc_tta-controls-icon vc_tta-controls-icon-plus\"><\/i><\/a><\/h4><\/div><div class=\"vc_tta-panel-body\">\n\t<div class=\"wpb_text_column wpb_content_element  vc_column_text\" >\n\t\t<div class=\"wpb_wrapper\">\n\t\t\t<p><span style=\"font-weight: 400;\">I cittadini stranieri possono acquistare propriet\u00e0 a Fujairah in aree designate note come Freehold Zones. In queste zone, hanno diritto alla piena propriet\u00e0.<\/span><\/p>\n\n\t\t<\/div>\n\t<\/div>\n<\/div><\/div><div class=\"vc_tta-panel\" id=\"1719266716016-f7976df7-8ad5\" data-vc-content=\".vc_tta-panel-body\"><div class=\"vc_tta-panel-heading\"><h4 class=\"vc_tta-panel-title vc_tta-controls-icon-position-left\"><a href=\"#1719266716016-f7976df7-8ad5\" data-vc-accordion data-vc-container=\".vc_tta-container\"><span class=\"vc_tta-title-text\">Qual \u00e8 la procedura per acquistare una propriet\u00e0 a Fujairah?<\/span><i class=\"vc_tta-controls-icon vc_tta-controls-icon-plus\"><\/i><\/a><\/h4><\/div><div class=\"vc_tta-panel-body\">\n\t<div class=\"wpb_text_column wpb_content_element  vc_column_text\" >\n\t\t<div class=\"wpb_wrapper\">\n\t\t\t<p><span style=\"font-weight: 400;\">Il processo di acquisto di una propriet\u00e0 comporta la selezione dell&#039;immobile desiderato, la firma di un accordo preliminare (solitamente con un acconto), la verifica dello stato legale dell&#039;immobile, la firma del contratto finale e la registrazione della transazione presso le autorit\u00e0 immobiliari.<\/span><\/p>\n\n\t\t<\/div>\n\t<\/div>\n<\/div><\/div><div class=\"vc_tta-panel\" id=\"1719266745398-b1c99ace-caa6\" data-vc-content=\".vc_tta-panel-body\"><div class=\"vc_tta-panel-heading\"><h4 class=\"vc_tta-panel-title vc_tta-controls-icon-position-left\"><a href=\"#1719266745398-b1c99ace-caa6\" data-vc-accordion data-vc-container=\".vc_tta-container\"><span class=\"vc_tta-title-text\">Quali sono i costi e le tasse associati all&#039;acquisto di una propriet\u00e0 a Fujairah?<\/span><i class=\"vc_tta-controls-icon vc_tta-controls-icon-plus\"><\/i><\/a><\/h4><\/div><div class=\"vc_tta-panel-body\">\n\t<div class=\"wpb_text_column wpb_content_element  vc_column_text\" >\n\t\t<div class=\"wpb_wrapper\">\n\t\t\t<p><span style=\"font-weight: 400;\">I costi possono includere una tassa di trasferimento della propriet\u00e0 (Transfer Fee), commissioni dell&#039;agente immobiliare e spese legali. La tassa di trasferimento della propriet\u00e0 \u00e8 solitamente pari a 4% del valore della propriet\u00e0.<\/span><\/p>\n\n\t\t<\/div>\n\t<\/div>\n<\/div><\/div><div class=\"vc_tta-panel\" id=\"1719266768032-981502c5-f016\" data-vc-content=\".vc_tta-panel-body\"><div class=\"vc_tta-panel-heading\"><h4 class=\"vc_tta-panel-title vc_tta-controls-icon-position-left\"><a href=\"#1719266768032-981502c5-f016\" data-vc-accordion data-vc-container=\".vc_tta-container\"><span class=\"vc_tta-title-text\">Quali sono i consigli per scegliere un immobile a Fujairah?<\/span><i class=\"vc_tta-controls-icon vc_tta-controls-icon-plus\"><\/i><\/a><\/h4><\/div><div class=\"vc_tta-panel-body\">\n\t<div class=\"wpb_text_column wpb_content_element  vc_column_text\" >\n\t\t<div class=\"wpb_wrapper\">\n\t\t\t<p><span style=\"font-weight: 400;\">\u00a0Prima di acquistare un immobile, \u00e8 importante stabilire le proprie esigenze e il budget, effettuare ricerche sul mercato immobiliare, verificare lo stato legale dell&#039;immobile e assicurarsi che nelle vicinanze siano presenti i servizi e le infrastrutture necessari.<\/span><\/p>\n\n\t\t<\/div>\n\t<\/div>\n<\/div><\/div><\/div><\/div><\/div><\/div><\/div><\/div><\/div><\/div>\n<\/section>","protected":false},"excerpt":{"rendered":"L&#039;Emirato di Fujairah \u00e8 un luogo di straordinaria bellezza naturale, dove il mare incontaminato si fonde armoniosamente con le maestose montagne Hajar, creando uno sfondo pittoresco. Molti turisti scelgono Fujairah per un&#039;esperienza di vacanza senza pari. Questo emirato non ha un&#039;industria petrolifera e un numero limitato di grattacieli. La caratteristica principale di questo resort \u00e8 il suo accesso alle rive del Mar Arabico. Il ...","protected":false},"author":1,"featured_media":0,"parent":4288,"menu_order":0,"comment_status":"closed","ping_status":"closed","template":"advanced_search_results.php","meta":{"inline_featured_image":false,"_glsr_average":0,"_glsr_ranking":0,"_glsr_reviews":0,"footnotes":""},"class_list":["post-4324","page","type-page","status-publish","hentry"],"yoast_head":"<!-- This site is optimized with the Yoast SEO Premium plugin v25.1 (Yoast SEO v25.6) - https:\/\/yoast.com\/wordpress\/plugins\/seo\/ -->\n<title>Property in Fujairah - Alira Real Estate - Real estate in the UAE<\/title>\n<meta name=\"robots\" content=\"index, follow, max-snippet:-1, max-image-preview:large, max-video-preview:-1\" \/>\n<link rel=\"canonical\" href=\"https:\/\/alirarealestate.com\/it\/catalog\/buy\/fujairah\/\" \/>\n<meta property=\"og:locale\" content=\"it_IT\" \/>\n<meta property=\"og:type\" content=\"article\" \/>\n<meta property=\"og:title\" content=\"Property in Fujairah\" \/>\n<meta property=\"og:url\" content=\"https:\/\/alirarealestate.com\/it\/catalog\/buy\/fujairah\/\" \/>\n<meta property=\"og:site_name\" content=\"Alira Real Estate - Real estate in the UAE\" \/>\n<meta property=\"article:modified_time\" content=\"2024-10-27T14:56:59+00:00\" \/>\n<meta name=\"twitter:card\" content=\"summary_large_image\" \/>\n<meta name=\"twitter:label1\" content=\"Tempo di lettura stimato\" \/>\n\t<meta name=\"twitter:data1\" content=\"6 minuti\" \/>\n<script type=\"application\/ld+json\" class=\"yoast-schema-graph\">{\"@context\":\"https:\/\/schema.org\",\"@graph\":[{\"@type\":\"WebPage\",\"@id\":\"https:\/\/alirarealestate.com\/it\/catalog\/buy\/fujairah\/\",\"url\":\"https:\/\/alirarealestate.com\/it\/catalog\/buy\/fujairah\/\",\"name\":\"Property in Fujairah - Alira Real Estate - Real estate in the UAE\",\"isPartOf\":{\"@id\":\"https:\/\/alirarealestate.com\/it\/#website\"},\"datePublished\":\"2024-04-18T07:17:39+00:00\",\"dateModified\":\"2024-10-27T14:56:59+00:00\",\"breadcrumb\":{\"@id\":\"https:\/\/alirarealestate.com\/it\/catalog\/buy\/fujairah\/#breadcrumb\"},\"inLanguage\":\"it-IT\",\"potentialAction\":[{\"@type\":\"ReadAction\",\"target\":[\"https:\/\/alirarealestate.com\/it\/catalog\/buy\/fujairah\/\"]}]},{\"@type\":\"BreadcrumbList\",\"@id\":\"https:\/\/alirarealestate.com\/it\/catalog\/buy\/fujairah\/#breadcrumb\",\"itemListElement\":[{\"@type\":\"ListItem\",\"position\":1,\"name\":\"Home\",\"item\":\"https:\/\/alirarealestate.com\/\"},{\"@type\":\"ListItem\",\"position\":2,\"name\":\"Real Estate Catalog\",\"item\":\"https:\/\/alirarealestate.com\/catalog\/\"},{\"@type\":\"ListItem\",\"position\":3,\"name\":\"Real Estate Catalog\",\"item\":\"https:\/\/alirarealestate.com\/catalog\/buy\/\"},{\"@type\":\"ListItem\",\"position\":4,\"name\":\"Property in Fujairah\"}]},{\"@type\":\"WebSite\",\"@id\":\"https:\/\/alirarealestate.com\/it\/#website\",\"url\":\"https:\/\/alirarealestate.com\/it\/\",\"name\":\"Alira Real Estate - Real estate in the UAE\",\"description\":\"\",\"potentialAction\":[{\"@type\":\"SearchAction\",\"target\":{\"@type\":\"EntryPoint\",\"urlTemplate\":\"https:\/\/alirarealestate.com\/it\/?s={search_term_string}\"},\"query-input\":{\"@type\":\"PropertyValueSpecification\",\"valueRequired\":true,\"valueName\":\"search_term_string\"}}],\"inLanguage\":\"it-IT\"}]}<\/script>\n<!-- \/ Yoast SEO Premium plugin. -->","yoast_head_json":{"title":"Property in Fujairah - Alira Real Estate - Real estate in the UAE","robots":{"index":"index","follow":"follow","max-snippet":"max-snippet:-1","max-image-preview":"max-image-preview:large","max-video-preview":"max-video-preview:-1"},"canonical":"https:\/\/alirarealestate.com\/it\/catalog\/buy\/fujairah\/","og_locale":"it_IT","og_type":"article","og_title":"Property in Fujairah","og_url":"https:\/\/alirarealestate.com\/it\/catalog\/buy\/fujairah\/","og_site_name":"Alira Real Estate - Real estate in the UAE","article_modified_time":"2024-10-27T14:56:59+00:00","twitter_card":"summary_large_image","twitter_misc":{"Tempo di lettura stimato":"6 minuti"},"schema":{"@context":"https:\/\/schema.org","@graph":[{"@type":"WebPage","@id":"https:\/\/alirarealestate.com\/it\/catalog\/buy\/fujairah\/","url":"https:\/\/alirarealestate.com\/it\/catalog\/buy\/fujairah\/","name":"Property in Fujairah - Alira Real Estate - Real estate in the UAE","isPartOf":{"@id":"https:\/\/alirarealestate.com\/it\/#website"},"datePublished":"2024-04-18T07:17:39+00:00","dateModified":"2024-10-27T14:56:59+00:00","breadcrumb":{"@id":"https:\/\/alirarealestate.com\/it\/catalog\/buy\/fujairah\/#breadcrumb"},"inLanguage":"it-IT","potentialAction":[{"@type":"ReadAction","target":["https:\/\/alirarealestate.com\/it\/catalog\/buy\/fujairah\/"]}]},{"@type":"BreadcrumbList","@id":"https:\/\/alirarealestate.com\/it\/catalog\/buy\/fujairah\/#breadcrumb","itemListElement":[{"@type":"ListItem","position":1,"name":"Home","item":"https:\/\/alirarealestate.com\/"},{"@type":"ListItem","position":2,"name":"Real Estate Catalog","item":"https:\/\/alirarealestate.com\/catalog\/"},{"@type":"ListItem","position":3,"name":"Real Estate Catalog","item":"https:\/\/alirarealestate.com\/catalog\/buy\/"},{"@type":"ListItem","position":4,"name":"Property in Fujairah"}]},{"@type":"WebSite","@id":"https:\/\/alirarealestate.com\/it\/#website","url":"https:\/\/alirarealestate.com\/it\/","name":"Alira Real Estate - Real estate in the UAE","description":"","potentialAction":[{"@type":"SearchAction","target":{"@type":"EntryPoint","urlTemplate":"https:\/\/alirarealestate.com\/it\/?s={search_term_string}"},"query-input":{"@type":"PropertyValueSpecification","valueRequired":true,"valueName":"search_term_string"}}],"inLanguage":"it-IT"}]}},"_links":{"self":[{"href":"https:\/\/alirarealestate.com\/it\/wp-json\/wp\/v2\/pages\/4324"}],"collection":[{"href":"https:\/\/alirarealestate.com\/it\/wp-json\/wp\/v2\/pages"}],"about":[{"href":"https:\/\/alirarealestate.com\/it\/wp-json\/wp\/v2\/types\/page"}],"author":[{"embeddable":true,"href":"https:\/\/alirarealestate.com\/it\/wp-json\/wp\/v2\/users\/1"}],"replies":[{"embeddable":true,"href":"https:\/\/alirarealestate.com\/it\/wp-json\/wp\/v2\/comments?post=4324"}],"version-history":[{"count":2,"href":"https:\/\/alirarealestate.com\/it\/wp-json\/wp\/v2\/pages\/4324\/revisions"}],"predecessor-version":[{"id":5915,"href":"https:\/\/alirarealestate.com\/it\/wp-json\/wp\/v2\/pages\/4324\/revisions\/5915"}],"up":[{"embeddable":true,"href":"https:\/\/alirarealestate.com\/it\/wp-json\/wp\/v2\/pages\/4288"}],"wp:attachment":[{"href":"https:\/\/alirarealestate.com\/it\/wp-json\/wp\/v2\/media?parent=4324"}],"curies":[{"name":"wp","href":"https:\/\/api.w.org\/{rel}","templated":true}]}}