{"id":4305,"date":"2024-04-18T10:17:39","date_gmt":"2024-04-18T07:17:39","guid":{"rendered":"https:\/\/alirarealestate.com\/catalog\/buy\/dubai\/villas\/"},"modified":"2024-10-27T17:27:42","modified_gmt":"2024-10-27T14:27:42","slug":"villas","status":"publish","type":"page","link":"https:\/\/alirarealestate.com\/it\/catalog\/buy\/dubai\/villas\/","title":{"rendered":"Ville in vendita a Dubai"},"content":{"rendered":"<section class=\"wpb-content-wrapper\"><div class=\"vc_row wpb_row vc_row-fluid vc_row\"><div class=\"wpb_column vc_column_container vc_col-sm-12 vc_column\"><div class=\"vc_column-inner\"><div class=\"wpb_wrapper\">\n\t<div class=\"wpb_text_column wpb_content_element  vc_column_text\" >\n\t\t<div class=\"wpb_wrapper\">\n\t\t\t<p><span style=\"font-weight: 400;\">Sogni di vivere in un paese soleggiato o cerchi un modo di investire denaro con successo? Considera gli immobili a Dubai. Ville e case sono le opzioni pi\u00f9 ricercate nella metropoli moderna. E non senza ragione! La domanda di tali propriet\u00e0 negli Emirati \u00e8 in costante crescita. A Dubai ci sono molti edifici residenziali in vendita, ognuno unico nel suo design e nella sua posizione. Ci sono immobili per ogni budget e gusto, dalle case minimaliste con decorazioni semplici alle ville di lusso con finiture costose.<\/span><\/p>\n<p>&nbsp;<\/p>\n<p><span style=\"font-weight: 400;\">L&#039;agenzia immobiliare Alira offre il meglio <\/span><span style=\"font-weight: 400;\">case in vendita Dubai <\/span><span style=\"font-weight: 400;\">e oltre. Sul sito web dell&#039;azienda, puoi trovare e <\/span><span style=\"font-weight: 400;\">comprare una villa a Dubai <\/span><span style=\"font-weight: 400;\">ad un buon prezzo per soddisfare ogni esigenza:<\/span><\/p>\n<p>&nbsp;<\/p>\n<ul>\n<li><span style=\"font-weight: 400;\">per vivere tutto l&#039;anno;<\/span><\/li>\n<li><span style=\"font-weight: 400;\">per soggiorni stagionali;<\/span><\/li>\n<li><span style=\"font-weight: 400;\">per il noleggio e altro ancora.<\/span><\/li>\n<li>Il portale presenta informazioni fresche e aggiornate sulle vendite immobiliari negli Emirati.<\/li>\n<\/ul>\n<p>&nbsp;<\/p>\n<h2><b>Vantaggi di <\/b><b>ville in vendita a Dubai<\/b><\/h2>\n<p>&nbsp;<\/p>\n<p><span style=\"font-weight: 400;\">Acquistare una villa a Dubai<\/span><span style=\"font-weight: 400;\"> in riva al mare significa investire denaro saggiamente. Ecco alcuni fattori che rendono il settore immobiliare negli Emirati Arabi Uniti attraente per gli investimenti:<\/span><\/p>\n<p>&nbsp;<\/p>\n<ul>\n<li><span style=\"font-weight: 400;\">Clima e popolarit\u00e0 tra i turisti. Dubai si trova sulle rive del Golfo Persico. \u00c8 una delle citt\u00e0 pi\u00f9 calde del mondo, con precipitazioni estremamente rare. Grazie al suo clima confortevole, Dubai \u00e8 una localit\u00e0 perfetta per tutto l&#039;anno.<\/span><\/li>\n<li><span style=\"font-weight: 400;\">Comodi collegamenti di trasporto. La metropoli ha una moderna rete di trasporti urbani e internazionali. L&#039;aeroporto, da cui \u00e8 possibile volare verso i paesi pi\u00f9 popolari del mondo, si trova in citt\u00e0. Il trasferimento per raggiungerlo dura 30 minuti.<\/span><\/li>\n<li><span style=\"font-weight: 400;\">Elevato standard di vita. Dubai \u00e8 una metropoli moderna altamente sviluppata. Secondo l&#039;agenzia di consulenza Mercer, la citt\u00e0 si classifica al 75\u00b0 posto su 211 in termini di qualit\u00e0 della vita. Inoltre, gli Emirati Arabi Uniti sono tra le &quot;TOP-50 migliori localit\u00e0 in cui vivere&quot;.<\/span><\/li>\n<li><span style=\"font-weight: 400;\">Attivit\u00e0 commerciale. Dubai si trova all&#039;incrocio delle principali rotte commerciali aeree e marittime tra Asia ed Europa. La citt\u00e0 ospita le sedi centrali di molte note societ\u00e0 commerciali, il che stimola lo sviluppo di relazioni commerciali internazionali.<\/span><\/li>\n<li><span style=\"font-weight: 400;\">Sicurezza e stabilit\u00e0. Gli Emirati Arabi Uniti sono uno dei paesi pi\u00f9 sicuri al mondo. La politica migratoria degli Emirati Arabi Uniti impone requisiti rigorosi ai migranti.<\/span><\/li>\n<li><span style=\"font-weight: 400;\">Legislazione trasparente. Le transazioni immobiliari qui sono controllate a livello governativo e vengono concluse solo con societ\u00e0 autorizzate.<\/span><\/li>\n<\/ul>\n<p>&nbsp;<\/p>\n<p><span style=\"font-weight: 400;\">Oggigiorno, gli Emirati Arabi sono pieni di stranieri. Alcuni vengono qui per qualche giorno, mentre altri vivono nella citt\u00e0 turistica tutto l&#039;anno. Acquistare immobili residenziali nel paese arabo porta un profitto fino a 5-10% all&#039;anno, mentre l&#039;acquisto di spazi commerciali pu\u00f2 portare fino a 15%.<\/span><\/p>\n\n\t\t<\/div>\n\t<\/div>\n<\/div><\/div><\/div><\/div><div class=\"vc_row wpb_row vc_row-fluid vc_row\"><div class=\"wpb_column vc_column_container vc_col-sm-12 vc_column\"><div class=\"vc_column-inner\"><div class=\"wpb_wrapper\">\n\t<div class=\"wpb_text_column wpb_content_element  vc_column_text\" >\n\t\t<div class=\"wpb_wrapper\">\n\t\t\t<h2><strong>Le localit\u00e0 pi\u00f9 gettonate per acquistare ville a Dubai sono:<\/strong><\/h2>\n<p>&nbsp;<\/p>\n<ul>\n<li><span style=\"font-weight: 400;\"><a href=\"https:\/\/alirarealestate.com\/it\/catalog\/buy\/dubai\/business-bay\/\">Baia degli affari<\/a> \u2013 il centro commerciale dell\u2019emirato, una specie di analogo di Manhattan a New York;<\/span><\/li>\n<li><span style=\"font-weight: 400;\"><a href=\"https:\/\/alirarealestate.com\/it\/catalog\/buy\/dubai\/dubai-marina\/\">Marina di Dubai<\/a> \u2013 un quartiere orientato alle vacanze al mare e ad uno stile di vita lussuoso;<\/span><\/li>\n<li><span style=\"font-weight: 400;\"><a href=\"https:\/\/alirarealestate.com\/it\/catalog\/buy\/dubai\/downtown\/\">Centro di Dubai<\/a> \u2013 il centro geografico, commerciale e turistico della citt\u00e0 orientale;<\/span><\/li>\n<li><span style=\"font-weight: 400;\"><a href=\"https:\/\/alirarealestate.com\/it\/catalog\/buy\/dubai\/dubai-hills\/\">Colline di Dubai<\/a> \u2013 un piccolo micro-distretto, un quartiere verde all\u2019interno di una grande metropoli;<\/span><\/li>\n<li><span style=\"font-weight: 400;\"><a href=\"https:\/\/alirarealestate.com\/it\/catalog\/buy\/dubai\/jumeirah-village-circle\/\">JVC (Cerchio del villaggio di Jumeirah)<\/a> \u2013 il miglior microdistretto per vivere e trascorrere le vacanze al mare;<\/span><\/li>\n<li><span style=\"font-weight: 400;\"><a href=\"https:\/\/alirarealestate.com\/it\/catalog\/buy\/dubai\/palm-jumeirah\/\">Palma Jumeirah<\/a> \u2013 un&#039;isola artificiale di culto a forma di palma;<\/span><\/li>\n<li><span style=\"font-weight: 400;\"><a href=\"https:\/\/alirarealestate.com\/it\/catalog\/buy\/dubai\/dubai-harbor\/\">Porto di Dubai<\/a> \u2013 una zona residenziale ultramoderna nei pressi di una baia artificiale;<\/span><\/li>\n<li><span style=\"font-weight: 400;\"><a href=\"https:\/\/alirarealestate.com\/it\/catalog\/buy\/dubai\/emaar-beachfront\/\">Fronte spiaggia di Emaar<\/a> \u2013 un complesso costiero di lusso di tipo chiuso a tutti gli effetti;<\/span><\/li>\n<li><span style=\"font-weight: 400;\"><a href=\"https:\/\/alirarealestate.com\/it\/catalog\/buy\/dubai\/dubai-hills\/\">Colline di Damac<\/a> \u2013 un tranquillo micro-quartiere residenziale, un luogo ideale per vivere con la famiglia e i bambini.<\/span><\/li>\n<\/ul>\n<p>&nbsp;<\/p>\n<h2><b>Stile di vita a Dubai<\/b><\/h2>\n<p>&nbsp;<\/p>\n<p><span style=\"font-weight: 400;\">Negli ultimi dieci anni, l&#039;infrastruttura e lo stile di vita nell&#039;emirato sono migliorati a tal punto che i paesi pi\u00f9 sviluppati del mondo possono invidiare le opportunit\u00e0 a disposizione dei residenti e degli ospiti della metropoli. Nella grande citt\u00e0 degli Emirati Arabi Uniti, ci sono:<\/span><\/p>\n<p>&nbsp;<\/p>\n<ul>\n<li><span style=\"font-weight: 400;\">asili nido e scuole con attrezzature moderne e personale qualificato;<\/span><\/li>\n<li><span style=\"font-weight: 400;\">ospedali e cliniche di livello mondiale, che offrono servizi medici avanzati;<\/span><\/li>\n<li><span style=\"font-weight: 400;\">lussuosi centri commerciali enormi per uno shopping di qualit\u00e0;<\/span><\/li>\n<li><span style=\"font-weight: 400;\">varie infrastrutture che possono essere utili per vivere e lavorare.<\/span><\/li>\n<\/ul>\n<p>&nbsp;<\/p>\n<p><span style=\"font-weight: 400;\">L&#039;infrastruttura di Dubai offre comfort e comodit\u00e0 sia agli ospiti che ai residenti della citt\u00e0, supportando una crescita economica dinamica. Dubai \u00e8 popolare tra i turisti. Molti stranieri considerano la metropoli come un luogo di residenza permanente.<\/span><\/p>\n<p>&nbsp;<\/p>\n<h2><b>Prezzi delle ville a Dubai<\/b><\/h2>\n<p>&nbsp;<\/p>\n<p><span style=\"font-weight: 400;\">Quanto costa una casa a Dubai? Questa domanda viene posta da chiunque stia pianificando di acquistare un immobile negli Emirati Arabi Uniti. <\/span><span style=\"font-weight: 400;\">Prezzo villa Dubai<\/span><span style=\"font-weight: 400;\"> \u00e8 influenzato dalle caratteristiche individuali della propriet\u00e0, dalla sua posizione e dalle sue dimensioni. Il costo minimo di un <\/span><span style=\"font-weight: 400;\">villa in vendita a Dubai<\/span><span style=\"font-weight: 400;\">\u00a0 nella metropoli orientale \u00e8 $280.000 (circa 1 milione di AED).<\/span><\/p>\n<p>&nbsp;<\/p>\n<p><span style=\"font-weight: 400;\">Se stai pensando di acquistare una propriet\u00e0 a Dubai, presta attenzione ai seguenti aspetti:<\/span><\/p>\n<p>&nbsp;<\/p>\n<ul>\n<li><span style=\"font-weight: 400;\"><a href=\"https:\/\/alirarealestate.com\/it\/catalog\/buy\/dubai\/damac-hills\/\">Colline di Damac<\/a>;<\/span><\/li>\n<li><span style=\"font-weight: 400;\"><a href=\"https:\/\/alirarealestate.com\/it\/catalog\/buy\/dubai\/dubai-hills\/\">Colline di Dubai<\/a>;<\/span><\/li>\n<li><span style=\"font-weight: 400;\"><a href=\"https:\/\/alirarealestate.com\/it\/catalog\/buy\/dubai\/palm-jumeirah\/\">Palma Jumeirah<\/a>;<\/span><\/li>\n<li><span style=\"font-weight: 400;\">Tenuta di Golf di Jumeirah;<\/span><\/li>\n<li><span style=\"font-weight: 400;\">Mudone.<\/span><\/li>\n<\/ul>\n<p>&nbsp;<\/p>\n<p><span style=\"font-weight: 400;\">Per scegliere un quartiere e acquistare una villa a Dubai, affidatevi ai servizi di uno specialista qualificato e con una buona conoscenza del mercato immobiliare.<\/span><\/p>\n\n\t\t<\/div>\n\t<\/div>\n<\/div><\/div><\/div><\/div><div class=\"vc_row wpb_row vc_row-fluid vc_row\"><div class=\"wpb_column vc_column_container vc_col-sm-12 vc_column\"><div class=\"vc_column-inner\"><div class=\"wpb_wrapper\">\n\t<div class=\"wpb_text_column wpb_content_element  vc_column_text\" >\n\t\t<div class=\"wpb_wrapper\">\n\t\t\t<h2><b>Investire in ville a Dubai<\/b><\/h2>\n<p>&nbsp;<\/p>\n<p><span style=\"font-weight: 400;\">Acquistare una propriet\u00e0 negli Emirati \u00e8 un investimento redditizio. Gli immobili negli Emirati Arabi Uniti sono sempre molto richiesti e <\/span><span style=\"font-weight: 400;\">prezzi delle case a Dubai<\/span><span style=\"font-weight: 400;\"> sono in costante aumento. Nell&#039;ultimo anno, il costo degli immobili in molte aree della metropoli araba \u00e8 aumentato in media da 40 a 60%.<\/span><\/p>\n<p>&nbsp;<\/p>\n<p><span style=\"font-weight: 400;\">Ville a Dubai in vendita<\/span><span style=\"font-weight: 400;\">e vicino alla costa del Golfo e <a href=\"https:\/\/alirarealestate.com\/it\/catalog\/buy\/dubai\/villas\/luxury\/\">case di formato premium<\/a> sono i pi\u00f9 popolari. Il rendimento medio dell&#039;affitto di immobili residenziali \u00e8 di circa 6% all&#039;anno.<\/span><\/p>\n<p>&nbsp;<\/p>\n<h2><b>Collaborazione con l&#039;Agenzia<\/b><\/h2>\n<p>&nbsp;<\/p>\n<p><span style=\"font-weight: 400;\">Alira Real Estate \u00e8 un&#039;agenzia immobiliare che offre un&#039;ampia gamma di servizi. Il profilo principale di Alira Real Estate \u00e8 l&#039;acquisto, l&#039;affitto e la vendita di case a Dubai e in altri emirati.<\/span><\/p>\n<p>&nbsp;<\/p>\n<p><span style=\"font-weight: 400;\">Specialisti qualificati con una vasta esperienza lavorativa lavorano in Alira Real Estate. Conoscono tutte le sfumature del mercato. Ci\u00f2 consente loro di fornire il massimo beneficio ai clienti. Il database di immobili residenziali e commerciali nell&#039;agenzia viene aggiornato regolarmente. \u00c8 dotato di un sistema di ricerca accessibile dotato di filtri per vari parametri.<\/span><\/p>\n<p>&nbsp;<\/p>\n<p><span style=\"font-weight: 400;\">Collaborando con la nostra agenzia otterrai i seguenti vantaggi:<\/span><\/p>\n<p>&nbsp;<\/p>\n<ul>\n<li><span style=\"font-weight: 400;\">Trasparenza. Puoi trovare immobili residenziali o commerciali negli Emirati Arabi Uniti che soddisfano pienamente i requisiti indicati.<\/span><\/li>\n<li><span style=\"font-weight: 400;\">Flessibilit\u00e0. Ottieni termini di cooperazione flessibili e l&#039;opportunit\u00e0 di scegliere tra diverse opzioni immobiliari. Puoi completare la transazione da remoto se necessario.<\/span><\/li>\n<li><span style=\"font-weight: 400;\">Riservatezza. I tuoi dati personali e altre informazioni non vengono divulgati a terzi senza il tuo consenso scritto o reale necessit\u00e0.<\/span><\/li>\n<\/ul>\n<p>&nbsp;<\/p>\n<p><span style=\"font-weight: 400;\">Rivolgendoti all&#039;agenzia immobiliare Alira, scegli un partner affidabile e responsabile!<\/span><\/p>\n<p>&nbsp;<\/p>\n<p><span style=\"font-weight: 400;\">Vuoi sapere quanto costa una villa a Dubai? O vuoi trovare un&#039;opzione adatta per l&#039;investimento? Chiama <\/span><span style=\"font-weight: 400;\"><a href=\"tel: 79869277377\">+7 (986) 927-73-77<\/a><\/span><span style=\"font-weight: 400;\"> E <\/span><span style=\"font-weight: 400;\"><a href=\"tel: 971588337903\">+971 (588) 337 903<\/a><\/span><span style=\"font-weight: 400;\"> per ricevere le ultime offerte dai migliori sviluppatori negli Emirati Arabi Uniti, oppure scrivi a <a class=\"mail\" href=\"mailto:info@alirarealestate.com\">info@alirarealestate.com<\/a>.<\/span><\/p>\n\n\t\t<\/div>\n\t<\/div>\n<\/div><\/div><\/div><\/div>\n<\/section>","protected":false},"excerpt":{"rendered":"Sogni di vivere in un paese soleggiato o cerchi un modo di investire denaro con successo? Considera gli immobili a Dubai. Ville e case sono le opzioni pi\u00f9 ricercate nella metropoli moderna. E non senza ragione! La domanda di tali propriet\u00e0 negli Emirati \u00e8 in costante crescita. A Dubai ci sono molti edifici residenziali in vendita, ognuno unico nel suo design e nella sua posizione. ...","protected":false},"author":1,"featured_media":0,"parent":4295,"menu_order":0,"comment_status":"closed","ping_status":"closed","template":"advanced_search_results.php","meta":{"inline_featured_image":false,"_glsr_average":0,"_glsr_ranking":0,"_glsr_reviews":0,"footnotes":""},"class_list":["post-4305","page","type-page","status-publish","hentry"],"yoast_head":"<!-- This site is optimized with the Yoast SEO Premium plugin v25.1 (Yoast SEO v25.6) - https:\/\/yoast.com\/wordpress\/plugins\/seo\/ -->\n<title>Villas for Sale In Dubai. Buy a House - Alira<\/title>\n<meta name=\"description\" content=\"Villas for sale in Dubai, UAE. \u2b50 Buy villas in Dubai: luxury, affordable, by the sea, etc. \u2b50 Prices, descriptions, and photos. \u27a4 Discover your perfect house on our website!\" \/>\n<meta name=\"robots\" content=\"index, follow, max-snippet:-1, max-image-preview:large, max-video-preview:-1\" \/>\n<link rel=\"canonical\" href=\"https:\/\/alirarealestate.com\/it\/catalog\/buy\/dubai\/villas\/\" \/>\n<meta property=\"og:locale\" content=\"it_IT\" \/>\n<meta property=\"og:type\" content=\"article\" \/>\n<meta property=\"og:title\" content=\"Villas for Sale In Dubai\" \/>\n<meta property=\"og:description\" content=\"Villas for sale in Dubai, UAE. \u2b50 Buy villas in Dubai: luxury, affordable, by the sea, etc. \u2b50 Prices, descriptions, and photos. \u27a4 Discover your perfect house on our website!\" \/>\n<meta property=\"og:url\" content=\"https:\/\/alirarealestate.com\/it\/catalog\/buy\/dubai\/villas\/\" \/>\n<meta property=\"og:site_name\" content=\"Alira Real Estate - Real estate in the UAE\" \/>\n<meta property=\"article:modified_time\" content=\"2024-10-27T14:27:42+00:00\" \/>\n<meta name=\"twitter:card\" content=\"summary_large_image\" \/>\n<meta name=\"twitter:label1\" content=\"Tempo di lettura stimato\" \/>\n\t<meta name=\"twitter:data1\" content=\"5 minuti\" \/>\n<script type=\"application\/ld+json\" class=\"yoast-schema-graph\">{\"@context\":\"https:\/\/schema.org\",\"@graph\":[{\"@type\":\"WebPage\",\"@id\":\"https:\/\/alirarealestate.com\/it\/catalog\/buy\/dubai\/villas\/\",\"url\":\"https:\/\/alirarealestate.com\/it\/catalog\/buy\/dubai\/villas\/\",\"name\":\"Villas for Sale In Dubai. Buy a House - Alira\",\"isPartOf\":{\"@id\":\"https:\/\/alirarealestate.com\/it\/#website\"},\"datePublished\":\"2024-04-18T07:17:39+00:00\",\"dateModified\":\"2024-10-27T14:27:42+00:00\",\"description\":\"Villas for sale in Dubai, UAE. \u2b50 Buy villas in Dubai: luxury, affordable, by the sea, etc. \u2b50 Prices, descriptions, and photos. \u27a4 Discover your perfect house on our website!\",\"breadcrumb\":{\"@id\":\"https:\/\/alirarealestate.com\/it\/catalog\/buy\/dubai\/villas\/#breadcrumb\"},\"inLanguage\":\"it-IT\",\"potentialAction\":[{\"@type\":\"ReadAction\",\"target\":[\"https:\/\/alirarealestate.com\/it\/catalog\/buy\/dubai\/villas\/\"]}]},{\"@type\":\"BreadcrumbList\",\"@id\":\"https:\/\/alirarealestate.com\/it\/catalog\/buy\/dubai\/villas\/#breadcrumb\",\"itemListElement\":[{\"@type\":\"ListItem\",\"position\":1,\"name\":\"Home\",\"item\":\"https:\/\/alirarealestate.com\/\"},{\"@type\":\"ListItem\",\"position\":2,\"name\":\"Real Estate Catalog\",\"item\":\"https:\/\/alirarealestate.com\/catalog\/\"},{\"@type\":\"ListItem\",\"position\":3,\"name\":\"Real Estate Catalog\",\"item\":\"https:\/\/alirarealestate.com\/catalog\/buy\/\"},{\"@type\":\"ListItem\",\"position\":4,\"name\":\"Properties for Sale in Dubai\",\"item\":\"https:\/\/alirarealestate.com\/catalog\/buy\/dubai\/\"},{\"@type\":\"ListItem\",\"position\":5,\"name\":\"Villas for Sale In Dubai\"}]},{\"@type\":\"WebSite\",\"@id\":\"https:\/\/alirarealestate.com\/it\/#website\",\"url\":\"https:\/\/alirarealestate.com\/it\/\",\"name\":\"Alira Real Estate - Real estate in the UAE\",\"description\":\"\",\"potentialAction\":[{\"@type\":\"SearchAction\",\"target\":{\"@type\":\"EntryPoint\",\"urlTemplate\":\"https:\/\/alirarealestate.com\/it\/?s={search_term_string}\"},\"query-input\":{\"@type\":\"PropertyValueSpecification\",\"valueRequired\":true,\"valueName\":\"search_term_string\"}}],\"inLanguage\":\"it-IT\"}]}<\/script>\n<!-- \/ Yoast SEO Premium plugin. -->","yoast_head_json":{"title":"Villas for Sale In Dubai. Buy a House - Alira","description":"Villas for sale in Dubai, UAE. \u2b50 Buy villas in Dubai: luxury, affordable, by the sea, etc. \u2b50 Prices, descriptions, and photos. \u27a4 Discover your perfect house on our website!","robots":{"index":"index","follow":"follow","max-snippet":"max-snippet:-1","max-image-preview":"max-image-preview:large","max-video-preview":"max-video-preview:-1"},"canonical":"https:\/\/alirarealestate.com\/it\/catalog\/buy\/dubai\/villas\/","og_locale":"it_IT","og_type":"article","og_title":"Villas for Sale In Dubai","og_description":"Villas for sale in Dubai, UAE. \u2b50 Buy villas in Dubai: luxury, affordable, by the sea, etc. \u2b50 Prices, descriptions, and photos. \u27a4 Discover your perfect house on our website!","og_url":"https:\/\/alirarealestate.com\/it\/catalog\/buy\/dubai\/villas\/","og_site_name":"Alira Real Estate - Real estate in the UAE","article_modified_time":"2024-10-27T14:27:42+00:00","twitter_card":"summary_large_image","twitter_misc":{"Tempo di lettura stimato":"5 minuti"},"schema":{"@context":"https:\/\/schema.org","@graph":[{"@type":"WebPage","@id":"https:\/\/alirarealestate.com\/it\/catalog\/buy\/dubai\/villas\/","url":"https:\/\/alirarealestate.com\/it\/catalog\/buy\/dubai\/villas\/","name":"Villas for Sale In Dubai. Buy a House - Alira","isPartOf":{"@id":"https:\/\/alirarealestate.com\/it\/#website"},"datePublished":"2024-04-18T07:17:39+00:00","dateModified":"2024-10-27T14:27:42+00:00","description":"Villas for sale in Dubai, UAE. \u2b50 Buy villas in Dubai: luxury, affordable, by the sea, etc. \u2b50 Prices, descriptions, and photos. \u27a4 Discover your perfect house on our website!","breadcrumb":{"@id":"https:\/\/alirarealestate.com\/it\/catalog\/buy\/dubai\/villas\/#breadcrumb"},"inLanguage":"it-IT","potentialAction":[{"@type":"ReadAction","target":["https:\/\/alirarealestate.com\/it\/catalog\/buy\/dubai\/villas\/"]}]},{"@type":"BreadcrumbList","@id":"https:\/\/alirarealestate.com\/it\/catalog\/buy\/dubai\/villas\/#breadcrumb","itemListElement":[{"@type":"ListItem","position":1,"name":"Home","item":"https:\/\/alirarealestate.com\/"},{"@type":"ListItem","position":2,"name":"Real Estate Catalog","item":"https:\/\/alirarealestate.com\/catalog\/"},{"@type":"ListItem","position":3,"name":"Real Estate Catalog","item":"https:\/\/alirarealestate.com\/catalog\/buy\/"},{"@type":"ListItem","position":4,"name":"Properties for Sale in Dubai","item":"https:\/\/alirarealestate.com\/catalog\/buy\/dubai\/"},{"@type":"ListItem","position":5,"name":"Villas for Sale In Dubai"}]},{"@type":"WebSite","@id":"https:\/\/alirarealestate.com\/it\/#website","url":"https:\/\/alirarealestate.com\/it\/","name":"Alira Real Estate - Real estate in the UAE","description":"","potentialAction":[{"@type":"SearchAction","target":{"@type":"EntryPoint","urlTemplate":"https:\/\/alirarealestate.com\/it\/?s={search_term_string}"},"query-input":{"@type":"PropertyValueSpecification","valueRequired":true,"valueName":"search_term_string"}}],"inLanguage":"it-IT"}]}},"_links":{"self":[{"href":"https:\/\/alirarealestate.com\/it\/wp-json\/wp\/v2\/pages\/4305"}],"collection":[{"href":"https:\/\/alirarealestate.com\/it\/wp-json\/wp\/v2\/pages"}],"about":[{"href":"https:\/\/alirarealestate.com\/it\/wp-json\/wp\/v2\/types\/page"}],"author":[{"embeddable":true,"href":"https:\/\/alirarealestate.com\/it\/wp-json\/wp\/v2\/users\/1"}],"replies":[{"embeddable":true,"href":"https:\/\/alirarealestate.com\/it\/wp-json\/wp\/v2\/comments?post=4305"}],"version-history":[{"count":2,"href":"https:\/\/alirarealestate.com\/it\/wp-json\/wp\/v2\/pages\/4305\/revisions"}],"predecessor-version":[{"id":5902,"href":"https:\/\/alirarealestate.com\/it\/wp-json\/wp\/v2\/pages\/4305\/revisions\/5902"}],"up":[{"embeddable":true,"href":"https:\/\/alirarealestate.com\/it\/wp-json\/wp\/v2\/pages\/4295"}],"wp:attachment":[{"href":"https:\/\/alirarealestate.com\/it\/wp-json\/wp\/v2\/media?parent=4305"}],"curies":[{"name":"wp","href":"https:\/\/api.w.org\/{rel}","templated":true}]}}