{"id":4296,"date":"2024-04-18T10:17:39","date_gmt":"2024-04-18T07:17:39","guid":{"rendered":"https:\/\/alirarealestate.com\/catalog\/buy\/dubai\/apartments\/"},"modified":"2025-04-22T23:27:24","modified_gmt":"2025-04-22T20:27:24","slug":"apartments","status":"publish","type":"page","link":"https:\/\/alirarealestate.com\/it\/catalog\/buy\/dubai\/apartments\/","title":{"rendered":"Appartamenti in vendita a Dubai"},"content":{"rendered":"<section class=\"wpb-content-wrapper\"><div class=\"vc_row wpb_row vc_row-fluid vc_row\"><div class=\"wpb_column vc_column_container vc_col-sm-12 vc_column\"><div class=\"vc_column-inner\"><div class=\"wpb_wrapper\">\n\t<div class=\"wpb_text_column wpb_content_element  vc_column_text\" >\n\t\t<div class=\"wpb_wrapper\">\n\t\t\t<p>Acquistare un appartamento a Dubai<span style=\"font-weight: 400;\">i \u00e8 un&#039;opportunit\u00e0 per acquisire una propriet\u00e0 altamente liquida in una citt\u00e0 sicura e moderna. Il ricco patrimonio culturale, il clima favorevole e l&#039;elevato ritorno sull&#039;investimento rendono il settore immobiliare nella metropoli un modo eccellente per investire capitale. Puoi ottenere assistenza nella ricerca e formalizzazione di immobili a Dubai dall&#039;agenzia immobiliare Alira. Ci prendiamo cura delle questioni legali, selezioniamo propriet\u00e0 di alta qualit\u00e0 e forniamo un servizio post-vendita a un livello altamente professionale.<\/span><\/p>\n<p>&nbsp;<\/p>\n<h2><b>Vantaggi di <\/b><b>acquisto appartamento a Dubai<\/b><\/h2>\n<p>&nbsp;<\/p>\n<p><span style=\"font-weight: 400;\">L&#039;emirato, che \u00e8 cresciuto dalle sabbie di un deserto caldo a una metropoli lussuosa nel giro di decenni, \u00e8 un posto eccellente in cui vivere e investire. Acquistare una propriet\u00e0 nel suo territorio ha diversi vantaggi:<\/span><\/p>\n<p>&nbsp;<\/p>\n<ul>\n<li><span style=\"font-weight: 400;\">Elevato ritorno sull&#039;investimento. Il prezzo di vendita degli appartamenti a Dubai aumenta costantemente, offrendo agli investitori rendimenti eccellenti.<\/span><\/li>\n<li><span style=\"font-weight: 400;\">Diritto di ottenere un visto di residenza. Quando si acquista una propriet\u00e0 del valore di 750.000 AED, \u00e8 possibile ottenere un visto di due anni e, per le propriet\u00e0 che costano pi\u00f9 di 2 milioni di AED, un &quot;Golden Visa&quot; di dieci anni.<\/span><\/li>\n<li><span style=\"font-weight: 400;\">Elevato standard di vita. In termini di sicurezza e comfort, Dubai si colloca tra i primi posti non solo in Medio Oriente, ma anche a livello globale.<\/span><\/li>\n<li><span style=\"font-weight: 400;\">Nessuna imposta sulla propriet\u00e0. Gli acquirenti non devono spendere soldi per i pagamenti annuali delle tasse. Le uniche spese sono per la manutenzione della propriet\u00e0.<\/span><\/li>\n<li><span style=\"font-weight: 400;\">Elevato reddito da locazione. I costi di acquisto della propriet\u00e0 vengono recuperati in un breve periodo, poich\u00e9 il rendimento da locazione degli appartamenti pu\u00f2 arrivare fino a 13%.<\/span><\/li>\n<li><span style=\"font-weight: 400;\">Legislazione trasparente. Le transazioni immobiliari a Dubai sono completamente protette dal quadro legislativo. Agli stranieri \u00e8 consentito acquistare immobili in piena propriet\u00e0 con una semplice procedura di registrazione.<br \/>\n<\/span><\/li>\n<\/ul>\n<h2><b>Aree popolari per l&#039;acquisto di appartamenti a Dubai<\/b><\/h2>\n<p>&nbsp;<\/p>\n<p><span style=\"font-weight: 400;\">L&#039;acquisto di appartamenti a Dubai \u00e8 richiesto in tutta la citt\u00e0. Tuttavia, ci sono aree popolari in citt\u00e0 in cui l&#039;acquisto di immobili porta i maggiori benefici:<\/span><\/p>\n<p>&nbsp;<\/p>\n<ul>\n<li><span style=\"font-weight: 400;\"><a href=\"https:\/\/alirarealestate.com\/it\/catalog\/buy\/dubai\/business-bay\/\">Baia degli affari<\/a> \u2013 un importante centro commerciale della citt\u00e0, situato vicino alla zona del centro di Downtown Dubai. Imprenditori e specialisti stranieri preferiscono <\/span><span style=\"font-weight: 400;\">acquistare appartamenti a Dubai<\/span><span style=\"font-weight: 400;\"> in questa zona.<\/span><\/li>\n<li><span style=\"font-weight: 400;\"><a href=\"https:\/\/alirarealestate.com\/it\/catalog\/buy\/dubai\/dubai-marina\/\">Marina di Dubai<\/a> \u2013 un&#039;area d&#039;\u00e9lite sulle rive del Golfo Persico. \u00c8 un canale artificiale, lungo le cui rive si trovano grattacieli, negozi costosi e ristoranti alla moda. \u00c8 popolare tra gli amanti dell&#039;intrattenimento attivo e della ricreazione in spiaggia.<\/span><\/li>\n<li><span style=\"font-weight: 400;\"><a href=\"https:\/\/alirarealestate.com\/it\/catalog\/buy\/dubai\/downtown\/\">Centro di Dubai<\/a> \u2013 il centro della metropoli, noto per i suoi hotel di lusso, i grattacieli, l&#039;intrattenimento e i centri commerciali. I principali vantaggi di vivere in questa zona sono la vicinanza alle attrazioni e un alto livello di infrastrutture.<\/span><\/li>\n<li><span style=\"font-weight: 400;\"><a href=\"https:\/\/alirarealestate.com\/it\/catalog\/buy\/dubai\/dubai-hills\/\">Colline di Dubai<\/a> \u2013 una tranquilla zona residenziale abitata prevalentemente da espatriati. Include alloggi di lusso, tra cui lussuose case a schiera e appartamenti.<\/span><\/li>\n<li><span style=\"font-weight: 400;\"><a href=\"https:\/\/alirarealestate.com\/it\/catalog\/buy\/dubai\/palm-jumeirah\/\">Palma Jumeirah<\/a> \u2013 un&#039;area in cui si registrano i prezzi pi\u00f9 alti degli appartamenti a Dubai, Emirati Arabi Uniti. Si tratta di una rete di isole artificiali a forma di palma. L&#039;area comprende complessi residenziali e di ville di classe premium.<\/span><\/li>\n<li><span style=\"font-weight: 400;\"><a href=\"https:\/\/alirarealestate.com\/it\/catalog\/buy\/dubai\/jumeirah-village-circle\/\">JVC (Cerchio del villaggio di Jumeirah)<\/a> \u2013 una comunit\u00e0 confortevole non lontana da Dubai Marina, composta da case a schiera, ville e appartamenti. Le famiglie con bambini e i sostenitori di una vita tranquilla e pacifica preferiscono stabilirsi qui.<\/span><\/li>\n<li><span style=\"font-weight: 400;\"><a href=\"https:\/\/alirarealestate.com\/it\/catalog\/buy\/dubai\/burj-khalifa\/\">Il Burj Khalifa<\/a> \u2013 un punto di riferimento eccezionale della citt\u00e0 e il grattacielo pi\u00f9 alto del mondo, dove puoi trovare appartamenti di lusso e <\/span><span style=\"font-weight: 400;\">appartamenti in vendita a Dubai<\/span><span style=\"font-weight: 400;\">.<\/span><\/li>\n<li><span style=\"font-weight: 400;\"><a href=\"https:\/\/alirarealestate.com\/it\/catalog\/buy\/dubai\/dubai-harbor\/\">Porto di Dubai<\/a> \u2013 una zona moderna sulla costa del mare vicino a Palm Jumeirah. Attrae gli acquirenti con lusso, comfort e magnifiche viste panoramiche.<\/span><\/li>\n<li><span style=\"font-weight: 400;\"><a href=\"https:\/\/alirarealestate.com\/it\/catalog\/buy\/dubai\/emaar-beachfront\/\">Fronte spiaggia di Emaar<\/a> \u2013 un&#039;area in via di sviluppo vicino a Dubai Marina. Qui vengono attivamente costruiti complessi residenziali con appartamenti per tutti i gusti.<\/span><\/li>\n<li><span style=\"font-weight: 400;\"><a href=\"https:\/\/alirarealestate.com\/it\/catalog\/buy\/dubai\/damac-hills\/\">Colline di Damac<\/a> \u2013 un prestigioso complesso residenziale sul territorio del Trump Dubai International Golf Club. Comprende appartamenti e ville, diversi centri commerciali, ristoranti e l&#039;hotel Radisson.<\/span><\/li>\n<\/ul>\n\n\t\t<\/div>\n\t<\/div>\n<\/div><\/div><\/div><\/div><div class=\"vc_row wpb_row vc_row-fluid vc_row\"><div class=\"wpb_column vc_column_container vc_col-sm-12 vc_column\"><div class=\"vc_column-inner\"><div class=\"wpb_wrapper\">\n\t<div class=\"wpb_text_column wpb_content_element  vc_column_text\" >\n\t\t<div class=\"wpb_wrapper\">\n\t\t\t<h2><b>Principali tipi di <\/b><b>Appartamenti in vendita a Dubai<\/b><\/h2>\n<p>&nbsp;<\/p>\n<p><span style=\"font-weight: 400;\">Se stai pianificando di <\/span><span style=\"font-weight: 400;\">comprare un appartamento a Dubai<\/span><span style=\"font-weight: 400;\">, la nostra agenzia immobiliare offrir\u00e0 un&#039;ampia gamma di immobili per soddisfare qualsiasi richiesta. Disponibili per la selezione sono:<\/span><\/p>\n<p>&nbsp;<\/p>\n<ul>\n<li><span style=\"font-weight: 400;\"><a href=\"https:\/\/alirarealestate.com\/ru\/catalog\/buy\/dubai\/apartments\/1-bedroom\/\">Uno<\/a> A<a href=\"https:\/\/alirarealestate.com\/ru\/catalog\/buy\/dubai\/apartments\/5-bedroom\/\"> cinque camere da letto<\/a> \u2013 appartamenti separati con cucina e un numero variabile di camere da letto. Possono essere situati in edifici a pi\u00f9 piani o complessi residenziali. Spesso vengono acquistati per l&#039;affitto, soprattutto se l&#039;edificio si trova vicino a importanti centri direzionali.<\/span><\/li>\n<li><span style=\"font-weight: 400;\"><a href=\"https:\/\/alirarealestate.com\/ru\/catalog\/buy\/dubai\/apartments\/studios\/\">Studi<\/a> \u2013 stanze in cui la camera da letto \u00e8 combinata con la cucina. Sono popolari tra i giovani professionisti e le coppie senza figli.<\/span><\/li>\n<li><span style=\"font-weight: 400;\"><a href=\"https:\/\/alirarealestate.com\/ru\/catalog\/buy\/dubai\/apartments\/luxury\/\">Elite<\/a> \u2013 appartamenti confortevoli con servizi. Spesso si trovano in comunit\u00e0 recintate con un&#039;infrastruttura sociale sviluppata \u2013 negozi di propriet\u00e0, centri benessere, palestre, campi da gioco e sportivi.<\/span><\/li>\n<li><span style=\"font-weight: 400;\">Convenienti: appartamenti disponibili a un prezzo ragionevole, situati in zone meno gettonate o con servizi limitati.<\/span><\/li>\n<li><span style=\"font-weight: 400;\"><a href=\"https:\/\/alirarealestate.com\/it\/catalog\/buy\/dubai\/apartments\/sea\/\">In riva al mare<\/a> \u2013 situati in complessi residenziali sulla costa del Golfo Persico. Attraggono gli acquirenti con pittoresche viste panoramiche e la presenza della loro spiaggia privata.<\/span><\/li>\n<\/ul>\n<p>&nbsp;<\/p>\n<h2><b>Servizi degli appartamenti a Dubai<\/b><\/h2>\n<p>&nbsp;<\/p>\n<p><span style=\"font-weight: 400;\">Le aziende edili cercano di attrarre investitori anche nella fase di costruzione di complessi residenziali, quindi offrono agli acquirenti prezzi accessibili per appartamenti a Dubai e una vasta gamma di servizi. Nelle residenze, \u00e8 possibile includere:<\/span><\/p>\n<p>&nbsp;<\/p>\n<ul>\n<li><span style=\"font-weight: 400;\">Centri fitness con attrezzature moderne.<\/span><\/li>\n<li><span style=\"font-weight: 400;\">Ristoranti, bar.<\/span><\/li>\n<li><span style=\"font-weight: 400;\">Negozi e panetterie private;<\/span><\/li>\n<li><span style=\"font-weight: 400;\">Piscine con lettini prendisole, aree relax per i residenti;<\/span><\/li>\n<li><span style=\"font-weight: 400;\">Servizio di portineria 24 ore su 24;<\/span><\/li>\n<li><span style=\"font-weight: 400;\">Accesso alle spiagge della costa del Golfo e molto altro ancora.<\/span><\/li>\n<\/ul>\n<p>&nbsp;<\/p>\n<p><span style=\"font-weight: 400;\">La gamma di servizi dipende dal piano di sviluppo e dalla posizione dell&#039;edificio. Alcuni complessi residenziali, specialmente sulla costa, assomigliano di pi\u00f9 a resort a tutti gli effetti con le proprie spiagge o lagune artificiali.<\/span><\/p>\n<p>&nbsp;<\/p>\n<h2><b>Stile di vita a Dubai<\/b><\/h2>\n<p>&nbsp;<\/p>\n<p><span style=\"font-weight: 400;\">La vendita di appartamenti a Dubai \u00e8 molto popolare per l&#039;elevato comfort abitativo. La citt\u00e0 ha tutto ci\u00f2 di cui le persone hanno bisogno per una vita ricca e appagante. Ristoranti di lusso, palestre, centri sportivi, spiagge pulite, numerosi negozi e boutique d&#039;\u00e9lite: tutto questo e molto altro attrae acquirenti da tutto il mondo.<\/span><\/p>\n<p>&nbsp;<\/p>\n<p><span style=\"font-weight: 400;\">L&#039;elevata domanda di immobili da parte degli stranieri ha portato oltre l&#039;85% della popolazione della citt\u00e0 ad essere espatriata. L&#039;afflusso di immigrati fornisce a Dubai un ambiente multiculturale unificato. Nonostante le leggi severe e uno stile di vita insolito negli Emirati Arabi Uniti, gli stranieri si sentono liberi e traggono il massimo dalla vita.<\/span><\/p>\n<p>&nbsp;<\/p>\n<h2><b>Prezzi degli appartamenti a Dubai<\/b><\/h2>\n<p>&nbsp;<\/p>\n<p><span style=\"font-weight: 400;\">Il prezzo degli alloggi in edifici a pi\u00f9 piani \u00e8 influenzato da molti fattori, dall&#039;area dei locali alla posizione, alla disposizione, al piano e alla disponibilit\u00e0 di servizi. Se consideriamo<\/span><span style=\"font-weight: 400;\"> quanto costano gli appartamenti a Dubai<\/span><span style=\"font-weight: 400;\"> in alcuni esempi specifici, quelli pi\u00f9 costosi oggi sono considerati gli appartamenti nella residenza Royal Atlantis, venduti per 163 milioni di AED nel 2022.<\/span><\/p>\n<p>&nbsp;<\/p>\n<p><span style=\"font-weight: 400;\">Ci sono anche opzioni pi\u00f9 convenienti in citt\u00e0. La media c<\/span><span style=\"font-weight: 400;\">la maggior parte di un appartamento a Dubai<\/span><span style=\"font-weight: 400;\"> che \u00e8 finito \u00e8 di 11.450 AED per 1 metro quadrato, e appartamenti fuori piano \u2013 18.950 AED. Gli appartamenti pi\u00f9 costosi sono sulle isole Palm Jumeirah. Qui puoi trovare alloggi di lusso in progetti come:<\/span><\/p>\n<p>&nbsp;<\/p>\n<ul>\n<li><span style=\"font-weight: 400;\">Uno;<\/span><\/li>\n<li><span style=\"font-weight: 400;\">La Royal Atlantis;<\/span><\/li>\n<li><span style=\"font-weight: 400;\">Ava;<\/span><\/li>\n<li><span style=\"font-weight: 400;\">Sei sensi.<\/span><\/li>\n<\/ul>\n<p><span style=\"font-weight: 400;\">Nella lista dei complessi residenziali con appartamenti pi\u00f9 costosi figura anche il Dorchester Collection Dubai, situato nel <a href=\"https:\/\/alirarealestate.com\/it\/catalog\/buy\/dubai\/business-bay\/\">Baia degli affari<\/a> zona.<\/span><\/p>\n\n\t\t<\/div>\n\t<\/div>\n<\/div><\/div><\/div><\/div><div class=\"vc_row wpb_row vc_row-fluid vc_row\"><div class=\"wpb_column vc_column_container vc_col-sm-12 vc_column\"><div class=\"vc_column-inner\"><div class=\"wpb_wrapper\">\n\t<div class=\"wpb_text_column wpb_content_element  vc_column_text\" >\n\t\t<div class=\"wpb_wrapper\">\n\t\t\t<h2><b>Investimenti in appartamenti a Dubai<\/b><\/h2>\n<p>&nbsp;<\/p>\n<p><span style=\"font-weight: 400;\">Investire in immobili nell&#039;emirato porta buoni guadagni. I prezzi degli appartamenti a Dubai sono in continuo aumento, soprattutto nelle zone prestigiose vicino alla costa. La crescita media dei prezzi \u00e8 fino a 4% ogni trimestre e in alcune zone, ad esempio a Palm Jumeirah, l&#039;aumento \u00e8 stato di oltre 100% rispetto all&#039;inizio della pandemia. Tali indicatori non vengono sempre osservati, poich\u00e9 il mercato immobiliare \u00e8 ciclico. Tuttavia, come mostrano le statistiche, gli investitori non subiscono mai perdite.<\/span><\/p>\n<p>&nbsp;<\/p>\n<p><span style=\"font-weight: 400;\">Appartamenti in vendita a Dubai <\/span><span style=\"font-weight: 400;\">possono essere acquistati per la successiva rivendita o per l&#039;affitto. Nella metropoli, ci sono molte cosiddette zone di propriet\u00e0 libera, dove i cittadini stranieri possono acquistare immobili con pieni diritti di propriet\u00e0, compresi i terreni. Il reddito da locazione dipende dal periodo di locazione dell&#039;immobile. Gli affitti a lungo termine in zone prestigiose possono fruttare fino a 8% all&#039;anno, gli affitti a breve termine fino a 13%.<\/span><\/p>\n<p>&nbsp;<\/p>\n<h2><b>Vantaggi della collaborazione con la nostra agenzia<\/b><\/h2>\n<p>&nbsp;<\/p>\n<p><span style=\"font-weight: 400;\">L&#039;agenzia immobiliare Alira Real Estate ti aiuter\u00e0 ad acquistare un appartamento a Dubai a condizioni favorevoli. Abbiamo molti anni di esperienza nel settore immobiliare e garantiamo agli acquirenti:<\/span><\/p>\n<p>&nbsp;<\/p>\n<ul>\n<li><span style=\"font-weight: 400;\">Un approccio completo al lavoro con servizi di acquisto, vendita, affitto e gestione immobiliare.<\/span><\/li>\n<li><span style=\"font-weight: 400;\">Ricevere servizi da un&#039;azienda affidabile con una reputazione impeccabile nel mercato immobiliare.<\/span><\/li>\n<li><span style=\"font-weight: 400;\">Condizioni di collaborazione flessibili e personalizzate in base alle esigenze di ogni cliente.<\/span><\/li>\n<li><span style=\"font-weight: 400;\">Garanzia di completa riservatezza. Puoi essere certo che senza il tuo consenso, le informazioni sulla transazione non saranno divulgate a terzi.<\/span><\/li>\n<li><span style=\"font-weight: 400;\">Servizi forniti da specialisti qualificati ed esperti con molti anni di esperienza nel settore degli appartamenti a Dubai.<\/span><\/li>\n<li><span style=\"font-weight: 400;\">Aggiornamento continuo del database immobiliare, solo offerte attuali per immobili residenziali.<\/span><\/li>\n<li><span style=\"font-weight: 400;\">Comoda ricerca immobiliare sul sito web, possibilit\u00e0 di ricevere informazioni fresche e interessanti sulle vendite immobiliari negli Emirati Arabi Uniti.<\/span><\/li>\n<\/ul>\n<p>&nbsp;<\/p>\n<p><span style=\"font-weight: 400;\">I dipendenti della societ\u00e0 immobiliare Alira troveranno per te <\/span><span style=\"font-weight: 400;\">appartamenti in vendita a Dubai<\/span><span style=\"font-weight: 400;\"> che soddisfano pienamente i requisiti di comfort. Contattaci in modo comodo per ottenere risposte alle tue domande, invia una richiesta di selezione di appartamenti adatti. Puoi consultare gli specialisti dell&#039;agenzia tramite il modulo online, telefonicamente <a href=\"tel: 971588337903\">+971 (588) 337 903<\/a> E <a href=\"tel: 79869277377\">+7 (986) 927-73-77<\/a>, o via email <a class=\"mail\" href=\"mailto:info@alirarealestate.com\">info@alirarealestate.com<\/a>Troveremo l&#039;immobile perfetto per te e renderemo l&#039;acquisto di immobili semplice e sicuro.<\/span><\/p>\n\n\t\t<\/div>\n\t<\/div>\n<\/div><\/div><\/div><\/div>\n<\/section>","protected":false},"excerpt":{"rendered":"Acquistare un appartamento a Dubai \u00e8 un&#039;opportunit\u00e0 per acquisire una propriet\u00e0 altamente liquida in una citt\u00e0 sicura e moderna. Il ricco patrimonio culturale, il clima favorevole e l&#039;elevato ritorno sull&#039;investimento rendono il settore immobiliare nella metropoli un modo eccellente per investire capitale. Puoi ottenere assistenza nella ricerca e formalizzazione di immobili a Dubai dall&#039;agenzia immobiliare Alira. Ci prendiamo cura di ...","protected":false},"author":1,"featured_media":0,"parent":4295,"menu_order":0,"comment_status":"closed","ping_status":"closed","template":"","meta":{"inline_featured_image":false,"_glsr_average":0,"_glsr_ranking":0,"_glsr_reviews":0,"footnotes":""},"class_list":["post-4296","page","type-page","status-publish","hentry"],"yoast_head":"<!-- This site is optimized with the Yoast SEO Premium plugin v25.1 (Yoast SEO v25.6) - https:\/\/yoast.com\/wordpress\/plugins\/seo\/ -->\n<title>Buy an apartment in Dubai. Apartment prices - Alira<\/title>\n<meta name=\"description\" content=\"Buy an apartment in Dubai, UAE. \u2b50 Apartments for sale in Dubai: studios, one-five-room apartments. \u2b50 Current prices for apartments, descriptions and photos. \u27a4 Leave a request for a consultation on the website!\" \/>\n<meta name=\"robots\" content=\"index, follow, max-snippet:-1, max-image-preview:large, max-video-preview:-1\" \/>\n<link rel=\"canonical\" href=\"https:\/\/alirarealestate.com\/it\/catalog\/buy\/dubai\/apartments\/\" \/>\n<meta property=\"og:locale\" content=\"it_IT\" \/>\n<meta property=\"og:type\" content=\"article\" \/>\n<meta property=\"og:title\" content=\"Apartments For Sale In Dubai\" \/>\n<meta property=\"og:description\" content=\"Buy an apartment in Dubai, UAE. \u2b50 Apartments for sale in Dubai: studios, one-five-room apartments. \u2b50 Current prices for apartments, descriptions and photos. \u27a4 Leave a request for a consultation on the website!\" \/>\n<meta property=\"og:url\" content=\"https:\/\/alirarealestate.com\/it\/catalog\/buy\/dubai\/apartments\/\" \/>\n<meta property=\"og:site_name\" content=\"Alira Real Estate - Real estate in the UAE\" \/>\n<meta property=\"article:modified_time\" content=\"2025-04-22T20:27:24+00:00\" \/>\n<meta name=\"twitter:card\" content=\"summary_large_image\" \/>\n<meta name=\"twitter:label1\" content=\"Tempo di lettura stimato\" \/>\n\t<meta name=\"twitter:data1\" content=\"7 minuti\" \/>\n<script type=\"application\/ld+json\" class=\"yoast-schema-graph\">{\"@context\":\"https:\/\/schema.org\",\"@graph\":[{\"@type\":\"WebPage\",\"@id\":\"https:\/\/alirarealestate.com\/it\/catalog\/buy\/dubai\/apartments\/\",\"url\":\"https:\/\/alirarealestate.com\/it\/catalog\/buy\/dubai\/apartments\/\",\"name\":\"Buy an apartment in Dubai. Apartment prices - Alira\",\"isPartOf\":{\"@id\":\"https:\/\/alirarealestate.com\/it\/#website\"},\"datePublished\":\"2024-04-18T07:17:39+00:00\",\"dateModified\":\"2025-04-22T20:27:24+00:00\",\"description\":\"Buy an apartment in Dubai, UAE. \u2b50 Apartments for sale in Dubai: studios, one-five-room apartments. \u2b50 Current prices for apartments, descriptions and photos. \u27a4 Leave a request for a consultation on the website!\",\"breadcrumb\":{\"@id\":\"https:\/\/alirarealestate.com\/it\/catalog\/buy\/dubai\/apartments\/#breadcrumb\"},\"inLanguage\":\"it-IT\",\"potentialAction\":[{\"@type\":\"ReadAction\",\"target\":[\"https:\/\/alirarealestate.com\/it\/catalog\/buy\/dubai\/apartments\/\"]}]},{\"@type\":\"BreadcrumbList\",\"@id\":\"https:\/\/alirarealestate.com\/it\/catalog\/buy\/dubai\/apartments\/#breadcrumb\",\"itemListElement\":[{\"@type\":\"ListItem\",\"position\":1,\"name\":\"Home\",\"item\":\"https:\/\/alirarealestate.com\/\"},{\"@type\":\"ListItem\",\"position\":2,\"name\":\"Real Estate Catalog\",\"item\":\"https:\/\/alirarealestate.com\/catalog\/\"},{\"@type\":\"ListItem\",\"position\":3,\"name\":\"Real Estate Catalog\",\"item\":\"https:\/\/alirarealestate.com\/catalog\/buy\/\"},{\"@type\":\"ListItem\",\"position\":4,\"name\":\"Properties for Sale in Dubai\",\"item\":\"https:\/\/alirarealestate.com\/catalog\/buy\/dubai\/\"},{\"@type\":\"ListItem\",\"position\":5,\"name\":\"Apartments For Sale In Dubai\"}]},{\"@type\":\"WebSite\",\"@id\":\"https:\/\/alirarealestate.com\/it\/#website\",\"url\":\"https:\/\/alirarealestate.com\/it\/\",\"name\":\"Alira Real Estate - Real estate in the UAE\",\"description\":\"\",\"potentialAction\":[{\"@type\":\"SearchAction\",\"target\":{\"@type\":\"EntryPoint\",\"urlTemplate\":\"https:\/\/alirarealestate.com\/it\/?s={search_term_string}\"},\"query-input\":{\"@type\":\"PropertyValueSpecification\",\"valueRequired\":true,\"valueName\":\"search_term_string\"}}],\"inLanguage\":\"it-IT\"}]}<\/script>\n<!-- \/ Yoast SEO Premium plugin. -->","yoast_head_json":{"title":"Buy an apartment in Dubai. Apartment prices - Alira","description":"Buy an apartment in Dubai, UAE. \u2b50 Apartments for sale in Dubai: studios, one-five-room apartments. \u2b50 Current prices for apartments, descriptions and photos. \u27a4 Leave a request for a consultation on the website!","robots":{"index":"index","follow":"follow","max-snippet":"max-snippet:-1","max-image-preview":"max-image-preview:large","max-video-preview":"max-video-preview:-1"},"canonical":"https:\/\/alirarealestate.com\/it\/catalog\/buy\/dubai\/apartments\/","og_locale":"it_IT","og_type":"article","og_title":"Apartments For Sale In Dubai","og_description":"Buy an apartment in Dubai, UAE. \u2b50 Apartments for sale in Dubai: studios, one-five-room apartments. \u2b50 Current prices for apartments, descriptions and photos. \u27a4 Leave a request for a consultation on the website!","og_url":"https:\/\/alirarealestate.com\/it\/catalog\/buy\/dubai\/apartments\/","og_site_name":"Alira Real Estate - Real estate in the UAE","article_modified_time":"2025-04-22T20:27:24+00:00","twitter_card":"summary_large_image","twitter_misc":{"Tempo di lettura stimato":"7 minuti"},"schema":{"@context":"https:\/\/schema.org","@graph":[{"@type":"WebPage","@id":"https:\/\/alirarealestate.com\/it\/catalog\/buy\/dubai\/apartments\/","url":"https:\/\/alirarealestate.com\/it\/catalog\/buy\/dubai\/apartments\/","name":"Buy an apartment in Dubai. Apartment prices - Alira","isPartOf":{"@id":"https:\/\/alirarealestate.com\/it\/#website"},"datePublished":"2024-04-18T07:17:39+00:00","dateModified":"2025-04-22T20:27:24+00:00","description":"Buy an apartment in Dubai, UAE. \u2b50 Apartments for sale in Dubai: studios, one-five-room apartments. \u2b50 Current prices for apartments, descriptions and photos. \u27a4 Leave a request for a consultation on the website!","breadcrumb":{"@id":"https:\/\/alirarealestate.com\/it\/catalog\/buy\/dubai\/apartments\/#breadcrumb"},"inLanguage":"it-IT","potentialAction":[{"@type":"ReadAction","target":["https:\/\/alirarealestate.com\/it\/catalog\/buy\/dubai\/apartments\/"]}]},{"@type":"BreadcrumbList","@id":"https:\/\/alirarealestate.com\/it\/catalog\/buy\/dubai\/apartments\/#breadcrumb","itemListElement":[{"@type":"ListItem","position":1,"name":"Home","item":"https:\/\/alirarealestate.com\/"},{"@type":"ListItem","position":2,"name":"Real Estate Catalog","item":"https:\/\/alirarealestate.com\/catalog\/"},{"@type":"ListItem","position":3,"name":"Real Estate Catalog","item":"https:\/\/alirarealestate.com\/catalog\/buy\/"},{"@type":"ListItem","position":4,"name":"Properties for Sale in Dubai","item":"https:\/\/alirarealestate.com\/catalog\/buy\/dubai\/"},{"@type":"ListItem","position":5,"name":"Apartments For Sale In Dubai"}]},{"@type":"WebSite","@id":"https:\/\/alirarealestate.com\/it\/#website","url":"https:\/\/alirarealestate.com\/it\/","name":"Alira Real Estate - Real estate in the UAE","description":"","potentialAction":[{"@type":"SearchAction","target":{"@type":"EntryPoint","urlTemplate":"https:\/\/alirarealestate.com\/it\/?s={search_term_string}"},"query-input":{"@type":"PropertyValueSpecification","valueRequired":true,"valueName":"search_term_string"}}],"inLanguage":"it-IT"}]}},"_links":{"self":[{"href":"https:\/\/alirarealestate.com\/it\/wp-json\/wp\/v2\/pages\/4296"}],"collection":[{"href":"https:\/\/alirarealestate.com\/it\/wp-json\/wp\/v2\/pages"}],"about":[{"href":"https:\/\/alirarealestate.com\/it\/wp-json\/wp\/v2\/types\/page"}],"author":[{"embeddable":true,"href":"https:\/\/alirarealestate.com\/it\/wp-json\/wp\/v2\/users\/1"}],"replies":[{"embeddable":true,"href":"https:\/\/alirarealestate.com\/it\/wp-json\/wp\/v2\/comments?post=4296"}],"version-history":[{"count":3,"href":"https:\/\/alirarealestate.com\/it\/wp-json\/wp\/v2\/pages\/4296\/revisions"}],"predecessor-version":[{"id":5829,"href":"https:\/\/alirarealestate.com\/it\/wp-json\/wp\/v2\/pages\/4296\/revisions\/5829"}],"up":[{"embeddable":true,"href":"https:\/\/alirarealestate.com\/it\/wp-json\/wp\/v2\/pages\/4295"}],"wp:attachment":[{"href":"https:\/\/alirarealestate.com\/it\/wp-json\/wp\/v2\/media?parent=4296"}],"curies":[{"name":"wp","href":"https:\/\/api.w.org\/{rel}","templated":true}]}}