{"id":4295,"date":"2024-04-18T10:17:39","date_gmt":"2024-04-18T07:17:39","guid":{"rendered":"https:\/\/alirarealestate.com\/catalog\/buy\/dubai\/"},"modified":"2025-04-22T23:29:05","modified_gmt":"2025-04-22T20:29:05","slug":"dubai","status":"publish","type":"page","link":"https:\/\/alirarealestate.com\/it\/catalog\/buy\/dubai\/","title":{"rendered":"Propriet\u00e0 in vendita a Dubai"},"content":{"rendered":"<section class=\"wpb-content-wrapper\"><div class=\"vc_row wpb_row vc_row-fluid vc_row\"><div class=\"wpb_column vc_column_container vc_col-sm-12 vc_column\"><div class=\"vc_column-inner\"><div class=\"wpb_wrapper\">\n\t<div class=\"wpb_text_column wpb_content_element  vc_column_text\" >\n\t\t<div class=\"wpb_wrapper\">\n\t\t\t<p><span style=\"font-weight: 400;\">Gli immobili residenziali a Dubai sono attualmente al culmine della popolarit\u00e0. Grazie al clima mite, al ricco patrimonio culturale e al solido potenziale di investimento, gli appartamenti e i monolocali nell&#039;emirato sono molto richiesti dagli acquirenti. Vengono scelti per residenze temporanee, come case permanenti durante i traslochi o come opportunit\u00e0 di investimento redditizie.<\/span><\/p>\n<p>&nbsp;<\/p>\n<h2><b>Vantaggi dell&#039;acquisto di una propriet\u00e0 a Dubai<\/b><\/h2>\n<p><span style=\"font-weight: 400;\">Acquistare una propriet\u00e0 a Dubai \u00e8 un modo affidabile e redditizio per investire capitale. Gli Emirati Arabi Uniti sono considerati un paese con un&#039;economia stabile e un alto livello di sicurezza, che attrae investitori stranieri. Perch\u00e9 dovresti <\/span>acquistare propriet\u00e0 a Dubai<span style=\"font-weight: 400;\">:<\/span><\/p>\n<p>&nbsp;<\/p>\n<ul>\n<li><span style=\"font-weight: 400;\">La possibilit\u00e0 di ottenere un visto di residenza: consente di risiedere permanentemente negli Emirati Arabi Uniti, aprire conti bancari, ricevere servizi medici e altri privilegi.<\/span><\/li>\n<li><span style=\"font-weight: 400;\">Elevato ritorno sull\u2019investimento \u2013 garantito dalla crescita costante dei prezzi degli immobili.<\/span><\/li>\n<li><span style=\"font-weight: 400;\">Nessuna imposta sulla propriet\u00e0: i proprietari devono solo pagare la manutenzione dell&#039;immobile.<\/span><\/li>\n<li><span style=\"font-weight: 400;\">Elevato reddito da locazione: fino a 5%, e in alcune aree fino a 7-8% all&#039;anno. Studiando attentamente <\/span>Annunci immobiliari a Dubai <span style=\"font-weight: 400;\">SU <\/span><span style=\"font-weight: 400;\">a Dubai puoi trovare immobili che si ripagano sia con affitti a breve che a lungo termine.<\/span><\/li>\n<li><span style=\"font-weight: 400;\">Zone di propriet\u00e0 libera: offrono agli stranieri l&#039;opportunit\u00e0 di acquistare immobili con pieni diritti di propriet\u00e0, compreso il terreno su cui si trova l&#039;immobile.<\/span><\/li>\n<\/ul>\n<p>&nbsp;<\/p>\n<h2><b>Aree popolari per l&#039;acquisto di immobili<\/b><\/h2>\n<p><span style=\"font-weight: 400;\">L&#039;agenzia immobiliare Alira Real Estate aiuta a selezionare immobili a Dubai in qualsiasi area. Le seguenti aree sono popolari per l&#039;acquisto di immobili a Dubai:<\/span><\/p>\n<p>&nbsp;<\/p>\n<ul>\n<li><span style=\"font-weight: 400;\"><a href=\"https:\/\/alirarealestate.com\/it\/catalog\/buy\/dubai\/business-bay\/\">Baia degli affari<\/a> \u2013 il pi\u00f9 grande centro commerciale della citt\u00e0 sulle rive del Dubai Water Canal. Presenta propriet\u00e0 residenziali di lusso che attraggono turisti, impiegati e uomini d&#039;affari. Il ROI per l&#039;affitto di appartamenti qui raggiunge 5,7%.<\/span><\/li>\n<li><span style=\"font-weight: 400;\"><a href=\"https:\/\/alirarealestate.com\/it\/catalog\/buy\/dubai\/dubai-marina\/\">Marina di Dubai<\/a> \u2013 una zona prestigiosa sulla costa del Golfo Persico. Copre un&#039;area di circa 5 kmq ed \u00e8 piena di hotel, grattacieli e resort di lusso. Gli immobili qui vengono acquistati prevalentemente da giovani coppie senza figli o da individui attivi che vogliono vivere in un&#039;atmosfera di intrattenimento vibrante.<\/span><\/li>\n<li><span style=\"font-weight: 400;\"><a href=\"https:\/\/alirarealestate.com\/it\/catalog\/buy\/dubai\/downtown\/\">Centro di Dubai<\/a> \u2013 il centro culturale e turistico della citt\u00e0 con ristoranti prestigiosi, boutique costose e punti di riferimento. Adatto per inquilini e professionisti stranieri in cerca di un alloggio vicino ai principali centri commerciali. Se stai pensando di stabilirti in questa zona vivace, esplora le diverse <\/span><span style=\"font-weight: 400;\">propriet\u00e0 a Dubai in vendita<\/span><span style=\"font-weight: 400;\"> opzioni disponibili per trovare la casa ideale.<\/span><\/li>\n<li><span style=\"font-weight: 400;\"><a href=\"https:\/\/alirarealestate.com\/it\/catalog\/buy\/dubai\/damac-hills\/\">Colline di Dubai<\/a> \u2013 un sobborgo alla moda con un&#039;atmosfera tranquilla e propriet\u00e0 residenziali di lusso. \u00c8 costituito da diversi cluster: nella parte occidentale ci sono ville con campi da golf, mentre il lato orientale presenta case a schiera e ville pi\u00f9 economiche.<\/span><\/li>\n<li><span style=\"font-weight: 400;\"><a href=\"https:\/\/alirarealestate.com\/it\/catalog\/buy\/dubai\/palm-jumeirah\/\">Palma Jumeirah<\/a> \u2013 un luogo prestigioso in cui vivere tra le acque del Golfo Arabico. \u00c8 costituito da un gruppo di isole artificiali a forma di palma. Alcune isole sono occupate da hotel di lusso, mentre altre contengono ville e case a schiera per la vita privata. <\/span>Propriet\u00e0 in vendita a Dubai<span style=\"font-weight: 400;\"> Le opzioni offrono la possibilit\u00e0 di scegliere un alloggio a Palm Jumeirah in base alle proprie preferenze: su isole tranquille o in localit\u00e0 turistiche pi\u00f9 frequentate.<\/span><\/li>\n<li><span style=\"font-weight: 400;\"><a href=\"https:\/\/alirarealestate.com\/it\/catalog\/buy\/dubai\/jumeirah-village-circle\/\">JVC (Cerchio del villaggio di Jumeirah)<\/a> \u2013 una zona Freehold d&#039;\u00e9lite nel cuore della metropoli. Considerata uno dei posti migliori per vivere in famiglia, offre agli acquirenti un&#039;ampia scelta di case a schiera, appartamenti e ville.<\/span><\/li>\n<li><span style=\"font-weight: 400;\"><a href=\"https:\/\/alirarealestate.com\/it\/catalog\/buy\/dubai\/burj-khalifa\/\">Il Burj Khalifa<\/a> \u2013 il famoso grattacielo dove \u00e8 possibile acquistare appartamenti o monolocali di lusso. Acquistare una propriet\u00e0 nell&#039;edificio \u00e8 attraente sia per gli inquilini che per i cittadini stranieri che hanno intenzione di stabilirsi nel cuore di Dubai.<\/span><\/li>\n<li><span style=\"font-weight: 400;\"><a href=\"https:\/\/alirarealestate.com\/it\/catalog\/buy\/dubai\/dubai-harbor\/\">Porto di Dubai<\/a> \u2013 un quartiere commerciale sulla costa del Dubai Creek, che in futuro diventer\u00e0 un concorrente del Downtown Dubai. Qui, puoi acquistare appartamenti o monolocali in grattacieli di lusso lungo le spiagge.<\/span><\/li>\n<li><span style=\"font-weight: 400;\"><a href=\"https:\/\/alirarealestate.com\/it\/catalog\/buy\/dubai\/emaar-beachfront\/\">Fronte spiaggia di Emaar<\/a> \u2013 una giovane zona d&#039;\u00e9lite vicino a Dubai Marina. Qui vengono costruiti moderni complessi residenziali. Nei complessi, puoi acquistare appartamenti, ville, case a schiera e attici. Ogni nuovo edificio ha la sua spiaggia.<\/span><\/li>\n<li><span style=\"font-weight: 400;\"><a href=\"https:\/\/alirarealestate.com\/it\/catalog\/buy\/dubai\/arabian-ranches\/\">Ranch arabi<\/a> \u2013 una comunit\u00e0 nella zona di Dubailand, composta da ville e spaziose case a schiera. Contattando la nostra agenzia immobiliare a Dubai, troverete alloggi per una vita familiare serena in questa comunit\u00e0<\/span><\/li>\n<li><span style=\"font-weight: 400;\"><a href=\"https:\/\/alirarealestate.com\/it\/catalog\/buy\/dubai\/sobha-hartland\/\">Sobha Hartland<\/a> \u2013 una nuova zona prestigiosa non lontana dal centro della citt\u00e0. Situata sulla costa del canale, consente di stabilirsi in lussuosi complessi residenziali vicino a infrastrutture sociali sviluppate.<\/span><\/li>\n<li><span style=\"font-weight: 400;\"><a href=\"https:\/\/alirarealestate.com\/it\/catalog\/buy\/dubai\/damac-lagoons\/\">Lagune di Damac<\/a> \u2013 una nuova comunit\u00e0 nella zona di Dubai Golf City. \u00c8 in costruzione dal 2021 e offre lussuose ville e case a schiera in vendita. Adatto a famiglie con bambini che vogliono vivere lontano dai rumorosi quartieri turistici.<\/span><\/li>\n<li><span style=\"font-weight: 400;\"><a href=\"https:\/\/alirarealestate.com\/it\/catalog\/buy\/dubai\/damac-hills\/\">Colline di Damac<\/a> \u2013 una grande comunit\u00e0 con infrastrutture di prima qualit\u00e0. Include ville, appartamenti e case a schiera scelte dai sostenitori di una vita tranquilla e misurata.<\/span><\/li>\n<li><span style=\"font-weight: 400;\"><a href=\"https:\/\/alirarealestate.com\/it\/catalog\/buy\/dubai\/dubai-south\/\">Dubai Sud<\/a> \u2013 una giovane area in via di sviluppo dove dal 2006 sono stati costruiti attivamente edifici residenziali di media altezza. Qui si trovano diverse comunit\u00e0 chiuse con case a schiera, villette unifamiliari o bifamiliari.<\/span><\/li>\n<\/ul>\n\n\t\t<\/div>\n\t<\/div>\n<\/div><\/div><\/div><\/div><div class=\"vc_row wpb_row vc_row-fluid vc_row\"><div class=\"wpb_column vc_column_container vc_col-sm-12 vc_column\"><div class=\"vc_column-inner\"><div class=\"wpb_wrapper\">\n\t<div class=\"wpb_text_column wpb_content_element  vc_column_text\" >\n\t\t<div class=\"wpb_wrapper\">\n\t\t\t<h2><b>Principali tipi di <\/b><b>Immobili in vendita a Dubai<\/b><\/h2>\n<p>&nbsp;<\/p>\n<p><span style=\"font-weight: 400;\">I prezzi degli immobili a Dubai sono combinati con un&#039;ampia gamma di immobili. Tramite la nostra agenzia, puoi <\/span><span style=\"font-weight: 400;\">acquistare una casa a Dubai,<\/span><span style=\"font-weight: 400;\"> tra cui:<\/span><\/p>\n<p>&nbsp;<\/p>\n<ul>\n<li><span style=\"font-weight: 400;\"><a href=\"https:\/\/alirarealestate.com\/it\/catalog\/buy\/dubai\/apartments\/\">Appartamenti e monolocali<\/a> \u2013 d&#039;\u00e9lite e poco costosi, in genere da una a cinque stanze. Alcuni complessi sono specificamente progettati per giovani coppie o single, quindi il loro patrimonio residenziale \u00e8 costituito principalmente da monolocali. Gli acquirenti hanno accesso ad appartamenti sul mare con splendidi panorami.<\/span><\/li>\n<li><span style=\"font-weight: 400;\"><a href=\"https:\/\/alirarealestate.com\/it\/catalog\/buy\/dubai\/villas\/\">Ville<\/a> \u2013 singoli edifici residenziali costruiti all&#039;interno di complessi residenziali chiusi o microdistretti autonomi. Oltre alle case indipendenti, ci sono campi da tennis, negozi, saune e campi da basket. Cercare immobili a Dubai ti consente di trovare opzioni con garage privati o piscine.<\/span><span style=\"font-weight: 400;\"> Case in vendita a Dubai<\/span><span style=\"font-weight: 400;\"> offrono una variet\u00e0 di comfort e caratteristiche di lusso per i potenziali acquirenti.<\/span><\/li>\n<li><span style=\"font-weight: 400;\">Attici: appartamenti dignitosi agli ultimi piani di grattacieli. Offrono ampi spazi e magnifiche viste panoramiche, spesso con accesso al tetto.<\/span><\/li>\n<li><span style=\"font-weight: 400;\">Townhouses \u2013 edifici a due piani con diversi appartamenti separati. Ogni unit\u00e0 \u00e8 dotata di un proprio ingresso, a volte di un appezzamento di terreno o di un parcheggio.<\/span><\/li>\n<li><span style=\"font-weight: 400;\"><a href=\"https:\/\/alirarealestate.com\/it\/catalog\/buy\/dubai\/commercial\/\">Immobili commerciali<\/a> \u2013 uffici, alberghi, singole stanze d\u2019albergo.<\/span><\/li>\n<\/ul>\n<p>&nbsp;<\/p>\n<h2><b>Stile di vita a Dubai<\/b><\/h2>\n<p>&nbsp;<\/p>\n<p><span style=\"font-weight: 400;\">Dubai ha la reputazione di essere una citt\u00e0 per individui benestanti. Fino all&#039;85% della sua popolazione \u00e8 composta da stranieri benestanti che vengono qui per divertirsi e per l&#039;opportunit\u00e0 di guadagnare alti redditi. Le autorit\u00e0 locali si sforzano di attrarre professionisti e imprenditori di talento nell&#039;emirato nella massima misura possibile. Per raggiungere questo obiettivo, la citt\u00e0 sta aprendo parchi tecnologici e zone economiche speciali dove i cittadini stranieri possono sviluppare attivit\u00e0 commerciali internazionali senza tasse e dazi doganali. Inoltre,<\/span><span style=\"font-weight: 400;\"> Immobiliare a Dubai<\/span><span style=\"font-weight: 400;\"> \u00e8 in piena espansione e offre numerose opportunit\u00e0 di investimento nel suo vivace mercato immobiliare.<\/span><\/p>\n<p>&nbsp;<\/p>\n<p><span style=\"font-weight: 400;\">Puoi anche trovare opportunit\u00e0 per <\/span><span style=\"font-weight: 400;\">acquistare immobili a Dubai<\/span><span style=\"font-weight: 400;\">, che soddisfano diverse preferenze ed esigenze. Il costo degli alloggi a Dubai \u00e8 interamente giustificato dal comfort della vita. I complessi residenziali e le aree urbane hanno tutto ci\u00f2 di cui le persone hanno bisogno per una vita piena. Gli acquirenti di immobili hanno accesso a parchi giochi, strutture sportive, negozi e aree relax. Alcuni micro-distretti sono resort confortevoli dove puoi rilassarti sulle spiagge, nuotare in piscine o lagune artificiali.<\/span><\/p>\n<p>&nbsp;<\/p>\n<p><span style=\"font-weight: 400;\">Dubai \u00e8 una citt\u00e0 multiculturale dove le persone rispettano i rappresentanti di altre culture e religioni. L&#039;infrastruttura della metropoli \u00e8 mirata a creare condizioni di vita confortevoli. Ristoranti, cinema, palestre e altri locali lavorano per la popolazione locale e i visitatori, offrendo loro un tempo libero interessante e appagante.<\/span><\/p>\n<p>&nbsp;<\/p>\n<h2><b>Prezzi immobiliari a Dubai<\/b><\/h2>\n<p>&nbsp;<\/p>\n<p><span style=\"font-weight: 400;\">La questione di quanto costi una propriet\u00e0 a Dubai \u00e8 di interesse per qualsiasi potenziale investitore. La fascia di prezzo nell&#039;emirato \u00e8 ampia. A partire dal 2023, puoi acquistare un appartamento qui per soli 3,6 milioni di AED o per decine di milioni di lire turche.<\/span><\/p>\n<p>&nbsp;<\/p>\n<p><span style=\"font-weight: 400;\">A causa del costante afflusso di acquirenti disposti a spendere soldi, il costo degli alloggi sta aumentando. In alcune zone prestigiose (ad esempio, Palm Jumeirah, Jumeirah Bay), i prezzi degli appartamenti sono aumentati di oltre 100% rispetto al periodo del coronavirus.<\/span><\/p>\n<p>&nbsp;<\/p>\n<p><span style=\"font-weight: 400;\"><a href=\"https:\/\/alirarealestate.com\/it\/catalog\/buy\/\">Immobiliare<\/a> i prezzi a Dubai dipendono da molti fattori. Il prezzo al metro quadro pu\u00f2 essere influenzato dal tipo di abitazione (elite, premium, ecc.), cos\u00ec come dalle dimensioni dei locali e dalla posizione in diverse aree della metropoli.<\/span><\/p>\n<p>&nbsp;<\/p>\n<h2><b>Vantaggi degli investimenti in <\/b><b>Propriet\u00e0 in vendita a Dubai<\/b><\/h2>\n<p>&nbsp;<\/p>\n<p><span style=\"font-weight: 400;\">Acquistare una propriet\u00e0 nell&#039;emirato consente investimenti redditizi in futuro. Come mostrano le statistiche, con l&#039;affitto a lungo termine, il ritorno sull&#039;investimento pu\u00f2 raggiungere 5-8% all&#039;anno. Nelle aree d&#039;\u00e9lite, queste cifre superano 10% e, nel caso di affitti a breve termine, possono raggiungere fino a 13% all&#039;anno.<\/span><\/p>\n<p>&nbsp;<\/p>\n<p><span style=\"font-weight: 400;\">In futuro, questi indicatori potrebbero aumentare in modo significativo. Con ogni anno che passa, la popolazione della metropoli aumenta, il che aumenta la domanda di alloggi. Nel 2010 la popolazione della citt\u00e0 era di circa 1,5 milioni di persone, entro il 2020 era raddoppiata a 3,1 milioni. Secondo le previsioni, entro il 2030, oltre 6,4 milioni di persone vivranno a Dubai.<\/span><\/p>\n<p>&nbsp;<\/p>\n<p><span style=\"font-weight: 400;\">Oltre ad acquistare alloggi gi\u00e0 pronti, molti investitori investono in immobili in costruzione. Se si acquistano locali durante la fase di costruzione e poi li si rivende a un prezzo pi\u00f9 alto dopo il completamento dell&#039;edificio, si pu\u00f2 ottenere un buon profitto. La redditivit\u00e0 di tali investimenti pu\u00f2 arrivare fino a 30%.<\/span><\/p>\n<p>&nbsp;<\/p>\n<p><span style=\"font-weight: 400;\">L&#039;attrattiva di investire a Dubai \u00e8 dovuta non solo ai benefici materiali, ma anche a vantaggi aggiuntivi. Ad esempio, quando si acquista un alloggio per un importo totale superiore a 750.000 AED, \u00e8 possibile richiedere un visto di due anni con possibilit\u00e0 di pi\u00f9 estensioni.<\/span><\/p>\n<p>&nbsp;<\/p>\n<p><span style=\"font-weight: 400;\">Con l&#039;aiuto dell&#039;agenzia immobiliare Alira, puoi <\/span><span style=\"font-weight: 400;\">acquistare immobili a Dubai<\/span><span style=\"font-weight: 400;\">, UAE in modo redditizio su qualsiasi richiesta. I vantaggi della cooperazione con noi includono:<\/span><\/p>\n<p>&nbsp;<\/p>\n<ul>\n<li><span style=\"font-weight: 400;\">Servizi di specialisti qualificati con vasta esperienza nel settore immobiliare.<\/span><\/li>\n<li><span style=\"font-weight: 400;\">Approccio individuale, condizioni di cooperazione flessibili.<\/span><\/li>\n<li><span style=\"font-weight: 400;\">Forniamo un&#039;ampia gamma di servizi in un unico posto: dalla vendita alla gestione immobiliare, fino all&#039;affitto o all&#039;acquisto.<\/span><\/li>\n<li><span style=\"font-weight: 400;\">Un sistema di ricerca e filtraggio ben studiato sul sito web per una comoda selezione dell&#039;alloggio.<\/span><\/li>\n<li><span style=\"font-weight: 400;\">Aggiornamenti regolari del database, solo offerte attuali per immobili commerciali e residenziali.<\/span><\/li>\n<li><span style=\"font-weight: 400;\">Garantiamo la massima riservatezza delle informazioni dei clienti.<\/span><\/li>\n<li><span style=\"font-weight: 400;\">Molte informazioni utili, tra cui le ultime notizie, statistiche di mercato e consigli per gli acquirenti.<\/span><\/li>\n<\/ul>\n<p>&nbsp;<\/p>\n<p><span style=\"font-weight: 400;\">La societ\u00e0 immobiliare Alira \u00e8 pronta a fornire assistenza professionale nella ricerca e nell&#039;acquisto di alloggi nell&#039;emirato. Dai un&#039;occhiata alle offerte sul nostro sito web e scopri il costo di <\/span>Immobili in vendita a Dubai<span style=\"font-weight: 400;\"> al momento. Per programmare una consulenza, lascia una richiesta sul sito web, inviaci un&#039;e-mail a <a class=\"mail\" href=\"mailto:info@alirarealestate.com\">info@alirarealestate.com<\/a>, oppure contatta il nostro staff al <\/span><span style=\"font-weight: 400;\"><a href=\"tel: 79869277377\">+7 (986) 927-73-77 \u00a0<\/a><\/span><span style=\"font-weight: 400;\">E <\/span><span style=\"font-weight: 400;\"><a href=\"tel: 971588337903\">+971 (588) 337 903<\/a><\/span><span style=\"font-weight: 400;\">Gli specialisti risponderanno alle vostre domande, vi consiglieranno sulla scelta degli appartamenti e dei monolocali, sulle normative sui visti e sulle peculiarit\u00e0 del trasferimento alla residenza permanente.<\/span><\/p>\n\n\t\t<\/div>\n\t<\/div>\n<\/div><\/div><\/div><\/div>\n<\/section>","protected":false},"excerpt":{"rendered":"Gli immobili residenziali a Dubai sono attualmente al culmine della popolarit\u00e0. Grazie al clima mite, al ricco patrimonio culturale e al solido potenziale di investimento, gli appartamenti e i monolocali nell&#039;emirato sono molto richiesti dagli acquirenti. Vengono scelti per residenze temporanee, come case permanenti durante i traslochi o come opportunit\u00e0 di investimento redditizie. Vantaggi dell&#039;acquisto di immobili a Dubai L&#039;acquisto di immobili a Dubai \u00e8 ...","protected":false},"author":1,"featured_media":0,"parent":4288,"menu_order":0,"comment_status":"closed","ping_status":"closed","template":"advanced_search_results.php","meta":{"inline_featured_image":false,"_glsr_average":0,"_glsr_ranking":0,"_glsr_reviews":0,"footnotes":""},"class_list":["post-4295","page","type-page","status-publish","hentry"],"yoast_head":"<!-- This site is optimized with the Yoast SEO Premium plugin v25.1 (Yoast SEO v25.6) - https:\/\/yoast.com\/wordpress\/plugins\/seo\/ -->\n<title>Apartments For Sale In Dubai. Buy Apartment - Alira<\/title>\n<meta name=\"description\" content=\"Apartments for sale in Dubai, UAE. \u2b50 Buy apartments in Dubai: studios, one-five bedroom, furnished, etc. \u2b50 Prices, descriptions, and photos. \u27a4 Discover your perfect flat on our website!\" \/>\n<meta name=\"robots\" content=\"index, follow, max-snippet:-1, max-image-preview:large, max-video-preview:-1\" \/>\n<link rel=\"canonical\" href=\"https:\/\/alirarealestate.com\/it\/catalog\/buy\/dubai\/\" \/>\n<meta property=\"og:locale\" content=\"it_IT\" \/>\n<meta property=\"og:type\" content=\"article\" \/>\n<meta property=\"og:title\" content=\"Properties for Sale in Dubai\" \/>\n<meta property=\"og:description\" content=\"Apartments for sale in Dubai, UAE. \u2b50 Buy apartments in Dubai: studios, one-five bedroom, furnished, etc. \u2b50 Prices, descriptions, and photos. \u27a4 Discover your perfect flat on our website!\" \/>\n<meta property=\"og:url\" content=\"https:\/\/alirarealestate.com\/it\/catalog\/buy\/dubai\/\" \/>\n<meta property=\"og:site_name\" content=\"Alira Real Estate - Real estate in the UAE\" \/>\n<meta property=\"article:modified_time\" content=\"2025-04-22T20:29:05+00:00\" \/>\n<meta name=\"twitter:card\" content=\"summary_large_image\" \/>\n<meta name=\"twitter:label1\" content=\"Tempo di lettura stimato\" \/>\n\t<meta name=\"twitter:data1\" content=\"8 minuti\" \/>\n<script type=\"application\/ld+json\" class=\"yoast-schema-graph\">{\"@context\":\"https:\/\/schema.org\",\"@graph\":[{\"@type\":\"WebPage\",\"@id\":\"https:\/\/alirarealestate.com\/it\/catalog\/buy\/dubai\/\",\"url\":\"https:\/\/alirarealestate.com\/it\/catalog\/buy\/dubai\/\",\"name\":\"Apartments For Sale In Dubai. Buy Apartment - Alira\",\"isPartOf\":{\"@id\":\"https:\/\/alirarealestate.com\/it\/#website\"},\"datePublished\":\"2024-04-18T07:17:39+00:00\",\"dateModified\":\"2025-04-22T20:29:05+00:00\",\"description\":\"Apartments for sale in Dubai, UAE. \u2b50 Buy apartments in Dubai: studios, one-five bedroom, furnished, etc. \u2b50 Prices, descriptions, and photos. \u27a4 Discover your perfect flat on our website!\",\"breadcrumb\":{\"@id\":\"https:\/\/alirarealestate.com\/it\/catalog\/buy\/dubai\/#breadcrumb\"},\"inLanguage\":\"it-IT\",\"potentialAction\":[{\"@type\":\"ReadAction\",\"target\":[\"https:\/\/alirarealestate.com\/it\/catalog\/buy\/dubai\/\"]}]},{\"@type\":\"BreadcrumbList\",\"@id\":\"https:\/\/alirarealestate.com\/it\/catalog\/buy\/dubai\/#breadcrumb\",\"itemListElement\":[{\"@type\":\"ListItem\",\"position\":1,\"name\":\"Home\",\"item\":\"https:\/\/alirarealestate.com\/\"},{\"@type\":\"ListItem\",\"position\":2,\"name\":\"Real Estate Catalog\",\"item\":\"https:\/\/alirarealestate.com\/catalog\/\"},{\"@type\":\"ListItem\",\"position\":3,\"name\":\"Real Estate Catalog\",\"item\":\"https:\/\/alirarealestate.com\/catalog\/buy\/\"},{\"@type\":\"ListItem\",\"position\":4,\"name\":\"Properties for Sale in Dubai\"}]},{\"@type\":\"WebSite\",\"@id\":\"https:\/\/alirarealestate.com\/it\/#website\",\"url\":\"https:\/\/alirarealestate.com\/it\/\",\"name\":\"Alira Real Estate - Real estate in the UAE\",\"description\":\"\",\"potentialAction\":[{\"@type\":\"SearchAction\",\"target\":{\"@type\":\"EntryPoint\",\"urlTemplate\":\"https:\/\/alirarealestate.com\/it\/?s={search_term_string}\"},\"query-input\":{\"@type\":\"PropertyValueSpecification\",\"valueRequired\":true,\"valueName\":\"search_term_string\"}}],\"inLanguage\":\"it-IT\"}]}<\/script>\n<!-- \/ Yoast SEO Premium plugin. -->","yoast_head_json":{"title":"Apartments For Sale In Dubai. Buy Apartment - Alira","description":"Apartments for sale in Dubai, UAE. \u2b50 Buy apartments in Dubai: studios, one-five bedroom, furnished, etc. \u2b50 Prices, descriptions, and photos. \u27a4 Discover your perfect flat on our website!","robots":{"index":"index","follow":"follow","max-snippet":"max-snippet:-1","max-image-preview":"max-image-preview:large","max-video-preview":"max-video-preview:-1"},"canonical":"https:\/\/alirarealestate.com\/it\/catalog\/buy\/dubai\/","og_locale":"it_IT","og_type":"article","og_title":"Properties for Sale in Dubai","og_description":"Apartments for sale in Dubai, UAE. \u2b50 Buy apartments in Dubai: studios, one-five bedroom, furnished, etc. \u2b50 Prices, descriptions, and photos. \u27a4 Discover your perfect flat on our website!","og_url":"https:\/\/alirarealestate.com\/it\/catalog\/buy\/dubai\/","og_site_name":"Alira Real Estate - Real estate in the UAE","article_modified_time":"2025-04-22T20:29:05+00:00","twitter_card":"summary_large_image","twitter_misc":{"Tempo di lettura stimato":"8 minuti"},"schema":{"@context":"https:\/\/schema.org","@graph":[{"@type":"WebPage","@id":"https:\/\/alirarealestate.com\/it\/catalog\/buy\/dubai\/","url":"https:\/\/alirarealestate.com\/it\/catalog\/buy\/dubai\/","name":"Apartments For Sale In Dubai. Buy Apartment - Alira","isPartOf":{"@id":"https:\/\/alirarealestate.com\/it\/#website"},"datePublished":"2024-04-18T07:17:39+00:00","dateModified":"2025-04-22T20:29:05+00:00","description":"Apartments for sale in Dubai, UAE. \u2b50 Buy apartments in Dubai: studios, one-five bedroom, furnished, etc. \u2b50 Prices, descriptions, and photos. \u27a4 Discover your perfect flat on our website!","breadcrumb":{"@id":"https:\/\/alirarealestate.com\/it\/catalog\/buy\/dubai\/#breadcrumb"},"inLanguage":"it-IT","potentialAction":[{"@type":"ReadAction","target":["https:\/\/alirarealestate.com\/it\/catalog\/buy\/dubai\/"]}]},{"@type":"BreadcrumbList","@id":"https:\/\/alirarealestate.com\/it\/catalog\/buy\/dubai\/#breadcrumb","itemListElement":[{"@type":"ListItem","position":1,"name":"Home","item":"https:\/\/alirarealestate.com\/"},{"@type":"ListItem","position":2,"name":"Real Estate Catalog","item":"https:\/\/alirarealestate.com\/catalog\/"},{"@type":"ListItem","position":3,"name":"Real Estate Catalog","item":"https:\/\/alirarealestate.com\/catalog\/buy\/"},{"@type":"ListItem","position":4,"name":"Properties for Sale in Dubai"}]},{"@type":"WebSite","@id":"https:\/\/alirarealestate.com\/it\/#website","url":"https:\/\/alirarealestate.com\/it\/","name":"Alira Real Estate - Real estate in the UAE","description":"","potentialAction":[{"@type":"SearchAction","target":{"@type":"EntryPoint","urlTemplate":"https:\/\/alirarealestate.com\/it\/?s={search_term_string}"},"query-input":{"@type":"PropertyValueSpecification","valueRequired":true,"valueName":"search_term_string"}}],"inLanguage":"it-IT"}]}},"_links":{"self":[{"href":"https:\/\/alirarealestate.com\/it\/wp-json\/wp\/v2\/pages\/4295"}],"collection":[{"href":"https:\/\/alirarealestate.com\/it\/wp-json\/wp\/v2\/pages"}],"about":[{"href":"https:\/\/alirarealestate.com\/it\/wp-json\/wp\/v2\/types\/page"}],"author":[{"embeddable":true,"href":"https:\/\/alirarealestate.com\/it\/wp-json\/wp\/v2\/users\/1"}],"replies":[{"embeddable":true,"href":"https:\/\/alirarealestate.com\/it\/wp-json\/wp\/v2\/comments?post=4295"}],"version-history":[{"count":2,"href":"https:\/\/alirarealestate.com\/it\/wp-json\/wp\/v2\/pages\/4295\/revisions"}],"predecessor-version":[{"id":6952,"href":"https:\/\/alirarealestate.com\/it\/wp-json\/wp\/v2\/pages\/4295\/revisions\/6952"}],"up":[{"embeddable":true,"href":"https:\/\/alirarealestate.com\/it\/wp-json\/wp\/v2\/pages\/4288"}],"wp:attachment":[{"href":"https:\/\/alirarealestate.com\/it\/wp-json\/wp\/v2\/media?parent=4295"}],"curies":[{"name":"wp","href":"https:\/\/api.w.org\/{rel}","templated":true}]}}