{"id":4288,"date":"2024-04-18T10:17:39","date_gmt":"2024-04-18T07:17:39","guid":{"rendered":"https:\/\/alirarealestate.com\/catalog\/buy\/"},"modified":"2025-04-21T21:13:39","modified_gmt":"2025-04-21T18:13:39","slug":"buy","status":"publish","type":"page","link":"https:\/\/alirarealestate.com\/it\/catalog\/buy\/","title":{"rendered":"Catalogo immobiliare"},"content":{"rendered":"<section class=\"wpb-content-wrapper\"><div class=\"vc_row wpb_row vc_row-fluid vc_row\"><div class=\"wpb_column vc_column_container vc_col-sm-12 vc_column\"><div class=\"vc_column-inner\"><div class=\"wpb_wrapper\">\n\t<div class=\"wpb_text_column wpb_content_element  vc_column_text\" >\n\t\t<div class=\"wpb_wrapper\">\n\t\t\t<p><span style=\"font-weight: 400;\">Negli Emirati Arabi Uniti, le soluzioni moderne si fondono perfettamente con il ricco patrimonio culturale, mentre i paesaggi urbani e naturali colpiscono per la loro diversit\u00e0. La costa del Golfo Persico, spesso ornata da resort di lusso, merita un&#039;attenzione speciale, in particolare per coloro che cercano propriet\u00e0 in vendita negli Emirati Arabi Uniti.<\/span><\/p>\n<p>&nbsp;<\/p>\n<p><span style=\"font-weight: 400;\">Gli Emirati Arabi Uniti sono rinomati per la loro architettura futuristica, l&#039;elevato livello di sicurezza e il potenziale di investimento, rendendo la domanda di immobili elevata e stabile. Se hai deciso di acquistare una propriet\u00e0 di un tipo adatto negli Emirati Arabi Uniti, puoi chiedere assistenza ai manager dell&#039;agenzia immobiliare Alira e ricevere una consulenza dettagliata.<\/span><\/p>\n\n\t\t<\/div>\n\t<\/div>\n<\/div><\/div><\/div><\/div><div class=\"vc_row wpb_row vc_row-fluid vc_row\"><div class=\"wpb_column vc_column_container vc_col-sm-12 vc_column\"><div class=\"vc_column-inner\"><div class=\"wpb_wrapper\">\n\t<div class=\"wpb_text_column wpb_content_element  vc_column_text\" >\n\t\t<div class=\"wpb_wrapper\">\n\t\t\t<h2><b>Acquistare una propriet\u00e0 negli Emirati Arabi Uniti: vantaggi principali<\/b><\/h2>\n<p><span style=\"font-weight: 400;\">Osservando il ritmo di sviluppo del paese e dei suoi emirati, si ha l&#039;impressione che qui tutto sia possibile. \u00c8 un posto con un ambiente cosmopolita unico, che fonde le tradizioni arabe con la modernit\u00e0 e norme legali attraenti che altri paesi non offrono. Per coloro che sono interessati a esplorare le propriet\u00e0 in vendita negli Emirati Arabi Uniti, la nostra agenzia offre una gamma completa di opzioni per soddisfare diverse preferenze e budget.<\/span><\/p>\n<p>&nbsp;<\/p>\n<p><b>Elevato tenore di vita. <\/b><span style=\"font-weight: 400;\">Gli Emirati Arabi Uniti, e Dubai in particolare, sono in cima alla classifica in termini di sicurezza, assistenza sanitaria, istruzione, tempo libero e trasporti. Secondo gli studi, gli Emirati Arabi Uniti sono riconosciuti come il miglior paese per i professionisti stranieri che desiderano costruire la propria carriera.<\/span><\/p>\n<p>&nbsp;<\/p>\n<p><span style=\"font-weight: 400;\">Grazie alla crescita economica del Paese, parallela al fiorire dei diversi settori della vita, molti aspirano ad acquistare una propriet\u00e0 negli Emirati Arabi Uniti.<\/span><\/p>\n<p>&nbsp;<\/p>\n<p><span style=\"font-weight: 400;\"><strong>Atmosfera internazionale.<\/strong> <\/span><span style=\"font-weight: 400;\">Il recente aumento del numero di immigrati \u00e8 stato influenzato dall&#039;introduzione da parte del governo di visti per i freelance (nomadi digitali). Mentre la lingua ufficiale \u00e8 l&#039;arabo, l&#039;inglese \u00e8 ampiamente utilizzato, dai menu nei ristoranti e nei bar alla documentazione ufficiale. Il funzionamento di aziende e negozi \u00e8 standardizzato e differisce poco dai principi europei. Ad esempio, a Dubai, si dimostra rispetto per le altre culture e religioni. Qui, si celebra il Natale, la &quot;Festa delle luci&quot; ind\u00f9 Diwali e il mese sacro del Ramadan nel calendario musulmano.<\/span><\/p>\n<p>&nbsp;<\/p>\n<p><strong>Mercato immobiliare dinamico. <\/strong><span style=\"font-weight: 400;\">Gli Emirati Arabi Uniti hanno un&#039;economia forte. Il paese ha buoni rapporti con gli Stati Uniti, garantendo la stabilit\u00e0 del dirham (valuta locale) rispetto al dollaro statunitense. Non c&#039;\u00e8 inflazione, il che \u00e8 associato alla crescita economica e alla redditivit\u00e0 degli investimenti immobiliari a Dubai. Il governo continua a prendere misure per rendere il paese ancora pi\u00f9 attraente per potenziali residenti e investitori che cercano di acquistare immobili. Dal 1960, Dubai ha implementato il Piano generale per lo sviluppo della citt\u00e0. Si prevede che entro il 2040 il numero di spiagge aumenter\u00e0 di quattro volte e il numero di aree verdi e hotel raddoppier\u00e0. Se hai intenzione di acquistare una propriet\u00e0 negli Emirati Arabi Uniti, questo \u00e8 il momento perfetto per farlo.<\/span><\/p>\n\n\t\t<\/div>\n\t<\/div>\n<\/div><\/div><\/div><\/div><div class=\"vc_row wpb_row vc_row-fluid vc_row\"><div class=\"wpb_column vc_column_container vc_col-sm-12 vc_column\"><div class=\"vc_column-inner\"><div class=\"wpb_wrapper\">\n\t<div class=\"wpb_text_column wpb_content_element  vc_column_text\" >\n\t\t<div class=\"wpb_wrapper\">\n\t\t\t<h2><strong>Investimenti immobiliari negli Emirati Arabi Uniti \u2013 Citt\u00e0<\/strong><\/h2>\n<p>&nbsp;<\/p>\n<p><span style=\"font-weight: 400;\">Diventare proprietario di una casa in<strong> <a href=\"https:\/\/alirarealestate.com\/it\/catalog\/buy\/dubai\/\">Dubai<\/a><\/strong> consente di assistere personalmente al rapido sviluppo delle infrastrutture e di trarne beneficio. I prezzi degli immobili variano a seconda della zona. Ad esempio, \u00e8 possibile acquistare un monolocale con una superficie di 70 m\u00b2 in una zona comoda per 1,2 milioni di dirham (poco pi\u00f9 di 300.000 euro).<\/span><\/p>\n<p>&nbsp;<\/p>\n<p><strong><a href=\"https:\/\/alirarealestate.com\/it\/catalog\/buy\/abu-dhabi\/\">Abu Dhabi<\/a><\/strong>, la capitale e il pi\u00f9 grande emirato degli Emirati Arabi Uniti, \u00e8 un centro culturale e finanziario noto per le sue bellissime moschee, palazzi e lussuosi centri commerciali. Abu Dhabi ha molti musei, teatri e gallerie d&#039;arte. Acquistare una propriet\u00e0 ad Abu Dhabi attrae coloro che apprezzano il prestigio e una vita comoda, che apprezzano appartamenti di lusso, ville sul mare ed esclusivi complessi residenziali. Abu Dhabi presta grande attenzione allo sviluppo delle infrastrutture, rendendo l&#039;emirato un luogo promettente per gli investitori.<\/p>\n<p>&nbsp;<\/p>\n<p><a href=\"https:\/\/alirarealestate.com\/it\/catalog\/buy\/ajman\/\"><strong>Ajman<\/strong><\/a> e il suo centro amministrativo sono un luogo ideale per fare affari, in quanto sono una zona economica libera. Qui, c&#039;\u00e8 una politica fiscale favorevole e c&#039;\u00e8 l&#039;opportunit\u00e0 di sfruttare vari privilegi. Gli immobili ad Ajman offrono il miglior rapporto qualit\u00e0-prezzo, sono accessibili, i costi operativi sono pi\u00f9 bassi con infrastrutture altrettanto buone e la distanza dagli aeroporti e dai porti internazionali \u00e8 breve. I nuovi edifici ad Ajman sono attraenti per le persone con reddito passivo, i pensionati e i liberi professionisti.<\/p>\n<p>&nbsp;<\/p>\n<p><a href=\"https:\/\/alirarealestate.com\/it\/catalog\/buy\/ras-al-khaimah\/\"><strong>Ras Al Khaimah<\/strong><\/a>, situata a nord di Dubai, offre un&#039;esperienza diversa. \u00c8 un&#039;area con splendide montagne Hajjar, spiagge incantevoli e riserve naturali selvagge. La citt\u00e0 \u00e8 nota per la sua ricca storia e cultura. La vetta pi\u00f9 alta degli Emirati Arabi Uniti, Jebel Jais, attrae scalatori e turisti. Investire in immobili a Ras Al Khaimah \u00e8 un&#039;opportunit\u00e0 per condurre una vita tranquilla immersi nella natura. L&#039;emirato offre condizioni fiscali favorevoli per gli investitori stranieri.<\/p>\n<p>&nbsp;<\/p>\n<p><strong><a href=\"https:\/\/alirarealestate.com\/it\/catalog\/buy\/fujairah\/\">Fujaira<\/a><\/strong> si \u00e8 guadagnato la reputazione di essere il pi\u00f9 pittoresco di tutti gli emirati degli Emirati Arabi Uniti. Questo posto \u00e8 attraente per la sua bellezza: ampie spiagge sullo sfondo delle montagne, acque cristalline del Golfo dell&#039;Oman e luoghi degni di essere visti. \u00c8 il posto perfetto per una vita tranquilla in mezzo alla natura meravigliosa senza grandi folle di persone.<\/p>\n<p>&nbsp;<\/p>\n<p><a href=\"https:\/\/alirarealestate.com\/it\/catalog\/buy\/sharjah\/\"><strong>Sharjah<\/strong><\/a> \u00e8 la terza citt\u00e0 pi\u00f9 grande in termini di superficie e popolazione negli Emirati Arabi Uniti. Si trova a sud di Dubai. Sharjah ha il pi\u00f9 grande numero di monumenti della cultura araba. La laguna creata artificialmente, le ampie spiagge sabbiose e i nuovi edifici di alta classe agiscono come una calamita, attraendo i migranti in questa regione.<\/p>\n<p>&nbsp;<\/p>\n<h2><strong>Tipi di immobili negli Emirati Arabi Uniti<\/strong><\/h2>\n<p>&nbsp;<\/p>\n<p><span style=\"font-weight: 400;\">A seconda dei tuoi obiettivi di investimento e del tuo budget, presso l&#039;agenzia immobiliare Alira Real Estate puoi acquistare immobili all&#039;estero negli Emirati Arabi Uniti di diverse tipologie:<\/span><\/p>\n<p>&nbsp;<\/p>\n<ul>\n<li><a href=\"https:\/\/alirarealestate.com\/it\/catalog\/buy\/dubai\/apartments\/\"><strong>Appartamenti e monolocali. <\/strong><\/a><span style=\"font-weight: 400;\">I complessi residenziali sono insiemi chiusi costituiti da edifici multi-appartamento. Il loro territorio \u00e8 protetto e accessibile solo ai residenti. Si tratta di edifici a pi\u00f9 piani con ampi cortili e servizi per i residenti. Privacy e vita confortevole sono completamente garantiti. Il sito Web elenca il costo degli alloggi negli Emirati Arabi Uniti, che si tratti di monolocali, appartamenti con una o cinque camere da letto, opzioni convenienti o propriet\u00e0 sul mare.<\/span><\/li>\n<li><a href=\"https:\/\/alirarealestate.com\/it\/catalog\/buy\/dubai\/villas\/\"><strong>Ville <\/strong><\/a><span style=\"font-weight: 400;\">sono un&#039;alternativa per chi preferisce la solitudine. Sebbene, di norma, siano situate vicine tra loro e si affaccino sulla stessa strada, non hanno muri in comune. Inoltre, le ville hanno sempre un ampio territorio dove \u00e8 possibile avere un giardino, una piscina, gazebo e locali di servizio.<\/span><\/li>\n<li><strong>Attici<\/strong> occupano parte dei piani alti degli edifici. Si tratta di uno dei tipi di immobili pi\u00f9 lussuosi, con viste mozzafiato dalle finestre. Quasi ogni attico negli Emirati Arabi Uniti ha vetrate panoramiche, spesso realizzate lungo il perimetro.<\/li>\n<li><strong>Case a schiera. <\/strong><span style=\"font-weight: 400;\">Si tratta di complessi residenziali bassi con ingressi separati. Sebbene le case a schiera abbiano un rivestimento e un tetto comuni, ogni casa ha la sua piccola area per un vialetto, un giardino o un&#039;area barbecue. Il mercato immobiliare negli Emirati Arabi Uniti conta circa 12.000 case a schiera situate in tutto il paese, tra cui Dubai, Abu Dhabi, Sharjah, Ras Al Khaimah e Ajman.<\/span><\/li>\n<li><a href=\"https:\/\/alirarealestate.com\/it\/catalog\/buy\/dubai\/commercial\/\"><strong>Immobili commerciali. <\/strong><\/a><span style=\"font-weight: 400;\">Un importante settore di impiego per la forza lavoro internazionale. Uffici, hotel e camere d&#039;albergo diventano pi\u00f9 attraenti per gli investitori immobiliari, mentre gli Emirati Arabi Uniti si sforzano di diventare una destinazione di livello mondiale.<\/span><\/li>\n<\/ul>\n<p>&nbsp;<\/p>\n<h2><strong>Prezzi immobiliari negli Emirati Arabi Uniti<\/strong><\/h2>\n<p>&nbsp;<\/p>\n<p><span style=\"font-weight: 400;\">A seconda della zona e delle condizioni di vita concomitanti, si formano i prezzi immobiliari negli Emirati Arabi Uniti. Il prezzo medio al metro quadro nel centro di Dubai \u00e8 di 15.908 dirham, fuori dal centro di 9.816 dirham. \u00c8 possibile acquistare un monolocale di circa 70 m\u00b2 in una buona zona per 1,2 milioni di dirham. Naturalmente, pi\u00f9 la propriet\u00e0 \u00e8 vicina al centro, pi\u00f9 alto \u00e8 il costo. I prezzi possono raggiungere i 6,8 milioni di dirham per un monolocale d&#039;\u00e9lite.<\/span><\/p>\n<p>&nbsp;<\/p>\n<p><span style=\"font-weight: 400;\">Negli Emirati Arabi Uniti gli immobili vengono venduti sia dalle societ\u00e0 di sviluppo che dai proprietari sul mercato secondario.<\/span><\/p>\n<p>&nbsp;<\/p>\n<p><span style=\"font-weight: 400;\">Quando si acquista un immobile sul mercato secondario a Dubai, il cliente deve pagare un deposito di 10% dopo aver firmato il protocollo, ottenuto il consenso e incontrato il Land Department, dove il diritto di propriet\u00e0 viene ufficialmente trasferito. Inoltre, c&#039;\u00e8 una commissione del broker: 2% del prezzo di acquisto. Quando si seleziona una propriet\u00e0 degli Emirati Arabi Uniti in vendita da uno sviluppatore, questa commissione non viene addebitata.<\/span><\/p>\n<p>&nbsp;<\/p>\n<p><span style=\"font-weight: 400;\">Ci sono anche dei supplementi di trasferimento per le spese amministrative. Ogni transazione \u00e8 individuale e forniamo informazioni ai clienti all&#039;inizio del nostro lavoro.<\/span><\/p>\n\n\t\t<\/div>\n\t<\/div>\n\n\t<div class=\"wpb_text_column wpb_content_element  vc_column_text\" >\n\t\t<div class=\"wpb_wrapper\">\n\t\t\t<h2><strong>Investimenti immobiliari negli Emirati Arabi Uniti: perch\u00e9 sono vantaggiosi<\/strong><\/h2>\n<p><span style=\"font-weight: 400;\">Negli Emirati Arabi Uniti non esiste alcuna imposta sulla propriet\u00e0 e l&#039;IVA \u00e8 di 5%. Il governo degli Emirati Arabi Uniti garantisce un mercato strettamente regolamentato, che aiuta a mantenerne la stabilit\u00e0 e crea un ambiente favorevole per gli investimenti immobiliari.<\/span><\/p>\n<p>&nbsp;<\/p>\n<p><span style=\"font-weight: 400;\">Quando si acquista un immobile a Dubai, viene pagata una commissione una tantum al Dubai Land Department (DLD). \u00c8 di 4% (ad Abu Dhabi \u2013 2%), ma quando si acquista un immobile sul mercato primario, viene pagata in tutto o in parte dallo sviluppatore.<\/span><\/p>\n<p>&nbsp;<\/p>\n<p><span style=\"font-weight: 400;\">Hai la possibilit\u00e0 di richiedere un prestito immobiliare a Dubai da una banca locale. Se non sei residente, l&#039;importo del prestito pu\u00f2 essere pari a 50% del valore della propriet\u00e0.<\/span><\/p>\n<p>&nbsp;<\/p>\n<h2><strong>Vantaggi e condizioni di collaborazione con l&#039;agenzia immobiliare Alira<\/strong><\/h2>\n<p><span style=\"font-weight: 400;\">Quando si acquista un immobile negli Emirati Arabi Uniti, uno straniero dovrebbe considerare diversi fattori: conoscenza delle leggi e dei regolamenti, scelta della posizione giusta e attenzione alle opzioni di finanziamento e ottimizzazione fiscale.<\/span><\/p>\n<p><span style=\"font-weight: 400;\">Garantiamo:<\/span><\/p>\n<p>&nbsp;<\/p>\n<ul>\n<li><span style=\"font-weight: 400;\">Ampia gamma di servizi. <\/span><span style=\"font-weight: 400;\">Vendita, acquisto, locazione e gestione di immobili.<\/span><\/li>\n<li><span style=\"font-weight: 400;\">Riservatezza. <\/span><span style=\"font-weight: 400;\">I tuoi dati non saranno divulgati a terzi senza il tuo consenso.<\/span><\/li>\n<li><span style=\"font-weight: 400;\">Professionalit\u00e0. <\/span><span style=\"font-weight: 400;\">L&#039;agenzia si avvale di personale specializzato e qualificato.<\/span><\/li>\n<li><span style=\"font-weight: 400;\">Approccio individuale. <\/span><span style=\"font-weight: 400;\">Condizioni di cooperazione flessibili e prezzi immobiliari trasparenti negli Emirati.<\/span><\/li>\n<\/ul>\n<p><span style=\"font-weight: 400;\">Lavorare con un consulente immobiliare esperto negli Emirati Arabi Uniti semplifica l&#039;acquisto. Lo specialista conosce il mercato, aiuta i potenziali acquirenti a scegliere immobili adatti e comprende gli aspetti legali e finanziari. Per coloro che cercano propriet\u00e0 in vendita negli Emirati Arabi Uniti, collaborare con un consulente competente assicura un processo di acquisto pi\u00f9 fluido.<\/span><\/p>\n<p>&nbsp;<\/p>\n<p><span style=\"font-weight: 400;\">Che tu stia cercando una lussuosa villa sulla spiaggia o un appartamento in citt\u00e0, lo troverai negli Emirati Arabi Uniti. Il mercato immobiliare del paese \u00e8 diversificato e copre un&#039;ampia gamma di budget e preferenze. Per programmare una consulenza e discutere il costo degli immobili negli Emirati Arabi Uniti, lascia una richiesta sul sito web o chiama <\/span><span style=\"font-weight: 400;\"><a href=\"tel: 79869277377\">+7 (986) 927-73-77 <\/a><\/span><span style=\"font-weight: 400;\">E <\/span><span style=\"font-weight: 400;\"><a href=\"tel: 971588337903\">+971 (588) 337 903<\/a><\/span><span style=\"font-weight: 400;\">Le richieste possono essere inviate anche all&#039;indirizzo email <\/span><span style=\"font-weight: 400;\"><a class=\"mail\" href=\"mailto:info@alirarealestate.com\">info@alirarealestate.com<\/a>.<\/span><\/p>\n\n\t\t<\/div>\n\t<\/div>\n<\/div><\/div><\/div><\/div>\n<\/section>","protected":false},"excerpt":{"rendered":"Negli Emirati Arabi Uniti, le soluzioni moderne si fondono perfettamente con il ricco patrimonio culturale, mentre i paesaggi urbani e naturali colpiscono per la loro diversit\u00e0. La costa del Golfo Persico, spesso ornata da resort di lusso, merita un&#039;attenzione speciale, in particolare per coloro che cercano propriet\u00e0 in vendita negli Emirati Arabi Uniti. Gli Emirati Arabi Uniti sono rinomati per la loro architettura futuristica, l&#039;elevato livello di sicurezza e il potenziale di investimento, rendendo ...","protected":false},"author":1,"featured_media":0,"parent":660,"menu_order":0,"comment_status":"closed","ping_status":"closed","template":"advanced_search_results.php","meta":{"inline_featured_image":false,"_glsr_average":0,"_glsr_ranking":0,"_glsr_reviews":0,"footnotes":""},"class_list":["post-4288","page","type-page","status-publish","hentry"],"yoast_head":"<!-- This site is optimized with the Yoast SEO Premium plugin v25.1 (Yoast SEO v25.6) - https:\/\/yoast.com\/wordpress\/plugins\/seo\/ -->\n<title>Catalog of Real Estate in the UAE - Buy: Prices, Descriptions, Photos - Alira<\/title>\n<meta name=\"description\" content=\"Catalog of real estate in the UAE by Alira. \u2b50 Prices, descriptions, photos. \u2b50 Apartments, villas, offices. \u2b50 Property for sale and for rent. \u27a4 Choose your option on the website!\" \/>\n<meta name=\"robots\" content=\"index, follow, max-snippet:-1, max-image-preview:large, max-video-preview:-1\" \/>\n<link rel=\"canonical\" href=\"https:\/\/alirarealestate.com\/it\/catalog\/buy\/\" \/>\n<meta property=\"og:locale\" content=\"it_IT\" \/>\n<meta property=\"og:type\" content=\"article\" \/>\n<meta property=\"og:title\" content=\"Real Estate Catalog\" \/>\n<meta property=\"og:description\" content=\"Catalog of real estate in the UAE by Alira. \u2b50 Prices, descriptions, photos. \u2b50 Apartments, villas, offices. \u2b50 Property for sale and for rent. \u27a4 Choose your option on the website!\" \/>\n<meta property=\"og:url\" content=\"https:\/\/alirarealestate.com\/it\/catalog\/buy\/\" \/>\n<meta property=\"og:site_name\" content=\"Alira Real Estate - Real estate in the UAE\" \/>\n<meta property=\"article:modified_time\" content=\"2025-04-21T18:13:39+00:00\" \/>\n<meta name=\"twitter:card\" content=\"summary_large_image\" \/>\n<meta name=\"twitter:label1\" content=\"Tempo di lettura stimato\" \/>\n\t<meta name=\"twitter:data1\" content=\"8 minuti\" \/>\n<script type=\"application\/ld+json\" class=\"yoast-schema-graph\">{\"@context\":\"https:\/\/schema.org\",\"@graph\":[{\"@type\":\"WebPage\",\"@id\":\"https:\/\/alirarealestate.com\/it\/catalog\/buy\/\",\"url\":\"https:\/\/alirarealestate.com\/it\/catalog\/buy\/\",\"name\":\"Catalog of Real Estate in the UAE - Buy: Prices, Descriptions, Photos - Alira\",\"isPartOf\":{\"@id\":\"https:\/\/alirarealestate.com\/it\/#website\"},\"datePublished\":\"2024-04-18T07:17:39+00:00\",\"dateModified\":\"2025-04-21T18:13:39+00:00\",\"description\":\"Catalog of real estate in the UAE by Alira. \u2b50 Prices, descriptions, photos. \u2b50 Apartments, villas, offices. \u2b50 Property for sale and for rent. \u27a4 Choose your option on the website!\",\"breadcrumb\":{\"@id\":\"https:\/\/alirarealestate.com\/it\/catalog\/buy\/#breadcrumb\"},\"inLanguage\":\"it-IT\",\"potentialAction\":[{\"@type\":\"ReadAction\",\"target\":[\"https:\/\/alirarealestate.com\/it\/catalog\/buy\/\"]}]},{\"@type\":\"BreadcrumbList\",\"@id\":\"https:\/\/alirarealestate.com\/it\/catalog\/buy\/#breadcrumb\",\"itemListElement\":[{\"@type\":\"ListItem\",\"position\":1,\"name\":\"Home\",\"item\":\"https:\/\/alirarealestate.com\/\"},{\"@type\":\"ListItem\",\"position\":2,\"name\":\"Real Estate Catalog\",\"item\":\"https:\/\/alirarealestate.com\/catalog\/\"},{\"@type\":\"ListItem\",\"position\":3,\"name\":\"Real Estate Catalog\"}]},{\"@type\":\"WebSite\",\"@id\":\"https:\/\/alirarealestate.com\/it\/#website\",\"url\":\"https:\/\/alirarealestate.com\/it\/\",\"name\":\"Alira Real Estate - Real estate in the UAE\",\"description\":\"\",\"potentialAction\":[{\"@type\":\"SearchAction\",\"target\":{\"@type\":\"EntryPoint\",\"urlTemplate\":\"https:\/\/alirarealestate.com\/it\/?s={search_term_string}\"},\"query-input\":{\"@type\":\"PropertyValueSpecification\",\"valueRequired\":true,\"valueName\":\"search_term_string\"}}],\"inLanguage\":\"it-IT\"}]}<\/script>\n<!-- \/ Yoast SEO Premium plugin. -->","yoast_head_json":{"title":"Catalog of Real Estate in the UAE - Buy: Prices, Descriptions, Photos - Alira","description":"Catalog of real estate in the UAE by Alira. \u2b50 Prices, descriptions, photos. \u2b50 Apartments, villas, offices. \u2b50 Property for sale and for rent. \u27a4 Choose your option on the website!","robots":{"index":"index","follow":"follow","max-snippet":"max-snippet:-1","max-image-preview":"max-image-preview:large","max-video-preview":"max-video-preview:-1"},"canonical":"https:\/\/alirarealestate.com\/it\/catalog\/buy\/","og_locale":"it_IT","og_type":"article","og_title":"Real Estate Catalog","og_description":"Catalog of real estate in the UAE by Alira. \u2b50 Prices, descriptions, photos. \u2b50 Apartments, villas, offices. \u2b50 Property for sale and for rent. \u27a4 Choose your option on the website!","og_url":"https:\/\/alirarealestate.com\/it\/catalog\/buy\/","og_site_name":"Alira Real Estate - Real estate in the UAE","article_modified_time":"2025-04-21T18:13:39+00:00","twitter_card":"summary_large_image","twitter_misc":{"Tempo di lettura stimato":"8 minuti"},"schema":{"@context":"https:\/\/schema.org","@graph":[{"@type":"WebPage","@id":"https:\/\/alirarealestate.com\/it\/catalog\/buy\/","url":"https:\/\/alirarealestate.com\/it\/catalog\/buy\/","name":"Catalog of Real Estate in the UAE - Buy: Prices, Descriptions, Photos - Alira","isPartOf":{"@id":"https:\/\/alirarealestate.com\/it\/#website"},"datePublished":"2024-04-18T07:17:39+00:00","dateModified":"2025-04-21T18:13:39+00:00","description":"Catalog of real estate in the UAE by Alira. \u2b50 Prices, descriptions, photos. \u2b50 Apartments, villas, offices. \u2b50 Property for sale and for rent. \u27a4 Choose your option on the website!","breadcrumb":{"@id":"https:\/\/alirarealestate.com\/it\/catalog\/buy\/#breadcrumb"},"inLanguage":"it-IT","potentialAction":[{"@type":"ReadAction","target":["https:\/\/alirarealestate.com\/it\/catalog\/buy\/"]}]},{"@type":"BreadcrumbList","@id":"https:\/\/alirarealestate.com\/it\/catalog\/buy\/#breadcrumb","itemListElement":[{"@type":"ListItem","position":1,"name":"Home","item":"https:\/\/alirarealestate.com\/"},{"@type":"ListItem","position":2,"name":"Real Estate Catalog","item":"https:\/\/alirarealestate.com\/catalog\/"},{"@type":"ListItem","position":3,"name":"Real Estate Catalog"}]},{"@type":"WebSite","@id":"https:\/\/alirarealestate.com\/it\/#website","url":"https:\/\/alirarealestate.com\/it\/","name":"Alira Real Estate - Real estate in the UAE","description":"","potentialAction":[{"@type":"SearchAction","target":{"@type":"EntryPoint","urlTemplate":"https:\/\/alirarealestate.com\/it\/?s={search_term_string}"},"query-input":{"@type":"PropertyValueSpecification","valueRequired":true,"valueName":"search_term_string"}}],"inLanguage":"it-IT"}]}},"_links":{"self":[{"href":"https:\/\/alirarealestate.com\/it\/wp-json\/wp\/v2\/pages\/4288"}],"collection":[{"href":"https:\/\/alirarealestate.com\/it\/wp-json\/wp\/v2\/pages"}],"about":[{"href":"https:\/\/alirarealestate.com\/it\/wp-json\/wp\/v2\/types\/page"}],"author":[{"embeddable":true,"href":"https:\/\/alirarealestate.com\/it\/wp-json\/wp\/v2\/users\/1"}],"replies":[{"embeddable":true,"href":"https:\/\/alirarealestate.com\/it\/wp-json\/wp\/v2\/comments?post=4288"}],"version-history":[{"count":2,"href":"https:\/\/alirarealestate.com\/it\/wp-json\/wp\/v2\/pages\/4288\/revisions"}],"predecessor-version":[{"id":5907,"href":"https:\/\/alirarealestate.com\/it\/wp-json\/wp\/v2\/pages\/4288\/revisions\/5907"}],"up":[{"embeddable":true,"href":"https:\/\/alirarealestate.com\/it\/wp-json\/wp\/v2\/pages\/660"}],"wp:attachment":[{"href":"https:\/\/alirarealestate.com\/it\/wp-json\/wp\/v2\/media?parent=4288"}],"curies":[{"name":"wp","href":"https:\/\/api.w.org\/{rel}","templated":true}]}}