{"id":3,"date":"2023-05-19T11:46:16","date_gmt":"2023-05-19T08:46:16","guid":{"rendered":"https:\/\/alirarealestate.com\/?page_id=3"},"modified":"2024-02-26T23:18:19","modified_gmt":"2024-02-26T20:18:19","slug":"privacy-policy","status":"publish","type":"page","link":"https:\/\/alirarealestate.com\/it\/privacy-policy\/","title":{"rendered":"politica sulla riservatezza"},"content":{"rendered":"<p>La tua privacy \u00e8 molto importante per noi. Vogliamo che la tua esperienza su Internet sia il pi\u00f9 piacevole e gratificante possibile e che tu ti senta a tuo agio nell&#039;utilizzare l&#039;ampia gamma di informazioni, strumenti e opportunit\u00e0 che Internet ha da offrire.<\/p>\n<p>Le informazioni personali dei visitatori raccolte quando inviano richieste sul sito (o in qualsiasi altro momento) vengono utilizzate per preparare Prodotti o Servizi in base alle tue esigenze, nonch\u00e9 per fornire consigli su Prodotti o Servizi. Le tue informazioni non saranno condivise o vendute a terze parti.<\/p>\n<p><strong>Quali dati vengono raccolti sul sito<\/strong><\/p>\n<p>Quando invii una richiesta di consulenza, invia il tuo nome, telefono, e-mail tramite il modulo di contatto.<\/p>\n<p><strong>A quale scopo vengono raccolti questi dati?<\/strong><\/p>\n<p>Il nome \u00e8 utilizzato per rivolgersi a te personalmente e la tua e-mail \u00e8 utilizzata per inviarti newsletter, novit\u00e0 aziendali e anche per inviare una risposta alle tue domande. Il numero di telefono \u00e8 necessario per contattarti direttamente per fornirti consigli.<\/p>\n<p>Il tuo nome, numero di telefono, e-mail non verranno in nessun caso ceduti a terzi, salvo nei casi connessi all&#039;adempimento di obblighi di legge.<\/p>\n<p>\u00c8 possibile annullare l&#039;iscrizione alla ricezione delle mailing list e rimuovere le proprie informazioni di contatto dal database in qualsiasi momento contattando l&#039;amministratore del sito tramite e-mail: lilia@alirarealestate.com.<\/p>\n<p><strong>Come vengono utilizzati questi dati?<\/strong><\/p>\n<p>Sul sito\u00a0<a href=\"https:\/\/alirarealestate.com\/en\/\">alirarealestate.com<\/a>\u00a0Vengono utilizzati cookie e dati sui visitatori dei servizi Yandex.Metrica e Google Analytics.<\/p>\n<p>Utilizzando questi dati vengono raccolte informazioni sulle azioni dei visitatori sul sito, allo scopo di migliorarne i contenuti, potenziarne la funzionalit\u00e0 e, di conseguenza, creare contenuti e servizi di alta qualit\u00e0 per i visitatori.<\/p>\n<p>Puoi modificare le impostazioni del tuo browser in qualsiasi momento in modo che il browser blocchi tutti i cookie o ti avvisi quando vengono inviati cookie. Tieni presente che alcune funzionalit\u00e0 e servizi potrebbero non funzionare correttamente.<\/p>\n<p><strong>Come vengono protetti questi dati?<\/strong><\/p>\n<p>Utilizziamo una serie di misure di sicurezza amministrative, gestionali e tecniche per proteggere le tue informazioni personali. La nostra azienda aderisce a vari standard di controllo internazionali volti a gestire le informazioni personali, che includono determinati controlli per proteggere le informazioni raccolte su Internet.<\/p>\n<p>I nostri dipendenti sono formati per comprendere e rispettare questi controlli e hanno familiarit\u00e0 con la nostra Informativa sulla privacy, le nostre politiche e le nostre linee guida.<\/p>\n<p>Tuttavia, anche se ci impegniamo a proteggere i tuoi dati personali, anche tu devi adottare misure per proteggerli.<\/p>\n<p>Ti consigliamo vivamente di prendere tutte le precauzioni possibili mentre sei online. I servizi e i siti web che gestiamo includono misure di protezione contro la fuga di notizie, l&#039;uso non autorizzato e l&#039;alterazione delle informazioni sotto il nostro controllo. Mentre facciamo ogni sforzo per garantire l&#039;integrit\u00e0 e la sicurezza della nostra rete e dei nostri sistemi, non possiamo garantire che le nostre misure di sicurezza impediranno agli hacker terzi di accedere illegalmente a queste informazioni.<\/p>\n<p>Se la presente informativa sulla privacy dovesse cambiare, potrai leggere tali modifiche su questa pagina o, in casi particolari, ricevere una notifica via e-mail.<\/p>\n<p><strong>Per contattare l&#039;amministratore del sito per qualsiasi domanda, puoi scrivere un&#039;e-mail a: lilia@alirarealestate.com.<\/strong><\/p>","protected":false},"excerpt":{"rendered":"<p>La tua privacy \u00e8 molto importante per noi. Desideriamo che la tua esperienza online sia il pi\u00f9 piacevole e appagante possibile e che tu ti senta a tuo agio nell&#039;utilizzare l&#039;ampia gamma di informazioni, strumenti e opportunit\u00e0 che Internet offre. Le informazioni personali dei visitatori, raccolte al momento dell&#039;invio di richieste sul sito (o in qualsiasi altro momento), vengono utilizzate per preparare Prodotti o Servizi...<\/p>","protected":false},"author":1,"featured_media":0,"parent":0,"menu_order":0,"comment_status":"closed","ping_status":"open","template":"","meta":{"inline_featured_image":false,"_glsr_average":0,"_glsr_ranking":0,"_glsr_reviews":0,"footnotes":""},"class_list":["post-3","page","type-page","status-publish","hentry"],"yoast_head":"<!-- This site is optimized with the Yoast SEO Premium plugin v25.1 (Yoast SEO v25.6) - https:\/\/yoast.com\/wordpress\/plugins\/seo\/ -->\n<title>Privacy Policy - Alira Real Estate - Real estate in the UAE<\/title>\n<meta name=\"robots\" content=\"index, follow, max-snippet:-1, max-image-preview:large, max-video-preview:-1\" \/>\n<link rel=\"canonical\" href=\"https:\/\/alirarealestate.com\/it\/privacy-policy\/\" \/>\n<meta property=\"og:locale\" content=\"it_IT\" \/>\n<meta property=\"og:type\" content=\"article\" \/>\n<meta property=\"og:title\" content=\"Privacy Policy\" \/>\n<meta property=\"og:description\" content=\"Your privacy is very important to us. We want your Internet experience to be as enjoyable and rewarding as possible, and for you to feel comfortable using the wide range of information, tools and opportunities that the Internet has to offer. Personal information from visitors collected when submitting requests on the site (or at any other time) is used to prepare Products or Services ...\" \/>\n<meta property=\"og:url\" content=\"https:\/\/alirarealestate.com\/it\/privacy-policy\/\" \/>\n<meta property=\"og:site_name\" content=\"Alira Real Estate - Real estate in the UAE\" \/>\n<meta property=\"article:modified_time\" content=\"2024-02-26T20:18:19+00:00\" \/>\n<meta name=\"twitter:card\" content=\"summary_large_image\" \/>\n<meta name=\"twitter:label1\" content=\"Tempo di lettura stimato\" \/>\n\t<meta name=\"twitter:data1\" content=\"3 minuti\" \/>\n<script type=\"application\/ld+json\" class=\"yoast-schema-graph\">{\"@context\":\"https:\/\/schema.org\",\"@graph\":[{\"@type\":\"WebPage\",\"@id\":\"https:\/\/alirarealestate.com\/it\/privacy-policy\/\",\"url\":\"https:\/\/alirarealestate.com\/it\/privacy-policy\/\",\"name\":\"Privacy Policy - Alira Real Estate - Real estate in the UAE\",\"isPartOf\":{\"@id\":\"https:\/\/alirarealestate.com\/it\/#website\"},\"datePublished\":\"2023-05-19T08:46:16+00:00\",\"dateModified\":\"2024-02-26T20:18:19+00:00\",\"breadcrumb\":{\"@id\":\"https:\/\/alirarealestate.com\/it\/privacy-policy\/#breadcrumb\"},\"inLanguage\":\"it-IT\",\"potentialAction\":[{\"@type\":\"ReadAction\",\"target\":[\"https:\/\/alirarealestate.com\/it\/privacy-policy\/\"]}]},{\"@type\":\"BreadcrumbList\",\"@id\":\"https:\/\/alirarealestate.com\/it\/privacy-policy\/#breadcrumb\",\"itemListElement\":[{\"@type\":\"ListItem\",\"position\":1,\"name\":\"Home\",\"item\":\"https:\/\/alirarealestate.com\/\"},{\"@type\":\"ListItem\",\"position\":2,\"name\":\"Privacy Policy\"}]},{\"@type\":\"WebSite\",\"@id\":\"https:\/\/alirarealestate.com\/it\/#website\",\"url\":\"https:\/\/alirarealestate.com\/it\/\",\"name\":\"Alira Real Estate - Real estate in the UAE\",\"description\":\"\",\"potentialAction\":[{\"@type\":\"SearchAction\",\"target\":{\"@type\":\"EntryPoint\",\"urlTemplate\":\"https:\/\/alirarealestate.com\/it\/?s={search_term_string}\"},\"query-input\":{\"@type\":\"PropertyValueSpecification\",\"valueRequired\":true,\"valueName\":\"search_term_string\"}}],\"inLanguage\":\"it-IT\"}]}<\/script>\n<!-- \/ Yoast SEO Premium plugin. -->","yoast_head_json":{"title":"Privacy Policy - Alira Real Estate - Real estate in the UAE","robots":{"index":"index","follow":"follow","max-snippet":"max-snippet:-1","max-image-preview":"max-image-preview:large","max-video-preview":"max-video-preview:-1"},"canonical":"https:\/\/alirarealestate.com\/it\/privacy-policy\/","og_locale":"it_IT","og_type":"article","og_title":"Privacy Policy","og_description":"Your privacy is very important to us. We want your Internet experience to be as enjoyable and rewarding as possible, and for you to feel comfortable using the wide range of information, tools and opportunities that the Internet has to offer. Personal information from visitors collected when submitting requests on the site (or at any other time) is used to prepare Products or Services ...","og_url":"https:\/\/alirarealestate.com\/it\/privacy-policy\/","og_site_name":"Alira Real Estate - Real estate in the UAE","article_modified_time":"2024-02-26T20:18:19+00:00","twitter_card":"summary_large_image","twitter_misc":{"Tempo di lettura stimato":"3 minuti"},"schema":{"@context":"https:\/\/schema.org","@graph":[{"@type":"WebPage","@id":"https:\/\/alirarealestate.com\/it\/privacy-policy\/","url":"https:\/\/alirarealestate.com\/it\/privacy-policy\/","name":"Privacy Policy - Alira Real Estate - Real estate in the UAE","isPartOf":{"@id":"https:\/\/alirarealestate.com\/it\/#website"},"datePublished":"2023-05-19T08:46:16+00:00","dateModified":"2024-02-26T20:18:19+00:00","breadcrumb":{"@id":"https:\/\/alirarealestate.com\/it\/privacy-policy\/#breadcrumb"},"inLanguage":"it-IT","potentialAction":[{"@type":"ReadAction","target":["https:\/\/alirarealestate.com\/it\/privacy-policy\/"]}]},{"@type":"BreadcrumbList","@id":"https:\/\/alirarealestate.com\/it\/privacy-policy\/#breadcrumb","itemListElement":[{"@type":"ListItem","position":1,"name":"Home","item":"https:\/\/alirarealestate.com\/"},{"@type":"ListItem","position":2,"name":"Privacy Policy"}]},{"@type":"WebSite","@id":"https:\/\/alirarealestate.com\/it\/#website","url":"https:\/\/alirarealestate.com\/it\/","name":"Alira Real Estate - Real estate in the UAE","description":"","potentialAction":[{"@type":"SearchAction","target":{"@type":"EntryPoint","urlTemplate":"https:\/\/alirarealestate.com\/it\/?s={search_term_string}"},"query-input":{"@type":"PropertyValueSpecification","valueRequired":true,"valueName":"search_term_string"}}],"inLanguage":"it-IT"}]}},"_links":{"self":[{"href":"https:\/\/alirarealestate.com\/it\/wp-json\/wp\/v2\/pages\/3"}],"collection":[{"href":"https:\/\/alirarealestate.com\/it\/wp-json\/wp\/v2\/pages"}],"about":[{"href":"https:\/\/alirarealestate.com\/it\/wp-json\/wp\/v2\/types\/page"}],"author":[{"embeddable":true,"href":"https:\/\/alirarealestate.com\/it\/wp-json\/wp\/v2\/users\/1"}],"replies":[{"embeddable":true,"href":"https:\/\/alirarealestate.com\/it\/wp-json\/wp\/v2\/comments?post=3"}],"version-history":[{"count":1,"href":"https:\/\/alirarealestate.com\/it\/wp-json\/wp\/v2\/pages\/3\/revisions"}],"predecessor-version":[{"id":3887,"href":"https:\/\/alirarealestate.com\/it\/wp-json\/wp\/v2\/pages\/3\/revisions\/3887"}],"wp:attachment":[{"href":"https:\/\/alirarealestate.com\/it\/wp-json\/wp\/v2\/media?parent=3"}],"curies":[{"name":"wp","href":"https:\/\/api.w.org\/{rel}","templated":true}]}}