{"id":2970,"date":"2024-01-29T23:58:30","date_gmt":"2024-01-29T20:58:30","guid":{"rendered":"https:\/\/alirarealestate.com\/?page_id=2970"},"modified":"2024-03-27T16:36:15","modified_gmt":"2024-03-27T13:36:15","slug":"review","status":"publish","type":"page","link":"https:\/\/alirarealestate.com\/it\/review\/","title":{"rendered":"Testimonianze"},"content":{"rendered":"<section class=\"wpb-content-wrapper\"><div class=\"vc_row wpb_row vc_row-fluid vc_row\"><div class=\"wpb_column vc_column_container vc_col-sm-12 vc_column\"><div class=\"vc_column-inner\"><div class=\"wpb_wrapper\">\n\t<div class=\"wpb_text_column wpb_content_element  vc_column_text\" >\n\t\t<div class=\"wpb_wrapper\">\n\t\t\t<div class=\"wpb_text_column wpb_content_element vc_column_text\">\n<div class=\"wpb_wrapper\">\n<p>Lascia il tuo feedback sul lavoro con la nostra azienda. Dopo la moderazione, la recensione apparir\u00e0 in questa sezione.<\/p>\n<\/div>\n<\/div>\n\n\t\t<\/div>\n\t<\/div>\n<div class=\"vc_tta-container\" data-vc-action=\"collapseAll\"><div class=\"vc_general vc_tta vc_tta-accordion vc_tta-color-white vc_tta-style-flat vc_tta-shape-square vc_tta-o-shape-group vc_tta-controls-align-left vc_tta-o-no-fill vc_tta-o-all-clickable wpestate_accordion vc_tta_accordion\"><div class=\"vc_tta-panels-container\"><div class=\"vc_tta-panels\"><div class=\"vc_tta-panel\" id=\"1706620090865-af441b8e-9b3a\" data-vc-content=\".vc_tta-panel-body\"><div class=\"vc_tta-panel-heading\"><h4 class=\"vc_tta-panel-title\"><a href=\"#1706620090865-af441b8e-9b3a\" data-vc-accordion data-vc-container=\".vc_tta-container\"><span class=\"vc_tta-title-text\">Aggiungi una recensione<\/span><\/a><\/h4><\/div><div class=\"vc_tta-panel-body\">\n\t<div class=\"wpb_text_column wpb_content_element  vc_column_text\" >\n\t\t<div class=\"wpb_wrapper\">\n\t\t\t<div class=\"glsr glsr-default\" id=\"glsr_db7add49\" data-from=\"shortcode\" data-shortcode=\"site_reviews_form\" data-hide=\"email\"><div class=\"glsr-form-wrap\">\n    <form class=\"glsr-review-form glsr-form\" method=\"post\" enctype=\"multipart\/form-data\" action=\"\">\n        <input type=\"hidden\" name=\"site-reviews[_action]\" value=\"submit-review\" \/>\n<input type=\"hidden\" name=\"site-reviews[_nonce]\" value=\"c615f48a91\" \/>\n<input type=\"hidden\" name=\"site-reviews[_post_id]\" value=\"2970\" \/>\n<input type=\"hidden\" name=\"site-reviews[_referer]\" value=\"\" \/>\n<input type=\"hidden\" name=\"site-reviews[assigned_posts]\" value=\"\" \/>\n<input type=\"hidden\" name=\"site-reviews[assigned_terms]\" value=\"\" \/>\n<input type=\"hidden\" name=\"site-reviews[assigned_users]\" value=\"\" \/>\n<input type=\"hidden\" name=\"site-reviews[excluded]\" value=\"email\" \/>\n<input type=\"hidden\" name=\"site-reviews[form_id]\" value=\"glsr_db7add49\" \/>\n<input type=\"hidden\" name=\"site-reviews[terms_exist]\" value=\"1\" \/>\n<input type=\"hidden\" name=\"site-reviews[form_signature]\" value=\"jtjc1fR3u1cACHtrJbypZ0smZMQKNHNuyF5rbQnAphCln7BbXzNFYz83A_NaJkSXKrznH_2MEGvy47jS5kq8DoC2fB_66Bs8K3JnuAemnsJVk4rlGnBFg1lvRt_FJwwJsBeP3_gDZT4TiJnHFclc-IxEkFTb-yFj1AbUmvHuzpWoJcZ081Fstk8tGkC_ImQe-9YojPk7XqksJR1fr7NuNxx_R81ctzCORSZhvFYS5X5F8r6w16uDq7cVwyzdsRhU1nxO1U0FQfcRegUfaUAMUCSzePmGGkJP_cazvZCGs7ep8jhH5Q9ObJ4Fu5Iwv2kwy-ce5IhY68cK6Rw9uz5p4e2Uu2iiAZ8EJL_-LI2ZFYP6bVwt143lmJgvRGBSSjxVxT1A2n9f-tTMIe1stcf1arc1tYzgPOBSBQ\" \/>\n<div class=\"glsr-field\" style=\"display:none;\"><label for=\"site-reviews-b5bf9ad5-glsr_db7add49\">La tua recensione<\/label><input type=\"text\" class=\"glsr-input glsr-input-text\" id=\"site-reviews-b5bf9ad5-glsr_db7add49\" name=\"site-reviews[b5bf9ad5]\" value=\"\" \/><\/div>\n<div class=\"glsr-field glsr-field-rating glsr-required\" data-field=\"rating\">\n    <label class=\"glsr-label\" for=\"glsr_db7add49-rating\">\n    <span>La tua valutazione complessiva<\/span>\n<\/label>\n    <select class=\"browser-default disable-select no_wrap no-wrap glsr-select\" id=\"glsr_db7add49-rating\" name=\"site-reviews[rating]\" required><option value=\"\">Seleziona una valutazione<\/option><option value=\"5\">5 stelle<\/option><option value=\"4\">4 stelle<\/option><option value=\"3\">3 stelle<\/option><option value=\"2\">2 stelle<\/option><option value=\"1\">1 stella<\/option><\/select>\n    <div class=\"glsr-field-error\"><\/div>\n<\/div>\n<div class=\"glsr-field glsr-field-text\" data-field=\"title\">\n    <label class=\"glsr-label\" for=\"glsr_db7add49-title\">\n    <span>Titolo della tua recensione<\/span>\n<\/label>\n    <input type=\"text\" class=\"glsr-input glsr-input-text\" id=\"glsr_db7add49-title\" name=\"site-reviews[title]\" placeholder=\"Riassumi la tua recensione o evidenzia un dettaglio interessante\" value=\"\" \/>\n    <div class=\"glsr-field-error\"><\/div>\n<\/div>\n<div class=\"glsr-field glsr-field-textarea glsr-required\" data-field=\"content\">\n    <label class=\"glsr-label\" for=\"glsr_db7add49-content\">\n    <span>La tua recensione<\/span>\n<\/label>\n    <textarea class=\"glsr-textarea\" id=\"glsr_db7add49-content\" name=\"site-reviews[content]\" required placeholder=\"Racconta la tua recensione alle persone\" rows=\"5\"><\/textarea>\n    <div class=\"glsr-field-error\"><\/div>\n<\/div>\n<div class=\"glsr-field glsr-field-text glsr-required\" data-field=\"name\">\n    <label class=\"glsr-label\" for=\"glsr_db7add49-name\">\n    <span>Il tuo nome<\/span>\n<\/label>\n    <input type=\"text\" class=\"glsr-input glsr-input-text\" id=\"glsr_db7add49-name\" name=\"site-reviews[name]\" required placeholder=\"Dicci il tuo nome\" value=\"\" \/>\n    <div class=\"glsr-field-error\"><\/div>\n<\/div>\n<div class=\"glsr-field glsr-field-choice\" data-field=\"terms\">\n    \n    <span class=\"glsr-field-toggle\">\n    <span class=\"glsr-toggle\">\n        <label for=\"glsr_db7add49-terms-1\">Questa recensione si basa sulla mia esperienza personale ed esprime la mia opinione autentica.<\/label>\n        <span class=\"glsr-toggle-switch\">\n            <input type=\"checkbox\" class=\"glsr-input-toggle\" id=\"glsr_db7add49-terms-1\" name=\"site-reviews[terms]\" value=\"1\" \/> &#8203; <!-- zero-space character used for alignment -->\n            <span class=\"glsr-toggle-track\"><\/span>\n        <\/span>\n    <\/span>\n<\/span>\n    <div class=\"glsr-field-error\"><\/div>\n<\/div>\n        <div class=\"glsr-form-message\">\n    \n<\/div>\n        <div data-field=\"submit-button\">\n    <div class=\"wp-block-buttons is-layout-flex\">\n        <div class=\"wp-block-button\">\n            <button type=\"submit\" class=\"glsr-button wp-block-button__link wp-element-button\" aria-busy=\"false\" data-loading=\"Submitting, please wait...\">Invia recensione<\/button>\n        <\/div>\n    <\/div>\n<\/div>\n    <input type=\"hidden\" name=\"trp-form-language\" value=\"it\"\/><\/form>\n<\/div><\/div>\n\n\t\t<\/div>\n\t<\/div>\n<\/div><\/div><\/div><\/div><\/div><\/div><div class=\"vc_row wpb_row vc_inner vc_row-fluid vc_row_inner\"><div class=\"wpb_column vc_column_container vc_col-sm-12 vc_column_inner\"><div class=\"vc_column-inner\"><div class=\"wpb_wrapper\">\n\t<div class=\"wpb_text_column wpb_content_element  vc_column_text\" >\n\t\t<div class=\"wpb_wrapper\">\n\t\t\t<div class=\"glsr glsr-default\" id=\"glsr_794424f1\" data-from=\"shortcode\" data-shortcode=\"site_reviews\" data-display=\"10\" data-pagination=\"ajax\"><div class=\"glsr-reviews-wrap\">\n    <div class=\"glsr-reviews\">\n        <div class=\"glsr-review\" data-type=\"local\" id=\"review-7789\" data-assigned='[]'>\n    <div class=\"glsr-review-title\"><h4 class=\"glsr-tag-value\">\u041f\u043e\u043a\u0443\u043f\u043a\u0430<\/h4><\/div>\n    <div class=\"glsr-review-rating\"><div class=\"glsr-star-rating glsr-stars\" role=\"img\" aria-label=\"Valutato 5 stelle su 5\" data-rating=\"5\" data-reviews=\"0\"><span class=\"glsr-star glsr-star-full\" aria-hidden=\"true\"><\/span><span class=\"glsr-star glsr-star-full\" aria-hidden=\"true\"><\/span><span class=\"glsr-star glsr-star-full\" aria-hidden=\"true\"><\/span><span class=\"glsr-star glsr-star-full\" aria-hidden=\"true\"><\/span><span class=\"glsr-star glsr-star-full\" aria-hidden=\"true\"><\/span><\/div><\/div> <div class=\"glsr-review-date\"><span class=\"glsr-tag-value\">11 Agosto 2025 \u0433.<\/span><\/div>\n    \n    <div class=\"glsr-review-content\"><div class=\"glsr-tag-value\" data-expanded=\"false\"><p>La copia della copertina \u00e8 stata completata \u2014 e questo \u00e8 stato semplicemente!<\/p>\n<p>\u00c8 stato difficile trovare una soluzione a Dubae. Nessun agente Arjun di Alira Real Estate ha seguito un processo estremamente soddisfacente.<\/p>\n<p>I miei videoregistratori hanno pubblicato tutti i documenti per le prove e le prove online.<\/p>\n<p>Ci sono 2 mesi di carte in tutto l&#039;arco e tutto senza la mia attivit\u00e0 commerciale. Agenti speciali e agenti corretti. Il prossimo piano di acquisto \u00e8 un&#039;altra cosa che non puoi fare.<\/p>\n<\/div><\/div>\n     <div class=\"glsr-review-author\"><span class=\"glsr-tag-value\">\u0410\u043d\u0442\u043e\u043d<\/span><\/div> \n    \n<\/div>\n<div class=\"glsr-review\" data-type=\"local\" id=\"review-7787\" data-assigned='[]'>\n    <div class=\"glsr-review-title\"><h4 class=\"glsr-tag-value\">\u041f\u043e\u043a\u0443\u043f\u043a\u0430<\/h4><\/div>\n    <div class=\"glsr-review-rating\"><div class=\"glsr-star-rating glsr-stars\" role=\"img\" aria-label=\"Valutato 5 stelle su 5\" data-rating=\"5\" data-reviews=\"0\"><span class=\"glsr-star glsr-star-full\" aria-hidden=\"true\"><\/span><span class=\"glsr-star glsr-star-full\" aria-hidden=\"true\"><\/span><span class=\"glsr-star glsr-star-full\" aria-hidden=\"true\"><\/span><span class=\"glsr-star glsr-star-full\" aria-hidden=\"true\"><\/span><span class=\"glsr-star glsr-star-full\" aria-hidden=\"true\"><\/span><\/div><\/div> <div class=\"glsr-review-date\"><span class=\"glsr-tag-value\">11 Agosto 2025 \u0433.<\/span><\/div>\n    \n    <div class=\"glsr-review-content\"><div class=\"glsr-tag-value\" data-expanded=\"false\"><p>Spazibo \u0437\u0430 \u0447\u0435\u0441\u0442\u043d\u043e\u0441\u0442\u044c \u0438 \u043f\u043e\u0434\u0434\u0435\u0440\u0436\u043a\u0443!<\/p>\n<p>Mi sono rivolto a un agente che potrebbe farlo e Alira Real Estate ha scelto un ottimo affare. L&#039;agente non ha installato la mia nuova variante, ma si \u00e8 sempre occupata di vantaggi e svantaggi delle opzioni.<\/p>\n<p>Quando ho iniziato lo studio, ho fatto un salto con l&#039;astrografo e il controllo di questa tabella \u0441\u0434\u0435\u043b\u043a\u0438. Poi, dopo che i soldi si sono rivelati in tutti i miei problemi comunali e ho potuto, ho scoperto che non c&#039;era niente! Un buon consiglio \u00e8 un argomento importante che porta i detersivi a Dubae.<\/p>\n<\/div><\/div>\n     <div class=\"glsr-review-author\"><span class=\"glsr-tag-value\">\u0410\u043b\u0438\u043d\u0430<\/span><\/div> \n    \n<\/div>\n<div class=\"glsr-review\" data-type=\"local\" id=\"review-7785\" data-assigned='[]'>\n    <div class=\"glsr-review-title\"><h4 class=\"glsr-tag-value\">Acquisto appartamento<\/h4><\/div>\n    <div class=\"glsr-review-rating\"><div class=\"glsr-star-rating glsr-stars\" role=\"img\" aria-label=\"Valutato 5 stelle su 5\" data-rating=\"5\" data-reviews=\"0\"><span class=\"glsr-star glsr-star-full\" aria-hidden=\"true\"><\/span><span class=\"glsr-star glsr-star-full\" aria-hidden=\"true\"><\/span><span class=\"glsr-star glsr-star-full\" aria-hidden=\"true\"><\/span><span class=\"glsr-star glsr-star-full\" aria-hidden=\"true\"><\/span><span class=\"glsr-star glsr-star-full\" aria-hidden=\"true\"><\/span><\/div><\/div> <div class=\"glsr-review-date\"><span class=\"glsr-tag-value\">11 Agosto 2025 \u0433.<\/span><\/div>\n    \n    <div class=\"glsr-review-content\"><div class=\"glsr-tag-value\" data-expanded=\"false\"><p>Veloce, professionale e senza stress inutili<\/p>\n<p>Mi sono rivolta ad Alira Real Estate su consiglio di un&#039;amica e non me ne sono mai pentita! Sono stata seguita dall&#039;agente Lilia: \u00e8 stato un piacere interagire. Fin dal primo giorno, mi ha spiegato dettagliatamente tutte le fasi della transazione, ha valutato diverse opzioni in base al mio budget e mi ha aiutata con le pratiche burocratiche.<\/p>\n<p>La cosa pi\u00f9 bella \u00e8 che anche dopo l&#039;acquisto, Lilia non \u00e8 scomparsa: mi ha aiutato nella selezione degli inquilini e nella stipula del contratto. Ora il mio appartamento mi frutta un reddito fisso. Se cercate un agente immobiliare affidabile a Dubai, venite qui!<\/p>\n<\/div><\/div>\n     <div class=\"glsr-review-author\"><span class=\"glsr-tag-value\">Valeria<\/span><\/div> \n    \n<\/div>\n<div class=\"glsr-review\" data-type=\"local\" id=\"review-5802\" data-assigned='[]'>\n    <div class=\"glsr-review-title\"><h4 class=\"glsr-tag-value\">Arend\u00e0<\/h4><\/div>\n    <div class=\"glsr-review-rating\"><div class=\"glsr-star-rating glsr-stars\" role=\"img\" aria-label=\"Valutato 5 stelle su 5\" data-rating=\"5\" data-reviews=\"0\"><span class=\"glsr-star glsr-star-full\" aria-hidden=\"true\"><\/span><span class=\"glsr-star glsr-star-full\" aria-hidden=\"true\"><\/span><span class=\"glsr-star glsr-star-full\" aria-hidden=\"true\"><\/span><span class=\"glsr-star glsr-star-full\" aria-hidden=\"true\"><\/span><span class=\"glsr-star glsr-star-full\" aria-hidden=\"true\"><\/span><\/div><\/div> <div class=\"glsr-review-date\"><span class=\"glsr-tag-value\">10 ottobre 2024<\/span><\/div>\n    \n    <div class=\"glsr-review-content\"><div class=\"glsr-tag-value\" data-expanded=\"false\"><p>Poi ho scoperto che la custodia di Dubae nell&#039;arendu \u00e8 molto semplice. Non ho lavorato su di te, i tuoi appartamenti sono ideali per il mio viaggio<\/p>\n<p>Spasibo Naile \u00e8 stato felice con un nuovo lavoro.<\/p>\n<\/div><\/div>\n     <div class=\"glsr-review-author\"><span class=\"glsr-tag-value\">Anastasia<\/span><\/div> \n    \n<\/div>\n<div class=\"glsr-review\" data-type=\"local\" id=\"review-3834\" data-assigned='[]'>\n    <div class=\"glsr-review-title\"><h4 class=\"glsr-tag-value\">Affitto<\/h4><\/div>\n    <div class=\"glsr-review-rating\"><div class=\"glsr-star-rating glsr-stars\" role=\"img\" aria-label=\"Valutato 5 stelle su 5\" data-rating=\"5\" data-reviews=\"0\"><span class=\"glsr-star glsr-star-full\" aria-hidden=\"true\"><\/span><span class=\"glsr-star glsr-star-full\" aria-hidden=\"true\"><\/span><span class=\"glsr-star glsr-star-full\" aria-hidden=\"true\"><\/span><span class=\"glsr-star glsr-star-full\" aria-hidden=\"true\"><\/span><span class=\"glsr-star glsr-star-full\" aria-hidden=\"true\"><\/span><\/div><\/div> <div class=\"glsr-review-date\"><span class=\"glsr-tag-value\">13 Febbraio 2024<\/span><\/div>\n    \n    <div class=\"glsr-review-content\"><div class=\"glsr-tag-value\" data-expanded=\"false\"><p>Gli specialisti di Alira Real Estate ci hanno trovato rapidamente un&#039;ottima soluzione per un affitto annuale in centro. Vorrei esprimere un giudizio positivo sul lavoro di questa azienda in termini di rapporto qualit\u00e0\/prezzo\/velocit\u00e0 e sulla capacit\u00e0 di soddisfare le esigenze del cliente.<\/p>\n<\/div><\/div>\n     <div class=\"glsr-review-author\"><span class=\"glsr-tag-value\">Gioele<\/span><\/div> \n    \n<\/div>\n<div class=\"glsr-review\" data-type=\"local\" id=\"review-3690\" data-assigned='[]'>\n    <div class=\"glsr-review-title\"><h4 class=\"glsr-tag-value\">Acquisto appartamento<\/h4><\/div>\n    <div class=\"glsr-review-rating\"><div class=\"glsr-star-rating glsr-stars\" role=\"img\" aria-label=\"Valutato 5 stelle su 5\" data-rating=\"5\" data-reviews=\"0\"><span class=\"glsr-star glsr-star-full\" aria-hidden=\"true\"><\/span><span class=\"glsr-star glsr-star-full\" aria-hidden=\"true\"><\/span><span class=\"glsr-star glsr-star-full\" aria-hidden=\"true\"><\/span><span class=\"glsr-star glsr-star-full\" aria-hidden=\"true\"><\/span><span class=\"glsr-star glsr-star-full\" aria-hidden=\"true\"><\/span><\/div><\/div> <div class=\"glsr-review-date\"><span class=\"glsr-tag-value\">07 Febbraio 2024 \u0433.<\/span><\/div>\n    \n    <div class=\"glsr-review-content\"><div class=\"glsr-tag-value\" data-expanded=\"false\"><p>Abbiamo acquistato un appartamento con 2 camere da letto a JVC Binghatti Crest in fase off-plan. Gli specialisti di Alira Real Estate hanno fornito supporto completo per l&#039;acquisto, dalla scelta della zona, dell&#039;edificio, dell&#039;appartamento specifico, dei metodi di pagamento all&#039;accettazione dell&#039;appartamento e alla successiva ricezione delle chiavi.<\/p>\n<p>Le impressioni sono solo positive, lo consiglio a tutti!<\/p>\n<\/div><\/div>\n     <div class=\"glsr-review-author\"><span class=\"glsr-tag-value\">Alex<\/span><\/div> \n    \n<\/div>\n    <\/div>\n    \n<\/div><\/div>\n\n\t\t<\/div>\n\t<\/div>\n<\/div><\/div><\/div><\/div><\/div><\/div><\/div><\/div>\n<\/section>","protected":false},"excerpt":{"rendered":"Leave your feedback about working with our company. After moderation, the review will appear in this section. Add a review Your review Your overall rating Select a Rating5 Stars4 Stars3 Stars2 Stars1 Star Title of your review Your review Your name This review is based on my own experience and is my genuine opinion. &#8203; Submit Review \u041f\u043e\u043a\u0443\u043f\u043a\u0430 11 Agosto 2025 \u0433. \u041a\u0443\u043f\u0438\u043b \u043a\u0432\u0430\u0440\u0442\u0438\u0440\u0443 ...","protected":false},"author":1,"featured_media":0,"parent":0,"menu_order":0,"comment_status":"closed","ping_status":"closed","template":"","meta":{"inline_featured_image":false,"_glsr_average":0,"_glsr_ranking":0,"_glsr_reviews":0,"footnotes":""},"class_list":["post-2970","page","type-page","status-publish","hentry"],"yoast_head":"<!-- This site is optimized with the Yoast SEO Premium plugin v25.1 (Yoast SEO v25.6) - https:\/\/yoast.com\/wordpress\/plugins\/seo\/ -->\n<title>Reviews about Alira Real Estate Agency<\/title>\n<meta name=\"description\" content=\"Reviews about the work of Alira Real Estate Agency. \u27a4 Read and leave reviews on the website\" \/>\n<meta name=\"robots\" content=\"index, follow, max-snippet:-1, max-image-preview:large, max-video-preview:-1\" \/>\n<link rel=\"canonical\" href=\"https:\/\/alirarealestate.com\/it\/review\/\" \/>\n<meta property=\"og:locale\" content=\"it_IT\" \/>\n<meta property=\"og:type\" content=\"article\" \/>\n<meta property=\"og:title\" content=\"Testimonials\" \/>\n<meta property=\"og:description\" content=\"Reviews about the work of Alira Real Estate Agency. \u27a4 Read and leave reviews on the website\" \/>\n<meta property=\"og:url\" content=\"https:\/\/alirarealestate.com\/it\/review\/\" \/>\n<meta property=\"og:site_name\" content=\"Alira Real Estate - Real estate in the UAE\" \/>\n<meta property=\"article:modified_time\" content=\"2024-03-27T13:36:15+00:00\" \/>\n<meta name=\"twitter:card\" content=\"summary_large_image\" \/>\n<meta name=\"twitter:label1\" content=\"Tempo di lettura stimato\" \/>\n\t<meta name=\"twitter:data1\" content=\"1 minuto\" \/>\n<script type=\"application\/ld+json\" class=\"yoast-schema-graph\">{\"@context\":\"https:\/\/schema.org\",\"@graph\":[{\"@type\":\"WebPage\",\"@id\":\"https:\/\/alirarealestate.com\/it\/review\/\",\"url\":\"https:\/\/alirarealestate.com\/it\/review\/\",\"name\":\"Reviews about Alira Real Estate Agency\",\"isPartOf\":{\"@id\":\"https:\/\/alirarealestate.com\/it\/#website\"},\"datePublished\":\"2024-01-29T20:58:30+00:00\",\"dateModified\":\"2024-03-27T13:36:15+00:00\",\"description\":\"Reviews about the work of Alira Real Estate Agency. \u27a4 Read and leave reviews on the website\",\"breadcrumb\":{\"@id\":\"https:\/\/alirarealestate.com\/it\/review\/#breadcrumb\"},\"inLanguage\":\"it-IT\",\"potentialAction\":[{\"@type\":\"ReadAction\",\"target\":[\"https:\/\/alirarealestate.com\/it\/review\/\"]}]},{\"@type\":\"BreadcrumbList\",\"@id\":\"https:\/\/alirarealestate.com\/it\/review\/#breadcrumb\",\"itemListElement\":[{\"@type\":\"ListItem\",\"position\":1,\"name\":\"Home\",\"item\":\"https:\/\/alirarealestate.com\/\"},{\"@type\":\"ListItem\",\"position\":2,\"name\":\"Testimonials\"}]},{\"@type\":\"WebSite\",\"@id\":\"https:\/\/alirarealestate.com\/it\/#website\",\"url\":\"https:\/\/alirarealestate.com\/it\/\",\"name\":\"Alira Real Estate - Real estate in the UAE\",\"description\":\"\",\"potentialAction\":[{\"@type\":\"SearchAction\",\"target\":{\"@type\":\"EntryPoint\",\"urlTemplate\":\"https:\/\/alirarealestate.com\/it\/?s={search_term_string}\"},\"query-input\":{\"@type\":\"PropertyValueSpecification\",\"valueRequired\":true,\"valueName\":\"search_term_string\"}}],\"inLanguage\":\"it-IT\"}]}<\/script>\n<!-- \/ Yoast SEO Premium plugin. -->","yoast_head_json":{"title":"Reviews about Alira Real Estate Agency","description":"Reviews about the work of Alira Real Estate Agency. \u27a4 Read and leave reviews on the website","robots":{"index":"index","follow":"follow","max-snippet":"max-snippet:-1","max-image-preview":"max-image-preview:large","max-video-preview":"max-video-preview:-1"},"canonical":"https:\/\/alirarealestate.com\/it\/review\/","og_locale":"it_IT","og_type":"article","og_title":"Testimonials","og_description":"Reviews about the work of Alira Real Estate Agency. \u27a4 Read and leave reviews on the website","og_url":"https:\/\/alirarealestate.com\/it\/review\/","og_site_name":"Alira Real Estate - Real estate in the UAE","article_modified_time":"2024-03-27T13:36:15+00:00","twitter_card":"summary_large_image","twitter_misc":{"Tempo di lettura stimato":"1 minuto"},"schema":{"@context":"https:\/\/schema.org","@graph":[{"@type":"WebPage","@id":"https:\/\/alirarealestate.com\/it\/review\/","url":"https:\/\/alirarealestate.com\/it\/review\/","name":"Reviews about Alira Real Estate Agency","isPartOf":{"@id":"https:\/\/alirarealestate.com\/it\/#website"},"datePublished":"2024-01-29T20:58:30+00:00","dateModified":"2024-03-27T13:36:15+00:00","description":"Reviews about the work of Alira Real Estate Agency. \u27a4 Read and leave reviews on the website","breadcrumb":{"@id":"https:\/\/alirarealestate.com\/it\/review\/#breadcrumb"},"inLanguage":"it-IT","potentialAction":[{"@type":"ReadAction","target":["https:\/\/alirarealestate.com\/it\/review\/"]}]},{"@type":"BreadcrumbList","@id":"https:\/\/alirarealestate.com\/it\/review\/#breadcrumb","itemListElement":[{"@type":"ListItem","position":1,"name":"Home","item":"https:\/\/alirarealestate.com\/"},{"@type":"ListItem","position":2,"name":"Testimonials"}]},{"@type":"WebSite","@id":"https:\/\/alirarealestate.com\/it\/#website","url":"https:\/\/alirarealestate.com\/it\/","name":"Alira Real Estate - Real estate in the UAE","description":"","potentialAction":[{"@type":"SearchAction","target":{"@type":"EntryPoint","urlTemplate":"https:\/\/alirarealestate.com\/it\/?s={search_term_string}"},"query-input":{"@type":"PropertyValueSpecification","valueRequired":true,"valueName":"search_term_string"}}],"inLanguage":"it-IT"}]}},"_links":{"self":[{"href":"https:\/\/alirarealestate.com\/it\/wp-json\/wp\/v2\/pages\/2970"}],"collection":[{"href":"https:\/\/alirarealestate.com\/it\/wp-json\/wp\/v2\/pages"}],"about":[{"href":"https:\/\/alirarealestate.com\/it\/wp-json\/wp\/v2\/types\/page"}],"author":[{"embeddable":true,"href":"https:\/\/alirarealestate.com\/it\/wp-json\/wp\/v2\/users\/1"}],"replies":[{"embeddable":true,"href":"https:\/\/alirarealestate.com\/it\/wp-json\/wp\/v2\/comments?post=2970"}],"version-history":[{"count":1,"href":"https:\/\/alirarealestate.com\/it\/wp-json\/wp\/v2\/pages\/2970\/revisions"}],"predecessor-version":[{"id":4149,"href":"https:\/\/alirarealestate.com\/it\/wp-json\/wp\/v2\/pages\/2970\/revisions\/4149"}],"wp:attachment":[{"href":"https:\/\/alirarealestate.com\/it\/wp-json\/wp\/v2\/media?parent=2970"}],"curies":[{"name":"wp","href":"https:\/\/api.w.org\/{rel}","templated":true}]}}