{"id":486,"date":"2023-10-24T20:10:21","date_gmt":"2023-10-24T17:10:21","guid":{"rendered":"https:\/\/alirarealestate.com\/?page_id=486"},"modified":"2026-03-28T00:55:01","modified_gmt":"2026-03-27T21:55:01","slug":"rental-property","status":"publish","type":"page","link":"https:\/\/alirarealestate.com\/fr\/services\/rental-property\/","title":{"rendered":"Services de consultation pour la location immobili\u00e8re"},"content":{"rendered":"<section class=\"wpb-content-wrapper\"><div class=\"vc_row wpb_row vc_row-fluid vc_row\"><div class=\"wpb_column vc_column_container vc_col-sm-12 vc_column\"><div class=\"vc_column-inner\"><div class=\"wpb_wrapper\"><div class=\"vc_row wpb_row vc_inner vc_row-fluid vc_row_inner\"><div class=\"wpb_column vc_column_container vc_col-sm-8 vc_column_inner\"><div class=\"vc_column-inner\"><div class=\"wpb_wrapper\">\n\t<div class=\"wpb_text_column wpb_content_element  vc_column_text\" >\n\t\t<div class=\"wpb_wrapper\">\n\t\t\t<p>Le rendement locatif \u00e0 Duba\u00ef peut d\u00e9pendre de divers facteurs, notamment du type de bien, de son emplacement, de la taille et de l&#039;\u00e9tat du bien, ainsi que de l&#039;\u00e9tat actuel du march\u00e9 immobilier. En g\u00e9n\u00e9ral, les rendements locatifs \u00e0 Duba\u00ef varient g\u00e9n\u00e9ralement entre 5% et 7% par an, mais peuvent \u00eatre plus \u00e9lev\u00e9s en fonction de ces facteurs.<\/p>\n<p>La location de biens r\u00e9sidentiels tels que des appartements ou des villas peut fournir un revenu stable, en particulier dans les zones populaires dot\u00e9es de bonnes infrastructures et \u00e0 proximit\u00e9 des principales commodit\u00e9s. Certaines zones telles que le centre-ville de Duba\u00ef, la marina de Duba\u00ef, Palm Jumeirah et Emirates Hills peuvent offrir des rendements locatifs plus \u00e9lev\u00e9s.<\/p>\n<p>Les biens commerciaux tels que les bureaux, les magasins ou les restaurants peuvent \u00e9galement \u00eatre rentables, surtout s&#039;ils sont situ\u00e9s dans un quartier d&#039;affaires central ou \u00e0 proximit\u00e9 de sites touristiques et d&#039;affaires. Cependant, le rendement locatif de l&#039;immobilier commercial peut varier et d\u00e9pendre de la demande de locaux commerciaux et des conditions actuelles du march\u00e9.<\/p>\n<p>Il est important de noter qu&#039;il s&#039;agit d&#039;informations g\u00e9n\u00e9rales et que les rendements locatifs peuvent varier en fonction de conditions sp\u00e9cifiques et de situations individuelles. Lorsque vous d\u00e9cidez d&#039;investir dans des propri\u00e9t\u00e9s locatives \u00e0 Duba\u00ef, il est recommand\u00e9 de mener une \u00e9tude de march\u00e9 plus d\u00e9taill\u00e9e et de consulter des professionnels du secteur.<\/p>\n<p>Les sp\u00e9cialistes de l&#039;agence ALIRA vous accompagnent dans vos d\u00e9marches li\u00e9es \u00e0 la location immobili\u00e8re. Appelez-nous\u00a0<a href=\"tel: 971588337903\">+971 58 833 7903<\/a>\u00a0ou remplissez la demande dans le formulaire de contact ci-dessous.<\/p>\n\n\t\t<\/div>\n\t<\/div>\n<\/div><\/div><\/div><div class=\"wpb_column vc_column_container vc_col-sm-4 vc_col-xs-12 vc_column_inner\"><div class=\"vc_column-inner\"><div class=\"wpb_wrapper\">\n\t<div  class=\"wpb_single_image wpb_content_element vc_align_center  vc_custom_1698671966429  img-border vc_single_image\">\n\t\t\n\t\t<figure class=\"wpb_wrapper vc_figure\">\n\t\t\t<div class=\"vc_single_image-wrapper   vc_box_border_grey\"><img fetchpriority=\"high\" decoding=\"async\" width=\"277\" height=\"400\" src=\"https:\/\/alirarealestate.com\/wp-content\/uploads\/2023\/10\/arenda-nedvizhimosti.png?v=1702929790\" class=\"vc_single_image-img attachment-full\" alt=\"\" title=\"\" srcset=\"https:\/\/alirarealestate.com\/wp-content\/uploads\/2023\/10\/arenda-nedvizhimosti.png?v=1702929790 277w, https:\/\/alirarealestate.com\/wp-content\/uploads\/2023\/10\/arenda-nedvizhimosti-208x300.png?v=1702929790 208w, https:\/\/alirarealestate.com\/wp-content\/uploads\/2023\/10\/arenda-nedvizhimosti-8x12.png?v=1702929790 8w\" sizes=\"(max-width: 277px) 100vw, 277px\" \/><\/div>\n\t\t<\/figure>\n\t<\/div>\n<\/div><\/div><\/div><\/div><\/div><\/div><\/div><\/div><div class=\"vc_row wpb_row vc_row-fluid vc_row\"><div class=\"wpb_column vc_column_container vc_col-sm-12 vc_column\"><div class=\"vc_column-inner\"><div class=\"wpb_wrapper\"><div class=\"vc_separator wpb_content_element vc_separator_align_center vc_sep_width_100 vc_sep_pos_align_center vc_separator_no_text vc_custom_1698669371537  vc_custom_1698669371537 vc_separator vc_text_separator\" ><span class=\"vc_sep_holder vc_sep_holder_l\"><span style=\"border-color:rgb(75,77,101);border-color:rgba(75,77,101,0.1);\" class=\"vc_sep_line\"><\/span><\/span><span class=\"vc_sep_holder vc_sep_holder_r\"><span style=\"border-color:rgb(75,77,101);border-color:rgba(75,77,101,0.1);\" class=\"vc_sep_line\"><\/span><\/span>\n<\/div><\/div><\/div><\/div><\/div><div class=\"vc_row wpb_row vc_row-fluid vc_row\"><div class=\"wpb_column vc_column_container vc_col-sm-12 vc_column\"><div class=\"vc_column-inner\"><div class=\"wpb_wrapper\"><div class=\"templatera_shortcode\"><div id=\"form-konsult\" class=\"vc_row wpb_row vc_row-fluid vc_custom_1698509413444 vc_row\"><div class=\"wpb_column vc_column_container vc_col-sm-12 vc_column\"><div class=\"vc_column-inner\"><div class=\"wpb_wrapper\">\n\t<div class=\"wpb_raw_code wpb_content_element wpb_raw_html h2-box h2-bf text-center vc_raw_html\" >\n\t\t<div class=\"wpb_wrapper\">\n\t\t\t<h2>Obtenir une consultation<\/h2>\n<div class=\"h2-sub\">Remplissez le formulaire de contact et notre expert vous contactera pour une consultation gratuite<\/div>\n\t\t<\/div>\n\t<\/div>\n<div class=\"vc_row wpb_row vc_inner vc_row-fluid vc_row_inner\"><div class=\"wpb_column vc_column_container vc_col-sm-12 vc_column_inner\"><div class=\"vc_column-inner\"><div class=\"wpb_wrapper\">\n<div class=\"wpcf7 no-js\" id=\"wpcf7-f94-o1\" lang=\"ru-RU\" dir=\"ltr\" data-wpcf7-id=\"94\">\n<div class=\"screen-reader-response\"><p role=\"status\" aria-live=\"polite\" aria-atomic=\"true\"><\/p> <ul><\/ul><\/div>\n<form action=\"\/fr\/wp-json\/wp\/v2\/pages\/486#wpcf7-f94-o1\" method=\"post\" class=\"wpcf7-form init\" aria-label=\"Formulaire de contact\" novalidate=\"novalidate\" data-status=\"init\" data-trp-original-action=\"\/fr\/wp-json\/wp\/v2\/pages\/486#wpcf7-f94-o1\">\n<div style=\"display: none;\">\n<input type=\"hidden\" name=\"_wpcf7\" value=\"94\" \/>\n<input type=\"hidden\" name=\"_wpcf7_version\" value=\"6.0.6\" \/>\n<input type=\"hidden\" name=\"_wpcf7_locale\" value=\"ru_RU\" \/>\n<input type=\"hidden\" name=\"_wpcf7_unit_tag\" value=\"wpcf7-f94-o1\" \/>\n<input type=\"hidden\" name=\"_wpcf7_container_post\" value=\"0\" \/>\n<input type=\"hidden\" name=\"_wpcf7_posted_data_hash\" value=\"\" \/>\n<\/div>\n<div class=\"form1\">\n<div class=\"form-col fc0\">\n<img decoding=\"async\" src=\"\/wp-content\/uploads\/2023\/10\/foto-lilija.jpg\" width=\"220\" height=\"220\" class=\"form-img\">\n<div class=\"ex-fi\">Lilia Ibragimova<\/div>\n<div class=\"ex-inf\">Expert immobilier<\/div>\n<\/div>\n<div class=\"form-col fc1\">\n<div class=\"box-name\"><div class=\"form-label\">Votre nom<\/div>\n<span class=\"wpcf7-form-control-wrap\" data-name=\"your-name\"><input size=\"40\" maxlength=\"400\" class=\"wpcf7-form-control wpcf7-text wpcf7-validates-as-required\" aria-required=\"true\" aria-invalid=\"false\" value=\"\" type=\"text\" name=\"your-name\" \/><\/span><\/div>\n<div class=\"box-tel\"><div class=\"form-label\">Num\u00e9ro de t\u00e9l\u00e9phone (avec l&#039;indicatif du pays)<\/div>\n<span class=\"wpcf7-form-control-wrap\" data-name=\"your-tel\"><input size=\"40\" maxlength=\"400\" class=\"wpcf7-form-control wpcf7-text wpcf7-validates-as-required\" aria-required=\"true\" aria-invalid=\"false\" value=\"\" type=\"text\" name=\"your-tel\" \/><\/span><\/div>\n<div class=\"box-date\"><div class=\"form-label\">Date convenable<\/div>\n<span class=\"wpcf7-form-control-wrap\" data-name=\"your-date\"><input class=\"wpcf7-form-control wpcf7-date wpcf7-validates-as-required wpcf7-validates-as-date\" min=\"2026-04-19\" aria-required=\"true\" aria-invalid=\"false\" value=\"2026-04-19\" type=\"date\" name=\"your-date\" \/><\/span><\/div>\n<div class=\"box-time\"><div class=\"form-label\">Heure d&#039;appel pr\u00e9f\u00e9r\u00e9e (heure des \u00c9mirats arabes unis)<\/div>\n<span class=\"wpcf7-form-control-wrap\" data-name=\"your-time\"><select class=\"wpcf7-form-control wpcf7-select wpcf7-validates-as-required\" aria-required=\"true\" aria-invalid=\"false\" name=\"your-time\"><option value=\"\">S\u00e9lectionnez l&#039;heure<\/option><option value=\"09:00\">09:00<\/option><option value=\"10:00\">10:00<\/option><option value=\"11:00\">11:00<\/option><option value=\"12:00\">12:00<\/option><option value=\"13:00\">13:00<\/option><option value=\"14:00\">14:00<\/option><option value=\"15:00\">15:00<\/option><option value=\"16:00\">16:00<\/option><option value=\"17:00\">17:00<\/option><option value=\"18:00\">18:00<\/option><\/select><\/span><\/div>\n<div class=\"box-comment\"><div class=\"form-label\">Commentaire sur l&#039;application<\/div>\n<span class=\"wpcf7-form-control-wrap\" data-name=\"textarea-278\"><textarea cols=\"40\" rows=\"5\" maxlength=\"2000\" class=\"wpcf7-form-control wpcf7-textarea\" aria-invalid=\"false\" name=\"textarea-278\"><\/textarea><\/span><\/div>\n<input class=\"wpcf7-form-control wpcf7-submit has-spinner\" type=\"submit\" value=\"Envoyer une demande\" \/>\n<\/div>\n<\/div><input type='hidden' class='wpcf7-pum' value='{\"closepopup\":false,\"closedelay\":0,\"openpopup\":false,\"openpopup_id\":0}' \/><div class=\"wpcf7-response-output\" aria-hidden=\"true\"><\/div>\n<input type=\"hidden\" name=\"trp-form-language\" value=\"fr\"\/><\/form>\n<\/div>\n<\/div><\/div><\/div><\/div><\/div><\/div><\/div><\/div><\/div><\/div><\/div><\/div><\/div>\n<\/section>","protected":false},"excerpt":{"rendered":"Le rendement locatif \u00e0 Duba\u00ef peut d\u00e9pendre de divers facteurs, notamment du type de propri\u00e9t\u00e9, de son emplacement, de la taille et de l&#039;\u00e9tat de la propri\u00e9t\u00e9, ainsi que de l&#039;\u00e9tat actuel du march\u00e9 immobilier. En g\u00e9n\u00e9ral, les rendements locatifs \u00e0 Duba\u00ef varient g\u00e9n\u00e9ralement entre 5% et 7% par an, mais peuvent \u00eatre plus \u00e9lev\u00e9s en fonction de ces facteurs. La location de propri\u00e9t\u00e9s r\u00e9sidentielles telles que des appartements ou des villas peut offrir une...","protected":false},"author":1,"featured_media":0,"parent":466,"menu_order":0,"comment_status":"closed","ping_status":"closed","template":"","meta":{"inline_featured_image":false,"_glsr_average":0,"_glsr_ranking":0,"_glsr_reviews":0,"footnotes":""},"class_list":["post-486","page","type-page","status-publish","hentry"],"yoast_head":"<!-- This site is optimized with the Yoast SEO Premium plugin v25.1 (Yoast SEO v25.6) - https:\/\/yoast.com\/wordpress\/plugins\/seo\/ -->\n<title>Consulting Services for Property Rental in the UAE - Alira<\/title>\n<meta name=\"description\" content=\"Alira Real Estate Agency provides comprehensive assistance for property rentals in the UAE. \u27a4 Details on the website\" \/>\n<meta name=\"robots\" content=\"index, follow, max-snippet:-1, max-image-preview:large, max-video-preview:-1\" \/>\n<link rel=\"canonical\" href=\"https:\/\/alirarealestate.com\/fr\/services\/rental-property\/\" \/>\n<meta property=\"og:locale\" content=\"fr_FR\" \/>\n<meta property=\"og:type\" content=\"article\" \/>\n<meta property=\"og:title\" content=\"Consulting Services for Property Rental\" \/>\n<meta property=\"og:description\" content=\"Alira Real Estate Agency provides comprehensive assistance for property rentals in the UAE. \u27a4 Details on the website\" \/>\n<meta property=\"og:url\" content=\"https:\/\/alirarealestate.com\/fr\/services\/rental-property\/\" \/>\n<meta property=\"og:site_name\" content=\"Alira Real Estate - Real estate in the UAE\" \/>\n<meta property=\"article:modified_time\" content=\"2026-03-27T21:55:01+00:00\" \/>\n<meta name=\"twitter:card\" content=\"summary_large_image\" \/>\n<meta name=\"twitter:label1\" content=\"Dur\u00e9e de lecture estim\u00e9e\" \/>\n\t<meta name=\"twitter:data1\" content=\"2 minutes\" \/>\n<script type=\"application\/ld+json\" class=\"yoast-schema-graph\">{\"@context\":\"https:\/\/schema.org\",\"@graph\":[{\"@type\":\"WebPage\",\"@id\":\"https:\/\/alirarealestate.com\/fr\/services\/rental-property\/\",\"url\":\"https:\/\/alirarealestate.com\/fr\/services\/rental-property\/\",\"name\":\"Consulting Services for Property Rental in the UAE - Alira\",\"isPartOf\":{\"@id\":\"https:\/\/alirarealestate.com\/fr\/#website\"},\"datePublished\":\"2023-10-24T17:10:21+00:00\",\"dateModified\":\"2026-03-27T21:55:01+00:00\",\"description\":\"Alira Real Estate Agency provides comprehensive assistance for property rentals in the UAE. \u27a4 Details on the website\",\"breadcrumb\":{\"@id\":\"https:\/\/alirarealestate.com\/fr\/services\/rental-property\/#breadcrumb\"},\"inLanguage\":\"fr-FR\",\"potentialAction\":[{\"@type\":\"ReadAction\",\"target\":[\"https:\/\/alirarealestate.com\/fr\/services\/rental-property\/\"]}]},{\"@type\":\"BreadcrumbList\",\"@id\":\"https:\/\/alirarealestate.com\/fr\/services\/rental-property\/#breadcrumb\",\"itemListElement\":[{\"@type\":\"ListItem\",\"position\":1,\"name\":\"Home\",\"item\":\"https:\/\/alirarealestate.com\/\"},{\"@type\":\"ListItem\",\"position\":2,\"name\":\"Services\",\"item\":\"https:\/\/alirarealestate.com\/services\/\"},{\"@type\":\"ListItem\",\"position\":3,\"name\":\"Consulting Services for Property Rental\"}]},{\"@type\":\"WebSite\",\"@id\":\"https:\/\/alirarealestate.com\/fr\/#website\",\"url\":\"https:\/\/alirarealestate.com\/fr\/\",\"name\":\"Alira Real Estate - Real estate in the UAE\",\"description\":\"\",\"potentialAction\":[{\"@type\":\"SearchAction\",\"target\":{\"@type\":\"EntryPoint\",\"urlTemplate\":\"https:\/\/alirarealestate.com\/fr\/?s={search_term_string}\"},\"query-input\":{\"@type\":\"PropertyValueSpecification\",\"valueRequired\":true,\"valueName\":\"search_term_string\"}}],\"inLanguage\":\"fr-FR\"}]}<\/script>\n<!-- \/ Yoast SEO Premium plugin. -->","yoast_head_json":{"title":"Consulting Services for Property Rental in the UAE - Alira","description":"Alira Real Estate Agency provides comprehensive assistance for property rentals in the UAE. \u27a4 Details on the website","robots":{"index":"index","follow":"follow","max-snippet":"max-snippet:-1","max-image-preview":"max-image-preview:large","max-video-preview":"max-video-preview:-1"},"canonical":"https:\/\/alirarealestate.com\/fr\/services\/rental-property\/","og_locale":"fr_FR","og_type":"article","og_title":"Consulting Services for Property Rental","og_description":"Alira Real Estate Agency provides comprehensive assistance for property rentals in the UAE. \u27a4 Details on the website","og_url":"https:\/\/alirarealestate.com\/fr\/services\/rental-property\/","og_site_name":"Alira Real Estate - Real estate in the UAE","article_modified_time":"2026-03-27T21:55:01+00:00","twitter_card":"summary_large_image","twitter_misc":{"Dur\u00e9e de lecture estim\u00e9e":"2 minutes"},"schema":{"@context":"https:\/\/schema.org","@graph":[{"@type":"WebPage","@id":"https:\/\/alirarealestate.com\/fr\/services\/rental-property\/","url":"https:\/\/alirarealestate.com\/fr\/services\/rental-property\/","name":"Consulting Services for Property Rental in the UAE - Alira","isPartOf":{"@id":"https:\/\/alirarealestate.com\/fr\/#website"},"datePublished":"2023-10-24T17:10:21+00:00","dateModified":"2026-03-27T21:55:01+00:00","description":"Alira Real Estate Agency provides comprehensive assistance for property rentals in the UAE. \u27a4 Details on the website","breadcrumb":{"@id":"https:\/\/alirarealestate.com\/fr\/services\/rental-property\/#breadcrumb"},"inLanguage":"fr-FR","potentialAction":[{"@type":"ReadAction","target":["https:\/\/alirarealestate.com\/fr\/services\/rental-property\/"]}]},{"@type":"BreadcrumbList","@id":"https:\/\/alirarealestate.com\/fr\/services\/rental-property\/#breadcrumb","itemListElement":[{"@type":"ListItem","position":1,"name":"Home","item":"https:\/\/alirarealestate.com\/"},{"@type":"ListItem","position":2,"name":"Services","item":"https:\/\/alirarealestate.com\/services\/"},{"@type":"ListItem","position":3,"name":"Consulting Services for Property Rental"}]},{"@type":"WebSite","@id":"https:\/\/alirarealestate.com\/fr\/#website","url":"https:\/\/alirarealestate.com\/fr\/","name":"Alira Real Estate - Real estate in the UAE","description":"","potentialAction":[{"@type":"SearchAction","target":{"@type":"EntryPoint","urlTemplate":"https:\/\/alirarealestate.com\/fr\/?s={search_term_string}"},"query-input":{"@type":"PropertyValueSpecification","valueRequired":true,"valueName":"search_term_string"}}],"inLanguage":"fr-FR"}]}},"_links":{"self":[{"href":"https:\/\/alirarealestate.com\/fr\/wp-json\/wp\/v2\/pages\/486"}],"collection":[{"href":"https:\/\/alirarealestate.com\/fr\/wp-json\/wp\/v2\/pages"}],"about":[{"href":"https:\/\/alirarealestate.com\/fr\/wp-json\/wp\/v2\/types\/page"}],"author":[{"embeddable":true,"href":"https:\/\/alirarealestate.com\/fr\/wp-json\/wp\/v2\/users\/1"}],"replies":[{"embeddable":true,"href":"https:\/\/alirarealestate.com\/fr\/wp-json\/wp\/v2\/comments?post=486"}],"version-history":[{"count":1,"href":"https:\/\/alirarealestate.com\/fr\/wp-json\/wp\/v2\/pages\/486\/revisions"}],"predecessor-version":[{"id":8867,"href":"https:\/\/alirarealestate.com\/fr\/wp-json\/wp\/v2\/pages\/486\/revisions\/8867"}],"up":[{"embeddable":true,"href":"https:\/\/alirarealestate.com\/fr\/wp-json\/wp\/v2\/pages\/466"}],"wp:attachment":[{"href":"https:\/\/alirarealestate.com\/fr\/wp-json\/wp\/v2\/media?parent=486"}],"curies":[{"name":"wp","href":"https:\/\/api.w.org\/{rel}","templated":true}]}}