{"id":4393,"date":"2024-04-18T10:17:40","date_gmt":"2024-04-18T07:17:40","guid":{"rendered":"https:\/\/alirarealestate.com\/rent\/dubai\/apartments\/studios\/"},"modified":"2024-06-01T18:21:59","modified_gmt":"2024-06-01T15:21:59","slug":"studios","status":"publish","type":"page","link":"https:\/\/alirarealestate.com\/fr\/rent\/dubai\/studios\/","title":{"rendered":"Location de studio \u00e0 Duba\u00ef"},"content":{"rendered":"<section class=\"wpb-content-wrapper\"><div class=\"vc_row wpb_row vc_row-fluid vc_row\"><div class=\"wpb_column vc_column_container vc_col-sm-12 vc_column\"><div class=\"vc_column-inner\"><div class=\"wpb_wrapper\"><h2 class=\"shortcode_title_adv\"><\/h2><div class=\"advanced_search_shortcode\" id=\"advanced_search_shortcode\">\n        <form role=\"search\" method=\"get\"   action=\"https:\/\/alirarealestate.com\/fr\/projects\/\" data-trp-original-action=\"https:\/\/alirarealestate.com\/fr\/projects\/\" ><div class=\"col-md-3 cities\"><div class=\"dropdown form-control listing_filter_select\">\n        <div data-toggle=\"dropdown\" id=\"shortcode-advanced_city\" class=\"filter_menu_trigger\" xxmaca cacaall all cities data-value=\"all\">Toutes les villes\n            <span class=\"caret  caret_filter\"><\/span>\n            <\/div> <input type=\"hidden\" name=\"advanced_city\" value=\"\">\n                <ul  id=\"shortcode-adv-search-city\" class=\"dropdown-menu filter_menu\" role=\"menu\" aria-labelledby=\"shortcode-advanced_city\">\n                    <li role=\"presentation\" data-value=\"all\" data-value2=\"all\">Villes<\/li><li role=\"presentation\" data-value=\"abu-dhabi\" data-value2=\"abu-dhabi\" data-parentcounty=\"uae\">Abou Dhabi<\/li><li role=\"presentation\" data-value=\"ajman\" data-value2=\"ajman\" data-parentcounty=\"uae\">Ajman<\/li><li role=\"presentation\" data-value=\"al-quwain\" data-value2=\"al-quwain\" data-parentcounty=\"\">Al Quwain<\/li><li role=\"presentation\" data-value=\"dubai\" data-value2=\"dubai\" data-parentcounty=\"uae\">Duba\u00ef<\/li><li role=\"presentation\" data-value=\"fujairah\" data-value2=\"fujairah\" data-parentcounty=\"uae\">Fuja\u00efrah<\/li><li role=\"presentation\" data-value=\"ras-al-khaimah\" data-value2=\"ras-al-khaimah\" data-parentcounty=\"uae\">Ras el-Kha\u00efmah<\/li><li role=\"presentation\" data-value=\"sharjah\" data-value2=\"sharjah\" data-parentcounty=\"uae\">Charjah<\/li><li role=\"presentation\" data-value=\"yas-island\" data-value2=\"yas-island\" data-parentcounty=\"\">\u00cele de Yas<\/li>\n                <\/ul>\n            <\/div><\/div><div class=\"col-md-3 types\"><div class=\"dropdown form-control listing_filter_select\">\n        <div data-toggle=\"dropdown\" id=\"shortcode-adv_actions\" class=\"filter_menu_trigger\" xxmaca cacaall all transaction types data-value=\"all\">Tous les types de transactions\n            <span class=\"caret  caret_filter\"><\/span>\n            <\/div> <input type=\"hidden\" name=\"filter_search_action[]\" value=\"\">\n                <ul  id=\"shortcode-actionslist\" class=\"dropdown-menu filter_menu\" role=\"menu\" aria-labelledby=\"shortcode-adv_actions\">\n                     <li role=\"presentation\" data-value=\"all\">Tous les types de transactions<\/li><li role=\"presentation\" data-value=\"rent\">Louer<\/li><li role=\"presentation\" data-value=\"sale\">Vente<\/li>\n                <\/ul>\n            <\/div><\/div><div class=\"col-md-3 categories\"><div class=\"dropdown form-control listing_filter_select\">\n        <div data-toggle=\"dropdown\" id=\"shortcode-adv_categ\" class=\"filter_menu_trigger\" xxmaca cacaall all property types data-value=\"all\">Tous les types de biens\n            <span class=\"caret  caret_filter\"><\/span>\n            <\/div> <input type=\"hidden\" name=\"filter_search_type[]\" value=\"\">\n                <ul  id=\"shortcode-categlist\" class=\"dropdown-menu filter_menu\" role=\"menu\" aria-labelledby=\"shortcode-adv_categ\">\n                    <li role=\"presentation\" data-value=\"all\">Tous les types de biens<\/li><li role=\"presentation\" data-value=\"kvartira\">Appartement<\/li><li role=\"presentation\" data-value=\"shale\">Chalet<\/li><li role=\"presentation\" data-value=\"kommercheskaja-nedvizhimost\">Immobilier commercial<\/li><li role=\"presentation\" data-value=\"duplex\">Duplex<\/li><li role=\"presentation\" data-value=\"lands\">Terres<\/li><li role=\"presentation\" data-value=\"penthaus\">Penthouse<\/li><li role=\"presentation\" data-value=\"taunhaus\">Maison de ville<\/li><li role=\"presentation\" data-value=\"villa\">Villa<\/li>\n                <\/ul>\n            <\/div><\/div><div class=\"col-md-3 areas\"><div class=\"dropdown form-control listing_filter_select\">\n        <div data-toggle=\"dropdown\" id=\"shortcode-advanced_area\" class=\"filter_menu_trigger\" xxmaca cacaall all areas data-value=\"all\">Toutes les zones\n            <span class=\"caret  caret_filter\"><\/span>\n            <\/div> <input type=\"hidden\" name=\"advanced_area\" value=\"\">\n                <ul  id=\"shortcode-adv-search-area\" class=\"dropdown-menu filter_menu\" role=\"menu\" aria-labelledby=\"shortcode-advanced_area\">\n                    <li role=\"presentation\" data-value=\"all\">Toutes les zones<\/li><li role=\"presentation\" data-value=\"al-barsha\" data-parentcity=\"dubai\">Al Barsha<\/li><li role=\"presentation\" data-value=\"al-furjan\" data-parentcity=\"\">Al-Furjan<\/li><li role=\"presentation\" data-value=\"al-marjan-island\" data-parentcity=\"ras-al-khaimah\">L&#039;\u00eele d&#039;Al Marjan<\/li><li role=\"presentation\" data-value=\"al-qudra\" data-parentcity=\"\">Al Qudra<\/li><li role=\"presentation\" data-value=\"al-reem\" data-parentcity=\"abu-dhabi\">L&#039;\u00eele d&#039;Al Reem<\/li><li role=\"presentation\" data-value=\"al-safa\" data-parentcity=\"dubai\">Al Safa<\/li><li role=\"presentation\" data-value=\"arjan\" data-parentcity=\"dubai\">Arjan<\/li><li role=\"presentation\" data-value=\"business-bay\" data-parentcity=\"dubai\">Baie d&#039;affaires<\/li><li role=\"presentation\" data-value=\"city-walk\" data-parentcity=\"dubai\">Promenade en ville<\/li><li role=\"presentation\" data-value=\"damac-lagoons\" data-parentcity=\"dubai\">Lagunes de Damac<\/li><li role=\"presentation\" data-value=\"downtown\" data-parentcity=\"dubai\">Centre-ville de Duba\u00ef<\/li><li role=\"presentation\" data-value=\"ds0\" data-parentcity=\"\">DS0<\/li><li role=\"presentation\" data-value=\"dso\"     data-parentcity=\"\" >- DSO<\/li><li role=\"presentation\" data-value=\"dubai\" data-parentcity=\"\">Duba\u00ef<\/li><li role=\"presentation\" data-value=\"dubai-canal\" data-parentcity=\"dubai\">Canal de Duba\u00ef<\/li><li role=\"presentation\" data-value=\"dubai-creek-harbour\" data-parentcity=\"dubai\">Port de la crique de Duba\u00ef<\/li><li role=\"presentation\" data-value=\"dubai-harbor\" data-parentcity=\"dubai\">Port de Duba\u00ef<\/li><li role=\"presentation\" data-value=\"dubai-harbour\" data-parentcity=\"\">Port de Duba\u00ef<\/li><li role=\"presentation\" data-value=\"dubai-hills-estate\" data-parentcity=\"dubai\">Domaine de Dubai Hills<\/li><li role=\"presentation\" data-value=\"dubai-international-marine-club\" data-parentcity=\"dubai\">Club marin international de Duba\u00ef<\/li><li role=\"presentation\" data-value=\"dubai-internet-city\" data-parentcity=\"dubai\">La Cit\u00e9 Internet de Duba\u00ef<\/li><li role=\"presentation\" data-value=\"dubai-islands\" data-parentcity=\"\">\u00celes de Duba\u00ef<\/li><li role=\"presentation\" data-value=\"dubai-land\" data-parentcity=\"dubai\">Terrain de Duba\u00ef<\/li><li role=\"presentation\" data-value=\"dubai-marina\" data-parentcity=\"dubai\">Marina de Duba\u00ef<\/li><li role=\"presentation\" data-value=\"dubai-maritime-city\" data-parentcity=\"dubai\">Cit\u00e9 maritime de Duba\u00ef<\/li><li role=\"presentation\" data-value=\"dubai-silicon-oasis\" data-parentcity=\"\">Oasis de silicium de Duba\u00ef<\/li><li role=\"presentation\" data-value=\"dubai-south\" data-parentcity=\"dubai\">Duba\u00ef Sud<\/li><li role=\"presentation\" data-value=\"al-hamra\" data-parentcity=\"dubai\">Village de Hamra<\/li><li role=\"presentation\" data-value=\"property-in-hayat-island\" data-parentcity=\"ras-al-khaimah\">L&#039;\u00eele de Hayat<\/li><li role=\"presentation\" data-value=\"jbr\" data-parentcity=\"\">JBR<\/li><li role=\"presentation\" data-value=\"jebel-ali\" data-parentcity=\"\">Jebel Ali<\/li><li role=\"presentation\" data-value=\"jlt\" data-parentcity=\"dubai\">JLT<\/li><li role=\"presentation\" data-value=\"jumeirah-golf-estates\" data-parentcity=\"dubai\">Domaines de golf de Jumeirah<\/li><li role=\"presentation\" data-value=\"jumeirah-village-circle-jvc\" data-parentcity=\"dubai\">JVC (Jumeirah Village Circle)<\/li><li role=\"presentation\" data-value=\"jumeirah-village-triangle-jvt\" data-parentcity=\"dubai\">JVT (Triangle du village de Jumeirah)<\/li><li role=\"presentation\" data-value=\"madinat-jumeirah-living\" data-parentcity=\"dubai\">Vivre \u00e0 Madinat Jumeirah<\/li><li role=\"presentation\" data-value=\"mbr\" data-parentcity=\"dubai\">MBR<\/li><li role=\"presentation\" data-value=\"meydan-dubai\" data-parentcity=\"dubai\">Meydan Duba\u00ef<\/li><li role=\"presentation\" data-value=\"mina-al-arab\" data-parentcity=\"ras-al-khaimah\">Mina Al Arab<\/li><li role=\"presentation\" data-value=\"nad-al-sheba\" data-parentcity=\"dubai\">Nad Al-Sheba<\/li><li role=\"presentation\" data-value=\"jumeirah\" data-parentcity=\"dubai\">Palm Jumeirah<\/li><li role=\"presentation\" data-value=\"palm-jumeirah\" data-parentcity=\"dubai\">Palm Jumeirah<\/li><li role=\"presentation\" data-value=\"port-de-la-mer\" data-parentcity=\"dubai\">Port de la Mer<\/li><li role=\"presentation\" data-value=\"port-rashid-dubai\" data-parentcity=\"dubai\">Port-Rached<\/li><li role=\"presentation\" data-value=\"rashid-yachts-amp-marina\" data-parentcity=\"dubai\">Rashid Yachts &amp; Marina<\/li><li role=\"presentation\" data-value=\"saadiyat-island\" data-parentcity=\"abu-dhabi\">\u00cele de Saadiyat<\/li><li role=\"presentation\" data-value=\"al-shahama\" data-parentcity=\"abu-dhabi\">Shahama<\/li><li role=\"presentation\" data-value=\"siniya-island\" data-parentcity=\"ras-al-khaimah\">\u00cele de Siniya<\/li><li role=\"presentation\" data-value=\"sobha-hartland\" data-parentcity=\"dubai\">Sobha Hartland<\/li><li role=\"presentation\" data-value=\"sobha-hartland-ii\" data-parentcity=\"dubai\">Sobha Hartland II<\/li><li role=\"presentation\" data-value=\"the-oasis-palmeira\" data-parentcity=\"dubai\">L&#039;Oasis Palmeira<\/li><li role=\"presentation\" data-value=\"the-valley-dubai\" data-parentcity=\"dubai\">La Vall\u00e9e de Duba\u00ef<\/li><li role=\"presentation\" data-value=\"tilal-al-ghaf-dubai\" data-parentcity=\"dubai\">Tilal Al Ghaf Duba\u00ef<\/li><li role=\"presentation\" data-value=\"two-infinity-pools\" data-parentcity=\"\">Deux piscines \u00e0 d\u00e9bordement<\/li><li role=\"presentation\" data-value=\"uptown-dubai\" data-parentcity=\"dubai\">Centre-ville de Duba\u00ef<\/li><li role=\"presentation\" data-value=\"yas-island\" data-parentcity=\"abu-dhabi\">\u00cele de Yas<\/li>\n                <\/ul>\n            <\/div><\/div><div class=\"col-md-3 property_price\"><input type=\"text\" id=\"min-price\"  name=\"min-price\" placeholder=\"Prix minimum\" value=\"\" class=\"advanced_select form-control\" \/><\/div><div class=\"col-md-3 property_price\"><input type=\"text\" id=\"max-price\"  name=\"max-price\" placeholder=\"Prix maximum\" value=\"\" class=\"advanced_select form-control\" \/><\/div><div class=\"col-md-3 number-of-room\"><div class=\"dropdown form-control listing_filter_select\">\n        <div data-toggle=\"dropdown\" id=\"shortcode-number-of-bedrooms\" class=\"filter_menu_trigger\" xx maca cacaall number of bedrooms data-value=\"all\">Nombre de chambres\n            <span class=\"caret  caret_filter\"><\/span>\n            <\/div> <input type=\"hidden\" doithere name=\"number-of-bedrooms\" value=\"\">\n                <ul  id=\"shortcode-number-of-bedrooms\" class=\"dropdown-menu filter_menu\" role=\"menu\" aria-labelledby=\"shortcode-number-of-bedrooms\">\n                     <li role=\"presentation\" data-value=\"all\">Nombre de chambres<\/li><li role=\"presentation\" data-value=\"Studio\">Studio<\/li><li role=\"presentation\" data-value=\"1\">1<\/li><li role=\"presentation\" data-value=\"2\">2<\/li><li role=\"presentation\" data-value=\"3\">3<\/li><li role=\"presentation\" data-value=\"4\">4<\/li><li role=\"presentation\" data-value=\"5\">5<\/li><li role=\"presentation\" data-value=\"6\">6<\/li>\n                <\/ul>\n            <\/div><\/div><div class=\"col-md-3 COMPLEXES\"><div class=\"dropdown form-control listing_filter_select\">\n        <div data-toggle=\"dropdown\" id=\"shortcode-complexes\" class=\"filter_menu_trigger\" xx maca cacaall complexes data-value=\"all\">Complexes\n            <span class=\"caret  caret_filter\"><\/span>\n            <\/div> <input type=\"hidden\" doithere name=\"complexes\" value=\"\">\n                <ul  id=\"shortcode-complexes\" class=\"dropdown-menu filter_menu\" role=\"menu\" aria-labelledby=\"shortcode-complexes\">\n                     <li role=\"presentation\" data-value=\"all\">Complexes<\/li><li role=\"presentation\" data-value=\"AZIZI Riviera\">AZIZI Riviera<\/li><li role=\"presentation\" data-value=\"Address Residences Jumeirah Resort\">Adresse R\u00e9sidences Jumeirah Resort<\/li><li role=\"presentation\" data-value=\"Azizi Aura\">Azizi Aura<\/li><li role=\"presentation\" data-value=\"Azizi Beach Oasis\">Oasis de la plage d&#039;Azizi<\/li><li role=\"presentation\" data-value=\"Azizi Creek Views\">Vues sur le ruisseau Azizi<\/li><li role=\"presentation\" data-value=\"Azizi Daisy\">Marguerite Azizi<\/li><li role=\"presentation\" data-value=\"Azizi Fawad Residence\">R\u00e9sidence Azizi Fawad<\/li><li role=\"presentation\" data-value=\"Azizi Freesia\">Freesia Azizi<\/li><li role=\"presentation\" data-value=\"Azizi Grand\">Azizi Grand<\/li><li role=\"presentation\" data-value=\"Azizi Mina\">Azizi Mina<\/li><li role=\"presentation\" data-value=\"Azizi Park Avenue\">Avenue du parc Azizi<\/li><li role=\"presentation\" data-value=\"Azizi Plaza\">Place Azizi<\/li><li role=\"presentation\" data-value=\"Azizi Riviera Reve\">Azizi Riviera Reve<\/li><li role=\"presentation\" data-value=\"Azizi Royal Bay\">Azizi Royal Bay<\/li><li role=\"presentation\" data-value=\"Azizi Samia\">Azizi Samia<\/li><li role=\"presentation\" data-value=\"Azizi Shaista\">Azizi Shaista<\/li><li role=\"presentation\" data-value=\"Azizi Star\">\u00c9toile Azizi<\/li><li role=\"presentation\" data-value=\"Azizi Tulip Residence\">R\u00e9sidence Azizi Tulip<\/li><li role=\"presentation\" data-value=\"Azizi Vista\">Vue d&#039;Azizi<\/li><li role=\"presentation\" data-value=\"Azizi Yasamine\">Azizi Yasamine<\/li><li role=\"presentation\" data-value=\"Belgravia Heights\">Belgravia Heights<\/li><li role=\"presentation\" data-value=\"Binghatti Crescent\">Croissant Binghatti<\/li><li role=\"presentation\" data-value=\"Binghatti Crest\">Cr\u00eate de Binghatti<\/li><li role=\"presentation\" data-value=\"Binghatti Nova\">Binghatti Nova<\/li><li role=\"presentation\" data-value=\"Binghatti Onyx\">Onyx de Binghatti<\/li><li role=\"presentation\" data-value=\"Bulgari Resort &amp; Residences\">Bulgari Resort &amp; Residences<\/li><li role=\"presentation\" data-value=\"Candace Acacia\">Candace Acacia<\/li><li role=\"presentation\" data-value=\"Damac Bay By Cavalli\">Baie de Damac par Cavalli<\/li><li role=\"presentation\" data-value=\"Keturah Reserve\">R\u00e9serve de Ketura<\/li><li role=\"presentation\" data-value=\"Marina Gate\">Porte de la Marina<\/li><li role=\"presentation\" data-value=\"Marina Gate 3 Jumeirah\">Marina Gate 3 Jumeirah<\/li><li role=\"presentation\" data-value=\"Mercedes-Benz Places by Binghatti Properties\">Lieux Mercedes-Benz par Binghatti Properties<\/li><li role=\"presentation\" data-value=\"One Park Avenue\">Avenue One Park<\/li><li role=\"presentation\" data-value=\"Pacific\">Pacifique<\/li><li role=\"presentation\" data-value=\"Peninsula by Select Group\">P\u00e9ninsule par Select Group<\/li><li role=\"presentation\" data-value=\"Royal Atlantis\">Atlantide royale<\/li><li role=\"presentation\" data-value=\"SLS Residences Palm\">R\u00e9sidences SLS Palm<\/li><li role=\"presentation\" data-value=\"Sobha &#039;S&#039; Tower\">Tour Sobha &#039;S&#039;<\/li><li role=\"presentation\" data-value=\"Sobha Creek Vistas\">Vues sur le ruisseau Sobha<\/li><li role=\"presentation\" data-value=\"Sobha Crest Grande\">Grande cr\u00eate de Sobha<\/li><li role=\"presentation\" data-value=\"Sobha Daffodil\">Jonquille Sobha<\/li><li role=\"presentation\" data-value=\"Sobha Hartland Greens\">Les Verts de Sobha Hartland<\/li><li role=\"presentation\" data-value=\"Sobha Marina\">Port de plaisance de Sobha<\/li><li role=\"presentation\" data-value=\"Sobha Royal Pavilion\">Pavillon royal Sobha<\/li><li role=\"presentation\" data-value=\"Sobha Sapphire\">Saphir Sobha<\/li><li role=\"presentation\" data-value=\"Sobha SeaHavens\">Havres de la mer de Sobha<\/li><li role=\"presentation\" data-value=\"Sobha Town Park\">Parc municipal de Sobha<\/li><li role=\"presentation\" data-value=\"Sobha Waves Opulence\">L&#039;opulence des vagues de Sobha<\/li><li role=\"presentation\" data-value=\"Sobha Waves\">Vagues de Sobha<\/li><li role=\"presentation\" data-value=\"The Crest Sobha\">Le Crest Sobha<\/li><li role=\"presentation\" data-value=\"Verde By Sobha\">Vert par Sobha<\/li><li role=\"presentation\" data-value=\"Zada Tower\">Tour Zada<\/li>\n                <\/ul>\n            <\/div><\/div><div class=\"col-md-3 submit\">\n            <button class=\"wpresidence_button\" id=\"advanced_submit_shorcode\">Recherch\u00e9<\/button>\n        <input type=\"hidden\" id=\"wpestate_regular_search_nonce\" name=\"wpestate_regular_search_nonce\" value=\"3029f85581\" \/><input type=\"hidden\" name=\"_wp_http_referer\" value=\"\/fr\/wp-json\/wp\/v2\/pages\/4393\" \/>\n        <\/div>\n\n    <input type=\"hidden\" name=\"trp-form-language\" value=\"fr\"\/><\/form>\n<\/div><\/div><\/div><\/div><\/div>\n<\/section>","protected":false},"excerpt":{"rendered":"Toutes les villes VillesAbu DhabiAjmanAl QuwainDuba\u00efFujairahRas Al-KhaimahSharjah\u00cele de Yas Tous les types de transaction Tous les types de transactionLouerVente Tous les types de propri\u00e9t\u00e9 Tous les types de propri\u00e9t\u00e9AppartementChaletImmobilier commercialDuplexTerrainsPenthouseMaison de villeVilla Toutes les zones Toutes les zonesAl BarshaAl FurjanAl Marjan IslandAl QudraAl Reem IslandAl SafaArjanBusiness BayCity WalkDamac LagonsCentre-ville de Duba\u00efDS0- DSODuba\u00efCanal de Duba\u00efPort de Duba\u00ef CreekPort de Duba\u00efPort de Duba\u00efDuba\u00ef Hills EstateDubai International Marine ClubDuba\u00ef Internet City\u00celes de Duba\u00efDuba\u00ef TerreMarina de Duba\u00efVille maritime de Duba\u00efDubai Silicon OasisDuba\u00ef SudVillage Hamra\u00cele HayatJBRJebel AliJLTJumeirah Golf EstatesJVC (Jumeirah ...","protected":false},"author":1,"featured_media":0,"parent":4391,"menu_order":0,"comment_status":"closed","ping_status":"closed","template":"advanced_search_results.php","meta":{"inline_featured_image":false,"_glsr_average":0,"_glsr_ranking":0,"_glsr_reviews":0,"footnotes":""},"class_list":["post-4393","page","type-page","status-publish","hentry"],"yoast_head":"<!-- This site is optimized with the Yoast SEO Premium plugin v25.1 (Yoast SEO v25.6) - https:\/\/yoast.com\/wordpress\/plugins\/seo\/ -->\n<title>Studio rental in Dubai - Alira Real Estate - Real estate in the UAE<\/title>\n<meta name=\"robots\" content=\"index, follow, max-snippet:-1, max-image-preview:large, max-video-preview:-1\" \/>\n<link rel=\"canonical\" href=\"https:\/\/alirarealestate.com\/fr\/rent\/dubai\/studios\/\" \/>\n<meta property=\"og:locale\" content=\"fr_FR\" \/>\n<meta property=\"og:type\" content=\"article\" \/>\n<meta property=\"og:title\" content=\"Studio rental in Dubai\" \/>\n<meta property=\"og:url\" content=\"https:\/\/alirarealestate.com\/fr\/rent\/dubai\/studios\/\" \/>\n<meta property=\"og:site_name\" content=\"Alira Real Estate - Real estate in the UAE\" \/>\n<meta property=\"article:modified_time\" content=\"2024-06-01T15:21:59+00:00\" \/>\n<meta name=\"twitter:card\" content=\"summary_large_image\" \/>\n<meta name=\"twitter:label1\" content=\"Dur\u00e9e de lecture estim\u00e9e\" \/>\n\t<meta name=\"twitter:data1\" content=\"1 minute\" \/>\n<script type=\"application\/ld+json\" class=\"yoast-schema-graph\">{\"@context\":\"https:\/\/schema.org\",\"@graph\":[{\"@type\":\"WebPage\",\"@id\":\"https:\/\/alirarealestate.com\/fr\/rent\/dubai\/studios\/\",\"url\":\"https:\/\/alirarealestate.com\/fr\/rent\/dubai\/studios\/\",\"name\":\"Studio rental in Dubai - Alira Real Estate - Real estate in the UAE\",\"isPartOf\":{\"@id\":\"https:\/\/alirarealestate.com\/fr\/#website\"},\"datePublished\":\"2024-04-18T07:17:40+00:00\",\"dateModified\":\"2024-06-01T15:21:59+00:00\",\"breadcrumb\":{\"@id\":\"https:\/\/alirarealestate.com\/fr\/rent\/dubai\/studios\/#breadcrumb\"},\"inLanguage\":\"fr-FR\",\"potentialAction\":[{\"@type\":\"ReadAction\",\"target\":[\"https:\/\/alirarealestate.com\/fr\/rent\/dubai\/studios\/\"]}]},{\"@type\":\"BreadcrumbList\",\"@id\":\"https:\/\/alirarealestate.com\/fr\/rent\/dubai\/studios\/#breadcrumb\",\"itemListElement\":[{\"@type\":\"ListItem\",\"position\":1,\"name\":\"Home\",\"item\":\"https:\/\/alirarealestate.com\/\"},{\"@type\":\"ListItem\",\"position\":2,\"name\":\"Rental Property\",\"item\":\"https:\/\/alirarealestate.com\/rent\/\"},{\"@type\":\"ListItem\",\"position\":3,\"name\":\"Property for rent in Dubai\",\"item\":\"https:\/\/alirarealestate.com\/rent\/dubai\/\"},{\"@type\":\"ListItem\",\"position\":4,\"name\":\"Studio rental in Dubai\"}]},{\"@type\":\"WebSite\",\"@id\":\"https:\/\/alirarealestate.com\/fr\/#website\",\"url\":\"https:\/\/alirarealestate.com\/fr\/\",\"name\":\"Alira Real Estate - Real estate in the UAE\",\"description\":\"\",\"potentialAction\":[{\"@type\":\"SearchAction\",\"target\":{\"@type\":\"EntryPoint\",\"urlTemplate\":\"https:\/\/alirarealestate.com\/fr\/?s={search_term_string}\"},\"query-input\":{\"@type\":\"PropertyValueSpecification\",\"valueRequired\":true,\"valueName\":\"search_term_string\"}}],\"inLanguage\":\"fr-FR\"}]}<\/script>\n<!-- \/ Yoast SEO Premium plugin. -->","yoast_head_json":{"title":"Studio rental in Dubai - Alira Real Estate - Real estate in the UAE","robots":{"index":"index","follow":"follow","max-snippet":"max-snippet:-1","max-image-preview":"max-image-preview:large","max-video-preview":"max-video-preview:-1"},"canonical":"https:\/\/alirarealestate.com\/fr\/rent\/dubai\/studios\/","og_locale":"fr_FR","og_type":"article","og_title":"Studio rental in Dubai","og_url":"https:\/\/alirarealestate.com\/fr\/rent\/dubai\/studios\/","og_site_name":"Alira Real Estate - Real estate in the UAE","article_modified_time":"2024-06-01T15:21:59+00:00","twitter_card":"summary_large_image","twitter_misc":{"Dur\u00e9e de lecture estim\u00e9e":"1 minute"},"schema":{"@context":"https:\/\/schema.org","@graph":[{"@type":"WebPage","@id":"https:\/\/alirarealestate.com\/fr\/rent\/dubai\/studios\/","url":"https:\/\/alirarealestate.com\/fr\/rent\/dubai\/studios\/","name":"Studio rental in Dubai - Alira Real Estate - Real estate in the UAE","isPartOf":{"@id":"https:\/\/alirarealestate.com\/fr\/#website"},"datePublished":"2024-04-18T07:17:40+00:00","dateModified":"2024-06-01T15:21:59+00:00","breadcrumb":{"@id":"https:\/\/alirarealestate.com\/fr\/rent\/dubai\/studios\/#breadcrumb"},"inLanguage":"fr-FR","potentialAction":[{"@type":"ReadAction","target":["https:\/\/alirarealestate.com\/fr\/rent\/dubai\/studios\/"]}]},{"@type":"BreadcrumbList","@id":"https:\/\/alirarealestate.com\/fr\/rent\/dubai\/studios\/#breadcrumb","itemListElement":[{"@type":"ListItem","position":1,"name":"Home","item":"https:\/\/alirarealestate.com\/"},{"@type":"ListItem","position":2,"name":"Rental Property","item":"https:\/\/alirarealestate.com\/rent\/"},{"@type":"ListItem","position":3,"name":"Property for rent in Dubai","item":"https:\/\/alirarealestate.com\/rent\/dubai\/"},{"@type":"ListItem","position":4,"name":"Studio rental in Dubai"}]},{"@type":"WebSite","@id":"https:\/\/alirarealestate.com\/fr\/#website","url":"https:\/\/alirarealestate.com\/fr\/","name":"Alira Real Estate - Real estate in the UAE","description":"","potentialAction":[{"@type":"SearchAction","target":{"@type":"EntryPoint","urlTemplate":"https:\/\/alirarealestate.com\/fr\/?s={search_term_string}"},"query-input":{"@type":"PropertyValueSpecification","valueRequired":true,"valueName":"search_term_string"}}],"inLanguage":"fr-FR"}]}},"_links":{"self":[{"href":"https:\/\/alirarealestate.com\/fr\/wp-json\/wp\/v2\/pages\/4393"}],"collection":[{"href":"https:\/\/alirarealestate.com\/fr\/wp-json\/wp\/v2\/pages"}],"about":[{"href":"https:\/\/alirarealestate.com\/fr\/wp-json\/wp\/v2\/types\/page"}],"author":[{"embeddable":true,"href":"https:\/\/alirarealestate.com\/fr\/wp-json\/wp\/v2\/users\/1"}],"replies":[{"embeddable":true,"href":"https:\/\/alirarealestate.com\/fr\/wp-json\/wp\/v2\/comments?post=4393"}],"version-history":[{"count":1,"href":"https:\/\/alirarealestate.com\/fr\/wp-json\/wp\/v2\/pages\/4393\/revisions"}],"predecessor-version":[{"id":5185,"href":"https:\/\/alirarealestate.com\/fr\/wp-json\/wp\/v2\/pages\/4393\/revisions\/5185"}],"up":[{"embeddable":true,"href":"https:\/\/alirarealestate.com\/fr\/wp-json\/wp\/v2\/pages\/4391"}],"wp:attachment":[{"href":"https:\/\/alirarealestate.com\/fr\/wp-json\/wp\/v2\/media?parent=4393"}],"curies":[{"name":"wp","href":"https:\/\/api.w.org\/{rel}","templated":true}]}}