{"id":4384,"date":"2024-04-18T10:17:40","date_gmt":"2024-04-18T07:17:40","guid":{"rendered":"https:\/\/alirarealestate.com\/developers\/damac\/"},"modified":"2024-10-27T19:13:39","modified_gmt":"2024-10-27T16:13:39","slug":"damac","status":"publish","type":"page","link":"https:\/\/alirarealestate.com\/fr\/developers\/damac\/","title":{"rendered":"Groupe Damac"},"content":{"rendered":"<section class=\"wpb-content-wrapper\"><div class=\"vc_row wpb_row vc_row-fluid vc_row\"><div class=\"wpb_column vc_column_container vc_col-sm-12 vc_column\"><div class=\"vc_column-inner\"><div class=\"wpb_wrapper\">\n\t<div  class=\"wpb_single_image wpb_content_element vc_align_center  vc_single_image\">\n\t\t\n\t\t<figure class=\"wpb_wrapper vc_figure\">\n\t\t\t<div class=\"vc_single_image-wrapper   vc_box_border_grey\"><img fetchpriority=\"high\" decoding=\"async\" width=\"1000\" height=\"255\" src=\"https:\/\/alirarealestate.com\/wp-content\/uploads\/2024\/05\/damac_logo.png\" class=\"vc_single_image-img attachment-full\" alt=\"\" title=\"Logo DAMAC\" srcset=\"https:\/\/alirarealestate.com\/wp-content\/uploads\/2024\/05\/damac_logo.png 1000w, https:\/\/alirarealestate.com\/wp-content\/uploads\/2024\/05\/damac_logo-300x77.png 300w, https:\/\/alirarealestate.com\/wp-content\/uploads\/2024\/05\/damac_logo-768x196.png 768w, https:\/\/alirarealestate.com\/wp-content\/uploads\/2024\/05\/damac_logo-18x5.png 18w\" sizes=\"(max-width: 1000px) 100vw, 1000px\" \/><\/div>\n\t\t<\/figure>\n\t<\/div>\n<\/div><\/div><\/div><\/div><div class=\"vc_row wpb_row vc_row-fluid vc_row\"><div class=\"wpb_column vc_column_container vc_col-sm-12 vc_column\"><div class=\"vc_column-inner\"><div class=\"wpb_wrapper\">\n\t<div class=\"wpb_text_column wpb_content_element  vc_column_text\" >\n\t\t<div class=\"wpb_wrapper\">\n\t\t\t<p><span style=\"font-weight: 400;\">Depuis 1982, DAMAC a connu une croissance exponentielle et dispose aujourd&#039;hui d&#039;un portefeuille impressionnant comprenant des projets immobiliers d&#039;\u00e9lite, une activit\u00e9 h\u00f4teli\u00e8re, des centres de traitement de donn\u00e9es, des commerces de d\u00e9tail, de la mode et des march\u00e9s financiers. L&#039;entreprise a jou\u00e9 un r\u00f4le important dans la transformation des villes du Moyen-Orient, en particulier \u00e0 Duba\u00ef, o\u00f9 elle est devenue un promoteur majeur. Le portefeuille comprend plus de 75 tours, dont une vingtaine sont \u00e0 divers stades de planification et de d\u00e9veloppement. DAMAC promeut activement la croissance des investissements et un style de vie luxueux aux \u00c9mirats arabes unis.<\/span><\/p>\n<p>&nbsp;<\/p>\n<h2><b>Avantages de l&#039;entreprise<\/b><\/h2>\n<p><span style=\"font-weight: 400;\">DAMAC attire les investisseurs par son engagement en mati\u00e8re de qualit\u00e9 et d&#039;innovation. Les caract\u00e9ristiques notables de l&#039;entreprise sont les suivantes :<\/span><\/p>\n<p>&nbsp;<\/p>\n<ul>\n<li style=\"font-weight: 400;\" aria-level=\"1\"><span style=\"font-weight: 400;\">Capacit\u00e9 \u00e0 cr\u00e9er des monuments immobiliers embl\u00e9matiques ;<\/span><\/li>\n<li style=\"font-weight: 400;\" aria-level=\"1\"><span style=\"font-weight: 400;\">Des projets qui se distinguent par leur design et leur grandeur architecturale ;<\/span><\/li>\n<li style=\"font-weight: 400;\" aria-level=\"1\"><span style=\"font-weight: 400;\">Une large gamme de biens immobiliers (villas, appartements, penthouses, immeubles commerciaux modernes) ;<\/span><\/li>\n<li style=\"font-weight: 400;\" aria-level=\"1\"><span style=\"font-weight: 400;\">Collaboration avec des marques de mode renomm\u00e9es ;<\/span><\/li>\n<li style=\"font-weight: 400;\" aria-level=\"1\"><span style=\"font-weight: 400;\">Une approche \u00e9l\u00e9gante pour cr\u00e9er des r\u00e9sidences de signature\u00a0;<\/span><\/li>\n<li style=\"font-weight: 400;\" aria-level=\"1\"><span style=\"font-weight: 400;\">\u00c9l\u00e9ments de design qui mettent l&#039;accent sur l&#039;exclusivit\u00e9 et le prestige.<\/span><\/li>\n<\/ul>\n<p><span style=\"font-weight: 400;\">Damac utilise les meilleurs mat\u00e9riaux, embauche des artisans qualifi\u00e9s et met en \u0153uvre des technologies de pointe pour garantir des normes \u00e9lev\u00e9es. L&#039;attention aux d\u00e9tails et une planification minutieuse sont les principes cl\u00e9s du promoteur, ce qui donne lieu \u00e0 des espaces r\u00e9sidentiels exceptionnels.<\/span><\/p>\n\n\t\t<\/div>\n\t<\/div>\n<\/div><\/div><\/div><\/div><div class=\"vc_row wpb_row vc_row-fluid vc_row\"><div class=\"wpb_column vc_column_container vc_col-sm-12 vc_column\"><div class=\"vc_column-inner\"><div class=\"wpb_wrapper\">\n\t<div class=\"wpb_text_column wpb_content_element  vc_column_text\" >\n\t\t<div class=\"wpb_wrapper\">\n\t\t\t<h2><b>Principaux complexes DAMAC aux \u00c9mirats arabes unis<\/b><\/h2>\n<p><span style=\"font-weight: 400;\">La nature en constante \u00e9volution du march\u00e9 immobilier de Duba\u00ef offre des propri\u00e9t\u00e9s populaires \u00e0 vendre aux \u00c9mirats arabes unis aupr\u00e8s du groupe DAMAC. Des appartements et des villas pr\u00eats \u00e0 emm\u00e9nager vous permettent de profiter d&#039;un style de vie luxueux.<\/span><\/p>\n<p>&nbsp;<\/p>\n<ul>\n<li><strong>Lagons de DAMAC<\/strong><\/li>\n<\/ul>\n<p><span style=\"font-weight: 400;\"><a href=\"https:\/\/alirarealestate.com\/fr\/catalog\/buy\/dubai\/damac-lagoons\/\">LAGUNES DE DAMAC<\/a> Damac Lagoons se compose exclusivement de villas et de maisons, chacune avec son propre jardin. Le point fort est les grands lagons artificiels aux eaux cristallines. Damac Lagoons se compose de 8 groupes diff\u00e9rents : Venise, Maroc, Portofino, Costa Brava, Nice, Malte, Santorin et Andalousie.<\/span><\/p>\n<p>Chaque complexe se concentre sur diverses activit\u00e9s de divertissement, des loisirs actifs \u00e0 la d\u00e9tente. L&#039;offre est compl\u00e9t\u00e9e par un grand centre commercial avec boutiques, restaurants et caf\u00e9s. Le co\u00fbt des villas \u00e0 Damac Lagoons est inf\u00e9rieur \u00e0 celui d&#039;autres complexes situ\u00e9s dans un endroit similaire, ce qui signifie un excellent rapport qualit\u00e9-prix.<\/p>\n<p>&nbsp;<\/p>\n<ul>\n<li><strong>Collines de DAMAC<\/strong><\/li>\n<\/ul>\n<p><span style=\"font-weight: 400;\">Le promoteur DAMAC dispose d&#039;un parcours de golf de classe mondiale, d&#039;un club avec une piscine luxueuse, d&#039;un court de tennis et d&#039;une salle de sport. Le quartier compte plusieurs restaurants et caf\u00e9s offrant une vari\u00e9t\u00e9 d&#039;options de restauration. Pour les familles avec enfants, il existe plusieurs \u00e9coles et jardins d&#039;enfants. Vous avez \u00e0 votre disposition <a href=\"https:\/\/alirarealestate.com\/fr\/catalog\/buy\/dubai\/damac-hills\/\">villas, maisons de ville, appartements \u00e0 vendre<\/a>, des centres de divertissement et commerciaux et l&#039;h\u00f4tel Radisson.<\/span><\/p>\n<p>&nbsp;<\/p>\n<ul>\n<li><strong>Collines de DAMAC 2<\/strong><\/li>\n<\/ul>\n<p><span style=\"font-weight: 400;\">Damac Hills 2, inspir\u00e9 par l&#039;eau, le sport et le divertissement, offre un espace de vie id\u00e9al pour tous les \u00e2ges \u00e0 un prix abordable. Des appartements, des maisons de ville et des villas soigneusement con\u00e7us sont entour\u00e9s d&#039;attractions et d&#039;\u00e9quipements.<\/span><\/p>\n<p><span style=\"font-weight: 400;\">En plus des nouveaut\u00e9s du quartier, on y trouve un centre communautaire avec un supermarch\u00e9, des food trucks, des restaurants, une clinique, un commissariat de police et des centres gouvernementaux. Les prix varient de 350 000 \u00e0 12 millions de dirhams.<\/span><\/p>\n<p>&nbsp;<\/p>\n<ul>\n<li><strong>Tour Cavalli<\/strong><\/li>\n<\/ul>\n<p><span style=\"font-weight: 400;\">DAMAC Properties a con\u00e7u la premi\u00e8re tour r\u00e9sidentielle sous le <a href=\"https:\/\/alirarealestate.com\/ru\/projects\/damac-bay-by-cavalli\/\">Cavalli<\/a> Maison de couture de luxe. Situ\u00e9e dans le c\u00e9l\u00e8bre quartier d&#039;Al Sufouh \u00e0 Jumeirah. Ce chef-d&#039;\u0153uvre de 70 \u00e9tages a \u00e9t\u00e9 con\u00e7u par un cabinet d&#039;architectes renomm\u00e9 et n&#039;est accessible qu&#039;\u00e0 quelques personnes exigeantes.<\/span><\/p>\n<p><span style=\"font-weight: 400;\">Vues 24h\/24 sur le Palm, le Burj Al Arab et les gratte-ciel de Duba\u00ef. Des installations aquatiques incomparables, dont une plage et des piscines priv\u00e9es. Les appartements de 1, 2 et 3 chambres, ainsi que les appartements, sont compl\u00e9t\u00e9s par des \u00e9quipements haut de gamme. Ce complexe de luxe propose une cuisine au 58e \u00e9tage servie par des chefs renomm\u00e9s.<\/span><\/p>\n<p>&nbsp;<\/p>\n<h2><b>Prix DAMAC<\/b><\/h2>\n<p><span style=\"font-weight: 400;\">L&#039;immobilier \u00e0 Duba\u00ef de DAMAC est soutenu par plus de 100 prix internationaux et des partenariats avec des marques telles que Versace et Roberto Cavalli. L&#039;influence mondiale de l&#039;entreprise s&#039;\u00e9tend du Moyen-Orient \u00e0 l&#039;Europe, l&#039;Asie et l&#039;Am\u00e9rique du Nord.<\/span><\/p>\n<p><span style=\"font-weight: 400;\">R\u00e9alisations sp\u00e9ciales :<\/span><\/p>\n<p>&nbsp;<\/p>\n<ul>\n<li style=\"font-weight: 400;\" aria-level=\"1\"><span style=\"font-weight: 400;\">5 prix dans diff\u00e9rentes cat\u00e9gories aux Arabian Property Awards 2017 ;<\/span><\/li>\n<li style=\"font-weight: 400;\" aria-level=\"1\"><span style=\"font-weight: 400;\">1\u00e8re place dans la liste Forbes Global 2000 des leaders de la croissance ;<\/span><\/li>\n<li style=\"font-weight: 400;\" aria-level=\"1\"><span style=\"font-weight: 400;\">Gestion exceptionnelle de nombreux biens immobiliers, reconnue par le Dubai Land Department (DLD) ;<\/span><\/li>\n<li style=\"font-weight: 400;\" aria-level=\"1\"><span style=\"font-weight: 400;\">\u00ab Projet r\u00e9sidentiel de l\u2019ann\u00e9e \u00bb aux CW Awards 2018 ;<\/span><\/li>\n<li style=\"font-weight: 400;\" aria-level=\"1\"><span style=\"font-weight: 400;\">\u00ab Entreprise la plus socialement responsable du secteur immobilier des \u00c9mirats arabes unis \u00bb, 2020.<\/span><\/li>\n<\/ul>\n<p><span style=\"font-weight: 400;\">DAMAC, en tant que promoteur immobilier \u00e0 Duba\u00ef, op\u00e8re au niveau international et propose des biens immobiliers r\u00e9sidentiels et commerciaux. Si vous envisagez d&#039;investir dans l&#039;immobilier moderne aux \u00c9mirats arabes unis, cette soci\u00e9t\u00e9 est un gage de qualit\u00e9. Vous avez besoin de conseils et d&#039;assistance pour trouver un bien immobilier ? Appelez-nous au <a href=\"tel: 971588337903\">+971 (588) 337 903<\/a> et <a href=\"tel: 79869277377\">+7 (986) 927-73-77.<\/a> ou envoyez-nous un e-mail \u00e0 <a class=\"mail\" href=\"mailto:info@alirarealestate.com\">info@alirarealestate.com<\/a>.<\/span><\/p>\n\n\t\t<\/div>\n\t<\/div>\n<\/div><\/div><\/div><\/div>\n<\/section>","protected":false},"excerpt":{"rendered":"Depuis 1982, DAMAC a connu une croissance exponentielle et dispose aujourd&#039;hui d&#039;un portefeuille impressionnant comprenant des projets immobiliers d&#039;\u00e9lite, une activit\u00e9 h\u00f4teli\u00e8re, des centres de traitement de donn\u00e9es, des commerces de d\u00e9tail, de la mode et des march\u00e9s financiers. L&#039;entreprise a jou\u00e9 un r\u00f4le important dans la transformation des villes du Moyen-Orient, en particulier \u00e0 Duba\u00ef, o\u00f9 elle est devenue un promoteur majeur. Le portefeuille comprend plus de 75 tours, dont une vingtaine sont ...","protected":false},"author":1,"featured_media":0,"parent":4382,"menu_order":0,"comment_status":"closed","ping_status":"closed","template":"advanced_search_results.php","meta":{"inline_featured_image":false,"_glsr_average":0,"_glsr_ranking":0,"_glsr_reviews":0,"footnotes":""},"class_list":["post-4384","page","type-page","status-publish","hentry"],"yoast_head":"<!-- This site is optimized with the Yoast SEO Premium plugin v25.1 (Yoast SEO v25.6) - https:\/\/yoast.com\/wordpress\/plugins\/seo\/ -->\n<title>Damac Group, Developer in Dubai, UAE - Alira<\/title>\n<meta name=\"description\" content=\"Damac properties - Leading real estate developer in Dubai. All about the company and its projects. \u2b50 Prices, descriptions, photos. \u27a4 Read more on the site\" \/>\n<meta name=\"robots\" content=\"index, follow, max-snippet:-1, max-image-preview:large, max-video-preview:-1\" \/>\n<link rel=\"canonical\" href=\"https:\/\/alirarealestate.com\/fr\/developers\/damac\/\" \/>\n<meta property=\"og:locale\" content=\"fr_FR\" \/>\n<meta property=\"og:type\" content=\"article\" \/>\n<meta property=\"og:title\" content=\"Damac Group\" \/>\n<meta property=\"og:description\" content=\"Damac properties - Leading real estate developer in Dubai. All about the company and its projects. \u2b50 Prices, descriptions, photos. \u27a4 Read more on the site\" \/>\n<meta property=\"og:url\" content=\"https:\/\/alirarealestate.com\/fr\/developers\/damac\/\" \/>\n<meta property=\"og:site_name\" content=\"Alira Real Estate - Real estate in the UAE\" \/>\n<meta property=\"article:modified_time\" content=\"2024-10-27T16:13:39+00:00\" \/>\n<meta name=\"twitter:card\" content=\"summary_large_image\" \/>\n<meta name=\"twitter:label1\" content=\"Dur\u00e9e de lecture estim\u00e9e\" \/>\n\t<meta name=\"twitter:data1\" content=\"4 minutes\" \/>\n<script type=\"application\/ld+json\" class=\"yoast-schema-graph\">{\"@context\":\"https:\/\/schema.org\",\"@graph\":[{\"@type\":\"WebPage\",\"@id\":\"https:\/\/alirarealestate.com\/fr\/developers\/damac\/\",\"url\":\"https:\/\/alirarealestate.com\/fr\/developers\/damac\/\",\"name\":\"Damac Group, Developer in Dubai, UAE - Alira\",\"isPartOf\":{\"@id\":\"https:\/\/alirarealestate.com\/fr\/#website\"},\"datePublished\":\"2024-04-18T07:17:40+00:00\",\"dateModified\":\"2024-10-27T16:13:39+00:00\",\"description\":\"Damac properties - Leading real estate developer in Dubai. All about the company and its projects. \u2b50 Prices, descriptions, photos. \u27a4 Read more on the site\",\"breadcrumb\":{\"@id\":\"https:\/\/alirarealestate.com\/fr\/developers\/damac\/#breadcrumb\"},\"inLanguage\":\"fr-FR\",\"potentialAction\":[{\"@type\":\"ReadAction\",\"target\":[\"https:\/\/alirarealestate.com\/fr\/developers\/damac\/\"]}]},{\"@type\":\"BreadcrumbList\",\"@id\":\"https:\/\/alirarealestate.com\/fr\/developers\/damac\/#breadcrumb\",\"itemListElement\":[{\"@type\":\"ListItem\",\"position\":1,\"name\":\"Home\",\"item\":\"https:\/\/alirarealestate.com\/\"},{\"@type\":\"ListItem\",\"position\":2,\"name\":\"Developers\",\"item\":\"https:\/\/alirarealestate.com\/developers\/\"},{\"@type\":\"ListItem\",\"position\":3,\"name\":\"Damac Group\"}]},{\"@type\":\"WebSite\",\"@id\":\"https:\/\/alirarealestate.com\/fr\/#website\",\"url\":\"https:\/\/alirarealestate.com\/fr\/\",\"name\":\"Alira Real Estate - Real estate in the UAE\",\"description\":\"\",\"potentialAction\":[{\"@type\":\"SearchAction\",\"target\":{\"@type\":\"EntryPoint\",\"urlTemplate\":\"https:\/\/alirarealestate.com\/fr\/?s={search_term_string}\"},\"query-input\":{\"@type\":\"PropertyValueSpecification\",\"valueRequired\":true,\"valueName\":\"search_term_string\"}}],\"inLanguage\":\"fr-FR\"}]}<\/script>\n<!-- \/ Yoast SEO Premium plugin. -->","yoast_head_json":{"title":"Damac Group, Developer in Dubai, UAE - Alira","description":"Damac properties - Leading real estate developer in Dubai. All about the company and its projects. \u2b50 Prices, descriptions, photos. \u27a4 Read more on the site","robots":{"index":"index","follow":"follow","max-snippet":"max-snippet:-1","max-image-preview":"max-image-preview:large","max-video-preview":"max-video-preview:-1"},"canonical":"https:\/\/alirarealestate.com\/fr\/developers\/damac\/","og_locale":"fr_FR","og_type":"article","og_title":"Damac Group","og_description":"Damac properties - Leading real estate developer in Dubai. All about the company and its projects. \u2b50 Prices, descriptions, photos. \u27a4 Read more on the site","og_url":"https:\/\/alirarealestate.com\/fr\/developers\/damac\/","og_site_name":"Alira Real Estate - Real estate in the UAE","article_modified_time":"2024-10-27T16:13:39+00:00","twitter_card":"summary_large_image","twitter_misc":{"Dur\u00e9e de lecture estim\u00e9e":"4 minutes"},"schema":{"@context":"https:\/\/schema.org","@graph":[{"@type":"WebPage","@id":"https:\/\/alirarealestate.com\/fr\/developers\/damac\/","url":"https:\/\/alirarealestate.com\/fr\/developers\/damac\/","name":"Damac Group, Developer in Dubai, UAE - Alira","isPartOf":{"@id":"https:\/\/alirarealestate.com\/fr\/#website"},"datePublished":"2024-04-18T07:17:40+00:00","dateModified":"2024-10-27T16:13:39+00:00","description":"Damac properties - Leading real estate developer in Dubai. All about the company and its projects. \u2b50 Prices, descriptions, photos. \u27a4 Read more on the site","breadcrumb":{"@id":"https:\/\/alirarealestate.com\/fr\/developers\/damac\/#breadcrumb"},"inLanguage":"fr-FR","potentialAction":[{"@type":"ReadAction","target":["https:\/\/alirarealestate.com\/fr\/developers\/damac\/"]}]},{"@type":"BreadcrumbList","@id":"https:\/\/alirarealestate.com\/fr\/developers\/damac\/#breadcrumb","itemListElement":[{"@type":"ListItem","position":1,"name":"Home","item":"https:\/\/alirarealestate.com\/"},{"@type":"ListItem","position":2,"name":"Developers","item":"https:\/\/alirarealestate.com\/developers\/"},{"@type":"ListItem","position":3,"name":"Damac Group"}]},{"@type":"WebSite","@id":"https:\/\/alirarealestate.com\/fr\/#website","url":"https:\/\/alirarealestate.com\/fr\/","name":"Alira Real Estate - Real estate in the UAE","description":"","potentialAction":[{"@type":"SearchAction","target":{"@type":"EntryPoint","urlTemplate":"https:\/\/alirarealestate.com\/fr\/?s={search_term_string}"},"query-input":{"@type":"PropertyValueSpecification","valueRequired":true,"valueName":"search_term_string"}}],"inLanguage":"fr-FR"}]}},"_links":{"self":[{"href":"https:\/\/alirarealestate.com\/fr\/wp-json\/wp\/v2\/pages\/4384"}],"collection":[{"href":"https:\/\/alirarealestate.com\/fr\/wp-json\/wp\/v2\/pages"}],"about":[{"href":"https:\/\/alirarealestate.com\/fr\/wp-json\/wp\/v2\/types\/page"}],"author":[{"embeddable":true,"href":"https:\/\/alirarealestate.com\/fr\/wp-json\/wp\/v2\/users\/1"}],"replies":[{"embeddable":true,"href":"https:\/\/alirarealestate.com\/fr\/wp-json\/wp\/v2\/comments?post=4384"}],"version-history":[{"count":3,"href":"https:\/\/alirarealestate.com\/fr\/wp-json\/wp\/v2\/pages\/4384\/revisions"}],"predecessor-version":[{"id":5988,"href":"https:\/\/alirarealestate.com\/fr\/wp-json\/wp\/v2\/pages\/4384\/revisions\/5988"}],"up":[{"embeddable":true,"href":"https:\/\/alirarealestate.com\/fr\/wp-json\/wp\/v2\/pages\/4382"}],"wp:attachment":[{"href":"https:\/\/alirarealestate.com\/fr\/wp-json\/wp\/v2\/media?parent=4384"}],"curies":[{"name":"wp","href":"https:\/\/api.w.org\/{rel}","templated":true}]}}