{"id":4383,"date":"2024-04-18T10:17:40","date_gmt":"2024-04-18T07:17:40","guid":{"rendered":"https:\/\/alirarealestate.com\/developers\/emaar-properties\/"},"modified":"2024-10-27T19:14:57","modified_gmt":"2024-10-27T16:14:57","slug":"emaar-properties","status":"publish","type":"page","link":"https:\/\/alirarealestate.com\/fr\/developers\/emaar-properties\/","title":{"rendered":"D\u00e9veloppeur EMAAR Properties"},"content":{"rendered":"<section class=\"wpb-content-wrapper\"><div class=\"vc_row wpb_row vc_row-fluid vc_row\"><div class=\"wpb_column vc_column_container vc_col-sm-12 vc_column\"><div class=\"vc_column-inner\"><div class=\"wpb_wrapper\">\n\t<div  class=\"wpb_single_image wpb_content_element vc_align_center  vc_single_image\">\n\t\t\n\t\t<figure class=\"wpb_wrapper vc_figure\">\n\t\t\t<div class=\"vc_single_image-wrapper   vc_box_border_grey\"><img fetchpriority=\"high\" decoding=\"async\" width=\"1027\" height=\"411\" src=\"https:\/\/alirarealestate.com\/wp-content\/uploads\/2024\/05\/emaar.png\" class=\"vc_single_image-img attachment-full\" alt=\"\" title=\"\u00c9maar\" srcset=\"https:\/\/alirarealestate.com\/wp-content\/uploads\/2024\/05\/emaar.png 1027w, https:\/\/alirarealestate.com\/wp-content\/uploads\/2024\/05\/emaar-300x120.png 300w, https:\/\/alirarealestate.com\/wp-content\/uploads\/2024\/05\/emaar-1024x410.png 1024w, https:\/\/alirarealestate.com\/wp-content\/uploads\/2024\/05\/emaar-768x307.png 768w, https:\/\/alirarealestate.com\/wp-content\/uploads\/2024\/05\/emaar-18x7.png 18w\" sizes=\"(max-width: 1027px) 100vw, 1027px\" \/><\/div>\n\t\t<\/figure>\n\t<\/div>\n<\/div><\/div><\/div><\/div><div class=\"vc_row wpb_row vc_row-fluid vc_row\"><div class=\"wpb_column vc_column_container vc_col-sm-12 vc_column\"><div class=\"vc_column-inner\"><div class=\"wpb_wrapper\">\n\t<div class=\"wpb_text_column wpb_content_element  vc_column_text\" >\n\t\t<div class=\"wpb_wrapper\">\n\t\t\t<p><span style=\"font-weight: 400;\">Emaar est un promoteur immobilier avec un nom et une r\u00e9putation irr\u00e9prochables sur le march\u00e9 immobilier des \u00c9mirats arabes unis. L&#039;entreprise construit des immeubles r\u00e9sidentiels, des h\u00f4tels, des centres d&#039;affaires qui combinent des technologies modernes et un design unique et r\u00e9fl\u00e9chi. Emaar Properties comprend 60 filiales qui poss\u00e8dent des projets de construction dans diff\u00e9rents pays du monde. Le promoteur d\u00e9veloppe activement ses activit\u00e9s en Am\u00e9rique du Nord, en Asie centrale, dans les pays africains et au Moyen-Orient. En mettant en \u0153uvre le concept d&#039;engagement envers une qualit\u00e9 \u00e9lev\u00e9e, l&#039;entreprise \u00e9tablit de nouvelles normes de vie et pr\u00e9sente des biens immobiliers de classe mondiale.<\/span><\/p>\n<p>&nbsp;<\/p>\n<h2><b>Activit\u00e9s de l&#039;entreprise<\/b><\/h2>\n<p><span style=\"font-weight: 400;\">Le promoteur Emaar op\u00e8re aux Emirats depuis 1997. Tout en conservant son c\u0153ur de m\u00e9tier dans l&#039;immobilier, il diversifie ses actifs financiers et p\u00e9n\u00e8tre de nouveaux march\u00e9s. Aujourd&#039;hui, les principaux domaines d&#039;activit\u00e9 sont :<\/span><\/p>\n<p>&nbsp;<\/p>\n<ul>\n<li style=\"font-weight: 400;\" aria-level=\"1\"><span style=\"font-weight: 400;\">D\u00e9veloppement. La soci\u00e9t\u00e9 est sp\u00e9cialis\u00e9e dans la mise en \u0153uvre de projets \u00e0 grande \u00e9chelle aux EAU et au-del\u00e0 des \u00e9mirats. Le portefeuille comprend des gratte-ciel, des stations baln\u00e9aires, de grands complexes r\u00e9sidentiels avec leurs infrastructures et un secteur de services d\u00e9velopp\u00e9.<\/span><\/li>\n<li style=\"font-weight: 400;\" aria-level=\"1\"><span style=\"font-weight: 400;\">Secteur de l&#039;h\u00f4tellerie et du divertissement. Le holding comprend le groupe Emaar Hospitality, qui poss\u00e8de plusieurs marques h\u00f4teli\u00e8res. Il est pr\u00e9sent sur les march\u00e9s de l&#039;h\u00f4tellerie d&#039;\u00e9lite et de niche, offrant \u00e0 ses clients une large gamme de services et de divertissements exclusifs.<\/span><\/li>\n<li style=\"font-weight: 400;\" aria-level=\"1\"><span style=\"font-weight: 400;\">Investissements et activit\u00e9s. L&#039;activit\u00e9 d&#039;investissement du holding est g\u00e9r\u00e9e par la soci\u00e9t\u00e9 Emaar Industries &amp; Investments, qui s&#039;occupe d&#039;investissements en capital rentables dans l&#039;immobilier, l&#039;industrie de transformation, la construction et la production de mat\u00e9riaux de construction. Les autres filiales d&#039;Emaar Properties comprennent la soci\u00e9t\u00e9 par actions EMRILL, Emaar India et Emaar Turkey.<\/span><\/li>\n<li style=\"font-weight: 400;\" aria-level=\"1\"><span style=\"font-weight: 400;\">Soins de sant\u00e9. La soci\u00e9t\u00e9 Emaar Healthcare op\u00e8re dans ce sens, en fournissant des services d&#039;hygi\u00e8ne du travail pour soutenir les organisations. Les sp\u00e9cialistes effectuent des audiom\u00e9tries, \u00e9valuent l&#039;aptitude du personnel au travail et surveillent la sant\u00e9 des employ\u00e9s dans les entreprises.<\/span><\/li>\n<\/ul>\n\n\t\t<\/div>\n\t<\/div>\n<\/div><\/div><\/div><\/div><div class=\"vc_row wpb_row vc_row-fluid vc_row\"><div class=\"wpb_column vc_column_container vc_col-sm-12 vc_column\"><div class=\"vc_column-inner\"><div class=\"wpb_wrapper\">\n\t<div class=\"wpb_text_column wpb_content_element  vc_column_text\" >\n\t\t<div class=\"wpb_wrapper\">\n\t\t\t<h2><b>Objets immobiliers du promoteur aux EAU<\/b><\/h2>\n<p><span style=\"font-weight: 400;\">\u00c0 Duba\u00ef, le promoteur Emaar Properties poss\u00e8de plus de 14 000 b\u00e2timents \u00e0 diff\u00e9rents stades de construction. Parmi les projets les plus connus, on peut citer :<\/span><\/p>\n<p>&nbsp;<\/p>\n<ul>\n<li style=\"font-weight: 400;\" aria-level=\"1\"><span style=\"font-weight: 400;\"><a href=\"https:\/\/alirarealestate.com\/fr\/catalog\/buy\/dubai\/burj-khalifa\/\">Burj Khalifa<\/a>Le plus haut gratte-ciel du monde, construit en 2010 \u00e0 Duba\u00ef sur le boulevard Sheikh Mohammed bin Rashid. Le b\u00e2timent de 828 m\u00e8tres a une forme de stalagmite et se compose de 163 \u00e9tages. \u00c0 l&#039;int\u00e9rieur se trouvent des appartements, des bureaux, des restaurants, des centres commerciaux et le luxueux h\u00f4tel Armani. Au 148e \u00e9tage, se trouve une terrasse d&#039;observation qui permet de profiter d&#039;une vue panoramique sur Duba\u00ef depuis une hauteur de 555 m\u00e8tres.<\/span><\/li>\n<li style=\"font-weight: 400;\" aria-level=\"1\"><span style=\"font-weight: 400;\">Dubai Creek Tower. Un b\u00e2timent en construction qui d\u00e9passera Burj Khalifa de 100 m\u00e8tres de hauteur. Son objectif principal sera de servir de d\u00e9coration architecturale et visuelle de Duba\u00ef. En termes d&#039;architecture, le b\u00e2timent est une \u00e9l\u00e9gante structure profil\u00e9e compos\u00e9e de supports en acier fix\u00e9s \u00e0 des colonnes en b\u00e9ton arm\u00e9. La tour devrait abriter des appartements, des magasins, des terrasses d&#039;observation et, sur le territoire adjacent, une promenade, un yacht club et plus de 20 h\u00f4tels.<\/span><\/li>\n<li style=\"font-weight: 400;\" aria-level=\"1\"><span style=\"font-weight: 400;\">Dubai Mall. C&#039;est l&#039;un des plus grands complexes commerciaux et de divertissement au monde. Il est situ\u00e9 dans le centre-ville de Duba\u00ef et couvre une superficie totale de 1,2 million de m\u00e8tres carr\u00e9s. Lors de la construction du centre commercial, Emaar a utilis\u00e9 un style architectural de haute technologie. Les murs du centre commercial abritent 1 200 magasins, des centres de divertissement, des restaurants et un cin\u00e9ma avec 22 \u00e9crans.<\/span><\/li>\n<li style=\"font-weight: 400;\" aria-level=\"1\"><span style=\"font-weight: 400;\">L&#039;Oasis. Un prestigieux complexe r\u00e9sidentiel \u00e0 Duba\u00ef compos\u00e9 de luxueuses demeures et villas. Il comprend 7 000 appartements r\u00e9partis sur une superficie de 9 millions de m\u00b2. Plus de 251 TP3T de la zone sont occup\u00e9s par des espaces ouverts et des infrastructures, notamment des piscines, des magasins, des plages et des promenades.<\/span><\/li>\n<li style=\"font-weight: 400;\" aria-level=\"1\"><span style=\"font-weight: 400;\"><a href=\"https:\/\/alirarealestate.com\/fr\/catalog\/buy\/dubai\/downtown\/\">Centre-ville de Duba\u00ef<\/a>. Un m\u00e9ga-complexe phare de plus de 2 km\u00b2 au c\u0153ur de Duba\u00ef. La zone abrite des h\u00f4tels haut de gamme, le march\u00e9 Souk Al Bahar avec des centaines de boutiques et de restaurants, ainsi que les monuments embl\u00e9matiques de Duba\u00ef, le Burj Khalifa et les fontaines de Duba\u00ef.<\/span><\/li>\n<li style=\"font-weight: 400;\" aria-level=\"1\"><span style=\"font-weight: 400;\"><a href=\"https:\/\/alirarealestate.com\/fr\/catalog\/buy\/dubai\/dubai-marina\/\">Marina de Duba\u00ef<\/a>. Un quartier riverain unique sur le golfe Persique, un objet immobilier prestigieux \u00e0 Duba\u00ef. La zone de d\u00e9veloppement couvre 464 000 m\u00b2. La marina s&#039;\u00e9tend le long d&#039;un canal de 3,5 km et comprend des ports de plaisance, une grande promenade et les centres commerciaux Marina Plaza et Dubai Marina Mall.<\/span><\/li>\n<li style=\"font-weight: 400;\" aria-level=\"1\"><span style=\"font-weight: 400;\"><a href=\"https:\/\/alirarealestate.com\/fr\/catalog\/buy\/dubai\/dubai-hills\/\">Domaine de Dubai Hills<\/a>. Un complexe r\u00e9sidentiel luxueux avec villas et appartements pour les amoureux de la nature. Il s&#039;agit d&#039;un d\u00e9veloppement multifonctionnel avec des parcs pittoresques, des \u00e9coles et des immeubles r\u00e9sidentiels couvrant une superficie d&#039;environ 1 000 hectares. Le point culminant du projet est un parcours de golf de championnat de 18 trous.<\/span><\/li>\n<li style=\"font-weight: 400;\" aria-level=\"1\"><span style=\"font-weight: 400;\">Dubai Creek Harbour. Un projet multifonctionnel sur les rives de la crique de Duba\u00ef, visant \u00e0 cr\u00e9er un nouveau centre urbain pour Duba\u00ef avec une infrastructure d\u00e9velopp\u00e9e. La zone de plus de 6 km\u00b2 abrite des appartements r\u00e9sidentiels, des b\u00e2timents commerciaux et de magnifiques espaces verts.<\/span><\/li>\n<li style=\"font-weight: 400;\" aria-level=\"1\"><span style=\"font-weight: 400;\">Arabian Ranches III. Un complexe de villas remarquable con\u00e7u pour les amateurs de vie luxueuse. Il s&#039;agit d&#039;un projet original inspir\u00e9 du d\u00e9sert d&#039;Arabie. La zone comprend deux lacs, deux terrains de polo, 15 courts de tennis et un parcours de golf de 18 trous.<\/span><\/li>\n<li style=\"font-weight: 400;\" aria-level=\"1\"><span style=\"font-weight: 400;\">The Valley. Un projet con\u00e7u comme une ville enti\u00e8re, o\u00f9 Emaar Properties, en tant que promoteur, a fourni tout le n\u00e9cessaire pour une vie confortable. Les propri\u00e9taires ont acc\u00e8s \u00e0 une plage priv\u00e9e, \u00e0 un village sportif et \u00e0 un complexe de divertissement pour enfants sur une superficie de plus de 10 000 m\u00b2.<\/span><\/li>\n<li style=\"font-weight: 400;\" aria-level=\"1\"><span style=\"font-weight: 400;\">Emaar Sud. Une communaut\u00e9 exclusive cr\u00e9\u00e9e selon les derni\u00e8res tendances des zones suburbaines modernes. Elle se compose de villas, de maisons de ville et d&#039;appartements spacieux compl\u00e9t\u00e9s par une infrastructure de premi\u00e8re classe. Le quartier comprend 25 parcs et un parcours de golf de 18 trous.<\/span><\/li>\n<li style=\"font-weight: 400;\" aria-level=\"1\"><span style=\"font-weight: 400;\">Arabian Ranches. Un magnifique projet r\u00e9sidentiel qui d\u00e9tient le titre de communaut\u00e9 ferm\u00e9e la plus verte de Duba\u00ef. Les r\u00e9sidents ont acc\u00e8s \u00e0 trois lacs, \u00e0 de beaux parcs et \u00e0 des espaces barbecue. L&#039;offre immobili\u00e8re se compose principalement de villas et de maisons de ville.<\/span><\/li>\n<li style=\"font-weight: 400;\" aria-level=\"1\"><span style=\"font-weight: 400;\">Emaar Beachfront. Un quartier d&#039;\u00e9lite en construction sur une petite \u00eele artificielle pr\u00e8s de la marina de Duba\u00ef. La zone devrait accueillir 10 000 propri\u00e9t\u00e9s, dont des appartements de marque, des villas, des maisons de ville et un yacht club de premi\u00e8re classe. Les habitations auront acc\u00e8s \u00e0 des plages de sable couvrant environ 1,5 km de littoral.<\/span><\/li>\n<\/ul>\n\n\t\t<\/div>\n\t<\/div>\n<\/div><\/div><\/div><\/div><div class=\"vc_row wpb_row vc_row-fluid vc_row\"><div class=\"wpb_column vc_column_container vc_col-sm-12 vc_column\"><div class=\"vc_column-inner\"><div class=\"wpb_wrapper\">\n\t<div class=\"wpb_text_column wpb_content_element  vc_column_text\" >\n\t\t<div class=\"wpb_wrapper\">\n\t\t\t<h2><b>Prix de l&#039;entreprise<\/b><\/h2>\n<p><span style=\"font-weight: 400;\">Au cours de son exploitation, Emaar a re\u00e7u plus de 150 prix r\u00e9gionaux et internationaux. Les premiers prix ont \u00e9t\u00e9 d\u00e9cern\u00e9s au promoteur en 2006, lorsqu&#039;il a \u00e9t\u00e9 reconnu comme le meilleur promoteur des \u00c9mirats arabes unis et la meilleure entreprise du secteur immobilier selon les Arabian Business Awards.<\/span><\/p>\n<p><span style=\"font-weight: 400;\">En 2007, la soci\u00e9t\u00e9 holding a \u00e9t\u00e9 incluse dans le classement FT Global 500 du Financial Times britannique, consacr\u00e9 aux plus grandes entreprises mondiales. Un an plus tard, la soci\u00e9t\u00e9 a \u00e9t\u00e9 r\u00e9compens\u00e9e pour ses r\u00e9alisations internationales et, au cours des ann\u00e9es suivantes, elle a \u00e9t\u00e9 reconnue \u00e0 plusieurs reprises comme le meilleur promoteur immobilier du Moyen-Orient.<\/span><\/p>\n<p>&nbsp;<\/p>\n<p><span style=\"font-weight: 400;\">Les projets d&#039;Emaar Properties ont re\u00e7u de nombreuses r\u00e9compenses. Par exemple, le c\u00e9l\u00e8bre gratte-ciel Burj Khalifa est reconnu comme le meilleur b\u00e2timent existant en termes de maintenance et d&#039;exploitation.<\/span><\/p>\n<p>&nbsp;<\/p>\n<p><span style=\"font-weight: 400;\">Sur le site Alira Real Estate, vous pouvez trouver des biens immobiliers de l&#039;entreprise de construction Emaar et acheter des biens immobiliers r\u00e9sidentiels ou commerciaux adapt\u00e9s. Nous vous aiderons \u00e0 trouver les options id\u00e9ales, vous fournirons un soutien juridique pour la transaction et vous offrirons un service apr\u00e8s-vente de qualit\u00e9. Pour des conseils sur l&#039;achat, contactez les responsables de notre agence au <\/span><span style=\"font-weight: 400;\"><a href=\"tel: 971588337903\">+971 (588) 337 903<\/a><\/span><span style=\"font-weight: 400;\">, <\/span><span style=\"font-weight: 400;\"><a href=\"tel: 79869277377\">+7 (986) 927-73-77.<\/a><\/span><span style=\"font-weight: 400;\">, ou par e-mail<\/span><span style=\"font-weight: 400;\"> <a class=\"mail\" href=\"mailto:info@alirarealestate.com\">info@alirarealestate.com<\/a><\/span><span style=\"font-weight: 400;\">.<\/span><\/p>\n\n\t\t<\/div>\n\t<\/div>\n<\/div><\/div><\/div><\/div>\n<\/section>","protected":false},"excerpt":{"rendered":"Emaar est un promoteur immobilier avec un nom et une r\u00e9putation irr\u00e9prochables sur le march\u00e9 immobilier des \u00c9mirats arabes unis. L&#039;entreprise construit des immeubles r\u00e9sidentiels, des h\u00f4tels, des centres d&#039;affaires qui combinent des technologies modernes et un design unique et r\u00e9fl\u00e9chi. Emaar Properties comprend 60 filiales qui poss\u00e8dent des projets de construction dans diff\u00e9rents pays du monde. Le promoteur d\u00e9veloppe activement ses activit\u00e9s en Am\u00e9rique du Nord, en Asie centrale, dans les pays africains, ...","protected":false},"author":1,"featured_media":0,"parent":4382,"menu_order":0,"comment_status":"closed","ping_status":"closed","template":"advanced_search_results.php","meta":{"inline_featured_image":false,"_glsr_average":0,"_glsr_ranking":0,"_glsr_reviews":0,"footnotes":""},"class_list":["post-4383","page","type-page","status-publish","hentry"],"yoast_head":"<!-- This site is optimized with the Yoast SEO Premium plugin v25.1 (Yoast SEO v25.6) - https:\/\/yoast.com\/wordpress\/plugins\/seo\/ -->\n<title>EMAAR Properties, Developer in Dubai, UAE - Alira<\/title>\n<meta name=\"description\" content=\"Information about the developer EMAAR Properties. \u2b50 The company&#039;s history and awards. \u2b50 Descriptions of properties. \u2b50 Photos and prices. \u27a4 Details on the website!\" \/>\n<meta name=\"robots\" content=\"index, follow, max-snippet:-1, max-image-preview:large, max-video-preview:-1\" \/>\n<link rel=\"canonical\" href=\"https:\/\/alirarealestate.com\/fr\/developers\/emaar-properties\/\" \/>\n<meta property=\"og:locale\" content=\"fr_FR\" \/>\n<meta property=\"og:type\" content=\"article\" \/>\n<meta property=\"og:title\" content=\"Developer EMAAR Properties\" \/>\n<meta property=\"og:description\" content=\"Information about the developer EMAAR Properties. \u2b50 The company&#039;s history and awards. \u2b50 Descriptions of properties. \u2b50 Photos and prices. \u27a4 Details on the website!\" \/>\n<meta property=\"og:url\" content=\"https:\/\/alirarealestate.com\/fr\/developers\/emaar-properties\/\" \/>\n<meta property=\"og:site_name\" content=\"Alira Real Estate - Real estate in the UAE\" \/>\n<meta property=\"article:modified_time\" content=\"2024-10-27T16:14:57+00:00\" \/>\n<meta name=\"twitter:card\" content=\"summary_large_image\" \/>\n<meta name=\"twitter:label1\" content=\"Dur\u00e9e de lecture estim\u00e9e\" \/>\n\t<meta name=\"twitter:data1\" content=\"6 minutes\" \/>\n<script type=\"application\/ld+json\" class=\"yoast-schema-graph\">{\"@context\":\"https:\/\/schema.org\",\"@graph\":[{\"@type\":\"WebPage\",\"@id\":\"https:\/\/alirarealestate.com\/fr\/developers\/emaar-properties\/\",\"url\":\"https:\/\/alirarealestate.com\/fr\/developers\/emaar-properties\/\",\"name\":\"EMAAR Properties, Developer in Dubai, UAE - Alira\",\"isPartOf\":{\"@id\":\"https:\/\/alirarealestate.com\/fr\/#website\"},\"datePublished\":\"2024-04-18T07:17:40+00:00\",\"dateModified\":\"2024-10-27T16:14:57+00:00\",\"description\":\"Information about the developer EMAAR Properties. \u2b50 The company's history and awards. \u2b50 Descriptions of properties. \u2b50 Photos and prices. \u27a4 Details on the website!\",\"breadcrumb\":{\"@id\":\"https:\/\/alirarealestate.com\/fr\/developers\/emaar-properties\/#breadcrumb\"},\"inLanguage\":\"fr-FR\",\"potentialAction\":[{\"@type\":\"ReadAction\",\"target\":[\"https:\/\/alirarealestate.com\/fr\/developers\/emaar-properties\/\"]}]},{\"@type\":\"BreadcrumbList\",\"@id\":\"https:\/\/alirarealestate.com\/fr\/developers\/emaar-properties\/#breadcrumb\",\"itemListElement\":[{\"@type\":\"ListItem\",\"position\":1,\"name\":\"Home\",\"item\":\"https:\/\/alirarealestate.com\/\"},{\"@type\":\"ListItem\",\"position\":2,\"name\":\"Developers\",\"item\":\"https:\/\/alirarealestate.com\/developers\/\"},{\"@type\":\"ListItem\",\"position\":3,\"name\":\"Developer EMAAR Properties\"}]},{\"@type\":\"WebSite\",\"@id\":\"https:\/\/alirarealestate.com\/fr\/#website\",\"url\":\"https:\/\/alirarealestate.com\/fr\/\",\"name\":\"Alira Real Estate - Real estate in the UAE\",\"description\":\"\",\"potentialAction\":[{\"@type\":\"SearchAction\",\"target\":{\"@type\":\"EntryPoint\",\"urlTemplate\":\"https:\/\/alirarealestate.com\/fr\/?s={search_term_string}\"},\"query-input\":{\"@type\":\"PropertyValueSpecification\",\"valueRequired\":true,\"valueName\":\"search_term_string\"}}],\"inLanguage\":\"fr-FR\"}]}<\/script>\n<!-- \/ Yoast SEO Premium plugin. -->","yoast_head_json":{"title":"EMAAR Properties, Developer in Dubai, UAE - Alira","description":"Information about the developer EMAAR Properties. \u2b50 The company's history and awards. \u2b50 Descriptions of properties. \u2b50 Photos and prices. \u27a4 Details on the website!","robots":{"index":"index","follow":"follow","max-snippet":"max-snippet:-1","max-image-preview":"max-image-preview:large","max-video-preview":"max-video-preview:-1"},"canonical":"https:\/\/alirarealestate.com\/fr\/developers\/emaar-properties\/","og_locale":"fr_FR","og_type":"article","og_title":"Developer EMAAR Properties","og_description":"Information about the developer EMAAR Properties. \u2b50 The company's history and awards. \u2b50 Descriptions of properties. \u2b50 Photos and prices. \u27a4 Details on the website!","og_url":"https:\/\/alirarealestate.com\/fr\/developers\/emaar-properties\/","og_site_name":"Alira Real Estate - Real estate in the UAE","article_modified_time":"2024-10-27T16:14:57+00:00","twitter_card":"summary_large_image","twitter_misc":{"Dur\u00e9e de lecture estim\u00e9e":"6 minutes"},"schema":{"@context":"https:\/\/schema.org","@graph":[{"@type":"WebPage","@id":"https:\/\/alirarealestate.com\/fr\/developers\/emaar-properties\/","url":"https:\/\/alirarealestate.com\/fr\/developers\/emaar-properties\/","name":"EMAAR Properties, Developer in Dubai, UAE - Alira","isPartOf":{"@id":"https:\/\/alirarealestate.com\/fr\/#website"},"datePublished":"2024-04-18T07:17:40+00:00","dateModified":"2024-10-27T16:14:57+00:00","description":"Information about the developer EMAAR Properties. \u2b50 The company's history and awards. \u2b50 Descriptions of properties. \u2b50 Photos and prices. \u27a4 Details on the website!","breadcrumb":{"@id":"https:\/\/alirarealestate.com\/fr\/developers\/emaar-properties\/#breadcrumb"},"inLanguage":"fr-FR","potentialAction":[{"@type":"ReadAction","target":["https:\/\/alirarealestate.com\/fr\/developers\/emaar-properties\/"]}]},{"@type":"BreadcrumbList","@id":"https:\/\/alirarealestate.com\/fr\/developers\/emaar-properties\/#breadcrumb","itemListElement":[{"@type":"ListItem","position":1,"name":"Home","item":"https:\/\/alirarealestate.com\/"},{"@type":"ListItem","position":2,"name":"Developers","item":"https:\/\/alirarealestate.com\/developers\/"},{"@type":"ListItem","position":3,"name":"Developer EMAAR Properties"}]},{"@type":"WebSite","@id":"https:\/\/alirarealestate.com\/fr\/#website","url":"https:\/\/alirarealestate.com\/fr\/","name":"Alira Real Estate - Real estate in the UAE","description":"","potentialAction":[{"@type":"SearchAction","target":{"@type":"EntryPoint","urlTemplate":"https:\/\/alirarealestate.com\/fr\/?s={search_term_string}"},"query-input":{"@type":"PropertyValueSpecification","valueRequired":true,"valueName":"search_term_string"}}],"inLanguage":"fr-FR"}]}},"_links":{"self":[{"href":"https:\/\/alirarealestate.com\/fr\/wp-json\/wp\/v2\/pages\/4383"}],"collection":[{"href":"https:\/\/alirarealestate.com\/fr\/wp-json\/wp\/v2\/pages"}],"about":[{"href":"https:\/\/alirarealestate.com\/fr\/wp-json\/wp\/v2\/types\/page"}],"author":[{"embeddable":true,"href":"https:\/\/alirarealestate.com\/fr\/wp-json\/wp\/v2\/users\/1"}],"replies":[{"embeddable":true,"href":"https:\/\/alirarealestate.com\/fr\/wp-json\/wp\/v2\/comments?post=4383"}],"version-history":[{"count":2,"href":"https:\/\/alirarealestate.com\/fr\/wp-json\/wp\/v2\/pages\/4383\/revisions"}],"predecessor-version":[{"id":5945,"href":"https:\/\/alirarealestate.com\/fr\/wp-json\/wp\/v2\/pages\/4383\/revisions\/5945"}],"up":[{"embeddable":true,"href":"https:\/\/alirarealestate.com\/fr\/wp-json\/wp\/v2\/pages\/4382"}],"wp:attachment":[{"href":"https:\/\/alirarealestate.com\/fr\/wp-json\/wp\/v2\/media?parent=4383"}],"curies":[{"name":"wp","href":"https:\/\/api.w.org\/{rel}","templated":true}]}}