{"id":4382,"date":"2024-04-18T10:17:40","date_gmt":"2024-04-18T07:17:40","guid":{"rendered":"https:\/\/alirarealestate.com\/developers\/"},"modified":"2024-10-27T19:11:14","modified_gmt":"2024-10-27T16:11:14","slug":"developers","status":"publish","type":"page","link":"https:\/\/alirarealestate.com\/fr\/developers\/","title":{"rendered":"D\u00e9veloppeurs"},"content":{"rendered":"<section class=\"wpb-content-wrapper\"><div class=\"vc_row wpb_row vc_row-fluid vc_row\"><div class=\"wpb_column vc_column_container vc_col-sm-12 vc_column\"><div class=\"vc_column-inner\"><div class=\"wpb_wrapper\">\n\t<div class=\"wpb_text_column wpb_content_element  vc_column_text\" >\n\t\t<div class=\"wpb_wrapper\">\n\t\t\t<p style=\"text-align: left;\"><span style=\"font-weight: 400;\">L&#039;immobilier \u00e0 Duba\u00ef int\u00e9resse particuli\u00e8rement les investisseurs de diff\u00e9rents pays du monde. Il y a quelques ann\u00e9es, les biens immobiliers haut de gamme \u00e9taient tr\u00e8s demand\u00e9s, mais aujourd&#039;hui, l&#039;accent est mis sur les logements de milieu de gamme. Non seulement les grands investisseurs, mais aussi ceux qui envisagent de vivre et de travailler dans l&#039;une des villes les plus luxueuses des \u00c9mirats arabes unis pr\u00e9f\u00e8rent investir dans de telles propri\u00e9t\u00e9s. En raison de la demande stable, les promoteurs attirent rapidement des capitaux \u00e9trangers pour de nouveaux projets. Actuellement, le nombre d&#039;entreprises r\u00e9put\u00e9es ayant une situation financi\u00e8re stable a augment\u00e9. Il y a maintenant 25 promoteurs de plus en activit\u00e9 \u00e0 Duba\u00ef que l&#039;ann\u00e9e derni\u00e8re.<\/span><\/p>\n<p>&nbsp;<\/p>\n<h2 style=\"text-align: left;\"><b>Principaux d\u00e9veloppeurs aux \u00c9mirats arabes unis<\/b><\/h2>\n<p>&nbsp;<\/p>\n<p style=\"text-align: left;\"><span style=\"font-weight: 400;\">Emaar Properties occupe une position de leader dans le secteur de la construction. En activit\u00e9 depuis plus de 30 ans, elle a d\u00e9velopp\u00e9 des propri\u00e9t\u00e9s consid\u00e9r\u00e9es comme des monuments de Duba\u00ef. Parmi les plus c\u00e9l\u00e8bres figurent le Fountain Park, le Dubai Mall et le Burj Khalifa.<\/span><\/p>\n<p>&nbsp;<\/p>\n<p style=\"text-align: left;\"><span style=\"font-weight: 400;\">Un autre promoteur immobilier remarquable est DAMAC Properties, connu pour ses complexes r\u00e9sidentiels dans les quartiers de Business Bay et de DAMAC Hills. Actuellement, la soci\u00e9t\u00e9 poss\u00e8de de vastes \u00e9tendues de terrain et construit de nouvelles propri\u00e9t\u00e9s, notamment celles con\u00e7ues pour les familles vivant loin de l&#039;agitation.<\/span><\/p>\n<p>&nbsp;<\/p>\n<p style=\"text-align: left;\"><span style=\"font-weight: 400;\">Les investisseurs connaissent \u00e9galement bien Meraas, la premi\u00e8re soci\u00e9t\u00e9 \u00e0 avoir re\u00e7u l\u2019autorisation de vendre des biens immobiliers \u00e0 des ressortissants \u00e9trangers sur le littoral de Jumeirah, ce qui \u00e9tait auparavant interdit par la loi.<\/span><\/p>\n<p>&nbsp;<\/p>\n<p style=\"text-align: left;\"><span style=\"font-weight: 400;\">Lors de l&#039;achat d&#039;une propri\u00e9t\u00e9, Alira Real Estate recommande de consid\u00e9rer des d\u00e9veloppeurs tels que le d\u00e9veloppeur de boutiques Ellington, Dubai Properties et Nakheel, qui sont connus pour leur fiabilit\u00e9, leur \u00e9l\u00e9gance architecturale et leurs prix optimaux.<\/span><\/p>\n<p>&nbsp;<\/p>\n<h2 style=\"text-align: left;\"><b>Choisir un d\u00e9veloppeur<\/b><\/h2>\n<p>&nbsp;<\/p>\n<p style=\"text-align: left;\"><span style=\"font-weight: 400;\">La liste des promoteurs immobiliers aux EAU comprend 25 entreprises avec les plus gros volumes d&#039;actifs. Elles se distinguent par une r\u00e9putation et une fiabilit\u00e9 irr\u00e9prochables. Pour choisir une entreprise, il faut analyser divers facteurs, tels que l&#039;historique des projets termin\u00e9s, le nombre de projets en cours, le nombre de propri\u00e9taires et la r\u00e9partition des actions entre eux. Alira Real Estate peut fournir une aide importante dans le choix d&#039;un bien immobilier, en offrant des informations et des conseils \u00e0 jour sur les promoteurs immobiliers des EAU qui ont des propri\u00e9t\u00e9s disponibles \u00e0 la vente.<\/span><\/p>\n<p>&nbsp;<\/p>\n<h2 style=\"text-align: left;\"><b>Collaboration avec Alira Real Estate<\/b><\/h2>\n<p>&nbsp;<\/p>\n<p style=\"text-align: left;\"><span style=\"font-weight: 400;\">Investir dans <\/span><a href=\"https:\/\/alirarealestate.com\/fr\/catalog\/buy\/\"><span style=\"font-weight: 400;\">Immobilier aux \u00c9mirats arabes unis <\/span><\/a><span style=\"font-weight: 400;\">est l&#039;une des avenues les plus prometteuses. De nombreux ressortissants \u00e9trangers viennent \u00e0 Duba\u00ef \u00e0 la recherche des meilleures options de logement ou pour s&#039;assurer un revenu stable. Pour faire le bon choix, recherchez les promoteurs populaires des EAU qui ont r\u00e9alis\u00e9 des projets et ont des appartements, des studios et des appartements pr\u00eats \u00e0 \u00eatre vendus. Les sp\u00e9cialistes d&#039;Alira Real Estate peuvent vous aider. Gr\u00e2ce \u00e0 une approche personnalis\u00e9e, chaque client peut rapidement trouver l&#039;option la plus appropri\u00e9e. Si vous avez besoin d&#039;une consultation d&#039;expert, contactez-nous au <a href=\"tel: 971588337\">+971 (588) 337<\/a> ou <a href=\"tel: 79869277377\">+7 (986) 927-73-77.<\/a>, ou envoyez-nous un e-mail \u00e0 <a class=\"mail\" href=\"mailto:info@alirarealestate.com\">info@alirarealestate.com<\/a>.<\/span><\/p>\n\n\t\t<\/div>\n\t<\/div>\n<\/div><\/div><\/div><\/div>\n<\/section>","protected":false},"excerpt":{"rendered":"L&#039;immobilier \u00e0 Duba\u00ef int\u00e9resse particuli\u00e8rement les investisseurs de diff\u00e9rents pays du monde. Il y a quelques ann\u00e9es, les propri\u00e9t\u00e9s haut de gamme \u00e9taient tr\u00e8s demand\u00e9es, mais aujourd&#039;hui, l&#039;accent est mis sur les logements de milieu de gamme. Non seulement les grands investisseurs, mais aussi ceux qui envisagent de vivre et de travailler dans l&#039;une des villes les plus luxueuses des \u00c9mirats arabes unis pr\u00e9f\u00e8rent investir dans de telles propri\u00e9t\u00e9s. En raison de la demande stable, ...","protected":false},"author":1,"featured_media":0,"parent":0,"menu_order":0,"comment_status":"closed","ping_status":"closed","template":"advanced_search_results.php","meta":{"inline_featured_image":false,"_glsr_average":0,"_glsr_ranking":0,"_glsr_reviews":0,"footnotes":""},"class_list":["post-4382","page","type-page","status-publish","hentry"],"yoast_head":"<!-- This site is optimized with the Yoast SEO Premium plugin v25.1 (Yoast SEO v25.6) - https:\/\/yoast.com\/wordpress\/plugins\/seo\/ -->\n<title>Developers - Alira Real Estate - Real estate in the UAE<\/title>\n<meta name=\"robots\" content=\"index, follow, max-snippet:-1, max-image-preview:large, max-video-preview:-1\" \/>\n<link rel=\"canonical\" href=\"https:\/\/alirarealestate.com\/fr\/developers\/\" \/>\n<meta property=\"og:locale\" content=\"fr_FR\" \/>\n<meta property=\"og:type\" content=\"article\" \/>\n<meta property=\"og:title\" content=\"Developers\" \/>\n<meta property=\"og:url\" content=\"https:\/\/alirarealestate.com\/fr\/developers\/\" \/>\n<meta property=\"og:site_name\" content=\"Alira Real Estate - Real estate in the UAE\" \/>\n<meta property=\"article:modified_time\" content=\"2024-10-27T16:11:14+00:00\" \/>\n<meta name=\"twitter:card\" content=\"summary_large_image\" \/>\n<meta name=\"twitter:label1\" content=\"Dur\u00e9e de lecture estim\u00e9e\" \/>\n\t<meta name=\"twitter:data1\" content=\"2 minutes\" \/>\n<script type=\"application\/ld+json\" class=\"yoast-schema-graph\">{\"@context\":\"https:\/\/schema.org\",\"@graph\":[{\"@type\":\"WebPage\",\"@id\":\"https:\/\/alirarealestate.com\/fr\/developers\/\",\"url\":\"https:\/\/alirarealestate.com\/fr\/developers\/\",\"name\":\"Developers - Alira Real Estate - Real estate in the UAE\",\"isPartOf\":{\"@id\":\"https:\/\/alirarealestate.com\/fr\/#website\"},\"datePublished\":\"2024-04-18T07:17:40+00:00\",\"dateModified\":\"2024-10-27T16:11:14+00:00\",\"breadcrumb\":{\"@id\":\"https:\/\/alirarealestate.com\/fr\/developers\/#breadcrumb\"},\"inLanguage\":\"fr-FR\",\"potentialAction\":[{\"@type\":\"ReadAction\",\"target\":[\"https:\/\/alirarealestate.com\/fr\/developers\/\"]}]},{\"@type\":\"BreadcrumbList\",\"@id\":\"https:\/\/alirarealestate.com\/fr\/developers\/#breadcrumb\",\"itemListElement\":[{\"@type\":\"ListItem\",\"position\":1,\"name\":\"Home\",\"item\":\"https:\/\/alirarealestate.com\/\"},{\"@type\":\"ListItem\",\"position\":2,\"name\":\"Developers\"}]},{\"@type\":\"WebSite\",\"@id\":\"https:\/\/alirarealestate.com\/fr\/#website\",\"url\":\"https:\/\/alirarealestate.com\/fr\/\",\"name\":\"Alira Real Estate - Real estate in the UAE\",\"description\":\"\",\"potentialAction\":[{\"@type\":\"SearchAction\",\"target\":{\"@type\":\"EntryPoint\",\"urlTemplate\":\"https:\/\/alirarealestate.com\/fr\/?s={search_term_string}\"},\"query-input\":{\"@type\":\"PropertyValueSpecification\",\"valueRequired\":true,\"valueName\":\"search_term_string\"}}],\"inLanguage\":\"fr-FR\"}]}<\/script>\n<!-- \/ Yoast SEO Premium plugin. -->","yoast_head_json":{"title":"Developers - Alira Real Estate - Real estate in the UAE","robots":{"index":"index","follow":"follow","max-snippet":"max-snippet:-1","max-image-preview":"max-image-preview:large","max-video-preview":"max-video-preview:-1"},"canonical":"https:\/\/alirarealestate.com\/fr\/developers\/","og_locale":"fr_FR","og_type":"article","og_title":"Developers","og_url":"https:\/\/alirarealestate.com\/fr\/developers\/","og_site_name":"Alira Real Estate - Real estate in the UAE","article_modified_time":"2024-10-27T16:11:14+00:00","twitter_card":"summary_large_image","twitter_misc":{"Dur\u00e9e de lecture estim\u00e9e":"2 minutes"},"schema":{"@context":"https:\/\/schema.org","@graph":[{"@type":"WebPage","@id":"https:\/\/alirarealestate.com\/fr\/developers\/","url":"https:\/\/alirarealestate.com\/fr\/developers\/","name":"Developers - Alira Real Estate - Real estate in the UAE","isPartOf":{"@id":"https:\/\/alirarealestate.com\/fr\/#website"},"datePublished":"2024-04-18T07:17:40+00:00","dateModified":"2024-10-27T16:11:14+00:00","breadcrumb":{"@id":"https:\/\/alirarealestate.com\/fr\/developers\/#breadcrumb"},"inLanguage":"fr-FR","potentialAction":[{"@type":"ReadAction","target":["https:\/\/alirarealestate.com\/fr\/developers\/"]}]},{"@type":"BreadcrumbList","@id":"https:\/\/alirarealestate.com\/fr\/developers\/#breadcrumb","itemListElement":[{"@type":"ListItem","position":1,"name":"Home","item":"https:\/\/alirarealestate.com\/"},{"@type":"ListItem","position":2,"name":"Developers"}]},{"@type":"WebSite","@id":"https:\/\/alirarealestate.com\/fr\/#website","url":"https:\/\/alirarealestate.com\/fr\/","name":"Alira Real Estate - Real estate in the UAE","description":"","potentialAction":[{"@type":"SearchAction","target":{"@type":"EntryPoint","urlTemplate":"https:\/\/alirarealestate.com\/fr\/?s={search_term_string}"},"query-input":{"@type":"PropertyValueSpecification","valueRequired":true,"valueName":"search_term_string"}}],"inLanguage":"fr-FR"}]}},"_links":{"self":[{"href":"https:\/\/alirarealestate.com\/fr\/wp-json\/wp\/v2\/pages\/4382"}],"collection":[{"href":"https:\/\/alirarealestate.com\/fr\/wp-json\/wp\/v2\/pages"}],"about":[{"href":"https:\/\/alirarealestate.com\/fr\/wp-json\/wp\/v2\/types\/page"}],"author":[{"embeddable":true,"href":"https:\/\/alirarealestate.com\/fr\/wp-json\/wp\/v2\/users\/1"}],"replies":[{"embeddable":true,"href":"https:\/\/alirarealestate.com\/fr\/wp-json\/wp\/v2\/comments?post=4382"}],"version-history":[{"count":2,"href":"https:\/\/alirarealestate.com\/fr\/wp-json\/wp\/v2\/pages\/4382\/revisions"}],"predecessor-version":[{"id":5942,"href":"https:\/\/alirarealestate.com\/fr\/wp-json\/wp\/v2\/pages\/4382\/revisions\/5942"}],"wp:attachment":[{"href":"https:\/\/alirarealestate.com\/fr\/wp-json\/wp\/v2\/media?parent=4382"}],"curies":[{"name":"wp","href":"https:\/\/api.w.org\/{rel}","templated":true}]}}