{"id":4371,"date":"2024-04-18T10:17:40","date_gmt":"2024-04-18T07:17:40","guid":{"rendered":"https:\/\/alirarealestate.com\/catalog\/buy\/dubai\/jumeirah-lake-towers\/"},"modified":"2024-10-27T18:17:09","modified_gmt":"2024-10-27T15:17:09","slug":"jumeirah-lake-towers","status":"publish","type":"page","link":"https:\/\/alirarealestate.com\/fr\/catalog\/buy\/dubai\/jumeirah-lake-towers\/","title":{"rendered":"Propri\u00e9t\u00e9s \u00e0 vendre \u00e0 Jumeirah Lake Towers"},"content":{"rendered":"<section class=\"wpb-content-wrapper\"><div class=\"vc_row wpb_row vc_row-fluid vc_row\"><div class=\"wpb_column vc_column_container vc_col-sm-12 vc_column\"><div class=\"vc_column-inner\"><div class=\"wpb_wrapper\">\n\t<div class=\"wpb_text_column wpb_content_element  vc_column_text\" >\n\t\t<div class=\"wpb_wrapper\">\n\t\t\t<p style=\"text-align: left;\"><span style=\"font-weight: 400;\">Jumeirah Lake Towers est un quartier moderne de Duba\u00ef construit autour de trois lacs artificiels. Les rives pittoresques du lac abritent 26 groupes, comprenant 87 immeubles de grande hauteur. La zone combine des d\u00e9veloppements r\u00e9sidentiels et commerciaux. Ceux qui cherchent \u00e0 acheter une propri\u00e9t\u00e9 \u00e0 Jumeirah Lake Towers, \u00e0 Duba\u00ef, peuvent profiter d&#039;une infrastructure bien d\u00e9velopp\u00e9e et d&#039;un parc public pittoresque d&#039;environ 55 000 m\u00e8tres carr\u00e9s, comprenant des installations sportives, des pistes de jogging et un cin\u00e9ma en plein air. Le catalogue d&#039;Alira propose une large s\u00e9lection de propri\u00e9t\u00e9s \u00e0 JLT. Le personnel de notre agence vous aidera \u00e0 choisir les meilleures options et vous fournira un soutien qualifi\u00e9 \u00e0 toutes les \u00e9tapes de la transaction d&#039;achat\/vente.<\/span><\/p>\n<p>&nbsp;<\/p>\n<h2 style=\"text-align: left;\"><b>Avantages d&#039;acheter une propri\u00e9t\u00e9 \u00e0 Jumeirah Lake Towers<\/b><\/h2>\n<p>&nbsp;<\/p>\n<p style=\"text-align: left;\"><span style=\"font-weight: 400;\">Les maisons et appartements de Jumeirah Lake Towers sont des propri\u00e9t\u00e9s prestigieuses situ\u00e9es dans un quartier anim\u00e9 \u00e0 proximit\u00e9 du centre-ville de Duba\u00ef. Les principaux avantages de l&#039;achat d&#039;une propri\u00e9t\u00e9 r\u00e9sidentielle dans ce quartier sont les suivants :<\/span><\/p>\n<p>&nbsp;<\/p>\n<ul style=\"text-align: left;\">\n<li style=\"font-weight: 400;\" aria-level=\"1\"><b>Emplacement privil\u00e9gi\u00e9 :<\/b><span style=\"font-weight: 400;\"> Le quartier s&#039;\u00e9tend le long de l&#039;une des principales autoroutes de Duba\u00ef, Sheikh Zayed Road, permettant aux r\u00e9sidents d&#039;acc\u00e9der facilement \u00e0 n&#039;importe quelle partie de la ville ou \u00e0 l&#039;a\u00e9roport.<\/span><\/li>\n<li style=\"font-weight: 400;\" aria-level=\"1\"><b>Infrastructures bien d\u00e9velopp\u00e9es :<\/b><span style=\"font-weight: 400;\"> La communaut\u00e9 abrite de nombreux \u00e9quipements sociaux (commerces, cliniques, cr\u00e8ches, etc.). De plus, les r\u00e9sidents peuvent utiliser les infrastructures de la marina de Duba\u00ef, situ\u00e9e \u00e0 proximit\u00e9, qui se trouve \u00e0 quelques minutes \u00e0 pied.<\/span><\/li>\n<li style=\"font-weight: 400;\" aria-level=\"1\"><b>Environnement sain :<\/b><span style=\"font-weight: 400;\"> Les lacs et le grand parc purifient efficacement l&#039;air des gaz d&#039;\u00e9chappement, faisant du quartier un excellent endroit pour les familles avec enfants.<\/span><\/li>\n<li style=\"font-weight: 400;\" aria-level=\"1\"><b>Grande vari\u00e9t\u00e9 de propri\u00e9t\u00e9s :<\/b><span style=\"font-weight: 400;\"> Sont disponibles \u00e0 la vente des appartements spacieux et des studios compacts.<\/span><\/li>\n<li style=\"font-weight: 400;\" aria-level=\"1\"><b>Appel \u00e0 l\u2019investissement :<\/b><span style=\"font-weight: 400;\"> En raison de sa proximit\u00e9 avec les quartiers centraux de Duba\u00ef, JLT est populaire aupr\u00e8s des investisseurs. Des rendements rentables peuvent \u00eatre obtenus \u00e0 la fois par la revente et la location de biens immobiliers.<\/span><\/li>\n<li style=\"font-weight: 400;\" aria-level=\"1\"><b>Prix des logements abordables :<\/b><span style=\"font-weight: 400;\"> Le co\u00fbt d\u2019achat et de location d\u2019une propri\u00e9t\u00e9 \u00e0 JLT est inf\u00e9rieur \u00e0 celui de la r\u00e9gion voisine de Duba\u00ef Marina.<\/span><\/li>\n<\/ul>\n<h4><\/h4>\n<h2 style=\"text-align: left;\"><b>Infrastructures de la zone<\/b><\/h2>\n<p>&nbsp;<\/p>\n<p style=\"text-align: left;\"><span style=\"font-weight: 400;\">Acheter un bien immobilier \u00e0 Jumeirah Lake Towers, c&#039;est s&#039;installer dans un quartier confortable dot\u00e9 d&#039;infrastructures bien d\u00e9velopp\u00e9es. La communaut\u00e9 compte plusieurs supermarch\u00e9s, de nombreuses \u00e9piceries et des magasins ouverts 24h\/24. Si n\u00e9cessaire, les r\u00e9sidents peuvent se rendre au Dubai Marina Mall, l&#039;un des plus grands centres commerciaux de Duba\u00ef, situ\u00e9 \u00e0 15-20 minutes \u00e0 pied.<\/span><\/p>\n<p>&nbsp;<\/p>\n<p style=\"text-align: left;\"><span style=\"font-weight: 400;\">Les services m\u00e9dicaux sont assur\u00e9s par de nombreuses cliniques et sp\u00e9cialistes aux profils vari\u00e9s. Le district compte des cliniques dentaires, des centres m\u00e9dicaux et des cabinets m\u00e9dicaux, tels que la clinique Aster et le centre m\u00e9dical Armada. Les grands h\u00f4pitaux sont \u00e0 15 minutes en voiture.<\/span><\/p>\n<p>&nbsp;<\/p>\n<p style=\"text-align: left;\"><span style=\"font-weight: 400;\">Le secteur \u00e9ducatif comprend 10 jardins d&#039;enfants. Les enfants peuvent \u00e9galement fr\u00e9quenter une \u00e9cole de musique ou pratiquer la boxe \u00e0 l&#039;\u00e9cole de sport Fit Boys Gym. Les \u00e9coles publiques les plus proches se trouvent \u00e0 Duba\u00ef Marina.<\/span><\/p>\n<p>&nbsp;<\/p>\n<p style=\"text-align: left;\"><span style=\"font-weight: 400;\">La plupart des complexes r\u00e9sidentiels de JLT disposent de leurs propres salles de sport et piscines. Des installations sportives suppl\u00e9mentaires sont disponibles dans le parc public, qui comprend des pistes de jogging, des points de location de scooters \u00e9lectriques et des terrains de sport.<\/span><\/p>\n<p>&nbsp;<\/p>\n<p style=\"text-align: left;\"><span style=\"font-weight: 400;\">Les soir\u00e9es peuvent \u00eatre agr\u00e9ablement pass\u00e9es dans les caf\u00e9s ou restaurants situ\u00e9s au bord des lacs, proposant une grande vari\u00e9t\u00e9 de plats gastronomiques. Chaque r\u00e9sident peut trouver un \u00e9tablissement gastronomique \u00e0 son go\u00fbt.<\/span><\/p>\n<p>&nbsp;<\/p>\n<p style=\"text-align: left;\"><span style=\"font-weight: 400;\">L&#039;infrastructure de transport bien d\u00e9velopp\u00e9e permet aux r\u00e9sidents de se d\u00e9placer facilement dans la ville. Les sorties du quartier vers Sheikh Zayed Road sont assur\u00e9es par des \u00e9changeurs de transport situ\u00e9s au sein de la communaut\u00e9. Il faut environ 40 minutes pour rejoindre l&#039;a\u00e9roport international de Duba\u00ef en voiture priv\u00e9e ou en taxi.<\/span><\/p>\n<p>&nbsp;<\/p>\n<p style=\"text-align: left;\"><span style=\"font-weight: 400;\">Les transports publics fonctionnent r\u00e9guli\u00e8rement et efficacement. Les quartiers disposent de 11 arr\u00eats de bus et l&#039;un d&#039;eux est dot\u00e9 d&#039;un arr\u00eat de tramway. La ligne de m\u00e9tro de Duba\u00ef longe Sheikh Zayed Road. Les r\u00e9sidents de JLT ont acc\u00e8s aux stations de m\u00e9tro DMCC et Sobha Realty, situ\u00e9es \u00e0 5-10 minutes \u00e0 pied de n&#039;importe lequel des gratte-ciel.<\/span><\/p>\n<h3><\/h3>\n<h2 style=\"text-align: left;\"><b>Types de<\/b><b> Immobilier \u00e0 vendre \u00e0 Jumeirah Lake Towers<\/b><\/h2>\n<p>&nbsp;<\/p>\n<p style=\"text-align: left;\"><span style=\"font-weight: 400;\">Jumeirah Lake Towers (JLT) est une communaut\u00e9 de grande hauteur \u00e0 Duba\u00ef sans secteur priv\u00e9, sans villas haut de gamme ni maisons de ville. Les principaux types de propri\u00e9t\u00e9s disponibles sont les suivants :<\/span><\/p>\n<p>&nbsp;<\/p>\n<ul style=\"text-align: left;\">\n<li style=\"font-weight: 400;\" aria-level=\"1\"><b>Ateliers:<\/b><span style=\"font-weight: 400;\"> Unit\u00e9s compactes o\u00f9 la cuisine est int\u00e9gr\u00e9e \u00e0 la chambre. Elles sont tr\u00e8s appr\u00e9ci\u00e9es des jeunes professionnels et des c\u00e9libataires, car elles offrent le meilleur rendement locatif aux propri\u00e9taires.<\/span><\/li>\n<li style=\"font-weight: 400;\" aria-level=\"1\"><b>Appartements de 1 \u00e0 4 chambres :<\/b><span style=\"font-weight: 400;\"> Il s&#039;agit du type de logement le plus courant et le plus vari\u00e9. Les appartements pr\u00e9sentent des agencements efficaces et des conceptions bien pens\u00e9es, ce qui les rend attrayants \u00e0 la fois pour l&#039;habitation et pour l&#039;investissement locatif.<\/span><\/li>\n<li style=\"font-weight: 400;\" aria-level=\"1\"><b>Attiques :<\/b><span style=\"font-weight: 400;\"> R\u00e9sidences luxueuses de 3 \u00e0 4 chambres situ\u00e9es aux \u00e9tages sup\u00e9rieurs des gratte-ciels. Elles sont livr\u00e9es aux acheteurs avec des finitions haut de gamme, de spacieuses terrasses ouvertes et parfois, un acc\u00e8s priv\u00e9 \u00e0 un toit. Une caract\u00e9ristique distinctive des penthouses est la possibilit\u00e9 de profiter d&#039;une vue panoramique imprenable sur le golfe Persique.<\/span><\/li>\n<\/ul>\n<h3><\/h3>\n<h2 style=\"text-align: left;\"><b>Prix de l&#039;immobilier \u00e0 JLT<\/b><\/h2>\n<p>&nbsp;<\/p>\n<p style=\"text-align: left;\"><span style=\"font-weight: 400;\">JLT propose des appartements abordables et haut de gamme avec des finitions haut de gamme et une gamme compl\u00e8te d&#039;\u00e9quipements. Les prix de l&#039;immobilier \u00e0 Jumeirah Lake Towers d\u00e9pendent de divers facteurs, notamment du type de logement, de la zone et du niveau d&#039;\u00e9quipements du complexe r\u00e9sidentiel. De plus, la qualit\u00e9 des finitions int\u00e9rieures et de l&#039;agencement peuvent influencer le prix.<\/span><\/p>\n<p>&nbsp;<\/p>\n<p style=\"text-align: left;\"><span style=\"font-weight: 400;\">Prix moyens des propri\u00e9t\u00e9s r\u00e9sidentielles \u00e0 JLT :<\/span><\/p>\n<p>&nbsp;<\/p>\n<ul style=\"text-align: left;\">\n<li style=\"font-weight: 400;\" aria-level=\"1\"><span style=\"font-weight: 400;\">Studio \u2013 environ 685 000 AED<\/span><\/li>\n<li style=\"font-weight: 400;\" aria-level=\"1\"><span style=\"font-weight: 400;\">Appartement d&#039;une chambre \u2013 1,2 million AED<\/span><\/li>\n<li style=\"font-weight: 400;\" aria-level=\"1\"><span style=\"font-weight: 400;\">Appartement de deux chambres \u2013 \u00e0 partir de 1,8 million d\u2019AED<\/span><\/li>\n<li style=\"font-weight: 400;\" aria-level=\"1\"><span style=\"font-weight: 400;\">Appartement de trois chambres \u2013 2,5 millions AED<\/span><\/li>\n<li style=\"font-weight: 400;\" aria-level=\"1\"><span style=\"font-weight: 400;\">R\u00e9sidence de quatre chambres \u2013 3,8 millions AED<\/span><\/li>\n<\/ul>\n<p>&nbsp;<\/p>\n<p style=\"text-align: left;\"><span style=\"font-weight: 400;\">Des options plus abordables sont disponibles au stade de la construction. Une fois termin\u00e9s, les appartements dans les nouveaux b\u00e2timents augmentent g\u00e9n\u00e9ralement de valeur de 20 \u00e0 30%, ce qui en fait un choix populaire pour les investisseurs \u00e0 la recherche d&#039;opportunit\u00e9s de revente. Bien que la majeure partie du quartier soit d\u00e9j\u00e0 d\u00e9velopp\u00e9e, il existe encore quelques complexes r\u00e9sidentiels en construction dans la partie ouest. En outre, un nouveau projet, Uptown Dubai, est pr\u00e9vu \u00e0 proximit\u00e9, avec des gratte-ciel futuristes et des appartements confortables.<\/span><\/p>\n<h3><\/h3>\n<h2 style=\"text-align: left;\"><b>Style de vie dans le quartier<\/b><\/h2>\n<p>&nbsp;<\/p>\n<p style=\"text-align: left;\"><span style=\"font-weight: 400;\">Initialement envisag\u00e9 comme une zone commerciale, le d\u00e9veloppement rapide de la marina voisine de Duba\u00ef a entra\u00een\u00e9 une \u00e9volution vers des propri\u00e9t\u00e9s r\u00e9sidentielles ax\u00e9es sur les zones r\u00e9cr\u00e9atives.<\/span><\/p>\n<p>&nbsp;<\/p>\n<p style=\"text-align: left;\"><span style=\"font-weight: 400;\">Les 26 quartiers de JLT sont situ\u00e9s le long des rives du lac, chacun portant le nom d&#039;une lettre de l&#039;alphabet latin et compos\u00e9 de plusieurs gratte-ciel. La zone comprend des parkings, des magasins et d&#039;autres infrastructures. Les rives du lac sont bord\u00e9es de promenades o\u00f9 les r\u00e9sidents aiment se promener et socialiser avec leurs voisins.<\/span><\/p>\n<p>&nbsp;<\/p>\n<p style=\"text-align: left;\"><span style=\"font-weight: 400;\">Un parc pittoresque s&#039;\u00e9tend au centre du quartier, offrant de nombreuses installations sportives, r\u00e9cr\u00e9atives et de jeux pour enfants. Il comprend un terrain de football, des \u00e9quipements de gymnastique en plein air et un terrain de basket-ball. La pelouse centrale du parc est utilis\u00e9e pour des \u00e9v\u00e9nements culturels.<\/span><\/p>\n<p>&nbsp;<\/p>\n<p style=\"text-align: left;\"><span style=\"font-weight: 400;\">JLT est id\u00e9al pour les familles avec enfants, avec des jardins d&#039;enfants, des centres de d\u00e9veloppement, des salles de jeux et d&#039;autres services pour enfants dans presque chaque quartier. Les \u00e9coles publiques les plus proches sont \u00e0 environ 15 minutes en voiture dans les quartiers voisins.<\/span><\/p>\n<p>&nbsp;<\/p>\n<p style=\"text-align: left;\"><span style=\"font-weight: 400;\">JLT autorise les animaux de compagnie, avec un petit parc d\u00e9sign\u00e9 pour la promenade des chiens en plus du grand parc public.<\/span><\/p>\n<h3><\/h3>\n<h2 style=\"text-align: left;\"><b>Investissement immobilier<\/b><\/h2>\n<p>&nbsp;<\/p>\n<p style=\"text-align: left;\"><span style=\"font-weight: 400;\">Le principal atout de JLT en mati\u00e8re d&#039;investissement r\u00e9side dans son emplacement id\u00e9al \u00e0 proximit\u00e9 de quartiers prestigieux tels que Business Bay, Dubai Marina et Jumeirah. Associ\u00e9 \u00e0 une excellente connectivit\u00e9 des transports, cela en fait un quartier pris\u00e9 pour l&#039;achat de biens immobiliers \u00e0 des fins de revente ou de location.<\/span><\/p>\n<p>&nbsp;<\/p>\n<p style=\"text-align: left;\"><span style=\"font-weight: 400;\">Il est important de noter que JLT est une zone \u00e9conomique franche, offrant des conditions favorables \u00e0 l&#039;enregistrement des entreprises. Plus de 21 000 entreprises y sont enregistr\u00e9es, attirant des entrepreneurs, des jeunes professionnels et des employ\u00e9s de bureau qui cherchent \u00e0 louer \u00e0 proximit\u00e9.<\/span><\/p>\n<p>&nbsp;<\/p>\n<p style=\"text-align: left;\"><span style=\"font-weight: 400;\">Rendement moyen des investissements dans JLT :<\/span><\/p>\n<p>&nbsp;<\/p>\n<ul style=\"text-align: left;\">\n<li style=\"font-weight: 400;\" aria-level=\"1\"><span style=\"font-weight: 400;\">Studio \u2013 jusqu&#039;\u00e0 7.86%<\/span><\/li>\n<li style=\"font-weight: 400;\" aria-level=\"1\"><span style=\"font-weight: 400;\">Appartement T1 \u2013 plus de 7.1%<\/span><\/li>\n<li style=\"font-weight: 400;\" aria-level=\"1\"><span style=\"font-weight: 400;\">Appartement 2 chambres \u2013 6.88%<\/span><\/li>\n<li style=\"font-weight: 400;\" aria-level=\"1\"><span style=\"font-weight: 400;\">Appartement 3 chambres \u2013 6.91%<\/span><\/li>\n<\/ul>\n<p style=\"text-align: left;\"><span style=\"font-weight: 400;\">Les revenus locatifs aux \u00c9mirats arabes unis sont exon\u00e9r\u00e9s d&#039;imp\u00f4t, ce qui permet aux propri\u00e9taires de gagner leurs revenus l\u00e9galement.<\/span><\/p>\n<p>&nbsp;<\/p>\n<h2 style=\"text-align: left;\"><b>Avantages d&#039;un partenariat avec Alira Real Estate<\/b><\/h2>\n<p>&nbsp;<\/p>\n<p style=\"text-align: left;\"><span style=\"font-weight: 400;\">Alira est pr\u00eate \u00e0 vous aider \u00e0 acheter un bien immobilier \u00e0 Jumeirah Lake Towers pour un investissement ou une r\u00e9sidence permanente. Les raisons de travailler avec nous incluent :<\/span><\/p>\n<p>&nbsp;<\/p>\n<ul style=\"text-align: left;\">\n<li style=\"font-weight: 400;\" aria-level=\"1\"><b>Agence Professionnelle:<\/b><span style=\"font-weight: 400;\"> Comp\u00e9tent et exp\u00e9riment\u00e9 sur le march\u00e9 immobilier des EAU.<\/span><\/li>\n<li style=\"font-weight: 400;\" aria-level=\"1\"><b>Services complets :<\/b><span style=\"font-weight: 400;\"> De la s\u00e9lection et de l\u2019achat d\u2019un bien immobilier \u00e0 l\u2019organisation de la vente, \u00e0 la recherche de locataires ou \u00e0 la gestion de propri\u00e9t\u00e9s r\u00e9sidentielles et commerciales.<\/span><\/li>\n<li style=\"font-weight: 400;\" aria-level=\"1\"><b>Confidentialit\u00e9 garantie :<\/b><span style=\"font-weight: 400;\"> Toutes les informations client sont gard\u00e9es confidentielles.<\/span><\/li>\n<li style=\"font-weight: 400;\" aria-level=\"1\"><b>Approche Responsable :<\/b><span style=\"font-weight: 400;\"> Interaction flexible pour s\u00e9lectionner des propri\u00e9t\u00e9s adapt\u00e9es aux besoins individuels des acheteurs.<\/span><\/li>\n<li style=\"font-weight: 400;\" aria-level=\"1\"><b>Large s\u00e9lection de propri\u00e9t\u00e9s :<\/b><span style=\"font-weight: 400;\"> Recherche rapide gr\u00e2ce \u00e0 des crit\u00e8res de filtrage bien pens\u00e9s.<\/span><\/li>\n<\/ul>\n<p>&nbsp;<\/p>\n<p style=\"text-align: left;\"><span style=\"font-weight: 400;\">Pour plus d&#039;informations, contactez-nous par email \u00e0 <a class=\"mail\" href=\"mailto:info@alirarealestate.com\">info@alirarealestate.com<\/a> ou par t\u00e9l\u00e9phone au <a href=\"tel: 971588337\">+971 (588) 337<\/a>, <a href=\"tel: 79869277377\">+7 (986) 927-73-77.<\/a>. Nos sp\u00e9cialistes vous informeront sur les prix de l&#039;immobilier \u00e0 Jumeirah Lakes Towers, Duba\u00ef, vous aideront dans vos transactions et vous fourniront des services apr\u00e8s-vente de haute qualit\u00e9 sur demande. Contactez-nous \u00e0 votre convenance pour acheter en toute s\u00e9curit\u00e9 et de mani\u00e8re rentable une propri\u00e9t\u00e9 \u00e0 Jumeirah Lake Towers qui r\u00e9pond \u00e0 vos besoins !<\/span><\/p>\n\n\t\t<\/div>\n\t<\/div>\n<\/div><\/div><\/div><\/div>\n<\/section>","protected":false},"excerpt":{"rendered":"Jumeirah Lake Towers est un quartier moderne de Duba\u00ef construit autour de trois lacs artificiels. Les rives pittoresques du lac abritent 26 groupes, comprenant 87 immeubles de grande hauteur. La zone combine des d\u00e9veloppements r\u00e9sidentiels et commerciaux. Ceux qui cherchent \u00e0 acheter une propri\u00e9t\u00e9 \u00e0 Jumeirah Lake Towers, \u00e0 Duba\u00ef, peuvent profiter d&#039;une infrastructure bien d\u00e9velopp\u00e9e et d&#039;un parc public pittoresque d&#039;environ 55 000 m\u00e8tres carr\u00e9s, comprenant des installations sportives, des pistes de jogging et un espace de plein air.","protected":false},"author":1,"featured_media":0,"parent":4295,"menu_order":0,"comment_status":"closed","ping_status":"closed","template":"advanced_search_results.php","meta":{"inline_featured_image":false,"_glsr_average":0,"_glsr_ranking":0,"_glsr_reviews":0,"footnotes":""},"class_list":["post-4371","page","type-page","status-publish","hentry"],"yoast_head":"<!-- This site is optimized with the Yoast SEO Premium plugin v25.1 (Yoast SEO v25.6) - https:\/\/yoast.com\/wordpress\/plugins\/seo\/ -->\n<title>Properties for Sale in Jumeirah Lake Towers - Alira Real Estate - Real estate in the UAE<\/title>\n<meta name=\"robots\" content=\"index, follow, max-snippet:-1, max-image-preview:large, max-video-preview:-1\" \/>\n<link rel=\"canonical\" href=\"https:\/\/alirarealestate.com\/fr\/catalog\/buy\/dubai\/jumeirah-lake-towers\/\" \/>\n<meta property=\"og:locale\" content=\"fr_FR\" \/>\n<meta property=\"og:type\" content=\"article\" \/>\n<meta property=\"og:title\" content=\"Properties for Sale in Jumeirah Lake Towers\" \/>\n<meta property=\"og:url\" content=\"https:\/\/alirarealestate.com\/fr\/catalog\/buy\/dubai\/jumeirah-lake-towers\/\" \/>\n<meta property=\"og:site_name\" content=\"Alira Real Estate - Real estate in the UAE\" \/>\n<meta property=\"article:modified_time\" content=\"2024-10-27T15:17:09+00:00\" \/>\n<meta name=\"twitter:card\" content=\"summary_large_image\" \/>\n<meta name=\"twitter:label1\" content=\"Dur\u00e9e de lecture estim\u00e9e\" \/>\n\t<meta name=\"twitter:data1\" content=\"6 minutes\" \/>\n<script type=\"application\/ld+json\" class=\"yoast-schema-graph\">{\"@context\":\"https:\/\/schema.org\",\"@graph\":[{\"@type\":\"WebPage\",\"@id\":\"https:\/\/alirarealestate.com\/fr\/catalog\/buy\/dubai\/jumeirah-lake-towers\/\",\"url\":\"https:\/\/alirarealestate.com\/fr\/catalog\/buy\/dubai\/jumeirah-lake-towers\/\",\"name\":\"Properties for Sale in Jumeirah Lake Towers - Alira Real Estate - Real estate in the UAE\",\"isPartOf\":{\"@id\":\"https:\/\/alirarealestate.com\/fr\/#website\"},\"datePublished\":\"2024-04-18T07:17:40+00:00\",\"dateModified\":\"2024-10-27T15:17:09+00:00\",\"breadcrumb\":{\"@id\":\"https:\/\/alirarealestate.com\/fr\/catalog\/buy\/dubai\/jumeirah-lake-towers\/#breadcrumb\"},\"inLanguage\":\"fr-FR\",\"potentialAction\":[{\"@type\":\"ReadAction\",\"target\":[\"https:\/\/alirarealestate.com\/fr\/catalog\/buy\/dubai\/jumeirah-lake-towers\/\"]}]},{\"@type\":\"BreadcrumbList\",\"@id\":\"https:\/\/alirarealestate.com\/fr\/catalog\/buy\/dubai\/jumeirah-lake-towers\/#breadcrumb\",\"itemListElement\":[{\"@type\":\"ListItem\",\"position\":1,\"name\":\"Home\",\"item\":\"https:\/\/alirarealestate.com\/\"},{\"@type\":\"ListItem\",\"position\":2,\"name\":\"Real Estate Catalog\",\"item\":\"https:\/\/alirarealestate.com\/catalog\/\"},{\"@type\":\"ListItem\",\"position\":3,\"name\":\"Real Estate Catalog\",\"item\":\"https:\/\/alirarealestate.com\/catalog\/buy\/\"},{\"@type\":\"ListItem\",\"position\":4,\"name\":\"Properties for Sale in Dubai\",\"item\":\"https:\/\/alirarealestate.com\/catalog\/buy\/dubai\/\"},{\"@type\":\"ListItem\",\"position\":5,\"name\":\"Properties for Sale in Jumeirah Lake Towers\"}]},{\"@type\":\"WebSite\",\"@id\":\"https:\/\/alirarealestate.com\/fr\/#website\",\"url\":\"https:\/\/alirarealestate.com\/fr\/\",\"name\":\"Alira Real Estate - Real estate in the UAE\",\"description\":\"\",\"potentialAction\":[{\"@type\":\"SearchAction\",\"target\":{\"@type\":\"EntryPoint\",\"urlTemplate\":\"https:\/\/alirarealestate.com\/fr\/?s={search_term_string}\"},\"query-input\":{\"@type\":\"PropertyValueSpecification\",\"valueRequired\":true,\"valueName\":\"search_term_string\"}}],\"inLanguage\":\"fr-FR\"}]}<\/script>\n<!-- \/ Yoast SEO Premium plugin. -->","yoast_head_json":{"title":"Properties for Sale in Jumeirah Lake Towers - Alira Real Estate - Real estate in the UAE","robots":{"index":"index","follow":"follow","max-snippet":"max-snippet:-1","max-image-preview":"max-image-preview:large","max-video-preview":"max-video-preview:-1"},"canonical":"https:\/\/alirarealestate.com\/fr\/catalog\/buy\/dubai\/jumeirah-lake-towers\/","og_locale":"fr_FR","og_type":"article","og_title":"Properties for Sale in Jumeirah Lake Towers","og_url":"https:\/\/alirarealestate.com\/fr\/catalog\/buy\/dubai\/jumeirah-lake-towers\/","og_site_name":"Alira Real Estate - Real estate in the UAE","article_modified_time":"2024-10-27T15:17:09+00:00","twitter_card":"summary_large_image","twitter_misc":{"Dur\u00e9e de lecture estim\u00e9e":"6 minutes"},"schema":{"@context":"https:\/\/schema.org","@graph":[{"@type":"WebPage","@id":"https:\/\/alirarealestate.com\/fr\/catalog\/buy\/dubai\/jumeirah-lake-towers\/","url":"https:\/\/alirarealestate.com\/fr\/catalog\/buy\/dubai\/jumeirah-lake-towers\/","name":"Properties for Sale in Jumeirah Lake Towers - Alira Real Estate - Real estate in the UAE","isPartOf":{"@id":"https:\/\/alirarealestate.com\/fr\/#website"},"datePublished":"2024-04-18T07:17:40+00:00","dateModified":"2024-10-27T15:17:09+00:00","breadcrumb":{"@id":"https:\/\/alirarealestate.com\/fr\/catalog\/buy\/dubai\/jumeirah-lake-towers\/#breadcrumb"},"inLanguage":"fr-FR","potentialAction":[{"@type":"ReadAction","target":["https:\/\/alirarealestate.com\/fr\/catalog\/buy\/dubai\/jumeirah-lake-towers\/"]}]},{"@type":"BreadcrumbList","@id":"https:\/\/alirarealestate.com\/fr\/catalog\/buy\/dubai\/jumeirah-lake-towers\/#breadcrumb","itemListElement":[{"@type":"ListItem","position":1,"name":"Home","item":"https:\/\/alirarealestate.com\/"},{"@type":"ListItem","position":2,"name":"Real Estate Catalog","item":"https:\/\/alirarealestate.com\/catalog\/"},{"@type":"ListItem","position":3,"name":"Real Estate Catalog","item":"https:\/\/alirarealestate.com\/catalog\/buy\/"},{"@type":"ListItem","position":4,"name":"Properties for Sale in Dubai","item":"https:\/\/alirarealestate.com\/catalog\/buy\/dubai\/"},{"@type":"ListItem","position":5,"name":"Properties for Sale in Jumeirah Lake Towers"}]},{"@type":"WebSite","@id":"https:\/\/alirarealestate.com\/fr\/#website","url":"https:\/\/alirarealestate.com\/fr\/","name":"Alira Real Estate - Real estate in the UAE","description":"","potentialAction":[{"@type":"SearchAction","target":{"@type":"EntryPoint","urlTemplate":"https:\/\/alirarealestate.com\/fr\/?s={search_term_string}"},"query-input":{"@type":"PropertyValueSpecification","valueRequired":true,"valueName":"search_term_string"}}],"inLanguage":"fr-FR"}]}},"_links":{"self":[{"href":"https:\/\/alirarealestate.com\/fr\/wp-json\/wp\/v2\/pages\/4371"}],"collection":[{"href":"https:\/\/alirarealestate.com\/fr\/wp-json\/wp\/v2\/pages"}],"about":[{"href":"https:\/\/alirarealestate.com\/fr\/wp-json\/wp\/v2\/types\/page"}],"author":[{"embeddable":true,"href":"https:\/\/alirarealestate.com\/fr\/wp-json\/wp\/v2\/users\/1"}],"replies":[{"embeddable":true,"href":"https:\/\/alirarealestate.com\/fr\/wp-json\/wp\/v2\/comments?post=4371"}],"version-history":[{"count":1,"href":"https:\/\/alirarealestate.com\/fr\/wp-json\/wp\/v2\/pages\/4371\/revisions"}],"predecessor-version":[{"id":5933,"href":"https:\/\/alirarealestate.com\/fr\/wp-json\/wp\/v2\/pages\/4371\/revisions\/5933"}],"up":[{"embeddable":true,"href":"https:\/\/alirarealestate.com\/fr\/wp-json\/wp\/v2\/pages\/4295"}],"wp:attachment":[{"href":"https:\/\/alirarealestate.com\/fr\/wp-json\/wp\/v2\/media?parent=4371"}],"curies":[{"name":"wp","href":"https:\/\/api.w.org\/{rel}","templated":true}]}}