{"id":4335,"date":"2024-04-18T10:17:39","date_gmt":"2024-04-18T07:17:39","guid":{"rendered":"https:\/\/alirarealestate.com\/catalog\/buy\/dubai\/dubai-harbor\/"},"modified":"2024-10-27T18:09:44","modified_gmt":"2024-10-27T15:09:44","slug":"dubai-harbor","status":"publish","type":"page","link":"https:\/\/alirarealestate.com\/fr\/catalog\/buy\/dubai\/dubai-harbor\/","title":{"rendered":"Propri\u00e9t\u00e9s \u00e0 Dubai Creek Harbor"},"content":{"rendered":"","protected":false},"excerpt":{"rendered":"","protected":false},"author":1,"featured_media":0,"parent":4295,"menu_order":0,"comment_status":"closed","ping_status":"closed","template":"advanced_search_results.php","meta":{"inline_featured_image":false,"_glsr_average":0,"_glsr_ranking":0,"_glsr_reviews":0,"footnotes":""},"class_list":["post-4335","page","type-page","status-publish","hentry"],"yoast_head":"<!-- This site is optimized with the Yoast SEO Premium plugin v25.1 (Yoast SEO v25.6) - https:\/\/yoast.com\/wordpress\/plugins\/seo\/ -->\n<title>Buy property in Dubai Marina, UAE. Housing prices - Alira<\/title>\n<meta name=\"description\" content=\"Buy property in Dubai Creek Harbour, Dubai, UAE. \u2b50 Current housing prices in Dubai Harbour. \u2b50 Photos and descriptions. \u27a4 Leave a request for selection on the website!\" \/>\n<meta name=\"robots\" content=\"index, follow, max-snippet:-1, max-image-preview:large, max-video-preview:-1\" \/>\n<link rel=\"canonical\" href=\"https:\/\/alirarealestate.com\/fr\/catalog\/buy\/dubai\/dubai-harbor\/\" \/>\n<meta property=\"og:locale\" content=\"fr_FR\" \/>\n<meta property=\"og:type\" content=\"article\" \/>\n<meta property=\"og:title\" content=\"Properties in Dubai Creek Harbor\" \/>\n<meta property=\"og:description\" content=\"Buy property in Dubai Creek Harbour, Dubai, UAE. \u2b50 Current housing prices in Dubai Harbour. \u2b50 Photos and descriptions. \u27a4 Leave a request for selection on the website!\" \/>\n<meta property=\"og:url\" content=\"https:\/\/alirarealestate.com\/fr\/catalog\/buy\/dubai\/dubai-harbor\/\" \/>\n<meta property=\"og:site_name\" content=\"Alira Real Estate - Real estate in the UAE\" \/>\n<meta property=\"article:modified_time\" content=\"2024-10-27T15:09:44+00:00\" \/>\n<meta name=\"twitter:card\" content=\"summary_large_image\" \/>\n<meta name=\"twitter:label1\" content=\"Dur\u00e9e de lecture estim\u00e9e\" \/>\n\t<meta name=\"twitter:data1\" content=\"1 minute\" \/>\n<script type=\"application\/ld+json\" class=\"yoast-schema-graph\">{\"@context\":\"https:\/\/schema.org\",\"@graph\":[{\"@type\":\"WebPage\",\"@id\":\"https:\/\/alirarealestate.com\/fr\/catalog\/buy\/dubai\/dubai-harbor\/\",\"url\":\"https:\/\/alirarealestate.com\/fr\/catalog\/buy\/dubai\/dubai-harbor\/\",\"name\":\"Buy property in Dubai Marina, UAE. Housing prices - Alira\",\"isPartOf\":{\"@id\":\"https:\/\/alirarealestate.com\/fr\/#website\"},\"datePublished\":\"2024-04-18T07:17:39+00:00\",\"dateModified\":\"2024-10-27T15:09:44+00:00\",\"description\":\"Buy property in Dubai Creek Harbour, Dubai, UAE. \u2b50 Current housing prices in Dubai Harbour. \u2b50 Photos and descriptions. \u27a4 Leave a request for selection on the website!\",\"breadcrumb\":{\"@id\":\"https:\/\/alirarealestate.com\/fr\/catalog\/buy\/dubai\/dubai-harbor\/#breadcrumb\"},\"inLanguage\":\"fr-FR\",\"potentialAction\":[{\"@type\":\"ReadAction\",\"target\":[\"https:\/\/alirarealestate.com\/fr\/catalog\/buy\/dubai\/dubai-harbor\/\"]}]},{\"@type\":\"BreadcrumbList\",\"@id\":\"https:\/\/alirarealestate.com\/fr\/catalog\/buy\/dubai\/dubai-harbor\/#breadcrumb\",\"itemListElement\":[{\"@type\":\"ListItem\",\"position\":1,\"name\":\"Home\",\"item\":\"https:\/\/alirarealestate.com\/\"},{\"@type\":\"ListItem\",\"position\":2,\"name\":\"Real Estate Catalog\",\"item\":\"https:\/\/alirarealestate.com\/catalog\/\"},{\"@type\":\"ListItem\",\"position\":3,\"name\":\"Real Estate Catalog\",\"item\":\"https:\/\/alirarealestate.com\/catalog\/buy\/\"},{\"@type\":\"ListItem\",\"position\":4,\"name\":\"Properties for Sale in Dubai\",\"item\":\"https:\/\/alirarealestate.com\/catalog\/buy\/dubai\/\"},{\"@type\":\"ListItem\",\"position\":5,\"name\":\"Properties in Dubai Creek Harbor\"}]},{\"@type\":\"WebSite\",\"@id\":\"https:\/\/alirarealestate.com\/fr\/#website\",\"url\":\"https:\/\/alirarealestate.com\/fr\/\",\"name\":\"Alira Real Estate - Real estate in the UAE\",\"description\":\"\",\"potentialAction\":[{\"@type\":\"SearchAction\",\"target\":{\"@type\":\"EntryPoint\",\"urlTemplate\":\"https:\/\/alirarealestate.com\/fr\/?s={search_term_string}\"},\"query-input\":{\"@type\":\"PropertyValueSpecification\",\"valueRequired\":true,\"valueName\":\"search_term_string\"}}],\"inLanguage\":\"fr-FR\"}]}<\/script>\n<!-- \/ Yoast SEO Premium plugin. -->","yoast_head_json":{"title":"Buy property in Dubai Marina, UAE. Housing prices - Alira","description":"Buy property in Dubai Creek Harbour, Dubai, UAE. \u2b50 Current housing prices in Dubai Harbour. \u2b50 Photos and descriptions. \u27a4 Leave a request for selection on the website!","robots":{"index":"index","follow":"follow","max-snippet":"max-snippet:-1","max-image-preview":"max-image-preview:large","max-video-preview":"max-video-preview:-1"},"canonical":"https:\/\/alirarealestate.com\/fr\/catalog\/buy\/dubai\/dubai-harbor\/","og_locale":"fr_FR","og_type":"article","og_title":"Properties in Dubai Creek Harbor","og_description":"Buy property in Dubai Creek Harbour, Dubai, UAE. \u2b50 Current housing prices in Dubai Harbour. \u2b50 Photos and descriptions. \u27a4 Leave a request for selection on the website!","og_url":"https:\/\/alirarealestate.com\/fr\/catalog\/buy\/dubai\/dubai-harbor\/","og_site_name":"Alira Real Estate - Real estate in the UAE","article_modified_time":"2024-10-27T15:09:44+00:00","twitter_card":"summary_large_image","twitter_misc":{"Dur\u00e9e de lecture estim\u00e9e":"1 minute"},"schema":{"@context":"https:\/\/schema.org","@graph":[{"@type":"WebPage","@id":"https:\/\/alirarealestate.com\/fr\/catalog\/buy\/dubai\/dubai-harbor\/","url":"https:\/\/alirarealestate.com\/fr\/catalog\/buy\/dubai\/dubai-harbor\/","name":"Buy property in Dubai Marina, UAE. Housing prices - Alira","isPartOf":{"@id":"https:\/\/alirarealestate.com\/fr\/#website"},"datePublished":"2024-04-18T07:17:39+00:00","dateModified":"2024-10-27T15:09:44+00:00","description":"Buy property in Dubai Creek Harbour, Dubai, UAE. \u2b50 Current housing prices in Dubai Harbour. \u2b50 Photos and descriptions. \u27a4 Leave a request for selection on the website!","breadcrumb":{"@id":"https:\/\/alirarealestate.com\/fr\/catalog\/buy\/dubai\/dubai-harbor\/#breadcrumb"},"inLanguage":"fr-FR","potentialAction":[{"@type":"ReadAction","target":["https:\/\/alirarealestate.com\/fr\/catalog\/buy\/dubai\/dubai-harbor\/"]}]},{"@type":"BreadcrumbList","@id":"https:\/\/alirarealestate.com\/fr\/catalog\/buy\/dubai\/dubai-harbor\/#breadcrumb","itemListElement":[{"@type":"ListItem","position":1,"name":"Home","item":"https:\/\/alirarealestate.com\/"},{"@type":"ListItem","position":2,"name":"Real Estate Catalog","item":"https:\/\/alirarealestate.com\/catalog\/"},{"@type":"ListItem","position":3,"name":"Real Estate Catalog","item":"https:\/\/alirarealestate.com\/catalog\/buy\/"},{"@type":"ListItem","position":4,"name":"Properties for Sale in Dubai","item":"https:\/\/alirarealestate.com\/catalog\/buy\/dubai\/"},{"@type":"ListItem","position":5,"name":"Properties in Dubai Creek Harbor"}]},{"@type":"WebSite","@id":"https:\/\/alirarealestate.com\/fr\/#website","url":"https:\/\/alirarealestate.com\/fr\/","name":"Alira Real Estate - Real estate in the UAE","description":"","potentialAction":[{"@type":"SearchAction","target":{"@type":"EntryPoint","urlTemplate":"https:\/\/alirarealestate.com\/fr\/?s={search_term_string}"},"query-input":{"@type":"PropertyValueSpecification","valueRequired":true,"valueName":"search_term_string"}}],"inLanguage":"fr-FR"}]}},"_links":{"self":[{"href":"https:\/\/alirarealestate.com\/fr\/wp-json\/wp\/v2\/pages\/4335"}],"collection":[{"href":"https:\/\/alirarealestate.com\/fr\/wp-json\/wp\/v2\/pages"}],"about":[{"href":"https:\/\/alirarealestate.com\/fr\/wp-json\/wp\/v2\/types\/page"}],"author":[{"embeddable":true,"href":"https:\/\/alirarealestate.com\/fr\/wp-json\/wp\/v2\/users\/1"}],"replies":[{"embeddable":true,"href":"https:\/\/alirarealestate.com\/fr\/wp-json\/wp\/v2\/comments?post=4335"}],"version-history":[{"count":1,"href":"https:\/\/alirarealestate.com\/fr\/wp-json\/wp\/v2\/pages\/4335\/revisions"}],"predecessor-version":[{"id":5921,"href":"https:\/\/alirarealestate.com\/fr\/wp-json\/wp\/v2\/pages\/4335\/revisions\/5921"}],"up":[{"embeddable":true,"href":"https:\/\/alirarealestate.com\/fr\/wp-json\/wp\/v2\/pages\/4295"}],"wp:attachment":[{"href":"https:\/\/alirarealestate.com\/fr\/wp-json\/wp\/v2\/media?parent=4335"}],"curies":[{"name":"wp","href":"https:\/\/api.w.org\/{rel}","templated":true}]}}