{"id":4328,"date":"2024-04-18T10:17:39","date_gmt":"2024-04-18T07:17:39","guid":{"rendered":"https:\/\/alirarealestate.com\/catalog\/buy\/dubai\/damac-lagoons\/"},"modified":"2024-10-27T18:04:03","modified_gmt":"2024-10-27T15:04:03","slug":"damac-lagoons","status":"publish","type":"page","link":"https:\/\/alirarealestate.com\/fr\/catalog\/buy\/dubai\/damac-lagoons\/","title":{"rendered":"Propri\u00e9t\u00e9s \u00e0 vendre \u00e0 Damac Lagoons"},"content":{"rendered":"<section class=\"wpb-content-wrapper\"><div class=\"vc_row wpb_row vc_row-fluid vc_row\"><div class=\"wpb_column vc_column_container vc_col-sm-12 vc_column\"><div class=\"vc_column-inner\"><div class=\"wpb_wrapper\">\n\t<div class=\"wpb_text_column wpb_content_element  vc_column_text\" >\n\t\t<div class=\"wpb_wrapper\">\n\t\t\t<p><span style=\"font-weight: 400;\">Damac Lagoons est un projet ambitieux qui repr\u00e9sente un complexe de quartiers orient\u00e9s vers les loisirs confortables, rappelant davantage une station baln\u00e9aire que la vie dans une m\u00e9tropole. En choisissant cette communaut\u00e9, vous serez entour\u00e9 de maisons de ville et de villas confortables de style m\u00e9diterran\u00e9en.<\/span><\/p>\n<p>&nbsp;<\/p>\n<p><span style=\"font-weight: 400;\">Les r\u00e9sidents et les visiteurs de Damac Lagoons peuvent profiter d&#039;une grande vari\u00e9t\u00e9 d&#039;options de divertissement et de loisirs, telles que des toboggans impressionnants et des attractions aquatiques con\u00e7ues pour les enfants et les adultes. Il existe \u00e9galement un cin\u00e9ma aquatique et un amphith\u00e9\u00e2tre flottant. La rivi\u00e8re en forme de D est un autre point de rep\u00e8re unique de la communaut\u00e9. Cette caract\u00e9ristique se distingue par son \u00e9chelle incroyablement grande, avec des plages, des simulateurs de vagues et des parcs aquatiques.<\/span><\/p>\n<p>&nbsp;<\/p>\n<p><span style=\"font-weight: 400;\">\u00c0 l\u2019heure actuelle, la communaut\u00e9 est encore en d\u00e9veloppement, avec de nombreuses installations diff\u00e9rentes en cours de construction, notamment un grand centre commercial qui comprendra des lieux de divertissement, de nombreux magasins, caf\u00e9s et restaurants.<\/span><\/p>\n<p>&nbsp;<\/p>\n<h2><b>Avantages de l&#039;achat <\/b><b>immobilier \u00e0 Damac Lagoons<\/b><\/h2>\n<p>&nbsp;<\/p>\n<p><span style=\"font-weight: 400;\">Les r\u00e9sidents de Damac Lagoons peuvent profiter de plages de sable blanc et de lagons bleus cristallins. Les villas et maisons de ville confortables disposent de tout le n\u00e9cessaire pour vivre : piscines, espaces de d\u00e9tente, restaurants et installations sportives. Une attention particuli\u00e8re est accord\u00e9e au haut niveau de s\u00e9curit\u00e9 : contr\u00f4le d&#039;acc\u00e8s aux villas, s\u00e9curit\u00e9 et vid\u00e9osurveillance. En fonction des capacit\u00e9s financi\u00e8res et des pr\u00e9f\u00e9rences, vous pouvez <\/span><span style=\"font-weight: 400;\">acheter une propri\u00e9t\u00e9 \u00e0 Damac Lagoons<\/span><span style=\"font-weight: 400;\"> de tailles et d&#039;agencements vari\u00e9s. \u00c9tant donn\u00e9 que le m\u00e9gaprojet a \u00e9t\u00e9 con\u00e7u comme un projet familial, de nombreux \u00e9v\u00e9nements y sont r\u00e9guli\u00e8rement organis\u00e9s pour renforcer la communaut\u00e9 et l&#039;interaction sociale avec les voisins.<\/span><\/p>\n<p>&nbsp;<\/p>\n<p><span style=\"font-weight: 400;\">L&#039;atmosph\u00e8re particuli\u00e8re qui attire les r\u00e9sidents ici est cr\u00e9\u00e9e par la beaut\u00e9 naturelle de la r\u00e9gion : espaces verts, parcs et places.<\/span><\/p>\n<p>&nbsp;<\/p>\n<p><span style=\"font-weight: 400;\">La communaut\u00e9 se d\u00e9veloppe, avec des projets de construction de villas qui auront une superficie de plus de 1000 m2, ainsi que 6-7 chambres. <\/span><span style=\"font-weight: 400;\">propri\u00e9t\u00e9s \u00e0 Damac Lagoons<\/span><span style=\"font-weight: 400;\"> Chaque villa sera dot\u00e9e d&#039;un jacuzzi, d&#039;une aire de jeux pour enfants, d&#039;une salle de sport personnelle, d&#039;une boulangerie et d&#039;un bureau. Chaque villa disposera d&#039;une piscine spacieuse et d&#039;un ascenseur.<\/span><\/p>\n<p>&nbsp;<\/p>\n<p><span style=\"font-weight: 400;\">De nouvelles maisons de ville seront construites avec une superficie \u00e0 partir de 212 m2 et 4-5 chambres. Les am\u00e9nagements comprendront un balcon, un patio, une buanderie et une terrasse.<\/span><\/p>\n<p>&nbsp;<\/p>\n<h2><b>Infrastructures communautaires<\/b><\/h2>\n<p>&nbsp;<\/p>\n<p><span style=\"font-weight: 400;\">\u00c0 l&#039;heure actuelle, la communaut\u00e9 des Lagons de Damac se trouve dans une phase active de construction et de d\u00e9veloppement d&#039;infrastructures. Une fois tous les projets termin\u00e9s, les \u00e9l\u00e9ments suivants seront situ\u00e9s ici :<\/span><\/p>\n<p>&nbsp;<\/p>\n<ul>\n<li><span style=\"font-weight: 400;\">centres de conditionnement physique;<\/span><\/li>\n<li><span style=\"font-weight: 400;\">magasins;<\/span><\/li>\n<li><span style=\"font-weight: 400;\">pharmacies;<\/span><\/li>\n<li><span style=\"font-weight: 400;\">\u00e9coles;<\/span><\/li>\n<li><span style=\"font-weight: 400;\">amphith\u00e9\u00e2tre aquatique;<\/span><\/li>\n<li><span style=\"font-weight: 400;\">amphith\u00e9\u00e2tre flottant.<\/span><\/li>\n<\/ul>\n<p>&nbsp;<\/p>\n<p><span style=\"font-weight: 400;\">Les r\u00e9sidents auront acc\u00e8s \u00e0 un centre commercial r\u00e9gional, \u00e0 un parc aquatique et \u00e0 une piscine \u00e0 vagues. En vivant \u00e0 Damac Lagoons, vous pourrez rejoindre les h\u00f4pitaux, les universit\u00e9s, les \u00e9coles et les cr\u00e8ches en 10 minutes, ainsi que des attractions populaires telles que :<\/span><\/p>\n<p>&nbsp;<\/p>\n<ul>\n<li><span style=\"font-weight: 400;\">Plage de Soufouh;<\/span><\/li>\n<li><span style=\"font-weight: 400;\">Village global;<\/span><\/li>\n<li><span style=\"font-weight: 400;\">Hippodrome de Jebel Ali;<\/span><\/li>\n<li><span style=\"font-weight: 400;\">Jardin des miracles de Duba\u00ef\u00a0;<\/span><\/li>\n<li><span style=\"font-weight: 400;\">Centre-ville Me&#039;aisem et centre commercial Cityland ;<\/span><\/li>\n<li><span style=\"font-weight: 400;\">H\u00f4pital Mediclinic Parkview et H\u00f4pital NMC Royal;<\/span><\/li>\n<li><span style=\"font-weight: 400;\">Club \u00e9questre et de polo de Duba\u00ef\u00a0;<\/span><\/li>\n<li><span style=\"font-weight: 400;\">Centre de conditionnement physique FitRepublik;<\/span><\/li>\n<li><span style=\"font-weight: 400;\">Centre commercial Waitrose et Motor City\u00a0;<\/span><\/li>\n<li><span style=\"font-weight: 400;\">Le Souk Arabe du Ranch.<\/span><\/li>\n<\/ul>\n<p>&nbsp;<\/p>\n<p><span style=\"font-weight: 400;\">Le voyage de <\/span><span style=\"font-weight: 400;\">propri\u00e9t\u00e9 \u00e0 vendre \u00e0 Damac Lagoons <\/span><span style=\"font-weight: 400;\">Le trajet jusqu&#039;aux attractions les plus impressionnantes du pays, telles que le Dubai Knowledge Village, l&#039;a\u00e9roport international de Duba\u00ef, le Dubai Mall et le Burj Khalifa, prend environ 30 minutes.<\/span><\/p>\n<p>&nbsp;<\/p>\n<p><span style=\"font-weight: 400;\">\u00c0 c\u00f4t\u00e9 des lagons de Damac se trouvent deux quartiers prestigieux :<\/span><\/p>\n<p>&nbsp;<\/p>\n<ul>\n<li><span style=\"font-weight: 400;\">Mudon. Ici, vous pouvez visiter le centre communautaire de Mudon et le centre de d\u00e9veloppement Blossom Mudon Nursery.<\/span><\/li>\n<li><span style=\"font-weight: 400;\"><a href=\"https:\/\/alirarealestate.com\/ru\/catalog\/buy\/dubai\/damac-hills\/\">Collines de DAMAC<\/a>. Cette zone abrite le Trump International Golf Club, l&#039;\u00e9cole Jebel Ali, le supermarch\u00e9 Viva et Carrefour.<\/span><\/li>\n<\/ul>\n<p>&nbsp;<\/p>\n<p><span style=\"font-weight: 400;\">Les r\u00e9sidents qui ont achet\u00e9 des biens immobiliers dans cette zone se d\u00e9placent le plus souvent en voiture priv\u00e9e, car le syst\u00e8me de transport public est encore en phase de d\u00e9veloppement.<\/span><\/p>\n\n\t\t<\/div>\n\t<\/div>\n<\/div><\/div><\/div><\/div><div class=\"vc_row wpb_row vc_row-fluid vc_row\"><div class=\"wpb_column vc_column_container vc_col-sm-12 vc_column\"><div class=\"vc_column-inner\"><div class=\"wpb_wrapper\">\n\t<div class=\"wpb_text_column wpb_content_element  vc_column_text\" >\n\t\t<div class=\"wpb_wrapper\">\n\t\t\t<h2><b>Principaux types de <\/b><b>propri\u00e9t\u00e9s \u00e0 vendre \u00e0 Damac Lagoons<\/b><\/h2>\n<p>&nbsp;<\/p>\n<p><span style=\"font-weight: 400;\">La communaut\u00e9 moderne de Damac Lagoons \u00e0 Duba\u00ef offre une multitude de villas et de maisons de ville luxueuses offrant des vues splendides, des int\u00e9rieurs \u00e9l\u00e9gants et un grand confort de vie.<\/span><\/p>\n<p>&nbsp;<\/p>\n<p><span style=\"font-weight: 400;\">En contactant l&#039;agence immobili\u00e8re Alira, vous pourrez acheter le type de bien immobilier adapt\u00e9 :<\/span><\/p>\n<p>&nbsp;<\/p>\n<p><span style=\"font-weight: 400;\">Villas. Ce sont des propri\u00e9t\u00e9s spacieuses et confortables qui conviennent aussi bien aux familles nombreuses qu&#039;aux invit\u00e9s. Chaque villa pr\u00e9sente un design unique, un jardin priv\u00e9 et un terrain spacieux. L&#039;intimit\u00e9 de ces propri\u00e9t\u00e9s r\u00e9sidentielles est un avantage important. Compte tenu de la stabilit\u00e9 de l&#039;investissement, les villas deviennent une option immobili\u00e8re attrayante.<\/span><\/p>\n<p>&nbsp;<\/p>\n<p><span style=\"font-weight: 400;\">Maisons de ville. Il s&#039;agit d&#039;un type de logement attrayant adapt\u00e9 \u00e0 une petite famille. Elles sont situ\u00e9es \u00e0 proximit\u00e9 d&#039;infrastructures importantes telles que des \u00e9coles, des cr\u00e8ches, des supermarch\u00e9s, des parcs et des restaurants.<\/span><\/p>\n<p>&nbsp;<\/p>\n<p><span style=\"font-weight: 400;\">Les propri\u00e9t\u00e9s pr\u00e9sent\u00e9es sur les photos de Damac Lagoons sont con\u00e7ues dans un style architectural m\u00e9diterran\u00e9en. En choisissant ce quartier, les r\u00e9sidents peuvent profiter de l&#039;atmosph\u00e8re du bord de mer, de vues magnifiques sur le lagon et d&#039;une eau cristalline.<\/span><\/p>\n<p>&nbsp;<\/p>\n<h2><b>Prix actuels de l&#039;immobilier<\/b><\/h2>\n<p>&nbsp;<\/p>\n<p><span style=\"font-weight: 400;\">L&#039;immobilier dans la communaut\u00e9 de Damac Lagoons se compose de propri\u00e9t\u00e9s de premi\u00e8re classe. Elles sont parfaites pour la vie personnelle ainsi que pour les investissements. Ce m\u00e9ga-projet est particuli\u00e8rement int\u00e9ressant pour la vie de famille, car il offre diverses options de loisirs, notamment des attractions aquatiques et un acc\u00e8s direct \u00e0 la plage.<\/span><\/p>\n<p>&nbsp;<\/p>\n<p><span style=\"font-weight: 400;\">Selon les donn\u00e9es de f\u00e9vrier 2024, pr\u00e9sent\u00e9es sur Property Finder, les villas \u00e0 Damac Lagoons co\u00fbtent entre 3 et 10 millions d&#039;AED. Le prix des maisons de ville varie entre 2 et 4 millions d&#039;AED.<\/span><\/p>\n<p>&nbsp;<\/p>\n<p><span style=\"font-weight: 400;\">Lors de l&#039;achat d&#039;un bien immobilier en phase de construction, les propri\u00e9taires ont d&#039;excellentes opportunit\u00e9s, comme l&#039;obtention d&#039;un Golden Visa de 10 ans, leur permettant de s&#039;installer \u00e0 Duba\u00ef avec toute leur famille.<\/span><\/p>\n<p>&nbsp;<\/p>\n<h2><b>Mode de vie dans les lagons de Damac<\/b><\/h2>\n<p>&nbsp;<\/p>\n<p><span style=\"font-weight: 400;\">Vivre dans la communaut\u00e9 des Lagons de Damac est appr\u00e9ci\u00e9 par ceux qui aiment le confort, les belles vues, un mode de vie sain et les loisirs actifs. Ici, toutes les conditions n\u00e9cessaires sont cr\u00e9\u00e9es pour la natation sous-marine, le surf, le kayak, le paddleboard et d&#039;autres activit\u00e9s passionnantes.<\/span><\/p>\n<p>&nbsp;<\/p>\n<p><span style=\"font-weight: 400;\">Pour maintenir un mode de vie sain, de nombreuses installations sportives, pistes cyclables et centres de remise en forme ont \u00e9t\u00e9 cr\u00e9\u00e9s ici.<\/span><\/p>\n<p>&nbsp;<\/p>\n<p><span style=\"font-weight: 400;\">Ceux qui souhaitent passer du temps de qualit\u00e9 avec leur famille peuvent visiter le cin\u00e9ma aquatique, profiter de leurs films pr\u00e9f\u00e9r\u00e9s et nager dans les eaux peu profondes.<\/span><\/p>\n<p>&nbsp;<\/p>\n<p><span style=\"font-weight: 400;\">\u00c9tant donn\u00e9 que la zone est positionn\u00e9e comme \u00e9tant familiale, il est possible de fr\u00e9quenter des cr\u00e8ches et des \u00e9coles situ\u00e9es \u00e0 10-15 minutes en voiture, telles que South View School, Jebel Ali School et GEMS Metropole School. Les \u00e9tablissements m\u00e9dicaux les plus proches tels que Aster Clinic, Mediclinic Parkview Hospital, NMC Royal Hospital, sont situ\u00e9s dans les zones voisines.<\/span><\/p>\n<p>&nbsp;<\/p>\n<p><span style=\"font-weight: 400;\">Les amateurs de shopping pourront profiter de leur temps chez Spinneys, Geant Express Remraam, Carrefour et Viva Supermarket.<\/span><\/p>\n\n\t\t<\/div>\n\t<\/div>\n<\/div><\/div><\/div><\/div><div class=\"vc_row wpb_row vc_row-fluid vc_row\"><div class=\"wpb_column vc_column_container vc_col-sm-12 vc_column\"><div class=\"vc_column-inner\"><div class=\"wpb_wrapper\">\n\t<div class=\"wpb_text_column wpb_content_element  vc_column_text\" >\n\t\t<div class=\"wpb_wrapper\">\n\t\t\t<h2><b>Des investissements immobiliers rentables<\/b><\/h2>\n<p>&nbsp;<\/p>\n<p><span style=\"font-weight: 400;\">Investir dans l&#039;immobilier \u00e0 Duba\u00ef est une d\u00e9cision judicieuse, surtout apr\u00e8s l&#039;adoption du nouveau plan directeur de la m\u00e9tropole. De nouveaux quartiers se construisent partout, l&#039;attractivit\u00e9 touristique augmente et, avec elle, la demande de logements. En un an, le prix au m\u00e8tre carr\u00e9 \u00e0 Damac Lagoons a augment\u00e9 de 1%.<\/span><\/p>\n<p>&nbsp;<\/p>\n<p><span style=\"font-weight: 400;\">Il est avantageux d&#039;investir des finances dans <\/span><span style=\"font-weight: 400;\">Propri\u00e9t\u00e9s de Damac Lagoons <\/span><span style=\"font-weight: 400;\">en construction, surtout si le bien est destin\u00e9 \u00e0 \u00eatre lou\u00e9 dans le futur. Le propri\u00e9taire n&#039;a pas besoin d&#039;\u00eatre dans le pays pour profiter de l&#039;investissement, car toutes les affaires peuvent \u00eatre confi\u00e9es \u00e0 une soci\u00e9t\u00e9 de gestion. Le bien est rentabilis\u00e9 en quelques ann\u00e9es.<\/span><\/p>\n<p>&nbsp;<\/p>\n<h2><b>Avantages de la coop\u00e9ration avec l&#039;agence immobili\u00e8re Alira<\/b><\/h2>\n<p>&nbsp;<\/p>\n<p><span style=\"font-weight: 400;\">L&#039;agence immobili\u00e8re Alira est un partenaire fiable qui fournit une assistance compl\u00e8te dans l&#039;achat de tout bien immobilier aux EAU.<\/span><\/p>\n<p>&nbsp;<\/p>\n<p><span style=\"font-weight: 400;\">Nos avantages :<\/span><\/p>\n<p>&nbsp;<\/p>\n<ul>\n<li><span style=\"font-weight: 400;\">Services complets. Nos sp\u00e9cialistes vous assistent dans vos d\u00e9marches d&#039;achat, de vente, de location et autres questions li\u00e9es \u00e0 la gestion.<\/span><\/li>\n<li><span style=\"font-weight: 400;\">Personnel professionnel. Chaque client b\u00e9n\u00e9ficiera d&#039;un niveau de service \u00e9lev\u00e9 et pourra \u00eatre s\u00fbr de la s\u00e9curit\u00e9 de chaque transaction.<\/span><\/li>\n<li><span style=\"font-weight: 400;\">Approche individuelle. Les exigences et les souhaits des clients sont individuels, c&#039;est pourquoi tous les facteurs et nuances sont pris en compte lors du travail avec eux.<\/span><\/li>\n<li><span style=\"font-weight: 400;\">Confidentialit\u00e9. Tous les d\u00e9tails de la transaction et de la coop\u00e9ration ne sont pas divulgu\u00e9s \u00e0 des tiers.<\/span><\/li>\n<li><span style=\"font-weight: 400;\">Bases de donn\u00e9es actualis\u00e9es. Nos sp\u00e9cialistes peuvent trouver l&#039;option optimale gr\u00e2ce \u00e0 des informations actualis\u00e9es.<\/span><\/li>\n<\/ul>\n<p>&nbsp;<\/p>\n<p><span style=\"font-weight: 400;\">Nous sommes pr\u00eats \u00e0 vous fournir des conseils d\u00e9taill\u00e9s sur les questions qui vous int\u00e9ressent. Vous pouvez laisser une demande sur le site Web, nous \u00e9crire \u00e0 <\/span><a class=\"mail\" href=\"mailto:info@alirarealestate.com\">info@alirarealestate.com<\/a><span style=\"font-weight: 400;\">, ou contactez-nous par t\u00e9l\u00e9phone <a href=\"tel: 79869277377\">+7 (986) 927-73-77<\/a> et <a href=\"tel: 971588337903\">+971 (588) 337 903<\/a>.<\/span><\/p>\n<p>&nbsp;<\/p>\n<p><span style=\"font-weight: 400;\">Avec l&#039;agence immobili\u00e8re Alira, vous pouvez trouver le bien d&#039;investissement le plus rentable.<\/span><\/p>\n\n\t\t<\/div>\n\t<\/div>\n<\/div><\/div><\/div><\/div>\n<\/section>","protected":false},"excerpt":{"rendered":"Damac Lagoons est un projet ambitieux qui repr\u00e9sente un complexe de quartiers orient\u00e9s vers les loisirs confortables, rappelant davantage une station baln\u00e9aire que la vie dans une m\u00e9tropole. En choisissant cette communaut\u00e9, vous serez entour\u00e9 de maisons de ville et de villas confortables de style m\u00e9diterran\u00e9en. Les r\u00e9sidents et les invit\u00e9s de Damac Lagoons peuvent profiter d&#039;une grande vari\u00e9t\u00e9 d&#039;options de divertissement et de loisirs, telles que des toboggans impressionnants...","protected":false},"author":1,"featured_media":0,"parent":4295,"menu_order":0,"comment_status":"closed","ping_status":"closed","template":"advanced_search_results.php","meta":{"inline_featured_image":false,"_glsr_average":0,"_glsr_ranking":0,"_glsr_reviews":0,"footnotes":""},"class_list":["post-4328","page","type-page","status-publish","hentry"],"yoast_head":"<!-- This site is optimized with the Yoast SEO Premium plugin v25.1 (Yoast SEO v25.6) - https:\/\/yoast.com\/wordpress\/plugins\/seo\/ -->\n<title>Buy property in Downtown Burj Dubai, UAE. Housing prices - Alira<\/title>\n<meta name=\"description\" content=\"Buy property in Damac Lagoons, Dubai, UAE. \u2b50 Housing for sale in Damac Lagoons: apartments, houses, villas. \u2b50 Prices, photos and descriptions. \u27a4 Leave a request for selection on the website!\" \/>\n<meta name=\"robots\" content=\"index, follow, max-snippet:-1, max-image-preview:large, max-video-preview:-1\" \/>\n<link rel=\"canonical\" href=\"https:\/\/alirarealestate.com\/fr\/catalog\/buy\/dubai\/damac-lagoons\/\" \/>\n<meta property=\"og:locale\" content=\"fr_FR\" \/>\n<meta property=\"og:type\" content=\"article\" \/>\n<meta property=\"og:title\" content=\"Properties for Sale in Damac Lagoons\" \/>\n<meta property=\"og:description\" content=\"Buy property in Damac Lagoons, Dubai, UAE. \u2b50 Housing for sale in Damac Lagoons: apartments, houses, villas. \u2b50 Prices, photos and descriptions. \u27a4 Leave a request for selection on the website!\" \/>\n<meta property=\"og:url\" content=\"https:\/\/alirarealestate.com\/fr\/catalog\/buy\/dubai\/damac-lagoons\/\" \/>\n<meta property=\"og:site_name\" content=\"Alira Real Estate - Real estate in the UAE\" \/>\n<meta property=\"article:modified_time\" content=\"2024-10-27T15:04:03+00:00\" \/>\n<meta name=\"twitter:card\" content=\"summary_large_image\" \/>\n<meta name=\"twitter:label1\" content=\"Dur\u00e9e de lecture estim\u00e9e\" \/>\n\t<meta name=\"twitter:data1\" content=\"6 minutes\" \/>\n<script type=\"application\/ld+json\" class=\"yoast-schema-graph\">{\"@context\":\"https:\/\/schema.org\",\"@graph\":[{\"@type\":\"WebPage\",\"@id\":\"https:\/\/alirarealestate.com\/fr\/catalog\/buy\/dubai\/damac-lagoons\/\",\"url\":\"https:\/\/alirarealestate.com\/fr\/catalog\/buy\/dubai\/damac-lagoons\/\",\"name\":\"Buy property in Downtown Burj Dubai, UAE. Housing prices - Alira\",\"isPartOf\":{\"@id\":\"https:\/\/alirarealestate.com\/fr\/#website\"},\"datePublished\":\"2024-04-18T07:17:39+00:00\",\"dateModified\":\"2024-10-27T15:04:03+00:00\",\"description\":\"Buy property in Damac Lagoons, Dubai, UAE. \u2b50 Housing for sale in Damac Lagoons: apartments, houses, villas. \u2b50 Prices, photos and descriptions. \u27a4 Leave a request for selection on the website!\",\"breadcrumb\":{\"@id\":\"https:\/\/alirarealestate.com\/fr\/catalog\/buy\/dubai\/damac-lagoons\/#breadcrumb\"},\"inLanguage\":\"fr-FR\",\"potentialAction\":[{\"@type\":\"ReadAction\",\"target\":[\"https:\/\/alirarealestate.com\/fr\/catalog\/buy\/dubai\/damac-lagoons\/\"]}]},{\"@type\":\"BreadcrumbList\",\"@id\":\"https:\/\/alirarealestate.com\/fr\/catalog\/buy\/dubai\/damac-lagoons\/#breadcrumb\",\"itemListElement\":[{\"@type\":\"ListItem\",\"position\":1,\"name\":\"Home\",\"item\":\"https:\/\/alirarealestate.com\/\"},{\"@type\":\"ListItem\",\"position\":2,\"name\":\"Real Estate Catalog\",\"item\":\"https:\/\/alirarealestate.com\/catalog\/\"},{\"@type\":\"ListItem\",\"position\":3,\"name\":\"Real Estate Catalog\",\"item\":\"https:\/\/alirarealestate.com\/catalog\/buy\/\"},{\"@type\":\"ListItem\",\"position\":4,\"name\":\"Properties for Sale in Dubai\",\"item\":\"https:\/\/alirarealestate.com\/catalog\/buy\/dubai\/\"},{\"@type\":\"ListItem\",\"position\":5,\"name\":\"Properties for Sale in Damac Lagoons\"}]},{\"@type\":\"WebSite\",\"@id\":\"https:\/\/alirarealestate.com\/fr\/#website\",\"url\":\"https:\/\/alirarealestate.com\/fr\/\",\"name\":\"Alira Real Estate - Real estate in the UAE\",\"description\":\"\",\"potentialAction\":[{\"@type\":\"SearchAction\",\"target\":{\"@type\":\"EntryPoint\",\"urlTemplate\":\"https:\/\/alirarealestate.com\/fr\/?s={search_term_string}\"},\"query-input\":{\"@type\":\"PropertyValueSpecification\",\"valueRequired\":true,\"valueName\":\"search_term_string\"}}],\"inLanguage\":\"fr-FR\"}]}<\/script>\n<!-- \/ Yoast SEO Premium plugin. -->","yoast_head_json":{"title":"Buy property in Downtown Burj Dubai, UAE. Housing prices - Alira","description":"Buy property in Damac Lagoons, Dubai, UAE. \u2b50 Housing for sale in Damac Lagoons: apartments, houses, villas. \u2b50 Prices, photos and descriptions. \u27a4 Leave a request for selection on the website!","robots":{"index":"index","follow":"follow","max-snippet":"max-snippet:-1","max-image-preview":"max-image-preview:large","max-video-preview":"max-video-preview:-1"},"canonical":"https:\/\/alirarealestate.com\/fr\/catalog\/buy\/dubai\/damac-lagoons\/","og_locale":"fr_FR","og_type":"article","og_title":"Properties for Sale in Damac Lagoons","og_description":"Buy property in Damac Lagoons, Dubai, UAE. \u2b50 Housing for sale in Damac Lagoons: apartments, houses, villas. \u2b50 Prices, photos and descriptions. \u27a4 Leave a request for selection on the website!","og_url":"https:\/\/alirarealestate.com\/fr\/catalog\/buy\/dubai\/damac-lagoons\/","og_site_name":"Alira Real Estate - Real estate in the UAE","article_modified_time":"2024-10-27T15:04:03+00:00","twitter_card":"summary_large_image","twitter_misc":{"Dur\u00e9e de lecture estim\u00e9e":"6 minutes"},"schema":{"@context":"https:\/\/schema.org","@graph":[{"@type":"WebPage","@id":"https:\/\/alirarealestate.com\/fr\/catalog\/buy\/dubai\/damac-lagoons\/","url":"https:\/\/alirarealestate.com\/fr\/catalog\/buy\/dubai\/damac-lagoons\/","name":"Buy property in Downtown Burj Dubai, UAE. Housing prices - Alira","isPartOf":{"@id":"https:\/\/alirarealestate.com\/fr\/#website"},"datePublished":"2024-04-18T07:17:39+00:00","dateModified":"2024-10-27T15:04:03+00:00","description":"Buy property in Damac Lagoons, Dubai, UAE. \u2b50 Housing for sale in Damac Lagoons: apartments, houses, villas. \u2b50 Prices, photos and descriptions. \u27a4 Leave a request for selection on the website!","breadcrumb":{"@id":"https:\/\/alirarealestate.com\/fr\/catalog\/buy\/dubai\/damac-lagoons\/#breadcrumb"},"inLanguage":"fr-FR","potentialAction":[{"@type":"ReadAction","target":["https:\/\/alirarealestate.com\/fr\/catalog\/buy\/dubai\/damac-lagoons\/"]}]},{"@type":"BreadcrumbList","@id":"https:\/\/alirarealestate.com\/fr\/catalog\/buy\/dubai\/damac-lagoons\/#breadcrumb","itemListElement":[{"@type":"ListItem","position":1,"name":"Home","item":"https:\/\/alirarealestate.com\/"},{"@type":"ListItem","position":2,"name":"Real Estate Catalog","item":"https:\/\/alirarealestate.com\/catalog\/"},{"@type":"ListItem","position":3,"name":"Real Estate Catalog","item":"https:\/\/alirarealestate.com\/catalog\/buy\/"},{"@type":"ListItem","position":4,"name":"Properties for Sale in Dubai","item":"https:\/\/alirarealestate.com\/catalog\/buy\/dubai\/"},{"@type":"ListItem","position":5,"name":"Properties for Sale in Damac Lagoons"}]},{"@type":"WebSite","@id":"https:\/\/alirarealestate.com\/fr\/#website","url":"https:\/\/alirarealestate.com\/fr\/","name":"Alira Real Estate - Real estate in the UAE","description":"","potentialAction":[{"@type":"SearchAction","target":{"@type":"EntryPoint","urlTemplate":"https:\/\/alirarealestate.com\/fr\/?s={search_term_string}"},"query-input":{"@type":"PropertyValueSpecification","valueRequired":true,"valueName":"search_term_string"}}],"inLanguage":"fr-FR"}]}},"_links":{"self":[{"href":"https:\/\/alirarealestate.com\/fr\/wp-json\/wp\/v2\/pages\/4328"}],"collection":[{"href":"https:\/\/alirarealestate.com\/fr\/wp-json\/wp\/v2\/pages"}],"about":[{"href":"https:\/\/alirarealestate.com\/fr\/wp-json\/wp\/v2\/types\/page"}],"author":[{"embeddable":true,"href":"https:\/\/alirarealestate.com\/fr\/wp-json\/wp\/v2\/users\/1"}],"replies":[{"embeddable":true,"href":"https:\/\/alirarealestate.com\/fr\/wp-json\/wp\/v2\/comments?post=4328"}],"version-history":[{"count":2,"href":"https:\/\/alirarealestate.com\/fr\/wp-json\/wp\/v2\/pages\/4328\/revisions"}],"predecessor-version":[{"id":5918,"href":"https:\/\/alirarealestate.com\/fr\/wp-json\/wp\/v2\/pages\/4328\/revisions\/5918"}],"up":[{"embeddable":true,"href":"https:\/\/alirarealestate.com\/fr\/wp-json\/wp\/v2\/pages\/4295"}],"wp:attachment":[{"href":"https:\/\/alirarealestate.com\/fr\/wp-json\/wp\/v2\/media?parent=4328"}],"curies":[{"name":"wp","href":"https:\/\/api.w.org\/{rel}","templated":true}]}}