{"id":4324,"date":"2024-04-18T10:17:39","date_gmt":"2024-04-18T07:17:39","guid":{"rendered":"https:\/\/alirarealestate.com\/catalog\/buy\/fujairah\/"},"modified":"2024-10-27T17:56:59","modified_gmt":"2024-10-27T14:56:59","slug":"fujairah","status":"publish","type":"page","link":"https:\/\/alirarealestate.com\/fr\/catalog\/buy\/fujairah\/","title":{"rendered":"Immobilier \u00e0 Fujairah"},"content":{"rendered":"<section class=\"wpb-content-wrapper\"><div class=\"vc_row wpb_row vc_row-fluid vc_row\"><div class=\"wpb_column vc_column_container vc_col-sm-12 vc_column\"><div class=\"vc_column-inner\"><div class=\"wpb_wrapper\">\n\t<div class=\"wpb_text_column wpb_content_element  vc_column_text\" >\n\t\t<div class=\"wpb_wrapper\">\n\t\t\t<p><span style=\"font-weight: 400;\">L&#039;\u00e9mirat de Fujairah est un lieu d&#039;une beaut\u00e9 naturelle \u00e9poustouflante, o\u00f9 la mer cristalline se marie harmonieusement avec les majestueuses montagnes Hajar, cr\u00e9ant un d\u00e9cor pittoresque. De nombreux touristes choisissent Fujairah pour une exp\u00e9rience de vacances in\u00e9gal\u00e9e. Cet \u00e9mirat n&#039;a pas d&#039;industrie p\u00e9troli\u00e8re et un nombre limit\u00e9 de gratte-ciels. La principale caract\u00e9ristique de cette station baln\u00e9aire est son acc\u00e8s aux rives de la mer d&#039;Arabie. Les plages de Fujairah sont connues pour leur sable doux et leur eau cristalline, ce qui les rend id\u00e9ales pour la d\u00e9tente et les sports nautiques. Le climat y est plus doux et plus humide que dans d&#039;autres \u00e9mirats, ce qui le rend plus confortable pour vivre et passer des vacances.<\/span><\/p>\n<p>&nbsp;<\/p>\n<h2><b>Avantages d&#039;acheter une propri\u00e9t\u00e9 \u00e0 Fujairah<\/b><\/h2>\n<p>&nbsp;<\/p>\n<p><span style=\"font-weight: 400;\">L&#039;\u00e9mirat de Fujairah se caract\u00e9rise par son relief montagneux, ce qui lui conf\u00e8re une pluviom\u00e9trie plus importante que dans les autres \u00e9mirats. Avec une superficie totale de 1 450 km\u00b2, il s&#039;agit du cinqui\u00e8me plus grand \u00e9mirat des \u00c9mirats arabes unis. Cette r\u00e9gion \u00e9tait historiquement connue pour son agriculture bien d\u00e9velopp\u00e9e et les habitants pratiquaient la p\u00eache. Ces activit\u00e9s ont \u00e9t\u00e9 pr\u00e9serv\u00e9es jusqu&#039;\u00e0 aujourd&#039;hui. Fujairah est le deuxi\u00e8me plus grand port de soutage au monde. Les compagnies maritimes y \u00e9tablissent leurs bureaux, ce qui favorise un environnement commercial florissant dans la r\u00e9gion.<\/span><\/p>\n<p>&nbsp;<\/p>\n<p><span style=\"font-weight: 400;\">Vous pouvez acheter une propri\u00e9t\u00e9 \u00e0 Fujairah, aux \u00c9mirats arabes unis, pour diverses raisons. Cette r\u00e9gion est adapt\u00e9e non seulement au travail et au d\u00e9veloppement des affaires, mais aussi \u00e0 la vie de famille. Elle dispose d&#039;une infrastructure sociale bien d\u00e9velopp\u00e9e. On y trouve des jardins d&#039;enfants et des \u00e9coles proposant divers programmes \u00e9ducatifs, ainsi que de nombreux espaces verts pour les promenades et les jeux.<\/span><\/p>\n<p>&nbsp;<\/p>\n<p><span style=\"font-weight: 400;\">Fujairah est une excellente r\u00e9gion pour les loisirs, les divertissements, l&#039;\u00e9ducation et le travail. Les amateurs de shopping peuvent visiter l&#039;un des nombreux grands centres commerciaux, tels que Fujairah Mall, Century Mall Fujairah, Lulu Mall, Fujairah City Centre et Safeer Mall.<\/span><\/p>\n<p>&nbsp;<\/p>\n<p><span style=\"font-weight: 400;\">Les touristes seront int\u00e9ress\u00e9s par la visite d&#039;attractions telles que Al-Hail, la mosqu\u00e9e Al-Bidiya et le mus\u00e9e de Fujairah. Ces sites font de Fujairah une destination unique pour les touristes d\u00e9sireux d&#039;en apprendre davantage sur la riche histoire et la culture des \u00c9mirats arabes unis tout en profitant de la beaut\u00e9 naturelle et des \u00e9quipements modernes de cet \u00e9mirat.<\/span><\/p>\n<p>&nbsp;<\/p>\n<p><span style=\"font-weight: 400;\">Cette r\u00e9gion est r\u00e9put\u00e9e pour ses plages propres et pittoresques. Parmi les plus c\u00e9l\u00e8bres, on trouve la plage d&#039;Al Aqah, la plage de la Corniche, la plage de Meredey et la plage de Dibba. Ces plages sont id\u00e9ales pour les loisirs en famille et les amateurs de sports nautiques.<\/span><\/p>\n<p>&nbsp;<\/p>\n<p><span style=\"font-weight: 400;\">\u00c0 Fujairah, les \u00e9tablissements d&#039;enseignement proposent divers programmes et approches de l&#039;\u00e9ducation, permettant aux parents de choisir une \u00e9cole ou un jardin d&#039;enfants en fonction de leurs pr\u00e9f\u00e9rences \u00e9ducatives et des besoins de leurs enfants.<\/span><\/p>\n<p>&nbsp;<\/p>\n<p><span style=\"font-weight: 400;\">Si n\u00e9cessaire, vous pouvez acc\u00e9der aux services m\u00e9dicaux. Fujairah abrite le principal h\u00f4pital de Fujairah et des centres m\u00e9dicaux sp\u00e9cialis\u00e9s. Ils offrent un niveau de service \u00e9lev\u00e9 et une assistance rapide.<\/span><\/p>\n<p>&nbsp;<\/p>\n<h2><b>Principaux types de biens immobiliers<\/b><\/h2>\n<p>&nbsp;<\/p>\n<p><span style=\"font-weight: 400;\">L&#039;\u00e9mirat de Fujairah est l&#039;une des r\u00e9gions les plus jeunes et les plus dynamiques en d\u00e9veloppement, avec un fort potentiel de croissance future. Les prix de l&#039;immobilier \u00e0 Al-Fujairah d\u00e9pendent de l&#039;emplacement, de la zone, du promoteur et de la proximit\u00e9 de la mer ou des attractions. Une caract\u00e9ristique de l&#039;immobilier dans cette ville est l&#039;absence de gratte-ciel. Le plus souvent, des complexes r\u00e9sidentiels avec des immeubles de faible hauteur sont construits.<\/span><\/p>\n<p>&nbsp;<\/p>\n<p><span style=\"font-weight: 400;\">\u00c0 Fujairah, vous pouvez trouver :<\/span><\/p>\n<p>&nbsp;<\/p>\n<ul>\n<li style=\"font-weight: 400;\" aria-level=\"1\"><b>Appartements et maisons<\/b><span style=\"font-weight: 400;\">:Disponibles dans diff\u00e9rentes configurations et conceptions, ces propri\u00e9t\u00e9s peuvent \u00eatre situ\u00e9es \u00e0 proximit\u00e9 de la mer. Vous pouvez \u00e9galement acheter des appartements dans de nouveaux complexes r\u00e9sidentiels comme Address JBR et Serenia, o\u00f9 chaque unit\u00e9 offre une vue imprenable sur la ville.<\/span><\/li>\n<li style=\"font-weight: 400;\" aria-level=\"1\"><b>Maisons de ville<\/b><span style=\"font-weight: 400;\">:Contrairement aux villas, les maisons de ville cr\u00e9ent un sentiment de communaut\u00e9 tout en garantissant l&#039;intimit\u00e9, la tranquillit\u00e9 et un niveau de confort \u00e9lev\u00e9.<\/span><\/li>\n<li style=\"font-weight: 400;\" aria-level=\"1\"><b>Villas<\/b><span style=\"font-weight: 400;\">:Fuja\u00efrah abrite un grand nombre de villas qui se distinguent par leur style architectural sophistiqu\u00e9, leurs espaces spacieux et leur s\u00e9curit\u00e9 \u00e9lev\u00e9e. Ce type de bien immobilier est id\u00e9al pour ceux qui privil\u00e9gient une retraite de haut niveau pleine d&#039;\u00e2me et de paix.<\/span><\/li>\n<\/ul>\n<p>&nbsp;<\/p>\n<p><span style=\"font-weight: 400;\">Pour obtenir les prix les plus r\u00e9cents de l&#039;immobilier \u00e0 Fujairah, il est conseill\u00e9 de contacter des sp\u00e9cialistes. Les gestionnaires d&#039;agences immobili\u00e8res disposent des informations les plus r\u00e9centes et peuvent vous aider \u00e0 choisir la meilleure option en fonction de vos pr\u00e9f\u00e9rences.<\/span><\/p>\n<p>&nbsp;<\/p>\n<h2><b>Prix de l&#039;immobilier \u00e0 Fujairah<\/b><\/h2>\n<p>&nbsp;<\/p>\n<p><span style=\"font-weight: 400;\">Les prix de l&#039;immobilier \u00e0 Fujairah sont comparativement plus bas que dans les principaux \u00e9mirats. Ils varient en fonction du type de logement, de l&#039;emplacement, de la taille et de l&#039;\u00e9tat du bien. Selon The Metropolitan Group, les prix de l&#039;immobilier \u00e0 Fujairah en 2024 sont les suivants :<\/span><\/p>\n<p>&nbsp;<\/p>\n<ul>\n<li style=\"font-weight: 400;\" aria-level=\"1\"><span style=\"font-weight: 400;\">Studios \u00e0 partir de $60 000 USD<\/span><\/li>\n<li style=\"font-weight: 400;\" aria-level=\"1\"><span style=\"font-weight: 400;\">Appartements 1 chambre \u00e0 partir de $80 000 USD<\/span><\/li>\n<li style=\"font-weight: 400;\" aria-level=\"1\"><span style=\"font-weight: 400;\">Appartements de 2 chambres \u00e0 partir de $160 000 USD<\/span><\/li>\n<li style=\"font-weight: 400;\" aria-level=\"1\"><span style=\"font-weight: 400;\">Appartements de 3 chambres \u00e0 partir de $190 000 USD<\/span><\/li>\n<li style=\"font-weight: 400;\" aria-level=\"1\"><span style=\"font-weight: 400;\">Villas et maisons de $250,000 \u00e0 $3,000,000 USD<\/span><\/li>\n<\/ul>\n<p>&nbsp;<\/p>\n<p><span style=\"font-weight: 400;\">Si vous souhaitez acheter ou vendre un bien immobilier \u00e0 Fujairah, il est pr\u00e9f\u00e9rable de contacter l&#039;agence immobili\u00e8re Alira, qui vous assistera \u00e0 chaque \u00e9tape de la transaction. Si vous recherchez un bien immobilier d&#039;investissement rentable, les sp\u00e9cialistes peuvent vous donner un aper\u00e7u des options les plus prometteuses et les plus lucratives disponibles.<\/span><\/p>\n<p>&nbsp;<\/p>\n<h2><b>Style de vie \u00e0 Fujairah<\/b><\/h2>\n<p>&nbsp;<\/p>\n<p><span style=\"font-weight: 400;\">L&#039;\u00e9mirat de Fujairah offre un m\u00e9lange remarquable de climat agr\u00e9able, de beaut\u00e9 naturelle \u00e9poustouflante et d&#039;infrastructures modernes. Les complexes r\u00e9sidentiels sont strat\u00e9giquement situ\u00e9s pour offrir un acc\u00e8s rapide aux installations essentielles telles que les \u00e9coles, les jardins d&#039;enfants, les centres commerciaux et les centres m\u00e9dicaux.<\/span><\/p>\n<p>&nbsp;<\/p>\n<p><span style=\"font-weight: 400;\">Acheter un bien immobilier \u00e0 Fujairah est sans aucun doute un investissement judicieux, car la popularit\u00e9 de la ville augmente chaque ann\u00e9e. Le niveau de vie \u00e9lev\u00e9, la large gamme d&#039;options immobili\u00e8res et la possibilit\u00e9 de se d\u00e9tendre en toute tranquillit\u00e9 au milieu de la nature stimulent la demande des citoyens \u00e9trangers. Les propri\u00e9taires peuvent gagner un revenu stable en louant des appartements, des studios ou des villas.<\/span><\/p>\n<p>&nbsp;<\/p>\n<h2><b>Investissement dans l&#039;immobilier \u00e0 Fujairah<\/b><\/h2>\n<p>&nbsp;<\/p>\n<p><span style=\"font-weight: 400;\">L&#039;\u00e9mirat de Fujairah est attractif pour les \u00e9trangers pour diverses raisons. La demande de logements est constante car la r\u00e9gion est pris\u00e9e par les ing\u00e9nieurs, les ouvriers et les hommes d&#039;affaires. Le climat agr\u00e9able et pas trop chaud en fait \u00e9galement une destination privil\u00e9gi\u00e9e pour les touristes.<\/span><\/p>\n<p>&nbsp;<\/p>\n<p><span style=\"font-weight: 400;\">Tout d\u2019abord, les prix de l\u2019immobilier sont l\u00e9g\u00e8rement inf\u00e9rieurs \u00e0 ceux de Duba\u00ef. Ensuite, le style de vie tranquille compl\u00e8te parfaitement les possibilit\u00e9s de d\u00e9veloppement commercial dynamique. Troisi\u00e8mement, il existe une excellente s\u00e9lection de propri\u00e9t\u00e9s, qu\u2019elles soient achev\u00e9es ou en construction.<\/span><\/p>\n<p>&nbsp;<\/p>\n<p><span style=\"font-weight: 400;\">Investir dans des logements de diff\u00e9rentes cat\u00e9gories est une d\u00e9marche rationnelle pour g\u00e9n\u00e9rer des revenus stables. Le retour sur investissement est de 7 \u00e0 91 TP3T par an, ce qui est consid\u00e9r\u00e9 comme un excellent indicateur.<\/span><\/p>\n<p>&nbsp;<\/p>\n<h2><b>Collaboration avec l&#039;agence immobili\u00e8re Alira<\/b><\/h2>\n<p>&nbsp;<\/p>\n<p><span style=\"font-weight: 400;\">D\u00e9m\u00e9nager \u00e0 Fujairah doit commencer par une analyse approfondie des offres immobili\u00e8res et la s\u00e9lection de la meilleure option. L&#039;agence immobili\u00e8re Alira dispose des informations les plus r\u00e9centes sur les propri\u00e9t\u00e9s prometteuses et peut rapidement trouver celle qui vous convient. En collaborant avec l&#039;agence, vous pouvez b\u00e9n\u00e9ficier d&#039;une large gamme de services, de la planification de votre d\u00e9m\u00e9nagement \u00e0 l&#039;achat et \u00e0 la gestion d&#039;un bien immobilier.<\/span><\/p>\n<p>&nbsp;<\/p>\n<h2><b>Avantages de collaborer avec l&#039;agence immobili\u00e8re Alira :<\/b><\/h2>\n<p>&nbsp;<\/p>\n<ul>\n<li style=\"font-weight: 400;\" aria-level=\"1\"><span style=\"font-weight: 400;\">L&#039;\u00e9quipe est compos\u00e9e de sp\u00e9cialistes hautement qualifi\u00e9s.<\/span><\/li>\n<li style=\"font-weight: 400;\" aria-level=\"1\"><span style=\"font-weight: 400;\">Toutes les informations sur les transactions et les clients sont confidentielles et ne sont pas partag\u00e9es avec des tiers.<\/span><\/li>\n<li style=\"font-weight: 400;\" aria-level=\"1\"><span style=\"font-weight: 400;\">Chaque demande client est trait\u00e9e individuellement, les options immobili\u00e8res les plus adapt\u00e9es \u00e9tant s\u00e9lectionn\u00e9es en cons\u00e9quence.<\/span><\/li>\n<li style=\"font-weight: 400;\" aria-level=\"1\"><span style=\"font-weight: 400;\">L&#039;agence dispose d&#039;une base de donn\u00e9es immobili\u00e8res actualis\u00e9e et constamment mise \u00e0 jour.<\/span><\/li>\n<li style=\"font-weight: 400;\" aria-level=\"1\"><span style=\"font-weight: 400;\">L&#039;agence immobili\u00e8re Alira jouit d&#039;une r\u00e9putation irr\u00e9prochable, garantissant que chaque transaction est v\u00e9rifi\u00e9e et s\u00e9curis\u00e9e.<\/span><\/li>\n<\/ul>\n<p>&nbsp;<\/p>\n<p><span style=\"font-weight: 400;\">Pour toute question, contactez notre responsable au <a href=\"tel: 971588337\">+971 (588) 337<\/a> ou <a href=\"tel: 79869277377\">+7 (986) 927-73-77.<\/a>, ou envoyez une demande \u00e0 <\/span><a href=\"mailto:info@alirarealestate.com\"><span style=\"font-weight: 400;\">info@alirarealestate.com<\/span><\/a><span style=\"font-weight: 400;\">.<\/span><\/p>\n\n\t\t<\/div>\n\t<\/div>\n<\/div><\/div><\/div><\/div><div class=\"vc_row wpb_row vc_row-fluid vc_row\"><div class=\"wpb_column vc_column_container vc_col-sm-12 vc_column\"><div class=\"vc_column-inner\"><div class=\"wpb_wrapper\"><div class=\"vc_tta-container\" data-vc-action=\"collapse\"><h2>FAQ<\/h2><div class=\"vc_general vc_tta vc_tta-accordion vc_tta-color-grey vc_tta-style-classic vc_tta-shape-rounded vc_tta-o-shape-group vc_tta-controls-align-left wpestate_accordion vc_tta_accordion\"><div class=\"vc_tta-panels-container\"><div class=\"vc_tta-panels\"><div class=\"vc_tta-panel vc_active\" id=\"1719266645639-b34022a7-7a78\" data-vc-content=\".vc_tta-panel-body\"><div class=\"vc_tta-panel-heading\"><h4 class=\"vc_tta-panel-title vc_tta-controls-icon-position-left\"><a href=\"#1719266645639-b34022a7-7a78\" data-vc-accordion data-vc-container=\".vc_tta-container\"><span class=\"vc_tta-title-text\">Quels types de propri\u00e9t\u00e9s sont disponibles \u00e0 l&#039;achat \u00e0 Fujairah ?<\/span><i class=\"vc_tta-controls-icon vc_tta-controls-icon-plus\"><\/i><\/a><\/h4><\/div><div class=\"vc_tta-panel-body\">\n\t<div class=\"wpb_text_column wpb_content_element  vc_column_text\" >\n\t\t<div class=\"wpb_wrapper\">\n\t\t\t<p><span style=\"font-weight: 400;\">\u00c0 Fujairah, une vari\u00e9t\u00e9 de types de propri\u00e9t\u00e9s sont disponibles, notamment des appartements, des villas et des maisons de ville.<\/span><\/p>\n\n\t\t<\/div>\n\t<\/div>\n<\/div><\/div><div class=\"vc_tta-panel\" id=\"1719266645655-b89fd1ee-a12a\" data-vc-content=\".vc_tta-panel-body\"><div class=\"vc_tta-panel-heading\"><h4 class=\"vc_tta-panel-title vc_tta-controls-icon-position-left\"><a href=\"#1719266645655-b89fd1ee-a12a\" data-vc-accordion data-vc-container=\".vc_tta-container\"><span class=\"vc_tta-title-text\">Quelles sont les conditions requises pour que les ressortissants \u00e9trangers ach\u00e8tent une propri\u00e9t\u00e9 \u00e0 Fujairah ?<\/span><i class=\"vc_tta-controls-icon vc_tta-controls-icon-plus\"><\/i><\/a><\/h4><\/div><div class=\"vc_tta-panel-body\">\n\t<div class=\"wpb_text_column wpb_content_element  vc_column_text\" >\n\t\t<div class=\"wpb_wrapper\">\n\t\t\t<p><span style=\"font-weight: 400;\">Les ressortissants \u00e9trangers peuvent acheter des biens immobiliers \u00e0 Fujairah dans des zones d\u00e9sign\u00e9es appel\u00e9es \u00ab zones franches \u00bb. Dans ces zones, ils ont le droit de propri\u00e9t\u00e9 totale.<\/span><\/p>\n\n\t\t<\/div>\n\t<\/div>\n<\/div><\/div><div class=\"vc_tta-panel\" id=\"1719266716016-f7976df7-8ad5\" data-vc-content=\".vc_tta-panel-body\"><div class=\"vc_tta-panel-heading\"><h4 class=\"vc_tta-panel-title vc_tta-controls-icon-position-left\"><a href=\"#1719266716016-f7976df7-8ad5\" data-vc-accordion data-vc-container=\".vc_tta-container\"><span class=\"vc_tta-title-text\">Quel est le processus d&#039;achat d&#039;une propri\u00e9t\u00e9 \u00e0 Fujairah ?<\/span><i class=\"vc_tta-controls-icon vc_tta-controls-icon-plus\"><\/i><\/a><\/h4><\/div><div class=\"vc_tta-panel-body\">\n\t<div class=\"wpb_text_column wpb_content_element  vc_column_text\" >\n\t\t<div class=\"wpb_wrapper\">\n\t\t\t<p><span style=\"font-weight: 400;\">Le processus d&#039;achat d&#039;une propri\u00e9t\u00e9 implique la s\u00e9lection de la propri\u00e9t\u00e9 souhait\u00e9e, la signature d&#039;un accord pr\u00e9liminaire (g\u00e9n\u00e9ralement avec un acompte), la v\u00e9rification du statut juridique de la propri\u00e9t\u00e9, la signature du contrat final et l&#039;enregistrement de la transaction aupr\u00e8s des autorit\u00e9s immobili\u00e8res.<\/span><\/p>\n\n\t\t<\/div>\n\t<\/div>\n<\/div><\/div><div class=\"vc_tta-panel\" id=\"1719266745398-b1c99ace-caa6\" data-vc-content=\".vc_tta-panel-body\"><div class=\"vc_tta-panel-heading\"><h4 class=\"vc_tta-panel-title vc_tta-controls-icon-position-left\"><a href=\"#1719266745398-b1c99ace-caa6\" data-vc-accordion data-vc-container=\".vc_tta-container\"><span class=\"vc_tta-title-text\">Quels sont les co\u00fbts et les taxes associ\u00e9s \u00e0 l\u2019achat d\u2019une propri\u00e9t\u00e9 \u00e0 Fujairah ?<\/span><i class=\"vc_tta-controls-icon vc_tta-controls-icon-plus\"><\/i><\/a><\/h4><\/div><div class=\"vc_tta-panel-body\">\n\t<div class=\"wpb_text_column wpb_content_element  vc_column_text\" >\n\t\t<div class=\"wpb_wrapper\">\n\t\t\t<p><span style=\"font-weight: 400;\">Les frais peuvent inclure une taxe de transfert de propri\u00e9t\u00e9 (frais de transfert), des commissions d&#039;agent immobilier et des frais juridiques. La taxe de transfert de propri\u00e9t\u00e9 s&#039;\u00e9l\u00e8ve g\u00e9n\u00e9ralement \u00e0 4% de la valeur du bien.<\/span><\/p>\n\n\t\t<\/div>\n\t<\/div>\n<\/div><\/div><div class=\"vc_tta-panel\" id=\"1719266768032-981502c5-f016\" data-vc-content=\".vc_tta-panel-body\"><div class=\"vc_tta-panel-heading\"><h4 class=\"vc_tta-panel-title vc_tta-controls-icon-position-left\"><a href=\"#1719266768032-981502c5-f016\" data-vc-accordion data-vc-container=\".vc_tta-container\"><span class=\"vc_tta-title-text\">Quels conseils existe-t-il pour choisir une propri\u00e9t\u00e9 \u00e0 Fujairah ?<\/span><i class=\"vc_tta-controls-icon vc_tta-controls-icon-plus\"><\/i><\/a><\/h4><\/div><div class=\"vc_tta-panel-body\">\n\t<div class=\"wpb_text_column wpb_content_element  vc_column_text\" >\n\t\t<div class=\"wpb_wrapper\">\n\t\t\t<p><span style=\"font-weight: 400;\">\u00a0Avant d&#039;acheter une propri\u00e9t\u00e9, il est important de d\u00e9terminer vos besoins et votre budget, d&#039;\u00e9tudier le march\u00e9 immobilier, de v\u00e9rifier le statut juridique de la propri\u00e9t\u00e9 et de vous assurer de la disponibilit\u00e9 des \u00e9quipements et infrastructures n\u00e9cessaires \u00e0 proximit\u00e9.<\/span><\/p>\n\n\t\t<\/div>\n\t<\/div>\n<\/div><\/div><\/div><\/div><\/div><\/div><\/div><\/div><\/div><\/div>\n<\/section>","protected":false},"excerpt":{"rendered":"L&#039;\u00e9mirat de Fujairah est un lieu d&#039;une beaut\u00e9 naturelle \u00e9poustouflante, o\u00f9 la mer cristalline se marie harmonieusement avec les majestueuses montagnes Hajar, cr\u00e9ant un d\u00e9cor pittoresque. De nombreux touristes choisissent Fujairah pour une exp\u00e9rience de vacances sans pareille. Cet \u00e9mirat n&#039;a pas d&#039;industrie p\u00e9troli\u00e8re et un nombre limit\u00e9 de gratte-ciel. La principale caract\u00e9ristique de cette station baln\u00e9aire est son acc\u00e8s aux rives de la mer d&#039;Arabie.","protected":false},"author":1,"featured_media":0,"parent":4288,"menu_order":0,"comment_status":"closed","ping_status":"closed","template":"advanced_search_results.php","meta":{"inline_featured_image":false,"_glsr_average":0,"_glsr_ranking":0,"_glsr_reviews":0,"footnotes":""},"class_list":["post-4324","page","type-page","status-publish","hentry"],"yoast_head":"<!-- This site is optimized with the Yoast SEO Premium plugin v25.1 (Yoast SEO v25.6) - https:\/\/yoast.com\/wordpress\/plugins\/seo\/ -->\n<title>Property in Fujairah - Alira Real Estate - Real estate in the UAE<\/title>\n<meta name=\"robots\" content=\"index, follow, max-snippet:-1, max-image-preview:large, max-video-preview:-1\" \/>\n<link rel=\"canonical\" href=\"https:\/\/alirarealestate.com\/fr\/catalog\/buy\/fujairah\/\" \/>\n<meta property=\"og:locale\" content=\"fr_FR\" \/>\n<meta property=\"og:type\" content=\"article\" \/>\n<meta property=\"og:title\" content=\"Property in Fujairah\" \/>\n<meta property=\"og:url\" content=\"https:\/\/alirarealestate.com\/fr\/catalog\/buy\/fujairah\/\" \/>\n<meta property=\"og:site_name\" content=\"Alira Real Estate - Real estate in the UAE\" \/>\n<meta property=\"article:modified_time\" content=\"2024-10-27T14:56:59+00:00\" \/>\n<meta name=\"twitter:card\" content=\"summary_large_image\" \/>\n<meta name=\"twitter:label1\" content=\"Dur\u00e9e de lecture estim\u00e9e\" \/>\n\t<meta name=\"twitter:data1\" content=\"6 minutes\" \/>\n<script type=\"application\/ld+json\" class=\"yoast-schema-graph\">{\"@context\":\"https:\/\/schema.org\",\"@graph\":[{\"@type\":\"WebPage\",\"@id\":\"https:\/\/alirarealestate.com\/fr\/catalog\/buy\/fujairah\/\",\"url\":\"https:\/\/alirarealestate.com\/fr\/catalog\/buy\/fujairah\/\",\"name\":\"Property in Fujairah - Alira Real Estate - Real estate in the UAE\",\"isPartOf\":{\"@id\":\"https:\/\/alirarealestate.com\/fr\/#website\"},\"datePublished\":\"2024-04-18T07:17:39+00:00\",\"dateModified\":\"2024-10-27T14:56:59+00:00\",\"breadcrumb\":{\"@id\":\"https:\/\/alirarealestate.com\/fr\/catalog\/buy\/fujairah\/#breadcrumb\"},\"inLanguage\":\"fr-FR\",\"potentialAction\":[{\"@type\":\"ReadAction\",\"target\":[\"https:\/\/alirarealestate.com\/fr\/catalog\/buy\/fujairah\/\"]}]},{\"@type\":\"BreadcrumbList\",\"@id\":\"https:\/\/alirarealestate.com\/fr\/catalog\/buy\/fujairah\/#breadcrumb\",\"itemListElement\":[{\"@type\":\"ListItem\",\"position\":1,\"name\":\"Home\",\"item\":\"https:\/\/alirarealestate.com\/\"},{\"@type\":\"ListItem\",\"position\":2,\"name\":\"Real Estate Catalog\",\"item\":\"https:\/\/alirarealestate.com\/catalog\/\"},{\"@type\":\"ListItem\",\"position\":3,\"name\":\"Real Estate Catalog\",\"item\":\"https:\/\/alirarealestate.com\/catalog\/buy\/\"},{\"@type\":\"ListItem\",\"position\":4,\"name\":\"Property in Fujairah\"}]},{\"@type\":\"WebSite\",\"@id\":\"https:\/\/alirarealestate.com\/fr\/#website\",\"url\":\"https:\/\/alirarealestate.com\/fr\/\",\"name\":\"Alira Real Estate - Real estate in the UAE\",\"description\":\"\",\"potentialAction\":[{\"@type\":\"SearchAction\",\"target\":{\"@type\":\"EntryPoint\",\"urlTemplate\":\"https:\/\/alirarealestate.com\/fr\/?s={search_term_string}\"},\"query-input\":{\"@type\":\"PropertyValueSpecification\",\"valueRequired\":true,\"valueName\":\"search_term_string\"}}],\"inLanguage\":\"fr-FR\"}]}<\/script>\n<!-- \/ Yoast SEO Premium plugin. -->","yoast_head_json":{"title":"Property in Fujairah - Alira Real Estate - Real estate in the UAE","robots":{"index":"index","follow":"follow","max-snippet":"max-snippet:-1","max-image-preview":"max-image-preview:large","max-video-preview":"max-video-preview:-1"},"canonical":"https:\/\/alirarealestate.com\/fr\/catalog\/buy\/fujairah\/","og_locale":"fr_FR","og_type":"article","og_title":"Property in Fujairah","og_url":"https:\/\/alirarealestate.com\/fr\/catalog\/buy\/fujairah\/","og_site_name":"Alira Real Estate - Real estate in the UAE","article_modified_time":"2024-10-27T14:56:59+00:00","twitter_card":"summary_large_image","twitter_misc":{"Dur\u00e9e de lecture estim\u00e9e":"6 minutes"},"schema":{"@context":"https:\/\/schema.org","@graph":[{"@type":"WebPage","@id":"https:\/\/alirarealestate.com\/fr\/catalog\/buy\/fujairah\/","url":"https:\/\/alirarealestate.com\/fr\/catalog\/buy\/fujairah\/","name":"Property in Fujairah - Alira Real Estate - Real estate in the UAE","isPartOf":{"@id":"https:\/\/alirarealestate.com\/fr\/#website"},"datePublished":"2024-04-18T07:17:39+00:00","dateModified":"2024-10-27T14:56:59+00:00","breadcrumb":{"@id":"https:\/\/alirarealestate.com\/fr\/catalog\/buy\/fujairah\/#breadcrumb"},"inLanguage":"fr-FR","potentialAction":[{"@type":"ReadAction","target":["https:\/\/alirarealestate.com\/fr\/catalog\/buy\/fujairah\/"]}]},{"@type":"BreadcrumbList","@id":"https:\/\/alirarealestate.com\/fr\/catalog\/buy\/fujairah\/#breadcrumb","itemListElement":[{"@type":"ListItem","position":1,"name":"Home","item":"https:\/\/alirarealestate.com\/"},{"@type":"ListItem","position":2,"name":"Real Estate Catalog","item":"https:\/\/alirarealestate.com\/catalog\/"},{"@type":"ListItem","position":3,"name":"Real Estate Catalog","item":"https:\/\/alirarealestate.com\/catalog\/buy\/"},{"@type":"ListItem","position":4,"name":"Property in Fujairah"}]},{"@type":"WebSite","@id":"https:\/\/alirarealestate.com\/fr\/#website","url":"https:\/\/alirarealestate.com\/fr\/","name":"Alira Real Estate - Real estate in the UAE","description":"","potentialAction":[{"@type":"SearchAction","target":{"@type":"EntryPoint","urlTemplate":"https:\/\/alirarealestate.com\/fr\/?s={search_term_string}"},"query-input":{"@type":"PropertyValueSpecification","valueRequired":true,"valueName":"search_term_string"}}],"inLanguage":"fr-FR"}]}},"_links":{"self":[{"href":"https:\/\/alirarealestate.com\/fr\/wp-json\/wp\/v2\/pages\/4324"}],"collection":[{"href":"https:\/\/alirarealestate.com\/fr\/wp-json\/wp\/v2\/pages"}],"about":[{"href":"https:\/\/alirarealestate.com\/fr\/wp-json\/wp\/v2\/types\/page"}],"author":[{"embeddable":true,"href":"https:\/\/alirarealestate.com\/fr\/wp-json\/wp\/v2\/users\/1"}],"replies":[{"embeddable":true,"href":"https:\/\/alirarealestate.com\/fr\/wp-json\/wp\/v2\/comments?post=4324"}],"version-history":[{"count":2,"href":"https:\/\/alirarealestate.com\/fr\/wp-json\/wp\/v2\/pages\/4324\/revisions"}],"predecessor-version":[{"id":5915,"href":"https:\/\/alirarealestate.com\/fr\/wp-json\/wp\/v2\/pages\/4324\/revisions\/5915"}],"up":[{"embeddable":true,"href":"https:\/\/alirarealestate.com\/fr\/wp-json\/wp\/v2\/pages\/4288"}],"wp:attachment":[{"href":"https:\/\/alirarealestate.com\/fr\/wp-json\/wp\/v2\/media?parent=4324"}],"curies":[{"name":"wp","href":"https:\/\/api.w.org\/{rel}","templated":true}]}}