{"id":4305,"date":"2024-04-18T10:17:39","date_gmt":"2024-04-18T07:17:39","guid":{"rendered":"https:\/\/alirarealestate.com\/catalog\/buy\/dubai\/villas\/"},"modified":"2024-10-27T17:27:42","modified_gmt":"2024-10-27T14:27:42","slug":"villas","status":"publish","type":"page","link":"https:\/\/alirarealestate.com\/fr\/catalog\/buy\/dubai\/villas\/","title":{"rendered":"Villas \u00e0 vendre \u00e0 Duba\u00ef"},"content":{"rendered":"<section class=\"wpb-content-wrapper\"><div class=\"vc_row wpb_row vc_row-fluid vc_row\"><div class=\"wpb_column vc_column_container vc_col-sm-12 vc_column\"><div class=\"vc_column-inner\"><div class=\"wpb_wrapper\">\n\t<div class=\"wpb_text_column wpb_content_element  vc_column_text\" >\n\t\t<div class=\"wpb_wrapper\">\n\t\t\t<p><span style=\"font-weight: 400;\">Vous r\u00eavez de vivre dans un pays ensoleill\u00e9 ou vous cherchez un moyen efficace d&#039;investir votre argent ? Pensez \u00e0 l&#039;immobilier \u00e0 Duba\u00ef. Les villas et les maisons sont les options les plus recherch\u00e9es dans la m\u00e9tropole moderne. Et ce n&#039;est pas sans raison ! La demande pour de telles propri\u00e9t\u00e9s aux \u00c9mirats ne cesse de cro\u00eetre. \u00c0 Duba\u00ef, il existe de nombreux immeubles r\u00e9sidentiels \u00e0 vendre, chacun unique dans sa conception et son emplacement. Il y a ici des biens immobiliers pour tous les budgets et tous les go\u00fbts, des maisons minimalistes \u00e0 la d\u00e9coration simple aux villas haut de gamme aux finitions co\u00fbteuses.<\/span><\/p>\n<p>&nbsp;<\/p>\n<p><span style=\"font-weight: 400;\">L&#039;agence immobili\u00e8re Alira vous propose le meilleur <\/span><span style=\"font-weight: 400;\">maisons \u00e0 vendre \u00e0 Duba\u00ef <\/span><span style=\"font-weight: 400;\">et au-del\u00e0. Sur le site Web de l&#039;entreprise, vous pouvez trouver et <\/span><span style=\"font-weight: 400;\">acheter une villa \u00e0 Duba\u00ef <\/span><span style=\"font-weight: 400;\">\u00e0 un bon prix pour r\u00e9pondre \u00e0 toutes les exigences :<\/span><\/p>\n<p>&nbsp;<\/p>\n<ul>\n<li><span style=\"font-weight: 400;\">pour vivre toute l&#039;ann\u00e9e;<\/span><\/li>\n<li><span style=\"font-weight: 400;\">pour les s\u00e9jours saisonniers ;<\/span><\/li>\n<li><span style=\"font-weight: 400;\">pour location et plus.<\/span><\/li>\n<li>Le portail pr\u00e9sente des informations r\u00e9centes et actualis\u00e9es sur les ventes immobili\u00e8res aux \u00c9mirats.<\/li>\n<\/ul>\n<p>&nbsp;<\/p>\n<h2><b>Avantages de <\/b><b>villas \u00e0 vendre \u00e0 Duba\u00ef<\/b><\/h2>\n<p>&nbsp;<\/p>\n<p><span style=\"font-weight: 400;\">Acheter une villa \u00e0 Duba\u00ef<\/span><span style=\"font-weight: 400;\"> Vivre au bord de la mer signifie investir judicieusement. Voici quelques facteurs qui rendent l&#039;immobilier aux \u00c9mirats arabes unis attractif pour l&#039;investissement :<\/span><\/p>\n<p>&nbsp;<\/p>\n<ul>\n<li><span style=\"font-weight: 400;\">Climat et popularit\u00e9 aupr\u00e8s des touristes. Duba\u00ef est situ\u00e9e sur les rives du golfe Persique. C&#039;est l&#039;une des villes les plus chaudes du monde, avec des pr\u00e9cipitations extr\u00eamement rares. Gr\u00e2ce \u00e0 son climat agr\u00e9able, Duba\u00ef est une station baln\u00e9aire id\u00e9ale toute l&#039;ann\u00e9e.<\/span><\/li>\n<li><span style=\"font-weight: 400;\">Des transports pratiques. La m\u00e9tropole dispose d&#039;un r\u00e9seau de transport urbain et international moderne. L&#039;a\u00e9roport, d&#039;o\u00f9 vous pouvez voler vers les pays les plus populaires du monde, est situ\u00e9 dans la ville. Le trajet jusqu&#039;\u00e0 celui-ci dure 30 minutes.<\/span><\/li>\n<li><span style=\"font-weight: 400;\">Un niveau de vie \u00e9lev\u00e9. Duba\u00ef est une m\u00e9tropole moderne tr\u00e8s d\u00e9velopp\u00e9e. Selon le cabinet de conseil Mercer, la ville se classe 75\u00e8me sur 211 en termes de qualit\u00e9 de vie. De plus, les \u00c9mirats arabes unis figurent parmi les \u00ab 50 meilleurs endroits o\u00f9 vivre \u00bb.<\/span><\/li>\n<li><span style=\"font-weight: 400;\">Activit\u00e9 commerciale. Duba\u00ef est situ\u00e9e \u00e0 l&#039;intersection des principales routes commerciales a\u00e9riennes et maritimes entre l&#039;Asie et l&#039;Europe. La ville abrite le si\u00e8ge de nombreuses soci\u00e9t\u00e9s commerciales renomm\u00e9es, ce qui stimule le d\u00e9veloppement des relations commerciales internationales.<\/span><\/li>\n<li><span style=\"font-weight: 400;\">S\u00e9curit\u00e9 et stabilit\u00e9. Les \u00c9mirats arabes unis sont l\u2019un des pays les plus s\u00fbrs au monde. La politique migratoire des \u00c9mirats arabes unis impose des exigences strictes aux migrants.<\/span><\/li>\n<li><span style=\"font-weight: 400;\">L\u00e9gislation transparente. Les transactions immobili\u00e8res sont contr\u00f4l\u00e9es au niveau gouvernemental et sont conclues uniquement avec des soci\u00e9t\u00e9s agr\u00e9\u00e9es.<\/span><\/li>\n<\/ul>\n<p>&nbsp;<\/p>\n<p><span style=\"font-weight: 400;\">Aujourd&#039;hui, les \u00c9mirats arabes unis regorgent d&#039;\u00e9trangers. Certains viennent ici pour quelques jours, tandis que d&#039;autres vivent dans la station baln\u00e9aire toute l&#039;ann\u00e9e. L&#039;achat d&#039;un bien immobilier r\u00e9sidentiel dans le pays arabe rapporte jusqu&#039;\u00e0 5 \u00e0 101 TP3T par an, tandis que l&#039;achat d&#039;un espace commercial peut rapporter jusqu&#039;\u00e0 151 TP3T.<\/span><\/p>\n\n\t\t<\/div>\n\t<\/div>\n<\/div><\/div><\/div><\/div><div class=\"vc_row wpb_row vc_row-fluid vc_row\"><div class=\"wpb_column vc_column_container vc_col-sm-12 vc_column\"><div class=\"vc_column-inner\"><div class=\"wpb_wrapper\">\n\t<div class=\"wpb_text_column wpb_content_element  vc_column_text\" >\n\t\t<div class=\"wpb_wrapper\">\n\t\t\t<h2><strong>Les endroits les plus populaires pour acheter des villas \u00e0 Duba\u00ef sont :<\/strong><\/h2>\n<p>&nbsp;<\/p>\n<ul>\n<li><span style=\"font-weight: 400;\"><a href=\"https:\/\/alirarealestate.com\/fr\/catalog\/buy\/dubai\/business-bay\/\">Baie d&#039;affaires<\/a> \u2013 le centre d\u2019affaires de l\u2019\u00e9mirat, une sorte d\u2019analogue de Manhattan \u00e0 New York ;<\/span><\/li>\n<li><span style=\"font-weight: 400;\"><a href=\"https:\/\/alirarealestate.com\/fr\/catalog\/buy\/dubai\/dubai-marina\/\">Marina de Duba\u00ef<\/a> \u2013 un quartier orient\u00e9 vers les vacances \u00e0 la plage et un style de vie luxueux ;<\/span><\/li>\n<li><span style=\"font-weight: 400;\"><a href=\"https:\/\/alirarealestate.com\/fr\/catalog\/buy\/dubai\/downtown\/\">Centre-ville de Duba\u00ef<\/a> \u2013 le centre g\u00e9ographique, commercial et touristique de la ville de l\u2019est ;<\/span><\/li>\n<li><span style=\"font-weight: 400;\"><a href=\"https:\/\/alirarealestate.com\/fr\/catalog\/buy\/dubai\/dubai-hills\/\">Les collines de Duba\u00ef<\/a> \u2013 un petit micro-quartier, un quartier vert au sein d\u2019une grande m\u00e9tropole ;<\/span><\/li>\n<li><span style=\"font-weight: 400;\"><a href=\"https:\/\/alirarealestate.com\/fr\/catalog\/buy\/dubai\/jumeirah-village-circle\/\">JVC (Jumeirah Village Circle)<\/a> \u2013 le meilleur micro-quartier pour vivre et passer des vacances \u00e0 la plage ;<\/span><\/li>\n<li><span style=\"font-weight: 400;\"><a href=\"https:\/\/alirarealestate.com\/fr\/catalog\/buy\/dubai\/palm-jumeirah\/\">Palm Jumeirah<\/a> \u2013 une \u00eele artificielle culte en forme de palmier ;<\/span><\/li>\n<li><span style=\"font-weight: 400;\"><a href=\"https:\/\/alirarealestate.com\/fr\/catalog\/buy\/dubai\/dubai-harbor\/\">Port de Duba\u00ef<\/a> \u2013 un quartier r\u00e9sidentiel ultra-moderne \u00e0 proximit\u00e9 d\u2019une baie artificielle ;<\/span><\/li>\n<li><span style=\"font-weight: 400;\"><a href=\"https:\/\/alirarealestate.com\/fr\/catalog\/buy\/dubai\/emaar-beachfront\/\">Front de mer d&#039;Emaar<\/a> \u2013 un complexe c\u00f4tier de luxe \u00e0 part enti\u00e8re de type ferm\u00e9 ;<\/span><\/li>\n<li><span style=\"font-weight: 400;\"><a href=\"https:\/\/alirarealestate.com\/fr\/catalog\/buy\/dubai\/dubai-hills\/\">Collines de Damac<\/a> \u2013 un micro-quartier r\u00e9sidentiel calme, un endroit id\u00e9al pour vivre en famille et avec enfants.<\/span><\/li>\n<\/ul>\n<p>&nbsp;<\/p>\n<h2><b>Style de vie \u00e0 Duba\u00ef<\/b><\/h2>\n<p>&nbsp;<\/p>\n<p><span style=\"font-weight: 400;\">Au cours de la derni\u00e8re d\u00e9cennie, les infrastructures et le mode de vie de l&#039;\u00e9mirat se sont am\u00e9lior\u00e9s \u00e0 tel point que les pays les plus d\u00e9velopp\u00e9s du monde peuvent envier les opportunit\u00e9s offertes aux r\u00e9sidents et aux visiteurs de la m\u00e9tropole. Dans la grande ville des \u00c9mirats arabes unis, on trouve :<\/span><\/p>\n<p>&nbsp;<\/p>\n<ul>\n<li><span style=\"font-weight: 400;\">des jardins d\u2019enfants et des \u00e9coles dot\u00e9s d\u2019\u00e9quipements modernes et d\u2019un personnel qualifi\u00e9 ;<\/span><\/li>\n<li><span style=\"font-weight: 400;\">h\u00f4pitaux et cliniques de classe mondiale, offrant des services m\u00e9dicaux avanc\u00e9s;<\/span><\/li>\n<li><span style=\"font-weight: 400;\">d&#039;immenses centres commerciaux luxueux pour un shopping de qualit\u00e9 ;<\/span><\/li>\n<li><span style=\"font-weight: 400;\">diverses infrastructures pouvant \u00eatre utiles \u00e0 l&#039;habitat et aux affaires.<\/span><\/li>\n<\/ul>\n<p>&nbsp;<\/p>\n<p><span style=\"font-weight: 400;\">L&#039;infrastructure de Duba\u00ef offre confort et commodit\u00e9 aux visiteurs et aux r\u00e9sidents de la ville, favorisant ainsi une croissance \u00e9conomique dynamique. Duba\u00ef est populaire aupr\u00e8s des touristes. De nombreux \u00e9trangers consid\u00e8rent la m\u00e9tropole comme un lieu de r\u00e9sidence permanente.<\/span><\/p>\n<p>&nbsp;<\/p>\n<h2><b>Prix des villas \u00e0 Duba\u00ef<\/b><\/h2>\n<p>&nbsp;<\/p>\n<p><span style=\"font-weight: 400;\">Combien co\u00fbte une maison \u00e0 Duba\u00ef ? Cette question est pos\u00e9e par tous ceux qui envisagent d&#039;acheter un bien immobilier aux \u00c9mirats arabes unis. <\/span><span style=\"font-weight: 400;\">Prix de la villa \u00e0 Duba\u00ef<\/span><span style=\"font-weight: 400;\"> est influenc\u00e9 par les caract\u00e9ristiques individuelles de la propri\u00e9t\u00e9, son emplacement et sa taille. Le co\u00fbt minimum d&#039;un <\/span><span style=\"font-weight: 400;\">villa \u00e0 vendre \u00e0 Duba\u00ef<\/span><span style=\"font-weight: 400;\">\u00a0 dans la m\u00e9tropole de l&#039;est, il est de $280 000 (environ 1 million d&#039;AED).<\/span><\/p>\n<p>&nbsp;<\/p>\n<p><span style=\"font-weight: 400;\">Si vous envisagez d\u2019acheter une propri\u00e9t\u00e9 \u00e0 Duba\u00ef, faites attention aux domaines suivants :<\/span><\/p>\n<p>&nbsp;<\/p>\n<ul>\n<li><span style=\"font-weight: 400;\"><a href=\"https:\/\/alirarealestate.com\/fr\/catalog\/buy\/dubai\/damac-hills\/\">Collines de Damac<\/a>;<\/span><\/li>\n<li><span style=\"font-weight: 400;\"><a href=\"https:\/\/alirarealestate.com\/fr\/catalog\/buy\/dubai\/dubai-hills\/\">Les collines de Duba\u00ef<\/a>;<\/span><\/li>\n<li><span style=\"font-weight: 400;\"><a href=\"https:\/\/alirarealestate.com\/fr\/catalog\/buy\/dubai\/palm-jumeirah\/\">Palm Jumeirah<\/a>;<\/span><\/li>\n<li><span style=\"font-weight: 400;\">Domaine de golf de Jumeirah;<\/span><\/li>\n<li><span style=\"font-weight: 400;\">Boue.<\/span><\/li>\n<\/ul>\n<p>&nbsp;<\/p>\n<p><span style=\"font-weight: 400;\">Pour choisir un quartier et acheter une villa \u00e0 Duba\u00ef, faites appel aux services d&#039;un sp\u00e9cialiste qualifi\u00e9 et connaissant bien le march\u00e9 immobilier.<\/span><\/p>\n\n\t\t<\/div>\n\t<\/div>\n<\/div><\/div><\/div><\/div><div class=\"vc_row wpb_row vc_row-fluid vc_row\"><div class=\"wpb_column vc_column_container vc_col-sm-12 vc_column\"><div class=\"vc_column-inner\"><div class=\"wpb_wrapper\">\n\t<div class=\"wpb_text_column wpb_content_element  vc_column_text\" >\n\t\t<div class=\"wpb_wrapper\">\n\t\t\t<h2><b>Investir dans des villas \u00e0 Duba\u00ef<\/b><\/h2>\n<p>&nbsp;<\/p>\n<p><span style=\"font-weight: 400;\">L&#039;achat d&#039;un bien immobilier aux \u00c9mirats est un investissement rentable. L&#039;immobilier aux \u00c9mirats arabes unis est toujours tr\u00e8s demand\u00e9 et <\/span><span style=\"font-weight: 400;\">prix des maisons \u00e0 Duba\u00ef<\/span><span style=\"font-weight: 400;\"> sont en constante augmentation. Au cours de l&#039;ann\u00e9e \u00e9coul\u00e9e, le co\u00fbt de l&#039;immobilier dans de nombreuses r\u00e9gions de la m\u00e9tropole arabe a augment\u00e9 en moyenne de 40 \u00e0 60%.<\/span><\/p>\n<p>&nbsp;<\/p>\n<p><span style=\"font-weight: 400;\">Villas \u00e0 vendre \u00e0 Duba\u00ef<\/span><span style=\"font-weight: 400;\">e pr\u00e8s de la c\u00f4te du Golfe et <a href=\"https:\/\/alirarealestate.com\/fr\/catalog\/buy\/dubai\/villas\/luxury\/\">maisons de format premium<\/a> sont les plus populaires. Le rendement moyen de la location d&#039;un bien immobilier r\u00e9sidentiel est d&#039;environ 6% par an.<\/span><\/p>\n<p>&nbsp;<\/p>\n<h2><b>Collaboration avec l&#039;Agence<\/b><\/h2>\n<p>&nbsp;<\/p>\n<p><span style=\"font-weight: 400;\">Alira Real Estate est une agence immobili\u00e8re qui propose une large gamme de services. Le profil principal d&#039;Alira Real Estate est l&#039;achat, la location et la vente de maisons \u00e0 Duba\u00ef et dans d&#039;autres \u00e9mirats.<\/span><\/p>\n<p>&nbsp;<\/p>\n<p><span style=\"font-weight: 400;\">Alira Real Estate emploie des sp\u00e9cialistes qualifi\u00e9s poss\u00e9dant une vaste exp\u00e9rience professionnelle. Ils connaissent toutes les nuances du march\u00e9. Cela leur permet d&#039;offrir un maximum d&#039;avantages aux clients. La base de donn\u00e9es des propri\u00e9t\u00e9s r\u00e9sidentielles et commerciales de l&#039;agence est r\u00e9guli\u00e8rement mise \u00e0 jour. Elle dispose d&#039;un syst\u00e8me de recherche accessible \u00e9quip\u00e9 de filtres pour divers param\u00e8tres.<\/span><\/p>\n<p>&nbsp;<\/p>\n<p><span style=\"font-weight: 400;\">En collaborant avec notre agence, vous b\u00e9n\u00e9ficiez des avantages suivants :<\/span><\/p>\n<p>&nbsp;<\/p>\n<ul>\n<li><span style=\"font-weight: 400;\">Transparence. Vous pouvez trouver des biens immobiliers r\u00e9sidentiels ou commerciaux aux \u00c9mirats arabes unis qui r\u00e9pondent pleinement aux exigences \u00e9nonc\u00e9es.<\/span><\/li>\n<li><span style=\"font-weight: 400;\">Flexibilit\u00e9. Vous b\u00e9n\u00e9ficiez de conditions de coop\u00e9ration flexibles et de la possibilit\u00e9 de choisir entre diff\u00e9rentes options immobili\u00e8res. Vous pouvez effectuer la transaction \u00e0 distance si n\u00e9cessaire.<\/span><\/li>\n<li><span style=\"font-weight: 400;\">Confidentialit\u00e9. Vos donn\u00e9es personnelles et autres informations ne sont pas divulgu\u00e9es \u00e0 des tiers sans votre consentement \u00e9crit ou en cas de r\u00e9elle n\u00e9cessit\u00e9.<\/span><\/li>\n<\/ul>\n<p>&nbsp;<\/p>\n<p><span style=\"font-weight: 400;\">En contactant l&#039;agence immobili\u00e8re Alira, vous choisissez un partenaire fiable et responsable !<\/span><\/p>\n<p>&nbsp;<\/p>\n<p><span style=\"font-weight: 400;\">Vous souhaitez savoir combien co\u00fbte une villa \u00e0 Duba\u00ef ? Ou vous souhaitez trouver une option d&#039;investissement adapt\u00e9e ? Appelez <\/span><span style=\"font-weight: 400;\"><a href=\"tel: 79869277377\">+7 (986) 927-73-77<\/a><\/span><span style=\"font-weight: 400;\"> et <\/span><span style=\"font-weight: 400;\"><a href=\"tel: 971588337903\">+971 (588) 337 903<\/a><\/span><span style=\"font-weight: 400;\"> pour obtenir les derni\u00e8res offres des meilleurs d\u00e9veloppeurs des EAU, ou \u00e9crivez \u00e0 <a class=\"mail\" href=\"mailto:info@alirarealestate.com\">info@alirarealestate.com<\/a>.<\/span><\/p>\n\n\t\t<\/div>\n\t<\/div>\n<\/div><\/div><\/div><\/div>\n<\/section>","protected":false},"excerpt":{"rendered":"Vous r\u00eavez de vivre dans un pays ensoleill\u00e9 ou vous cherchez un moyen efficace d&#039;investir votre argent ? Pensez \u00e0 l&#039;immobilier \u00e0 Duba\u00ef. Les villas et les maisons sont les options les plus recherch\u00e9es dans la m\u00e9tropole moderne. Et ce n&#039;est pas sans raison ! La demande pour de telles propri\u00e9t\u00e9s aux \u00c9mirats ne cesse de cro\u00eetre. \u00c0 Duba\u00ef, il existe de nombreux immeubles r\u00e9sidentiels \u00e0 vendre, chacun unique par sa conception et son emplacement. ...","protected":false},"author":1,"featured_media":0,"parent":4295,"menu_order":0,"comment_status":"closed","ping_status":"closed","template":"advanced_search_results.php","meta":{"inline_featured_image":false,"_glsr_average":0,"_glsr_ranking":0,"_glsr_reviews":0,"footnotes":""},"class_list":["post-4305","page","type-page","status-publish","hentry"],"yoast_head":"<!-- This site is optimized with the Yoast SEO Premium plugin v25.1 (Yoast SEO v25.6) - https:\/\/yoast.com\/wordpress\/plugins\/seo\/ -->\n<title>Villas for Sale In Dubai. Buy a House - Alira<\/title>\n<meta name=\"description\" content=\"Villas for sale in Dubai, UAE. \u2b50 Buy villas in Dubai: luxury, affordable, by the sea, etc. \u2b50 Prices, descriptions, and photos. \u27a4 Discover your perfect house on our website!\" \/>\n<meta name=\"robots\" content=\"index, follow, max-snippet:-1, max-image-preview:large, max-video-preview:-1\" \/>\n<link rel=\"canonical\" href=\"https:\/\/alirarealestate.com\/fr\/catalog\/buy\/dubai\/villas\/\" \/>\n<meta property=\"og:locale\" content=\"fr_FR\" \/>\n<meta property=\"og:type\" content=\"article\" \/>\n<meta property=\"og:title\" content=\"Villas for Sale In Dubai\" \/>\n<meta property=\"og:description\" content=\"Villas for sale in Dubai, UAE. \u2b50 Buy villas in Dubai: luxury, affordable, by the sea, etc. \u2b50 Prices, descriptions, and photos. \u27a4 Discover your perfect house on our website!\" \/>\n<meta property=\"og:url\" content=\"https:\/\/alirarealestate.com\/fr\/catalog\/buy\/dubai\/villas\/\" \/>\n<meta property=\"og:site_name\" content=\"Alira Real Estate - Real estate in the UAE\" \/>\n<meta property=\"article:modified_time\" content=\"2024-10-27T14:27:42+00:00\" \/>\n<meta name=\"twitter:card\" content=\"summary_large_image\" \/>\n<meta name=\"twitter:label1\" content=\"Dur\u00e9e de lecture estim\u00e9e\" \/>\n\t<meta name=\"twitter:data1\" content=\"5 minutes\" \/>\n<script type=\"application\/ld+json\" class=\"yoast-schema-graph\">{\"@context\":\"https:\/\/schema.org\",\"@graph\":[{\"@type\":\"WebPage\",\"@id\":\"https:\/\/alirarealestate.com\/fr\/catalog\/buy\/dubai\/villas\/\",\"url\":\"https:\/\/alirarealestate.com\/fr\/catalog\/buy\/dubai\/villas\/\",\"name\":\"Villas for Sale In Dubai. Buy a House - Alira\",\"isPartOf\":{\"@id\":\"https:\/\/alirarealestate.com\/fr\/#website\"},\"datePublished\":\"2024-04-18T07:17:39+00:00\",\"dateModified\":\"2024-10-27T14:27:42+00:00\",\"description\":\"Villas for sale in Dubai, UAE. \u2b50 Buy villas in Dubai: luxury, affordable, by the sea, etc. \u2b50 Prices, descriptions, and photos. \u27a4 Discover your perfect house on our website!\",\"breadcrumb\":{\"@id\":\"https:\/\/alirarealestate.com\/fr\/catalog\/buy\/dubai\/villas\/#breadcrumb\"},\"inLanguage\":\"fr-FR\",\"potentialAction\":[{\"@type\":\"ReadAction\",\"target\":[\"https:\/\/alirarealestate.com\/fr\/catalog\/buy\/dubai\/villas\/\"]}]},{\"@type\":\"BreadcrumbList\",\"@id\":\"https:\/\/alirarealestate.com\/fr\/catalog\/buy\/dubai\/villas\/#breadcrumb\",\"itemListElement\":[{\"@type\":\"ListItem\",\"position\":1,\"name\":\"Home\",\"item\":\"https:\/\/alirarealestate.com\/\"},{\"@type\":\"ListItem\",\"position\":2,\"name\":\"Real Estate Catalog\",\"item\":\"https:\/\/alirarealestate.com\/catalog\/\"},{\"@type\":\"ListItem\",\"position\":3,\"name\":\"Real Estate Catalog\",\"item\":\"https:\/\/alirarealestate.com\/catalog\/buy\/\"},{\"@type\":\"ListItem\",\"position\":4,\"name\":\"Properties for Sale in Dubai\",\"item\":\"https:\/\/alirarealestate.com\/catalog\/buy\/dubai\/\"},{\"@type\":\"ListItem\",\"position\":5,\"name\":\"Villas for Sale In Dubai\"}]},{\"@type\":\"WebSite\",\"@id\":\"https:\/\/alirarealestate.com\/fr\/#website\",\"url\":\"https:\/\/alirarealestate.com\/fr\/\",\"name\":\"Alira Real Estate - Real estate in the UAE\",\"description\":\"\",\"potentialAction\":[{\"@type\":\"SearchAction\",\"target\":{\"@type\":\"EntryPoint\",\"urlTemplate\":\"https:\/\/alirarealestate.com\/fr\/?s={search_term_string}\"},\"query-input\":{\"@type\":\"PropertyValueSpecification\",\"valueRequired\":true,\"valueName\":\"search_term_string\"}}],\"inLanguage\":\"fr-FR\"}]}<\/script>\n<!-- \/ Yoast SEO Premium plugin. -->","yoast_head_json":{"title":"Villas for Sale In Dubai. Buy a House - Alira","description":"Villas for sale in Dubai, UAE. \u2b50 Buy villas in Dubai: luxury, affordable, by the sea, etc. \u2b50 Prices, descriptions, and photos. \u27a4 Discover your perfect house on our website!","robots":{"index":"index","follow":"follow","max-snippet":"max-snippet:-1","max-image-preview":"max-image-preview:large","max-video-preview":"max-video-preview:-1"},"canonical":"https:\/\/alirarealestate.com\/fr\/catalog\/buy\/dubai\/villas\/","og_locale":"fr_FR","og_type":"article","og_title":"Villas for Sale In Dubai","og_description":"Villas for sale in Dubai, UAE. \u2b50 Buy villas in Dubai: luxury, affordable, by the sea, etc. \u2b50 Prices, descriptions, and photos. \u27a4 Discover your perfect house on our website!","og_url":"https:\/\/alirarealestate.com\/fr\/catalog\/buy\/dubai\/villas\/","og_site_name":"Alira Real Estate - Real estate in the UAE","article_modified_time":"2024-10-27T14:27:42+00:00","twitter_card":"summary_large_image","twitter_misc":{"Dur\u00e9e de lecture estim\u00e9e":"5 minutes"},"schema":{"@context":"https:\/\/schema.org","@graph":[{"@type":"WebPage","@id":"https:\/\/alirarealestate.com\/fr\/catalog\/buy\/dubai\/villas\/","url":"https:\/\/alirarealestate.com\/fr\/catalog\/buy\/dubai\/villas\/","name":"Villas for Sale In Dubai. Buy a House - Alira","isPartOf":{"@id":"https:\/\/alirarealestate.com\/fr\/#website"},"datePublished":"2024-04-18T07:17:39+00:00","dateModified":"2024-10-27T14:27:42+00:00","description":"Villas for sale in Dubai, UAE. \u2b50 Buy villas in Dubai: luxury, affordable, by the sea, etc. \u2b50 Prices, descriptions, and photos. \u27a4 Discover your perfect house on our website!","breadcrumb":{"@id":"https:\/\/alirarealestate.com\/fr\/catalog\/buy\/dubai\/villas\/#breadcrumb"},"inLanguage":"fr-FR","potentialAction":[{"@type":"ReadAction","target":["https:\/\/alirarealestate.com\/fr\/catalog\/buy\/dubai\/villas\/"]}]},{"@type":"BreadcrumbList","@id":"https:\/\/alirarealestate.com\/fr\/catalog\/buy\/dubai\/villas\/#breadcrumb","itemListElement":[{"@type":"ListItem","position":1,"name":"Home","item":"https:\/\/alirarealestate.com\/"},{"@type":"ListItem","position":2,"name":"Real Estate Catalog","item":"https:\/\/alirarealestate.com\/catalog\/"},{"@type":"ListItem","position":3,"name":"Real Estate Catalog","item":"https:\/\/alirarealestate.com\/catalog\/buy\/"},{"@type":"ListItem","position":4,"name":"Properties for Sale in Dubai","item":"https:\/\/alirarealestate.com\/catalog\/buy\/dubai\/"},{"@type":"ListItem","position":5,"name":"Villas for Sale In Dubai"}]},{"@type":"WebSite","@id":"https:\/\/alirarealestate.com\/fr\/#website","url":"https:\/\/alirarealestate.com\/fr\/","name":"Alira Real Estate - Real estate in the UAE","description":"","potentialAction":[{"@type":"SearchAction","target":{"@type":"EntryPoint","urlTemplate":"https:\/\/alirarealestate.com\/fr\/?s={search_term_string}"},"query-input":{"@type":"PropertyValueSpecification","valueRequired":true,"valueName":"search_term_string"}}],"inLanguage":"fr-FR"}]}},"_links":{"self":[{"href":"https:\/\/alirarealestate.com\/fr\/wp-json\/wp\/v2\/pages\/4305"}],"collection":[{"href":"https:\/\/alirarealestate.com\/fr\/wp-json\/wp\/v2\/pages"}],"about":[{"href":"https:\/\/alirarealestate.com\/fr\/wp-json\/wp\/v2\/types\/page"}],"author":[{"embeddable":true,"href":"https:\/\/alirarealestate.com\/fr\/wp-json\/wp\/v2\/users\/1"}],"replies":[{"embeddable":true,"href":"https:\/\/alirarealestate.com\/fr\/wp-json\/wp\/v2\/comments?post=4305"}],"version-history":[{"count":2,"href":"https:\/\/alirarealestate.com\/fr\/wp-json\/wp\/v2\/pages\/4305\/revisions"}],"predecessor-version":[{"id":5902,"href":"https:\/\/alirarealestate.com\/fr\/wp-json\/wp\/v2\/pages\/4305\/revisions\/5902"}],"up":[{"embeddable":true,"href":"https:\/\/alirarealestate.com\/fr\/wp-json\/wp\/v2\/pages\/4295"}],"wp:attachment":[{"href":"https:\/\/alirarealestate.com\/fr\/wp-json\/wp\/v2\/media?parent=4305"}],"curies":[{"name":"wp","href":"https:\/\/api.w.org\/{rel}","templated":true}]}}