{"id":4288,"date":"2024-04-18T10:17:39","date_gmt":"2024-04-18T07:17:39","guid":{"rendered":"https:\/\/alirarealestate.com\/catalog\/buy\/"},"modified":"2025-04-21T21:13:39","modified_gmt":"2025-04-21T18:13:39","slug":"buy","status":"publish","type":"page","link":"https:\/\/alirarealestate.com\/fr\/catalog\/buy\/","title":{"rendered":"Catalogue immobilier"},"content":{"rendered":"<section class=\"wpb-content-wrapper\"><div class=\"vc_row wpb_row vc_row-fluid vc_row\"><div class=\"wpb_column vc_column_container vc_col-sm-12 vc_column\"><div class=\"vc_column-inner\"><div class=\"wpb_wrapper\">\n\t<div class=\"wpb_text_column wpb_content_element  vc_column_text\" >\n\t\t<div class=\"wpb_wrapper\">\n\t\t\t<p><span style=\"font-weight: 400;\">Aux \u00c9mirats arabes unis, les solutions modernes se marient harmonieusement avec un riche patrimoine culturel, tandis que les paysages urbains et naturels impressionnent par leur diversit\u00e9. Le littoral du golfe Persique, souvent orn\u00e9 de complexes h\u00f4teliers luxueux, m\u00e9rite une attention particuli\u00e8re, en particulier pour ceux qui recherchent des biens immobiliers \u00e0 vendre aux \u00c9mirats arabes unis.<\/span><\/p>\n<p>&nbsp;<\/p>\n<p><span style=\"font-weight: 400;\">Les \u00c9mirats arabes unis sont r\u00e9put\u00e9s pour leur architecture futuriste, leur haut niveau de s\u00e9curit\u00e9 et leur potentiel d&#039;investissement, ce qui explique la forte demande de biens immobiliers. Si vous avez d\u00e9cid\u00e9 d&#039;acheter un bien immobilier d&#039;un type appropri\u00e9 aux \u00c9mirats arabes unis, vous pouvez demander l&#039;aide des gestionnaires de l&#039;agence immobili\u00e8re Alira et b\u00e9n\u00e9ficier d&#039;une consultation d\u00e9taill\u00e9e.<\/span><\/p>\n\n\t\t<\/div>\n\t<\/div>\n<\/div><\/div><\/div><\/div><div class=\"vc_row wpb_row vc_row-fluid vc_row\"><div class=\"wpb_column vc_column_container vc_col-sm-12 vc_column\"><div class=\"vc_column-inner\"><div class=\"wpb_wrapper\">\n\t<div class=\"wpb_text_column wpb_content_element  vc_column_text\" >\n\t\t<div class=\"wpb_wrapper\">\n\t\t\t<h2><b>Acheter un bien immobilier aux \u00c9mirats arabes unis : principaux avantages<\/b><\/h2>\n<p><span style=\"font-weight: 400;\">En observant le rythme de d\u00e9veloppement du pays et de ses \u00e9mirats, on a l&#039;impression que tout est possible ici. C&#039;est un endroit avec un environnement cosmopolite unique, m\u00ealant traditions arabes et modernit\u00e9 et normes juridiques attrayantes que les autres pays n&#039;offrent pas. Pour ceux qui souhaitent explorer les biens immobiliers \u00e0 vendre aux EAU, notre agence propose une gamme compl\u00e8te d&#039;options adapt\u00e9es \u00e0 diverses pr\u00e9f\u00e9rences et budgets.<\/span><\/p>\n<p>&nbsp;<\/p>\n<p><b>Niveau de vie \u00e9lev\u00e9. <\/b><span style=\"font-weight: 400;\">Les \u00c9mirats arabes unis, et Duba\u00ef en particulier, se classent parmi les meilleurs pays en termes de s\u00e9curit\u00e9, de sant\u00e9, d\u2019\u00e9ducation, de loisirs et de transport. Selon les \u00e9tudes, les \u00c9mirats arabes unis sont reconnus comme le meilleur pays pour les professionnels \u00e9trangers qui cherchent \u00e0 d\u00e9velopper leur carri\u00e8re.<\/span><\/p>\n<p>&nbsp;<\/p>\n<p><span style=\"font-weight: 400;\">En raison de la croissance \u00e9conomique du pays parall\u00e8lement \u00e0 l&#039;\u00e9panouissement des sph\u00e8res de la vie, beaucoup aspirent \u00e0 acheter une propri\u00e9t\u00e9 aux EAU.<\/span><\/p>\n<p>&nbsp;<\/p>\n<p><span style=\"font-weight: 400;\"><strong>Ambiance internationale.<\/strong> <\/span><span style=\"font-weight: 400;\">L\u2019augmentation r\u00e9cente du nombre d\u2019immigr\u00e9s est due \u00e0 l\u2019introduction par le gouvernement de visas pour les travailleurs ind\u00e9pendants (nomades num\u00e9riques). Si la langue officielle est l\u2019arabe, l\u2019anglais est largement utilis\u00e9, des menus des restaurants et des bars aux documents officiels. Le fonctionnement des entreprises et des magasins est standardis\u00e9 et diff\u00e8re peu des principes europ\u00e9ens. \u00c0 Duba\u00ef, par exemple, on fait preuve de respect envers les autres cultures et religions. Ici, on c\u00e9l\u00e8bre No\u00ebl, la \u00ab f\u00eate des lumi\u00e8res \u00bb hindoue Diwali et le mois sacr\u00e9 du Ramadan dans le calendrier musulman.<\/span><\/p>\n<p>&nbsp;<\/p>\n<p><strong>March\u00e9 immobilier dynamique. <\/strong><span style=\"font-weight: 400;\">Les \u00c9mirats arabes unis ont une \u00e9conomie forte. Le pays entretient de bonnes relations avec les \u00c9tats-Unis, ce qui garantit la stabilit\u00e9 du dirham (monnaie locale) par rapport au dollar am\u00e9ricain. Il n\u2019y a pas d\u2019inflation, ce qui est associ\u00e9 \u00e0 la croissance \u00e9conomique et \u00e0 la rentabilit\u00e9 des investissements immobiliers \u00e0 Duba\u00ef. Le gouvernement continue de prendre des mesures pour rendre le pays encore plus attractif pour les r\u00e9sidents potentiels et les investisseurs qui cherchent \u00e0 acheter des biens immobiliers. Depuis 1960, Duba\u00ef met en \u0153uvre le Plan g\u00e9n\u00e9ral de d\u00e9veloppement de la ville. On s\u2019attend \u00e0 ce que d\u2019ici 2040, le nombre de plages soit multipli\u00e9 par quatre et que le nombre d\u2019espaces verts et d\u2019h\u00f4tels double. Si vous envisagez d\u2019acheter un bien immobilier aux \u00c9mirats arabes unis, c\u2019est le moment id\u00e9al pour le faire.<\/span><\/p>\n\n\t\t<\/div>\n\t<\/div>\n<\/div><\/div><\/div><\/div><div class=\"vc_row wpb_row vc_row-fluid vc_row\"><div class=\"wpb_column vc_column_container vc_col-sm-12 vc_column\"><div class=\"vc_column-inner\"><div class=\"wpb_wrapper\">\n\t<div class=\"wpb_text_column wpb_content_element  vc_column_text\" >\n\t\t<div class=\"wpb_wrapper\">\n\t\t\t<h2><strong>Investissements immobiliers aux \u00c9mirats arabes unis \u2013 Villes<\/strong><\/h2>\n<p>&nbsp;<\/p>\n<p><span style=\"font-weight: 400;\">Devenir propri\u00e9taire en<strong> <a href=\"https:\/\/alirarealestate.com\/fr\/catalog\/buy\/dubai\/\">Duba\u00ef<\/a><\/strong> vous permet d&#039;\u00eatre t\u00e9moin en personne du d\u00e9veloppement rapide des infrastructures et d&#039;en b\u00e9n\u00e9ficier. Les prix de l&#039;immobilier varient selon les zones. Par exemple, vous pouvez acheter un appartement d&#039;une chambre d&#039;une superficie de 70 m\u00b2 dans un quartier bien situ\u00e9 pour 1,2 million de dirhams (un peu plus de 300 000 euros).<\/span><\/p>\n<p>&nbsp;<\/p>\n<p><strong><a href=\"https:\/\/alirarealestate.com\/fr\/catalog\/buy\/abu-dhabi\/\">Abou Dhabi<\/a><\/strong>, la capitale et le plus grand \u00e9mirat des \u00c9mirats arabes unis, est un centre culturel et financier connu pour ses belles mosqu\u00e9es, ses palais et ses luxueux centres commerciaux. Abu Dhabi compte de nombreux mus\u00e9es, th\u00e9\u00e2tres et galeries d&#039;art. L&#039;achat d&#039;un bien immobilier \u00e0 Abu Dhabi attire ceux qui appr\u00e9cient le prestige et une vie confortable, qui appr\u00e9cient les appartements luxueux, les villas en bord de mer et les complexes r\u00e9sidentiels exclusifs. Abu Dhabi accorde une grande attention au d\u00e9veloppement des infrastructures, ce qui fait de l&#039;\u00e9mirat un endroit prometteur pour les investisseurs.<\/p>\n<p>&nbsp;<\/p>\n<p><a href=\"https:\/\/alirarealestate.com\/fr\/catalog\/buy\/ajman\/\"><strong>Ajman<\/strong><\/a> et son centre administratif sont un endroit id\u00e9al pour faire des affaires, car ils constituent une zone \u00e9conomique libre. Ici, il existe une politique fiscale favorable et il est possible de profiter de divers privil\u00e8ges. L&#039;immobilier \u00e0 Ajman offre le meilleur rapport qualit\u00e9-prix, il est accessible, les co\u00fbts d&#039;exploitation sont plus faibles avec une infrastructure tout aussi bonne, et la distance aux a\u00e9roports et ports internationaux est courte. Les nouveaux b\u00e2timents \u00e0 Ajman sont attrayants pour les personnes ayant des revenus passifs, les retrait\u00e9s et les ind\u00e9pendants.<\/p>\n<p>&nbsp;<\/p>\n<p><a href=\"https:\/\/alirarealestate.com\/fr\/catalog\/buy\/ras-al-khaimah\/\"><strong>Ras el Kha\u00efmah<\/strong><\/a>, situ\u00e9e au nord de Duba\u00ef, offre une exp\u00e9rience diff\u00e9rente. C&#039;est une r\u00e9gion avec de belles montagnes Hajjar, de charmantes plages et des r\u00e9serves naturelles sauvages. La ville est connue pour sa riche histoire et sa culture. Le plus haut sommet des \u00c9mirats arabes unis, Jebel Jais, attire les alpinistes et les touristes. Investir dans l&#039;immobilier \u00e0 Ras Al Khaimah est une opportunit\u00e9 de mener une vie paisible en pleine nature. L&#039;\u00e9mirat offre des conditions fiscales avantageuses pour les investisseurs \u00e9trangers.<\/p>\n<p>&nbsp;<\/p>\n<p><strong><a href=\"https:\/\/alirarealestate.com\/fr\/catalog\/buy\/fujairah\/\">Fuja\u00efrah<\/a><\/strong> L&#039;\u00e9mirat d&#039;Oman est r\u00e9put\u00e9 pour \u00eatre le plus pittoresque de tous les \u00e9mirats des \u00c9mirats arabes unis. Cet endroit est attrayant en raison de sa beaut\u00e9 : de vastes plages avec en toile de fond les montagnes, les eaux cristallines du golfe d&#039;Oman et des sites touristiques qui valent le d\u00e9tour. C&#039;est l&#039;endroit id\u00e9al pour une vie paisible au milieu d&#039;une nature magnifique sans foules.<\/p>\n<p>&nbsp;<\/p>\n<p><a href=\"https:\/\/alirarealestate.com\/fr\/catalog\/buy\/sharjah\/\"><strong>Charjah<\/strong><\/a> Sharjah est la troisi\u00e8me plus grande ville des \u00c9mirats arabes unis en termes de superficie et de population. Elle est situ\u00e9e au sud de Duba\u00ef. Sharjah poss\u00e8de le plus grand nombre de monuments de la culture arabe. Le lagon artificiel, les larges plages de sable et les nouveaux b\u00e2timents haut de gamme agissent comme un aimant, attirant les migrants dans cette r\u00e9gion.<\/p>\n<p>&nbsp;<\/p>\n<h2><strong>Types de biens immobiliers aux \u00c9mirats arabes unis<\/strong><\/h2>\n<p>&nbsp;<\/p>\n<p><span style=\"font-weight: 400;\">En fonction de vos objectifs d&#039;investissement et de votre budget, chez Alira Real Estate agency, vous pouvez acheter des biens immobiliers \u00e9trangers aux EAU de plusieurs types :<\/span><\/p>\n<p>&nbsp;<\/p>\n<ul>\n<li><a href=\"https:\/\/alirarealestate.com\/fr\/catalog\/buy\/dubai\/apartments\/\"><strong>Appartements et Studios. <\/strong><\/a><span style=\"font-weight: 400;\">Les complexes r\u00e9sidentiels sont des ensembles ferm\u00e9s compos\u00e9s d&#039;immeubles \u00e0 appartements multiples. Leur territoire est prot\u00e9g\u00e9 et accessible uniquement aux r\u00e9sidents. Il s&#039;agit d&#039;immeubles \u00e0 plusieurs \u00e9tages dot\u00e9s de cours spacieuses et d&#039;\u00e9quipements pour les r\u00e9sidents. L&#039;intimit\u00e9 et le confort de vie sont pleinement assur\u00e9s. Le site Web r\u00e9pertorie le co\u00fbt du logement aux \u00c9mirats arabes unis, qu&#039;il s&#039;agisse de studios, d&#039;appartements d&#039;une ou de cinq chambres, d&#039;options abordables ou de propri\u00e9t\u00e9s en bord de mer.<\/span><\/li>\n<li><a href=\"https:\/\/alirarealestate.com\/fr\/catalog\/buy\/dubai\/villas\/\"><strong>Villas <\/strong><\/a><span style=\"font-weight: 400;\">Les villas sont une alternative pour ceux qui pr\u00e9f\u00e8rent l&#039;isolement. Bien qu&#039;elles soient g\u00e9n\u00e9ralement situ\u00e9es \u00e0 proximit\u00e9 les unes des autres et donnent sur la m\u00eame rue, elles n&#039;ont pas de murs mitoyens. De plus, les villas disposent toujours d&#039;un grand territoire o\u00f9 vous pouvez avoir un jardin, une piscine, des kiosques et des b\u00e2timents utilitaires.<\/span><\/li>\n<li><strong>Penthouses<\/strong> Les penthouses occupent une partie des \u00e9tages sup\u00e9rieurs des immeubles. Il s&#039;agit de l&#039;un des types de biens immobiliers les plus luxueux, avec des vues \u00e0 couper le souffle depuis les fen\u00eatres. Presque tous les penthouses des \u00c9mirats arabes unis disposent de vitrages panoramiques, souvent r\u00e9alis\u00e9s sur tout le p\u00e9rim\u00e8tre.<\/li>\n<li><strong>Maisons de ville. <\/strong><span style=\"font-weight: 400;\">Il s&#039;agit de complexes r\u00e9sidentiels de faible hauteur dot\u00e9s d&#039;entr\u00e9es s\u00e9par\u00e9es. Bien que les maisons de ville aient un rev\u00eatement et un toit communs, chaque maison dispose de sa propre petite zone pour une all\u00e9e, un jardin ou un espace barbecue. Le march\u00e9 immobilier des \u00c9mirats arabes unis compte environ 12 000 maisons de ville situ\u00e9es dans tout le pays, notamment \u00e0 Duba\u00ef, Abu Dhabi, Sharjah, Ras Al Khaimah et Ajman.<\/span><\/li>\n<li><a href=\"https:\/\/alirarealestate.com\/fr\/catalog\/buy\/dubai\/commercial\/\"><strong>Immobilier commercial. <\/strong><\/a><span style=\"font-weight: 400;\">Un secteur d&#039;emploi important pour la main d&#039;\u0153uvre internationale. Les bureaux, les h\u00f4tels et les chambres d&#039;h\u00f4tel deviennent de plus en plus attractifs pour les investisseurs immobiliers alors que les \u00c9mirats arabes unis s&#039;efforcent de devenir une destination de classe mondiale.<\/span><\/li>\n<\/ul>\n<p>&nbsp;<\/p>\n<h2><strong>Prix de l&#039;immobilier aux \u00c9mirats arabes unis<\/strong><\/h2>\n<p>&nbsp;<\/p>\n<p><span style=\"font-weight: 400;\">Les prix de l&#039;immobilier aux \u00c9mirats arabes unis varient en fonction de la zone et des conditions de vie. Le prix moyen du m\u00e8tre carr\u00e9 dans le centre de Duba\u00ef est de 15 908 dirhams, en dehors du centre - 9 816 dirhams. Vous pouvez acheter un appartement d&#039;une chambre d&#039;environ 70 m\u00b2 dans un bon quartier pour 1,2 million de dirhams. Bien entendu, plus le bien est proche du centre, plus le co\u00fbt est \u00e9lev\u00e9. Les prix peuvent atteindre 6,8 millions de dirhams pour un studio d&#039;\u00e9lite.<\/span><\/p>\n<p>&nbsp;<\/p>\n<p><span style=\"font-weight: 400;\">Les biens immobiliers aux \u00c9mirats arabes unis sont vendus \u00e0 la fois par les soci\u00e9t\u00e9s de promotion et par les propri\u00e9taires sur le march\u00e9 secondaire.<\/span><\/p>\n<p>&nbsp;<\/p>\n<p><span style=\"font-weight: 400;\">Lors de l&#039;achat d&#039;un bien immobilier sur le march\u00e9 secondaire \u00e0 Duba\u00ef, le client doit verser un acompte de 10% apr\u00e8s avoir sign\u00e9 le protocole, obtenu le consentement et rencontr\u00e9 le service foncier, o\u00f9 le droit de propri\u00e9t\u00e9 est officiellement transf\u00e9r\u00e9. En outre, il existe une commission de courtier - 2% du prix d&#039;achat. Lors de la s\u00e9lection d&#039;un bien immobilier aux EAU \u00e0 vendre aupr\u00e8s d&#039;un promoteur, cette commission n&#039;est pas factur\u00e9e.<\/span><\/p>\n<p>&nbsp;<\/p>\n<p><span style=\"font-weight: 400;\">Des frais de transfert suppl\u00e9mentaires sont \u00e9galement factur\u00e9s pour les frais administratifs. Chaque transaction est individuelle et nous fournissons des informations aux clients au d\u00e9but de notre travail.<\/span><\/p>\n\n\t\t<\/div>\n\t<\/div>\n\n\t<div class=\"wpb_text_column wpb_content_element  vc_column_text\" >\n\t\t<div class=\"wpb_wrapper\">\n\t\t\t<h2><strong>Investissements immobiliers aux \u00c9mirats arabes unis : pourquoi c&#039;est avantageux<\/strong><\/h2>\n<p><span style=\"font-weight: 400;\">Aux \u00c9mirats arabes unis, il n&#039;existe pas de taxe fonci\u00e8re et la TVA est de 5%. Le gouvernement des \u00c9mirats arabes unis assure un march\u00e9 strictement r\u00e9glement\u00e9, ce qui contribue \u00e0 maintenir sa stabilit\u00e9 et cr\u00e9e un environnement favorable aux investissements immobiliers.<\/span><\/p>\n<p>&nbsp;<\/p>\n<p><span style=\"font-weight: 400;\">Lors de l&#039;achat d&#039;un bien immobilier \u00e0 Duba\u00ef, des frais uniques sont pay\u00e9s au Dubai Land Department (DLD). Il s&#039;agit de 4% (\u00e0 Abu Dhabi \u2013 2%), mais lors de l&#039;achat d&#039;un bien immobilier sur le march\u00e9 primaire, ils sont enti\u00e8rement ou partiellement pay\u00e9s par le promoteur.<\/span><\/p>\n<p>&nbsp;<\/p>\n<p><span style=\"font-weight: 400;\">Vous avez la possibilit\u00e9 de demander un pr\u00eat immobilier \u00e0 Duba\u00ef aupr\u00e8s d&#039;une banque locale. Si vous n&#039;\u00eates pas r\u00e9sident, le montant du pr\u00eat peut \u00eatre de 50% de la valeur du bien.<\/span><\/p>\n<p>&nbsp;<\/p>\n<h2><strong>Avantages et conditions de coop\u00e9ration avec l&#039;agence immobili\u00e8re Alira<\/strong><\/h2>\n<p><span style=\"font-weight: 400;\">Lors de l&#039;achat d&#039;un bien immobilier aux EAU, un \u00e9tranger doit prendre en compte plusieurs facteurs : la compr\u00e9hension des lois et r\u00e9glementations, le choix du bon emplacement et l&#039;attention port\u00e9e aux options d&#039;optimisation du financement et de la fiscalit\u00e9.<\/span><\/p>\n<p><span style=\"font-weight: 400;\">Nous garantissons :<\/span><\/p>\n<p>&nbsp;<\/p>\n<ul>\n<li><span style=\"font-weight: 400;\">Large gamme de services. <\/span><span style=\"font-weight: 400;\">Vente, achat, location et gestion de biens immobiliers.<\/span><\/li>\n<li><span style=\"font-weight: 400;\">Confidentialit\u00e9. <\/span><span style=\"font-weight: 400;\">Vos informations ne seront pas divulgu\u00e9es \u00e0 des tiers sans votre consentement.<\/span><\/li>\n<li><span style=\"font-weight: 400;\">Professionnalisme. <\/span><span style=\"font-weight: 400;\">L&#039;agence emploie des sp\u00e9cialistes qualifi\u00e9s et exp\u00e9riment\u00e9s.<\/span><\/li>\n<li><span style=\"font-weight: 400;\">Approche individuelle. <\/span><span style=\"font-weight: 400;\">Conditions de coop\u00e9ration flexibles et prix immobiliers transparents aux \u00c9mirats.<\/span><\/li>\n<\/ul>\n<p><span style=\"font-weight: 400;\">Travailler avec un consultant immobilier exp\u00e9riment\u00e9 aux EAU facilite l&#039;achat. Le sp\u00e9cialiste conna\u00eet le march\u00e9, aide les acheteurs potentiels \u00e0 choisir un bien immobilier adapt\u00e9 et comprend les aspects juridiques et financiers. Pour ceux qui recherchent des propri\u00e9t\u00e9s \u00e0 vendre aux EAU, collaborer avec un consultant comp\u00e9tent garantit un processus d&#039;achat plus fluide.<\/span><\/p>\n<p>&nbsp;<\/p>\n<p><span style=\"font-weight: 400;\">Que vous recherchiez une luxueuse villa de plage ou un appartement en ville, vous le trouverez aux \u00c9mirats arabes unis. Le march\u00e9 immobilier du pays est diversifi\u00e9 et couvre un large \u00e9ventail de budgets et de pr\u00e9f\u00e9rences. Pour planifier une consultation et discuter du co\u00fbt de l&#039;immobilier aux \u00c9mirats arabes unis, veuillez laisser une demande sur le site Web ou appeler <\/span><span style=\"font-weight: 400;\"><a href=\"tel: 79869277377\">+7 (986) 927-73-77 <\/a><\/span><span style=\"font-weight: 400;\">et <\/span><span style=\"font-weight: 400;\"><a href=\"tel: 971588337903\">+971 (588) 337 903<\/a><\/span><span style=\"font-weight: 400;\">. Les demandes peuvent \u00e9galement \u00eatre envoy\u00e9es \u00e0 l&#039;adresse e-mail <\/span><span style=\"font-weight: 400;\"><a class=\"mail\" href=\"mailto:info@alirarealestate.com\">info@alirarealestate.com<\/a>.<\/span><\/p>\n\n\t\t<\/div>\n\t<\/div>\n<\/div><\/div><\/div><\/div>\n<\/section>","protected":false},"excerpt":{"rendered":"Aux \u00c9mirats arabes unis, les solutions modernes se marient harmonieusement avec un riche patrimoine culturel, tandis que les paysages urbains et naturels impressionnent par leur diversit\u00e9. Le littoral du golfe Persique, souvent orn\u00e9 de complexes h\u00f4teliers luxueux, m\u00e9rite une attention particuli\u00e8re, en particulier pour ceux qui recherchent des propri\u00e9t\u00e9s \u00e0 vendre aux \u00c9mirats arabes unis. Les \u00c9mirats arabes unis sont r\u00e9put\u00e9s pour leur architecture futuriste, leur haut niveau de s\u00e9curit\u00e9 et leur potentiel d&#039;investissement, ce qui en fait le pays id\u00e9al pour les investisseurs.","protected":false},"author":1,"featured_media":0,"parent":660,"menu_order":0,"comment_status":"closed","ping_status":"closed","template":"advanced_search_results.php","meta":{"inline_featured_image":false,"_glsr_average":0,"_glsr_ranking":0,"_glsr_reviews":0,"footnotes":""},"class_list":["post-4288","page","type-page","status-publish","hentry"],"yoast_head":"<!-- This site is optimized with the Yoast SEO Premium plugin v25.1 (Yoast SEO v25.6) - https:\/\/yoast.com\/wordpress\/plugins\/seo\/ -->\n<title>Catalog of Real Estate in the UAE - Buy: Prices, Descriptions, Photos - Alira<\/title>\n<meta name=\"description\" content=\"Catalog of real estate in the UAE by Alira. \u2b50 Prices, descriptions, photos. \u2b50 Apartments, villas, offices. \u2b50 Property for sale and for rent. \u27a4 Choose your option on the website!\" \/>\n<meta name=\"robots\" content=\"index, follow, max-snippet:-1, max-image-preview:large, max-video-preview:-1\" \/>\n<link rel=\"canonical\" href=\"https:\/\/alirarealestate.com\/fr\/catalog\/buy\/\" \/>\n<meta property=\"og:locale\" content=\"fr_FR\" \/>\n<meta property=\"og:type\" content=\"article\" \/>\n<meta property=\"og:title\" content=\"Real Estate Catalog\" \/>\n<meta property=\"og:description\" content=\"Catalog of real estate in the UAE by Alira. \u2b50 Prices, descriptions, photos. \u2b50 Apartments, villas, offices. \u2b50 Property for sale and for rent. \u27a4 Choose your option on the website!\" \/>\n<meta property=\"og:url\" content=\"https:\/\/alirarealestate.com\/fr\/catalog\/buy\/\" \/>\n<meta property=\"og:site_name\" content=\"Alira Real Estate - Real estate in the UAE\" \/>\n<meta property=\"article:modified_time\" content=\"2025-04-21T18:13:39+00:00\" \/>\n<meta name=\"twitter:card\" content=\"summary_large_image\" \/>\n<meta name=\"twitter:label1\" content=\"Dur\u00e9e de lecture estim\u00e9e\" \/>\n\t<meta name=\"twitter:data1\" content=\"8 minutes\" \/>\n<script type=\"application\/ld+json\" class=\"yoast-schema-graph\">{\"@context\":\"https:\/\/schema.org\",\"@graph\":[{\"@type\":\"WebPage\",\"@id\":\"https:\/\/alirarealestate.com\/fr\/catalog\/buy\/\",\"url\":\"https:\/\/alirarealestate.com\/fr\/catalog\/buy\/\",\"name\":\"Catalog of Real Estate in the UAE - Buy: Prices, Descriptions, Photos - Alira\",\"isPartOf\":{\"@id\":\"https:\/\/alirarealestate.com\/fr\/#website\"},\"datePublished\":\"2024-04-18T07:17:39+00:00\",\"dateModified\":\"2025-04-21T18:13:39+00:00\",\"description\":\"Catalog of real estate in the UAE by Alira. \u2b50 Prices, descriptions, photos. \u2b50 Apartments, villas, offices. \u2b50 Property for sale and for rent. \u27a4 Choose your option on the website!\",\"breadcrumb\":{\"@id\":\"https:\/\/alirarealestate.com\/fr\/catalog\/buy\/#breadcrumb\"},\"inLanguage\":\"fr-FR\",\"potentialAction\":[{\"@type\":\"ReadAction\",\"target\":[\"https:\/\/alirarealestate.com\/fr\/catalog\/buy\/\"]}]},{\"@type\":\"BreadcrumbList\",\"@id\":\"https:\/\/alirarealestate.com\/fr\/catalog\/buy\/#breadcrumb\",\"itemListElement\":[{\"@type\":\"ListItem\",\"position\":1,\"name\":\"Home\",\"item\":\"https:\/\/alirarealestate.com\/\"},{\"@type\":\"ListItem\",\"position\":2,\"name\":\"Real Estate Catalog\",\"item\":\"https:\/\/alirarealestate.com\/catalog\/\"},{\"@type\":\"ListItem\",\"position\":3,\"name\":\"Real Estate Catalog\"}]},{\"@type\":\"WebSite\",\"@id\":\"https:\/\/alirarealestate.com\/fr\/#website\",\"url\":\"https:\/\/alirarealestate.com\/fr\/\",\"name\":\"Alira Real Estate - Real estate in the UAE\",\"description\":\"\",\"potentialAction\":[{\"@type\":\"SearchAction\",\"target\":{\"@type\":\"EntryPoint\",\"urlTemplate\":\"https:\/\/alirarealestate.com\/fr\/?s={search_term_string}\"},\"query-input\":{\"@type\":\"PropertyValueSpecification\",\"valueRequired\":true,\"valueName\":\"search_term_string\"}}],\"inLanguage\":\"fr-FR\"}]}<\/script>\n<!-- \/ Yoast SEO Premium plugin. -->","yoast_head_json":{"title":"Catalog of Real Estate in the UAE - Buy: Prices, Descriptions, Photos - Alira","description":"Catalog of real estate in the UAE by Alira. \u2b50 Prices, descriptions, photos. \u2b50 Apartments, villas, offices. \u2b50 Property for sale and for rent. \u27a4 Choose your option on the website!","robots":{"index":"index","follow":"follow","max-snippet":"max-snippet:-1","max-image-preview":"max-image-preview:large","max-video-preview":"max-video-preview:-1"},"canonical":"https:\/\/alirarealestate.com\/fr\/catalog\/buy\/","og_locale":"fr_FR","og_type":"article","og_title":"Real Estate Catalog","og_description":"Catalog of real estate in the UAE by Alira. \u2b50 Prices, descriptions, photos. \u2b50 Apartments, villas, offices. \u2b50 Property for sale and for rent. \u27a4 Choose your option on the website!","og_url":"https:\/\/alirarealestate.com\/fr\/catalog\/buy\/","og_site_name":"Alira Real Estate - Real estate in the UAE","article_modified_time":"2025-04-21T18:13:39+00:00","twitter_card":"summary_large_image","twitter_misc":{"Dur\u00e9e de lecture estim\u00e9e":"8 minutes"},"schema":{"@context":"https:\/\/schema.org","@graph":[{"@type":"WebPage","@id":"https:\/\/alirarealestate.com\/fr\/catalog\/buy\/","url":"https:\/\/alirarealestate.com\/fr\/catalog\/buy\/","name":"Catalog of Real Estate in the UAE - Buy: Prices, Descriptions, Photos - Alira","isPartOf":{"@id":"https:\/\/alirarealestate.com\/fr\/#website"},"datePublished":"2024-04-18T07:17:39+00:00","dateModified":"2025-04-21T18:13:39+00:00","description":"Catalog of real estate in the UAE by Alira. \u2b50 Prices, descriptions, photos. \u2b50 Apartments, villas, offices. \u2b50 Property for sale and for rent. \u27a4 Choose your option on the website!","breadcrumb":{"@id":"https:\/\/alirarealestate.com\/fr\/catalog\/buy\/#breadcrumb"},"inLanguage":"fr-FR","potentialAction":[{"@type":"ReadAction","target":["https:\/\/alirarealestate.com\/fr\/catalog\/buy\/"]}]},{"@type":"BreadcrumbList","@id":"https:\/\/alirarealestate.com\/fr\/catalog\/buy\/#breadcrumb","itemListElement":[{"@type":"ListItem","position":1,"name":"Home","item":"https:\/\/alirarealestate.com\/"},{"@type":"ListItem","position":2,"name":"Real Estate Catalog","item":"https:\/\/alirarealestate.com\/catalog\/"},{"@type":"ListItem","position":3,"name":"Real Estate Catalog"}]},{"@type":"WebSite","@id":"https:\/\/alirarealestate.com\/fr\/#website","url":"https:\/\/alirarealestate.com\/fr\/","name":"Alira Real Estate - Real estate in the UAE","description":"","potentialAction":[{"@type":"SearchAction","target":{"@type":"EntryPoint","urlTemplate":"https:\/\/alirarealestate.com\/fr\/?s={search_term_string}"},"query-input":{"@type":"PropertyValueSpecification","valueRequired":true,"valueName":"search_term_string"}}],"inLanguage":"fr-FR"}]}},"_links":{"self":[{"href":"https:\/\/alirarealestate.com\/fr\/wp-json\/wp\/v2\/pages\/4288"}],"collection":[{"href":"https:\/\/alirarealestate.com\/fr\/wp-json\/wp\/v2\/pages"}],"about":[{"href":"https:\/\/alirarealestate.com\/fr\/wp-json\/wp\/v2\/types\/page"}],"author":[{"embeddable":true,"href":"https:\/\/alirarealestate.com\/fr\/wp-json\/wp\/v2\/users\/1"}],"replies":[{"embeddable":true,"href":"https:\/\/alirarealestate.com\/fr\/wp-json\/wp\/v2\/comments?post=4288"}],"version-history":[{"count":2,"href":"https:\/\/alirarealestate.com\/fr\/wp-json\/wp\/v2\/pages\/4288\/revisions"}],"predecessor-version":[{"id":5907,"href":"https:\/\/alirarealestate.com\/fr\/wp-json\/wp\/v2\/pages\/4288\/revisions\/5907"}],"up":[{"embeddable":true,"href":"https:\/\/alirarealestate.com\/fr\/wp-json\/wp\/v2\/pages\/660"}],"wp:attachment":[{"href":"https:\/\/alirarealestate.com\/fr\/wp-json\/wp\/v2\/media?parent=4288"}],"curies":[{"name":"wp","href":"https:\/\/api.w.org\/{rel}","templated":true}]}}