{"id":3,"date":"2023-05-19T11:46:16","date_gmt":"2023-05-19T08:46:16","guid":{"rendered":"https:\/\/alirarealestate.com\/?page_id=3"},"modified":"2024-02-26T23:18:19","modified_gmt":"2024-02-26T20:18:19","slug":"privacy-policy","status":"publish","type":"page","link":"https:\/\/alirarealestate.com\/fr\/privacy-policy\/","title":{"rendered":"politique de confidentialit\u00e9"},"content":{"rendered":"<p>Votre vie priv\u00e9e est tr\u00e8s importante pour nous. Nous souhaitons que votre exp\u00e9rience sur Internet soit aussi agr\u00e9able et enrichissante que possible et que vous vous sentiez \u00e0 l&#039;aise dans l&#039;utilisation de la vaste gamme d&#039;informations, d&#039;outils et d&#039;opportunit\u00e9s qu&#039;offre Internet.<\/p>\n<p>Les informations personnelles des visiteurs collect\u00e9es lors de la soumission de demandes sur le site (ou \u00e0 tout autre moment) sont utilis\u00e9es pour pr\u00e9parer des Produits ou Services selon vos besoins, ainsi que pour vous conseiller sur les Produits ou Services. Vos informations ne seront ni partag\u00e9es ni vendues \u00e0 des tiers.<\/p>\n<p><strong>Quelles donn\u00e9es sont collect\u00e9es sur le site<\/strong><\/p>\n<p>Lorsque vous soumettez une demande de consultation, vous envoyez votre Nom, T\u00e9l\u00e9phone, e-mail via le formulaire de contact.<\/p>\n<p><strong>Dans quel but ces donn\u00e9es sont-elles collect\u00e9es ?<\/strong><\/p>\n<p>Le nom est utilis\u00e9 pour vous adresser personnellement et votre adresse e-mail est utilis\u00e9e pour vous envoyer des newsletters, des informations sur l&#039;entreprise et \u00e9galement pour r\u00e9pondre \u00e0 vos questions. Le num\u00e9ro de t\u00e9l\u00e9phone est n\u00e9cessaire pour vous contacter directement afin de vous fournir des conseils.<\/p>\n<p>Votre nom, num\u00e9ro de t\u00e9l\u00e9phone, e-mail ne sont en aucun cas c\u00e9d\u00e9s \u00e0 des tiers, sauf dans les cas li\u00e9s au respect des exigences l\u00e9gales.<\/p>\n<p>Vous pouvez vous d\u00e9sinscrire de la r\u00e9ception des listes de diffusion et supprimer vos coordonn\u00e9es de la base de donn\u00e9es \u00e0 tout moment en contactant l&#039;administrateur du site par e-mail : lilia@alirarealestate.com.<\/p>\n<p><strong>Comment ces donn\u00e9es sont-elles utilis\u00e9es ?<\/strong><\/p>\n<p>Sur le site\u00a0<a href=\"https:\/\/alirarealestate.com\/en\/\">alirarealestate.com<\/a>\u00a0Des cookies et des donn\u00e9es sur les visiteurs des services Yandex.Metrica et Google Analytics sont utilis\u00e9s.<\/p>\n<p>\u00c0 l&#039;aide de ces donn\u00e9es, des informations sont collect\u00e9es sur les actions des visiteurs sur le site afin d&#039;am\u00e9liorer son contenu, d&#039;am\u00e9liorer la fonctionnalit\u00e9 du site et, par cons\u00e9quent, de cr\u00e9er du contenu et des services de haute qualit\u00e9 pour les visiteurs.<\/p>\n<p>Vous pouvez modifier \u00e0 tout moment les param\u00e8tres de votre navigateur afin que celui-ci bloque tous les cookies ou vous avertisse lorsque des cookies sont envoy\u00e9s. Veuillez noter que certaines fonctionnalit\u00e9s et certains services peuvent ne pas fonctionner correctement.<\/p>\n<p><strong>Comment ces donn\u00e9es sont-elles prot\u00e9g\u00e9es ?<\/strong><\/p>\n<p>Nous utilisons diverses mesures de s\u00e9curit\u00e9 administratives, de gestion et techniques pour prot\u00e9ger vos informations personnelles. Notre soci\u00e9t\u00e9 adh\u00e8re \u00e0 diverses normes de contr\u00f4le internationales visant \u00e0 traiter les informations personnelles, qui incluent certains contr\u00f4les pour prot\u00e9ger les informations collect\u00e9es sur Internet.<\/p>\n<p>Nos employ\u00e9s sont form\u00e9s pour comprendre et respecter ces contr\u00f4les et connaissent notre avis de confidentialit\u00e9, nos politiques et nos directives.<\/p>\n<p>Cependant, m\u00eame si nous nous effor\u00e7ons de prot\u00e9ger vos informations personnelles, vous devez \u00e9galement prendre des mesures pour les prot\u00e9ger.<\/p>\n<p>Nous vous recommandons vivement de prendre toutes les pr\u00e9cautions possibles lorsque vous \u00eates en ligne. Les services et sites Web que nous exploitons incluent des mesures de protection contre la fuite, l&#039;utilisation non autoris\u00e9e et la modification des informations sous notre contr\u00f4le. Bien que nous fassions tout notre possible pour assurer l&#039;int\u00e9grit\u00e9 et la s\u00e9curit\u00e9 de notre r\u00e9seau et de nos syst\u00e8mes, nous ne pouvons pas garantir que nos mesures de s\u00e9curit\u00e9 emp\u00eacheront les pirates informatiques tiers d&#039;acc\u00e9der ill\u00e9galement \u00e0 ces informations.<\/p>\n<p>Si cette politique de confidentialit\u00e9 change, vous pourrez lire ces modifications sur cette page ou, dans des cas particuliers, recevoir une notification par e-mail.<\/p>\n<p><strong>Pour contacter l&#039;administrateur du site pour toute question, vous pouvez \u00e9crire un email \u00e0 : lilia@alirarealestate.com.<\/strong><\/p>","protected":false},"excerpt":{"rendered":"<p>Votre vie priv\u00e9e est notre priorit\u00e9. Nous souhaitons que votre exp\u00e9rience en ligne soit aussi agr\u00e9able et enrichissante que possible, et que vous vous sentiez \u00e0 l&#039;aise dans l&#039;utilisation des nombreuses informations, outils et opportunit\u00e9s qu&#039;offre Internet. Les informations personnelles des visiteurs collect\u00e9es lors de demandes sur le site (ou \u00e0 tout autre moment) sont utilis\u00e9es pour pr\u00e9parer les produits et services\u2026<\/p>","protected":false},"author":1,"featured_media":0,"parent":0,"menu_order":0,"comment_status":"closed","ping_status":"open","template":"","meta":{"inline_featured_image":false,"_glsr_average":0,"_glsr_ranking":0,"_glsr_reviews":0,"footnotes":""},"class_list":["post-3","page","type-page","status-publish","hentry"],"yoast_head":"<!-- This site is optimized with the Yoast SEO Premium plugin v25.1 (Yoast SEO v25.6) - https:\/\/yoast.com\/wordpress\/plugins\/seo\/ -->\n<title>Privacy Policy - Alira Real Estate - Real estate in the UAE<\/title>\n<meta name=\"robots\" content=\"index, follow, max-snippet:-1, max-image-preview:large, max-video-preview:-1\" \/>\n<link rel=\"canonical\" href=\"https:\/\/alirarealestate.com\/fr\/privacy-policy\/\" \/>\n<meta property=\"og:locale\" content=\"fr_FR\" \/>\n<meta property=\"og:type\" content=\"article\" \/>\n<meta property=\"og:title\" content=\"Privacy Policy\" \/>\n<meta property=\"og:description\" content=\"Your privacy is very important to us. We want your Internet experience to be as enjoyable and rewarding as possible, and for you to feel comfortable using the wide range of information, tools and opportunities that the Internet has to offer. Personal information from visitors collected when submitting requests on the site (or at any other time) is used to prepare Products or Services ...\" \/>\n<meta property=\"og:url\" content=\"https:\/\/alirarealestate.com\/fr\/privacy-policy\/\" \/>\n<meta property=\"og:site_name\" content=\"Alira Real Estate - Real estate in the UAE\" \/>\n<meta property=\"article:modified_time\" content=\"2024-02-26T20:18:19+00:00\" \/>\n<meta name=\"twitter:card\" content=\"summary_large_image\" \/>\n<meta name=\"twitter:label1\" content=\"Dur\u00e9e de lecture estim\u00e9e\" \/>\n\t<meta name=\"twitter:data1\" content=\"3 minutes\" \/>\n<script type=\"application\/ld+json\" class=\"yoast-schema-graph\">{\"@context\":\"https:\/\/schema.org\",\"@graph\":[{\"@type\":\"WebPage\",\"@id\":\"https:\/\/alirarealestate.com\/fr\/privacy-policy\/\",\"url\":\"https:\/\/alirarealestate.com\/fr\/privacy-policy\/\",\"name\":\"Privacy Policy - Alira Real Estate - Real estate in the UAE\",\"isPartOf\":{\"@id\":\"https:\/\/alirarealestate.com\/fr\/#website\"},\"datePublished\":\"2023-05-19T08:46:16+00:00\",\"dateModified\":\"2024-02-26T20:18:19+00:00\",\"breadcrumb\":{\"@id\":\"https:\/\/alirarealestate.com\/fr\/privacy-policy\/#breadcrumb\"},\"inLanguage\":\"fr-FR\",\"potentialAction\":[{\"@type\":\"ReadAction\",\"target\":[\"https:\/\/alirarealestate.com\/fr\/privacy-policy\/\"]}]},{\"@type\":\"BreadcrumbList\",\"@id\":\"https:\/\/alirarealestate.com\/fr\/privacy-policy\/#breadcrumb\",\"itemListElement\":[{\"@type\":\"ListItem\",\"position\":1,\"name\":\"Home\",\"item\":\"https:\/\/alirarealestate.com\/\"},{\"@type\":\"ListItem\",\"position\":2,\"name\":\"Privacy Policy\"}]},{\"@type\":\"WebSite\",\"@id\":\"https:\/\/alirarealestate.com\/fr\/#website\",\"url\":\"https:\/\/alirarealestate.com\/fr\/\",\"name\":\"Alira Real Estate - Real estate in the UAE\",\"description\":\"\",\"potentialAction\":[{\"@type\":\"SearchAction\",\"target\":{\"@type\":\"EntryPoint\",\"urlTemplate\":\"https:\/\/alirarealestate.com\/fr\/?s={search_term_string}\"},\"query-input\":{\"@type\":\"PropertyValueSpecification\",\"valueRequired\":true,\"valueName\":\"search_term_string\"}}],\"inLanguage\":\"fr-FR\"}]}<\/script>\n<!-- \/ Yoast SEO Premium plugin. -->","yoast_head_json":{"title":"Privacy Policy - Alira Real Estate - Real estate in the UAE","robots":{"index":"index","follow":"follow","max-snippet":"max-snippet:-1","max-image-preview":"max-image-preview:large","max-video-preview":"max-video-preview:-1"},"canonical":"https:\/\/alirarealestate.com\/fr\/privacy-policy\/","og_locale":"fr_FR","og_type":"article","og_title":"Privacy Policy","og_description":"Your privacy is very important to us. We want your Internet experience to be as enjoyable and rewarding as possible, and for you to feel comfortable using the wide range of information, tools and opportunities that the Internet has to offer. Personal information from visitors collected when submitting requests on the site (or at any other time) is used to prepare Products or Services ...","og_url":"https:\/\/alirarealestate.com\/fr\/privacy-policy\/","og_site_name":"Alira Real Estate - Real estate in the UAE","article_modified_time":"2024-02-26T20:18:19+00:00","twitter_card":"summary_large_image","twitter_misc":{"Dur\u00e9e de lecture estim\u00e9e":"3 minutes"},"schema":{"@context":"https:\/\/schema.org","@graph":[{"@type":"WebPage","@id":"https:\/\/alirarealestate.com\/fr\/privacy-policy\/","url":"https:\/\/alirarealestate.com\/fr\/privacy-policy\/","name":"Privacy Policy - Alira Real Estate - Real estate in the UAE","isPartOf":{"@id":"https:\/\/alirarealestate.com\/fr\/#website"},"datePublished":"2023-05-19T08:46:16+00:00","dateModified":"2024-02-26T20:18:19+00:00","breadcrumb":{"@id":"https:\/\/alirarealestate.com\/fr\/privacy-policy\/#breadcrumb"},"inLanguage":"fr-FR","potentialAction":[{"@type":"ReadAction","target":["https:\/\/alirarealestate.com\/fr\/privacy-policy\/"]}]},{"@type":"BreadcrumbList","@id":"https:\/\/alirarealestate.com\/fr\/privacy-policy\/#breadcrumb","itemListElement":[{"@type":"ListItem","position":1,"name":"Home","item":"https:\/\/alirarealestate.com\/"},{"@type":"ListItem","position":2,"name":"Privacy Policy"}]},{"@type":"WebSite","@id":"https:\/\/alirarealestate.com\/fr\/#website","url":"https:\/\/alirarealestate.com\/fr\/","name":"Alira Real Estate - Real estate in the UAE","description":"","potentialAction":[{"@type":"SearchAction","target":{"@type":"EntryPoint","urlTemplate":"https:\/\/alirarealestate.com\/fr\/?s={search_term_string}"},"query-input":{"@type":"PropertyValueSpecification","valueRequired":true,"valueName":"search_term_string"}}],"inLanguage":"fr-FR"}]}},"_links":{"self":[{"href":"https:\/\/alirarealestate.com\/fr\/wp-json\/wp\/v2\/pages\/3"}],"collection":[{"href":"https:\/\/alirarealestate.com\/fr\/wp-json\/wp\/v2\/pages"}],"about":[{"href":"https:\/\/alirarealestate.com\/fr\/wp-json\/wp\/v2\/types\/page"}],"author":[{"embeddable":true,"href":"https:\/\/alirarealestate.com\/fr\/wp-json\/wp\/v2\/users\/1"}],"replies":[{"embeddable":true,"href":"https:\/\/alirarealestate.com\/fr\/wp-json\/wp\/v2\/comments?post=3"}],"version-history":[{"count":1,"href":"https:\/\/alirarealestate.com\/fr\/wp-json\/wp\/v2\/pages\/3\/revisions"}],"predecessor-version":[{"id":3887,"href":"https:\/\/alirarealestate.com\/fr\/wp-json\/wp\/v2\/pages\/3\/revisions\/3887"}],"wp:attachment":[{"href":"https:\/\/alirarealestate.com\/fr\/wp-json\/wp\/v2\/media?parent=3"}],"curies":[{"name":"wp","href":"https:\/\/api.w.org\/{rel}","templated":true}]}}