{"id":2970,"date":"2024-01-29T23:58:30","date_gmt":"2024-01-29T20:58:30","guid":{"rendered":"https:\/\/alirarealestate.com\/?page_id=2970"},"modified":"2024-03-27T16:36:15","modified_gmt":"2024-03-27T13:36:15","slug":"review","status":"publish","type":"page","link":"https:\/\/alirarealestate.com\/fr\/review\/","title":{"rendered":"T\u00e9moignages"},"content":{"rendered":"<section class=\"wpb-content-wrapper\"><div class=\"vc_row wpb_row vc_row-fluid vc_row\"><div class=\"wpb_column vc_column_container vc_col-sm-12 vc_column\"><div class=\"vc_column-inner\"><div class=\"wpb_wrapper\">\n\t<div class=\"wpb_text_column wpb_content_element  vc_column_text\" >\n\t\t<div class=\"wpb_wrapper\">\n\t\t\t<div class=\"wpb_text_column wpb_content_element vc_column_text\">\n<div class=\"wpb_wrapper\">\n<p>Laissez votre avis sur votre collaboration avec notre entreprise. Apr\u00e8s mod\u00e9ration, l&#039;avis appara\u00eetra dans cette section.<\/p>\n<\/div>\n<\/div>\n\n\t\t<\/div>\n\t<\/div>\n<div class=\"vc_tta-container\" data-vc-action=\"collapseAll\"><div class=\"vc_general vc_tta vc_tta-accordion vc_tta-color-white vc_tta-style-flat vc_tta-shape-square vc_tta-o-shape-group vc_tta-controls-align-left vc_tta-o-no-fill vc_tta-o-all-clickable wpestate_accordion vc_tta_accordion\"><div class=\"vc_tta-panels-container\"><div class=\"vc_tta-panels\"><div class=\"vc_tta-panel\" id=\"1706620090865-af441b8e-9b3a\" data-vc-content=\".vc_tta-panel-body\"><div class=\"vc_tta-panel-heading\"><h4 class=\"vc_tta-panel-title\"><a href=\"#1706620090865-af441b8e-9b3a\" data-vc-accordion data-vc-container=\".vc_tta-container\"><span class=\"vc_tta-title-text\">Ajouter un avis<\/span><\/a><\/h4><\/div><div class=\"vc_tta-panel-body\">\n\t<div class=\"wpb_text_column wpb_content_element  vc_column_text\" >\n\t\t<div class=\"wpb_wrapper\">\n\t\t\t<div class=\"glsr glsr-default\" id=\"glsr_db7add49\" data-from=\"shortcode\" data-shortcode=\"site_reviews_form\" data-hide=\"email\"><div class=\"glsr-form-wrap\">\n    <form class=\"glsr-review-form glsr-form\" method=\"post\" enctype=\"multipart\/form-data\" action=\"\">\n        <input type=\"hidden\" name=\"site-reviews[_action]\" value=\"submit-review\" \/>\n<input type=\"hidden\" name=\"site-reviews[_nonce]\" value=\"0e40ce68d7\" \/>\n<input type=\"hidden\" name=\"site-reviews[_post_id]\" value=\"2970\" \/>\n<input type=\"hidden\" name=\"site-reviews[_referer]\" value=\"\" \/>\n<input type=\"hidden\" name=\"site-reviews[assigned_posts]\" value=\"\" \/>\n<input type=\"hidden\" name=\"site-reviews[assigned_terms]\" value=\"\" \/>\n<input type=\"hidden\" name=\"site-reviews[assigned_users]\" value=\"\" \/>\n<input type=\"hidden\" name=\"site-reviews[excluded]\" value=\"email\" \/>\n<input type=\"hidden\" name=\"site-reviews[form_id]\" value=\"glsr_db7add49\" \/>\n<input type=\"hidden\" name=\"site-reviews[terms_exist]\" value=\"1\" \/>\n<input type=\"hidden\" name=\"site-reviews[form_signature]\" value=\"JsVR_OSU0adzpcF_76VZjUsmZMQKNHNuyF5rbQnAphCln7BbXzNFYz83A_NaJkSXKrznH_2MEGvy47jS5kq8DoC2fB_66Bs8K3JnuFT1m8dQwoS8R3ZFg1lvRt_FJwwJsBeP3_gDZT4TiJnHFclc-IxEkFTb-yFj1AbUmvHuzpWoJcZ081Fstk8tGkC_ImQe-9YojPk7XqksJR1fr7NuNxx_R81ctzCORSZhvFYS5X5F8r6w16uDq7cVwyzdsRhU1nxO1U0FQfcRegUfaUAMUCSzePmGGkJP_cazvZCGs7ep8jhH5Q9ObJ4Fu5Iwv2kwy-ce5IhY68cK6Rw9uz5p4e2Uu2iiAZ8EJL_-LI2ZFYP6bVwt143lmJgvRGBSSjxVxT1A2n9f-tTMIe1stcf1arc1tYzgPOBSBQ\" \/>\n<div class=\"glsr-field\" style=\"display:none;\"><label for=\"site-reviews-b5bf9ad5-glsr_db7add49\">Votre avis<\/label><input type=\"text\" class=\"glsr-input glsr-input-text\" id=\"site-reviews-b5bf9ad5-glsr_db7add49\" name=\"site-reviews[b5bf9ad5]\" value=\"\" \/><\/div>\n<div class=\"glsr-field glsr-field-rating glsr-required\" data-field=\"rating\">\n    <label class=\"glsr-label\" for=\"glsr_db7add49-rating\">\n    <span>Votre note globale<\/span>\n<\/label>\n    <select class=\"browser-default disable-select no_wrap no-wrap glsr-select\" id=\"glsr_db7add49-rating\" name=\"site-reviews[rating]\" required><option value=\"\">S\u00e9lectionnez une note<\/option><option value=\"5\">5 \u00e9toiles<\/option><option value=\"4\">4 \u00e9toiles<\/option><option value=\"3\">3 \u00e9toiles<\/option><option value=\"2\">2 \u00e9toiles<\/option><option value=\"1\">1 \u00e9toile<\/option><\/select>\n    <div class=\"glsr-field-error\"><\/div>\n<\/div>\n<div class=\"glsr-field glsr-field-text\" data-field=\"title\">\n    <label class=\"glsr-label\" for=\"glsr_db7add49-title\">\n    <span>Titre de votre avis<\/span>\n<\/label>\n    <input type=\"text\" class=\"glsr-input glsr-input-text\" id=\"glsr_db7add49-title\" name=\"site-reviews[title]\" placeholder=\"R\u00e9sumez votre avis ou mettez en \u00e9vidence un d\u00e9tail int\u00e9ressant\" value=\"\" \/>\n    <div class=\"glsr-field-error\"><\/div>\n<\/div>\n<div class=\"glsr-field glsr-field-textarea glsr-required\" data-field=\"content\">\n    <label class=\"glsr-label\" for=\"glsr_db7add49-content\">\n    <span>Votre avis<\/span>\n<\/label>\n    <textarea class=\"glsr-textarea\" id=\"glsr_db7add49-content\" name=\"site-reviews[content]\" required placeholder=\"Donnez votre avis\" rows=\"5\"><\/textarea>\n    <div class=\"glsr-field-error\"><\/div>\n<\/div>\n<div class=\"glsr-field glsr-field-text glsr-required\" data-field=\"name\">\n    <label class=\"glsr-label\" for=\"glsr_db7add49-name\">\n    <span>Votre nom<\/span>\n<\/label>\n    <input type=\"text\" class=\"glsr-input glsr-input-text\" id=\"glsr_db7add49-name\" name=\"site-reviews[name]\" required placeholder=\"Donnez votre nom\" value=\"\" \/>\n    <div class=\"glsr-field-error\"><\/div>\n<\/div>\n<div class=\"glsr-field glsr-field-choice\" data-field=\"terms\">\n    \n    <span class=\"glsr-field-toggle\">\n    <span class=\"glsr-toggle\">\n        <label for=\"glsr_db7add49-terms-1\">Cette note est fond\u00e9e sur ma propre exp\u00e9rience et mon v\u00e9ritable avis.<\/label>\n        <span class=\"glsr-toggle-switch\">\n            <input type=\"checkbox\" class=\"glsr-input-toggle\" id=\"glsr_db7add49-terms-1\" name=\"site-reviews[terms]\" value=\"1\" \/> &#8203; <!-- zero-space character used for alignment -->\n            <span class=\"glsr-toggle-track\"><\/span>\n        <\/span>\n    <\/span>\n<\/span>\n    <div class=\"glsr-field-error\"><\/div>\n<\/div>\n        <div class=\"glsr-form-message\">\n    \n<\/div>\n        <div data-field=\"submit-button\">\n    <div class=\"wp-block-buttons is-layout-flex\">\n        <div class=\"wp-block-button\">\n            <button type=\"submit\" class=\"glsr-button wp-block-button__link wp-element-button\" aria-busy=\"false\" data-loading=\"Submitting, please wait...\">Envoyer un avis<\/button>\n        <\/div>\n    <\/div>\n<\/div>\n    <input type=\"hidden\" name=\"trp-form-language\" value=\"fr\"\/><\/form>\n<\/div><\/div>\n\n\t\t<\/div>\n\t<\/div>\n<\/div><\/div><\/div><\/div><\/div><\/div><div class=\"vc_row wpb_row vc_inner vc_row-fluid vc_row_inner\"><div class=\"wpb_column vc_column_container vc_col-sm-12 vc_column_inner\"><div class=\"vc_column-inner\"><div class=\"wpb_wrapper\">\n\t<div class=\"wpb_text_column wpb_content_element  vc_column_text\" >\n\t\t<div class=\"wpb_wrapper\">\n\t\t\t<div class=\"glsr glsr-default\" id=\"glsr_794424f1\" data-from=\"shortcode\" data-shortcode=\"site_reviews\" data-display=\"10\" data-pagination=\"ajax\"><div class=\"glsr-reviews-wrap\">\n    <div class=\"glsr-reviews\">\n        <div class=\"glsr-review\" data-type=\"local\" id=\"review-7789\" data-assigned='[]'>\n    <div class=\"glsr-review-title\"><h4 class=\"glsr-tag-value\">Pokoupka<\/h4><\/div>\n    <div class=\"glsr-review-rating\"><div class=\"glsr-star-rating glsr-stars\" role=\"img\" aria-label=\"Not\u00e9 5 \u00e9toiles sur 5\" data-rating=\"5\" data-reviews=\"0\"><span class=\"glsr-star glsr-star-full\" aria-hidden=\"true\"><\/span><span class=\"glsr-star glsr-star-full\" aria-hidden=\"true\"><\/span><span class=\"glsr-star glsr-star-full\" aria-hidden=\"true\"><\/span><span class=\"glsr-star glsr-star-full\" aria-hidden=\"true\"><\/span><span class=\"glsr-star glsr-star-full\" aria-hidden=\"true\"><\/span><\/div><\/div> <div class=\"glsr-review-date\"><span class=\"glsr-tag-value\">11 ao\u00fbt 2025<\/span><\/div>\n    \n    <div class=\"glsr-review-content\"><div class=\"glsr-tag-value\" data-expanded=\"false\"><p>Le achat du quartier est parfait \u2014 et c&#039;est tout \u00e0 fait possible\u00a0!<\/p>\n<p>Il semble que ce soit \u00e0 Duba\u00ef qu&#039;il y ait une telle situation. L&#039;agent Arjun d&#039;Alira Real Estate a travaill\u00e9 au maximum.<\/p>\n<p>Mon magasin vid\u00e9o est renseign\u00e9, j&#039;ai fourni tous les documents n\u00e9cessaires \u00e0 la v\u00e9rification et \u00e0 la v\u00e9rification des r\u00e9sultats en ligne.<\/p>\n<p>Il y a 2 mois que vous avez un appartement dans votre quartier et vous n&#039;avez pas \u00e0 payer de frais suppl\u00e9mentaires. Agents officiels et agents pr\u00e9liminaires. Vous avez pr\u00e9vu d&#039;acheter ce qui ne vous convient pas.<\/p>\n<\/div><\/div>\n     <div class=\"glsr-review-author\"><span class=\"glsr-tag-value\">Anton<\/span><\/div> \n    \n<\/div>\n<div class=\"glsr-review\" data-type=\"local\" id=\"review-7787\" data-assigned='[]'>\n    <div class=\"glsr-review-title\"><h4 class=\"glsr-tag-value\">Pokoupka<\/h4><\/div>\n    <div class=\"glsr-review-rating\"><div class=\"glsr-star-rating glsr-stars\" role=\"img\" aria-label=\"Not\u00e9 5 \u00e9toiles sur 5\" data-rating=\"5\" data-reviews=\"0\"><span class=\"glsr-star glsr-star-full\" aria-hidden=\"true\"><\/span><span class=\"glsr-star glsr-star-full\" aria-hidden=\"true\"><\/span><span class=\"glsr-star glsr-star-full\" aria-hidden=\"true\"><\/span><span class=\"glsr-star glsr-star-full\" aria-hidden=\"true\"><\/span><span class=\"glsr-star glsr-star-full\" aria-hidden=\"true\"><\/span><\/div><\/div> <div class=\"glsr-review-date\"><span class=\"glsr-tag-value\">11 ao\u00fbt 2025<\/span><\/div>\n    \n    <div class=\"glsr-review-content\"><div class=\"glsr-tag-value\" data-expanded=\"false\"><p>\u0421\u043f\u0430\u0441\u0438\u0431\u043e \u0437\u0430 \u0447\u0435\u0441\u0442\u043d\u043e\u0441\u0442\u044c \u0438 \u043f\u043e\u0434\u0434\u0434\u0435\u0440\u0436\u043a\u0443!<\/p>\n<p>J&#039;ai d\u00e9j\u00e0 recherch\u00e9 un agent qui peut vous offrir un contrat et Alira Real Estate vous propose un achat. L&#039;agent ne peut pas choisir ma nouvelle variante, mais il s&#039;est sp\u00e9cialement occup\u00e9 de plusieurs et de plusieurs zones de votre choix.<\/p>\n<p>Alors que je venais d&#039;ouvrir un studio, j&#039;ai \u00e9galement travaill\u00e9 sur le scooter et contr\u00f4l\u00e9 les voitures d&#039;\u00e9tape. Cette fois-ci, les achats ont \u00e9t\u00e9 d\u00e9couverts dans tous mes projets de communication et ils ont pu faire en sorte que le b\u00e2timent soit hors de prix\u00a0! Cette fois-ci, je vous recommande de le faire avec des hommes \u00e0 Duba\u00ef.<\/p>\n<\/div><\/div>\n     <div class=\"glsr-review-author\"><span class=\"glsr-tag-value\">Alina<\/span><\/div> \n    \n<\/div>\n<div class=\"glsr-review\" data-type=\"local\" id=\"review-7785\" data-assigned='[]'>\n    <div class=\"glsr-review-title\"><h4 class=\"glsr-tag-value\">Achat d&#039;appartement<\/h4><\/div>\n    <div class=\"glsr-review-rating\"><div class=\"glsr-star-rating glsr-stars\" role=\"img\" aria-label=\"Not\u00e9 5 \u00e9toiles sur 5\" data-rating=\"5\" data-reviews=\"0\"><span class=\"glsr-star glsr-star-full\" aria-hidden=\"true\"><\/span><span class=\"glsr-star glsr-star-full\" aria-hidden=\"true\"><\/span><span class=\"glsr-star glsr-star-full\" aria-hidden=\"true\"><\/span><span class=\"glsr-star glsr-star-full\" aria-hidden=\"true\"><\/span><span class=\"glsr-star glsr-star-full\" aria-hidden=\"true\"><\/span><\/div><\/div> <div class=\"glsr-review-date\"><span class=\"glsr-tag-value\">11 ao\u00fbt 2025<\/span><\/div>\n    \n    <div class=\"glsr-review-content\"><div class=\"glsr-tag-value\" data-expanded=\"false\"><p>Rapide, professionnel et sans stress inutile<\/p>\n<p>J&#039;ai fait appel \u00e0 Alira Real Estate sur recommandation d&#039;un ami et je ne l&#039;ai jamais regrett\u00e9 ! J&#039;ai \u00e9t\u00e9 guid\u00e9 par l&#039;agent Lilia\u00a0; l&#039;interaction a \u00e9t\u00e9 tr\u00e8s agr\u00e9able. D\u00e8s le premier jour, elle m&#039;a expliqu\u00e9 en d\u00e9tail toutes les \u00e9tapes de la transaction, a s\u00e9lectionn\u00e9 plusieurs options adapt\u00e9es \u00e0 mon budget et m&#039;a aid\u00e9 avec les d\u00e9marches administratives.<\/p>\n<p>Le plus cool, c&#039;est que m\u00eame apr\u00e8s l&#039;achat, Lilia est rest\u00e9e pr\u00e9sente\u00a0: elle a contribu\u00e9 \u00e0 la s\u00e9lection des locataires et \u00e0 la signature du contrat. Maintenant, mon appartement me rapporte un revenu r\u00e9gulier. Si vous cherchez un agent fiable \u00e0 Duba\u00ef, c&#039;est ici\u00a0!<\/p>\n<\/div><\/div>\n     <div class=\"glsr-review-author\"><span class=\"glsr-tag-value\">Val\u00e9ria<\/span><\/div> \n    \n<\/div>\n<div class=\"glsr-review\" data-type=\"local\" id=\"review-5802\" data-assigned='[]'>\n    <div class=\"glsr-review-title\"><h4 class=\"glsr-tag-value\">Arenda<\/h4><\/div>\n    <div class=\"glsr-review-rating\"><div class=\"glsr-star-rating glsr-stars\" role=\"img\" aria-label=\"Not\u00e9 5 \u00e9toiles sur 5\" data-rating=\"5\" data-reviews=\"0\"><span class=\"glsr-star glsr-star-full\" aria-hidden=\"true\"><\/span><span class=\"glsr-star glsr-star-full\" aria-hidden=\"true\"><\/span><span class=\"glsr-star glsr-star-full\" aria-hidden=\"true\"><\/span><span class=\"glsr-star glsr-star-full\" aria-hidden=\"true\"><\/span><span class=\"glsr-star glsr-star-full\" aria-hidden=\"true\"><\/span><\/div><\/div> <div class=\"glsr-review-date\"><span class=\"glsr-tag-value\">10 octobre 2024<\/span><\/div>\n    \n    <div class=\"glsr-review-content\"><div class=\"glsr-tag-value\" data-expanded=\"false\"><p>J&#039;ai \u00e9galement trouv\u00e9 un appartement \u00e0 Duba\u00ef dans l&#039;Ar\u00e8ne, ce qui est vraiment le cas. En ce qui concerne votre appartement, vous \u00eates id\u00e9alement situ\u00e9 pour mon appartement<\/p>\n<p>Bien s\u00fbr, il n&#039;y a aucun moyen de le faire.<\/p>\n<\/div><\/div>\n     <div class=\"glsr-review-author\"><span class=\"glsr-tag-value\">Anastasie<\/span><\/div> \n    \n<\/div>\n<div class=\"glsr-review\" data-type=\"local\" id=\"review-3834\" data-assigned='[]'>\n    <div class=\"glsr-review-title\"><h4 class=\"glsr-tag-value\">Louer<\/h4><\/div>\n    <div class=\"glsr-review-rating\"><div class=\"glsr-star-rating glsr-stars\" role=\"img\" aria-label=\"Not\u00e9 5 \u00e9toiles sur 5\" data-rating=\"5\" data-reviews=\"0\"><span class=\"glsr-star glsr-star-full\" aria-hidden=\"true\"><\/span><span class=\"glsr-star glsr-star-full\" aria-hidden=\"true\"><\/span><span class=\"glsr-star glsr-star-full\" aria-hidden=\"true\"><\/span><span class=\"glsr-star glsr-star-full\" aria-hidden=\"true\"><\/span><span class=\"glsr-star glsr-star-full\" aria-hidden=\"true\"><\/span><\/div><\/div> <div class=\"glsr-review-date\"><span class=\"glsr-tag-value\">13 f\u00e9vrier 2024<\/span><\/div>\n    \n    <div class=\"glsr-review-content\"><div class=\"glsr-tag-value\" data-expanded=\"false\"><p>Les sp\u00e9cialistes d&#039;Alira Real Estate nous ont rapidement trouv\u00e9 une excellente option de location \u00e0 l&#039;ann\u00e9e dans le centre-ville. Je tiens \u00e0 souligner le travail de cette agence, tant en termes de rapport qualit\u00e9-prix que de rapidit\u00e9, et la prise en compte des souhaits du client.<\/p>\n<\/div><\/div>\n     <div class=\"glsr-review-author\"><span class=\"glsr-tag-value\">Jo\u00ebl<\/span><\/div> \n    \n<\/div>\n<div class=\"glsr-review\" data-type=\"local\" id=\"review-3690\" data-assigned='[]'>\n    <div class=\"glsr-review-title\"><h4 class=\"glsr-tag-value\">Achat d&#039;appartement<\/h4><\/div>\n    <div class=\"glsr-review-rating\"><div class=\"glsr-star-rating glsr-stars\" role=\"img\" aria-label=\"Not\u00e9 5 \u00e9toiles sur 5\" data-rating=\"5\" data-reviews=\"0\"><span class=\"glsr-star glsr-star-full\" aria-hidden=\"true\"><\/span><span class=\"glsr-star glsr-star-full\" aria-hidden=\"true\"><\/span><span class=\"glsr-star glsr-star-full\" aria-hidden=\"true\"><\/span><span class=\"glsr-star glsr-star-full\" aria-hidden=\"true\"><\/span><span class=\"glsr-star glsr-star-full\" aria-hidden=\"true\"><\/span><\/div><\/div> <div class=\"glsr-review-date\"><span class=\"glsr-tag-value\">07 f\u00e9vrier 2024<\/span><\/div>\n    \n    <div class=\"glsr-review-content\"><div class=\"glsr-tag-value\" data-expanded=\"false\"><p>Nous avons achet\u00e9 un appartement de 2 chambres \u00e0 JVC Binghatti Crest au stade de la vente sur plan. Les sp\u00e9cialistes d&#039;Alira Real Estate ont fourni un accompagnement complet pour l&#039;achat, depuis le choix du quartier, du b\u00e2timent, de l&#039;appartement sp\u00e9cifique, des modes de paiement jusqu&#039;\u00e0 l&#039;acceptation de l&#039;appartement et la r\u00e9ception ult\u00e9rieure des cl\u00e9s.<\/p>\n<p>Les impressions ne sont que positives, je le recommande \u00e0 tout le monde !<\/p>\n<\/div><\/div>\n     <div class=\"glsr-review-author\"><span class=\"glsr-tag-value\">Alex<\/span><\/div> \n    \n<\/div>\n    <\/div>\n    \n<\/div><\/div>\n\n\t\t<\/div>\n\t<\/div>\n<\/div><\/div><\/div><\/div><\/div><\/div><\/div><\/div>\n<\/section>","protected":false},"excerpt":{"rendered":"Leave your feedback about working with our company. After moderation, the review will appear in this section. Add a review Votre avis Votre note globale S\u00e9lectionnez une note5 \u00e9toiles4 \u00e9toiles3 \u00e9toiles2 \u00e9toiles1 \u00e9toile Titre de votre avis Votre avis Votre nom Cette note est fond\u00e9e sur ma propre exp\u00e9rience et mon v\u00e9ritable avis. &#8203; Envoyer un avis \u041f\u043e\u043a\u0443\u043f\u043a\u0430 11 ao\u00fbt 2025 \u0433. \u041a\u0443\u043f\u0438\u043b \u043a\u0432\u0430\u0440\u0442\u0438\u0440\u0443 ...","protected":false},"author":1,"featured_media":0,"parent":0,"menu_order":0,"comment_status":"closed","ping_status":"closed","template":"","meta":{"inline_featured_image":false,"_glsr_average":0,"_glsr_ranking":0,"_glsr_reviews":0,"footnotes":""},"class_list":["post-2970","page","type-page","status-publish","hentry"],"yoast_head":"<!-- This site is optimized with the Yoast SEO Premium plugin v25.1 (Yoast SEO v25.6) - https:\/\/yoast.com\/wordpress\/plugins\/seo\/ -->\n<title>Reviews about Alira Real Estate Agency<\/title>\n<meta name=\"description\" content=\"Reviews about the work of Alira Real Estate Agency. \u27a4 Read and leave reviews on the website\" \/>\n<meta name=\"robots\" content=\"index, follow, max-snippet:-1, max-image-preview:large, max-video-preview:-1\" \/>\n<link rel=\"canonical\" href=\"https:\/\/alirarealestate.com\/fr\/review\/\" \/>\n<meta property=\"og:locale\" content=\"fr_FR\" \/>\n<meta property=\"og:type\" content=\"article\" \/>\n<meta property=\"og:title\" content=\"Testimonials\" \/>\n<meta property=\"og:description\" content=\"Reviews about the work of Alira Real Estate Agency. \u27a4 Read and leave reviews on the website\" \/>\n<meta property=\"og:url\" content=\"https:\/\/alirarealestate.com\/fr\/review\/\" \/>\n<meta property=\"og:site_name\" content=\"Alira Real Estate - Real estate in the UAE\" \/>\n<meta property=\"article:modified_time\" content=\"2024-03-27T13:36:15+00:00\" \/>\n<meta name=\"twitter:card\" content=\"summary_large_image\" \/>\n<meta name=\"twitter:label1\" content=\"Dur\u00e9e de lecture estim\u00e9e\" \/>\n\t<meta name=\"twitter:data1\" content=\"1 minute\" \/>\n<script type=\"application\/ld+json\" class=\"yoast-schema-graph\">{\"@context\":\"https:\/\/schema.org\",\"@graph\":[{\"@type\":\"WebPage\",\"@id\":\"https:\/\/alirarealestate.com\/fr\/review\/\",\"url\":\"https:\/\/alirarealestate.com\/fr\/review\/\",\"name\":\"Reviews about Alira Real Estate Agency\",\"isPartOf\":{\"@id\":\"https:\/\/alirarealestate.com\/fr\/#website\"},\"datePublished\":\"2024-01-29T20:58:30+00:00\",\"dateModified\":\"2024-03-27T13:36:15+00:00\",\"description\":\"Reviews about the work of Alira Real Estate Agency. \u27a4 Read and leave reviews on the website\",\"breadcrumb\":{\"@id\":\"https:\/\/alirarealestate.com\/fr\/review\/#breadcrumb\"},\"inLanguage\":\"fr-FR\",\"potentialAction\":[{\"@type\":\"ReadAction\",\"target\":[\"https:\/\/alirarealestate.com\/fr\/review\/\"]}]},{\"@type\":\"BreadcrumbList\",\"@id\":\"https:\/\/alirarealestate.com\/fr\/review\/#breadcrumb\",\"itemListElement\":[{\"@type\":\"ListItem\",\"position\":1,\"name\":\"Home\",\"item\":\"https:\/\/alirarealestate.com\/\"},{\"@type\":\"ListItem\",\"position\":2,\"name\":\"Testimonials\"}]},{\"@type\":\"WebSite\",\"@id\":\"https:\/\/alirarealestate.com\/fr\/#website\",\"url\":\"https:\/\/alirarealestate.com\/fr\/\",\"name\":\"Alira Real Estate - Real estate in the UAE\",\"description\":\"\",\"potentialAction\":[{\"@type\":\"SearchAction\",\"target\":{\"@type\":\"EntryPoint\",\"urlTemplate\":\"https:\/\/alirarealestate.com\/fr\/?s={search_term_string}\"},\"query-input\":{\"@type\":\"PropertyValueSpecification\",\"valueRequired\":true,\"valueName\":\"search_term_string\"}}],\"inLanguage\":\"fr-FR\"}]}<\/script>\n<!-- \/ Yoast SEO Premium plugin. -->","yoast_head_json":{"title":"Reviews about Alira Real Estate Agency","description":"Reviews about the work of Alira Real Estate Agency. \u27a4 Read and leave reviews on the website","robots":{"index":"index","follow":"follow","max-snippet":"max-snippet:-1","max-image-preview":"max-image-preview:large","max-video-preview":"max-video-preview:-1"},"canonical":"https:\/\/alirarealestate.com\/fr\/review\/","og_locale":"fr_FR","og_type":"article","og_title":"Testimonials","og_description":"Reviews about the work of Alira Real Estate Agency. \u27a4 Read and leave reviews on the website","og_url":"https:\/\/alirarealestate.com\/fr\/review\/","og_site_name":"Alira Real Estate - Real estate in the UAE","article_modified_time":"2024-03-27T13:36:15+00:00","twitter_card":"summary_large_image","twitter_misc":{"Dur\u00e9e de lecture estim\u00e9e":"1 minute"},"schema":{"@context":"https:\/\/schema.org","@graph":[{"@type":"WebPage","@id":"https:\/\/alirarealestate.com\/fr\/review\/","url":"https:\/\/alirarealestate.com\/fr\/review\/","name":"Reviews about Alira Real Estate Agency","isPartOf":{"@id":"https:\/\/alirarealestate.com\/fr\/#website"},"datePublished":"2024-01-29T20:58:30+00:00","dateModified":"2024-03-27T13:36:15+00:00","description":"Reviews about the work of Alira Real Estate Agency. \u27a4 Read and leave reviews on the website","breadcrumb":{"@id":"https:\/\/alirarealestate.com\/fr\/review\/#breadcrumb"},"inLanguage":"fr-FR","potentialAction":[{"@type":"ReadAction","target":["https:\/\/alirarealestate.com\/fr\/review\/"]}]},{"@type":"BreadcrumbList","@id":"https:\/\/alirarealestate.com\/fr\/review\/#breadcrumb","itemListElement":[{"@type":"ListItem","position":1,"name":"Home","item":"https:\/\/alirarealestate.com\/"},{"@type":"ListItem","position":2,"name":"Testimonials"}]},{"@type":"WebSite","@id":"https:\/\/alirarealestate.com\/fr\/#website","url":"https:\/\/alirarealestate.com\/fr\/","name":"Alira Real Estate - Real estate in the UAE","description":"","potentialAction":[{"@type":"SearchAction","target":{"@type":"EntryPoint","urlTemplate":"https:\/\/alirarealestate.com\/fr\/?s={search_term_string}"},"query-input":{"@type":"PropertyValueSpecification","valueRequired":true,"valueName":"search_term_string"}}],"inLanguage":"fr-FR"}]}},"_links":{"self":[{"href":"https:\/\/alirarealestate.com\/fr\/wp-json\/wp\/v2\/pages\/2970"}],"collection":[{"href":"https:\/\/alirarealestate.com\/fr\/wp-json\/wp\/v2\/pages"}],"about":[{"href":"https:\/\/alirarealestate.com\/fr\/wp-json\/wp\/v2\/types\/page"}],"author":[{"embeddable":true,"href":"https:\/\/alirarealestate.com\/fr\/wp-json\/wp\/v2\/users\/1"}],"replies":[{"embeddable":true,"href":"https:\/\/alirarealestate.com\/fr\/wp-json\/wp\/v2\/comments?post=2970"}],"version-history":[{"count":1,"href":"https:\/\/alirarealestate.com\/fr\/wp-json\/wp\/v2\/pages\/2970\/revisions"}],"predecessor-version":[{"id":4149,"href":"https:\/\/alirarealestate.com\/fr\/wp-json\/wp\/v2\/pages\/2970\/revisions\/4149"}],"wp:attachment":[{"href":"https:\/\/alirarealestate.com\/fr\/wp-json\/wp\/v2\/media?parent=2970"}],"curies":[{"name":"wp","href":"https:\/\/api.w.org\/{rel}","templated":true}]}}