{"id":484,"date":"2023-10-24T20:09:46","date_gmt":"2023-10-24T17:09:46","guid":{"rendered":"https:\/\/alirarealestate.com\/?page_id=484"},"modified":"2026-03-28T00:54:26","modified_gmt":"2026-03-27T21:54:26","slug":"residence-permit","status":"publish","type":"page","link":"https:\/\/alirarealestate.com\/es\/services\/residence-permit\/","title":{"rendered":"Servicios de Consultor\u00eda para la Obtenci\u00f3n de Visa de Residencia"},"content":{"rendered":"<section class=\"wpb-content-wrapper\"><div class=\"vc_row wpb_row vc_row-fluid vc_row\"><div class=\"wpb_column vc_column_container vc_col-sm-12 vc_column\"><div class=\"vc_column-inner\"><div class=\"wpb_wrapper\"><div class=\"vc_row wpb_row vc_inner vc_row-fluid vc_row_inner\"><div class=\"wpb_column vc_column_container vc_col-sm-8 vc_column_inner\"><div class=\"vc_column-inner\"><div class=\"wpb_wrapper\">\n\t<div class=\"wpb_text_column wpb_content_element  vc_column_text\" >\n\t\t<div class=\"wpb_wrapper\">\n\t\t\t<p>Hay varias formas de obtener un permiso de residencia (permiso de residencia) en Dubai por 2 a\u00f1os. Aqu\u00ed est\u00e1n los principales:<\/p>\n<ol>\n<li>Inversi\u00f3n inmobiliaria: puede obtener un permiso de residencia invirtiendo en bienes ra\u00edces en Dubai. El monto m\u00ednimo de inversi\u00f3n puede variar dependiendo de las condiciones y regulaciones espec\u00edficas establecidas por el gobierno. Es probable que necesites comprar la propiedad por una cantidad determinada y conservarla durante un per\u00edodo de tiempo determinado.\n<ul>\n<li>durante 2 a\u00f1os \u2013 al comprar bienes inmuebles por un monto de 750.000 AED (~ $204.240).<\/li>\n<li>durante 10 a\u00f1os \u2013 al comprar bienes inmuebles por un monto de 2.000.000 AED (~ $545.000).<\/li>\n<\/ul>\n<p>Es posible adquirir inmuebles a plazos sin intereses, incluidos los que est\u00e1n en construcci\u00f3n. Obtener un permiso de residencia por 2 a\u00f1os solo es posible al comprar una propiedad terminada.<\/li>\n<li>Iniciar un negocio: si planea establecer su propio negocio en Dubai, puede obtener un permiso de residencia registrando su negocio y pagando ciertas cantidades por separado como capital y\/o tasas de registro.<\/li>\n<li>Trabajo: Si ha recibido una oferta de trabajo de una empresa en Dubai, pueden solicitar en su nombre un permiso de residencia. En este caso, la obtenci\u00f3n de un permiso de residencia estar\u00e1 relacionada con los t\u00e9rminos de su contrato de trabajo.<\/li>\n<\/ol>\n<p>Al solicitar un permiso de residencia en Dubai, es posible que necesite los siguientes documentos y procedimientos:<\/p>\n<ul>\n<li>Copias certificadas de pasaporte y visa.<\/li>\n<li>Seguro m\u00e9dico.<\/li>\n<li>Certificados de situaci\u00f3n financiera.<\/li>\n<li>Certificados de educaci\u00f3n y experiencia laboral.<\/li>\n<li>Solicitud y pago del correspondiente permiso de residencia.<\/li>\n<\/ul>\n<p>Es importante tener en cuenta que los requisitos espec\u00edficos pueden cambiar con el tiempo, por lo que siempre se recomienda consultar fuentes oficiales o asesores legales especializados para obtener informaci\u00f3n actualizada sobre el procedimiento para la obtenci\u00f3n de un permiso de residencia en Dubai por 2 a\u00f1os.<\/p>\n<p>Los especialistas de la agencia ALIRA le ayudar\u00e1n en cuestiones relacionadas con la obtenci\u00f3n del permiso de residencia. Ll\u00e1manos\u00a0<a href=\"tel: 971588337903\">+971 58 833 7903<\/a>\u00a0o complete la solicitud en el formulario de contacto a continuaci\u00f3n.<\/p>\n\n\t\t<\/div>\n\t<\/div>\n<\/div><\/div><\/div><div class=\"wpb_column vc_column_container vc_col-sm-4 vc_col-xs-12 vc_column_inner\"><div class=\"vc_column-inner\"><div class=\"wpb_wrapper\">\n\t<div  class=\"wpb_single_image wpb_content_element vc_align_center  vc_custom_1698671831279  img-border vc_single_image\">\n\t\t\n\t\t<figure class=\"wpb_wrapper vc_figure\">\n\t\t\t<div class=\"vc_single_image-wrapper   vc_box_border_grey\"><img fetchpriority=\"high\" decoding=\"async\" width=\"277\" height=\"400\" src=\"https:\/\/alirarealestate.com\/wp-content\/uploads\/2023\/10\/poluchenie-vnzh1.png?v=1702929759\" class=\"vc_single_image-img attachment-full\" alt=\"\" title=\"\" srcset=\"https:\/\/alirarealestate.com\/wp-content\/uploads\/2023\/10\/poluchenie-vnzh1.png?v=1702929759 277w, https:\/\/alirarealestate.com\/wp-content\/uploads\/2023\/10\/poluchenie-vnzh1-208x300.png?v=1702929759 208w, https:\/\/alirarealestate.com\/wp-content\/uploads\/2023\/10\/poluchenie-vnzh1-8x12.png?v=1702929759 8w\" sizes=\"(max-width: 277px) 100vw, 277px\" \/><\/div>\n\t\t<\/figure>\n\t<\/div>\n<\/div><\/div><\/div><\/div><\/div><\/div><\/div><\/div><div class=\"vc_row wpb_row vc_row-fluid vc_row\"><div class=\"wpb_column vc_column_container vc_col-sm-12 vc_column\"><div class=\"vc_column-inner\"><div class=\"wpb_wrapper\"><div class=\"vc_separator wpb_content_element vc_separator_align_center vc_sep_width_100 vc_sep_pos_align_center vc_separator_no_text vc_custom_1698669371537  vc_custom_1698669371537 vc_separator vc_text_separator\" ><span class=\"vc_sep_holder vc_sep_holder_l\"><span style=\"border-color:rgb(75,77,101);border-color:rgba(75,77,101,0.1);\" class=\"vc_sep_line\"><\/span><\/span><span class=\"vc_sep_holder vc_sep_holder_r\"><span style=\"border-color:rgb(75,77,101);border-color:rgba(75,77,101,0.1);\" class=\"vc_sep_line\"><\/span><\/span>\n<\/div><\/div><\/div><\/div><\/div><div class=\"vc_row wpb_row vc_row-fluid vc_row\"><div class=\"wpb_column vc_column_container vc_col-sm-12 vc_column\"><div class=\"vc_column-inner\"><div class=\"wpb_wrapper\"><div class=\"templatera_shortcode\"><div id=\"form-konsult\" class=\"vc_row wpb_row vc_row-fluid vc_custom_1698509413444 vc_row\"><div class=\"wpb_column vc_column_container vc_col-sm-12 vc_column\"><div class=\"vc_column-inner\"><div class=\"wpb_wrapper\">\n\t<div class=\"wpb_raw_code wpb_content_element wpb_raw_html h2-box h2-bf text-center vc_raw_html\" >\n\t\t<div class=\"wpb_wrapper\">\n\t\t\t<h2>Obtener una consulta<\/h2>\n<div class=\"h2-sub\">Complete el formulario de contacto y nuestro experto se comunicar\u00e1 con usted para una consulta gratuita.<\/div>\n\t\t<\/div>\n\t<\/div>\n<div class=\"vc_row wpb_row vc_inner vc_row-fluid vc_row_inner\"><div class=\"wpb_column vc_column_container vc_col-sm-12 vc_column_inner\"><div class=\"vc_column-inner\"><div class=\"wpb_wrapper\">\n<div class=\"wpcf7 no-js\" id=\"wpcf7-f94-o1\" lang=\"ru-RU\" dir=\"ltr\" data-wpcf7-id=\"94\">\n<div class=\"screen-reader-response\"><p role=\"status\" aria-live=\"polite\" aria-atomic=\"true\"><\/p> <ul><\/ul><\/div>\n<form action=\"\/es\/wp-json\/wp\/v2\/pages\/484#wpcf7-f94-o1\" method=\"post\" class=\"wpcf7-form init\" aria-label=\"Formulario de contacto\" novalidate=\"novalidate\" data-status=\"init\" data-trp-original-action=\"\/es\/wp-json\/wp\/v2\/pages\/484#wpcf7-f94-o1\">\n<div style=\"display: none;\">\n<input type=\"hidden\" name=\"_wpcf7\" value=\"94\" \/>\n<input type=\"hidden\" name=\"_wpcf7_version\" value=\"6.0.6\" \/>\n<input type=\"hidden\" name=\"_wpcf7_locale\" value=\"ru_RU\" \/>\n<input type=\"hidden\" name=\"_wpcf7_unit_tag\" value=\"wpcf7-f94-o1\" \/>\n<input type=\"hidden\" name=\"_wpcf7_container_post\" value=\"0\" \/>\n<input type=\"hidden\" name=\"_wpcf7_posted_data_hash\" value=\"\" \/>\n<\/div>\n<div class=\"form1\">\n<div class=\"form-col fc0\">\n<img decoding=\"async\" src=\"\/wp-content\/uploads\/2023\/10\/foto-lilija.jpg\" width=\"220\" height=\"220\" class=\"form-img\">\n<div class=\"ex-fi\">Lilia Ibragimova<\/div>\n<div class=\"ex-inf\">experto en bienes raices<\/div>\n<\/div>\n<div class=\"form-col fc1\">\n<div class=\"box-name\"><div class=\"form-label\">Su nombre<\/div>\n<span class=\"wpcf7-form-control-wrap\" data-name=\"your-name\"><input size=\"40\" maxlength=\"400\" class=\"wpcf7-form-control wpcf7-text wpcf7-validates-as-required\" aria-required=\"true\" aria-invalid=\"false\" value=\"\" type=\"text\" name=\"your-name\" \/><\/span><\/div>\n<div class=\"box-tel\"><div class=\"form-label\">N\u00famero de tel\u00e9fono (incluya el c\u00f3digo del pa\u00eds)<\/div>\n<span class=\"wpcf7-form-control-wrap\" data-name=\"your-tel\"><input size=\"40\" maxlength=\"400\" class=\"wpcf7-form-control wpcf7-text wpcf7-validates-as-required\" aria-required=\"true\" aria-invalid=\"false\" value=\"\" type=\"text\" name=\"your-tel\" \/><\/span><\/div>\n<div class=\"box-date\"><div class=\"form-label\">Fecha conveniente<\/div>\n<span class=\"wpcf7-form-control-wrap\" data-name=\"your-date\"><input class=\"wpcf7-form-control wpcf7-date wpcf7-validates-as-required wpcf7-validates-as-date\" min=\"2026-04-23\" aria-required=\"true\" aria-invalid=\"false\" value=\"2026-04-23\" type=\"date\" name=\"your-date\" \/><\/span><\/div>\n<div class=\"box-time\"><div class=\"form-label\">Hora de llamada preferida (hora de los EAU)<\/div>\n<span class=\"wpcf7-form-control-wrap\" data-name=\"your-time\"><select class=\"wpcf7-form-control wpcf7-select wpcf7-validates-as-required\" aria-required=\"true\" aria-invalid=\"false\" name=\"your-time\"><option value=\"\">Seleccionar hora<\/option><option value=\"09:00\">09:00<\/option><option value=\"10:00\">10:00<\/option><option value=\"11:00\">11:00<\/option><option value=\"12:00\">12:00<\/option><option value=\"13:00\">13:00<\/option><option value=\"14:00\">14:00<\/option><option value=\"15:00\">15:00<\/option><option value=\"16:00\">16:00<\/option><option value=\"17:00\">17:00<\/option><option value=\"18:00\">18:00<\/option><\/select><\/span><\/div>\n<div class=\"box-comment\"><div class=\"form-label\">Comentar sobre la aplicaci\u00f3n.<\/div>\n<span class=\"wpcf7-form-control-wrap\" data-name=\"textarea-278\"><textarea cols=\"40\" rows=\"5\" maxlength=\"2000\" class=\"wpcf7-form-control wpcf7-textarea\" aria-invalid=\"false\" name=\"textarea-278\"><\/textarea><\/span><\/div>\n<input class=\"wpcf7-form-control wpcf7-submit has-spinner\" type=\"submit\" value=\"Enviar petici\u00f3n\" \/>\n<\/div>\n<\/div><input type='hidden' class='wpcf7-pum' value='{\"closepopup\":false,\"closedelay\":0,\"openpopup\":false,\"openpopup_id\":0}' \/><div class=\"wpcf7-response-output\" aria-hidden=\"true\"><\/div>\n<input type=\"hidden\" name=\"trp-form-language\" value=\"es\"\/><\/form>\n<\/div>\n<\/div><\/div><\/div><\/div><\/div><\/div><\/div><\/div><\/div><\/div><\/div><\/div><\/div>\n<\/section>","protected":false},"excerpt":{"rendered":"Hay varias formas de obtener un permiso de residencia (permiso de residencia) en Dubai por 2 a\u00f1os. \u00c9stos son los principales: Inversi\u00f3n inmobiliaria: Puede obtener un permiso de residencia invirtiendo en bienes ra\u00edces en Dubai. El monto m\u00ednimo de inversi\u00f3n puede variar dependiendo de las condiciones y regulaciones espec\u00edficas establecidas por el gobierno. Probablemente necesitar\u00e1s comprar la propiedad por un...","protected":false},"author":1,"featured_media":0,"parent":466,"menu_order":0,"comment_status":"closed","ping_status":"closed","template":"","meta":{"inline_featured_image":false,"_glsr_average":0,"_glsr_ranking":0,"_glsr_reviews":0,"footnotes":""},"class_list":["post-484","page","type-page","status-publish","hentry"],"yoast_head":"<!-- This site is optimized with the Yoast SEO Premium plugin v25.1 (Yoast SEO v25.6) - https:\/\/yoast.com\/wordpress\/plugins\/seo\/ -->\n<title>Consulting Services for Obtaining a Residence Visa in Dubai, UAE. - Alira<\/title>\n<meta name=\"description\" content=\"Alira Real Estate Agency provides expert consulting services for obtaining a residence visa in the UAE. \u27a4 Explore details on our website\" \/>\n<meta name=\"robots\" content=\"index, follow, max-snippet:-1, max-image-preview:large, max-video-preview:-1\" \/>\n<link rel=\"canonical\" href=\"https:\/\/alirarealestate.com\/es\/services\/residence-permit\/\" \/>\n<meta property=\"og:locale\" content=\"es_ES\" \/>\n<meta property=\"og:type\" content=\"article\" \/>\n<meta property=\"og:title\" content=\"Consulting Services for Obtaining a Residence Visa\" \/>\n<meta property=\"og:description\" content=\"Alira Real Estate Agency provides expert consulting services for obtaining a residence visa in the UAE. \u27a4 Explore details on our website\" \/>\n<meta property=\"og:url\" content=\"https:\/\/alirarealestate.com\/es\/services\/residence-permit\/\" \/>\n<meta property=\"og:site_name\" content=\"Alira Real Estate - Real estate in the UAE\" \/>\n<meta property=\"article:modified_time\" content=\"2026-03-27T21:54:26+00:00\" \/>\n<meta name=\"twitter:card\" content=\"summary_large_image\" \/>\n<meta name=\"twitter:label1\" content=\"Tiempo de lectura\" \/>\n\t<meta name=\"twitter:data1\" content=\"2 minutos\" \/>\n<script type=\"application\/ld+json\" class=\"yoast-schema-graph\">{\"@context\":\"https:\/\/schema.org\",\"@graph\":[{\"@type\":\"WebPage\",\"@id\":\"https:\/\/alirarealestate.com\/es\/services\/residence-permit\/\",\"url\":\"https:\/\/alirarealestate.com\/es\/services\/residence-permit\/\",\"name\":\"Consulting Services for Obtaining a Residence Visa in Dubai, UAE. - Alira\",\"isPartOf\":{\"@id\":\"https:\/\/alirarealestate.com\/es\/#website\"},\"datePublished\":\"2023-10-24T17:09:46+00:00\",\"dateModified\":\"2026-03-27T21:54:26+00:00\",\"description\":\"Alira Real Estate Agency provides expert consulting services for obtaining a residence visa in the UAE. \u27a4 Explore details on our website\",\"breadcrumb\":{\"@id\":\"https:\/\/alirarealestate.com\/es\/services\/residence-permit\/#breadcrumb\"},\"inLanguage\":\"es\",\"potentialAction\":[{\"@type\":\"ReadAction\",\"target\":[\"https:\/\/alirarealestate.com\/es\/services\/residence-permit\/\"]}]},{\"@type\":\"BreadcrumbList\",\"@id\":\"https:\/\/alirarealestate.com\/es\/services\/residence-permit\/#breadcrumb\",\"itemListElement\":[{\"@type\":\"ListItem\",\"position\":1,\"name\":\"Home\",\"item\":\"https:\/\/alirarealestate.com\/\"},{\"@type\":\"ListItem\",\"position\":2,\"name\":\"Services\",\"item\":\"https:\/\/alirarealestate.com\/services\/\"},{\"@type\":\"ListItem\",\"position\":3,\"name\":\"Consulting Services for Obtaining a Residence Visa\"}]},{\"@type\":\"WebSite\",\"@id\":\"https:\/\/alirarealestate.com\/es\/#website\",\"url\":\"https:\/\/alirarealestate.com\/es\/\",\"name\":\"Alira Real Estate - Real estate in the UAE\",\"description\":\"\",\"potentialAction\":[{\"@type\":\"SearchAction\",\"target\":{\"@type\":\"EntryPoint\",\"urlTemplate\":\"https:\/\/alirarealestate.com\/es\/?s={search_term_string}\"},\"query-input\":{\"@type\":\"PropertyValueSpecification\",\"valueRequired\":true,\"valueName\":\"search_term_string\"}}],\"inLanguage\":\"es\"}]}<\/script>\n<!-- \/ Yoast SEO Premium plugin. -->","yoast_head_json":{"title":"Consulting Services for Obtaining a Residence Visa in Dubai, UAE. - Alira","description":"Alira Real Estate Agency provides expert consulting services for obtaining a residence visa in the UAE. \u27a4 Explore details on our website","robots":{"index":"index","follow":"follow","max-snippet":"max-snippet:-1","max-image-preview":"max-image-preview:large","max-video-preview":"max-video-preview:-1"},"canonical":"https:\/\/alirarealestate.com\/es\/services\/residence-permit\/","og_locale":"es_ES","og_type":"article","og_title":"Consulting Services for Obtaining a Residence Visa","og_description":"Alira Real Estate Agency provides expert consulting services for obtaining a residence visa in the UAE. \u27a4 Explore details on our website","og_url":"https:\/\/alirarealestate.com\/es\/services\/residence-permit\/","og_site_name":"Alira Real Estate - Real estate in the UAE","article_modified_time":"2026-03-27T21:54:26+00:00","twitter_card":"summary_large_image","twitter_misc":{"Tiempo de lectura":"2 minutos"},"schema":{"@context":"https:\/\/schema.org","@graph":[{"@type":"WebPage","@id":"https:\/\/alirarealestate.com\/es\/services\/residence-permit\/","url":"https:\/\/alirarealestate.com\/es\/services\/residence-permit\/","name":"Consulting Services for Obtaining a Residence Visa in Dubai, UAE. - Alira","isPartOf":{"@id":"https:\/\/alirarealestate.com\/es\/#website"},"datePublished":"2023-10-24T17:09:46+00:00","dateModified":"2026-03-27T21:54:26+00:00","description":"Alira Real Estate Agency provides expert consulting services for obtaining a residence visa in the UAE. \u27a4 Explore details on our website","breadcrumb":{"@id":"https:\/\/alirarealestate.com\/es\/services\/residence-permit\/#breadcrumb"},"inLanguage":"es","potentialAction":[{"@type":"ReadAction","target":["https:\/\/alirarealestate.com\/es\/services\/residence-permit\/"]}]},{"@type":"BreadcrumbList","@id":"https:\/\/alirarealestate.com\/es\/services\/residence-permit\/#breadcrumb","itemListElement":[{"@type":"ListItem","position":1,"name":"Home","item":"https:\/\/alirarealestate.com\/"},{"@type":"ListItem","position":2,"name":"Services","item":"https:\/\/alirarealestate.com\/services\/"},{"@type":"ListItem","position":3,"name":"Consulting Services for Obtaining a Residence Visa"}]},{"@type":"WebSite","@id":"https:\/\/alirarealestate.com\/es\/#website","url":"https:\/\/alirarealestate.com\/es\/","name":"Alira Real Estate - Real estate in the UAE","description":"","potentialAction":[{"@type":"SearchAction","target":{"@type":"EntryPoint","urlTemplate":"https:\/\/alirarealestate.com\/es\/?s={search_term_string}"},"query-input":{"@type":"PropertyValueSpecification","valueRequired":true,"valueName":"search_term_string"}}],"inLanguage":"es"}]}},"_links":{"self":[{"href":"https:\/\/alirarealestate.com\/es\/wp-json\/wp\/v2\/pages\/484"}],"collection":[{"href":"https:\/\/alirarealestate.com\/es\/wp-json\/wp\/v2\/pages"}],"about":[{"href":"https:\/\/alirarealestate.com\/es\/wp-json\/wp\/v2\/types\/page"}],"author":[{"embeddable":true,"href":"https:\/\/alirarealestate.com\/es\/wp-json\/wp\/v2\/users\/1"}],"replies":[{"embeddable":true,"href":"https:\/\/alirarealestate.com\/es\/wp-json\/wp\/v2\/comments?post=484"}],"version-history":[{"count":1,"href":"https:\/\/alirarealestate.com\/es\/wp-json\/wp\/v2\/pages\/484\/revisions"}],"predecessor-version":[{"id":8866,"href":"https:\/\/alirarealestate.com\/es\/wp-json\/wp\/v2\/pages\/484\/revisions\/8866"}],"up":[{"embeddable":true,"href":"https:\/\/alirarealestate.com\/es\/wp-json\/wp\/v2\/pages\/466"}],"wp:attachment":[{"href":"https:\/\/alirarealestate.com\/es\/wp-json\/wp\/v2\/media?parent=484"}],"curies":[{"name":"wp","href":"https:\/\/api.w.org\/{rel}","templated":true}]}}