{"id":482,"date":"2023-10-24T20:09:12","date_gmt":"2023-10-24T17:09:12","guid":{"rendered":"https:\/\/alirarealestate.com\/?page_id=482"},"modified":"2026-03-28T00:53:45","modified_gmt":"2026-03-27T21:53:45","slug":"short-term-rentals","status":"publish","type":"page","link":"https:\/\/alirarealestate.com\/es\/services\/short-term-rentals\/","title":{"rendered":"Servicios de consultor\u00eda para alquiler de propiedades a corto plazo"},"content":{"rendered":"<section class=\"wpb-content-wrapper\"><div class=\"vc_row wpb_row vc_row-fluid vc_row\"><div class=\"wpb_column vc_column_container vc_col-sm-12 vc_column\"><div class=\"vc_column-inner\"><div class=\"wpb_wrapper\"><div class=\"vc_row wpb_row vc_inner vc_row-fluid vc_row_inner\"><div class=\"wpb_column vc_column_container vc_col-sm-8 vc_column_inner\"><div class=\"vc_column-inner\"><div class=\"wpb_wrapper\">\n\t<div class=\"wpb_text_column wpb_content_element  vc_column_text\" >\n\t\t<div class=\"wpb_wrapper\">\n\t\t\t<p>En los Emiratos \u00c1rabes Unidos, los servicios de alquiler de propiedades a corto plazo son cada vez m\u00e1s populares entre turistas y viajeros de negocios. Estos servicios brindan la oportunidad de alquilar viviendas por un corto per\u00edodo de tiempo, lo que puede ser una opci\u00f3n m\u00e1s conveniente y econ\u00f3mica en comparaci\u00f3n con el alquiler a largo plazo.<\/p>\n<p>Las empresas que ofrecen servicios de alquiler a corto plazo ofrecen una amplia selecci\u00f3n de inmuebles, desde apartamentos hasta villas, desde apartamentos de hotel hasta casas junto al mar. Esto le permite elegir la opci\u00f3n m\u00e1s adecuada seg\u00fan sus necesidades y presupuesto.<\/p>\n<p>Las principales ventajas de los alquileres a corto plazo son:<\/p>\n<ul>\n<li>Flexibilidad: los inquilinos pueden elegir libremente sus fechas de entrada y salida, as\u00ed como cambiar las condiciones del alquiler si es necesario.<\/li>\n<li>Ahorros: Los alquileres a corto plazo suelen costar menos que los alquileres a largo plazo o la compra de bienes ra\u00edces.<\/li>\n<li>Comodidad: La mayor\u00eda de las empresas brindan servicios de limpieza y mantenimiento de viviendas, as\u00ed como asistencia para resolver cualquier problema que surja.<\/li>\n<li>Amplia variedad: hay miles de alquileres a corto plazo disponibles en los EAU, lo que le permite elegir la ubicaci\u00f3n que m\u00e1s le convenga.<\/li>\n<\/ul>\n<p>Al elegir una empresa para el alquiler a corto plazo de bienes inmuebles en los Emiratos \u00c1rabes Unidos, se deben tener en cuenta los siguientes factores:<\/p>\n<ul>\n<li>Reputaci\u00f3n de la empresa: estudiar opiniones de otros clientes para garantizar la fiabilidad y calidad de los servicios prestados.<\/li>\n<li>Condiciones de alquiler: consulta todos los detalles y condiciones del alquiler, incluyendo coste, plazos y procedimiento de pago, as\u00ed como condiciones de cancelaci\u00f3n.<\/li>\n<li>Ubicaci\u00f3n: Elija un alojamiento que est\u00e9 convenientemente ubicado para usted, seg\u00fan sus necesidades y preferencias.<\/li>\n<li>Seguridad: Aseg\u00farese de que la propiedad que elija cumpla con sus requisitos de seguridad y comodidad.<\/li>\n<\/ul>\n<p>El alquiler de propiedades a corto plazo en los Emiratos \u00c1rabes Unidos es una forma c\u00f3moda y econ\u00f3mica de alojarse mientras viaja o est\u00e1 en viaje de negocios. Al elegir empresa y propiedad, considere sus necesidades y preferencias para aprovechar al m\u00e1ximo su estad\u00eda en el pa\u00eds.<\/p>\n<p>Los especialistas de la agencia ALIRA le ayudar\u00e1n en asuntos relacionados con alquileres a corto plazo en los Emiratos \u00c1rabes Unidos. Ll\u00e1manos\u00a0<a href=\"tel: 971588337903\">+971 58 833 7903<\/a>\u00a0o complete la solicitud en el formulario de contacto a continuaci\u00f3n.<\/p>\n\n\t\t<\/div>\n\t<\/div>\n<\/div><\/div><\/div><div class=\"wpb_column vc_column_container vc_col-sm-4 vc_col-xs-12 vc_column_inner\"><div class=\"vc_column-inner\"><div class=\"wpb_wrapper\">\n\t<div  class=\"wpb_single_image wpb_content_element vc_align_center  vc_custom_1698673732912  img-border vc_single_image\">\n\t\t\n\t\t<figure class=\"wpb_wrapper vc_figure\">\n\t\t\t<div class=\"vc_single_image-wrapper   vc_box_border_grey\"><img fetchpriority=\"high\" decoding=\"async\" width=\"277\" height=\"400\" src=\"https:\/\/alirarealestate.com\/wp-content\/uploads\/2023\/10\/kratkosrochnaja-arenda.png?v=1702929782\" class=\"vc_single_image-img attachment-full\" alt=\"\" title=\"\" srcset=\"https:\/\/alirarealestate.com\/wp-content\/uploads\/2023\/10\/kratkosrochnaja-arenda.png?v=1702929782 277w, https:\/\/alirarealestate.com\/wp-content\/uploads\/2023\/10\/kratkosrochnaja-arenda-208x300.png?v=1702929782 208w, https:\/\/alirarealestate.com\/wp-content\/uploads\/2023\/10\/kratkosrochnaja-arenda-8x12.png?v=1702929782 8w\" sizes=\"(max-width: 277px) 100vw, 277px\" \/><\/div>\n\t\t<\/figure>\n\t<\/div>\n<\/div><\/div><\/div><\/div><\/div><\/div><\/div><\/div><div class=\"vc_row wpb_row vc_row-fluid vc_row\"><div class=\"wpb_column vc_column_container vc_col-sm-12 vc_column\"><div class=\"vc_column-inner\"><div class=\"wpb_wrapper\"><div class=\"vc_separator wpb_content_element vc_separator_align_center vc_sep_width_100 vc_sep_pos_align_center vc_separator_no_text vc_custom_1698669371537  vc_custom_1698669371537 vc_separator vc_text_separator\" ><span class=\"vc_sep_holder vc_sep_holder_l\"><span style=\"border-color:rgb(75,77,101);border-color:rgba(75,77,101,0.1);\" class=\"vc_sep_line\"><\/span><\/span><span class=\"vc_sep_holder vc_sep_holder_r\"><span style=\"border-color:rgb(75,77,101);border-color:rgba(75,77,101,0.1);\" class=\"vc_sep_line\"><\/span><\/span>\n<\/div><\/div><\/div><\/div><\/div><div class=\"vc_row wpb_row vc_row-fluid vc_row\"><div class=\"wpb_column vc_column_container vc_col-sm-12 vc_column\"><div class=\"vc_column-inner\"><div class=\"wpb_wrapper\"><div class=\"templatera_shortcode\"><div id=\"form-konsult\" class=\"vc_row wpb_row vc_row-fluid vc_custom_1698509413444 vc_row\"><div class=\"wpb_column vc_column_container vc_col-sm-12 vc_column\"><div class=\"vc_column-inner\"><div class=\"wpb_wrapper\">\n\t<div class=\"wpb_raw_code wpb_content_element wpb_raw_html h2-box h2-bf text-center vc_raw_html\" >\n\t\t<div class=\"wpb_wrapper\">\n\t\t\t<h2>Obtener una consulta<\/h2>\n<div class=\"h2-sub\">Complete el formulario de contacto y nuestro experto se comunicar\u00e1 con usted para una consulta gratuita.<\/div>\n\t\t<\/div>\n\t<\/div>\n<div class=\"vc_row wpb_row vc_inner vc_row-fluid vc_row_inner\"><div class=\"wpb_column vc_column_container vc_col-sm-12 vc_column_inner\"><div class=\"vc_column-inner\"><div class=\"wpb_wrapper\">\n<div class=\"wpcf7 no-js\" id=\"wpcf7-f94-o1\" lang=\"ru-RU\" dir=\"ltr\" data-wpcf7-id=\"94\">\n<div class=\"screen-reader-response\"><p role=\"status\" aria-live=\"polite\" aria-atomic=\"true\"><\/p> <ul><\/ul><\/div>\n<form action=\"\/es\/wp-json\/wp\/v2\/pages\/482#wpcf7-f94-o1\" method=\"post\" class=\"wpcf7-form init\" aria-label=\"Formulario de contacto\" novalidate=\"novalidate\" data-status=\"init\" data-trp-original-action=\"\/es\/wp-json\/wp\/v2\/pages\/482#wpcf7-f94-o1\">\n<div style=\"display: none;\">\n<input type=\"hidden\" name=\"_wpcf7\" value=\"94\" \/>\n<input type=\"hidden\" name=\"_wpcf7_version\" value=\"6.0.6\" \/>\n<input type=\"hidden\" name=\"_wpcf7_locale\" value=\"ru_RU\" \/>\n<input type=\"hidden\" name=\"_wpcf7_unit_tag\" value=\"wpcf7-f94-o1\" \/>\n<input type=\"hidden\" name=\"_wpcf7_container_post\" value=\"0\" \/>\n<input type=\"hidden\" name=\"_wpcf7_posted_data_hash\" value=\"\" \/>\n<\/div>\n<div class=\"form1\">\n<div class=\"form-col fc0\">\n<img decoding=\"async\" src=\"\/wp-content\/uploads\/2023\/10\/foto-lilija.jpg\" width=\"220\" height=\"220\" class=\"form-img\">\n<div class=\"ex-fi\">Lilia Ibragimova<\/div>\n<div class=\"ex-inf\">experto en bienes raices<\/div>\n<\/div>\n<div class=\"form-col fc1\">\n<div class=\"box-name\"><div class=\"form-label\">Su nombre<\/div>\n<span class=\"wpcf7-form-control-wrap\" data-name=\"your-name\"><input size=\"40\" maxlength=\"400\" class=\"wpcf7-form-control wpcf7-text wpcf7-validates-as-required\" aria-required=\"true\" aria-invalid=\"false\" value=\"\" type=\"text\" name=\"your-name\" \/><\/span><\/div>\n<div class=\"box-tel\"><div class=\"form-label\">N\u00famero de tel\u00e9fono (incluya el c\u00f3digo del pa\u00eds)<\/div>\n<span class=\"wpcf7-form-control-wrap\" data-name=\"your-tel\"><input size=\"40\" maxlength=\"400\" class=\"wpcf7-form-control wpcf7-text wpcf7-validates-as-required\" aria-required=\"true\" aria-invalid=\"false\" value=\"\" type=\"text\" name=\"your-tel\" \/><\/span><\/div>\n<div class=\"box-date\"><div class=\"form-label\">Fecha conveniente<\/div>\n<span class=\"wpcf7-form-control-wrap\" data-name=\"your-date\"><input class=\"wpcf7-form-control wpcf7-date wpcf7-validates-as-required wpcf7-validates-as-date\" min=\"2026-04-09\" aria-required=\"true\" aria-invalid=\"false\" value=\"2026-04-09\" type=\"date\" name=\"your-date\" \/><\/span><\/div>\n<div class=\"box-time\"><div class=\"form-label\">Hora de llamada preferida (hora de los EAU)<\/div>\n<span class=\"wpcf7-form-control-wrap\" data-name=\"your-time\"><select class=\"wpcf7-form-control wpcf7-select wpcf7-validates-as-required\" aria-required=\"true\" aria-invalid=\"false\" name=\"your-time\"><option value=\"\">Seleccionar hora<\/option><option value=\"09:00\">09:00<\/option><option value=\"10:00\">10:00<\/option><option value=\"11:00\">11:00<\/option><option value=\"12:00\">12:00<\/option><option value=\"13:00\">13:00<\/option><option value=\"14:00\">14:00<\/option><option value=\"15:00\">15:00<\/option><option value=\"16:00\">16:00<\/option><option value=\"17:00\">17:00<\/option><option value=\"18:00\">18:00<\/option><\/select><\/span><\/div>\n<div class=\"box-comment\"><div class=\"form-label\">Comentar sobre la aplicaci\u00f3n.<\/div>\n<span class=\"wpcf7-form-control-wrap\" data-name=\"textarea-278\"><textarea cols=\"40\" rows=\"5\" maxlength=\"2000\" class=\"wpcf7-form-control wpcf7-textarea\" aria-invalid=\"false\" name=\"textarea-278\"><\/textarea><\/span><\/div>\n<input class=\"wpcf7-form-control wpcf7-submit has-spinner\" type=\"submit\" value=\"Enviar petici\u00f3n\" \/>\n<\/div>\n<\/div><input type='hidden' class='wpcf7-pum' value='{\"closepopup\":false,\"closedelay\":0,\"openpopup\":false,\"openpopup_id\":0}' \/><div class=\"wpcf7-response-output\" aria-hidden=\"true\"><\/div>\n<input type=\"hidden\" name=\"trp-form-language\" value=\"es\"\/><\/form>\n<\/div>\n<\/div><\/div><\/div><\/div><\/div><\/div><\/div><\/div><\/div><\/div><\/div><\/div><\/div>\n<\/section>","protected":false},"excerpt":{"rendered":"En los Emiratos \u00c1rabes Unidos, los servicios de alquiler de propiedades a corto plazo son cada vez m\u00e1s populares entre turistas y viajeros de negocios. Estos servicios brindan la oportunidad de alquilar viviendas por un corto per\u00edodo de tiempo, lo que puede ser una opci\u00f3n m\u00e1s conveniente y econ\u00f3mica en comparaci\u00f3n con el alquiler a largo plazo. Las empresas que ofrecen servicios de alquiler a corto plazo ofrecen una amplia selecci\u00f3n de bienes inmuebles, desde apartamentos hasta villas, desde hoteles...","protected":false},"author":1,"featured_media":0,"parent":466,"menu_order":0,"comment_status":"closed","ping_status":"closed","template":"","meta":{"inline_featured_image":false,"_glsr_average":0,"_glsr_ranking":0,"_glsr_reviews":0,"footnotes":""},"class_list":["post-482","page","type-page","status-publish","hentry"],"yoast_head":"<!-- This site is optimized with the Yoast SEO Premium plugin v25.1 (Yoast SEO v25.6) - https:\/\/yoast.com\/wordpress\/plugins\/seo\/ -->\n<title>Consulting Services for Short-Term Property Rental in the UAE - Alira<\/title>\n<meta name=\"description\" content=\"Alira Real Estate Agency will assist you with questions related to short-term short-term property rental in the UAE. \u27a4 Details on the website\" \/>\n<meta name=\"robots\" content=\"index, follow, max-snippet:-1, max-image-preview:large, max-video-preview:-1\" \/>\n<link rel=\"canonical\" href=\"https:\/\/alirarealestate.com\/es\/services\/short-term-rentals\/\" \/>\n<meta property=\"og:locale\" content=\"es_ES\" \/>\n<meta property=\"og:type\" content=\"article\" \/>\n<meta property=\"og:title\" content=\"Consulting Services for Short-Term Property Rental\" \/>\n<meta property=\"og:description\" content=\"Alira Real Estate Agency will assist you with questions related to short-term short-term property rental in the UAE. \u27a4 Details on the website\" \/>\n<meta property=\"og:url\" content=\"https:\/\/alirarealestate.com\/es\/services\/short-term-rentals\/\" \/>\n<meta property=\"og:site_name\" content=\"Alira Real Estate - Real estate in the UAE\" \/>\n<meta property=\"article:modified_time\" content=\"2026-03-27T21:53:45+00:00\" \/>\n<meta name=\"twitter:card\" content=\"summary_large_image\" \/>\n<meta name=\"twitter:label1\" content=\"Tiempo de lectura\" \/>\n\t<meta name=\"twitter:data1\" content=\"2 minutos\" \/>\n<script type=\"application\/ld+json\" class=\"yoast-schema-graph\">{\"@context\":\"https:\/\/schema.org\",\"@graph\":[{\"@type\":\"WebPage\",\"@id\":\"https:\/\/alirarealestate.com\/es\/services\/short-term-rentals\/\",\"url\":\"https:\/\/alirarealestate.com\/es\/services\/short-term-rentals\/\",\"name\":\"Consulting Services for Short-Term Property Rental in the UAE - Alira\",\"isPartOf\":{\"@id\":\"https:\/\/alirarealestate.com\/es\/#website\"},\"datePublished\":\"2023-10-24T17:09:12+00:00\",\"dateModified\":\"2026-03-27T21:53:45+00:00\",\"description\":\"Alira Real Estate Agency will assist you with questions related to short-term short-term property rental in the UAE. \u27a4 Details on the website\",\"breadcrumb\":{\"@id\":\"https:\/\/alirarealestate.com\/es\/services\/short-term-rentals\/#breadcrumb\"},\"inLanguage\":\"es\",\"potentialAction\":[{\"@type\":\"ReadAction\",\"target\":[\"https:\/\/alirarealestate.com\/es\/services\/short-term-rentals\/\"]}]},{\"@type\":\"BreadcrumbList\",\"@id\":\"https:\/\/alirarealestate.com\/es\/services\/short-term-rentals\/#breadcrumb\",\"itemListElement\":[{\"@type\":\"ListItem\",\"position\":1,\"name\":\"Home\",\"item\":\"https:\/\/alirarealestate.com\/\"},{\"@type\":\"ListItem\",\"position\":2,\"name\":\"Services\",\"item\":\"https:\/\/alirarealestate.com\/services\/\"},{\"@type\":\"ListItem\",\"position\":3,\"name\":\"Consulting Services for Short-Term Property Rental\"}]},{\"@type\":\"WebSite\",\"@id\":\"https:\/\/alirarealestate.com\/es\/#website\",\"url\":\"https:\/\/alirarealestate.com\/es\/\",\"name\":\"Alira Real Estate - Real estate in the UAE\",\"description\":\"\",\"potentialAction\":[{\"@type\":\"SearchAction\",\"target\":{\"@type\":\"EntryPoint\",\"urlTemplate\":\"https:\/\/alirarealestate.com\/es\/?s={search_term_string}\"},\"query-input\":{\"@type\":\"PropertyValueSpecification\",\"valueRequired\":true,\"valueName\":\"search_term_string\"}}],\"inLanguage\":\"es\"}]}<\/script>\n<!-- \/ Yoast SEO Premium plugin. -->","yoast_head_json":{"title":"Consulting Services for Short-Term Property Rental in the UAE - Alira","description":"Alira Real Estate Agency will assist you with questions related to short-term short-term property rental in the UAE. \u27a4 Details on the website","robots":{"index":"index","follow":"follow","max-snippet":"max-snippet:-1","max-image-preview":"max-image-preview:large","max-video-preview":"max-video-preview:-1"},"canonical":"https:\/\/alirarealestate.com\/es\/services\/short-term-rentals\/","og_locale":"es_ES","og_type":"article","og_title":"Consulting Services for Short-Term Property Rental","og_description":"Alira Real Estate Agency will assist you with questions related to short-term short-term property rental in the UAE. \u27a4 Details on the website","og_url":"https:\/\/alirarealestate.com\/es\/services\/short-term-rentals\/","og_site_name":"Alira Real Estate - Real estate in the UAE","article_modified_time":"2026-03-27T21:53:45+00:00","twitter_card":"summary_large_image","twitter_misc":{"Tiempo de lectura":"2 minutos"},"schema":{"@context":"https:\/\/schema.org","@graph":[{"@type":"WebPage","@id":"https:\/\/alirarealestate.com\/es\/services\/short-term-rentals\/","url":"https:\/\/alirarealestate.com\/es\/services\/short-term-rentals\/","name":"Consulting Services for Short-Term Property Rental in the UAE - Alira","isPartOf":{"@id":"https:\/\/alirarealestate.com\/es\/#website"},"datePublished":"2023-10-24T17:09:12+00:00","dateModified":"2026-03-27T21:53:45+00:00","description":"Alira Real Estate Agency will assist you with questions related to short-term short-term property rental in the UAE. \u27a4 Details on the website","breadcrumb":{"@id":"https:\/\/alirarealestate.com\/es\/services\/short-term-rentals\/#breadcrumb"},"inLanguage":"es","potentialAction":[{"@type":"ReadAction","target":["https:\/\/alirarealestate.com\/es\/services\/short-term-rentals\/"]}]},{"@type":"BreadcrumbList","@id":"https:\/\/alirarealestate.com\/es\/services\/short-term-rentals\/#breadcrumb","itemListElement":[{"@type":"ListItem","position":1,"name":"Home","item":"https:\/\/alirarealestate.com\/"},{"@type":"ListItem","position":2,"name":"Services","item":"https:\/\/alirarealestate.com\/services\/"},{"@type":"ListItem","position":3,"name":"Consulting Services for Short-Term Property Rental"}]},{"@type":"WebSite","@id":"https:\/\/alirarealestate.com\/es\/#website","url":"https:\/\/alirarealestate.com\/es\/","name":"Alira Real Estate - Real estate in the UAE","description":"","potentialAction":[{"@type":"SearchAction","target":{"@type":"EntryPoint","urlTemplate":"https:\/\/alirarealestate.com\/es\/?s={search_term_string}"},"query-input":{"@type":"PropertyValueSpecification","valueRequired":true,"valueName":"search_term_string"}}],"inLanguage":"es"}]}},"_links":{"self":[{"href":"https:\/\/alirarealestate.com\/es\/wp-json\/wp\/v2\/pages\/482"}],"collection":[{"href":"https:\/\/alirarealestate.com\/es\/wp-json\/wp\/v2\/pages"}],"about":[{"href":"https:\/\/alirarealestate.com\/es\/wp-json\/wp\/v2\/types\/page"}],"author":[{"embeddable":true,"href":"https:\/\/alirarealestate.com\/es\/wp-json\/wp\/v2\/users\/1"}],"replies":[{"embeddable":true,"href":"https:\/\/alirarealestate.com\/es\/wp-json\/wp\/v2\/comments?post=482"}],"version-history":[{"count":2,"href":"https:\/\/alirarealestate.com\/es\/wp-json\/wp\/v2\/pages\/482\/revisions"}],"predecessor-version":[{"id":8865,"href":"https:\/\/alirarealestate.com\/es\/wp-json\/wp\/v2\/pages\/482\/revisions\/8865"}],"up":[{"embeddable":true,"href":"https:\/\/alirarealestate.com\/es\/wp-json\/wp\/v2\/pages\/466"}],"wp:attachment":[{"href":"https:\/\/alirarealestate.com\/es\/wp-json\/wp\/v2\/media?parent=482"}],"curies":[{"name":"wp","href":"https:\/\/api.w.org\/{rel}","templated":true}]}}