{"id":4384,"date":"2024-04-18T10:17:40","date_gmt":"2024-04-18T07:17:40","guid":{"rendered":"https:\/\/alirarealestate.com\/developers\/damac\/"},"modified":"2024-10-27T19:13:39","modified_gmt":"2024-10-27T16:13:39","slug":"damac","status":"publish","type":"page","link":"https:\/\/alirarealestate.com\/es\/developers\/damac\/","title":{"rendered":"Grupo Damac"},"content":{"rendered":"<section class=\"wpb-content-wrapper\"><div class=\"vc_row wpb_row vc_row-fluid vc_row\"><div class=\"wpb_column vc_column_container vc_col-sm-12 vc_column\"><div class=\"vc_column-inner\"><div class=\"wpb_wrapper\">\n\t<div  class=\"wpb_single_image wpb_content_element vc_align_center  vc_single_image\">\n\t\t\n\t\t<figure class=\"wpb_wrapper vc_figure\">\n\t\t\t<div class=\"vc_single_image-wrapper   vc_box_border_grey\"><img fetchpriority=\"high\" decoding=\"async\" width=\"1000\" height=\"255\" src=\"https:\/\/alirarealestate.com\/wp-content\/uploads\/2024\/05\/damac_logo.png\" class=\"vc_single_image-img attachment-full\" alt=\"\" title=\"Logotipo de DAMAC\" srcset=\"https:\/\/alirarealestate.com\/wp-content\/uploads\/2024\/05\/damac_logo.png 1000w, https:\/\/alirarealestate.com\/wp-content\/uploads\/2024\/05\/damac_logo-300x77.png 300w, https:\/\/alirarealestate.com\/wp-content\/uploads\/2024\/05\/damac_logo-768x196.png 768w, https:\/\/alirarealestate.com\/wp-content\/uploads\/2024\/05\/damac_logo-18x5.png 18w\" sizes=\"(max-width: 1000px) 100vw, 1000px\" \/><\/div>\n\t\t<\/figure>\n\t<\/div>\n<\/div><\/div><\/div><\/div><div class=\"vc_row wpb_row vc_row-fluid vc_row\"><div class=\"wpb_column vc_column_container vc_col-sm-12 vc_column\"><div class=\"vc_column-inner\"><div class=\"wpb_wrapper\">\n\t<div class=\"wpb_text_column wpb_content_element  vc_column_text\" >\n\t\t<div class=\"wpb_wrapper\">\n\t\t\t<p><span style=\"font-weight: 400;\">Desde 1982, DAMAC ha crecido exponencialmente y ahora cuenta con una cartera impresionante que incluye proyectos inmobiliarios de \u00e9lite, un negocio hotelero, centros de procesamiento de datos, comercio minorista, moda y mercados de capital. La empresa ha desempe\u00f1ado un papel importante en la transformaci\u00f3n de ciudades de Oriente Medio, especialmente en Dub\u00e1i, donde se ha convertido en un importante promotor. La cartera incluye m\u00e1s de 75 torres, alrededor de 20 de las cuales se encuentran en distintas etapas de planificaci\u00f3n y desarrollo. DAMAC promueve activamente el crecimiento de las inversiones y un estilo de vida lujoso en los Emiratos \u00c1rabes Unidos.<\/span><\/p>\n<p>&nbsp;<\/p>\n<h2><b>Ventajas de la empresa<\/b><\/h2>\n<p><span style=\"font-weight: 400;\">DAMAC atrae inversores con su compromiso con la calidad y la innovaci\u00f3n. Las caracter\u00edsticas notables de la empresa incluyen:<\/span><\/p>\n<p>&nbsp;<\/p>\n<ul>\n<li style=\"font-weight: 400;\" aria-level=\"1\"><span style=\"font-weight: 400;\">Capacidad para crear hitos inmobiliarios ic\u00f3nicos;<\/span><\/li>\n<li style=\"font-weight: 400;\" aria-level=\"1\"><span style=\"font-weight: 400;\">Proyectos que se distinguen por su dise\u00f1o y grandeza arquitect\u00f3nica;<\/span><\/li>\n<li style=\"font-weight: 400;\" aria-level=\"1\"><span style=\"font-weight: 400;\">Una amplia gama de propiedades inmobiliarias (villas, apartamentos, \u00e1ticos, modernos edificios comerciales);<\/span><\/li>\n<li style=\"font-weight: 400;\" aria-level=\"1\"><span style=\"font-weight: 400;\">Colaboraci\u00f3n con reconocidas marcas de moda;<\/span><\/li>\n<li style=\"font-weight: 400;\" aria-level=\"1\"><span style=\"font-weight: 400;\">\u0421\u0442\u0438\u043b\u044c\u043d\u044b\u0439 \u043f\u043e\u0434\u0445\u043e\u0434 \u043a \u0441\u043e\u0437\u0434\u0430\u043d\u0438\u044e \u0444\u0438\u0440\u043c\u0435\u043d\u043d\u044b\u0445 \u0440\u0435\u0437\u0438\u0434\u0435\u043d\u0446\u0438\u0439;<\/span><\/li>\n<li style=\"font-weight: 400;\" aria-level=\"1\"><span style=\"font-weight: 400;\">Elementos de dise\u00f1o que enfatizan la exclusividad y el prestigio.<\/span><\/li>\n<\/ul>\n<p><span style=\"font-weight: 400;\">Damac utiliza los mejores materiales, contrata artesanos cualificados e implementa tecnolog\u00edas de vanguardia para garantizar altos est\u00e1ndares. La atenci\u00f3n al detalle y la planificaci\u00f3n meticulosa son los principios clave del desarrollador, lo que da como resultado espacios residenciales excepcionales.<\/span><\/p>\n\n\t\t<\/div>\n\t<\/div>\n<\/div><\/div><\/div><\/div><div class=\"vc_row wpb_row vc_row-fluid vc_row\"><div class=\"wpb_column vc_column_container vc_col-sm-12 vc_column\"><div class=\"vc_column-inner\"><div class=\"wpb_wrapper\">\n\t<div class=\"wpb_text_column wpb_content_element  vc_column_text\" >\n\t\t<div class=\"wpb_wrapper\">\n\t\t\t<h2><b>Principales complejos DAMAC en los Emiratos \u00c1rabes Unidos<\/b><\/h2>\n<p><span style=\"font-weight: 400;\">La naturaleza siempre cambiante del sector inmobiliario de Dubai ofrece propiedades populares a la venta en los Emiratos \u00c1rabes Unidos del Grupo DAMAC. Los apartamentos y villas listos para entrar a vivir le permiten disfrutar de un estilo de vida lujoso.<\/span><\/p>\n<p>&nbsp;<\/p>\n<ul>\n<li><strong>Lagunas DAMAC<\/strong><\/li>\n<\/ul>\n<p><span style=\"font-weight: 400;\"><a href=\"https:\/\/alirarealestate.com\/es\/catalog\/buy\/dubai\/damac-lagoons\/\">LAGUNAS DE DAMAC<\/a> Se compone exclusivamente de villas y casas, cada una con su propio jard\u00edn. Lo m\u00e1s destacado son las grandes lagunas artificiales de agua cristalina. Las lagunas de Damac constan de 8 grupos diferentes: Venecia, Marruecos, Portofino, Costa Brava, Niza, Malta, Santorini y Andaluc\u00eda.<\/span><\/p>\n<p>Cada grupo se centra en diversas actividades de entretenimiento, desde el ocio activo hasta la relajaci\u00f3n. La oferta se complementa con un gran centro comercial con tiendas, restaurantes y cafeter\u00edas. El costo de las villas en Damac Lagoons es menor en comparaci\u00f3n con otros complejos en una ubicaci\u00f3n similar, lo que significa una excelente relaci\u00f3n calidad-precio.<\/p>\n<p>&nbsp;<\/p>\n<ul>\n<li><strong>Colinas DAMAC<\/strong><\/li>\n<\/ul>\n<p><span style=\"font-weight: 400;\">El desarrollador DAMAC cuenta con un campo de golf de clase mundial, un club con una piscina de lujo, una cancha de tenis y un gimnasio. El barrio cuenta con varios restaurantes y cafeter\u00edas que ofrecen una variedad de opciones gastron\u00f3micas. Para familias con ni\u00f1os hay varias escuelas y guarder\u00edas. tienes a tu <a href=\"https:\/\/alirarealestate.com\/es\/catalog\/buy\/dubai\/damac-hills\/\">disposici\u00f3n villas, casas adosadas, apartamentos<\/a>, centros comerciales y de entretenimiento, y el Hotel Radisson.<\/span><\/p>\n<p>&nbsp;<\/p>\n<ul>\n<li><strong>Colinas DAMAC 2<\/strong><\/li>\n<\/ul>\n<p><span style=\"font-weight: 400;\">Damac Hills 2, inspirado en el agua, los deportes y el entretenimiento, ofrece el espacio habitable perfecto para todas las edades a un precio asequible. Los apartamentos, casas adosadas y villas cuidadosamente dise\u00f1ados est\u00e1n rodeados de atracciones y servicios.<\/span><\/p>\n<p><span style=\"font-weight: 400;\">Adem\u00e1s de las nuevas caracter\u00edsticas en el \u00e1rea, hay un centro comunitario con supermercado, camiones de comida, restaurantes, una cl\u00ednica, una estaci\u00f3n de polic\u00eda y centros gubernamentales. Los precios oscilan entre 350.000 y 12 millones de dirhams.<\/span><\/p>\n<p>&nbsp;<\/p>\n<ul>\n<li><strong>Torre Cavalli<\/strong><\/li>\n<\/ul>\n<p><span style=\"font-weight: 400;\">DAMAC Properties ha dise\u00f1ado la primera torre residencial bajo el <a href=\"https:\/\/alirarealestate.com\/ru\/projects\/damac-bay-by-cavalli\/\">Cavalli<\/a> marca de la casa de moda. Situado en la famosa zona de Al Sufouh en Jumeirah. Esta obra maestra de 70 pisos est\u00e1 dise\u00f1ada por un reconocido estudio de arquitectura y est\u00e1 disponible solo para unas pocas personas exigentes.<\/span><\/p>\n<p><span style=\"font-weight: 400;\">Vistas las 24 horas del d\u00eda de Palm, Burj Al Arab y el horizonte de Dubai. Elementos acu\u00e1ticos incomparables, que incluyen una playa y piscinas privadas. Los apartamentos de 1, 2 y 3 dormitorios, as\u00ed como los apartamentos, se complementan con comodidades de primera clase. Este complejo de lujo ofrece una cocina en el piso 58 atendida por chefs exclusivos.<\/span><\/p>\n<p>&nbsp;<\/p>\n<h2><b>Premios DAMAC<\/b><\/h2>\n<p><span style=\"font-weight: 400;\">Los bienes ra\u00edces en Dubai de DAMAC est\u00e1n respaldados por m\u00e1s de 100 premios globales y asociaciones con marcas como Versace y Roberto Cavalli. La influencia global de la empresa se extiende desde Oriente Medio hasta Europa, Asia y Am\u00e9rica del Norte.<\/span><\/p>\n<p><span style=\"font-weight: 400;\">Logros especiales:<\/span><\/p>\n<p>&nbsp;<\/p>\n<ul>\n<li style=\"font-weight: 400;\" aria-level=\"1\"><span style=\"font-weight: 400;\">5 premios en diversas categor\u00edas en los Arabian Property Awards 2017;<\/span><\/li>\n<li style=\"font-weight: 400;\" aria-level=\"1\"><span style=\"font-weight: 400;\">1er lugar en la lista de l\u00edderes de crecimiento Forbes Global 2000;<\/span><\/li>\n<li style=\"font-weight: 400;\" aria-level=\"1\"><span style=\"font-weight: 400;\">Excelente gesti\u00f3n de numerosas propiedades inmobiliarias, reconocida por el Departamento de Tierras de Dubai (DLD);<\/span><\/li>\n<li style=\"font-weight: 400;\" aria-level=\"1\"><span style=\"font-weight: 400;\">\u201cProyecto Residencial del A\u00f1o\u201d en los CW Awards 2018;<\/span><\/li>\n<li style=\"font-weight: 400;\" aria-level=\"1\"><span style=\"font-weight: 400;\">\u201cEmpresa m\u00e1s socialmente responsable del sector inmobiliario de los EAU\u201d, 2020.<\/span><\/li>\n<\/ul>\n<p><span style=\"font-weight: 400;\">DAMAC, como promotor en Dubai, opera a nivel internacional, ofreciendo bienes ra\u00edces residenciales y comerciales. Si planea invertir en bienes ra\u00edces modernos en los Emiratos \u00c1rabes Unidos, esta empresa es se\u00f1al de alta calidad. \u00bfNecesita consulta y asistencia para encontrar una propiedad? Llamenos al <a href=\"tel: 971588337903\">+971 (588) 337 903<\/a> y <a href=\"tel: 79869277377\">+7 (986) 927-73-77.<\/a> o env\u00edanos un correo electr\u00f3nico a <a class=\"mail\" href=\"mailto:info@alirarealestate.com\">info@alirarealestate.com<\/a>.<\/span><\/p>\n\n\t\t<\/div>\n\t<\/div>\n<\/div><\/div><\/div><\/div>\n<\/section>","protected":false},"excerpt":{"rendered":"Desde 1982, DAMAC ha crecido exponencialmente y ahora cuenta con una impresionante cartera que incluye proyectos inmobiliarios de \u00e9lite, un negocio hotelero, centros de procesamiento de datos, comercio minorista, moda y mercados de capitales. La compa\u00f1\u00eda ha desempe\u00f1ado un papel fundamental en la transformaci\u00f3n de ciudades de Oriente Medio, especialmente en Dub\u00e1i, donde se ha convertido en un importante promotor inmobiliario. Su cartera incluye m\u00e1s de 75 torres, de las cuales unas 20 son...","protected":false},"author":1,"featured_media":0,"parent":4382,"menu_order":0,"comment_status":"closed","ping_status":"closed","template":"advanced_search_results.php","meta":{"inline_featured_image":false,"_glsr_average":0,"_glsr_ranking":0,"_glsr_reviews":0,"footnotes":""},"class_list":["post-4384","page","type-page","status-publish","hentry"],"yoast_head":"<!-- This site is optimized with the Yoast SEO Premium plugin v25.1 (Yoast SEO v25.6) - https:\/\/yoast.com\/wordpress\/plugins\/seo\/ -->\n<title>Damac Group, Developer in Dubai, UAE - Alira<\/title>\n<meta name=\"description\" content=\"Damac properties - Leading real estate developer in Dubai. All about the company and its projects. \u2b50 Prices, descriptions, photos. \u27a4 Read more on the site\" \/>\n<meta name=\"robots\" content=\"index, follow, max-snippet:-1, max-image-preview:large, max-video-preview:-1\" \/>\n<link rel=\"canonical\" href=\"https:\/\/alirarealestate.com\/es\/developers\/damac\/\" \/>\n<meta property=\"og:locale\" content=\"es_ES\" \/>\n<meta property=\"og:type\" content=\"article\" \/>\n<meta property=\"og:title\" content=\"Damac Group\" \/>\n<meta property=\"og:description\" content=\"Damac properties - Leading real estate developer in Dubai. All about the company and its projects. \u2b50 Prices, descriptions, photos. \u27a4 Read more on the site\" \/>\n<meta property=\"og:url\" content=\"https:\/\/alirarealestate.com\/es\/developers\/damac\/\" \/>\n<meta property=\"og:site_name\" content=\"Alira Real Estate - Real estate in the UAE\" \/>\n<meta property=\"article:modified_time\" content=\"2024-10-27T16:13:39+00:00\" \/>\n<meta name=\"twitter:card\" content=\"summary_large_image\" \/>\n<meta name=\"twitter:label1\" content=\"Tiempo de lectura\" \/>\n\t<meta name=\"twitter:data1\" content=\"4 minutos\" \/>\n<script type=\"application\/ld+json\" class=\"yoast-schema-graph\">{\"@context\":\"https:\/\/schema.org\",\"@graph\":[{\"@type\":\"WebPage\",\"@id\":\"https:\/\/alirarealestate.com\/es\/developers\/damac\/\",\"url\":\"https:\/\/alirarealestate.com\/es\/developers\/damac\/\",\"name\":\"Damac Group, Developer in Dubai, UAE - Alira\",\"isPartOf\":{\"@id\":\"https:\/\/alirarealestate.com\/es\/#website\"},\"datePublished\":\"2024-04-18T07:17:40+00:00\",\"dateModified\":\"2024-10-27T16:13:39+00:00\",\"description\":\"Damac properties - Leading real estate developer in Dubai. All about the company and its projects. \u2b50 Prices, descriptions, photos. \u27a4 Read more on the site\",\"breadcrumb\":{\"@id\":\"https:\/\/alirarealestate.com\/es\/developers\/damac\/#breadcrumb\"},\"inLanguage\":\"es\",\"potentialAction\":[{\"@type\":\"ReadAction\",\"target\":[\"https:\/\/alirarealestate.com\/es\/developers\/damac\/\"]}]},{\"@type\":\"BreadcrumbList\",\"@id\":\"https:\/\/alirarealestate.com\/es\/developers\/damac\/#breadcrumb\",\"itemListElement\":[{\"@type\":\"ListItem\",\"position\":1,\"name\":\"Home\",\"item\":\"https:\/\/alirarealestate.com\/\"},{\"@type\":\"ListItem\",\"position\":2,\"name\":\"Developers\",\"item\":\"https:\/\/alirarealestate.com\/developers\/\"},{\"@type\":\"ListItem\",\"position\":3,\"name\":\"Damac Group\"}]},{\"@type\":\"WebSite\",\"@id\":\"https:\/\/alirarealestate.com\/es\/#website\",\"url\":\"https:\/\/alirarealestate.com\/es\/\",\"name\":\"Alira Real Estate - Real estate in the UAE\",\"description\":\"\",\"potentialAction\":[{\"@type\":\"SearchAction\",\"target\":{\"@type\":\"EntryPoint\",\"urlTemplate\":\"https:\/\/alirarealestate.com\/es\/?s={search_term_string}\"},\"query-input\":{\"@type\":\"PropertyValueSpecification\",\"valueRequired\":true,\"valueName\":\"search_term_string\"}}],\"inLanguage\":\"es\"}]}<\/script>\n<!-- \/ Yoast SEO Premium plugin. -->","yoast_head_json":{"title":"Damac Group, Developer in Dubai, UAE - Alira","description":"Damac properties - Leading real estate developer in Dubai. All about the company and its projects. \u2b50 Prices, descriptions, photos. \u27a4 Read more on the site","robots":{"index":"index","follow":"follow","max-snippet":"max-snippet:-1","max-image-preview":"max-image-preview:large","max-video-preview":"max-video-preview:-1"},"canonical":"https:\/\/alirarealestate.com\/es\/developers\/damac\/","og_locale":"es_ES","og_type":"article","og_title":"Damac Group","og_description":"Damac properties - Leading real estate developer in Dubai. All about the company and its projects. \u2b50 Prices, descriptions, photos. \u27a4 Read more on the site","og_url":"https:\/\/alirarealestate.com\/es\/developers\/damac\/","og_site_name":"Alira Real Estate - Real estate in the UAE","article_modified_time":"2024-10-27T16:13:39+00:00","twitter_card":"summary_large_image","twitter_misc":{"Tiempo de lectura":"4 minutos"},"schema":{"@context":"https:\/\/schema.org","@graph":[{"@type":"WebPage","@id":"https:\/\/alirarealestate.com\/es\/developers\/damac\/","url":"https:\/\/alirarealestate.com\/es\/developers\/damac\/","name":"Damac Group, Developer in Dubai, UAE - Alira","isPartOf":{"@id":"https:\/\/alirarealestate.com\/es\/#website"},"datePublished":"2024-04-18T07:17:40+00:00","dateModified":"2024-10-27T16:13:39+00:00","description":"Damac properties - Leading real estate developer in Dubai. All about the company and its projects. \u2b50 Prices, descriptions, photos. \u27a4 Read more on the site","breadcrumb":{"@id":"https:\/\/alirarealestate.com\/es\/developers\/damac\/#breadcrumb"},"inLanguage":"es","potentialAction":[{"@type":"ReadAction","target":["https:\/\/alirarealestate.com\/es\/developers\/damac\/"]}]},{"@type":"BreadcrumbList","@id":"https:\/\/alirarealestate.com\/es\/developers\/damac\/#breadcrumb","itemListElement":[{"@type":"ListItem","position":1,"name":"Home","item":"https:\/\/alirarealestate.com\/"},{"@type":"ListItem","position":2,"name":"Developers","item":"https:\/\/alirarealestate.com\/developers\/"},{"@type":"ListItem","position":3,"name":"Damac Group"}]},{"@type":"WebSite","@id":"https:\/\/alirarealestate.com\/es\/#website","url":"https:\/\/alirarealestate.com\/es\/","name":"Alira Real Estate - Real estate in the UAE","description":"","potentialAction":[{"@type":"SearchAction","target":{"@type":"EntryPoint","urlTemplate":"https:\/\/alirarealestate.com\/es\/?s={search_term_string}"},"query-input":{"@type":"PropertyValueSpecification","valueRequired":true,"valueName":"search_term_string"}}],"inLanguage":"es"}]}},"_links":{"self":[{"href":"https:\/\/alirarealestate.com\/es\/wp-json\/wp\/v2\/pages\/4384"}],"collection":[{"href":"https:\/\/alirarealestate.com\/es\/wp-json\/wp\/v2\/pages"}],"about":[{"href":"https:\/\/alirarealestate.com\/es\/wp-json\/wp\/v2\/types\/page"}],"author":[{"embeddable":true,"href":"https:\/\/alirarealestate.com\/es\/wp-json\/wp\/v2\/users\/1"}],"replies":[{"embeddable":true,"href":"https:\/\/alirarealestate.com\/es\/wp-json\/wp\/v2\/comments?post=4384"}],"version-history":[{"count":3,"href":"https:\/\/alirarealestate.com\/es\/wp-json\/wp\/v2\/pages\/4384\/revisions"}],"predecessor-version":[{"id":5988,"href":"https:\/\/alirarealestate.com\/es\/wp-json\/wp\/v2\/pages\/4384\/revisions\/5988"}],"up":[{"embeddable":true,"href":"https:\/\/alirarealestate.com\/es\/wp-json\/wp\/v2\/pages\/4382"}],"wp:attachment":[{"href":"https:\/\/alirarealestate.com\/es\/wp-json\/wp\/v2\/media?parent=4384"}],"curies":[{"name":"wp","href":"https:\/\/api.w.org\/{rel}","templated":true}]}}