{"id":4383,"date":"2024-04-18T10:17:40","date_gmt":"2024-04-18T07:17:40","guid":{"rendered":"https:\/\/alirarealestate.com\/developers\/emaar-properties\/"},"modified":"2024-10-27T19:14:57","modified_gmt":"2024-10-27T16:14:57","slug":"emaar-properties","status":"publish","type":"page","link":"https:\/\/alirarealestate.com\/es\/developers\/emaar-properties\/","title":{"rendered":"Propiedades del desarrollador EMAAR"},"content":{"rendered":"<section class=\"wpb-content-wrapper\"><div class=\"vc_row wpb_row vc_row-fluid vc_row\"><div class=\"wpb_column vc_column_container vc_col-sm-12 vc_column\"><div class=\"vc_column-inner\"><div class=\"wpb_wrapper\">\n\t<div  class=\"wpb_single_image wpb_content_element vc_align_center  vc_single_image\">\n\t\t\n\t\t<figure class=\"wpb_wrapper vc_figure\">\n\t\t\t<div class=\"vc_single_image-wrapper   vc_box_border_grey\"><img fetchpriority=\"high\" decoding=\"async\" width=\"1027\" height=\"411\" src=\"https:\/\/alirarealestate.com\/wp-content\/uploads\/2024\/05\/emaar.png\" class=\"vc_single_image-img attachment-full\" alt=\"\" title=\"Emaar\" srcset=\"https:\/\/alirarealestate.com\/wp-content\/uploads\/2024\/05\/emaar.png 1027w, https:\/\/alirarealestate.com\/wp-content\/uploads\/2024\/05\/emaar-300x120.png 300w, https:\/\/alirarealestate.com\/wp-content\/uploads\/2024\/05\/emaar-1024x410.png 1024w, https:\/\/alirarealestate.com\/wp-content\/uploads\/2024\/05\/emaar-768x307.png 768w, https:\/\/alirarealestate.com\/wp-content\/uploads\/2024\/05\/emaar-18x7.png 18w\" sizes=\"(max-width: 1027px) 100vw, 1027px\" \/><\/div>\n\t\t<\/figure>\n\t<\/div>\n<\/div><\/div><\/div><\/div><div class=\"vc_row wpb_row vc_row-fluid vc_row\"><div class=\"wpb_column vc_column_container vc_col-sm-12 vc_column\"><div class=\"vc_column-inner\"><div class=\"wpb_wrapper\">\n\t<div class=\"wpb_text_column wpb_content_element  vc_column_text\" >\n\t\t<div class=\"wpb_wrapper\">\n\t\t\t<p><span style=\"font-weight: 400;\">Emaar es un promotor con nombre y reputaci\u00f3n impecable en el mercado inmobiliario de los Emiratos \u00c1rabes Unidos. La empresa construye edificios residenciales, hoteles y centros de negocios que combinan tecnolog\u00edas modernas y un dise\u00f1o \u00fanico y bien pensado. Emaar Properties incluye 60 empresas subsidiarias que poseen proyectos de construcci\u00f3n en diferentes pa\u00edses del mundo. El desarrollador desarrolla activamente sus actividades en Am\u00e9rica del Norte, Asia Central, pa\u00edses africanos y Oriente Medio. Al implementar el concepto de compromiso con la alta calidad, la empresa establece nuevos est\u00e1ndares de vida y presenta bienes ra\u00edces de clase mundial.<\/span><\/p>\n<p>&nbsp;<\/p>\n<h2><b>Actividades de la empresa<\/b><\/h2>\n<p><span style=\"font-weight: 400;\">El promotor Emaar opera en los Emiratos desde 1997. Mientras mantiene su negocio principal en el sector inmobiliario, diversifica sus activos financieros y entra en nuevos mercados. Hoy en d\u00eda, las principales \u00e1reas de actividad son:<\/span><\/p>\n<p>&nbsp;<\/p>\n<ul>\n<li style=\"font-weight: 400;\" aria-level=\"1\"><span style=\"font-weight: 400;\">Desarrollo. La empresa se especializa en la implementaci\u00f3n de proyectos a gran escala en los Emiratos \u00c1rabes Unidos y m\u00e1s all\u00e1 de los Emiratos. La cartera incluye rascacielos, complejos tur\u00edsticos de playa, grandes complejos residenciales con su infraestructura y un sector de servicios desarrollado.<\/span><\/li>\n<li style=\"font-weight: 400;\" aria-level=\"1\"><span style=\"font-weight: 400;\">Sector hotelero y de entretenimiento. El holding incluye Emaar Hospitality Group, que posee varias marcas de hoteles. Est\u00e1 presente en el mercado hotelero de \u00e9lite y nicho, ofreciendo a sus clientes una amplia gama de servicios y entretenimiento exclusivo.<\/span><\/li>\n<li style=\"font-weight: 400;\" aria-level=\"1\"><span style=\"font-weight: 400;\">Inversiones y negocios. La actividad inversora del holding est\u00e1 gestionada por la empresa Emaar Industries &amp; Investments, que se ocupa de inversiones de capital rentables en el sector inmobiliario, la industria transformadora, la construcci\u00f3n y la producci\u00f3n de materiales de construcci\u00f3n. Otras filiales de Emaar Properties incluyen la sociedad an\u00f3nima EMRILL, Emaar India y Emaar Turqu\u00eda.<\/span><\/li>\n<li style=\"font-weight: 400;\" aria-level=\"1\"><span style=\"font-weight: 400;\">Cuidado de la salud. La empresa Emaar Healthcare act\u00faa en esta direcci\u00f3n, proporcionando servicios de higiene laboral a organizaciones de apoyo. Los especialistas realizan audiometr\u00edas, eval\u00faan la idoneidad del personal para el trabajo y controlan la salud de los empleados en las empresas.<\/span><\/li>\n<\/ul>\n\n\t\t<\/div>\n\t<\/div>\n<\/div><\/div><\/div><\/div><div class=\"vc_row wpb_row vc_row-fluid vc_row\"><div class=\"wpb_column vc_column_container vc_col-sm-12 vc_column\"><div class=\"vc_column-inner\"><div class=\"wpb_wrapper\">\n\t<div class=\"wpb_text_column wpb_content_element  vc_column_text\" >\n\t\t<div class=\"wpb_wrapper\">\n\t\t\t<h2><b>Objetos inmobiliarios del promotor en los Emiratos \u00c1rabes Unidos<\/b><\/h2>\n<p><span style=\"font-weight: 400;\">En Dub\u00e1i, la promotora Emaar Properties posee m\u00e1s de 14.000 edificios en distintas fases de construcci\u00f3n. Los proyectos m\u00e1s famosos incluyen:<\/span><\/p>\n<p>&nbsp;<\/p>\n<ul>\n<li style=\"font-weight: 400;\" aria-level=\"1\"><span style=\"font-weight: 400;\"><a href=\"https:\/\/alirarealestate.com\/es\/catalog\/buy\/dubai\/burj-khalifa\/\">Burj Khalifa<\/a>. El rascacielos m\u00e1s alto del mundo, construido en 2010 en Dubai en el bulevar Sheikh Mohammed bin Rashid. El edificio de 828 metros tiene forma de estalagmita y consta de 163 plantas. En su interior se encuentran apartamentos, oficinas, restaurantes, centros comerciales y el lujoso hotel Armani. En el piso 148 hay una plataforma de observaci\u00f3n que permite disfrutar de las vistas panor\u00e1micas de Dubai desde una altura de 555 metros.<\/span><\/li>\n<li style=\"font-weight: 400;\" aria-level=\"1\"><span style=\"font-weight: 400;\">Torre de la cala de Dub\u00e1i. Un edificio en construcci\u00f3n que superar\u00e1 en 100 metros de altura al Burj Khalifa. Su objetivo principal ser\u00e1 servir como decoraci\u00f3n arquitect\u00f3nica y visual de Dubai. En t\u00e9rminos de arquitectura, el edificio es una estructura elegante y aerodin\u00e1mica que consta de puntales de acero unidos a columnas de hormig\u00f3n armado. Est\u00e1 previsto que la torre tenga apartamentos, tiendas, miradores y, en el territorio adyacente, un paseo mar\u00edtimo, un club n\u00e1utico y m\u00e1s de 20 hoteles.<\/span><\/li>\n<li style=\"font-weight: 400;\" aria-level=\"1\"><span style=\"font-weight: 400;\">Centro comercial Dubai. Es uno de los complejos comerciales y de entretenimiento m\u00e1s grandes del mundo. Ubicado en el centro de Dubai y tiene una superficie total de 1,2 millones de metros cuadrados. Durante la construcci\u00f3n del centro comercial, Emaar utiliz\u00f3 un estilo arquitect\u00f3nico de alta tecnolog\u00eda. Las paredes del centro comercial albergan 1200 tiendas, centros de entretenimiento, restaurantes y un cine con 22 pantallas.<\/span><\/li>\n<li style=\"font-weight: 400;\" aria-level=\"1\"><span style=\"font-weight: 400;\">El Oasis. Un prestigioso complejo residencial en Dubai que consta de lujosas mansiones y villas. Incluye 7.000 apartamentos repartidos en una superficie de 9 millones de m\u00b2. M\u00e1s de 25% del \u00e1rea est\u00e1n ocupadas por espacios abiertos e instalaciones de infraestructura, incluidas piscinas, tiendas, playas y paseos.<\/span><\/li>\n<li style=\"font-weight: 400;\" aria-level=\"1\"><span style=\"font-weight: 400;\"><a href=\"https:\/\/alirarealestate.com\/es\/catalog\/buy\/dubai\/downtown\/\">Centro de Dub\u00e1i<\/a>. Un megacomplejo emblem\u00e1tico de m\u00e1s de 2 km\u00b2 en el centro de Dub\u00e1i. La zona cuenta con hoteles de primer nivel, el mercado Souk Al Bahar con cientos de tiendas y restaurantes, y los lugares emblem\u00e1ticos de Dub\u00e1i, el Burj Khalifa y las Fuentes de Dub\u00e1i.<\/span><\/li>\n<li style=\"font-weight: 400;\" aria-level=\"1\"><span style=\"font-weight: 400;\"><a href=\"https:\/\/alirarealestate.com\/es\/catalog\/buy\/dubai\/dubai-marina\/\">Puerto deportivo de Dub\u00e1i<\/a>. Un distrito costero \u00fanico en el Golfo P\u00e9rsico, un prestigioso objeto inmobiliario en Dubai. El \u00e1rea de desarrollo cubre 464.000 m\u00b2. El puerto deportivo se extiende a lo largo de un canal de 3,5 km e incluye puertos deportivos, un gran paseo mar\u00edtimo y los centros comerciales Marina Plaza y Dubai Marina Mall.<\/span><\/li>\n<li style=\"font-weight: 400;\" aria-level=\"1\"><span style=\"font-weight: 400;\"><a href=\"https:\/\/alirarealestate.com\/es\/catalog\/buy\/dubai\/dubai-hills\/\">Finca de colinas de Dub\u00e1i<\/a>. Un lujoso complejo residencial con villas y apartamentos para amantes de la naturaleza. Es un desarrollo multifuncional con pintorescos parques, escuelas y edificios residenciales que cubren un \u00e1rea de aproximadamente 1.000 hect\u00e1reas. Lo m\u00e1s destacado del proyecto es un campo de golf profesional de 18 hoyos.<\/span><\/li>\n<li style=\"font-weight: 400;\" aria-level=\"1\"><span style=\"font-weight: 400;\">Puerto de Dubai Creek. Un proyecto multifuncional a orillas del Dubai Creek, cuyo objetivo es crear un nuevo centro urbano para Dubai con una infraestructura desarrollada. La superficie de m\u00e1s de 6 km\u00b2 alberga apartamentos residenciales, edificios comerciales y magn\u00edficas zonas verdes.<\/span><\/li>\n<li style=\"font-weight: 400;\" aria-level=\"1\"><span style=\"font-weight: 400;\">Ranchos \u00e1rabes III. Un sorprendente complejo de villas dise\u00f1ado para los entusiastas de la vida lujosa. Es un proyecto original inspirado en el desierto \u00e1rabe. El \u00e1rea cuenta con dos lagos, dos canchas de polo, 15 canchas de tenis y un campo de golf de 18 hoyos.<\/span><\/li>\n<li style=\"font-weight: 400;\" aria-level=\"1\"><span style=\"font-weight: 400;\">El valle. Un proyecto dise\u00f1ado como una ciudad completa, donde Emaar Properties como desarrollador ha proporcionado todo lo necesario para vivir c\u00f3modamente. Los propietarios tienen acceso a una playa privada, una villa deportiva y un complejo de ocio infantil con una superficie de m\u00e1s de 10.000 m\u00b2.<\/span><\/li>\n<li style=\"font-weight: 400;\" aria-level=\"1\"><span style=\"font-weight: 400;\">Emaar Sur. Una comunidad exclusiva creada seg\u00fan las \u00faltimas tendencias en \u00e1reas suburbanas modernas. Se compone de villas, casas adosadas y amplios apartamentos complementados con una infraestructura de primera clase. El \u00e1rea incluye 25 parques y un campo de golf de 18 hoyos.<\/span><\/li>\n<li style=\"font-weight: 400;\" aria-level=\"1\"><span style=\"font-weight: 400;\">Ranchos \u00e1rabes. Un magn\u00edfico proyecto residencial que ostenta el t\u00edtulo de la comunidad cerrada m\u00e1s ecol\u00f3gica de Dub\u00e1i. Los residentes tienen acceso a tres lagos, hermosos parques y \u00e1reas de barbacoa. La oferta inmobiliaria se compone principalmente de villas y casas adosadas.<\/span><\/li>\n<li style=\"font-weight: 400;\" aria-level=\"1\"><span style=\"font-weight: 400;\">Frente a la playa de Emaar. Se est\u00e1 construyendo un distrito de \u00e9lite en una peque\u00f1a isla artificial cerca del puerto deportivo de Dubai. Est\u00e1 previsto que la zona albergue 10.000 propiedades, incluidos apartamentos de marca, villas, casas adosadas y un club n\u00e1utico de primera clase. Las viviendas tendr\u00e1n acceso a playas de arena que abarcan aproximadamente 1,5 km de costa.<\/span><\/li>\n<\/ul>\n\n\t\t<\/div>\n\t<\/div>\n<\/div><\/div><\/div><\/div><div class=\"vc_row wpb_row vc_row-fluid vc_row\"><div class=\"wpb_column vc_column_container vc_col-sm-12 vc_column\"><div class=\"vc_column-inner\"><div class=\"wpb_wrapper\">\n\t<div class=\"wpb_text_column wpb_content_element  vc_column_text\" >\n\t\t<div class=\"wpb_wrapper\">\n\t\t\t<h2><b>Premios de la empresa<\/b><\/h2>\n<p><span style=\"font-weight: 400;\">Durante su funcionamiento, Emaar ha recibido m\u00e1s de 150 premios regionales e internacionales. Los primeros premios los recibi\u00f3 el promotor ya en 2006, cuando fue reconocido como el mejor promotor de los Emiratos \u00c1rabes Unidos y la mejor empresa del sector inmobiliario seg\u00fan los Arabian Business Awards.<\/span><\/p>\n<p><span style=\"font-weight: 400;\">En 2007, el holding fue incluido en el ranking FT Global 500 del Financial Times brit\u00e1nico, que se centra en las empresas m\u00e1s grandes del mundo. Un a\u00f1o despu\u00e9s, la empresa fue premiada por sus logros internacionales y en los a\u00f1os siguientes fue reconocida repetidamente como el mejor desarrollador de Oriente Medio.<\/span><\/p>\n<p>&nbsp;<\/p>\n<p><span style=\"font-weight: 400;\">Los proyectos de Emaar Properties han recibido numerosos premios. Por ejemplo, el famoso rascacielos Burj Khalifa es reconocido como el mejor edificio existente en t\u00e9rminos de mantenimiento y operaci\u00f3n.<\/span><\/p>\n<p>&nbsp;<\/p>\n<p><span style=\"font-weight: 400;\">En el sitio web de Alira Real Estate puede encontrar propiedades de la empresa constructora Emaar y comprar inmuebles residenciales o comerciales adecuados. Le ayudaremos a encontrar las opciones perfectas, le brindaremos soporte legal para la transacci\u00f3n y le ofreceremos un servicio postventa de calidad. Para consultar sobre compras, contacte con los responsables de nuestra agencia en <\/span><span style=\"font-weight: 400;\"><a href=\"tel: 971588337903\">+971 (588) 337 903<\/a><\/span><span style=\"font-weight: 400;\">, <\/span><span style=\"font-weight: 400;\"><a href=\"tel: 79869277377\">+7 (986) 927-73-77.<\/a><\/span><span style=\"font-weight: 400;\">, o correo electr\u00f3nico<\/span><span style=\"font-weight: 400;\"> <a class=\"mail\" href=\"mailto:info@alirarealestate.com\">info@alirarealestate.com<\/a><\/span><span style=\"font-weight: 400;\">.<\/span><\/p>\n\n\t\t<\/div>\n\t<\/div>\n<\/div><\/div><\/div><\/div>\n<\/section>","protected":false},"excerpt":{"rendered":"Emaar es una promotora inmobiliaria con un prestigio intachable en el mercado inmobiliario de los EAU. La empresa construye edificios residenciales, hoteles y centros de negocios que combinan tecnolog\u00edas modernas con un dise\u00f1o \u00fanico y cuidado. Emaar Properties cuenta con 60 filiales que gestionan proyectos de construcci\u00f3n en diferentes pa\u00edses del mundo. La promotora desarrolla activamente sus actividades en Norteam\u00e9rica, Asia Central, pa\u00edses africanos, etc.","protected":false},"author":1,"featured_media":0,"parent":4382,"menu_order":0,"comment_status":"closed","ping_status":"closed","template":"advanced_search_results.php","meta":{"inline_featured_image":false,"_glsr_average":0,"_glsr_ranking":0,"_glsr_reviews":0,"footnotes":""},"class_list":["post-4383","page","type-page","status-publish","hentry"],"yoast_head":"<!-- This site is optimized with the Yoast SEO Premium plugin v25.1 (Yoast SEO v25.6) - https:\/\/yoast.com\/wordpress\/plugins\/seo\/ -->\n<title>EMAAR Properties, Developer in Dubai, UAE - Alira<\/title>\n<meta name=\"description\" content=\"Information about the developer EMAAR Properties. \u2b50 The company&#039;s history and awards. \u2b50 Descriptions of properties. \u2b50 Photos and prices. \u27a4 Details on the website!\" \/>\n<meta name=\"robots\" content=\"index, follow, max-snippet:-1, max-image-preview:large, max-video-preview:-1\" \/>\n<link rel=\"canonical\" href=\"https:\/\/alirarealestate.com\/es\/developers\/emaar-properties\/\" \/>\n<meta property=\"og:locale\" content=\"es_ES\" \/>\n<meta property=\"og:type\" content=\"article\" \/>\n<meta property=\"og:title\" content=\"Developer EMAAR Properties\" \/>\n<meta property=\"og:description\" content=\"Information about the developer EMAAR Properties. \u2b50 The company&#039;s history and awards. \u2b50 Descriptions of properties. \u2b50 Photos and prices. \u27a4 Details on the website!\" \/>\n<meta property=\"og:url\" content=\"https:\/\/alirarealestate.com\/es\/developers\/emaar-properties\/\" \/>\n<meta property=\"og:site_name\" content=\"Alira Real Estate - Real estate in the UAE\" \/>\n<meta property=\"article:modified_time\" content=\"2024-10-27T16:14:57+00:00\" \/>\n<meta name=\"twitter:card\" content=\"summary_large_image\" \/>\n<meta name=\"twitter:label1\" content=\"Tiempo de lectura\" \/>\n\t<meta name=\"twitter:data1\" content=\"6 minutos\" \/>\n<script type=\"application\/ld+json\" class=\"yoast-schema-graph\">{\"@context\":\"https:\/\/schema.org\",\"@graph\":[{\"@type\":\"WebPage\",\"@id\":\"https:\/\/alirarealestate.com\/es\/developers\/emaar-properties\/\",\"url\":\"https:\/\/alirarealestate.com\/es\/developers\/emaar-properties\/\",\"name\":\"EMAAR Properties, Developer in Dubai, UAE - Alira\",\"isPartOf\":{\"@id\":\"https:\/\/alirarealestate.com\/es\/#website\"},\"datePublished\":\"2024-04-18T07:17:40+00:00\",\"dateModified\":\"2024-10-27T16:14:57+00:00\",\"description\":\"Information about the developer EMAAR Properties. \u2b50 The company's history and awards. \u2b50 Descriptions of properties. \u2b50 Photos and prices. \u27a4 Details on the website!\",\"breadcrumb\":{\"@id\":\"https:\/\/alirarealestate.com\/es\/developers\/emaar-properties\/#breadcrumb\"},\"inLanguage\":\"es\",\"potentialAction\":[{\"@type\":\"ReadAction\",\"target\":[\"https:\/\/alirarealestate.com\/es\/developers\/emaar-properties\/\"]}]},{\"@type\":\"BreadcrumbList\",\"@id\":\"https:\/\/alirarealestate.com\/es\/developers\/emaar-properties\/#breadcrumb\",\"itemListElement\":[{\"@type\":\"ListItem\",\"position\":1,\"name\":\"Home\",\"item\":\"https:\/\/alirarealestate.com\/\"},{\"@type\":\"ListItem\",\"position\":2,\"name\":\"Developers\",\"item\":\"https:\/\/alirarealestate.com\/developers\/\"},{\"@type\":\"ListItem\",\"position\":3,\"name\":\"Developer EMAAR Properties\"}]},{\"@type\":\"WebSite\",\"@id\":\"https:\/\/alirarealestate.com\/es\/#website\",\"url\":\"https:\/\/alirarealestate.com\/es\/\",\"name\":\"Alira Real Estate - Real estate in the UAE\",\"description\":\"\",\"potentialAction\":[{\"@type\":\"SearchAction\",\"target\":{\"@type\":\"EntryPoint\",\"urlTemplate\":\"https:\/\/alirarealestate.com\/es\/?s={search_term_string}\"},\"query-input\":{\"@type\":\"PropertyValueSpecification\",\"valueRequired\":true,\"valueName\":\"search_term_string\"}}],\"inLanguage\":\"es\"}]}<\/script>\n<!-- \/ Yoast SEO Premium plugin. -->","yoast_head_json":{"title":"EMAAR Properties, Developer in Dubai, UAE - Alira","description":"Information about the developer EMAAR Properties. \u2b50 The company's history and awards. \u2b50 Descriptions of properties. \u2b50 Photos and prices. \u27a4 Details on the website!","robots":{"index":"index","follow":"follow","max-snippet":"max-snippet:-1","max-image-preview":"max-image-preview:large","max-video-preview":"max-video-preview:-1"},"canonical":"https:\/\/alirarealestate.com\/es\/developers\/emaar-properties\/","og_locale":"es_ES","og_type":"article","og_title":"Developer EMAAR Properties","og_description":"Information about the developer EMAAR Properties. \u2b50 The company's history and awards. \u2b50 Descriptions of properties. \u2b50 Photos and prices. \u27a4 Details on the website!","og_url":"https:\/\/alirarealestate.com\/es\/developers\/emaar-properties\/","og_site_name":"Alira Real Estate - Real estate in the UAE","article_modified_time":"2024-10-27T16:14:57+00:00","twitter_card":"summary_large_image","twitter_misc":{"Tiempo de lectura":"6 minutos"},"schema":{"@context":"https:\/\/schema.org","@graph":[{"@type":"WebPage","@id":"https:\/\/alirarealestate.com\/es\/developers\/emaar-properties\/","url":"https:\/\/alirarealestate.com\/es\/developers\/emaar-properties\/","name":"EMAAR Properties, Developer in Dubai, UAE - Alira","isPartOf":{"@id":"https:\/\/alirarealestate.com\/es\/#website"},"datePublished":"2024-04-18T07:17:40+00:00","dateModified":"2024-10-27T16:14:57+00:00","description":"Information about the developer EMAAR Properties. \u2b50 The company's history and awards. \u2b50 Descriptions of properties. \u2b50 Photos and prices. \u27a4 Details on the website!","breadcrumb":{"@id":"https:\/\/alirarealestate.com\/es\/developers\/emaar-properties\/#breadcrumb"},"inLanguage":"es","potentialAction":[{"@type":"ReadAction","target":["https:\/\/alirarealestate.com\/es\/developers\/emaar-properties\/"]}]},{"@type":"BreadcrumbList","@id":"https:\/\/alirarealestate.com\/es\/developers\/emaar-properties\/#breadcrumb","itemListElement":[{"@type":"ListItem","position":1,"name":"Home","item":"https:\/\/alirarealestate.com\/"},{"@type":"ListItem","position":2,"name":"Developers","item":"https:\/\/alirarealestate.com\/developers\/"},{"@type":"ListItem","position":3,"name":"Developer EMAAR Properties"}]},{"@type":"WebSite","@id":"https:\/\/alirarealestate.com\/es\/#website","url":"https:\/\/alirarealestate.com\/es\/","name":"Alira Real Estate - Real estate in the UAE","description":"","potentialAction":[{"@type":"SearchAction","target":{"@type":"EntryPoint","urlTemplate":"https:\/\/alirarealestate.com\/es\/?s={search_term_string}"},"query-input":{"@type":"PropertyValueSpecification","valueRequired":true,"valueName":"search_term_string"}}],"inLanguage":"es"}]}},"_links":{"self":[{"href":"https:\/\/alirarealestate.com\/es\/wp-json\/wp\/v2\/pages\/4383"}],"collection":[{"href":"https:\/\/alirarealestate.com\/es\/wp-json\/wp\/v2\/pages"}],"about":[{"href":"https:\/\/alirarealestate.com\/es\/wp-json\/wp\/v2\/types\/page"}],"author":[{"embeddable":true,"href":"https:\/\/alirarealestate.com\/es\/wp-json\/wp\/v2\/users\/1"}],"replies":[{"embeddable":true,"href":"https:\/\/alirarealestate.com\/es\/wp-json\/wp\/v2\/comments?post=4383"}],"version-history":[{"count":2,"href":"https:\/\/alirarealestate.com\/es\/wp-json\/wp\/v2\/pages\/4383\/revisions"}],"predecessor-version":[{"id":5945,"href":"https:\/\/alirarealestate.com\/es\/wp-json\/wp\/v2\/pages\/4383\/revisions\/5945"}],"up":[{"embeddable":true,"href":"https:\/\/alirarealestate.com\/es\/wp-json\/wp\/v2\/pages\/4382"}],"wp:attachment":[{"href":"https:\/\/alirarealestate.com\/es\/wp-json\/wp\/v2\/media?parent=4383"}],"curies":[{"name":"wp","href":"https:\/\/api.w.org\/{rel}","templated":true}]}}