{"id":4382,"date":"2024-04-18T10:17:40","date_gmt":"2024-04-18T07:17:40","guid":{"rendered":"https:\/\/alirarealestate.com\/developers\/"},"modified":"2024-10-27T19:11:14","modified_gmt":"2024-10-27T16:11:14","slug":"developers","status":"publish","type":"page","link":"https:\/\/alirarealestate.com\/es\/developers\/","title":{"rendered":"Desarrolladores"},"content":{"rendered":"<section class=\"wpb-content-wrapper\"><div class=\"vc_row wpb_row vc_row-fluid vc_row\"><div class=\"wpb_column vc_column_container vc_col-sm-12 vc_column\"><div class=\"vc_column-inner\"><div class=\"wpb_wrapper\">\n\t<div class=\"wpb_text_column wpb_content_element  vc_column_text\" >\n\t\t<div class=\"wpb_wrapper\">\n\t\t\t<p style=\"text-align: left;\"><span style=\"font-weight: 400;\">Los bienes ra\u00edces en Dubai son de particular inter\u00e9s para inversores de varios pa\u00edses del mundo. Hace unos a\u00f1os, las propiedades premium ten\u00edan una gran demanda, pero ahora la atenci\u00f3n se ha desplazado hacia las viviendas de gama media. No s\u00f3lo los grandes inversores, sino tambi\u00e9n aquellos que planean vivir y trabajar en una de las ciudades m\u00e1s lujosas de los EAU prefieren invertir en este tipo de propiedades. Debido a la demanda estable, los desarrolladores atraen r\u00e1pidamente capital extranjero para nuevos proyectos. Actualmente, ha aumentado el n\u00famero de empresas acreditadas con posiciones financieras estables. Actualmente hay 25 promotores m\u00e1s operando en Dubai que el a\u00f1o pasado.<\/span><\/p>\n<p>&nbsp;<\/p>\n<h2 style=\"text-align: left;\"><b>Desarrolladores l\u00edderes en los EAU<\/b><\/h2>\n<p>&nbsp;<\/p>\n<p style=\"text-align: left;\"><span style=\"font-weight: 400;\">Emaar Properties ocupa una posici\u00f3n de liderazgo en el sector de la construcci\u00f3n. Ha estado en funcionamiento durante m\u00e1s de 30 a\u00f1os y ha desarrollado propiedades que se consideran hitos de Dubai. Entre los m\u00e1s famosos se encuentran el Fountain Park, el Dubai Mall y el Burj Khalifa.<\/span><\/p>\n<p>&nbsp;<\/p>\n<p style=\"text-align: left;\"><span style=\"font-weight: 400;\">Otro desarrollador digno de menci\u00f3n es DAMAC Properties, conocido por sus complejos residenciales en las \u00e1reas de Business Bay y DAMAC Hills. Actualmente, la empresa posee grandes extensiones de terreno y est\u00e1 construyendo nuevas propiedades, incluidas aquellas dise\u00f1adas para familias que viven lejos del bullicio.<\/span><\/p>\n<p>&nbsp;<\/p>\n<p style=\"text-align: left;\"><span style=\"font-weight: 400;\">Los inversores tambi\u00e9n conocen bien a Meraas, la primera empresa que recibi\u00f3 permiso para vender bienes inmuebles a extranjeros en la costa de Jumeirah, algo que anteriormente estaba prohibido por ley.<\/span><\/p>\n<p>&nbsp;<\/p>\n<p style=\"text-align: left;\"><span style=\"font-weight: 400;\">Al comprar una propiedad, Alira Real Estate recomienda considerar desarrolladores como el desarrollador boutique Ellington, Dubai Properties y Nakheel, conocidos por su confiabilidad, elegancia arquitect\u00f3nica y precios \u00f3ptimos.<\/span><\/p>\n<p>&nbsp;<\/p>\n<h2 style=\"text-align: left;\"><b>Elegir un desarrollador<\/b><\/h2>\n<p>&nbsp;<\/p>\n<p style=\"text-align: left;\"><span style=\"font-weight: 400;\">La lista de promotores de los Emiratos \u00c1rabes Unidos incluye 25 empresas con el mayor volumen de activos. Se distinguen por su impecable reputaci\u00f3n y fiabilidad. Para elegir una empresa es necesario analizar varios factores, como el historial de proyectos completados, la cantidad de proyectos en ejecuci\u00f3n, la cantidad de propietarios y la distribuci\u00f3n de acciones entre ellos. Alira Real Estate puede brindar una gran ayuda en la selecci\u00f3n de una propiedad, ofreciendo informaci\u00f3n actualizada y asesoramiento sobre qu\u00e9 desarrolladores de los EAU tienen propiedades disponibles para la venta.<\/span><\/p>\n<p>&nbsp;<\/p>\n<h2 style=\"text-align: left;\"><b>Colaboraci\u00f3n con Alira Real Estate<\/b><\/h2>\n<p>&nbsp;<\/p>\n<p style=\"text-align: left;\"><span style=\"font-weight: 400;\">Invertir en <\/span><a href=\"https:\/\/alirarealestate.com\/es\/catalog\/buy\/\"><span style=\"font-weight: 400;\">bienes ra\u00edces en los Emiratos \u00c1rabes Unidos <\/span><\/a><span style=\"font-weight: 400;\">es una de las v\u00edas m\u00e1s prometedoras. Muchos extranjeros vienen a Dubai en busca de las mejores opciones de vivienda o para asegurarse unos ingresos estables. Para tomar la decisi\u00f3n correcta, investigue qu\u00e9 desarrolladores populares de los EAU han completado proyectos y tienen apartamentos, pisos y estudios listos para la venta. Los especialistas de Alira Real Estate pueden ayudarle con esto. Con un trato personalizado, cada cliente puede encontrar r\u00e1pidamente la opci\u00f3n m\u00e1s adecuada. Si necesita una consulta de expertos, cont\u00e1ctenos en <a href=\"tel: 971588337\">+971 (588) 337<\/a> o <a href=\"tel: 79869277377\">+7 (986) 927-73-77.<\/a>, o env\u00edenos un correo electr\u00f3nico a <a class=\"mail\" href=\"mailto:info@alirarealestate.com\">info@alirarealestate.com<\/a>.<\/span><\/p>\n\n\t\t<\/div>\n\t<\/div>\n<\/div><\/div><\/div><\/div>\n<\/section>","protected":false},"excerpt":{"rendered":"El sector inmobiliario de Dub\u00e1i despierta especial inter\u00e9s entre inversores de diversos pa\u00edses. Hace unos a\u00f1os, las propiedades premium ten\u00edan una gran demanda, pero ahora la atenci\u00f3n se ha desplazado hacia las viviendas de gama media. No solo los grandes inversores, sino tambi\u00e9n quienes planean vivir y trabajar en una de las ciudades m\u00e1s lujosas de los EAU, prefieren invertir en este tipo de propiedades. Debido a la estabilidad de la demanda,...","protected":false},"author":1,"featured_media":0,"parent":0,"menu_order":0,"comment_status":"closed","ping_status":"closed","template":"advanced_search_results.php","meta":{"inline_featured_image":false,"_glsr_average":0,"_glsr_ranking":0,"_glsr_reviews":0,"footnotes":""},"class_list":["post-4382","page","type-page","status-publish","hentry"],"yoast_head":"<!-- This site is optimized with the Yoast SEO Premium plugin v25.1 (Yoast SEO v25.6) - https:\/\/yoast.com\/wordpress\/plugins\/seo\/ -->\n<title>Developers - Alira Real Estate - Real estate in the UAE<\/title>\n<meta name=\"robots\" content=\"index, follow, max-snippet:-1, max-image-preview:large, max-video-preview:-1\" \/>\n<link rel=\"canonical\" href=\"https:\/\/alirarealestate.com\/es\/developers\/\" \/>\n<meta property=\"og:locale\" content=\"es_ES\" \/>\n<meta property=\"og:type\" content=\"article\" \/>\n<meta property=\"og:title\" content=\"Developers\" \/>\n<meta property=\"og:url\" content=\"https:\/\/alirarealestate.com\/es\/developers\/\" \/>\n<meta property=\"og:site_name\" content=\"Alira Real Estate - Real estate in the UAE\" \/>\n<meta property=\"article:modified_time\" content=\"2024-10-27T16:11:14+00:00\" \/>\n<meta name=\"twitter:card\" content=\"summary_large_image\" \/>\n<meta name=\"twitter:label1\" content=\"Tiempo de lectura\" \/>\n\t<meta name=\"twitter:data1\" content=\"2 minutos\" \/>\n<script type=\"application\/ld+json\" class=\"yoast-schema-graph\">{\"@context\":\"https:\/\/schema.org\",\"@graph\":[{\"@type\":\"WebPage\",\"@id\":\"https:\/\/alirarealestate.com\/es\/developers\/\",\"url\":\"https:\/\/alirarealestate.com\/es\/developers\/\",\"name\":\"Developers - Alira Real Estate - Real estate in the UAE\",\"isPartOf\":{\"@id\":\"https:\/\/alirarealestate.com\/es\/#website\"},\"datePublished\":\"2024-04-18T07:17:40+00:00\",\"dateModified\":\"2024-10-27T16:11:14+00:00\",\"breadcrumb\":{\"@id\":\"https:\/\/alirarealestate.com\/es\/developers\/#breadcrumb\"},\"inLanguage\":\"es\",\"potentialAction\":[{\"@type\":\"ReadAction\",\"target\":[\"https:\/\/alirarealestate.com\/es\/developers\/\"]}]},{\"@type\":\"BreadcrumbList\",\"@id\":\"https:\/\/alirarealestate.com\/es\/developers\/#breadcrumb\",\"itemListElement\":[{\"@type\":\"ListItem\",\"position\":1,\"name\":\"Home\",\"item\":\"https:\/\/alirarealestate.com\/\"},{\"@type\":\"ListItem\",\"position\":2,\"name\":\"Developers\"}]},{\"@type\":\"WebSite\",\"@id\":\"https:\/\/alirarealestate.com\/es\/#website\",\"url\":\"https:\/\/alirarealestate.com\/es\/\",\"name\":\"Alira Real Estate - Real estate in the UAE\",\"description\":\"\",\"potentialAction\":[{\"@type\":\"SearchAction\",\"target\":{\"@type\":\"EntryPoint\",\"urlTemplate\":\"https:\/\/alirarealestate.com\/es\/?s={search_term_string}\"},\"query-input\":{\"@type\":\"PropertyValueSpecification\",\"valueRequired\":true,\"valueName\":\"search_term_string\"}}],\"inLanguage\":\"es\"}]}<\/script>\n<!-- \/ Yoast SEO Premium plugin. -->","yoast_head_json":{"title":"Developers - Alira Real Estate - Real estate in the UAE","robots":{"index":"index","follow":"follow","max-snippet":"max-snippet:-1","max-image-preview":"max-image-preview:large","max-video-preview":"max-video-preview:-1"},"canonical":"https:\/\/alirarealestate.com\/es\/developers\/","og_locale":"es_ES","og_type":"article","og_title":"Developers","og_url":"https:\/\/alirarealestate.com\/es\/developers\/","og_site_name":"Alira Real Estate - Real estate in the UAE","article_modified_time":"2024-10-27T16:11:14+00:00","twitter_card":"summary_large_image","twitter_misc":{"Tiempo de lectura":"2 minutos"},"schema":{"@context":"https:\/\/schema.org","@graph":[{"@type":"WebPage","@id":"https:\/\/alirarealestate.com\/es\/developers\/","url":"https:\/\/alirarealestate.com\/es\/developers\/","name":"Developers - Alira Real Estate - Real estate in the UAE","isPartOf":{"@id":"https:\/\/alirarealestate.com\/es\/#website"},"datePublished":"2024-04-18T07:17:40+00:00","dateModified":"2024-10-27T16:11:14+00:00","breadcrumb":{"@id":"https:\/\/alirarealestate.com\/es\/developers\/#breadcrumb"},"inLanguage":"es","potentialAction":[{"@type":"ReadAction","target":["https:\/\/alirarealestate.com\/es\/developers\/"]}]},{"@type":"BreadcrumbList","@id":"https:\/\/alirarealestate.com\/es\/developers\/#breadcrumb","itemListElement":[{"@type":"ListItem","position":1,"name":"Home","item":"https:\/\/alirarealestate.com\/"},{"@type":"ListItem","position":2,"name":"Developers"}]},{"@type":"WebSite","@id":"https:\/\/alirarealestate.com\/es\/#website","url":"https:\/\/alirarealestate.com\/es\/","name":"Alira Real Estate - Real estate in the UAE","description":"","potentialAction":[{"@type":"SearchAction","target":{"@type":"EntryPoint","urlTemplate":"https:\/\/alirarealestate.com\/es\/?s={search_term_string}"},"query-input":{"@type":"PropertyValueSpecification","valueRequired":true,"valueName":"search_term_string"}}],"inLanguage":"es"}]}},"_links":{"self":[{"href":"https:\/\/alirarealestate.com\/es\/wp-json\/wp\/v2\/pages\/4382"}],"collection":[{"href":"https:\/\/alirarealestate.com\/es\/wp-json\/wp\/v2\/pages"}],"about":[{"href":"https:\/\/alirarealestate.com\/es\/wp-json\/wp\/v2\/types\/page"}],"author":[{"embeddable":true,"href":"https:\/\/alirarealestate.com\/es\/wp-json\/wp\/v2\/users\/1"}],"replies":[{"embeddable":true,"href":"https:\/\/alirarealestate.com\/es\/wp-json\/wp\/v2\/comments?post=4382"}],"version-history":[{"count":2,"href":"https:\/\/alirarealestate.com\/es\/wp-json\/wp\/v2\/pages\/4382\/revisions"}],"predecessor-version":[{"id":5942,"href":"https:\/\/alirarealestate.com\/es\/wp-json\/wp\/v2\/pages\/4382\/revisions\/5942"}],"wp:attachment":[{"href":"https:\/\/alirarealestate.com\/es\/wp-json\/wp\/v2\/media?parent=4382"}],"curies":[{"name":"wp","href":"https:\/\/api.w.org\/{rel}","templated":true}]}}