{"id":4371,"date":"2024-04-18T10:17:40","date_gmt":"2024-04-18T07:17:40","guid":{"rendered":"https:\/\/alirarealestate.com\/catalog\/buy\/dubai\/jumeirah-lake-towers\/"},"modified":"2024-10-27T18:17:09","modified_gmt":"2024-10-27T15:17:09","slug":"jumeirah-lake-towers","status":"publish","type":"page","link":"https:\/\/alirarealestate.com\/es\/catalog\/buy\/dubai\/jumeirah-lake-towers\/","title":{"rendered":"Propiedades en Venta en Jumeirah Lake Towers"},"content":{"rendered":"<section class=\"wpb-content-wrapper\"><div class=\"vc_row wpb_row vc_row-fluid vc_row\"><div class=\"wpb_column vc_column_container vc_col-sm-12 vc_column\"><div class=\"vc_column-inner\"><div class=\"wpb_wrapper\">\n\t<div class=\"wpb_text_column wpb_content_element  vc_column_text\" >\n\t\t<div class=\"wpb_wrapper\">\n\t\t\t<p style=\"text-align: left;\"><span style=\"font-weight: 400;\">Jumeirah Lake Towers es un distrito moderno de Dubai construido alrededor de tres lagos artificiales. Las pintorescas orillas del lago albergan 26 grupos, que comprenden 87 edificios de gran altura. La zona combina desarrollos residenciales y comerciales. Aquellos que deseen comprar una propiedad en Jumeirah Lake Towers, Dubai, pueden disfrutar de una infraestructura bien desarrollada y un pintoresco parque p\u00fablico que abarca aproximadamente 55.000 metros cuadrados, con instalaciones deportivas, pistas para correr y un cine al aire libre. El cat\u00e1logo de Alira ofrece una amplia selecci\u00f3n de propiedades en JLT. El personal de nuestra agencia lo ayudar\u00e1 a elegir las mejores opciones y le brindar\u00e1 apoyo calificado en todas las etapas de la transacci\u00f3n de compra\/venta.<\/span><\/p>\n<p>&nbsp;<\/p>\n<h2 style=\"text-align: left;\"><b>Ventajas de comprar una propiedad en Jumeirah Lake Towers<\/b><\/h2>\n<p>&nbsp;<\/p>\n<p style=\"text-align: left;\"><span style=\"font-weight: 400;\">Las casas y apartamentos en Jumeirah Lake Towers son propiedades prestigiosas ubicadas en un vecindario vibrante cerca del centro de Dubai. Las ventajas clave de comprar una propiedad residencial en esta \u00e1rea incluyen:<\/span><\/p>\n<p>&nbsp;<\/p>\n<ul style=\"text-align: left;\">\n<li style=\"font-weight: 400;\" aria-level=\"1\"><b>Excelente ubicaci\u00f3n:<\/b><span style=\"font-weight: 400;\"> El distrito se extiende a lo largo de una de las principales autopistas de Dub\u00e1i, Sheikh Zayed Road, lo que permite a los residentes un f\u00e1cil acceso a cualquier parte de la ciudad o al aeropuerto.<\/span><\/li>\n<li style=\"font-weight: 400;\" aria-level=\"1\"><b>Infraestructura bien desarrollada:<\/b><span style=\"font-weight: 400;\"> La comunidad alberga numerosos servicios sociales (tiendas, cl\u00ednicas, guarder\u00edas, etc.). Adem\u00e1s, los residentes pueden utilizar la infraestructura del cercano puerto deportivo de Dubai, que se encuentra a poca distancia.<\/span><\/li>\n<li style=\"font-weight: 400;\" aria-level=\"1\"><b>Ambiente saludable:<\/b><span style=\"font-weight: 400;\"> Los lagos y el gran parque purifican eficazmente el aire de los gases de escape, lo que hace del distrito un lugar excelente para familias con ni\u00f1os.<\/span><\/li>\n<li style=\"font-weight: 400;\" aria-level=\"1\"><b>Amplia Variedad de Propiedades:<\/b><span style=\"font-weight: 400;\"> Est\u00e1n disponibles para la venta amplios apartamentos y estudios compactos.<\/span><\/li>\n<li style=\"font-weight: 400;\" aria-level=\"1\"><b>Apelaci\u00f3n de inversi\u00f3n:<\/b><span style=\"font-weight: 400;\"> Debido a su proximidad a los distritos centrales de Dubai, JLT es popular entre los inversores. Se pueden obtener rendimientos rentables tanto con la reventa como con el alquiler de propiedades.<\/span><\/li>\n<li style=\"font-weight: 400;\" aria-level=\"1\"><b>Precios de vivienda asequibles:<\/b><span style=\"font-weight: 400;\"> El coste de compra y alquiler de propiedades en JLT es menor que en la vecina zona de Dubai Marina.<\/span><\/li>\n<\/ul>\n<h4><\/h4>\n<h2 style=\"text-align: left;\"><b>Infraestructura de la Zona<\/b><\/h2>\n<p>&nbsp;<\/p>\n<p style=\"text-align: left;\"><span style=\"font-weight: 400;\">Comprar una propiedad en Jumeirah Lake Towers significa instalarse en un distrito c\u00f3modo con una infraestructura bien desarrollada. La comunidad cuenta con varios supermercados, muchas tiendas de alimentaci\u00f3n y tiendas abiertas las 24 horas. Si es necesario, los residentes pueden visitar Dubai Marina Mall, uno de los centros comerciales m\u00e1s grandes de Dubai, ubicado a 15-20 minutos a pie.<\/span><\/p>\n<p>&nbsp;<\/p>\n<p style=\"text-align: left;\"><span style=\"font-weight: 400;\">Los servicios m\u00e9dicos son proporcionados por numerosas cl\u00ednicas y especialistas de diversos perfiles. El distrito cuenta con cl\u00ednicas dentales, centros m\u00e9dicos y consultorios m\u00e9dicos, como la Cl\u00ednica Aster y el Centro M\u00e9dico Armada. Los hospitales m\u00e1s grandes est\u00e1n a 15 minutos en coche.<\/span><\/p>\n<p>&nbsp;<\/p>\n<p style=\"text-align: left;\"><span style=\"font-weight: 400;\">El sector educativo incluye 10 jardines de infancia. Los ni\u00f1os tambi\u00e9n pueden asistir a una escuela de m\u00fasica o practicar boxeo en la escuela deportiva Fit Boys Gym. Las escuelas p\u00fablicas m\u00e1s cercanas se encuentran en Dubai Marina.<\/span><\/p>\n<p>&nbsp;<\/p>\n<p style=\"text-align: left;\"><span style=\"font-weight: 400;\">La mayor\u00eda de los complejos residenciales de JLT tienen sus propios gimnasios y piscinas. Hay instalaciones deportivas adicionales disponibles dentro del parque p\u00fablico, que incluyen pistas para correr, puntos de alquiler de scooters el\u00e9ctricos y campos deportivos.<\/span><\/p>\n<p>&nbsp;<\/p>\n<p style=\"text-align: left;\"><span style=\"font-weight: 400;\">Las tardes se pueden pasar agradablemente en caf\u00e9s o restaurantes ubicados junto a los lagos, que ofrecen una amplia variedad de platos gourmet. Cada residente podr\u00e1 encontrar un establecimiento gastron\u00f3mico a su gusto.<\/span><\/p>\n<p>&nbsp;<\/p>\n<p style=\"text-align: left;\"><span style=\"font-weight: 400;\">La infraestructura de transporte bien desarrollada permite a los residentes moverse f\u00e1cilmente por la ciudad. Las salidas del distrito a Sheikh Zayed Road se proporcionan mediante intercambiadores de transporte ubicados dentro de la comunidad. Se tarda aproximadamente 40 minutos en llegar al aeropuerto internacional de Dub\u00e1i en coche privado o taxi.<\/span><\/p>\n<p>&nbsp;<\/p>\n<p style=\"text-align: left;\"><span style=\"font-weight: 400;\">El transporte p\u00fablico funciona de forma regular y eficiente. Los grupos cuentan con 11 paradas de autob\u00fas y uno de los barrios cuenta con una parada de tranv\u00eda. La l\u00ednea de metro de Dub\u00e1i discurre por Sheikh Zayed Road. Los residentes de JLT tienen acceso a las estaciones de metro DMCC y Sobha Realty, que est\u00e1n a entre 5 y 10 minutos a pie de cualquiera de los rascacielos.<\/span><\/p>\n<h3><\/h3>\n<h2 style=\"text-align: left;\"><b>Tipos de<\/b><b> Bienes Ra\u00edces en Venta en Jumeirah Lake Towers<\/b><\/h2>\n<p>&nbsp;<\/p>\n<p style=\"text-align: left;\"><span style=\"font-weight: 400;\">Jumeirah Lake Towers (JLT) es una comunidad de rascacielos en Dubai sin sectores privados, villas premium ni casas adosadas. Los tipos predominantes de propiedades disponibles son:<\/span><\/p>\n<p>&nbsp;<\/p>\n<ul style=\"text-align: left;\">\n<li style=\"font-weight: 400;\" aria-level=\"1\"><b>Estudios:<\/b><span style=\"font-weight: 400;\"> Unidades compactas donde la cocina se integra con el dormitorio. Son muy populares entre los j\u00f3venes profesionales y los solteros y ofrecen el mayor rendimiento de alquiler para los propietarios.<\/span><\/li>\n<li style=\"font-weight: 400;\" aria-level=\"1\"><b>Apartamentos de 1 a 4 habitaciones:<\/b><span style=\"font-weight: 400;\"> Se trata del tipo de vivienda m\u00e1s com\u00fan y variado. Los apartamentos cuentan con distribuciones eficientes y dise\u00f1os bien pensados, lo que los hace atractivos tanto para vivir como para invertir en ingresos por alquiler.<\/span><\/li>\n<li style=\"font-weight: 400;\" aria-level=\"1\"><b>\u00c1ticos:<\/b><span style=\"font-weight: 400;\"> Lujosas residencias de 3-4 dormitorios ubicadas en los niveles superiores de rascacielos. Se entregan a los compradores con acabados de primera calidad, amplias terrazas abiertas y, en ocasiones, acceso privado a una azotea. Una caracter\u00edstica distintiva de los \u00e1ticos es la oportunidad de disfrutar de impresionantes vistas panor\u00e1micas del Golfo P\u00e9rsico.<\/span><\/li>\n<\/ul>\n<h3><\/h3>\n<h2 style=\"text-align: left;\"><b>Precios de propiedades en JLT<\/b><\/h2>\n<p>&nbsp;<\/p>\n<p style=\"text-align: left;\"><span style=\"font-weight: 400;\">JLT ofrece apartamentos asequibles y de \u00e9lite con acabados de primera clase y una gama completa de comodidades. Los precios de las propiedades en Jumeirah Lake Towers dependen de varios factores, incluido el tipo de vivienda, el \u00e1rea y el nivel de comodidades en el complejo residencial. Adem\u00e1s, la calidad de los acabados y la distribuci\u00f3n interior pueden influir en el precio.<\/span><\/p>\n<p>&nbsp;<\/p>\n<p style=\"text-align: left;\"><span style=\"font-weight: 400;\">Precios medios de propiedades residenciales en JLT:<\/span><\/p>\n<p>&nbsp;<\/p>\n<ul style=\"text-align: left;\">\n<li style=\"font-weight: 400;\" aria-level=\"1\"><span style=\"font-weight: 400;\">Estudio: aproximadamente 685 000 AED<\/span><\/li>\n<li style=\"font-weight: 400;\" aria-level=\"1\"><span style=\"font-weight: 400;\">Apartamento de un dormitorio: 1,2 millones de AED<\/span><\/li>\n<li style=\"font-weight: 400;\" aria-level=\"1\"><span style=\"font-weight: 400;\">Apartamento de dos habitaciones: desde 1,8 millones de AED<\/span><\/li>\n<li style=\"font-weight: 400;\" aria-level=\"1\"><span style=\"font-weight: 400;\">Apartamento de tres habitaciones: 2,5 millones de AED<\/span><\/li>\n<li style=\"font-weight: 400;\" aria-level=\"1\"><span style=\"font-weight: 400;\">Residencia de cuatro habitaciones: 3,8 millones de AED<\/span><\/li>\n<\/ul>\n<p>&nbsp;<\/p>\n<p style=\"text-align: left;\"><span style=\"font-weight: 400;\">Hay opciones m\u00e1s asequibles disponibles en la etapa de construcci\u00f3n. Una vez finalizados, los apartamentos en edificios nuevos suelen aumentar su valor en 20-30%, lo que los convierte en una opci\u00f3n popular para los inversores que buscan oportunidades de reventa. Si bien la mayor parte del distrito ya est\u00e1 desarrollado, todav\u00eda hay algunos complejos residenciales en construcci\u00f3n en la parte occidental. Adem\u00e1s, cerca se planea un nuevo proyecto, Uptown Dubai, con rascacielos futuristas y c\u00f3modos apartamentos.<\/span><\/p>\n<h3><\/h3>\n<h2 style=\"text-align: left;\"><b>Estilo de vida en el distrito<\/b><\/h2>\n<p>&nbsp;<\/p>\n<p style=\"text-align: left;\"><span style=\"font-weight: 400;\">Originalmente concebida como una zona comercial, el r\u00e1pido desarrollo de la vecina Marina de Dub\u00e1i provoc\u00f3 un cambio hacia propiedades residenciales centradas en zonas recreativas.<\/span><\/p>\n<p>&nbsp;<\/p>\n<p style=\"text-align: left;\"><span style=\"font-weight: 400;\">Los 26 grupos de JLT est\u00e1n situados a lo largo de las orillas del lago, cada uno de ellos lleva el nombre de letras del alfabeto latino y consta de varios rascacielos. El \u00e1rea cuenta con estacionamientos, tiendas y otras instalaciones de infraestructura. Las orillas del lago tienen paseos donde los residentes disfrutan caminar y socializar con los vecinos.<\/span><\/p>\n<p>&nbsp;<\/p>\n<p style=\"text-align: left;\"><span style=\"font-weight: 400;\">Un parque pintoresco se extiende a lo largo del centro del distrito y ofrece amplias instalaciones deportivas, recreativas y de juegos infantiles. Incluye un campo de f\u00fatbol, equipamiento de gimnasio al aire libre y una cancha de baloncesto. El c\u00e9sped central del parque se utiliza para eventos culturales.<\/span><\/p>\n<p>&nbsp;<\/p>\n<p style=\"text-align: left;\"><span style=\"font-weight: 400;\">JLT es ideal para familias con ni\u00f1os, con jardines de infancia, centros de desarrollo, salas de juegos y otros servicios para ni\u00f1os en casi todos los grupos. Las escuelas p\u00fablicas m\u00e1s cercanas est\u00e1n a unos 15 minutos en coche en los distritos vecinos.<\/span><\/p>\n<p>&nbsp;<\/p>\n<p style=\"text-align: left;\"><span style=\"font-weight: 400;\">JLT permite mascotas, con un peque\u00f1o parque designado para pasear perros adem\u00e1s del gran parque p\u00fablico.<\/span><\/p>\n<h3><\/h3>\n<h2 style=\"text-align: left;\"><b>Inversi\u00f3n inmobiliaria<\/b><\/h2>\n<p>&nbsp;<\/p>\n<p style=\"text-align: left;\"><span style=\"font-weight: 400;\">La principal ventaja de inversi\u00f3n de JLT es su conveniente ubicaci\u00f3n cerca de distritos prestigiosos como Business Bay, Dubai Marina y Jumeirah. Junto con una excelente conectividad de transporte, esto la convierte en un \u00e1rea popular para comprar propiedades para reventa o alquiler.<\/span><\/p>\n<p>&nbsp;<\/p>\n<p style=\"text-align: left;\"><span style=\"font-weight: 400;\">Es importante destacar que JLT es una zona econ\u00f3mica libre que ofrece condiciones favorables para el registro de empresas. M\u00e1s de 21.000 empresas est\u00e1n registradas aqu\u00ed, lo que atrae a empresarios, j\u00f3venes profesionales y oficinistas que buscan alquilar en las cercan\u00edas.<\/span><\/p>\n<p>&nbsp;<\/p>\n<p style=\"text-align: left;\"><span style=\"font-weight: 400;\">Rentabilidad media de la inversi\u00f3n en JLT:<\/span><\/p>\n<p>&nbsp;<\/p>\n<ul style=\"text-align: left;\">\n<li style=\"font-weight: 400;\" aria-level=\"1\"><span style=\"font-weight: 400;\">Estudio: hasta 7.86%<\/span><\/li>\n<li style=\"font-weight: 400;\" aria-level=\"1\"><span style=\"font-weight: 400;\">Apartamento de un dormitorio \u2013 m\u00e1s de 7,1%<\/span><\/li>\n<li style=\"font-weight: 400;\" aria-level=\"1\"><span style=\"font-weight: 400;\">Apartamento de dos habitaciones \u2013 6.88%<\/span><\/li>\n<li style=\"font-weight: 400;\" aria-level=\"1\"><span style=\"font-weight: 400;\">Apartamento de tres habitaciones \u2013 6.91%<\/span><\/li>\n<\/ul>\n<p style=\"text-align: left;\"><span style=\"font-weight: 400;\">Los ingresos por alquiler en los Emiratos \u00c1rabes Unidos est\u00e1n libres de impuestos, lo que permite a los propietarios obtener sus ingresos legalmente.<\/span><\/p>\n<p>&nbsp;<\/p>\n<h2 style=\"text-align: left;\"><b>Beneficios de asociarse con Alira Real Estate<\/b><\/h2>\n<p>&nbsp;<\/p>\n<p style=\"text-align: left;\"><span style=\"font-weight: 400;\">Alira est\u00e1 lista para ayudar con la compra de bienes ra\u00edces en Jumeirah Lake Towers para inversi\u00f3n o residencia permanente. Las razones para trabajar con nosotros incluyen:<\/span><\/p>\n<p>&nbsp;<\/p>\n<ul style=\"text-align: left;\">\n<li style=\"font-weight: 400;\" aria-level=\"1\"><b>Agencia Profesional:<\/b><span style=\"font-weight: 400;\"> Calificado y experimentado en el mercado inmobiliario de los EAU.<\/span><\/li>\n<li style=\"font-weight: 400;\" aria-level=\"1\"><b>Servicios comprensivos:<\/b><span style=\"font-weight: 400;\"> Desde seleccionar y comprar propiedades hasta organizar ventas, encontrar inquilinos o administrar propiedades residenciales y comerciales.<\/span><\/li>\n<li style=\"font-weight: 400;\" aria-level=\"1\"><b>Confidencialidad garantizada:<\/b><span style=\"font-weight: 400;\"> Toda la informaci\u00f3n del cliente se mantiene confidencial.<\/span><\/li>\n<li style=\"font-weight: 400;\" aria-level=\"1\"><b>Enfoque responsable:<\/b><span style=\"font-weight: 400;\"> Interacci\u00f3n flexible para seleccionar propiedades adaptadas a las necesidades individuales del comprador.<\/span><\/li>\n<li style=\"font-weight: 400;\" aria-level=\"1\"><b>Amplia selecci\u00f3n de propiedades:<\/b><span style=\"font-weight: 400;\"> B\u00fasqueda r\u00e1pida mediante criterios de filtrado bien pensados.<\/span><\/li>\n<\/ul>\n<p>&nbsp;<\/p>\n<p style=\"text-align: left;\"><span style=\"font-weight: 400;\">Para m\u00e1s informaci\u00f3n, cont\u00e1ctenos v\u00eda correo electr\u00f3nico a <a class=\"mail\" href=\"mailto:info@alirarealestate.com\">info@alirarealestate.com<\/a> o por tel\u00e9fono al <a href=\"tel: 971588337\">+971 (588) 337<\/a>, <a href=\"tel: 79869277377\">+7 (986) 927-73-77.<\/a>. Nuestros especialistas le informar\u00e1n sobre los precios de las propiedades en Jumeirah Lakes Towers, Dubai, le ayudar\u00e1n con las transacciones y le brindar\u00e1n servicios postventa de alta calidad cuando lo solicite. \u00a1Comun\u00edquese a su conveniencia para comprar de manera segura y rentable una propiedad en Jumeirah Lake Towers que satisfaga sus necesidades!<\/span><\/p>\n\n\t\t<\/div>\n\t<\/div>\n<\/div><\/div><\/div><\/div>\n<\/section>","protected":false},"excerpt":{"rendered":"Jumeirah Lake Towers es un moderno distrito de Dub\u00e1i construido alrededor de tres lagos artificiales. Sus pintorescas orillas albergan 26 conjuntos residenciales, compuestos por 87 rascacielos. La zona combina desarrollos residenciales y comerciales. Quienes deseen comprar una propiedad en Jumeirah Lake Towers, Dub\u00e1i, podr\u00e1n disfrutar de una infraestructura bien desarrollada y un pintoresco parque p\u00fablico de aproximadamente 55.000 metros cuadrados, con instalaciones deportivas, pistas para correr y un parque al aire libre...","protected":false},"author":1,"featured_media":0,"parent":4295,"menu_order":0,"comment_status":"closed","ping_status":"closed","template":"advanced_search_results.php","meta":{"inline_featured_image":false,"_glsr_average":0,"_glsr_ranking":0,"_glsr_reviews":0,"footnotes":""},"class_list":["post-4371","page","type-page","status-publish","hentry"],"yoast_head":"<!-- This site is optimized with the Yoast SEO Premium plugin v25.1 (Yoast SEO v25.6) - https:\/\/yoast.com\/wordpress\/plugins\/seo\/ -->\n<title>Properties for Sale in Jumeirah Lake Towers - Alira Real Estate - Real estate in the UAE<\/title>\n<meta name=\"robots\" content=\"index, follow, max-snippet:-1, max-image-preview:large, max-video-preview:-1\" \/>\n<link rel=\"canonical\" href=\"https:\/\/alirarealestate.com\/es\/catalog\/buy\/dubai\/jumeirah-lake-towers\/\" \/>\n<meta property=\"og:locale\" content=\"es_ES\" \/>\n<meta property=\"og:type\" content=\"article\" \/>\n<meta property=\"og:title\" content=\"Properties for Sale in Jumeirah Lake Towers\" \/>\n<meta property=\"og:url\" content=\"https:\/\/alirarealestate.com\/es\/catalog\/buy\/dubai\/jumeirah-lake-towers\/\" \/>\n<meta property=\"og:site_name\" content=\"Alira Real Estate - Real estate in the UAE\" \/>\n<meta property=\"article:modified_time\" content=\"2024-10-27T15:17:09+00:00\" \/>\n<meta name=\"twitter:card\" content=\"summary_large_image\" \/>\n<meta name=\"twitter:label1\" content=\"Tiempo de lectura\" \/>\n\t<meta name=\"twitter:data1\" content=\"6 minutos\" \/>\n<script type=\"application\/ld+json\" class=\"yoast-schema-graph\">{\"@context\":\"https:\/\/schema.org\",\"@graph\":[{\"@type\":\"WebPage\",\"@id\":\"https:\/\/alirarealestate.com\/es\/catalog\/buy\/dubai\/jumeirah-lake-towers\/\",\"url\":\"https:\/\/alirarealestate.com\/es\/catalog\/buy\/dubai\/jumeirah-lake-towers\/\",\"name\":\"Properties for Sale in Jumeirah Lake Towers - Alira Real Estate - Real estate in the UAE\",\"isPartOf\":{\"@id\":\"https:\/\/alirarealestate.com\/es\/#website\"},\"datePublished\":\"2024-04-18T07:17:40+00:00\",\"dateModified\":\"2024-10-27T15:17:09+00:00\",\"breadcrumb\":{\"@id\":\"https:\/\/alirarealestate.com\/es\/catalog\/buy\/dubai\/jumeirah-lake-towers\/#breadcrumb\"},\"inLanguage\":\"es\",\"potentialAction\":[{\"@type\":\"ReadAction\",\"target\":[\"https:\/\/alirarealestate.com\/es\/catalog\/buy\/dubai\/jumeirah-lake-towers\/\"]}]},{\"@type\":\"BreadcrumbList\",\"@id\":\"https:\/\/alirarealestate.com\/es\/catalog\/buy\/dubai\/jumeirah-lake-towers\/#breadcrumb\",\"itemListElement\":[{\"@type\":\"ListItem\",\"position\":1,\"name\":\"Home\",\"item\":\"https:\/\/alirarealestate.com\/\"},{\"@type\":\"ListItem\",\"position\":2,\"name\":\"Real Estate Catalog\",\"item\":\"https:\/\/alirarealestate.com\/catalog\/\"},{\"@type\":\"ListItem\",\"position\":3,\"name\":\"Real Estate Catalog\",\"item\":\"https:\/\/alirarealestate.com\/catalog\/buy\/\"},{\"@type\":\"ListItem\",\"position\":4,\"name\":\"Properties for Sale in Dubai\",\"item\":\"https:\/\/alirarealestate.com\/catalog\/buy\/dubai\/\"},{\"@type\":\"ListItem\",\"position\":5,\"name\":\"Properties for Sale in Jumeirah Lake Towers\"}]},{\"@type\":\"WebSite\",\"@id\":\"https:\/\/alirarealestate.com\/es\/#website\",\"url\":\"https:\/\/alirarealestate.com\/es\/\",\"name\":\"Alira Real Estate - Real estate in the UAE\",\"description\":\"\",\"potentialAction\":[{\"@type\":\"SearchAction\",\"target\":{\"@type\":\"EntryPoint\",\"urlTemplate\":\"https:\/\/alirarealestate.com\/es\/?s={search_term_string}\"},\"query-input\":{\"@type\":\"PropertyValueSpecification\",\"valueRequired\":true,\"valueName\":\"search_term_string\"}}],\"inLanguage\":\"es\"}]}<\/script>\n<!-- \/ Yoast SEO Premium plugin. -->","yoast_head_json":{"title":"Properties for Sale in Jumeirah Lake Towers - Alira Real Estate - Real estate in the UAE","robots":{"index":"index","follow":"follow","max-snippet":"max-snippet:-1","max-image-preview":"max-image-preview:large","max-video-preview":"max-video-preview:-1"},"canonical":"https:\/\/alirarealestate.com\/es\/catalog\/buy\/dubai\/jumeirah-lake-towers\/","og_locale":"es_ES","og_type":"article","og_title":"Properties for Sale in Jumeirah Lake Towers","og_url":"https:\/\/alirarealestate.com\/es\/catalog\/buy\/dubai\/jumeirah-lake-towers\/","og_site_name":"Alira Real Estate - Real estate in the UAE","article_modified_time":"2024-10-27T15:17:09+00:00","twitter_card":"summary_large_image","twitter_misc":{"Tiempo de lectura":"6 minutos"},"schema":{"@context":"https:\/\/schema.org","@graph":[{"@type":"WebPage","@id":"https:\/\/alirarealestate.com\/es\/catalog\/buy\/dubai\/jumeirah-lake-towers\/","url":"https:\/\/alirarealestate.com\/es\/catalog\/buy\/dubai\/jumeirah-lake-towers\/","name":"Properties for Sale in Jumeirah Lake Towers - Alira Real Estate - Real estate in the UAE","isPartOf":{"@id":"https:\/\/alirarealestate.com\/es\/#website"},"datePublished":"2024-04-18T07:17:40+00:00","dateModified":"2024-10-27T15:17:09+00:00","breadcrumb":{"@id":"https:\/\/alirarealestate.com\/es\/catalog\/buy\/dubai\/jumeirah-lake-towers\/#breadcrumb"},"inLanguage":"es","potentialAction":[{"@type":"ReadAction","target":["https:\/\/alirarealestate.com\/es\/catalog\/buy\/dubai\/jumeirah-lake-towers\/"]}]},{"@type":"BreadcrumbList","@id":"https:\/\/alirarealestate.com\/es\/catalog\/buy\/dubai\/jumeirah-lake-towers\/#breadcrumb","itemListElement":[{"@type":"ListItem","position":1,"name":"Home","item":"https:\/\/alirarealestate.com\/"},{"@type":"ListItem","position":2,"name":"Real Estate Catalog","item":"https:\/\/alirarealestate.com\/catalog\/"},{"@type":"ListItem","position":3,"name":"Real Estate Catalog","item":"https:\/\/alirarealestate.com\/catalog\/buy\/"},{"@type":"ListItem","position":4,"name":"Properties for Sale in Dubai","item":"https:\/\/alirarealestate.com\/catalog\/buy\/dubai\/"},{"@type":"ListItem","position":5,"name":"Properties for Sale in Jumeirah Lake Towers"}]},{"@type":"WebSite","@id":"https:\/\/alirarealestate.com\/es\/#website","url":"https:\/\/alirarealestate.com\/es\/","name":"Alira Real Estate - Real estate in the UAE","description":"","potentialAction":[{"@type":"SearchAction","target":{"@type":"EntryPoint","urlTemplate":"https:\/\/alirarealestate.com\/es\/?s={search_term_string}"},"query-input":{"@type":"PropertyValueSpecification","valueRequired":true,"valueName":"search_term_string"}}],"inLanguage":"es"}]}},"_links":{"self":[{"href":"https:\/\/alirarealestate.com\/es\/wp-json\/wp\/v2\/pages\/4371"}],"collection":[{"href":"https:\/\/alirarealestate.com\/es\/wp-json\/wp\/v2\/pages"}],"about":[{"href":"https:\/\/alirarealestate.com\/es\/wp-json\/wp\/v2\/types\/page"}],"author":[{"embeddable":true,"href":"https:\/\/alirarealestate.com\/es\/wp-json\/wp\/v2\/users\/1"}],"replies":[{"embeddable":true,"href":"https:\/\/alirarealestate.com\/es\/wp-json\/wp\/v2\/comments?post=4371"}],"version-history":[{"count":1,"href":"https:\/\/alirarealestate.com\/es\/wp-json\/wp\/v2\/pages\/4371\/revisions"}],"predecessor-version":[{"id":5933,"href":"https:\/\/alirarealestate.com\/es\/wp-json\/wp\/v2\/pages\/4371\/revisions\/5933"}],"up":[{"embeddable":true,"href":"https:\/\/alirarealestate.com\/es\/wp-json\/wp\/v2\/pages\/4295"}],"wp:attachment":[{"href":"https:\/\/alirarealestate.com\/es\/wp-json\/wp\/v2\/media?parent=4371"}],"curies":[{"name":"wp","href":"https:\/\/api.w.org\/{rel}","templated":true}]}}