{"id":4343,"date":"2024-04-18T10:17:39","date_gmt":"2024-04-18T07:17:39","guid":{"rendered":"https:\/\/alirarealestate.com\/catalog\/buy\/dubai\/jumeirah-village-circle\/"},"modified":"2024-10-27T18:12:25","modified_gmt":"2024-10-27T15:12:25","slug":"jumeirah-village-circle","status":"publish","type":"page","link":"https:\/\/alirarealestate.com\/es\/catalog\/buy\/dubai\/jumeirah-village-circle\/","title":{"rendered":"Propiedades en venta en JVC (Jumeirah Village Circle)"},"content":{"rendered":"<section class=\"wpb-content-wrapper\"><div class=\"vc_row wpb_row vc_row-fluid vc_row\"><div class=\"wpb_column vc_column_container vc_col-sm-12 vc_column\"><div class=\"vc_column-inner\"><div class=\"wpb_wrapper\">\n\t<div class=\"wpb_text_column wpb_content_element  vc_column_text\" >\n\t\t<div class=\"wpb_wrapper\">\n\t\t\t<p><span style=\"font-weight: 400;\">Los Emiratos \u00c1rabes Unidos (EAU) son un pa\u00eds que atrae a turistas que, una vez familiarizados con su cultura y sus oportunidades, sue\u00f1an con mudarse y vivir aqu\u00ed permanentemente. A pesar de sus estrictas pol\u00edticas de inmigraci\u00f3n, es posible establecerse y disfrutar de un estilo de vida lujoso.<\/span><\/p>\n<p>&nbsp;<\/p>\n<p><span style=\"font-weight: 400;\">La mejor manera de obtener una visa de residencia permanente es comprando una propiedad. Las opciones incluyen villas, casas adosadas, apartamentos o pisos. Los extranjeros s\u00f3lo pueden comprar propiedades en las Zonas de Propiedad Franca designadas. Contactando con la Agencia Inmobiliaria Alira podr\u00e1 explorar las propiedades m\u00e1s rentables adaptadas a sus necesidades y presupuesto. Una de las zonas prometedoras es JVC (Jumeirah Village Circle), que forma parte del \u00e1rea de New Dubai. Esta ubicaci\u00f3n cuenta con una infraestructura social y de transporte bien desarrollada. Los complejos residenciales de esta zona ofrecen una amplia gama de servicios, lo que la hace adecuada para profesionales de negocios, personas creativas y familias con ni\u00f1os.<\/span><\/p>\n<p>&nbsp;<\/p>\n<h3><b>Beneficios de comprar una propiedad en JVC<\/b><\/h3>\n<p>&nbsp;<\/p>\n<p><span style=\"font-weight: 400;\">JVC es un distrito moderno y de r\u00e1pido desarrollo dise\u00f1ado para la vida familiar. Ofrece una combinaci\u00f3n perfecta de comodidades de primer nivel para una vida c\u00f3moda y amplias oportunidades recreativas. Una de las ventajas de esta zona es su conveniente ubicaci\u00f3n, que brinda acceso r\u00e1pido a otras \u00e1reas como Jumeirah Lakes Towers, Dubai Internet City y Dubai Marina. Si decide comprar una propiedad en Dubai en el \u00e1rea de JVC, podr\u00e1 elegir entre villas, apartamentos y casas adosadas modernas. Todos los tipos de viviendas aqu\u00ed encarnan elegancia y estilo contempor\u00e1neo.<\/span><\/p>\n<h3><\/h3>\n<h3><b>Infraestructura de la Zona<\/b><\/h3>\n<p>&nbsp;<\/p>\n<p><span style=\"font-weight: 400;\">El nombre del distrito es simb\u00f3lico e indica que todos los edificios est\u00e1n dispuestos en forma circular. El dise\u00f1o radial permite una f\u00e1cil navegaci\u00f3n y un r\u00e1pido acceso a cualquier calle. Los elementos de infraestructura m\u00e1s importantes se encuentran en el centro del distrito. Los residentes e invitados tienen acceso a:<\/span><\/p>\n<p>&nbsp;<\/p>\n<ul>\n<li style=\"font-weight: 400;\" aria-level=\"1\"><span style=\"font-weight: 400;\">Centros comerciales<\/span><\/li>\n<li style=\"font-weight: 400;\" aria-level=\"1\"><span style=\"font-weight: 400;\">Zonas de aparcamiento equipadas<\/span><\/li>\n<li style=\"font-weight: 400;\" aria-level=\"1\"><span style=\"font-weight: 400;\">Escuelas y guarder\u00edas<\/span><\/li>\n<li style=\"font-weight: 400;\" aria-level=\"1\"><span style=\"font-weight: 400;\">Bares y restaurantes<\/span><\/li>\n<li style=\"font-weight: 400;\" aria-level=\"1\"><span style=\"font-weight: 400;\">Centros de fitness<\/span><\/li>\n<li style=\"font-weight: 400;\" aria-level=\"1\"><span style=\"font-weight: 400;\">Otras instalaciones de entretenimiento<\/span><\/li>\n<\/ul>\n<p>&nbsp;<\/p>\n<p><span style=\"font-weight: 400;\">Las villas y casas adosadas est\u00e1n situadas un poco m\u00e1s alejadas de los lugares de ocio, lo que garantiza privacidad y tranquilidad. Se presta especial atenci\u00f3n al desarrollo de parques durante la construcci\u00f3n de complejos residenciales.<\/span><\/p>\n<h3><\/h3>\n<h3><b>Estilo de vida en JVC<\/b><\/h3>\n<p>&nbsp;<\/p>\n<p><span style=\"font-weight: 400;\">Los complejos residenciales est\u00e1n dise\u00f1ados para la vida familiar, lo que los hace perfectos para quienes valoran la privacidad y la tranquilidad de un entorno de pueblo y al mismo tiempo desean estar en la ciudad. El distrito cuenta con numerosas zonas verdes con parques y plazas para pasear y relajarse. Con m\u00e1s de 30 parques, los residentes pueden disfrutar de la naturaleza, jugar con los ni\u00f1os y divertirse. Es un lugar ideal para un estilo de vida tranquilo.<\/span><\/p>\n<p>&nbsp;<\/p>\n<p><span style=\"font-weight: 400;\">Gracias a su infraestructura social y de transporte bien desarrollada, los residentes tienen acceso r\u00e1pido a cl\u00ednicas, guarder\u00edas, escuelas, supermercados, restaurantes y gimnasios. Hay numerosos minimercados donde se pueden comprar todos los art\u00edculos necesarios. Para aquellos que disfrutan de las compras, se encuentran disponibles megamercados populares como Choithrams, Spinneys, West Zone Supermarket y Bluemart Supermarket.<\/span><\/p>\n<p>&nbsp;<\/p>\n<p><span style=\"font-weight: 400;\">Al vivir en uno de los complejos, los residentes pueden mantener un estilo de vida activo. JVC cuenta con numerosos parques, jardines y espacios verdes, que promueven el ocio activo y los paseos al aire libre. Numerosos gimnasios, gimnasios y piscinas permiten a los residentes mantenerse en forma y llevar un estilo de vida saludable.<\/span><\/p>\n<p>&nbsp;<\/p>\n<p><span style=\"font-weight: 400;\">Otra ventaja importante del distrito es su accesibilidad al transporte. JVC est\u00e1 estrat\u00e9gicamente ubicado y proporciona f\u00e1cil acceso a las principales arterias de transporte de Dubai. Adem\u00e1s, existen planes para un mayor desarrollo de la infraestructura de transporte, incluida la ampliaci\u00f3n de las l\u00edneas de metro.<\/span><\/p>\n<p>&nbsp;<\/p>\n<h3><b>Principales tipos de propiedades<\/b><\/h3>\n<p>&nbsp;<\/p>\n<p><span style=\"font-weight: 400;\">Jumeirah Village Circle (JVC) ofrece una variedad de opciones inmobiliarias, que van desde apartamentos de 1 dormitorio hasta lujosos \u00e1ticos. Existe una amplia selecci\u00f3n para cubrir diversos requisitos y presupuestos:<\/span><\/p>\n<p>&nbsp;<\/p>\n<ul>\n<li style=\"font-weight: 400;\" aria-level=\"1\"><b>Estudios<\/b><span style=\"font-weight: 400;\">: Consta de una habitaci\u00f3n que combina las funciones de dormitorio, sal\u00f3n y cocina, con ba\u00f1o independiente.<\/span><\/li>\n<li style=\"font-weight: 400;\" aria-level=\"1\"><b>Apartamentos de 1 dormitorio<\/b><span style=\"font-weight: 400;\">: Incluye un dormitorio, una sala de estar, una cocina y un ba\u00f1o. Tambi\u00e9n pueden tener un balc\u00f3n.<\/span><\/li>\n<li style=\"font-weight: 400;\" aria-level=\"1\"><b>Apartamentos de 2 dormitorios<\/b><span style=\"font-weight: 400;\">: Cuenta con dos amplios dormitorios, una cocina, una sala de estar y un balc\u00f3n.<\/span><\/li>\n<li style=\"font-weight: 400;\" aria-level=\"1\"><b>Apartamentos de 3, 4 y 5 habitaciones<\/b><span style=\"font-weight: 400;\">: Alojamiento espacioso adecuado para familias numerosas o personas que valoran la comodidad y el espacio amplio. Estos apartamentos suelen incluir tres o m\u00e1s dormitorios, grandes salas de estar, cocinas, varios ba\u00f1os y, a menudo, comodidades adicionales como balcones o terrazas.<\/span><\/li>\n<li style=\"font-weight: 400;\" aria-level=\"1\"><b>Casas adosadas<\/b><span style=\"font-weight: 400;\">: Casas residenciales que suelen tener dos o tres plantas, con entrada propia y terreno contiguo. Pueden incluir garaje, jard\u00edn y terraza.<\/span><\/li>\n<li style=\"font-weight: 400;\" aria-level=\"1\"><b>Villas<\/b><span style=\"font-weight: 400;\">: Casas con grandes terrenos, jardines, piscinas y garajes. Las villas pueden tener varios pisos y numerosos dormitorios y ba\u00f1os.<\/span><\/li>\n<\/ul>\n<p>&nbsp;<\/p>\n<p><span style=\"font-weight: 400;\">Contactando con la Agencia Inmobiliaria Alira podr\u00e1 elegir la mejor opci\u00f3n al precio m\u00e1s ventajoso.<\/span><\/p>\n<h3><\/h3>\n<h3><b>Precios de la propiedad<\/b><\/h3>\n<p>&nbsp;<\/p>\n<p><span style=\"font-weight: 400;\">Actualmente, hay propiedades disponibles para la venta en el \u00e1rea JVC de Dubai. Se han completado muchos complejos y los compradores pueden elegir la opci\u00f3n m\u00e1s adecuada para ellos. Seg\u00fan datos de la agencia inmobiliaria AX Capital en 2023, los precios de las propiedades residenciales son los siguientes:<\/span><\/p>\n<p>&nbsp;<\/p>\n<ul>\n<li style=\"font-weight: 400;\" aria-level=\"1\"><b>Estudios<\/b><span style=\"font-weight: 400;\">: De 300.000 AED a 600.000 AED<\/span><\/li>\n<li style=\"font-weight: 400;\" aria-level=\"1\"><b>Apartamentos de 1 dormitorio<\/b><span style=\"font-weight: 400;\">: De 500.000 AED a 1.000.000 AED<\/span><\/li>\n<li style=\"font-weight: 400;\" aria-level=\"1\"><b>Apartamentos de 2 dormitorios<\/b><span style=\"font-weight: 400;\">: De 800.000 AED a 1.500.000 AED<\/span><\/li>\n<li style=\"font-weight: 400;\" aria-level=\"1\"><b>Apartamentos de 3 dormitorios<\/b><span style=\"font-weight: 400;\">: De 1.200.000 AED a 2.500.000 AED<\/span><\/li>\n<li style=\"font-weight: 400;\" aria-level=\"1\"><b>Casas adosadas de 2 dormitorios<\/b><span style=\"font-weight: 400;\">: De 1.500.000 AED a 2.500.000 AED<\/span><\/li>\n<li style=\"font-weight: 400;\" aria-level=\"1\"><b>Casas adosadas de 3 habitaciones<\/b><span style=\"font-weight: 400;\">: De 1.800.000 AED a 3.000.000 AED<\/span><\/li>\n<li style=\"font-weight: 400;\" aria-level=\"1\"><b>Villas de 4 dormitorios<\/b><span style=\"font-weight: 400;\">: De 2.500.000 AED a 4.500.000 AED<\/span><\/li>\n<\/ul>\n<p>&nbsp;<\/p>\n<p><span style=\"font-weight: 400;\">Los precios de los bienes ra\u00edces en Jumeirah Village Circle pueden variar seg\u00fan el tipo de propiedad, el tama\u00f1o, la ubicaci\u00f3n y el proyecto espec\u00edfico. Los apartamentos y villas ubicados m\u00e1s cerca de parques, centros comerciales o con f\u00e1cil acceso a las principales rutas de transporte pueden ser m\u00e1s caros.<\/span><\/p>\n<h3><\/h3>\n<h3><b>Ventajas de la Agencia Inmobiliaria Alira:<\/b><\/h3>\n<p>&nbsp;<\/p>\n<ul>\n<li style=\"font-weight: 400;\" aria-level=\"1\"><b>Profesionales altamente calificados<\/b><span style=\"font-weight: 400;\">: La empresa emplea \u00fanicamente especialistas de primer nivel que prestan mucha atenci\u00f3n a cada solicitud.<\/span><\/li>\n<li style=\"font-weight: 400;\" aria-level=\"1\"><b>Enfoque individual<\/b><span style=\"font-weight: 400;\">: Todas las opciones se seleccionan en funci\u00f3n de las preferencias y capacidades personales del cliente.<\/span><\/li>\n<li style=\"font-weight: 400;\" aria-level=\"1\"><b>Confidencialidad<\/b><span style=\"font-weight: 400;\">: Los datos de la transacci\u00f3n no se comparten con terceros.<\/span><\/li>\n<li style=\"font-weight: 400;\" aria-level=\"1\"><b>Actualizar informacion<\/b><span style=\"font-weight: 400;\">: Con una base de datos de propiedades comerciales y residenciales actualizada peri\u00f3dicamente, los especialistas de Alira siempre tienen la informaci\u00f3n m\u00e1s actualizada, lo que garantiza que puedan encontrar la mejor opci\u00f3n.<\/span><\/li>\n<\/ul>\n<p>&nbsp;<\/p>\n<p><span style=\"font-weight: 400;\">Para conocer m\u00e1s sobre las propiedades, cont\u00e1ctenos al <a href=\"tel: 971588337\">+971 (588) 337<\/a> o <a href=\"tel: 79869277377\">+7 (986) 927-73-77.<\/a>, o correo electr\u00f3nico <a class=\"mail\" href=\"mailto:info@alirarealestate.com\">info@alirarealestate.com<\/a> para una consulta detallada y para encontrar la mejor soluci\u00f3n a sus necesidades.<\/span><\/p>\n\n\t\t<\/div>\n\t<\/div>\n<\/div><\/div><\/div><\/div><div class=\"vc_row wpb_row vc_row-fluid vc_row\"><div class=\"wpb_column vc_column_container vc_col-sm-12 vc_column\"><div class=\"vc_column-inner\"><div class=\"wpb_wrapper\"><div class=\"vc_tta-container\" data-vc-action=\"collapse\"><h2>Preguntas m\u00e1s frecuentes<\/h2><div class=\"vc_general vc_tta vc_tta-accordion vc_tta-color-grey vc_tta-style-classic vc_tta-shape-rounded vc_tta-o-shape-group vc_tta-controls-align-left wpestate_accordion vc_tta_accordion\"><div class=\"vc_tta-panels-container\"><div class=\"vc_tta-panels\"><div class=\"vc_tta-panel vc_active\" id=\"1719302468223-0166546a-4751\" data-vc-content=\".vc_tta-panel-body\"><div class=\"vc_tta-panel-heading\"><h4 class=\"vc_tta-panel-title vc_tta-controls-icon-position-left\"><a href=\"#1719302468223-0166546a-4751\" data-vc-accordion data-vc-container=\".vc_tta-container\"><span class=\"vc_tta-title-text\">\u00bfCu\u00e1les son las principales ventajas de vivir en Jumeirah Village Circle?<\/span><i class=\"vc_tta-controls-icon vc_tta-controls-icon-plus\"><\/i><\/a><\/h4><\/div><div class=\"vc_tta-panel-body\">\n\t<div class=\"wpb_text_column wpb_content_element  vc_column_text\" >\n\t\t<div class=\"wpb_wrapper\">\n\t\t\t<p><span style=\"font-weight: 400;\">Los residentes apreciar\u00e1n la infraestructura desarrollada, que incluye supermercados, restaurantes y escuelas. La zona tambi\u00e9n ofrece una variedad de opciones de vivienda.<\/span><\/p>\n\n\t\t<\/div>\n\t<\/div>\n<\/div><\/div><div class=\"vc_tta-panel\" id=\"1719302468242-38b3e4c8-e505\" data-vc-content=\".vc_tta-panel-body\"><div class=\"vc_tta-panel-heading\"><h4 class=\"vc_tta-panel-title vc_tta-controls-icon-position-left\"><a href=\"#1719302468242-38b3e4c8-e505\" data-vc-accordion data-vc-container=\".vc_tta-container\"><span class=\"vc_tta-title-text\">\u00bfCu\u00e1l es el costo promedio de alquiler de apartamentos en JVC?<\/span><i class=\"vc_tta-controls-icon vc_tta-controls-icon-plus\"><\/i><\/a><\/h4><\/div><div class=\"vc_tta-panel-body\">\n\t<div class=\"wpb_text_column wpb_content_element  vc_column_text\" >\n\t\t<div class=\"wpb_wrapper\">\n\t\t\t<p><span style=\"font-weight: 400;\">Los costos de alquiler var\u00edan seg\u00fan el tama\u00f1o y el tipo de apartamento. Los estudios se pueden alquilar por entre 25 000 y 40 000 AED al a\u00f1o, los apartamentos de 1 dormitorio por entre 40 000 y 60 000 AED al a\u00f1o, los apartamentos de 2 dormitorios por entre 60 000 y 90 000 AED al a\u00f1o y los apartamentos de 3 dormitorios por entre 90 000 y 130 000 AED al a\u00f1o. Estos precios pueden cambiar seg\u00fan la ubicaci\u00f3n y el estado de la propiedad espec\u00edfica.<\/span><\/p>\n\n\t\t<\/div>\n\t<\/div>\n<\/div><\/div><div class=\"vc_tta-panel\" id=\"1719302568587-4f862959-8a2b\" data-vc-content=\".vc_tta-panel-body\"><div class=\"vc_tta-panel-heading\"><h4 class=\"vc_tta-panel-title vc_tta-controls-icon-position-left\"><a href=\"#1719302568587-4f862959-8a2b\" data-vc-accordion data-vc-container=\".vc_tta-container\"><span class=\"vc_tta-title-text\">\u00bfQu\u00e9 comodidades se ofrecen en los complejos residenciales?<\/span><i class=\"vc_tta-controls-icon vc_tta-controls-icon-plus\"><\/i><\/a><\/h4><\/div><div class=\"vc_tta-panel-body\">\n\t<div class=\"wpb_text_column wpb_content_element  vc_column_text\" >\n\t\t<div class=\"wpb_wrapper\">\n\t\t\t<p><span style=\"font-weight: 400;\">Entre las principales comodidades se incluyen piscinas, gimnasios, spas, zonas de barbacoa, parques infantiles, aparcamiento y seguridad las 24 horas. Muchos complejos tambi\u00e9n cuentan con espacios verdes y jardines, lo que crea un entorno de vida c\u00f3modo y agradable.<\/span><\/p>\n\n\t\t<\/div>\n\t<\/div>\n<\/div><\/div><div class=\"vc_tta-panel\" id=\"1719302683870-ce6b07f3-3f7b\" data-vc-content=\".vc_tta-panel-body\"><div class=\"vc_tta-panel-heading\"><h4 class=\"vc_tta-panel-title vc_tta-controls-icon-position-left\"><a href=\"#1719302683870-ce6b07f3-3f7b\" data-vc-accordion data-vc-container=\".vc_tta-container\"><span class=\"vc_tta-title-text\">\u00bfQu\u00e9 tipos de propiedades est\u00e1n disponibles para la compra?<\/span><i class=\"vc_tta-controls-icon vc_tta-controls-icon-plus\"><\/i><\/a><\/h4><\/div><div class=\"vc_tta-panel-body\">\n\t<div class=\"wpb_text_column wpb_content_element  vc_column_text\" >\n\t\t<div class=\"wpb_wrapper\">\n\t\t\t<p><span style=\"font-weight: 400;\">En JVC, puedes comprar estudios, apartamentos de 1, 2 y 3 habitaciones, casas adosadas y villas. Los precios var\u00edan seg\u00fan el tipo de propiedad, su tama\u00f1o y ubicaci\u00f3n. Por ejemplo, los precios de los estudios comienzan en AED 300,000 y los precios de las villas pueden llegar hasta AED 4,500,000.<\/span><\/p>\n\n\t\t<\/div>\n\t<\/div>\n<\/div><\/div><div class=\"vc_tta-panel\" id=\"1719302706708-8e0ed9ad-d642\" data-vc-content=\".vc_tta-panel-body\"><div class=\"vc_tta-panel-heading\"><h4 class=\"vc_tta-panel-title vc_tta-controls-icon-position-left\"><a href=\"#1719302706708-8e0ed9ad-d642\" data-vc-accordion data-vc-container=\".vc_tta-container\"><span class=\"vc_tta-title-text\">\u00bfQu\u00e9 escuelas y jardines de infancia se encuentran en Jumeirah Village Circle?<\/span><i class=\"vc_tta-controls-icon vc_tta-controls-icon-plus\"><\/i><\/a><\/h4><\/div><div class=\"vc_tta-panel-body\">\n\t<div class=\"wpb_text_column wpb_content_element  vc_column_text\" >\n\t\t<div class=\"wpb_wrapper\">\n\t\t\t<p><span style=\"font-weight: 400;\">Varias escuelas y jardines de infancia en JVC y sus alrededores ofrecen educaci\u00f3n de calidad para ni\u00f1os de distintas edades. Estas instituciones educativas ofrecen programas de estudio en ingl\u00e9s y cumplen con altos est\u00e1ndares internacionales.<\/span><\/p>\n\n\t\t<\/div>\n\t<\/div>\n<\/div><\/div><\/div><\/div><\/div><\/div><\/div><\/div><\/div><\/div>\n<\/section>","protected":false},"excerpt":{"rendered":"Los Emiratos \u00c1rabes Unidos (EAU) son un pa\u00eds que atrae a turistas que, una vez familiarizados con su cultura y oportunidades, sue\u00f1an con establecerse y vivir aqu\u00ed permanentemente. A pesar de sus estrictas pol\u00edticas de inmigraci\u00f3n, es posible establecerse y disfrutar de un estilo de vida lujoso. La mejor manera de obtener una visa de residencia permanente es comprando una propiedad. Las opciones incluyen villas, casas adosadas, apartamentos o pisos. Los extranjeros...","protected":false},"author":1,"featured_media":0,"parent":4295,"menu_order":0,"comment_status":"closed","ping_status":"closed","template":"advanced_search_results.php","meta":{"inline_featured_image":false,"_glsr_average":0,"_glsr_ranking":0,"_glsr_reviews":0,"footnotes":""},"class_list":["post-4343","page","type-page","status-publish","hentry"],"yoast_head":"<!-- This site is optimized with the Yoast SEO Premium plugin v25.1 (Yoast SEO v25.6) - https:\/\/yoast.com\/wordpress\/plugins\/seo\/ -->\n<title>Buy real estate in Burj Khalifa, Dubai, UAE. Housing prices - Alira<\/title>\n<meta name=\"description\" content=\"Buy property in JVC (Jumeirah Village Circle), Dubai, UAE. \u2b50 Current housing prices in the JVC area, descriptions, photos. \u2b50 Apartments, houses, villas. \u27a4 Leave a request for selection on the website!\" \/>\n<meta name=\"robots\" content=\"index, follow, max-snippet:-1, max-image-preview:large, max-video-preview:-1\" \/>\n<link rel=\"canonical\" href=\"https:\/\/alirarealestate.com\/es\/catalog\/buy\/dubai\/jumeirah-village-circle\/\" \/>\n<meta property=\"og:locale\" content=\"es_ES\" \/>\n<meta property=\"og:type\" content=\"article\" \/>\n<meta property=\"og:title\" content=\"Properties for Sale in JVC (Jumeirah Village Circle)\" \/>\n<meta property=\"og:description\" content=\"Buy property in JVC (Jumeirah Village Circle), Dubai, UAE. \u2b50 Current housing prices in the JVC area, descriptions, photos. \u2b50 Apartments, houses, villas. \u27a4 Leave a request for selection on the website!\" \/>\n<meta property=\"og:url\" content=\"https:\/\/alirarealestate.com\/es\/catalog\/buy\/dubai\/jumeirah-village-circle\/\" \/>\n<meta property=\"og:site_name\" content=\"Alira Real Estate - Real estate in the UAE\" \/>\n<meta property=\"article:modified_time\" content=\"2024-10-27T15:12:25+00:00\" \/>\n<meta name=\"twitter:card\" content=\"summary_large_image\" \/>\n<meta name=\"twitter:label1\" content=\"Tiempo de lectura\" \/>\n\t<meta name=\"twitter:data1\" content=\"6 minutos\" \/>\n<script type=\"application\/ld+json\" class=\"yoast-schema-graph\">{\"@context\":\"https:\/\/schema.org\",\"@graph\":[{\"@type\":\"WebPage\",\"@id\":\"https:\/\/alirarealestate.com\/es\/catalog\/buy\/dubai\/jumeirah-village-circle\/\",\"url\":\"https:\/\/alirarealestate.com\/es\/catalog\/buy\/dubai\/jumeirah-village-circle\/\",\"name\":\"Buy real estate in Burj Khalifa, Dubai, UAE. Housing prices - Alira\",\"isPartOf\":{\"@id\":\"https:\/\/alirarealestate.com\/es\/#website\"},\"datePublished\":\"2024-04-18T07:17:39+00:00\",\"dateModified\":\"2024-10-27T15:12:25+00:00\",\"description\":\"Buy property in JVC (Jumeirah Village Circle), Dubai, UAE. \u2b50 Current housing prices in the JVC area, descriptions, photos. \u2b50 Apartments, houses, villas. \u27a4 Leave a request for selection on the website!\",\"breadcrumb\":{\"@id\":\"https:\/\/alirarealestate.com\/es\/catalog\/buy\/dubai\/jumeirah-village-circle\/#breadcrumb\"},\"inLanguage\":\"es\",\"potentialAction\":[{\"@type\":\"ReadAction\",\"target\":[\"https:\/\/alirarealestate.com\/es\/catalog\/buy\/dubai\/jumeirah-village-circle\/\"]}]},{\"@type\":\"BreadcrumbList\",\"@id\":\"https:\/\/alirarealestate.com\/es\/catalog\/buy\/dubai\/jumeirah-village-circle\/#breadcrumb\",\"itemListElement\":[{\"@type\":\"ListItem\",\"position\":1,\"name\":\"Home\",\"item\":\"https:\/\/alirarealestate.com\/\"},{\"@type\":\"ListItem\",\"position\":2,\"name\":\"Real Estate Catalog\",\"item\":\"https:\/\/alirarealestate.com\/catalog\/\"},{\"@type\":\"ListItem\",\"position\":3,\"name\":\"Real Estate Catalog\",\"item\":\"https:\/\/alirarealestate.com\/catalog\/buy\/\"},{\"@type\":\"ListItem\",\"position\":4,\"name\":\"Properties for Sale in Dubai\",\"item\":\"https:\/\/alirarealestate.com\/catalog\/buy\/dubai\/\"},{\"@type\":\"ListItem\",\"position\":5,\"name\":\"Properties for Sale in JVC (Jumeirah Village Circle)\"}]},{\"@type\":\"WebSite\",\"@id\":\"https:\/\/alirarealestate.com\/es\/#website\",\"url\":\"https:\/\/alirarealestate.com\/es\/\",\"name\":\"Alira Real Estate - Real estate in the UAE\",\"description\":\"\",\"potentialAction\":[{\"@type\":\"SearchAction\",\"target\":{\"@type\":\"EntryPoint\",\"urlTemplate\":\"https:\/\/alirarealestate.com\/es\/?s={search_term_string}\"},\"query-input\":{\"@type\":\"PropertyValueSpecification\",\"valueRequired\":true,\"valueName\":\"search_term_string\"}}],\"inLanguage\":\"es\"}]}<\/script>\n<!-- \/ Yoast SEO Premium plugin. -->","yoast_head_json":{"title":"Buy real estate in Burj Khalifa, Dubai, UAE. Housing prices - Alira","description":"Buy property in JVC (Jumeirah Village Circle), Dubai, UAE. \u2b50 Current housing prices in the JVC area, descriptions, photos. \u2b50 Apartments, houses, villas. \u27a4 Leave a request for selection on the website!","robots":{"index":"index","follow":"follow","max-snippet":"max-snippet:-1","max-image-preview":"max-image-preview:large","max-video-preview":"max-video-preview:-1"},"canonical":"https:\/\/alirarealestate.com\/es\/catalog\/buy\/dubai\/jumeirah-village-circle\/","og_locale":"es_ES","og_type":"article","og_title":"Properties for Sale in JVC (Jumeirah Village Circle)","og_description":"Buy property in JVC (Jumeirah Village Circle), Dubai, UAE. \u2b50 Current housing prices in the JVC area, descriptions, photos. \u2b50 Apartments, houses, villas. \u27a4 Leave a request for selection on the website!","og_url":"https:\/\/alirarealestate.com\/es\/catalog\/buy\/dubai\/jumeirah-village-circle\/","og_site_name":"Alira Real Estate - Real estate in the UAE","article_modified_time":"2024-10-27T15:12:25+00:00","twitter_card":"summary_large_image","twitter_misc":{"Tiempo de lectura":"6 minutos"},"schema":{"@context":"https:\/\/schema.org","@graph":[{"@type":"WebPage","@id":"https:\/\/alirarealestate.com\/es\/catalog\/buy\/dubai\/jumeirah-village-circle\/","url":"https:\/\/alirarealestate.com\/es\/catalog\/buy\/dubai\/jumeirah-village-circle\/","name":"Buy real estate in Burj Khalifa, Dubai, UAE. Housing prices - Alira","isPartOf":{"@id":"https:\/\/alirarealestate.com\/es\/#website"},"datePublished":"2024-04-18T07:17:39+00:00","dateModified":"2024-10-27T15:12:25+00:00","description":"Buy property in JVC (Jumeirah Village Circle), Dubai, UAE. \u2b50 Current housing prices in the JVC area, descriptions, photos. \u2b50 Apartments, houses, villas. \u27a4 Leave a request for selection on the website!","breadcrumb":{"@id":"https:\/\/alirarealestate.com\/es\/catalog\/buy\/dubai\/jumeirah-village-circle\/#breadcrumb"},"inLanguage":"es","potentialAction":[{"@type":"ReadAction","target":["https:\/\/alirarealestate.com\/es\/catalog\/buy\/dubai\/jumeirah-village-circle\/"]}]},{"@type":"BreadcrumbList","@id":"https:\/\/alirarealestate.com\/es\/catalog\/buy\/dubai\/jumeirah-village-circle\/#breadcrumb","itemListElement":[{"@type":"ListItem","position":1,"name":"Home","item":"https:\/\/alirarealestate.com\/"},{"@type":"ListItem","position":2,"name":"Real Estate Catalog","item":"https:\/\/alirarealestate.com\/catalog\/"},{"@type":"ListItem","position":3,"name":"Real Estate Catalog","item":"https:\/\/alirarealestate.com\/catalog\/buy\/"},{"@type":"ListItem","position":4,"name":"Properties for Sale in Dubai","item":"https:\/\/alirarealestate.com\/catalog\/buy\/dubai\/"},{"@type":"ListItem","position":5,"name":"Properties for Sale in JVC (Jumeirah Village Circle)"}]},{"@type":"WebSite","@id":"https:\/\/alirarealestate.com\/es\/#website","url":"https:\/\/alirarealestate.com\/es\/","name":"Alira Real Estate - Real estate in the UAE","description":"","potentialAction":[{"@type":"SearchAction","target":{"@type":"EntryPoint","urlTemplate":"https:\/\/alirarealestate.com\/es\/?s={search_term_string}"},"query-input":{"@type":"PropertyValueSpecification","valueRequired":true,"valueName":"search_term_string"}}],"inLanguage":"es"}]}},"_links":{"self":[{"href":"https:\/\/alirarealestate.com\/es\/wp-json\/wp\/v2\/pages\/4343"}],"collection":[{"href":"https:\/\/alirarealestate.com\/es\/wp-json\/wp\/v2\/pages"}],"about":[{"href":"https:\/\/alirarealestate.com\/es\/wp-json\/wp\/v2\/types\/page"}],"author":[{"embeddable":true,"href":"https:\/\/alirarealestate.com\/es\/wp-json\/wp\/v2\/users\/1"}],"replies":[{"embeddable":true,"href":"https:\/\/alirarealestate.com\/es\/wp-json\/wp\/v2\/comments?post=4343"}],"version-history":[{"count":2,"href":"https:\/\/alirarealestate.com\/es\/wp-json\/wp\/v2\/pages\/4343\/revisions"}],"predecessor-version":[{"id":5925,"href":"https:\/\/alirarealestate.com\/es\/wp-json\/wp\/v2\/pages\/4343\/revisions\/5925"}],"up":[{"embeddable":true,"href":"https:\/\/alirarealestate.com\/es\/wp-json\/wp\/v2\/pages\/4295"}],"wp:attachment":[{"href":"https:\/\/alirarealestate.com\/es\/wp-json\/wp\/v2\/media?parent=4343"}],"curies":[{"name":"wp","href":"https:\/\/api.w.org\/{rel}","templated":true}]}}