{"id":4337,"date":"2024-04-18T10:17:39","date_gmt":"2024-04-18T07:17:39","guid":{"rendered":"https:\/\/alirarealestate.com\/catalog\/buy\/dubai\/dubai-marina\/"},"modified":"2025-04-23T23:28:25","modified_gmt":"2025-04-23T20:28:25","slug":"dubai-marina","status":"publish","type":"page","link":"https:\/\/alirarealestate.com\/es\/catalog\/buy\/dubai\/dubai-marina\/","title":{"rendered":"Propiedad en venta en el puerto deportivo de Dub\u00e1i"},"content":{"rendered":"<section class=\"wpb-content-wrapper\"><div class=\"vc_row wpb_row vc_row-fluid vc_row\"><div class=\"wpb_column vc_column_container vc_col-sm-12 vc_column\"><div class=\"vc_column-inner\"><div class=\"wpb_wrapper\">\n\t<div class=\"wpb_text_column wpb_content_element  vc_column_text\" >\n\t\t<div class=\"wpb_wrapper\">\n\t\t\t<p><span style=\"font-weight: 400;\">Dubai Marina es un distrito de moda de Dubai, muy popular entre los turistas. Est\u00e1 ubicado en la parte occidental de la ciudad y representa una comunidad de \u00e9lite con rascacielos, amplios paseos mar\u00edtimos y c\u00f3modos complejos residenciales. Muchos sue\u00f1an con comprar una propiedad inmobiliaria en Dubai Marina. Comprar una propiedad aqu\u00ed es una excelente soluci\u00f3n tanto para vivir como para invertir. La zona ofrece una amplia selecci\u00f3n de apartamentos, apartamentos, estudios y villas de lujo, que pueden generar buenos ingresos por alquiler.<\/span><\/p>\n<p>&nbsp;<\/p>\n<h2><b>Ventajas de comprar inmuebles en Dubai Marina<\/b><\/h2>\n<p>&nbsp;<\/p>\n<p><span style=\"font-weight: 400;\">Dubai Marina es una encarnaci\u00f3n del lujo y el cosmopolitismo de Dubai. Despu\u00e9s de su aparici\u00f3n, la zona se convirti\u00f3 r\u00e1pidamente en un bullicioso centro de la ciudad, donde hermosas playas de arena conviven con lujosos clubes n\u00e1uticos y una arquitectura innovadora convive pac\u00edficamente con grandes \u00e1reas verdes. Comprar una propiedad en Dubai Marina vale la pena por muchas razones:<\/span><\/p>\n<p>&nbsp;<\/p>\n<ul>\n<li><span style=\"font-weight: 400;\">Una gran cantidad de atracciones: cerca se encuentran el Dubai Mall, la famosa torre Burj Khalifa, la noria Dubai Eye y mucho m\u00e1s.<\/span><\/li>\n<li><span style=\"font-weight: 400;\">Infraestructura desarrollada: hay muchas tiendas, restaurantes, cl\u00ednicas y escuelas en la zona.<\/span><\/li>\n<li><span style=\"font-weight: 400;\">Afluencia de turistas durante todo el a\u00f1o: la zona recibe hu\u00e9spedes durante todo el a\u00f1o, por lo que alquilar una propiedad no es dif\u00edcil.<\/span><\/li>\n<li><span style=\"font-weight: 400;\">La conveniente ubicaci\u00f3n en el coraz\u00f3n de New Dubai ofrece un c\u00f3modo acceso a las playas, centros de negocios y las principales atracciones de la ciudad.<\/span><\/li>\n<li><span style=\"font-weight: 400;\">Una amplia variedad de bienes ra\u00edces, desde opciones asequibles hasta viviendas lujosas con comodidades de primera clase y maravillosas vistas panor\u00e1micas del Golfo P\u00e9rsico.<\/span><\/li>\n<li><span style=\"font-weight: 400;\">Alto rendimiento de la inversi\u00f3n: el precio de los inmuebles en Dubai Marina crece constantemente y los apartamentos despiertan cada vez m\u00e1s inter\u00e9s entre los inquilinos.<\/span><\/li>\n<\/ul>\n<p>&nbsp;<\/p>\n<h2><b>Infraestructura del puerto deportivo de Dub\u00e1i<\/b><\/h2>\n<p>&nbsp;<\/p>\n<p><span style=\"font-weight: 400;\">Dubai Marina tiene una superficie de s\u00f3lo 4,9 kil\u00f3metros cuadrados, pero puede proporcionar a sus residentes una infraestructura completa y bien desarrollada. En la zona se pueden encontrar prestigiosos colegios internacionales, instituciones m\u00e9dicas de primer nivel, cines, restaurantes y cafeter\u00edas que ofrecen platos de la cocina mundial.<\/span><\/p>\n<p>&nbsp;<\/p>\n<p><span style=\"font-weight: 400;\">Puede ir de compras a boutiques, centros comerciales o coloridos mercados locales. A muchos turistas les gusta visitar el mercado de los viernes, que los rusos suelen llamar el Arbat de Dub\u00e1i. Aqu\u00ed podr\u00e1s comprar pinturas de artistas locales, as\u00ed como diversas artesan\u00edas.<\/span><\/p>\n<p>&nbsp;<\/p>\n<p><span style=\"font-weight: 400;\">Toda el \u00e1rea de Dubai Marina est\u00e1 dividida en 10 microdistritos. Cada uno de ellos tiene todo lo que una persona necesita para una estancia confortable. Los complejos residenciales en microdistritos tienen sus propias instalaciones de infraestructura. Casi todos los complejos residenciales tienen sus propios gimnasios, piscinas, tiendas y empresas de servicios. A cada apartamento se le asignan una o m\u00e1s plazas de aparcamiento en aparcamientos cerrados y vigilados.<\/span><\/p>\n\n\t\t<\/div>\n\t<\/div>\n<\/div><\/div><\/div><\/div><div class=\"vc_row wpb_row vc_row-fluid vc_row\"><div class=\"wpb_column vc_column_container vc_col-sm-12 vc_column\"><div class=\"vc_column-inner\"><div class=\"wpb_wrapper\">\n\t<div class=\"wpb_text_column wpb_content_element  vc_column_text\" >\n\t\t<div class=\"wpb_wrapper\">\n\t\t\t<h2><b>Tipos de <\/b><b>propiedad en Dubai Marina en venta<\/b><\/h2>\n<p>&nbsp;<\/p>\n<p><span style=\"font-weight: 400;\">La elecci\u00f3n de bienes inmuebles en Dubai Marina es muy amplia. El parque residencial de la zona incluye m\u00e1s de 200 casas, donde podr\u00e1s encontrar buenas opciones dentro de tu presupuesto. A la venta est\u00e1n:<\/span><\/p>\n<p>&nbsp;<\/p>\n<ul>\n<li><span style=\"font-weight: 400;\"><a href=\"https:\/\/alirarealestate.com\/es\/catalog\/buy\/dubai\/dubai-marina\/apartments\/\">Apartamentos<\/a> \u2013 pertenecen a la categor\u00eda m\u00e1s amplia de viviendas en Dubai Marina. A los compradores se les ofrecen apartamentos de una a cinco habitaciones, estudios compactos y apartamentos espaciosos. Los complejos residenciales de la zona incluyen tipos de viviendas tanto de \u00e9lite como econ\u00f3micas. Los apartamentos junto al mar son especialmente populares.<\/span><\/li>\n<li><span style=\"font-weight: 400;\">Villas: ubicadas en los territorios de complejos residenciales, pueden tener de 2 a 6 dormitorios y ba\u00f1os. La mayor\u00eda de las ofertas en el sector privado son villas de podio, que se encuentran al pie de edificios de gran altura.<\/span><\/li>\n<li><span style=\"font-weight: 400;\">\u00c1ticos: ubicados en los pisos superiores de los rascacielos y ofrecen magn\u00edficas vistas del puerto y el desarrollo de la ciudad. Muchas habitaciones est\u00e1n equipadas con terrazas donde podr\u00e1 relajarse y tomar el t\u00e9 por la noche.<\/span><\/li>\n<li><span style=\"font-weight: 400;\">Casas adosadas: se ofrecen en peque\u00f1as cantidades y son apartamentos de varios niveles que ocupan la mitad de una casa privada. Las casas adosadas tienen entradas independientes, plazas de aparcamiento y, a veces, peque\u00f1as parcelas de terreno.<\/span><\/li>\n<li><span style=\"font-weight: 400;\">Bienes ra\u00edces comerciales: representados por espacios de oficinas, hoteles, habitaciones de hotel. Estas ofertas tienen una gran demanda entre los empresarios que compran bienes inmuebles con fines comerciales.<\/span><\/li>\n<\/ul>\n<p>&nbsp;<\/p>\n<h2><b>Precios de bienes ra\u00edces en Dubai Marina<\/b><\/h2>\n<p>&nbsp;<\/p>\n<p><span style=\"font-weight: 400;\">El costo de los bienes ra\u00edces en Dubai Marina es asequible para muchos compradores. Los precios son m\u00e1s bajos que en muchas ciudades europeas importantes, pero la demanda de vivienda en constante crecimiento contribuye a su crecimiento estable. Los m\u00e1s asequibles son los apartamentos tipo estudio. A partir de 2023, estos bienes inmuebles se podr\u00e1n comprar por una media de 500.000 AED. Un apartamento de una habitaci\u00f3n costar\u00e1 un poco m\u00e1s: desde 600.000 dirhams, y el coste de una villa puede ascender a cientos de millones de dirhams. Por ejemplo, una mansi\u00f3n con seis dormitorios y siete ba\u00f1os costar\u00e1 aproximadamente 225 millones de AED.<\/span><\/p>\n<p>&nbsp;<\/p>\n<p><span style=\"font-weight: 400;\">Los precios de los apartamentos y apartamentos pueden verse influenciados por muchos factores, incluida la zona, la proximidad a las playas, el nivel de confort y el equipamiento t\u00e9cnico. El constante aumento del valor de los objetos se explica tanto por la atractiva ubicaci\u00f3n de la zona como por la alta calidad de vida, la infraestructura desarrollada y la proximidad a muchas atracciones de Dubai.<\/span><\/p>\n\n\t\t<\/div>\n\t<\/div>\n<\/div><\/div><\/div><\/div><div class=\"vc_row wpb_row vc_row-fluid vc_row\"><div class=\"wpb_column vc_column_container vc_col-sm-12 vc_column\"><div class=\"vc_column-inner\"><div class=\"wpb_wrapper\">\n\t<div class=\"wpb_text_column wpb_content_element  vc_column_text\" >\n\t\t<div class=\"wpb_wrapper\">\n\t\t\t<h2><b>Estilo de vida en el puerto deportivo de Dub\u00e1i<\/b><\/h2>\n<p>&nbsp;<\/p>\n<p><span style=\"font-weight: 400;\">Dubai Marina est\u00e1 poblada activamente por expatriados que prefieren este lugar por su buena infraestructura de transporte y su proximidad al mar. La zona tambi\u00e9n es elegida por muchos empresarios porque cerca se encuentran importantes centros de negocios: <a href=\"https:\/\/alirarealestate.com\/ru\/catalog\/buy\/dubai\/downtown\/\">Centro de Dub\u00e1i<\/a> y <a href=\"https:\/\/alirarealestate.com\/ru\/catalog\/buy\/dubai\/business-bay\/\">Bah\u00eda de Negocios<\/a>.<\/span><\/p>\n<p>&nbsp;<\/p>\n<p><span style=\"font-weight: 400;\">Mucha gente elige <\/span><span style=\"font-weight: 400;\">Propiedad del puerto deportivo de Dub\u00e1i<\/span><span style=\"font-weight: 400;\"> debido a su proximidad a las famosas atracciones de Dubai. M\u00e1s de 10 km de paseos mar\u00edtimos, grandes centros de entretenimiento, parques pintorescos, playas limpias con todas las comodidades: esto es lo que confiere a la zona un gran atractivo para la inversi\u00f3n.<\/span><\/p>\n<p>&nbsp;<\/p>\n<p><span style=\"font-weight: 400;\">La zona se caracteriza por una infraestructura de transporte desarrollada. Los residentes tienen acceso al Metro de Dubai, lo que les permite llegar r\u00e1pidamente a casi cualquier parte de la ciudad. Los conductores pueden utilizar numerosas autopistas y autopistas, y los amantes de los paseos mar\u00edtimos disponen de taxis acu\u00e1ticos.<\/span><\/p>\n<p>&nbsp;<\/p>\n<p><span style=\"font-weight: 400;\">Una caracter\u00edstica distintiva de la planificaci\u00f3n de la zona es la presencia de numerosas zonas peatonales. Los amplios senderos que recorren la costa permiten a los residentes pasar mucho tiempo paseando tranquilamente. En el camino podr\u00e1s encontrar f\u00e1cilmente bancos donde descansar a la sombra de frondosos \u00e1rboles.<\/span><\/p>\n<p>&nbsp;<\/p>\n<p><span style=\"font-weight: 400;\">El estilo de vida tradicional en Dubai Marina es entretenimiento vibrante y eventos emocionantes. El paseo mar\u00edtimo Dubai Marina Walk, donde se encuentran m\u00e1s de 300 restaurantes, cafeter\u00edas y otros lugares para pasatiempos interesantes, atraviesa la zona. A lo largo del a\u00f1o se llevan a cabo diversos eventos para adultos y ni\u00f1os en los centros culturales y de entretenimiento locales.<\/span><\/p>\n<p>&nbsp;<\/p>\n<h2><b>Invertir en bienes ra\u00edces en el puerto deportivo de Dubai<\/b><\/h2>\n<p>&nbsp;<\/p>\n<p><span style=\"font-weight: 400;\">Si t\u00fa compras <\/span><span style=\"font-weight: 400;\">propiedad en Dubai Mar\u00edn<\/span><span style=\"font-weight: 400;\">a, puedes alquilarlo a turistas. Todos los apartamentos aqu\u00ed est\u00e1n cerca de las playas, por lo que siempre tienen demanda. El retorno de la inversi\u00f3n en esta zona es uno de los m\u00e1s altos de la ciudad. En promedio, el retorno de la inversi\u00f3n en viviendas de lujo es de 6,51 TP3T por a\u00f1o, y algunas opciones ofrecen un rendimiento de hasta 8-9,51 TP3T por a\u00f1o. Los estudios compactos son los m\u00e1s adecuados para inversiones de capital, ya que tienen la mayor demanda entre los inquilinos. El retorno medio de la inversi\u00f3n al adquirirlos es de hasta 7%.<\/span><\/p>\n<p>&nbsp;<\/p>\n<h2><b>Beneficios de la cooperaci\u00f3n con la empresa Alira Real Estate<\/b><\/h2>\n<p>&nbsp;<\/p>\n<p><span style=\"font-weight: 400;\">La empresa Alira est\u00e1 dispuesta a ayudar con la compra de propiedades rentables en Dubai Marina. Seleccionaremos bienes inmuebles de calidad y le brindaremos condiciones de cooperaci\u00f3n seguras en el formato que m\u00e1s le convenga: en una reuni\u00f3n personal o de forma remota. Contactando con nuestra agencia obtendr\u00e1s:<\/span><\/p>\n<p>&nbsp;<\/p>\n<ul>\n<li><span style=\"font-weight: 400;\">Servicios de profesionales con amplia experiencia en el sector inmobiliario de los Emiratos \u00c1rabes.<\/span><\/li>\n<li><span style=\"font-weight: 400;\">Interacci\u00f3n flexible, selecci\u00f3n de vivienda seg\u00fan sus preferencias y presupuesto.<\/span><\/li>\n<li><span style=\"font-weight: 400;\">Una amplia gama de servicios, incluida la asistencia en la compra, alquiler, venta o gesti\u00f3n de propiedades.<\/span><\/li>\n<li><span style=\"font-weight: 400;\">Garant\u00eda de confidencialidad de su informaci\u00f3n personal.<\/span><\/li>\n<li><span style=\"font-weight: 400;\">Comodidad para encontrar bienes inmuebles en el sitio web gracias a descripciones detalladas y un sistema de filtrado bien pensado.<\/span><\/li>\n<li><span style=\"font-weight: 400;\">Suministro de informaci\u00f3n \u00fatil: noticias recientes, cambios en la legislaci\u00f3n, estad\u00edsticas.<\/span><\/li>\n<\/ul>\n<p>&nbsp;<\/p>\n<p><span style=\"font-weight: 400;\">P\u00f3ngase en contacto con nuestra empresa si est\u00e1 interesado en comprar o vender bienes ra\u00edces en Dubai Marina. Nos encargaremos de todos los asuntos relacionados con la transacci\u00f3n y brindaremos soporte legal completo en cada etapa. Puede registrarse para una consulta mediante el formulario del sitio web, por tel\u00e9fono <\/span><span style=\"font-weight: 400;\"><a href=\"tel: 971588337903\">+971 (588) 337 903<\/a><\/span><span style=\"font-weight: 400;\">\u00a0y <\/span><span style=\"font-weight: 400;\"><a href=\"tel: 79869277377\">+7 (986) 927-73-77<\/a>, <\/span><span style=\"font-weight: 400;\">o por correo electr\u00f3nico <\/span><a class=\"mail\" href=\"mailto:info@alirarealestate.com\">info@alirarealestate.com<\/a><span style=\"font-weight: 400;\">.<\/span><\/p>\n\n\t\t<\/div>\n\t<\/div>\n<\/div><\/div><\/div><\/div><div class=\"vc_row wpb_row vc_row-fluid vc_row\"><div class=\"wpb_column vc_column_container vc_col-sm-12 vc_column\"><div class=\"vc_column-inner\"><div class=\"wpb_wrapper\"><div class=\"vc_tta-container\" data-vc-action=\"collapseAll\"><h2>Preguntas m\u00e1s frecuentes<\/h2><div class=\"vc_general vc_tta vc_tta-accordion vc_tta-color-grey vc_tta-style-classic vc_tta-shape-rounded vc_tta-o-shape-group vc_tta-controls-align-left vc_tta-o-all-clickable wpestate_accordion vc_tta_accordion\"><div class=\"vc_tta-panels-container\"><div class=\"vc_tta-panels\"><div class=\"vc_tta-panel vc_active\" id=\"1714047978264-be49e7e2-f6e2\" data-vc-content=\".vc_tta-panel-body\"><div class=\"vc_tta-panel-heading\"><h4 class=\"vc_tta-panel-title vc_tta-controls-icon-position-left\"><a href=\"#1714047978264-be49e7e2-f6e2\" data-vc-accordion data-vc-container=\".vc_tta-container\"><span class=\"vc_tta-title-text\">\u00bfQu\u00e9 complejos residenciales hay en Dubai Marina?<\/span><i class=\"vc_tta-controls-icon vc_tta-controls-icon-plus\"><\/i><\/a><\/h4><\/div><div class=\"vc_tta-panel-body\">\n\t<div class=\"wpb_text_column wpb_content_element  vc_column_text\" >\n\t\t<div class=\"wpb_wrapper\">\n\t\t\t<p><span style=\"font-weight: 400;\">Hay muchos complejos residenciales en construcci\u00f3n y operativos en Dubai Marina. La mayor\u00eda de ellos son conjuntos arquitect\u00f3nicos de gran altura formados por rascacielos de entre 30 y 70 pisos. Los m\u00e1s famosos son la Torre Cavalli, LIV Marina, Stella Maris, Direcci\u00f3n Jbr.<\/span><\/p>\n\n\t\t<\/div>\n\t<\/div>\n<\/div><\/div><div class=\"vc_tta-panel\" id=\"1714047978281-54d23170-2a7b\" data-vc-content=\".vc_tta-panel-body\"><div class=\"vc_tta-panel-heading\"><h4 class=\"vc_tta-panel-title vc_tta-controls-icon-position-left\"><a href=\"#1714047978281-54d23170-2a7b\" data-vc-accordion data-vc-container=\".vc_tta-container\"><span class=\"vc_tta-title-text\">\u00bfD\u00f3nde se pueden practicar deportes en Dubai Marina?<\/span><i class=\"vc_tta-controls-icon vc_tta-controls-icon-plus\"><\/i><\/a><\/h4><\/div><div class=\"vc_tta-panel-body\">\n\t<div class=\"wpb_text_column wpb_content_element  vc_column_text\" >\n\t\t<div class=\"wpb_wrapper\">\n\t\t\t<p><span style=\"font-weight: 400;\">La zona es rica en gimnasios y centros de fitness con equipamiento moderno. Los fan\u00e1ticos de los deportes acu\u00e1ticos esperan el Dubai Marina Yacht Club, y los amantes del paracaidismo pueden visitar el helipuerto Skydive Dubai.<\/span><\/p>\n\n\t\t<\/div>\n\t<\/div>\n<\/div><\/div><div class=\"vc_tta-panel\" id=\"1714048330616-cdf0402c-5a4d\" data-vc-content=\".vc_tta-panel-body\"><div class=\"vc_tta-panel-heading\"><h4 class=\"vc_tta-panel-title vc_tta-controls-icon-position-left\"><a href=\"#1714048330616-cdf0402c-5a4d\" data-vc-accordion data-vc-container=\".vc_tta-container\"><span class=\"vc_tta-title-text\">\u00bfD\u00f3nde puedes ir de compras en el puerto deportivo de Dub\u00e1i?<\/span><i class=\"vc_tta-controls-icon vc_tta-controls-icon-plus\"><\/i><\/a><\/h4><\/div><div class=\"vc_tta-panel-body\">\n\t<div class=\"wpb_text_column wpb_content_element  vc_column_text\" >\n\t\t<div class=\"wpb_wrapper\">\n\t\t\t<p><span style=\"font-weight: 400;\">El centro comercial m\u00e1s grande de la zona es Dubai Marina Mall. Sus paredes albergan boutiques de marcas populares, salones de belleza y m\u00e1s de 20 restaurantes.<\/span><\/p>\n\n\t\t<\/div>\n\t<\/div>\n<\/div><\/div><\/div><\/div><\/div><\/div><\/div><\/div><\/div><\/div>\n<\/section>","protected":false},"excerpt":{"rendered":"Dubai Marina es un distrito de moda en Dub\u00e1i, muy popular entre los turistas. Se encuentra en la zona oeste de la ciudad y representa una comunidad de \u00e9lite con rascacielos, amplios paseos y c\u00f3modos complejos residenciales. Muchos sue\u00f1an con comprar una propiedad en Dubai Marina. Comprar una propiedad aqu\u00ed es una excelente soluci\u00f3n tanto para vivir como para invertir. La zona ofrece una amplia...","protected":false},"author":1,"featured_media":0,"parent":4295,"menu_order":0,"comment_status":"closed","ping_status":"closed","template":"advanced_search_results.php","meta":{"inline_featured_image":false,"_glsr_average":0,"_glsr_ranking":0,"_glsr_reviews":0,"footnotes":""},"class_list":["post-4337","page","type-page","status-publish","hentry"],"yoast_head":"<!-- This site is optimized with the Yoast SEO Premium plugin v25.1 (Yoast SEO v25.6) - https:\/\/yoast.com\/wordpress\/plugins\/seo\/ -->\n<title>Property for Sale in Dubai Marina, UAE. Buy Real Estate - Alira Dubai<\/title>\n<meta name=\"description\" content=\"Explore properties for sale in Dubai Marina, UAE with Alira. \u2b50 Buy real estate in Dubai Marina: apartments, villas. \u2b50 Prices, descriptions, and photos. \u27a4 Discover your perfect on our website!\" \/>\n<meta name=\"robots\" content=\"index, follow, max-snippet:-1, max-image-preview:large, max-video-preview:-1\" \/>\n<link rel=\"canonical\" href=\"https:\/\/alirarealestate.com\/es\/catalog\/buy\/dubai\/dubai-marina\/\" \/>\n<meta property=\"og:locale\" content=\"es_ES\" \/>\n<meta property=\"og:type\" content=\"article\" \/>\n<meta property=\"og:title\" content=\"Property for Sale in Dubai Marina\" \/>\n<meta property=\"og:description\" content=\"Explore properties for sale in Dubai Marina, UAE with Alira. \u2b50 Buy real estate in Dubai Marina: apartments, villas. \u2b50 Prices, descriptions, and photos. \u27a4 Discover your perfect on our website!\" \/>\n<meta property=\"og:url\" content=\"https:\/\/alirarealestate.com\/es\/catalog\/buy\/dubai\/dubai-marina\/\" \/>\n<meta property=\"og:site_name\" content=\"Alira Real Estate - Real estate in the UAE\" \/>\n<meta property=\"article:modified_time\" content=\"2025-04-23T20:28:25+00:00\" \/>\n<meta name=\"twitter:card\" content=\"summary_large_image\" \/>\n<meta name=\"twitter:label1\" content=\"Tiempo de lectura\" \/>\n\t<meta name=\"twitter:data1\" content=\"7 minutos\" \/>\n<script type=\"application\/ld+json\" class=\"yoast-schema-graph\">{\"@context\":\"https:\/\/schema.org\",\"@graph\":[{\"@type\":\"WebPage\",\"@id\":\"https:\/\/alirarealestate.com\/es\/catalog\/buy\/dubai\/dubai-marina\/\",\"url\":\"https:\/\/alirarealestate.com\/es\/catalog\/buy\/dubai\/dubai-marina\/\",\"name\":\"Property for Sale in Dubai Marina, UAE. Buy Real Estate - Alira Dubai\",\"isPartOf\":{\"@id\":\"https:\/\/alirarealestate.com\/es\/#website\"},\"datePublished\":\"2024-04-18T07:17:39+00:00\",\"dateModified\":\"2025-04-23T20:28:25+00:00\",\"description\":\"Explore properties for sale in Dubai Marina, UAE with Alira. \u2b50 Buy real estate in Dubai Marina: apartments, villas. \u2b50 Prices, descriptions, and photos. \u27a4 Discover your perfect on our website!\",\"breadcrumb\":{\"@id\":\"https:\/\/alirarealestate.com\/es\/catalog\/buy\/dubai\/dubai-marina\/#breadcrumb\"},\"inLanguage\":\"es\",\"potentialAction\":[{\"@type\":\"ReadAction\",\"target\":[\"https:\/\/alirarealestate.com\/es\/catalog\/buy\/dubai\/dubai-marina\/\"]}]},{\"@type\":\"BreadcrumbList\",\"@id\":\"https:\/\/alirarealestate.com\/es\/catalog\/buy\/dubai\/dubai-marina\/#breadcrumb\",\"itemListElement\":[{\"@type\":\"ListItem\",\"position\":1,\"name\":\"Home\",\"item\":\"https:\/\/alirarealestate.com\/\"},{\"@type\":\"ListItem\",\"position\":2,\"name\":\"Real Estate Catalog\",\"item\":\"https:\/\/alirarealestate.com\/catalog\/\"},{\"@type\":\"ListItem\",\"position\":3,\"name\":\"Real Estate Catalog\",\"item\":\"https:\/\/alirarealestate.com\/catalog\/buy\/\"},{\"@type\":\"ListItem\",\"position\":4,\"name\":\"Properties for Sale in Dubai\",\"item\":\"https:\/\/alirarealestate.com\/catalog\/buy\/dubai\/\"},{\"@type\":\"ListItem\",\"position\":5,\"name\":\"Property for Sale in Dubai Marina\"}]},{\"@type\":\"WebSite\",\"@id\":\"https:\/\/alirarealestate.com\/es\/#website\",\"url\":\"https:\/\/alirarealestate.com\/es\/\",\"name\":\"Alira Real Estate - Real estate in the UAE\",\"description\":\"\",\"potentialAction\":[{\"@type\":\"SearchAction\",\"target\":{\"@type\":\"EntryPoint\",\"urlTemplate\":\"https:\/\/alirarealestate.com\/es\/?s={search_term_string}\"},\"query-input\":{\"@type\":\"PropertyValueSpecification\",\"valueRequired\":true,\"valueName\":\"search_term_string\"}}],\"inLanguage\":\"es\"}]}<\/script>\n<!-- \/ Yoast SEO Premium plugin. -->","yoast_head_json":{"title":"Property for Sale in Dubai Marina, UAE. Buy Real Estate - Alira Dubai","description":"Explore properties for sale in Dubai Marina, UAE with Alira. \u2b50 Buy real estate in Dubai Marina: apartments, villas. \u2b50 Prices, descriptions, and photos. \u27a4 Discover your perfect on our website!","robots":{"index":"index","follow":"follow","max-snippet":"max-snippet:-1","max-image-preview":"max-image-preview:large","max-video-preview":"max-video-preview:-1"},"canonical":"https:\/\/alirarealestate.com\/es\/catalog\/buy\/dubai\/dubai-marina\/","og_locale":"es_ES","og_type":"article","og_title":"Property for Sale in Dubai Marina","og_description":"Explore properties for sale in Dubai Marina, UAE with Alira. \u2b50 Buy real estate in Dubai Marina: apartments, villas. \u2b50 Prices, descriptions, and photos. \u27a4 Discover your perfect on our website!","og_url":"https:\/\/alirarealestate.com\/es\/catalog\/buy\/dubai\/dubai-marina\/","og_site_name":"Alira Real Estate - Real estate in the UAE","article_modified_time":"2025-04-23T20:28:25+00:00","twitter_card":"summary_large_image","twitter_misc":{"Tiempo de lectura":"7 minutos"},"schema":{"@context":"https:\/\/schema.org","@graph":[{"@type":"WebPage","@id":"https:\/\/alirarealestate.com\/es\/catalog\/buy\/dubai\/dubai-marina\/","url":"https:\/\/alirarealestate.com\/es\/catalog\/buy\/dubai\/dubai-marina\/","name":"Property for Sale in Dubai Marina, UAE. Buy Real Estate - Alira Dubai","isPartOf":{"@id":"https:\/\/alirarealestate.com\/es\/#website"},"datePublished":"2024-04-18T07:17:39+00:00","dateModified":"2025-04-23T20:28:25+00:00","description":"Explore properties for sale in Dubai Marina, UAE with Alira. \u2b50 Buy real estate in Dubai Marina: apartments, villas. \u2b50 Prices, descriptions, and photos. \u27a4 Discover your perfect on our website!","breadcrumb":{"@id":"https:\/\/alirarealestate.com\/es\/catalog\/buy\/dubai\/dubai-marina\/#breadcrumb"},"inLanguage":"es","potentialAction":[{"@type":"ReadAction","target":["https:\/\/alirarealestate.com\/es\/catalog\/buy\/dubai\/dubai-marina\/"]}]},{"@type":"BreadcrumbList","@id":"https:\/\/alirarealestate.com\/es\/catalog\/buy\/dubai\/dubai-marina\/#breadcrumb","itemListElement":[{"@type":"ListItem","position":1,"name":"Home","item":"https:\/\/alirarealestate.com\/"},{"@type":"ListItem","position":2,"name":"Real Estate Catalog","item":"https:\/\/alirarealestate.com\/catalog\/"},{"@type":"ListItem","position":3,"name":"Real Estate Catalog","item":"https:\/\/alirarealestate.com\/catalog\/buy\/"},{"@type":"ListItem","position":4,"name":"Properties for Sale in Dubai","item":"https:\/\/alirarealestate.com\/catalog\/buy\/dubai\/"},{"@type":"ListItem","position":5,"name":"Property for Sale in Dubai Marina"}]},{"@type":"WebSite","@id":"https:\/\/alirarealestate.com\/es\/#website","url":"https:\/\/alirarealestate.com\/es\/","name":"Alira Real Estate - Real estate in the UAE","description":"","potentialAction":[{"@type":"SearchAction","target":{"@type":"EntryPoint","urlTemplate":"https:\/\/alirarealestate.com\/es\/?s={search_term_string}"},"query-input":{"@type":"PropertyValueSpecification","valueRequired":true,"valueName":"search_term_string"}}],"inLanguage":"es"}]}},"_links":{"self":[{"href":"https:\/\/alirarealestate.com\/es\/wp-json\/wp\/v2\/pages\/4337"}],"collection":[{"href":"https:\/\/alirarealestate.com\/es\/wp-json\/wp\/v2\/pages"}],"about":[{"href":"https:\/\/alirarealestate.com\/es\/wp-json\/wp\/v2\/types\/page"}],"author":[{"embeddable":true,"href":"https:\/\/alirarealestate.com\/es\/wp-json\/wp\/v2\/users\/1"}],"replies":[{"embeddable":true,"href":"https:\/\/alirarealestate.com\/es\/wp-json\/wp\/v2\/comments?post=4337"}],"version-history":[{"count":2,"href":"https:\/\/alirarealestate.com\/es\/wp-json\/wp\/v2\/pages\/4337\/revisions"}],"predecessor-version":[{"id":5922,"href":"https:\/\/alirarealestate.com\/es\/wp-json\/wp\/v2\/pages\/4337\/revisions\/5922"}],"up":[{"embeddable":true,"href":"https:\/\/alirarealestate.com\/es\/wp-json\/wp\/v2\/pages\/4295"}],"wp:attachment":[{"href":"https:\/\/alirarealestate.com\/es\/wp-json\/wp\/v2\/media?parent=4337"}],"curies":[{"name":"wp","href":"https:\/\/api.w.org\/{rel}","templated":true}]}}