{"id":4328,"date":"2024-04-18T10:17:39","date_gmt":"2024-04-18T07:17:39","guid":{"rendered":"https:\/\/alirarealestate.com\/catalog\/buy\/dubai\/damac-lagoons\/"},"modified":"2024-10-27T18:04:03","modified_gmt":"2024-10-27T15:04:03","slug":"damac-lagoons","status":"publish","type":"page","link":"https:\/\/alirarealestate.com\/es\/catalog\/buy\/dubai\/damac-lagoons\/","title":{"rendered":"Propiedades en Venta en Lagunas de Damac"},"content":{"rendered":"<section class=\"wpb-content-wrapper\"><div class=\"vc_row wpb_row vc_row-fluid vc_row\"><div class=\"wpb_column vc_column_container vc_col-sm-12 vc_column\"><div class=\"vc_column-inner\"><div class=\"wpb_wrapper\">\n\t<div class=\"wpb_text_column wpb_content_element  vc_column_text\" >\n\t\t<div class=\"wpb_wrapper\">\n\t\t\t<p><span style=\"font-weight: 400;\">Damac Lagoons es un ambicioso proyecto que representa un complejo de distritos orientados al ocio confortable, que recuerda m\u00e1s a un resort que a vivir en una metr\u00f3poli. Al elegir esta comunidad, estar\u00e1 rodeado de c\u00f3modas casas adosadas y villas de estilo mediterr\u00e1neo.<\/span><\/p>\n<p>&nbsp;<\/p>\n<p><span style=\"font-weight: 400;\">Los residentes y hu\u00e9spedes de Damac Lagoons pueden disfrutar de una gran variedad de opciones de entretenimiento y ocio, como impresionantes toboganes y atracciones acu\u00e1ticas dise\u00f1adas tanto para ni\u00f1os como para adultos. Tambi\u00e9n hay un cine acu\u00e1tico y un anfiteatro flotante. El r\u00edo en forma de D es otro hito \u00fanico de la comunidad. Esta caracter\u00edstica destaca por su incre\u00edblemente gran escala, con playas, simuladores de olas y parques acu\u00e1ticos.<\/span><\/p>\n<p>&nbsp;<\/p>\n<p><span style=\"font-weight: 400;\">Por el momento, la comunidad todav\u00eda se est\u00e1 desarrollando y se est\u00e1n construyendo muchas instalaciones diferentes, incluido un gran centro comercial que contar\u00e1 con lugares de entretenimiento, numerosas tiendas, cafeter\u00edas y restaurantes.<\/span><\/p>\n<p>&nbsp;<\/p>\n<h2><b>Ventajas de comprar <\/b><b>bienes ra\u00edces en Lagunas de Damac<\/b><\/h2>\n<p>&nbsp;<\/p>\n<p><span style=\"font-weight: 400;\">Los residentes de Damac Lagoons pueden disfrutar de playas de arena blanca y lagunas de aguas cristalinas. Las confortables villas y casas adosadas cuentan con todo lo necesario para vivir: piscinas, zonas de relajaci\u00f3n, restaurantes e instalaciones deportivas. Se presta especial atenci\u00f3n al alto nivel de seguridad: control de acceso a las villas, seguridad y videovigilancia. Dependiendo de las capacidades y preferencias financieras, puede <\/span><span style=\"font-weight: 400;\">comprar propiedad en lagunas de Damac<\/span><span style=\"font-weight: 400;\"> de varios tama\u00f1os y dise\u00f1os. Teniendo en cuenta que el megaproyecto fue concebido como un proyecto orientado a la familia, aqu\u00ed se celebran regularmente muchos eventos para construir comunidad y interacci\u00f3n social con los vecinos.<\/span><\/p>\n<p>&nbsp;<\/p>\n<p><span style=\"font-weight: 400;\">La atm\u00f3sfera especial que atrae a los residentes aqu\u00ed se crea por la belleza natural de la zona: \u00e1reas verdes, parques y plazas.<\/span><\/p>\n<p>&nbsp;<\/p>\n<p><span style=\"font-weight: 400;\">La comunidad se est\u00e1 desarrollando y tiene planes de construir villas que tendr\u00e1n una superficie de m\u00e1s de 1.000 m2, as\u00ed como de 6 a 7 dormitorios. Semejante <\/span><span style=\"font-weight: 400;\">propiedades en Lagunas de Damac<\/span><span style=\"font-weight: 400;\"> contar\u00e1 con jacuzzi, \u00e1rea de juegos infantiles, gimnasio personal, panader\u00eda y estudio. Cada villa tendr\u00e1 una amplia piscina y un ascensor.<\/span><\/p>\n<p>&nbsp;<\/p>\n<p><span style=\"font-weight: 400;\">Se construir\u00e1n nuevas casas adosadas con una superficie a partir de 212 m2 y 4-5 dormitorios. Los dise\u00f1os incluir\u00e1n balc\u00f3n, patio, lavadero y terraza.<\/span><\/p>\n<p>&nbsp;<\/p>\n<h2><b>Infraestructura comunitaria<\/b><\/h2>\n<p>&nbsp;<\/p>\n<p><span style=\"font-weight: 400;\">Actualmente, la comunidad de Damac Lagoons se encuentra en una etapa activa de construcci\u00f3n y desarrollo de instalaciones de infraestructura. Una vez finalizados todos los proyectos, lo siguiente se ubicar\u00e1 aqu\u00ed:<\/span><\/p>\n<p>&nbsp;<\/p>\n<ul>\n<li><span style=\"font-weight: 400;\">gimnasios;<\/span><\/li>\n<li><span style=\"font-weight: 400;\">tiendas;<\/span><\/li>\n<li><span style=\"font-weight: 400;\">farmacias;<\/span><\/li>\n<li><span style=\"font-weight: 400;\">escuelas;<\/span><\/li>\n<li><span style=\"font-weight: 400;\">anfiteatro acu\u00e1tico;<\/span><\/li>\n<li><span style=\"font-weight: 400;\">anfiteatro flotante.<\/span><\/li>\n<\/ul>\n<p>&nbsp;<\/p>\n<p><span style=\"font-weight: 400;\">Los residentes tendr\u00e1n acceso a un centro comercial regional, un parque acu\u00e1tico y una piscina de olas. Al vivir en Damac Lagoons, puede llegar a hospitales, universidades, escuelas y guarder\u00edas en 10 minutos, as\u00ed como a atracciones populares como:<\/span><\/p>\n<p>&nbsp;<\/p>\n<ul>\n<li><span style=\"font-weight: 400;\">Playa de Sufouh;<\/span><\/li>\n<li><span style=\"font-weight: 400;\">Aldea Global;<\/span><\/li>\n<li><span style=\"font-weight: 400;\">Hip\u00f3dromo de Jebel Ali;<\/span><\/li>\n<li><span style=\"font-weight: 400;\">Jard\u00edn Milagro de Dub\u00e1i;<\/span><\/li>\n<li><span style=\"font-weight: 400;\">Centro de la ciudad Me&#039;aisem y Cityland Mall;<\/span><\/li>\n<li><span style=\"font-weight: 400;\">Hospital Mediclinic Parkview y NMC Royal Hospital;<\/span><\/li>\n<li><span style=\"font-weight: 400;\">Club Ecuestre y de Polo de Dub\u00e1i;<\/span><\/li>\n<li><span style=\"font-weight: 400;\">gimnasio FitRepublik;<\/span><\/li>\n<li><span style=\"font-weight: 400;\">Centro comercial Waitrose y Motor City;<\/span><\/li>\n<li><span style=\"font-weight: 400;\">El Zoco de los Ranchos Mercado \u00c1rabe.<\/span><\/li>\n<\/ul>\n<p>&nbsp;<\/p>\n<p><span style=\"font-weight: 400;\">El viaje desde <\/span><span style=\"font-weight: 400;\">propiedad en venta en Lagunas de Damac <\/span><span style=\"font-weight: 400;\">llegar a las atracciones m\u00e1s impresionantes del pa\u00eds, como Dubai Knowledge Village, el aeropuerto internacional de Dubai, el Dubai Mall y Burj Khalifa, tarda unos 30 minutos.<\/span><\/p>\n<p>&nbsp;<\/p>\n<p><span style=\"font-weight: 400;\">Junto a Damac Lagoons hay dos distritos prestigiosos:<\/span><\/p>\n<p>&nbsp;<\/p>\n<ul>\n<li><span style=\"font-weight: 400;\">Mud\u00f3n. Aqu\u00ed puede visitar el Centro Comunitario de Mudon y el centro de desarrollo del Vivero Blossom Mudon.<\/span><\/li>\n<li><span style=\"font-weight: 400;\"><a href=\"https:\/\/alirarealestate.com\/ru\/catalog\/buy\/dubai\/damac-hills\/\">Colinas DAMAC<\/a>. Esta \u00e1rea alberga el Trump International Golf Club, la escuela Jebel Ali, el supermercado Viva y Carrefour.<\/span><\/li>\n<\/ul>\n<p>&nbsp;<\/p>\n<p><span style=\"font-weight: 400;\">Los residentes que han comprado inmuebles en esta zona suelen viajar en coche privado, ya que el sistema de transporte p\u00fablico a\u00fan est\u00e1 en fase de desarrollo.<\/span><\/p>\n\n\t\t<\/div>\n\t<\/div>\n<\/div><\/div><\/div><\/div><div class=\"vc_row wpb_row vc_row-fluid vc_row\"><div class=\"wpb_column vc_column_container vc_col-sm-12 vc_column\"><div class=\"vc_column-inner\"><div class=\"wpb_wrapper\">\n\t<div class=\"wpb_text_column wpb_content_element  vc_column_text\" >\n\t\t<div class=\"wpb_wrapper\">\n\t\t\t<h2><b>principales tipos de <\/b><b>propiedades en venta en Lagunas de Damac<\/b><\/h2>\n<p>&nbsp;<\/p>\n<p><span style=\"font-weight: 400;\">La moderna comunidad de Damac Lagoons en Dubai ofrece una multitud de lujosas villas y casas adosadas con espl\u00e9ndidas vistas, elegantes interiores y un alto confort de vida.<\/span><\/p>\n<p>&nbsp;<\/p>\n<p><span style=\"font-weight: 400;\">Al contactar con la agencia Alira Real Estate, podr\u00e1 adquirir el tipo de inmueble adecuado:<\/span><\/p>\n<p>&nbsp;<\/p>\n<p><span style=\"font-weight: 400;\">Villas. Se trata de propiedades amplias y confortables adecuadas tanto para familias numerosas como para hu\u00e9spedes alojados. Cada villa presenta un dise\u00f1o \u00fanico, un jard\u00edn privado y una parcela espaciosa. La privacidad de este tipo de propiedades residenciales es una ventaja importante. Teniendo en cuenta la estabilidad de la inversi\u00f3n, las villas se convierten en una opci\u00f3n inmobiliaria atractiva.<\/span><\/p>\n<p>&nbsp;<\/p>\n<p><span style=\"font-weight: 400;\">Casas adosadas. Se trata de un tipo atractivo de vivienda adecuado para una familia peque\u00f1a. Est\u00e1n ubicados cerca de importantes instalaciones de infraestructura como escuelas, guarder\u00edas, supermercados, parques y restaurantes.<\/span><\/p>\n<p>&nbsp;<\/p>\n<p><span style=\"font-weight: 400;\">Las propiedades presentadas en las fotos de Damac Lagoons est\u00e1n dise\u00f1adas en un estilo arquitect\u00f3nico mediterr\u00e1neo. Al elegir esta zona, los residentes pueden disfrutar del ambiente costero, magn\u00edficas vistas a la laguna y aguas cristalinas.<\/span><\/p>\n<p>&nbsp;<\/p>\n<h2><b>Precios inmobiliarios actuales<\/b><\/h2>\n<p>&nbsp;<\/p>\n<p><span style=\"font-weight: 400;\">Los bienes ra\u00edces en la comunidad de Damac Lagoons consisten en propiedades de primera clase. Son perfectos para la vida personal as\u00ed como para inversiones. Este megaproyecto es especialmente interesante para la convivencia familiar, ya que ofrece diversas opciones recreativas, entre ellas atracciones acu\u00e1ticas y acceso directo a la playa.<\/span><\/p>\n<p>&nbsp;<\/p>\n<p><span style=\"font-weight: 400;\">Seg\u00fan datos de febrero de 2024, presentados en Property Finder, las villas en Damac Lagoons cuestan entre 3 y 10 millones de AED. El precio de las casas adosadas oscila entre 2 y 4 millones de AED.<\/span><\/p>\n<p>&nbsp;<\/p>\n<p><span style=\"font-weight: 400;\">Al comprar bienes inmuebles durante la fase de construcci\u00f3n, los propietarios tienen excelentes oportunidades, como obtener una Golden Visa de 10 a\u00f1os, que les permite mudarse a Dubai con toda su familia.<\/span><\/p>\n<p>&nbsp;<\/p>\n<h2><b>Estilo de vida en las lagunas de Damac<\/b><\/h2>\n<p>&nbsp;<\/p>\n<p><span style=\"font-weight: 400;\">Quienes aman la comodidad, las hermosas vistas, un estilo de vida saludable y la recreaci\u00f3n activa prefieren vivir en la comunidad de Damac Lagoons. Aqu\u00ed se crean todas las condiciones necesarias para nadar bajo el agua, surfear, practicar kayak, remo y otras actividades emocionantes.<\/span><\/p>\n<p>&nbsp;<\/p>\n<p><span style=\"font-weight: 400;\">Para mantener un estilo de vida saludable, se han creado aqu\u00ed muchas instalaciones deportivas, carriles bici y centros de fitness.<\/span><\/p>\n<p>&nbsp;<\/p>\n<p><span style=\"font-weight: 400;\">Aquellos que deseen pasar tiempo de calidad con sus familias pueden visitar el cine acu\u00e1tico, disfrutar de sus pel\u00edculas favoritas y nadar en las aguas poco profundas.<\/span><\/p>\n<p>&nbsp;<\/p>\n<p><span style=\"font-weight: 400;\">Dado que el \u00e1rea se considera ideal para familias, existe la oportunidad de asistir a guarder\u00edas y escuelas ubicadas a 10-15 minutos en autom\u00f3vil, como la escuela South View, la escuela Jebel Ali y la escuela GEMS Metropole. Las instituciones m\u00e9dicas m\u00e1s cercanas, como Aster Clinic, Mediclinic Parkview Hospital y NMC Royal Hospital, se encuentran en \u00e1reas vecinas.<\/span><\/p>\n<p>&nbsp;<\/p>\n<p><span style=\"font-weight: 400;\">Los entusiastas de las compras pueden disfrutar de su tiempo en Spinneys, Geant Express Remraam, Carrefour y Viva Supermarket.<\/span><\/p>\n\n\t\t<\/div>\n\t<\/div>\n<\/div><\/div><\/div><\/div><div class=\"vc_row wpb_row vc_row-fluid vc_row\"><div class=\"wpb_column vc_column_container vc_col-sm-12 vc_column\"><div class=\"vc_column-inner\"><div class=\"wpb_wrapper\">\n\t<div class=\"wpb_text_column wpb_content_element  vc_column_text\" >\n\t\t<div class=\"wpb_wrapper\">\n\t\t\t<h2><b>Inversiones inmobiliarias rentables<\/b><\/h2>\n<p>&nbsp;<\/p>\n<p><span style=\"font-weight: 400;\">Invertir en bienes ra\u00edces en Dubai es una decisi\u00f3n acertada, especialmente despu\u00e9s de la adopci\u00f3n del nuevo plan maestro para la metr\u00f3poli. Por todas partes se construyen nuevos barrios, crece el atractivo tur\u00edstico y, con \u00e9l, la demanda de vivienda. En un a\u00f1o, el precio del metro cuadrado en Lagunas Damac aument\u00f3 en 1%.<\/span><\/p>\n<p>&nbsp;<\/p>\n<p><span style=\"font-weight: 400;\">Es ventajoso invertir dinero en <\/span><span style=\"font-weight: 400;\">Propiedades de las lagunas de Damac <\/span><span style=\"font-weight: 400;\">en construcci\u00f3n, especialmente si la propiedad se alquilar\u00e1 en el futuro. No es necesario que el propietario est\u00e9 en el pa\u00eds para beneficiarse de la inversi\u00f3n, ya que todos los asuntos pueden confiarse a una sociedad gestora. La propiedad se amortiza en unos pocos a\u00f1os.<\/span><\/p>\n<p>&nbsp;<\/p>\n<h2><b>Ventajas de la cooperaci\u00f3n con la agencia Alira Real Estate<\/b><\/h2>\n<p>&nbsp;<\/p>\n<p><span style=\"font-weight: 400;\">La agencia Alira Real Estate es un socio confiable que brinda asistencia integral en la compra de cualquier inmueble en los Emiratos \u00c1rabes Unidos.<\/span><\/p>\n<p>&nbsp;<\/p>\n<p><span style=\"font-weight: 400;\">Nuestras ventajas:<\/span><\/p>\n<p>&nbsp;<\/p>\n<ul>\n<li><span style=\"font-weight: 400;\">Servicios comprensivos. Nuestros especialistas ayudan en la compra, venta, alquiler y otras cuestiones relacionadas con la gesti\u00f3n.<\/span><\/li>\n<li><span style=\"font-weight: 400;\">Personal profesional. Cada cliente experimentar\u00e1 un alto nivel de servicio y podr\u00e1 confiar en la seguridad de cada transacci\u00f3n.<\/span><\/li>\n<li><span style=\"font-weight: 400;\">Enfoque individual. Los requisitos y deseos de los clientes son individuales, por lo que al trabajar con ellos se tienen en cuenta todos los factores y matices.<\/span><\/li>\n<li><span style=\"font-weight: 400;\">Confidencialidad. Todos los detalles de la transacci\u00f3n y la cooperaci\u00f3n no se revelan a terceros.<\/span><\/li>\n<li><span style=\"font-weight: 400;\">Bases de datos actualizadas. Nuestros especialistas pueden encontrar la opci\u00f3n \u00f3ptima gracias a tener informaci\u00f3n actualizada.<\/span><\/li>\n<\/ul>\n<p>&nbsp;<\/p>\n<p><span style=\"font-weight: 400;\">Estamos listos para brindarle consultas detalladas sobre los temas de su inter\u00e9s. Puede dejar una solicitud en el sitio web, escr\u00edbanos a <\/span><a class=\"mail\" href=\"mailto:info@alirarealestate.com\">info@alirarealestate.com<\/a><span style=\"font-weight: 400;\">, o cont\u00e1ctanos por tel\u00e9fono <a href=\"tel: 79869277377\">+7 (986) 927-73-77<\/a> y <a href=\"tel: 971588337903\">+971 (588) 337 903<\/a>.<\/span><\/p>\n<p>&nbsp;<\/p>\n<p><span style=\"font-weight: 400;\">Con la agencia Alira Real Estate podr\u00e1 encontrar la propiedad de inversi\u00f3n m\u00e1s rentable.<\/span><\/p>\n\n\t\t<\/div>\n\t<\/div>\n<\/div><\/div><\/div><\/div>\n<\/section>","protected":false},"excerpt":{"rendered":"Damac Lagoons es un ambicioso proyecto que representa un complejo de distritos orientado al ocio confortable, con una atm\u00f3sfera m\u00e1s propia de un resort que de una metr\u00f3polis. Al elegir esta comunidad, estar\u00e1 rodeado de c\u00f3modas casas adosadas y villas de estilo mediterr\u00e1neo. Los residentes y hu\u00e9spedes de Damac Lagoons pueden disfrutar de una gran variedad de opciones de entretenimiento y ocio, como impresionantes toboganes...","protected":false},"author":1,"featured_media":0,"parent":4295,"menu_order":0,"comment_status":"closed","ping_status":"closed","template":"advanced_search_results.php","meta":{"inline_featured_image":false,"_glsr_average":0,"_glsr_ranking":0,"_glsr_reviews":0,"footnotes":""},"class_list":["post-4328","page","type-page","status-publish","hentry"],"yoast_head":"<!-- This site is optimized with the Yoast SEO Premium plugin v25.1 (Yoast SEO v25.6) - https:\/\/yoast.com\/wordpress\/plugins\/seo\/ -->\n<title>Buy property in Downtown Burj Dubai, UAE. Housing prices - Alira<\/title>\n<meta name=\"description\" content=\"Buy property in Damac Lagoons, Dubai, UAE. \u2b50 Housing for sale in Damac Lagoons: apartments, houses, villas. \u2b50 Prices, photos and descriptions. \u27a4 Leave a request for selection on the website!\" \/>\n<meta name=\"robots\" content=\"index, follow, max-snippet:-1, max-image-preview:large, max-video-preview:-1\" \/>\n<link rel=\"canonical\" href=\"https:\/\/alirarealestate.com\/es\/catalog\/buy\/dubai\/damac-lagoons\/\" \/>\n<meta property=\"og:locale\" content=\"es_ES\" \/>\n<meta property=\"og:type\" content=\"article\" \/>\n<meta property=\"og:title\" content=\"Properties for Sale in Damac Lagoons\" \/>\n<meta property=\"og:description\" content=\"Buy property in Damac Lagoons, Dubai, UAE. \u2b50 Housing for sale in Damac Lagoons: apartments, houses, villas. \u2b50 Prices, photos and descriptions. \u27a4 Leave a request for selection on the website!\" \/>\n<meta property=\"og:url\" content=\"https:\/\/alirarealestate.com\/es\/catalog\/buy\/dubai\/damac-lagoons\/\" \/>\n<meta property=\"og:site_name\" content=\"Alira Real Estate - Real estate in the UAE\" \/>\n<meta property=\"article:modified_time\" content=\"2024-10-27T15:04:03+00:00\" \/>\n<meta name=\"twitter:card\" content=\"summary_large_image\" \/>\n<meta name=\"twitter:label1\" content=\"Tiempo de lectura\" \/>\n\t<meta name=\"twitter:data1\" content=\"6 minutos\" \/>\n<script type=\"application\/ld+json\" class=\"yoast-schema-graph\">{\"@context\":\"https:\/\/schema.org\",\"@graph\":[{\"@type\":\"WebPage\",\"@id\":\"https:\/\/alirarealestate.com\/es\/catalog\/buy\/dubai\/damac-lagoons\/\",\"url\":\"https:\/\/alirarealestate.com\/es\/catalog\/buy\/dubai\/damac-lagoons\/\",\"name\":\"Buy property in Downtown Burj Dubai, UAE. Housing prices - Alira\",\"isPartOf\":{\"@id\":\"https:\/\/alirarealestate.com\/es\/#website\"},\"datePublished\":\"2024-04-18T07:17:39+00:00\",\"dateModified\":\"2024-10-27T15:04:03+00:00\",\"description\":\"Buy property in Damac Lagoons, Dubai, UAE. \u2b50 Housing for sale in Damac Lagoons: apartments, houses, villas. \u2b50 Prices, photos and descriptions. \u27a4 Leave a request for selection on the website!\",\"breadcrumb\":{\"@id\":\"https:\/\/alirarealestate.com\/es\/catalog\/buy\/dubai\/damac-lagoons\/#breadcrumb\"},\"inLanguage\":\"es\",\"potentialAction\":[{\"@type\":\"ReadAction\",\"target\":[\"https:\/\/alirarealestate.com\/es\/catalog\/buy\/dubai\/damac-lagoons\/\"]}]},{\"@type\":\"BreadcrumbList\",\"@id\":\"https:\/\/alirarealestate.com\/es\/catalog\/buy\/dubai\/damac-lagoons\/#breadcrumb\",\"itemListElement\":[{\"@type\":\"ListItem\",\"position\":1,\"name\":\"Home\",\"item\":\"https:\/\/alirarealestate.com\/\"},{\"@type\":\"ListItem\",\"position\":2,\"name\":\"Real Estate Catalog\",\"item\":\"https:\/\/alirarealestate.com\/catalog\/\"},{\"@type\":\"ListItem\",\"position\":3,\"name\":\"Real Estate Catalog\",\"item\":\"https:\/\/alirarealestate.com\/catalog\/buy\/\"},{\"@type\":\"ListItem\",\"position\":4,\"name\":\"Properties for Sale in Dubai\",\"item\":\"https:\/\/alirarealestate.com\/catalog\/buy\/dubai\/\"},{\"@type\":\"ListItem\",\"position\":5,\"name\":\"Properties for Sale in Damac Lagoons\"}]},{\"@type\":\"WebSite\",\"@id\":\"https:\/\/alirarealestate.com\/es\/#website\",\"url\":\"https:\/\/alirarealestate.com\/es\/\",\"name\":\"Alira Real Estate - Real estate in the UAE\",\"description\":\"\",\"potentialAction\":[{\"@type\":\"SearchAction\",\"target\":{\"@type\":\"EntryPoint\",\"urlTemplate\":\"https:\/\/alirarealestate.com\/es\/?s={search_term_string}\"},\"query-input\":{\"@type\":\"PropertyValueSpecification\",\"valueRequired\":true,\"valueName\":\"search_term_string\"}}],\"inLanguage\":\"es\"}]}<\/script>\n<!-- \/ Yoast SEO Premium plugin. -->","yoast_head_json":{"title":"Buy property in Downtown Burj Dubai, UAE. Housing prices - Alira","description":"Buy property in Damac Lagoons, Dubai, UAE. \u2b50 Housing for sale in Damac Lagoons: apartments, houses, villas. \u2b50 Prices, photos and descriptions. \u27a4 Leave a request for selection on the website!","robots":{"index":"index","follow":"follow","max-snippet":"max-snippet:-1","max-image-preview":"max-image-preview:large","max-video-preview":"max-video-preview:-1"},"canonical":"https:\/\/alirarealestate.com\/es\/catalog\/buy\/dubai\/damac-lagoons\/","og_locale":"es_ES","og_type":"article","og_title":"Properties for Sale in Damac Lagoons","og_description":"Buy property in Damac Lagoons, Dubai, UAE. \u2b50 Housing for sale in Damac Lagoons: apartments, houses, villas. \u2b50 Prices, photos and descriptions. \u27a4 Leave a request for selection on the website!","og_url":"https:\/\/alirarealestate.com\/es\/catalog\/buy\/dubai\/damac-lagoons\/","og_site_name":"Alira Real Estate - Real estate in the UAE","article_modified_time":"2024-10-27T15:04:03+00:00","twitter_card":"summary_large_image","twitter_misc":{"Tiempo de lectura":"6 minutos"},"schema":{"@context":"https:\/\/schema.org","@graph":[{"@type":"WebPage","@id":"https:\/\/alirarealestate.com\/es\/catalog\/buy\/dubai\/damac-lagoons\/","url":"https:\/\/alirarealestate.com\/es\/catalog\/buy\/dubai\/damac-lagoons\/","name":"Buy property in Downtown Burj Dubai, UAE. Housing prices - Alira","isPartOf":{"@id":"https:\/\/alirarealestate.com\/es\/#website"},"datePublished":"2024-04-18T07:17:39+00:00","dateModified":"2024-10-27T15:04:03+00:00","description":"Buy property in Damac Lagoons, Dubai, UAE. \u2b50 Housing for sale in Damac Lagoons: apartments, houses, villas. \u2b50 Prices, photos and descriptions. \u27a4 Leave a request for selection on the website!","breadcrumb":{"@id":"https:\/\/alirarealestate.com\/es\/catalog\/buy\/dubai\/damac-lagoons\/#breadcrumb"},"inLanguage":"es","potentialAction":[{"@type":"ReadAction","target":["https:\/\/alirarealestate.com\/es\/catalog\/buy\/dubai\/damac-lagoons\/"]}]},{"@type":"BreadcrumbList","@id":"https:\/\/alirarealestate.com\/es\/catalog\/buy\/dubai\/damac-lagoons\/#breadcrumb","itemListElement":[{"@type":"ListItem","position":1,"name":"Home","item":"https:\/\/alirarealestate.com\/"},{"@type":"ListItem","position":2,"name":"Real Estate Catalog","item":"https:\/\/alirarealestate.com\/catalog\/"},{"@type":"ListItem","position":3,"name":"Real Estate Catalog","item":"https:\/\/alirarealestate.com\/catalog\/buy\/"},{"@type":"ListItem","position":4,"name":"Properties for Sale in Dubai","item":"https:\/\/alirarealestate.com\/catalog\/buy\/dubai\/"},{"@type":"ListItem","position":5,"name":"Properties for Sale in Damac Lagoons"}]},{"@type":"WebSite","@id":"https:\/\/alirarealestate.com\/es\/#website","url":"https:\/\/alirarealestate.com\/es\/","name":"Alira Real Estate - Real estate in the UAE","description":"","potentialAction":[{"@type":"SearchAction","target":{"@type":"EntryPoint","urlTemplate":"https:\/\/alirarealestate.com\/es\/?s={search_term_string}"},"query-input":{"@type":"PropertyValueSpecification","valueRequired":true,"valueName":"search_term_string"}}],"inLanguage":"es"}]}},"_links":{"self":[{"href":"https:\/\/alirarealestate.com\/es\/wp-json\/wp\/v2\/pages\/4328"}],"collection":[{"href":"https:\/\/alirarealestate.com\/es\/wp-json\/wp\/v2\/pages"}],"about":[{"href":"https:\/\/alirarealestate.com\/es\/wp-json\/wp\/v2\/types\/page"}],"author":[{"embeddable":true,"href":"https:\/\/alirarealestate.com\/es\/wp-json\/wp\/v2\/users\/1"}],"replies":[{"embeddable":true,"href":"https:\/\/alirarealestate.com\/es\/wp-json\/wp\/v2\/comments?post=4328"}],"version-history":[{"count":2,"href":"https:\/\/alirarealestate.com\/es\/wp-json\/wp\/v2\/pages\/4328\/revisions"}],"predecessor-version":[{"id":5918,"href":"https:\/\/alirarealestate.com\/es\/wp-json\/wp\/v2\/pages\/4328\/revisions\/5918"}],"up":[{"embeddable":true,"href":"https:\/\/alirarealestate.com\/es\/wp-json\/wp\/v2\/pages\/4295"}],"wp:attachment":[{"href":"https:\/\/alirarealestate.com\/es\/wp-json\/wp\/v2\/media?parent=4328"}],"curies":[{"name":"wp","href":"https:\/\/api.w.org\/{rel}","templated":true}]}}