{"id":4324,"date":"2024-04-18T10:17:39","date_gmt":"2024-04-18T07:17:39","guid":{"rendered":"https:\/\/alirarealestate.com\/catalog\/buy\/fujairah\/"},"modified":"2024-10-27T17:56:59","modified_gmt":"2024-10-27T14:56:59","slug":"fujairah","status":"publish","type":"page","link":"https:\/\/alirarealestate.com\/es\/catalog\/buy\/fujairah\/","title":{"rendered":"Propiedad en Fuyaira"},"content":{"rendered":"<section class=\"wpb-content-wrapper\"><div class=\"vc_row wpb_row vc_row-fluid vc_row\"><div class=\"wpb_column vc_column_container vc_col-sm-12 vc_column\"><div class=\"vc_column-inner\"><div class=\"wpb_wrapper\">\n\t<div class=\"wpb_text_column wpb_content_element  vc_column_text\" >\n\t\t<div class=\"wpb_wrapper\">\n\t\t\t<p><span style=\"font-weight: 400;\">El Emirato de Fujairah es un lugar de impresionante belleza natural, donde el mar pr\u00edstino se mezcla armoniosamente con las majestuosas monta\u00f1as Hajar, creando un pintoresco tel\u00f3n de fondo. Muchos turistas eligen Fujairah para vivir una experiencia vacacional incomparable. Este emirato no tiene industria petrolera y tiene un n\u00famero limitado de rascacielos. La caracter\u00edstica principal de este complejo es su acceso a las orillas del Mar Ar\u00e1bigo. Las playas de Fujairah son conocidas por su arena suave y sus aguas cristalinas, lo que las hace ideales para relajarse y practicar deportes acu\u00e1ticos. El clima aqu\u00ed es m\u00e1s suave y h\u00famedo en comparaci\u00f3n con otros emiratos, lo que lo hace m\u00e1s c\u00f3modo para vivir y vacacionar.<\/span><\/p>\n<p>&nbsp;<\/p>\n<h2><b>Ventajas de comprar una propiedad en Fujairah<\/b><\/h2>\n<p>&nbsp;<\/p>\n<p><span style=\"font-weight: 400;\">El Emirato de Fujairah se caracteriza por su terreno monta\u00f1oso, lo que provoca m\u00e1s precipitaciones en comparaci\u00f3n con otros emiratos. Con una superficie total de 1.450 km\u00b2, es el quinto emirato m\u00e1s grande de los Emiratos \u00c1rabes Unidos. Esta regi\u00f3n era hist\u00f3ricamente conocida por su agricultura bien desarrollada y sus habitantes se dedicaban a la pesca. Estas actividades se han conservado hasta el d\u00eda de hoy. Fujairah es el segundo puerto de abastecimiento de combustible m\u00e1s grande del mundo. Las compa\u00f1\u00edas navieras establecen aqu\u00ed sus oficinas, lo que fomenta un pr\u00f3spero entorno empresarial en la regi\u00f3n.<\/span><\/p>\n<p>&nbsp;<\/p>\n<p><span style=\"font-weight: 400;\">Puede comprar una propiedad en Fujairah, Emiratos \u00c1rabes Unidos, para diversos fines. Esta regi\u00f3n es apta no s\u00f3lo para el trabajo y el desarrollo empresarial sino tambi\u00e9n para la vida familiar. Tiene una infraestructura social bien desarrollada. Hay guarder\u00edas y escuelas que ofrecen diversos programas educativos, as\u00ed como numerosas zonas verdes para pasear y jugar.<\/span><\/p>\n<p>&nbsp;<\/p>\n<p><span style=\"font-weight: 400;\">Fujairah es una excelente zona para la recreaci\u00f3n, el entretenimiento, la educaci\u00f3n y el trabajo. Los entusiastas de las compras pueden visitar uno de los muchos grandes centros comerciales, como Fujairah Mall, Century Mall Fujairah, Lulu Mall, Fujairah City Centre y Safeer Mall.<\/span><\/p>\n<p>&nbsp;<\/p>\n<p><span style=\"font-weight: 400;\">Los turistas estar\u00e1n interesados en visitar atracciones como Al-Hail, la mezquita Al-Bidiya y el Museo Fujairah. Estos sitios hacen de Fujairah un destino \u00fanico para los turistas deseosos de aprender sobre la rica historia y cultura de los Emiratos \u00c1rabes Unidos mientras disfrutan de la belleza natural y las comodidades modernas de este emirato.<\/span><\/p>\n<p>&nbsp;<\/p>\n<p><span style=\"font-weight: 400;\">Esta regi\u00f3n es famosa por sus playas limpias y pintorescas. Entre las m\u00e1s famosas se encuentran la playa Al Aqah, la playa Corniche, la playa Meredey y la playa Dibba. Estas playas son aptas para la recreaci\u00f3n familiar y los amantes de los deportes acu\u00e1ticos.<\/span><\/p>\n<p>&nbsp;<\/p>\n<p><span style=\"font-weight: 400;\">En Fujairah, las instituciones educativas ofrecen diversos programas y enfoques educativos, lo que permite a los padres elegir una escuela o un jard\u00edn de infancia en funci\u00f3n de sus preferencias educativas y las necesidades de sus hijos.<\/span><\/p>\n<p>&nbsp;<\/p>\n<p><span style=\"font-weight: 400;\">Si es necesario, podr\u00e1 acceder a servicios m\u00e9dicos. Fujairah alberga el principal hospital de Fujairah y centros m\u00e9dicos especializados. Proporcionan un alto nivel de servicio y asistencia r\u00e1pida.<\/span><\/p>\n<p>&nbsp;<\/p>\n<h2><b>Principales tipos de bienes ra\u00edces<\/b><\/h2>\n<p>&nbsp;<\/p>\n<p><span style=\"font-weight: 400;\">El Emirato de Fujairah es una de las regiones m\u00e1s j\u00f3venes y con mayor desarrollo din\u00e1mico, con un alto potencial para un mayor crecimiento. Los precios de las propiedades en Al-Fujairah dependen de la ubicaci\u00f3n, la zona, el promotor y la proximidad al mar o a las atracciones. Un rasgo caracter\u00edstico del sector inmobiliario en esta ciudad es la ausencia de rascacielos. La mayor\u00eda de las veces se construyen complejos residenciales con edificios de poca altura.<\/span><\/p>\n<p>&nbsp;<\/p>\n<p><span style=\"font-weight: 400;\">En Fujairah, puedes encontrar:<\/span><\/p>\n<p>&nbsp;<\/p>\n<ul>\n<li style=\"font-weight: 400;\" aria-level=\"1\"><b>Apartamentos y Pisos<\/b><span style=\"font-weight: 400;\">: Disponibles en varias distribuciones y dise\u00f1os, estas propiedades pueden ubicarse cerca del mar. Tambi\u00e9n puede comprar apartamentos en nuevos complejos residenciales como Address JBR y Serenia, donde cada unidad ofrece impresionantes vistas de la ciudad.<\/span><\/li>\n<li style=\"font-weight: 400;\" aria-level=\"1\"><b>Casas adosadas<\/b><span style=\"font-weight: 400;\">: A diferencia de las villas, las casas adosadas crean una sensaci\u00f3n de comunidad al tiempo que garantizan privacidad, tranquilidad y un alto nivel de confort.<\/span><\/li>\n<li style=\"font-weight: 400;\" aria-level=\"1\"><b>Villas<\/b><span style=\"font-weight: 400;\">: Fujairah alberga una gran cantidad de villas que se distinguen por su estilo arquitect\u00f3nico sofisticado, \u00e1reas espaciosas y alta seguridad. Este tipo de propiedad inmobiliaria es ideal para quienes priorizan un retiro de alto nivel, tranquilo y conmovedor.<\/span><\/li>\n<\/ul>\n<p>&nbsp;<\/p>\n<p><span style=\"font-weight: 400;\">Para obtener los precios m\u00e1s actualizados de bienes ra\u00edces en Fujairah, es recomendable contactar a especialistas. Los gerentes de agencias inmobiliarias poseen la informaci\u00f3n m\u00e1s reciente y pueden ayudarlo a seleccionar la mejor opci\u00f3n seg\u00fan sus preferencias.<\/span><\/p>\n<p>&nbsp;<\/p>\n<h2><b>Precios de inmuebles en Fujairah<\/b><\/h2>\n<p>&nbsp;<\/p>\n<p><span style=\"font-weight: 400;\">Los precios inmobiliarios en Fujairah son comparativamente m\u00e1s bajos que en los principales emiratos. Var\u00edan seg\u00fan el tipo de vivienda, ubicaci\u00f3n, tama\u00f1o y estado de la propiedad. Seg\u00fan The Metropolitan Group, los precios de las propiedades en Fujairah para 2024 son los siguientes:<\/span><\/p>\n<p>&nbsp;<\/p>\n<ul>\n<li style=\"font-weight: 400;\" aria-level=\"1\"><span style=\"font-weight: 400;\">Estudios desde $60,000 USD<\/span><\/li>\n<li style=\"font-weight: 400;\" aria-level=\"1\"><span style=\"font-weight: 400;\">Apartamentos de 1 dormitorio desde $80,000 USD<\/span><\/li>\n<li style=\"font-weight: 400;\" aria-level=\"1\"><span style=\"font-weight: 400;\">Departamentos de 2 rec\u00e1maras desde $160,000 USD<\/span><\/li>\n<li style=\"font-weight: 400;\" aria-level=\"1\"><span style=\"font-weight: 400;\">Departamentos de 3 rec\u00e1maras desde $190,000 USD<\/span><\/li>\n<li style=\"font-weight: 400;\" aria-level=\"1\"><span style=\"font-weight: 400;\">Villas y casas desde $250,000 hasta $3,000,000 USD<\/span><\/li>\n<\/ul>\n<p>&nbsp;<\/p>\n<p><span style=\"font-weight: 400;\">Si est\u00e1 interesado en comprar o vender una propiedad en Fujairah, lo mejor es ponerse en contacto con la Agencia Inmobiliaria Alira, que le ayudar\u00e1 en cada etapa de la transacci\u00f3n. Si est\u00e1 buscando una propiedad de inversi\u00f3n rentable, los especialistas pueden brindarle informaci\u00f3n sobre las opciones m\u00e1s prometedoras y lucrativas disponibles.<\/span><\/p>\n<p>&nbsp;<\/p>\n<h2><b>Estilo de vida en Fujairah<\/b><\/h2>\n<p>&nbsp;<\/p>\n<p><span style=\"font-weight: 400;\">El Emirato de Fujairah ofrece una notable combinaci\u00f3n de clima agradable, impresionante belleza natural e infraestructura moderna. Los complejos residenciales est\u00e1n ubicados estrat\u00e9gicamente para brindar acceso r\u00e1pido a instalaciones esenciales como escuelas, guarder\u00edas, centros comerciales y centros m\u00e9dicos.<\/span><\/p>\n<p>&nbsp;<\/p>\n<p><span style=\"font-weight: 400;\">Comprar una propiedad en Fujairah es sin duda una buena inversi\u00f3n ya que la popularidad de la ciudad aumenta cada a\u00f1o. El alto nivel de vida, la amplia gama de opciones inmobiliarias y la posibilidad de relajarse tranquilamente en plena naturaleza estimulan la demanda de los ciudadanos extranjeros. Los propietarios pueden obtener ingresos estables alquilando apartamentos, estudios o villas.<\/span><\/p>\n<p>&nbsp;<\/p>\n<h2><b>Inversi\u00f3n en bienes ra\u00edces en Fujairah<\/b><\/h2>\n<p>&nbsp;<\/p>\n<p><span style=\"font-weight: 400;\">El Emirato de Fujairah resulta atractivo para los extranjeros por varias razones. La demanda de vivienda es constante ya que la zona es favorecida por ingenieros, trabajadores y empresarios. El clima agradable y no excesivamente caluroso tambi\u00e9n la convierte en un destino preferido por los turistas.<\/span><\/p>\n<p>&nbsp;<\/p>\n<p><span style=\"font-weight: 400;\">En primer lugar, los precios inmobiliarios aqu\u00ed son ligeramente m\u00e1s bajos que en Dubai. En segundo lugar, el estilo de vida tranquilo complementa perfectamente las oportunidades de desarrollo empresarial din\u00e1mico. En tercer lugar, existe una excelente selecci\u00f3n de propiedades, tanto terminadas como en construcci\u00f3n.<\/span><\/p>\n<p>&nbsp;<\/p>\n<p><span style=\"font-weight: 400;\">Invertir en viviendas de varias clases es un paso racional para generar ingresos estables. El retorno de la inversi\u00f3n es de 7-9% por a\u00f1o, lo que se considera un indicador excelente.<\/span><\/p>\n<p>&nbsp;<\/p>\n<h2><b>Colaboraci\u00f3n con la agencia inmobiliaria Alira<\/b><\/h2>\n<p>&nbsp;<\/p>\n<p><span style=\"font-weight: 400;\">Mudarse a Fujairah debe comenzar con un an\u00e1lisis exhaustivo de las ofertas inmobiliarias y seleccionar la mejor opci\u00f3n. Alira Real Estate Agency tiene la informaci\u00f3n m\u00e1s actualizada sobre propiedades prometedoras y puede encontrar r\u00e1pidamente la adecuada para usted. Al colaborar con la agencia, podr\u00e1 aprovechar una amplia gama de servicios, desde la planificaci\u00f3n de su mudanza hasta la compra y gesti\u00f3n de propiedades.<\/span><\/p>\n<p>&nbsp;<\/p>\n<h2><b>Beneficios de colaborar con la agencia inmobiliaria Alira:<\/b><\/h2>\n<p>&nbsp;<\/p>\n<ul>\n<li style=\"font-weight: 400;\" aria-level=\"1\"><span style=\"font-weight: 400;\">El equipo est\u00e1 formado por especialistas altamente cualificados.<\/span><\/li>\n<li style=\"font-weight: 400;\" aria-level=\"1\"><span style=\"font-weight: 400;\">Toda la informaci\u00f3n sobre transacciones y clientes es confidencial y no se comparte con terceros.<\/span><\/li>\n<li style=\"font-weight: 400;\" aria-level=\"1\"><span style=\"font-weight: 400;\">Cada solicitud de cliente se trata individualmente, y en consecuencia se seleccionan las opciones inmobiliarias m\u00e1s adecuadas.<\/span><\/li>\n<li style=\"font-weight: 400;\" aria-level=\"1\"><span style=\"font-weight: 400;\">La agencia cuenta con una base de datos inmobiliaria actualizada y que se actualiza constantemente.<\/span><\/li>\n<li style=\"font-weight: 400;\" aria-level=\"1\"><span style=\"font-weight: 400;\">Alira Real Estate Agency tiene una reputaci\u00f3n impecable, lo que garantiza que cada transacci\u00f3n sea verificada y segura.<\/span><\/li>\n<\/ul>\n<p>&nbsp;<\/p>\n<p><span style=\"font-weight: 400;\">Para consultar cualquier duda que tengas contacta con nuestro responsable en <a href=\"tel: 971588337\">+971 (588) 337<\/a> o <a href=\"tel: 79869277377\">+7 (986) 927-73-77.<\/a>, o enviar una solicitud a <\/span><a href=\"mailto:info@alirarealestate.com\"><span style=\"font-weight: 400;\">info@alirarealestate.com<\/span><\/a><span style=\"font-weight: 400;\">.<\/span><\/p>\n\n\t\t<\/div>\n\t<\/div>\n<\/div><\/div><\/div><\/div><div class=\"vc_row wpb_row vc_row-fluid vc_row\"><div class=\"wpb_column vc_column_container vc_col-sm-12 vc_column\"><div class=\"vc_column-inner\"><div class=\"wpb_wrapper\"><div class=\"vc_tta-container\" data-vc-action=\"collapse\"><h2>Preguntas m\u00e1s frecuentes<\/h2><div class=\"vc_general vc_tta vc_tta-accordion vc_tta-color-grey vc_tta-style-classic vc_tta-shape-rounded vc_tta-o-shape-group vc_tta-controls-align-left wpestate_accordion vc_tta_accordion\"><div class=\"vc_tta-panels-container\"><div class=\"vc_tta-panels\"><div class=\"vc_tta-panel vc_active\" id=\"1719266645639-b34022a7-7a78\" data-vc-content=\".vc_tta-panel-body\"><div class=\"vc_tta-panel-heading\"><h4 class=\"vc_tta-panel-title vc_tta-controls-icon-position-left\"><a href=\"#1719266645639-b34022a7-7a78\" data-vc-accordion data-vc-container=\".vc_tta-container\"><span class=\"vc_tta-title-text\">\u00bfQu\u00e9 tipos de propiedades est\u00e1n disponibles para la compra en Fujairah?<\/span><i class=\"vc_tta-controls-icon vc_tta-controls-icon-plus\"><\/i><\/a><\/h4><\/div><div class=\"vc_tta-panel-body\">\n\t<div class=\"wpb_text_column wpb_content_element  vc_column_text\" >\n\t\t<div class=\"wpb_wrapper\">\n\t\t\t<p><span style=\"font-weight: 400;\">En Fujairah, hay una variedad de tipos de propiedades disponibles, incluidos apartamentos, villas y casas adosadas.<\/span><\/p>\n\n\t\t<\/div>\n\t<\/div>\n<\/div><\/div><div class=\"vc_tta-panel\" id=\"1719266645655-b89fd1ee-a12a\" data-vc-content=\".vc_tta-panel-body\"><div class=\"vc_tta-panel-heading\"><h4 class=\"vc_tta-panel-title vc_tta-controls-icon-position-left\"><a href=\"#1719266645655-b89fd1ee-a12a\" data-vc-accordion data-vc-container=\".vc_tta-container\"><span class=\"vc_tta-title-text\">\u00bfCu\u00e1les son los requisitos para que los extranjeros compren una propiedad en Fujairah?<\/span><i class=\"vc_tta-controls-icon vc_tta-controls-icon-plus\"><\/i><\/a><\/h4><\/div><div class=\"vc_tta-panel-body\">\n\t<div class=\"wpb_text_column wpb_content_element  vc_column_text\" >\n\t\t<div class=\"wpb_wrapper\">\n\t\t\t<p><span style=\"font-weight: 400;\">Los ciudadanos extranjeros pueden comprar propiedades en Fujairah en \u00e1reas designadas conocidas como Zonas de dominio absoluto. En estas zonas tienen derecho a la plena propiedad.<\/span><\/p>\n\n\t\t<\/div>\n\t<\/div>\n<\/div><\/div><div class=\"vc_tta-panel\" id=\"1719266716016-f7976df7-8ad5\" data-vc-content=\".vc_tta-panel-body\"><div class=\"vc_tta-panel-heading\"><h4 class=\"vc_tta-panel-title vc_tta-controls-icon-position-left\"><a href=\"#1719266716016-f7976df7-8ad5\" data-vc-accordion data-vc-container=\".vc_tta-container\"><span class=\"vc_tta-title-text\">\u00bfCu\u00e1l es el proceso para comprar una propiedad en Fujairah?<\/span><i class=\"vc_tta-controls-icon vc_tta-controls-icon-plus\"><\/i><\/a><\/h4><\/div><div class=\"vc_tta-panel-body\">\n\t<div class=\"wpb_text_column wpb_content_element  vc_column_text\" >\n\t\t<div class=\"wpb_wrapper\">\n\t\t\t<p><span style=\"font-weight: 400;\">El proceso de compra de una propiedad implica seleccionar la propiedad deseada, firmar un acuerdo preliminar (generalmente con un pago inicial), verificar el estado legal de la propiedad, firmar el contrato final y registrar la transacci\u00f3n ante las autoridades inmobiliarias.<\/span><\/p>\n\n\t\t<\/div>\n\t<\/div>\n<\/div><\/div><div class=\"vc_tta-panel\" id=\"1719266745398-b1c99ace-caa6\" data-vc-content=\".vc_tta-panel-body\"><div class=\"vc_tta-panel-heading\"><h4 class=\"vc_tta-panel-title vc_tta-controls-icon-position-left\"><a href=\"#1719266745398-b1c99ace-caa6\" data-vc-accordion data-vc-container=\".vc_tta-container\"><span class=\"vc_tta-title-text\">\u00bfCu\u00e1les son los costos e impuestos asociados con la compra de una propiedad en Fujairah?<\/span><i class=\"vc_tta-controls-icon vc_tta-controls-icon-plus\"><\/i><\/a><\/h4><\/div><div class=\"vc_tta-panel-body\">\n\t<div class=\"wpb_text_column wpb_content_element  vc_column_text\" >\n\t\t<div class=\"wpb_wrapper\">\n\t\t\t<p><span style=\"font-weight: 400;\">Los costos pueden incluir un impuesto de transferencia de propiedad (tarifa de transferencia), comisiones de agentes inmobiliarios y honorarios legales. El impuesto a la transferencia de propiedad suele ser 4% del valor de la propiedad.<\/span><\/p>\n\n\t\t<\/div>\n\t<\/div>\n<\/div><\/div><div class=\"vc_tta-panel\" id=\"1719266768032-981502c5-f016\" data-vc-content=\".vc_tta-panel-body\"><div class=\"vc_tta-panel-heading\"><h4 class=\"vc_tta-panel-title vc_tta-controls-icon-position-left\"><a href=\"#1719266768032-981502c5-f016\" data-vc-accordion data-vc-container=\".vc_tta-container\"><span class=\"vc_tta-title-text\">\u00bfQu\u00e9 consejos hay para elegir una propiedad en Fujairah?<\/span><i class=\"vc_tta-controls-icon vc_tta-controls-icon-plus\"><\/i><\/a><\/h4><\/div><div class=\"vc_tta-panel-body\">\n\t<div class=\"wpb_text_column wpb_content_element  vc_column_text\" >\n\t\t<div class=\"wpb_wrapper\">\n\t\t\t<p><span style=\"font-weight: 400;\">\u00a0Antes de comprar una propiedad, es importante determinar sus necesidades y presupuesto, investigar el mercado inmobiliario, verificar el estado legal de la propiedad y garantizar la disponibilidad de las comodidades e infraestructura necesarias en los alrededores.<\/span><\/p>\n\n\t\t<\/div>\n\t<\/div>\n<\/div><\/div><\/div><\/div><\/div><\/div><\/div><\/div><\/div><\/div>\n<\/section>","protected":false},"excerpt":{"rendered":"El Emirato de Fujairah es un lugar de impresionante belleza natural, donde el mar cristalino se funde armoniosamente con las majestuosas monta\u00f1as Hajar, creando un pintoresco escenario. Muchos turistas eligen Fujairah para disfrutar de unas vacaciones inigualables. Este emirato carece de industria petrolera y cuenta con un n\u00famero limitado de rascacielos. La principal caracter\u00edstica de este destino tur\u00edstico es su acceso a las costas del Mar Ar\u00e1bigo. El...","protected":false},"author":1,"featured_media":0,"parent":4288,"menu_order":0,"comment_status":"closed","ping_status":"closed","template":"advanced_search_results.php","meta":{"inline_featured_image":false,"_glsr_average":0,"_glsr_ranking":0,"_glsr_reviews":0,"footnotes":""},"class_list":["post-4324","page","type-page","status-publish","hentry"],"yoast_head":"<!-- This site is optimized with the Yoast SEO Premium plugin v25.1 (Yoast SEO v25.6) - https:\/\/yoast.com\/wordpress\/plugins\/seo\/ -->\n<title>Property in Fujairah - Alira Real Estate - Real estate in the UAE<\/title>\n<meta name=\"robots\" content=\"index, follow, max-snippet:-1, max-image-preview:large, max-video-preview:-1\" \/>\n<link rel=\"canonical\" href=\"https:\/\/alirarealestate.com\/es\/catalog\/buy\/fujairah\/\" \/>\n<meta property=\"og:locale\" content=\"es_ES\" \/>\n<meta property=\"og:type\" content=\"article\" \/>\n<meta property=\"og:title\" content=\"Property in Fujairah\" \/>\n<meta property=\"og:url\" content=\"https:\/\/alirarealestate.com\/es\/catalog\/buy\/fujairah\/\" \/>\n<meta property=\"og:site_name\" content=\"Alira Real Estate - Real estate in the UAE\" \/>\n<meta property=\"article:modified_time\" content=\"2024-10-27T14:56:59+00:00\" \/>\n<meta name=\"twitter:card\" content=\"summary_large_image\" \/>\n<meta name=\"twitter:label1\" content=\"Tiempo de lectura\" \/>\n\t<meta name=\"twitter:data1\" content=\"6 minutos\" \/>\n<script type=\"application\/ld+json\" class=\"yoast-schema-graph\">{\"@context\":\"https:\/\/schema.org\",\"@graph\":[{\"@type\":\"WebPage\",\"@id\":\"https:\/\/alirarealestate.com\/es\/catalog\/buy\/fujairah\/\",\"url\":\"https:\/\/alirarealestate.com\/es\/catalog\/buy\/fujairah\/\",\"name\":\"Property in Fujairah - Alira Real Estate - Real estate in the UAE\",\"isPartOf\":{\"@id\":\"https:\/\/alirarealestate.com\/es\/#website\"},\"datePublished\":\"2024-04-18T07:17:39+00:00\",\"dateModified\":\"2024-10-27T14:56:59+00:00\",\"breadcrumb\":{\"@id\":\"https:\/\/alirarealestate.com\/es\/catalog\/buy\/fujairah\/#breadcrumb\"},\"inLanguage\":\"es\",\"potentialAction\":[{\"@type\":\"ReadAction\",\"target\":[\"https:\/\/alirarealestate.com\/es\/catalog\/buy\/fujairah\/\"]}]},{\"@type\":\"BreadcrumbList\",\"@id\":\"https:\/\/alirarealestate.com\/es\/catalog\/buy\/fujairah\/#breadcrumb\",\"itemListElement\":[{\"@type\":\"ListItem\",\"position\":1,\"name\":\"Home\",\"item\":\"https:\/\/alirarealestate.com\/\"},{\"@type\":\"ListItem\",\"position\":2,\"name\":\"Real Estate Catalog\",\"item\":\"https:\/\/alirarealestate.com\/catalog\/\"},{\"@type\":\"ListItem\",\"position\":3,\"name\":\"Real Estate Catalog\",\"item\":\"https:\/\/alirarealestate.com\/catalog\/buy\/\"},{\"@type\":\"ListItem\",\"position\":4,\"name\":\"Property in Fujairah\"}]},{\"@type\":\"WebSite\",\"@id\":\"https:\/\/alirarealestate.com\/es\/#website\",\"url\":\"https:\/\/alirarealestate.com\/es\/\",\"name\":\"Alira Real Estate - Real estate in the UAE\",\"description\":\"\",\"potentialAction\":[{\"@type\":\"SearchAction\",\"target\":{\"@type\":\"EntryPoint\",\"urlTemplate\":\"https:\/\/alirarealestate.com\/es\/?s={search_term_string}\"},\"query-input\":{\"@type\":\"PropertyValueSpecification\",\"valueRequired\":true,\"valueName\":\"search_term_string\"}}],\"inLanguage\":\"es\"}]}<\/script>\n<!-- \/ Yoast SEO Premium plugin. -->","yoast_head_json":{"title":"Property in Fujairah - Alira Real Estate - Real estate in the UAE","robots":{"index":"index","follow":"follow","max-snippet":"max-snippet:-1","max-image-preview":"max-image-preview:large","max-video-preview":"max-video-preview:-1"},"canonical":"https:\/\/alirarealestate.com\/es\/catalog\/buy\/fujairah\/","og_locale":"es_ES","og_type":"article","og_title":"Property in Fujairah","og_url":"https:\/\/alirarealestate.com\/es\/catalog\/buy\/fujairah\/","og_site_name":"Alira Real Estate - Real estate in the UAE","article_modified_time":"2024-10-27T14:56:59+00:00","twitter_card":"summary_large_image","twitter_misc":{"Tiempo de lectura":"6 minutos"},"schema":{"@context":"https:\/\/schema.org","@graph":[{"@type":"WebPage","@id":"https:\/\/alirarealestate.com\/es\/catalog\/buy\/fujairah\/","url":"https:\/\/alirarealestate.com\/es\/catalog\/buy\/fujairah\/","name":"Property in Fujairah - Alira Real Estate - Real estate in the UAE","isPartOf":{"@id":"https:\/\/alirarealestate.com\/es\/#website"},"datePublished":"2024-04-18T07:17:39+00:00","dateModified":"2024-10-27T14:56:59+00:00","breadcrumb":{"@id":"https:\/\/alirarealestate.com\/es\/catalog\/buy\/fujairah\/#breadcrumb"},"inLanguage":"es","potentialAction":[{"@type":"ReadAction","target":["https:\/\/alirarealestate.com\/es\/catalog\/buy\/fujairah\/"]}]},{"@type":"BreadcrumbList","@id":"https:\/\/alirarealestate.com\/es\/catalog\/buy\/fujairah\/#breadcrumb","itemListElement":[{"@type":"ListItem","position":1,"name":"Home","item":"https:\/\/alirarealestate.com\/"},{"@type":"ListItem","position":2,"name":"Real Estate Catalog","item":"https:\/\/alirarealestate.com\/catalog\/"},{"@type":"ListItem","position":3,"name":"Real Estate Catalog","item":"https:\/\/alirarealestate.com\/catalog\/buy\/"},{"@type":"ListItem","position":4,"name":"Property in Fujairah"}]},{"@type":"WebSite","@id":"https:\/\/alirarealestate.com\/es\/#website","url":"https:\/\/alirarealestate.com\/es\/","name":"Alira Real Estate - Real estate in the UAE","description":"","potentialAction":[{"@type":"SearchAction","target":{"@type":"EntryPoint","urlTemplate":"https:\/\/alirarealestate.com\/es\/?s={search_term_string}"},"query-input":{"@type":"PropertyValueSpecification","valueRequired":true,"valueName":"search_term_string"}}],"inLanguage":"es"}]}},"_links":{"self":[{"href":"https:\/\/alirarealestate.com\/es\/wp-json\/wp\/v2\/pages\/4324"}],"collection":[{"href":"https:\/\/alirarealestate.com\/es\/wp-json\/wp\/v2\/pages"}],"about":[{"href":"https:\/\/alirarealestate.com\/es\/wp-json\/wp\/v2\/types\/page"}],"author":[{"embeddable":true,"href":"https:\/\/alirarealestate.com\/es\/wp-json\/wp\/v2\/users\/1"}],"replies":[{"embeddable":true,"href":"https:\/\/alirarealestate.com\/es\/wp-json\/wp\/v2\/comments?post=4324"}],"version-history":[{"count":2,"href":"https:\/\/alirarealestate.com\/es\/wp-json\/wp\/v2\/pages\/4324\/revisions"}],"predecessor-version":[{"id":5915,"href":"https:\/\/alirarealestate.com\/es\/wp-json\/wp\/v2\/pages\/4324\/revisions\/5915"}],"up":[{"embeddable":true,"href":"https:\/\/alirarealestate.com\/es\/wp-json\/wp\/v2\/pages\/4288"}],"wp:attachment":[{"href":"https:\/\/alirarealestate.com\/es\/wp-json\/wp\/v2\/media?parent=4324"}],"curies":[{"name":"wp","href":"https:\/\/api.w.org\/{rel}","templated":true}]}}