{"id":4305,"date":"2024-04-18T10:17:39","date_gmt":"2024-04-18T07:17:39","guid":{"rendered":"https:\/\/alirarealestate.com\/catalog\/buy\/dubai\/villas\/"},"modified":"2024-10-27T17:27:42","modified_gmt":"2024-10-27T14:27:42","slug":"villas","status":"publish","type":"page","link":"https:\/\/alirarealestate.com\/es\/catalog\/buy\/dubai\/villas\/","title":{"rendered":"Villas en venta en Dub\u00e1i"},"content":{"rendered":"<section class=\"wpb-content-wrapper\"><div class=\"vc_row wpb_row vc_row-fluid vc_row\"><div class=\"wpb_column vc_column_container vc_col-sm-12 vc_column\"><div class=\"vc_column-inner\"><div class=\"wpb_wrapper\">\n\t<div class=\"wpb_text_column wpb_content_element  vc_column_text\" >\n\t\t<div class=\"wpb_wrapper\">\n\t\t\t<p><span style=\"font-weight: 400;\">\u00bfSue\u00f1a con vivir en un pa\u00eds soleado o busca una forma exitosa de invertir dinero? Considere las propiedades inmobiliarias en Dubai. Las villas y casas son las opciones m\u00e1s buscadas en la metr\u00f3polis moderna. \u00a1Y no en vano! La demanda de este tipo de propiedades en los Emiratos crece constantemente. En Dubai hay muchos edificios residenciales en venta, cada uno de ellos \u00fanico en su dise\u00f1o y ubicaci\u00f3n. Aqu\u00ed hay bienes inmuebles para todos los presupuestos y gustos, desde casas minimalistas con decoraci\u00f3n sencilla hasta villas de primera calidad con acabados caros.<\/span><\/p>\n<p>&nbsp;<\/p>\n<p><span style=\"font-weight: 400;\">La agencia Alira Real Estate ofrece lo mejor <\/span><span style=\"font-weight: 400;\">casas en venta Dub\u00e1i <\/span><span style=\"font-weight: 400;\">y m\u00e1s all\u00e1. En el sitio web de la empresa puede encontrar y <\/span><span style=\"font-weight: 400;\">comprar una villa en Dubai <\/span><span style=\"font-weight: 400;\">a buen precio para adaptarse a cualquier necesidad:<\/span><\/p>\n<p>&nbsp;<\/p>\n<ul>\n<li><span style=\"font-weight: 400;\">para vivir todo el a\u00f1o;<\/span><\/li>\n<li><span style=\"font-weight: 400;\">para estancias de temporada;<\/span><\/li>\n<li><span style=\"font-weight: 400;\">para alquiler y m\u00e1s.<\/span><\/li>\n<li>El portal presenta informaci\u00f3n nueva y actualizada sobre las ventas de bienes ra\u00edces en los Emiratos.<\/li>\n<\/ul>\n<p>&nbsp;<\/p>\n<h2><b>Ventajas de <\/b><b>villas en venta en Dub\u00e1i<\/b><\/h2>\n<p>&nbsp;<\/p>\n<p><span style=\"font-weight: 400;\">Comprar una villa en Dubai<\/span><span style=\"font-weight: 400;\"> junto al mar significa invertir dinero sabiamente. A continuaci\u00f3n se presentan algunos factores que hacen que los bienes ra\u00edces en los EAU sean atractivos para la inversi\u00f3n:<\/span><\/p>\n<p>&nbsp;<\/p>\n<ul>\n<li><span style=\"font-weight: 400;\">Clima y popularidad entre los turistas. Dubai se encuentra a orillas del Golfo P\u00e9rsico. Es una de las ciudades m\u00e1s calurosas del mundo, con precipitaciones extremadamente raras. Gracias a su agradable clima, Dub\u00e1i es un destino tur\u00edstico perfecto durante todo el a\u00f1o.<\/span><\/li>\n<li><span style=\"font-weight: 400;\">Convenientes conexiones de transporte. La metr\u00f3poli cuenta con una moderna red de transporte urbano e internacional. En la ciudad se encuentra el aeropuerto desde donde se puede volar a los pa\u00edses m\u00e1s populares del mundo. El traslado hasta \u00e9l tarda 30 minutos.<\/span><\/li>\n<li><span style=\"font-weight: 400;\">Alto nivel de vida. Dubai es una metr\u00f3polis moderna altamente desarrollada. Seg\u00fan la consultora Mercer, la ciudad ocupa el puesto 75 entre 211 en t\u00e9rminos de calidad de vida. Adem\u00e1s, los Emiratos \u00c1rabes Unidos se encuentran entre los \u201c50 mejores lugares para vivir\u201d.<\/span><\/li>\n<li><span style=\"font-weight: 400;\">Actividad de negocios. Dubai se encuentra en la intersecci\u00f3n de las principales rutas comerciales a\u00e9reas y mar\u00edtimas entre Asia y Europa. La ciudad alberga las sedes de muchas empresas comerciales de renombre, lo que estimula el desarrollo de las relaciones comerciales internacionales.<\/span><\/li>\n<li><span style=\"font-weight: 400;\">Seguridad y estabilidad. Los Emiratos \u00c1rabes Unidos son uno de los pa\u00edses m\u00e1s seguros del mundo. La pol\u00edtica migratoria de los Emiratos \u00c1rabes Unidos impone requisitos estrictos a los inmigrantes.<\/span><\/li>\n<li><span style=\"font-weight: 400;\">Legislaci\u00f3n transparente. Las transacciones inmobiliarias aqu\u00ed est\u00e1n controladas a nivel gubernamental y se realizan \u00fanicamente con empresas autorizadas.<\/span><\/li>\n<\/ul>\n<p>&nbsp;<\/p>\n<p><span style=\"font-weight: 400;\">Hoy en d\u00eda, los Emiratos \u00c1rabes est\u00e1n repletos de extranjeros. Algunos vienen aqu\u00ed por unos d\u00edas, mientras que otros viven en la ciudad tur\u00edstica durante todo el a\u00f1o. La compra de bienes inmuebles residenciales en el pa\u00eds \u00e1rabe genera una ganancia de hasta 5-10% por a\u00f1o, mientras que la compra de espacio comercial puede generar hasta 15%.<\/span><\/p>\n\n\t\t<\/div>\n\t<\/div>\n<\/div><\/div><\/div><\/div><div class=\"vc_row wpb_row vc_row-fluid vc_row\"><div class=\"wpb_column vc_column_container vc_col-sm-12 vc_column\"><div class=\"vc_column-inner\"><div class=\"wpb_wrapper\">\n\t<div class=\"wpb_text_column wpb_content_element  vc_column_text\" >\n\t\t<div class=\"wpb_wrapper\">\n\t\t\t<h2><strong>Los lugares m\u00e1s populares para comprar villas en Dubai son:<\/strong><\/h2>\n<p>&nbsp;<\/p>\n<ul>\n<li><span style=\"font-weight: 400;\"><a href=\"https:\/\/alirarealestate.com\/es\/catalog\/buy\/dubai\/business-bay\/\">Bah\u00eda de Negocios<\/a> \u2013 el centro de negocios del emirato, una especie de an\u00e1logo de Manhattan en Nueva York;<\/span><\/li>\n<li><span style=\"font-weight: 400;\"><a href=\"https:\/\/alirarealestate.com\/es\/catalog\/buy\/dubai\/dubai-marina\/\">Puerto deportivo de Dub\u00e1i<\/a> \u2013 un distrito orientado a las vacaciones en la playa y un estilo de vida lujoso;<\/span><\/li>\n<li><span style=\"font-weight: 400;\"><a href=\"https:\/\/alirarealestate.com\/es\/catalog\/buy\/dubai\/downtown\/\">Centro de Dub\u00e1i<\/a> \u2013 el centro geogr\u00e1fico, empresarial y tur\u00edstico de la ciudad oriental;<\/span><\/li>\n<li><span style=\"font-weight: 400;\"><a href=\"https:\/\/alirarealestate.com\/es\/catalog\/buy\/dubai\/dubai-hills\/\">Colinas de Dub\u00e1i<\/a> \u2013 un peque\u00f1o microdistrito, un barrio verde dentro de una gran metr\u00f3poli;<\/span><\/li>\n<li><span style=\"font-weight: 400;\"><a href=\"https:\/\/alirarealestate.com\/es\/catalog\/buy\/dubai\/jumeirah-village-circle\/\">JVC (C\u00edrculo del pueblo de Jumeirah)<\/a> \u2013 el mejor microdistrito para vivir y pasar unas vacaciones en la playa;<\/span><\/li>\n<li><span style=\"font-weight: 400;\"><a href=\"https:\/\/alirarealestate.com\/es\/catalog\/buy\/dubai\/palm-jumeirah\/\">Palma Jumeirah<\/a> \u2013 una isla artificial de culto con forma de palmera;<\/span><\/li>\n<li><span style=\"font-weight: 400;\"><a href=\"https:\/\/alirarealestate.com\/es\/catalog\/buy\/dubai\/dubai-harbor\/\">Puerto de Dub\u00e1i<\/a> \u2013 una zona residencial ultramoderna cerca de una bah\u00eda artificial;<\/span><\/li>\n<li><span style=\"font-weight: 400;\"><a href=\"https:\/\/alirarealestate.com\/es\/catalog\/buy\/dubai\/emaar-beachfront\/\">Frente a la playa de Emaar<\/a> \u2013 un complejo costero cerrado de lujo en toda regla;<\/span><\/li>\n<li><span style=\"font-weight: 400;\"><a href=\"https:\/\/alirarealestate.com\/es\/catalog\/buy\/dubai\/dubai-hills\/\">Colinas de Damac<\/a> \u2013 un microdistrito residencial tranquilo, una ubicaci\u00f3n ideal para vivir con familia y ni\u00f1os.<\/span><\/li>\n<\/ul>\n<p>&nbsp;<\/p>\n<h2><b>Estilo de vida en Dub\u00e1i<\/b><\/h2>\n<p>&nbsp;<\/p>\n<p><span style=\"font-weight: 400;\">Durante la \u00faltima d\u00e9cada, la infraestructura y el estilo de vida en el emirato han mejorado hasta tal punto que los pa\u00edses m\u00e1s desarrollados del mundo pueden envidiar las oportunidades disponibles para los residentes e invitados de la metr\u00f3poli. En la gran ciudad de los Emiratos \u00c1rabes Unidos se encuentran:<\/span><\/p>\n<p>&nbsp;<\/p>\n<ul>\n<li><span style=\"font-weight: 400;\">jardines de infancia y escuelas con equipamiento moderno y personal cualificado;<\/span><\/li>\n<li><span style=\"font-weight: 400;\">hospitales y cl\u00ednicas de clase mundial, que ofrecen servicios m\u00e9dicos avanzados;<\/span><\/li>\n<li><span style=\"font-weight: 400;\">enormes y lujosos centros comerciales para compras de calidad;<\/span><\/li>\n<li><span style=\"font-weight: 400;\">diversas instalaciones de infraestructura que pueden ser \u00fatiles para vivir y hacer negocios.<\/span><\/li>\n<\/ul>\n<p>&nbsp;<\/p>\n<p><span style=\"font-weight: 400;\">La infraestructura de Dubai brinda comodidad y conveniencia tanto para los hu\u00e9spedes como para los residentes de la ciudad, respaldando un crecimiento econ\u00f3mico din\u00e1mico. Dubai es popular entre los turistas. Muchos extranjeros consideran la metr\u00f3poli como un lugar de residencia permanente.<\/span><\/p>\n<p>&nbsp;<\/p>\n<h2><b>Precios de Villas en Dub\u00e1i<\/b><\/h2>\n<p>&nbsp;<\/p>\n<p><span style=\"font-weight: 400;\">\u00bfCu\u00e1nto cuesta una casa en Dub\u00e1i? Esta pregunta la hacen todos los que planean comprar bienes ra\u00edces en los Emiratos \u00c1rabes Unidos. El <\/span><span style=\"font-weight: 400;\">Precio de la villa en Dub\u00e1i<\/span><span style=\"font-weight: 400;\"> est\u00e1 influenciado por las caracter\u00edsticas individuales de la propiedad, su ubicaci\u00f3n y tama\u00f1o. El costo m\u00ednimo de un <\/span><span style=\"font-weight: 400;\">villa en venta en Dub\u00e1i<\/span><span style=\"font-weight: 400;\">\u00a0 en la metr\u00f3poli del este es $280.000 (aproximadamente 1 mill\u00f3n de AED).<\/span><\/p>\n<p>&nbsp;<\/p>\n<p><span style=\"font-weight: 400;\">Si planea comprar una propiedad en Dubai, preste atenci\u00f3n a las siguientes \u00e1reas:<\/span><\/p>\n<p>&nbsp;<\/p>\n<ul>\n<li><span style=\"font-weight: 400;\"><a href=\"https:\/\/alirarealestate.com\/es\/catalog\/buy\/dubai\/damac-hills\/\">Colinas de Damac<\/a>;<\/span><\/li>\n<li><span style=\"font-weight: 400;\"><a href=\"https:\/\/alirarealestate.com\/es\/catalog\/buy\/dubai\/dubai-hills\/\">Colinas de Dub\u00e1i<\/a>;<\/span><\/li>\n<li><span style=\"font-weight: 400;\"><a href=\"https:\/\/alirarealestate.com\/es\/catalog\/buy\/dubai\/palm-jumeirah\/\">Palma Jumeirah<\/a>;<\/span><\/li>\n<li><span style=\"font-weight: 400;\">Finca de golf Jumeirah;<\/span><\/li>\n<li><span style=\"font-weight: 400;\">Mud\u00f3n.<\/span><\/li>\n<\/ul>\n<p>&nbsp;<\/p>\n<p><span style=\"font-weight: 400;\">Para elegir un distrito y comprar una villa en Dubai, utilice los servicios de un especialista calificado que conozca bien el mercado inmobiliario.<\/span><\/p>\n\n\t\t<\/div>\n\t<\/div>\n<\/div><\/div><\/div><\/div><div class=\"vc_row wpb_row vc_row-fluid vc_row\"><div class=\"wpb_column vc_column_container vc_col-sm-12 vc_column\"><div class=\"vc_column-inner\"><div class=\"wpb_wrapper\">\n\t<div class=\"wpb_text_column wpb_content_element  vc_column_text\" >\n\t\t<div class=\"wpb_wrapper\">\n\t\t\t<h2><b>Invertir en villas en Dubai<\/b><\/h2>\n<p>&nbsp;<\/p>\n<p><span style=\"font-weight: 400;\">Comprar una propiedad en los Emiratos es una inversi\u00f3n rentable. Los bienes ra\u00edces en los Emiratos \u00c1rabes Unidos siempre tienen una gran demanda y <\/span><span style=\"font-weight: 400;\">precios de la vivienda en Dubai<\/span><span style=\"font-weight: 400;\"> est\u00e1n aumentando constantemente. Durante el a\u00f1o pasado, el coste de los bienes inmuebles en muchas zonas de la metr\u00f3poli \u00e1rabe aument\u00f3 en promedio de 40 a 601 TP3T.<\/span><\/p>\n<p>&nbsp;<\/p>\n<p><span style=\"font-weight: 400;\">Villas en Dubai en venta<\/span><span style=\"font-weight: 400;\">e cerca de la costa del Golfo y <a href=\"https:\/\/alirarealestate.com\/es\/catalog\/buy\/dubai\/villas\/luxury\/\">casas de formato premium<\/a> son los m\u00e1s populares. El rendimiento medio del alquiler de propiedades residenciales ronda los 6% al a\u00f1o.<\/span><\/p>\n<p>&nbsp;<\/p>\n<h2><b>Colaboraci\u00f3n con la Agencia<\/b><\/h2>\n<p>&nbsp;<\/p>\n<p><span style=\"font-weight: 400;\">Alira Real Estate es una agencia inmobiliaria que ofrece una amplia gama de servicios. El perfil principal de Alira Real Estate es la compra, alquiler y venta de casas en Dubai y otros emiratos.<\/span><\/p>\n<p>&nbsp;<\/p>\n<p><span style=\"font-weight: 400;\">En Alira Real Estate trabajan especialistas cualificados y con amplia experiencia laboral. Conocen todos los matices del mercado. Esto les permite brindar el m\u00e1ximo beneficio a los clientes. La base de datos de propiedades residenciales y comerciales de la agencia se actualiza peri\u00f3dicamente. Cuenta con un sistema de b\u00fasqueda accesible equipado con filtros para varios par\u00e1metros.<\/span><\/p>\n<p>&nbsp;<\/p>\n<p><span style=\"font-weight: 400;\">Al colaborar con nuestra agencia, obtienes los siguientes beneficios:<\/span><\/p>\n<p>&nbsp;<\/p>\n<ul>\n<li><span style=\"font-weight: 400;\">Transparencia. Puede encontrar bienes inmuebles residenciales o comerciales en los Emiratos \u00c1rabes Unidos que cumplan plenamente con los requisitos establecidos.<\/span><\/li>\n<li><span style=\"font-weight: 400;\">Flexibilidad. Obtendr\u00e1 condiciones de cooperaci\u00f3n flexibles y la oportunidad de elegir entre diferentes opciones inmobiliarias. Puede completar la transacci\u00f3n de forma remota si es necesario.<\/span><\/li>\n<li><span style=\"font-weight: 400;\">Confidencialidad. Sus datos personales y otra informaci\u00f3n no se divulgan a terceros sin su consentimiento por escrito o sin necesidad real.<\/span><\/li>\n<\/ul>\n<p>&nbsp;<\/p>\n<p><span style=\"font-weight: 400;\">\u00a1Al contactar con la agencia Alira Real Estate, elige un socio confiable y responsable!<\/span><\/p>\n<p>&nbsp;<\/p>\n<p><span style=\"font-weight: 400;\">\u00bfQuieres saber cu\u00e1nto cuesta una villa en Dubai? \u00bfO quiere encontrar una opci\u00f3n de inversi\u00f3n adecuada? Llamar <\/span><span style=\"font-weight: 400;\"><a href=\"tel: 79869277377\">+7 (986) 927-73-77<\/a><\/span><span style=\"font-weight: 400;\"> y <\/span><span style=\"font-weight: 400;\"><a href=\"tel: 971588337903\">+971 (588) 337 903<\/a><\/span><span style=\"font-weight: 400;\"> para obtener las \u00faltimas ofertas de los mejores desarrolladores de los EAU, o escriba a <a class=\"mail\" href=\"mailto:info@alirarealestate.com\">info@alirarealestate.com<\/a>.<\/span><\/p>\n\n\t\t<\/div>\n\t<\/div>\n<\/div><\/div><\/div><\/div>\n<\/section>","protected":false},"excerpt":{"rendered":"\u00bfSue\u00f1a con vivir en un pa\u00eds soleado o busca una forma exitosa de invertir su dinero? Considere la posibilidad de adquirir bienes ra\u00edces en Dub\u00e1i. Las villas y casas son las opciones m\u00e1s codiciadas en la metr\u00f3polis moderna. \u00a1Y con raz\u00f3n! La demanda de este tipo de propiedades en los Emiratos est\u00e1 en constante crecimiento. En Dub\u00e1i, hay muchos edificios residenciales en venta, cada uno \u00fanico en su dise\u00f1o y ubicaci\u00f3n.","protected":false},"author":1,"featured_media":0,"parent":4295,"menu_order":0,"comment_status":"closed","ping_status":"closed","template":"advanced_search_results.php","meta":{"inline_featured_image":false,"_glsr_average":0,"_glsr_ranking":0,"_glsr_reviews":0,"footnotes":""},"class_list":["post-4305","page","type-page","status-publish","hentry"],"yoast_head":"<!-- This site is optimized with the Yoast SEO Premium plugin v25.1 (Yoast SEO v25.6) - https:\/\/yoast.com\/wordpress\/plugins\/seo\/ -->\n<title>Villas for Sale In Dubai. Buy a House - Alira<\/title>\n<meta name=\"description\" content=\"Villas for sale in Dubai, UAE. \u2b50 Buy villas in Dubai: luxury, affordable, by the sea, etc. \u2b50 Prices, descriptions, and photos. \u27a4 Discover your perfect house on our website!\" \/>\n<meta name=\"robots\" content=\"index, follow, max-snippet:-1, max-image-preview:large, max-video-preview:-1\" \/>\n<link rel=\"canonical\" href=\"https:\/\/alirarealestate.com\/es\/catalog\/buy\/dubai\/villas\/\" \/>\n<meta property=\"og:locale\" content=\"es_ES\" \/>\n<meta property=\"og:type\" content=\"article\" \/>\n<meta property=\"og:title\" content=\"Villas for Sale In Dubai\" \/>\n<meta property=\"og:description\" content=\"Villas for sale in Dubai, UAE. \u2b50 Buy villas in Dubai: luxury, affordable, by the sea, etc. \u2b50 Prices, descriptions, and photos. \u27a4 Discover your perfect house on our website!\" \/>\n<meta property=\"og:url\" content=\"https:\/\/alirarealestate.com\/es\/catalog\/buy\/dubai\/villas\/\" \/>\n<meta property=\"og:site_name\" content=\"Alira Real Estate - Real estate in the UAE\" \/>\n<meta property=\"article:modified_time\" content=\"2024-10-27T14:27:42+00:00\" \/>\n<meta name=\"twitter:card\" content=\"summary_large_image\" \/>\n<meta name=\"twitter:label1\" content=\"Tiempo de lectura\" \/>\n\t<meta name=\"twitter:data1\" content=\"5 minutos\" \/>\n<script type=\"application\/ld+json\" class=\"yoast-schema-graph\">{\"@context\":\"https:\/\/schema.org\",\"@graph\":[{\"@type\":\"WebPage\",\"@id\":\"https:\/\/alirarealestate.com\/es\/catalog\/buy\/dubai\/villas\/\",\"url\":\"https:\/\/alirarealestate.com\/es\/catalog\/buy\/dubai\/villas\/\",\"name\":\"Villas for Sale In Dubai. Buy a House - Alira\",\"isPartOf\":{\"@id\":\"https:\/\/alirarealestate.com\/es\/#website\"},\"datePublished\":\"2024-04-18T07:17:39+00:00\",\"dateModified\":\"2024-10-27T14:27:42+00:00\",\"description\":\"Villas for sale in Dubai, UAE. \u2b50 Buy villas in Dubai: luxury, affordable, by the sea, etc. \u2b50 Prices, descriptions, and photos. \u27a4 Discover your perfect house on our website!\",\"breadcrumb\":{\"@id\":\"https:\/\/alirarealestate.com\/es\/catalog\/buy\/dubai\/villas\/#breadcrumb\"},\"inLanguage\":\"es\",\"potentialAction\":[{\"@type\":\"ReadAction\",\"target\":[\"https:\/\/alirarealestate.com\/es\/catalog\/buy\/dubai\/villas\/\"]}]},{\"@type\":\"BreadcrumbList\",\"@id\":\"https:\/\/alirarealestate.com\/es\/catalog\/buy\/dubai\/villas\/#breadcrumb\",\"itemListElement\":[{\"@type\":\"ListItem\",\"position\":1,\"name\":\"Home\",\"item\":\"https:\/\/alirarealestate.com\/\"},{\"@type\":\"ListItem\",\"position\":2,\"name\":\"Real Estate Catalog\",\"item\":\"https:\/\/alirarealestate.com\/catalog\/\"},{\"@type\":\"ListItem\",\"position\":3,\"name\":\"Real Estate Catalog\",\"item\":\"https:\/\/alirarealestate.com\/catalog\/buy\/\"},{\"@type\":\"ListItem\",\"position\":4,\"name\":\"Properties for Sale in Dubai\",\"item\":\"https:\/\/alirarealestate.com\/catalog\/buy\/dubai\/\"},{\"@type\":\"ListItem\",\"position\":5,\"name\":\"Villas for Sale In Dubai\"}]},{\"@type\":\"WebSite\",\"@id\":\"https:\/\/alirarealestate.com\/es\/#website\",\"url\":\"https:\/\/alirarealestate.com\/es\/\",\"name\":\"Alira Real Estate - Real estate in the UAE\",\"description\":\"\",\"potentialAction\":[{\"@type\":\"SearchAction\",\"target\":{\"@type\":\"EntryPoint\",\"urlTemplate\":\"https:\/\/alirarealestate.com\/es\/?s={search_term_string}\"},\"query-input\":{\"@type\":\"PropertyValueSpecification\",\"valueRequired\":true,\"valueName\":\"search_term_string\"}}],\"inLanguage\":\"es\"}]}<\/script>\n<!-- \/ Yoast SEO Premium plugin. -->","yoast_head_json":{"title":"Villas for Sale In Dubai. Buy a House - Alira","description":"Villas for sale in Dubai, UAE. \u2b50 Buy villas in Dubai: luxury, affordable, by the sea, etc. \u2b50 Prices, descriptions, and photos. \u27a4 Discover your perfect house on our website!","robots":{"index":"index","follow":"follow","max-snippet":"max-snippet:-1","max-image-preview":"max-image-preview:large","max-video-preview":"max-video-preview:-1"},"canonical":"https:\/\/alirarealestate.com\/es\/catalog\/buy\/dubai\/villas\/","og_locale":"es_ES","og_type":"article","og_title":"Villas for Sale In Dubai","og_description":"Villas for sale in Dubai, UAE. \u2b50 Buy villas in Dubai: luxury, affordable, by the sea, etc. \u2b50 Prices, descriptions, and photos. \u27a4 Discover your perfect house on our website!","og_url":"https:\/\/alirarealestate.com\/es\/catalog\/buy\/dubai\/villas\/","og_site_name":"Alira Real Estate - Real estate in the UAE","article_modified_time":"2024-10-27T14:27:42+00:00","twitter_card":"summary_large_image","twitter_misc":{"Tiempo de lectura":"5 minutos"},"schema":{"@context":"https:\/\/schema.org","@graph":[{"@type":"WebPage","@id":"https:\/\/alirarealestate.com\/es\/catalog\/buy\/dubai\/villas\/","url":"https:\/\/alirarealestate.com\/es\/catalog\/buy\/dubai\/villas\/","name":"Villas for Sale In Dubai. Buy a House - Alira","isPartOf":{"@id":"https:\/\/alirarealestate.com\/es\/#website"},"datePublished":"2024-04-18T07:17:39+00:00","dateModified":"2024-10-27T14:27:42+00:00","description":"Villas for sale in Dubai, UAE. \u2b50 Buy villas in Dubai: luxury, affordable, by the sea, etc. \u2b50 Prices, descriptions, and photos. \u27a4 Discover your perfect house on our website!","breadcrumb":{"@id":"https:\/\/alirarealestate.com\/es\/catalog\/buy\/dubai\/villas\/#breadcrumb"},"inLanguage":"es","potentialAction":[{"@type":"ReadAction","target":["https:\/\/alirarealestate.com\/es\/catalog\/buy\/dubai\/villas\/"]}]},{"@type":"BreadcrumbList","@id":"https:\/\/alirarealestate.com\/es\/catalog\/buy\/dubai\/villas\/#breadcrumb","itemListElement":[{"@type":"ListItem","position":1,"name":"Home","item":"https:\/\/alirarealestate.com\/"},{"@type":"ListItem","position":2,"name":"Real Estate Catalog","item":"https:\/\/alirarealestate.com\/catalog\/"},{"@type":"ListItem","position":3,"name":"Real Estate Catalog","item":"https:\/\/alirarealestate.com\/catalog\/buy\/"},{"@type":"ListItem","position":4,"name":"Properties for Sale in Dubai","item":"https:\/\/alirarealestate.com\/catalog\/buy\/dubai\/"},{"@type":"ListItem","position":5,"name":"Villas for Sale In Dubai"}]},{"@type":"WebSite","@id":"https:\/\/alirarealestate.com\/es\/#website","url":"https:\/\/alirarealestate.com\/es\/","name":"Alira Real Estate - Real estate in the UAE","description":"","potentialAction":[{"@type":"SearchAction","target":{"@type":"EntryPoint","urlTemplate":"https:\/\/alirarealestate.com\/es\/?s={search_term_string}"},"query-input":{"@type":"PropertyValueSpecification","valueRequired":true,"valueName":"search_term_string"}}],"inLanguage":"es"}]}},"_links":{"self":[{"href":"https:\/\/alirarealestate.com\/es\/wp-json\/wp\/v2\/pages\/4305"}],"collection":[{"href":"https:\/\/alirarealestate.com\/es\/wp-json\/wp\/v2\/pages"}],"about":[{"href":"https:\/\/alirarealestate.com\/es\/wp-json\/wp\/v2\/types\/page"}],"author":[{"embeddable":true,"href":"https:\/\/alirarealestate.com\/es\/wp-json\/wp\/v2\/users\/1"}],"replies":[{"embeddable":true,"href":"https:\/\/alirarealestate.com\/es\/wp-json\/wp\/v2\/comments?post=4305"}],"version-history":[{"count":2,"href":"https:\/\/alirarealestate.com\/es\/wp-json\/wp\/v2\/pages\/4305\/revisions"}],"predecessor-version":[{"id":5902,"href":"https:\/\/alirarealestate.com\/es\/wp-json\/wp\/v2\/pages\/4305\/revisions\/5902"}],"up":[{"embeddable":true,"href":"https:\/\/alirarealestate.com\/es\/wp-json\/wp\/v2\/pages\/4295"}],"wp:attachment":[{"href":"https:\/\/alirarealestate.com\/es\/wp-json\/wp\/v2\/media?parent=4305"}],"curies":[{"name":"wp","href":"https:\/\/api.w.org\/{rel}","templated":true}]}}