{"id":4296,"date":"2024-04-18T10:17:39","date_gmt":"2024-04-18T07:17:39","guid":{"rendered":"https:\/\/alirarealestate.com\/catalog\/buy\/dubai\/apartments\/"},"modified":"2025-04-22T23:27:24","modified_gmt":"2025-04-22T20:27:24","slug":"apartments","status":"publish","type":"page","link":"https:\/\/alirarealestate.com\/es\/catalog\/buy\/dubai\/apartments\/","title":{"rendered":"Apartamentos en venta en Dub\u00e1i"},"content":{"rendered":"<section class=\"wpb-content-wrapper\"><div class=\"vc_row wpb_row vc_row-fluid vc_row\"><div class=\"wpb_column vc_column_container vc_col-sm-12 vc_column\"><div class=\"vc_column-inner\"><div class=\"wpb_wrapper\">\n\t<div class=\"wpb_text_column wpb_content_element  vc_column_text\" >\n\t\t<div class=\"wpb_wrapper\">\n\t\t\t<p>Comprar un apartamento en Duba<span style=\"font-weight: 400;\">Es una oportunidad para adquirir una propiedad de alta liquidez en una ciudad segura y moderna. El rico patrimonio cultural, el clima favorable y el alto retorno de la inversi\u00f3n hacen que los bienes ra\u00edces en la metr\u00f3poli sean una excelente manera de invertir capital. Puede obtener ayuda para encontrar y formalizar bienes ra\u00edces en Dubai de la agencia Alira Real Estate. Nos ocupamos de los asuntos legales, seleccionamos propiedades de alta calidad y brindamos un servicio postventa de alto nivel profesional.<\/span><\/p>\n<p>&nbsp;<\/p>\n<h2><b>Ventajas de <\/b><b>comprar piso en Dubai<\/b><\/h2>\n<p>&nbsp;<\/p>\n<p><span style=\"font-weight: 400;\">El emirato, que en cuesti\u00f3n de d\u00e9cadas pas\u00f3 de las arenas de un desierto c\u00e1lido a convertirse en una metr\u00f3poli lujosa, es un lugar excelente para vivir e invertir. Comprar una propiedad en su territorio tiene varias ventajas:<\/span><\/p>\n<p>&nbsp;<\/p>\n<ul>\n<li><span style=\"font-weight: 400;\">Alto retorno de la inversi\u00f3n. El precio de venta de los apartamentos en Dubai aumenta constantemente, lo que proporciona a los inversores excelentes rentabilidades.<\/span><\/li>\n<li><span style=\"font-weight: 400;\">Derecho a obtener visa de residencia. Al comprar una propiedad por valor de 750.000 AED, puede obtener una visa de dos a\u00f1os, y para propiedades que cuesten m\u00e1s de 2 millones de AED, una &quot;Visa Dorada&quot; de diez a\u00f1os.<\/span><\/li>\n<li><span style=\"font-weight: 400;\">Alto nivel de vida. En t\u00e9rminos de seguridad y comodidad, Dubai se encuentra entre los mejores no s\u00f3lo en Medio Oriente sino tambi\u00e9n a nivel mundial.<\/span><\/li>\n<li><span style=\"font-weight: 400;\">Sin impuesto a la propiedad. Los compradores no necesitan gastar dinero en pagos de impuestos anuales. Los \u00fanicos gastos son de mantenimiento de la propiedad.<\/span><\/li>\n<li><span style=\"font-weight: 400;\">Altos ingresos por alquiler. Los costes de compra de una propiedad se recuperan en un corto plazo, ya que el rendimiento del alquiler de los apartamentos puede ascender a 13%.<\/span><\/li>\n<li><span style=\"font-weight: 400;\">Legislaci\u00f3n transparente. Las transacciones inmobiliarias en Dubai est\u00e1n totalmente protegidas por el marco legislativo. Los extranjeros pueden comprar propiedades en plena propiedad con un sencillo procedimiento de registro.<br \/>\n<\/span><\/li>\n<\/ul>\n<h2><b>Zonas populares para comprar apartamentos en Dubai<\/b><\/h2>\n<p>&nbsp;<\/p>\n<p><span style=\"font-weight: 400;\">La compra de apartamentos en Dubai tiene una gran demanda en toda la ciudad. Sin embargo, hay zonas populares de la ciudad donde comprar una propiedad aporta el mayor beneficio:<\/span><\/p>\n<p>&nbsp;<\/p>\n<ul>\n<li><span style=\"font-weight: 400;\"><a href=\"https:\/\/alirarealestate.com\/es\/catalog\/buy\/dubai\/business-bay\/\">Bah\u00eda de Negocios<\/a> \u2013 un importante centro de negocios de la ciudad, ubicado cerca del centro de Dubai. Los empresarios y los especialistas extranjeros prefieren <\/span><span style=\"font-weight: 400;\">comprar apartamentos en Dubai<\/span><span style=\"font-weight: 400;\"> en esta \u00e1rea.<\/span><\/li>\n<li><span style=\"font-weight: 400;\"><a href=\"https:\/\/alirarealestate.com\/es\/catalog\/buy\/dubai\/dubai-marina\/\">Puerto deportivo de Dub\u00e1i<\/a> \u2013 una zona de \u00e9lite a orillas del Golfo P\u00e9rsico. Es un canal artificial, a lo largo de cuyas orillas hay rascacielos, tiendas caras y restaurantes de moda. Es popular entre los amantes del entretenimiento activo y la recreaci\u00f3n en la playa.<\/span><\/li>\n<li><span style=\"font-weight: 400;\"><a href=\"https:\/\/alirarealestate.com\/es\/catalog\/buy\/dubai\/downtown\/\">Centro de Dub\u00e1i<\/a> \u2013 el centro de la metr\u00f3poli, conocido por sus lujosos hoteles, rascacielos, entretenimiento y centros comerciales. Las principales ventajas de vivir en esta zona son la proximidad a las atracciones y un alto nivel de infraestructura.<\/span><\/li>\n<li><span style=\"font-weight: 400;\"><a href=\"https:\/\/alirarealestate.com\/es\/catalog\/buy\/dubai\/dubai-hills\/\">Colinas de Dub\u00e1i<\/a> \u2013 una zona residencial tranquila habitada predominantemente por expatriados. Incluye viviendas premium, incluidas casas adosadas y apartamentos de lujo.<\/span><\/li>\n<li><span style=\"font-weight: 400;\"><a href=\"https:\/\/alirarealestate.com\/es\/catalog\/buy\/dubai\/palm-jumeirah\/\">Palma Jumeirah<\/a> \u2013 una zona donde se observan los precios de apartamentos m\u00e1s altos en Dubai, Emiratos \u00c1rabes Unidos. Se trata de una red de islas artificiales en forma de palmera. La zona incluye complejos residenciales y de villas de primera clase.<\/span><\/li>\n<li><span style=\"font-weight: 400;\"><a href=\"https:\/\/alirarealestate.com\/es\/catalog\/buy\/dubai\/jumeirah-village-circle\/\">JVC (C\u00edrculo del pueblo de Jumeirah)<\/a> \u2013 una comunidad c\u00f3moda no lejos del puerto deportivo de Dubai, que consta de casas adosadas, villas y apartamentos. Las familias con ni\u00f1os y los partidarios de una vida tranquila y pac\u00edfica prefieren establecerse aqu\u00ed.<\/span><\/li>\n<li><span style=\"font-weight: 400;\"><a href=\"https:\/\/alirarealestate.com\/es\/catalog\/buy\/dubai\/burj-khalifa\/\">Burj Khalifa<\/a> \u2013 un hito destacado de la ciudad y el rascacielos m\u00e1s alto del mundo, donde puedes encontrar apartamentos de lujo y <\/span><span style=\"font-weight: 400;\">pisos en venta en Dub\u00e1i<\/span><span style=\"font-weight: 400;\">.<\/span><\/li>\n<li><span style=\"font-weight: 400;\"><a href=\"https:\/\/alirarealestate.com\/es\/catalog\/buy\/dubai\/dubai-harbor\/\">Puerto de Dub\u00e1i<\/a> \u2013 una zona moderna en la costa del mar cerca de Palm Jumeirah. Atrae compradores con lujo, confort y magn\u00edficas vistas panor\u00e1micas.<\/span><\/li>\n<li><span style=\"font-weight: 400;\"><a href=\"https:\/\/alirarealestate.com\/es\/catalog\/buy\/dubai\/emaar-beachfront\/\">Frente a la playa de Emaar<\/a> \u2013 una zona en desarrollo cerca del puerto deportivo de Dubai. Aqu\u00ed se construyen activamente complejos residenciales con apartamentos para todos los gustos.<\/span><\/li>\n<li><span style=\"font-weight: 400;\"><a href=\"https:\/\/alirarealestate.com\/es\/catalog\/buy\/dubai\/damac-hills\/\">Colinas de Damac<\/a> \u2013 un prestigioso complejo residencial en el territorio del Trump Dubai International Golf Club. Incluye apartamentos y villas, varios centros comerciales, restaurantes y el hotel Radisson.<\/span><\/li>\n<\/ul>\n\n\t\t<\/div>\n\t<\/div>\n<\/div><\/div><\/div><\/div><div class=\"vc_row wpb_row vc_row-fluid vc_row\"><div class=\"wpb_column vc_column_container vc_col-sm-12 vc_column\"><div class=\"vc_column-inner\"><div class=\"wpb_wrapper\">\n\t<div class=\"wpb_text_column wpb_content_element  vc_column_text\" >\n\t\t<div class=\"wpb_wrapper\">\n\t\t\t<h2><b>principales tipos de <\/b><b>Apartamentos en venta en Dub\u00e1i<\/b><\/h2>\n<p>&nbsp;<\/p>\n<p><span style=\"font-weight: 400;\">Si est\u00e1s planeando <\/span><span style=\"font-weight: 400;\">comprar un piso en Dubai<\/span><span style=\"font-weight: 400;\">, nuestra agencia inmobiliaria le ofrecer\u00e1 una amplia gama de propiedades para adaptarse a cualquier solicitud. Disponibles para su selecci\u00f3n son:<\/span><\/p>\n<p>&nbsp;<\/p>\n<ul>\n<li><span style=\"font-weight: 400;\"><a href=\"https:\/\/alirarealestate.com\/ru\/catalog\/buy\/dubai\/apartments\/1-bedroom\/\">Uno<\/a> a<a href=\"https:\/\/alirarealestate.com\/ru\/catalog\/buy\/dubai\/apartments\/5-bedroom\/\"> cinco dormitorios<\/a> \u2013 apartamentos independientes con cocina y n\u00famero variable de dormitorios. Pueden ubicarse en edificios de varios pisos o complejos residenciales. A menudo se compran para alquiler, especialmente si el edificio est\u00e1 ubicado cerca de importantes centros de oficinas.<\/span><\/li>\n<li><span style=\"font-weight: 400;\"><a href=\"https:\/\/alirarealestate.com\/ru\/catalog\/buy\/dubai\/apartments\/studios\/\">Estudios<\/a> \u2013 habitaciones donde se combina el dormitorio con la cocina. Son populares entre j\u00f3venes profesionales y parejas sin hijos.<\/span><\/li>\n<li><span style=\"font-weight: 400;\"><a href=\"https:\/\/alirarealestate.com\/ru\/catalog\/buy\/dubai\/apartments\/luxury\/\">\u00c9lite<\/a> \u2013 c\u00f3modos apartamentos con comodidades. A menudo est\u00e1n ubicados en comunidades cerradas con una infraestructura social desarrollada: tiendas propias, spas, gimnasios, campos de juego y deportivos.<\/span><\/li>\n<li><span style=\"font-weight: 400;\">Asequible: apartamentos disponibles en t\u00e9rminos de costo, que est\u00e1n ubicados en \u00e1reas menos populares o tienen comodidades limitadas.<\/span><\/li>\n<li><span style=\"font-weight: 400;\"><a href=\"https:\/\/alirarealestate.com\/es\/catalog\/buy\/dubai\/apartments\/sea\/\">Por el mar<\/a> \u2013 ubicados en complejos residenciales en la costa del Golfo P\u00e9rsico. Atraen a los compradores por sus pintorescas vistas panor\u00e1micas y la presencia de su propia playa.<\/span><\/li>\n<\/ul>\n<p>&nbsp;<\/p>\n<h2><b>Servicios de los apartamentos en Dub\u00e1i<\/b><\/h2>\n<p>&nbsp;<\/p>\n<p><span style=\"font-weight: 400;\">Las empresas constructoras intentan atraer inversores incluso en la etapa de construcci\u00f3n de complejos residenciales, por lo que ofrecen a los compradores precios asequibles para apartamentos en Dubai y una amplia gama de comodidades. En residencias se puede incluir:<\/span><\/p>\n<p>&nbsp;<\/p>\n<ul>\n<li><span style=\"font-weight: 400;\">Gimnasios con equipamiento moderno.<\/span><\/li>\n<li><span style=\"font-weight: 400;\">Restaurantes, cafeter\u00edas.<\/span><\/li>\n<li><span style=\"font-weight: 400;\">Tiendas y panader\u00edas privadas;<\/span><\/li>\n<li><span style=\"font-weight: 400;\">Piscinas con tumbonas, zonas de relax para residentes;<\/span><\/li>\n<li><span style=\"font-weight: 400;\">Servicio de conserjer\u00eda las 24 horas;<\/span><\/li>\n<li><span style=\"font-weight: 400;\">Acceso a playas de la costa del Golfo y mucho m\u00e1s.<\/span><\/li>\n<\/ul>\n<p>&nbsp;<\/p>\n<p><span style=\"font-weight: 400;\">La gama de servicios depende del plan de desarrollo y la ubicaci\u00f3n del edificio. Algunos complejos residenciales, especialmente en la costa, se parecen m\u00e1s a complejos tur\u00edsticos completos con sus propias playas o lagunas artificiales.<\/span><\/p>\n<p>&nbsp;<\/p>\n<h2><b>Estilo de vida en Dub\u00e1i<\/b><\/h2>\n<p>&nbsp;<\/p>\n<p><span style=\"font-weight: 400;\">La venta de apartamentos en Dubai es muy popular debido al alto confort de vida. La ciudad tiene todo lo que la gente necesita para una vida rica y plena. Restaurantes de lujo, gimnasios, centros deportivos, playas limpias, numerosas tiendas y boutiques de \u00e9lite: todo esto y mucho m\u00e1s atrae a compradores de todo el mundo.<\/span><\/p>\n<p>&nbsp;<\/p>\n<p><span style=\"font-weight: 400;\">La gran demanda de bienes ra\u00edces por parte de extranjeros ha llevado a que m\u00e1s de 85% de la poblaci\u00f3n de la ciudad sean expatriados. La afluencia de inmigrantes proporciona a Dubai un entorno multicultural unificado. A pesar de las leyes estrictas y el estilo de vida inusual en los EAU, los extranjeros se sienten libres y disfrutan la vida al m\u00e1ximo.<\/span><\/p>\n<p>&nbsp;<\/p>\n<h2><b>Precios de apartamentos en Dub\u00e1i<\/b><\/h2>\n<p>&nbsp;<\/p>\n<p><span style=\"font-weight: 400;\">El precio de la vivienda en edificios de varios pisos est\u00e1 influenciado por muchos factores, desde el \u00e1rea del local hasta la ubicaci\u00f3n, la distribuci\u00f3n, el piso y la disponibilidad de comodidades. Si consideramos<\/span><span style=\"font-weight: 400;\"> \u00bfCu\u00e1nto cuestan los apartamentos en Dubai?<\/span><span style=\"font-weight: 400;\"> En ejemplos espec\u00edficos, se considera que los m\u00e1s caros en la actualidad son los apartamentos en la residencia Royal Atlantis, que se vendieron por 163 millones de AED en 2022.<\/span><\/p>\n<p>&nbsp;<\/p>\n<p><span style=\"font-weight: 400;\">Tambi\u00e9n hay opciones m\u00e1s asequibles en la ciudad. El promedio c<\/span><span style=\"font-weight: 400;\">La mayor parte de un apartamento en Dubai.<\/span><span style=\"font-weight: 400;\"> Los apartamentos terminados cuestan 11.450 AED por metro cuadrado y los apartamentos sobre plano, 18.950 AED. Los apartamentos m\u00e1s caros se encuentran en las islas Palm Jumeirah. Aqu\u00ed podr\u00e1 encontrar viviendas de lujo en proyectos como:<\/span><\/p>\n<p>&nbsp;<\/p>\n<ul>\n<li><span style=\"font-weight: 400;\">Uno;<\/span><\/li>\n<li><span style=\"font-weight: 400;\">La Atl\u00e1ntida Real;<\/span><\/li>\n<li><span style=\"font-weight: 400;\">Ava;<\/span><\/li>\n<li><span style=\"font-weight: 400;\">Seis sentidos.<\/span><\/li>\n<\/ul>\n<p><span style=\"font-weight: 400;\">La lista de los complejos residenciales con apartamentos m\u00e1s caros tambi\u00e9n incluye el Dorchester Collection Dubai, ubicado en el <a href=\"https:\/\/alirarealestate.com\/es\/catalog\/buy\/dubai\/business-bay\/\">Bah\u00eda de Negocios<\/a> \u00e1rea.<\/span><\/p>\n\n\t\t<\/div>\n\t<\/div>\n<\/div><\/div><\/div><\/div><div class=\"vc_row wpb_row vc_row-fluid vc_row\"><div class=\"wpb_column vc_column_container vc_col-sm-12 vc_column\"><div class=\"vc_column-inner\"><div class=\"wpb_wrapper\">\n\t<div class=\"wpb_text_column wpb_content_element  vc_column_text\" >\n\t\t<div class=\"wpb_wrapper\">\n\t\t\t<h2><b>Inversiones en apartamentos en Dubai<\/b><\/h2>\n<p>&nbsp;<\/p>\n<p><span style=\"font-weight: 400;\">Invertir en bienes ra\u00edces en el emirato genera buenos ingresos. Los precios de los apartamentos en Dub\u00e1i aumentan constantemente, especialmente en las zonas prestigiosas cercanas a la costa. El crecimiento medio de los precios es de hasta 4% cada trimestre, y en algunas zonas, por ejemplo en Palm Jumeirah, el aumento fue de m\u00e1s de 100% en comparaci\u00f3n con el comienzo de la pandemia. Estos indicadores no siempre se observan, ya que el mercado inmobiliario es c\u00edclico. Sin embargo, como muestran las estad\u00edsticas, los inversores nunca sufren p\u00e9rdidas.<\/span><\/p>\n<p>&nbsp;<\/p>\n<p><span style=\"font-weight: 400;\">Pisos en venta en Dub\u00e1i <\/span><span style=\"font-weight: 400;\">Se puede adquirir para su posterior reventa o alquiler. En la metr\u00f3poli existen muchas de las llamadas zonas de dominio absoluto, donde los ciudadanos extranjeros pueden comprar propiedades con plenos derechos de propiedad, incluidos los terrenos. Los ingresos por alquiler dependen del per\u00edodo de alquiler de la propiedad. Los alquileres a largo plazo en zonas prestigiosas pueden generar hasta 8% al a\u00f1o, los alquileres a corto plazo, hasta 13%.<\/span><\/p>\n<p>&nbsp;<\/p>\n<h2><b>Ventajas de la cooperaci\u00f3n con nuestra agencia.<\/b><\/h2>\n<p>&nbsp;<\/p>\n<p><span style=\"font-weight: 400;\">La agencia Alira Real Estate le ayudar\u00e1 a comprar un apartamento en Dubai en condiciones favorables. Contamos con muchos a\u00f1os de experiencia en el sector inmobiliario y garantizamos a los compradores:<\/span><\/p>\n<p>&nbsp;<\/p>\n<ul>\n<li><span style=\"font-weight: 400;\">Un enfoque integral para trabajar con servicios de compra, venta, alquiler y gesti\u00f3n de bienes ra\u00edces.<\/span><\/li>\n<li><span style=\"font-weight: 400;\">Recibir servicios de una empresa confiable y con impecable reputaci\u00f3n en el mercado inmobiliario.<\/span><\/li>\n<li><span style=\"font-weight: 400;\">Condiciones de cooperaci\u00f3n flexibles y adaptadas a las necesidades de cada cliente.<\/span><\/li>\n<li><span style=\"font-weight: 400;\">Garant\u00eda de total confidencialidad. Puede estar seguro de que sin su consentimiento, la informaci\u00f3n sobre la transacci\u00f3n no ser\u00e1 revelada a terceros.<\/span><\/li>\n<li><span style=\"font-weight: 400;\">Servicios de especialistas experimentados y calificados con muchos a\u00f1os de experiencia trabajando con apartamentos en Dubai.<\/span><\/li>\n<li><span style=\"font-weight: 400;\">Actualizaci\u00f3n continua de la base de datos inmobiliaria, solo ofertas vigentes de inmuebles residenciales.<\/span><\/li>\n<li><span style=\"font-weight: 400;\">B\u00fasqueda c\u00f3moda de propiedades en el sitio web, la oportunidad de recibir informaci\u00f3n nueva e interesante sobre las ventas de bienes ra\u00edces en los Emiratos \u00c1rabes Unidos.<\/span><\/li>\n<\/ul>\n<p>&nbsp;<\/p>\n<p><span style=\"font-weight: 400;\">Los empleados de la empresa Alira Real Estate encontrar\u00e1n por usted <\/span><span style=\"font-weight: 400;\">apartamentos en venta en Dub\u00e1i<\/span><span style=\"font-weight: 400;\"> que cumplan plenamente con los requisitos de confort. Cont\u00e1ctenos de manera conveniente para obtener respuestas a sus preguntas, env\u00ede una solicitud para la selecci\u00f3n de apartamentos adecuados. Puedes consultar con especialistas de la agencia a trav\u00e9s del formulario online, por tel\u00e9fono <a href=\"tel: 971588337903\">+971 (588) 337 903<\/a> y <a href=\"tel: 79869277377\">+7 (986) 927-73-77<\/a>, o por correo electr\u00f3nico <a class=\"mail\" href=\"mailto:info@alirarealestate.com\">info@alirarealestate.com<\/a>. Encontraremos la propiedad perfecta para usted y haremos que la compra de un inmueble sea sencilla y segura.<\/span><\/p>\n\n\t\t<\/div>\n\t<\/div>\n<\/div><\/div><\/div><\/div>\n<\/section>","protected":false},"excerpt":{"rendered":"Comprar un apartamento en Dub\u00e1i es una oportunidad para adquirir una propiedad con alta liquidez en una ciudad segura y moderna. El rico patrimonio cultural, el clima favorable y la alta rentabilidad de la inversi\u00f3n hacen de los bienes ra\u00edces en la metr\u00f3polis una excelente opci\u00f3n para invertir. Puede obtener asistencia para encontrar y formalizar una propiedad en Dub\u00e1i con la agencia inmobiliaria Alira. Nos encargamos de...","protected":false},"author":1,"featured_media":0,"parent":4295,"menu_order":0,"comment_status":"closed","ping_status":"closed","template":"","meta":{"inline_featured_image":false,"_glsr_average":0,"_glsr_ranking":0,"_glsr_reviews":0,"footnotes":""},"class_list":["post-4296","page","type-page","status-publish","hentry"],"yoast_head":"<!-- This site is optimized with the Yoast SEO Premium plugin v25.1 (Yoast SEO v25.6) - https:\/\/yoast.com\/wordpress\/plugins\/seo\/ -->\n<title>Buy an apartment in Dubai. Apartment prices - Alira<\/title>\n<meta name=\"description\" content=\"Buy an apartment in Dubai, UAE. \u2b50 Apartments for sale in Dubai: studios, one-five-room apartments. \u2b50 Current prices for apartments, descriptions and photos. \u27a4 Leave a request for a consultation on the website!\" \/>\n<meta name=\"robots\" content=\"index, follow, max-snippet:-1, max-image-preview:large, max-video-preview:-1\" \/>\n<link rel=\"canonical\" href=\"https:\/\/alirarealestate.com\/es\/catalog\/buy\/dubai\/apartments\/\" \/>\n<meta property=\"og:locale\" content=\"es_ES\" \/>\n<meta property=\"og:type\" content=\"article\" \/>\n<meta property=\"og:title\" content=\"Apartments For Sale In Dubai\" \/>\n<meta property=\"og:description\" content=\"Buy an apartment in Dubai, UAE. \u2b50 Apartments for sale in Dubai: studios, one-five-room apartments. \u2b50 Current prices for apartments, descriptions and photos. \u27a4 Leave a request for a consultation on the website!\" \/>\n<meta property=\"og:url\" content=\"https:\/\/alirarealestate.com\/es\/catalog\/buy\/dubai\/apartments\/\" \/>\n<meta property=\"og:site_name\" content=\"Alira Real Estate - Real estate in the UAE\" \/>\n<meta property=\"article:modified_time\" content=\"2025-04-22T20:27:24+00:00\" \/>\n<meta name=\"twitter:card\" content=\"summary_large_image\" \/>\n<meta name=\"twitter:label1\" content=\"Tiempo de lectura\" \/>\n\t<meta name=\"twitter:data1\" content=\"7 minutos\" \/>\n<script type=\"application\/ld+json\" class=\"yoast-schema-graph\">{\"@context\":\"https:\/\/schema.org\",\"@graph\":[{\"@type\":\"WebPage\",\"@id\":\"https:\/\/alirarealestate.com\/es\/catalog\/buy\/dubai\/apartments\/\",\"url\":\"https:\/\/alirarealestate.com\/es\/catalog\/buy\/dubai\/apartments\/\",\"name\":\"Buy an apartment in Dubai. Apartment prices - Alira\",\"isPartOf\":{\"@id\":\"https:\/\/alirarealestate.com\/es\/#website\"},\"datePublished\":\"2024-04-18T07:17:39+00:00\",\"dateModified\":\"2025-04-22T20:27:24+00:00\",\"description\":\"Buy an apartment in Dubai, UAE. \u2b50 Apartments for sale in Dubai: studios, one-five-room apartments. \u2b50 Current prices for apartments, descriptions and photos. \u27a4 Leave a request for a consultation on the website!\",\"breadcrumb\":{\"@id\":\"https:\/\/alirarealestate.com\/es\/catalog\/buy\/dubai\/apartments\/#breadcrumb\"},\"inLanguage\":\"es\",\"potentialAction\":[{\"@type\":\"ReadAction\",\"target\":[\"https:\/\/alirarealestate.com\/es\/catalog\/buy\/dubai\/apartments\/\"]}]},{\"@type\":\"BreadcrumbList\",\"@id\":\"https:\/\/alirarealestate.com\/es\/catalog\/buy\/dubai\/apartments\/#breadcrumb\",\"itemListElement\":[{\"@type\":\"ListItem\",\"position\":1,\"name\":\"Home\",\"item\":\"https:\/\/alirarealestate.com\/\"},{\"@type\":\"ListItem\",\"position\":2,\"name\":\"Real Estate Catalog\",\"item\":\"https:\/\/alirarealestate.com\/catalog\/\"},{\"@type\":\"ListItem\",\"position\":3,\"name\":\"Real Estate Catalog\",\"item\":\"https:\/\/alirarealestate.com\/catalog\/buy\/\"},{\"@type\":\"ListItem\",\"position\":4,\"name\":\"Properties for Sale in Dubai\",\"item\":\"https:\/\/alirarealestate.com\/catalog\/buy\/dubai\/\"},{\"@type\":\"ListItem\",\"position\":5,\"name\":\"Apartments For Sale In Dubai\"}]},{\"@type\":\"WebSite\",\"@id\":\"https:\/\/alirarealestate.com\/es\/#website\",\"url\":\"https:\/\/alirarealestate.com\/es\/\",\"name\":\"Alira Real Estate - Real estate in the UAE\",\"description\":\"\",\"potentialAction\":[{\"@type\":\"SearchAction\",\"target\":{\"@type\":\"EntryPoint\",\"urlTemplate\":\"https:\/\/alirarealestate.com\/es\/?s={search_term_string}\"},\"query-input\":{\"@type\":\"PropertyValueSpecification\",\"valueRequired\":true,\"valueName\":\"search_term_string\"}}],\"inLanguage\":\"es\"}]}<\/script>\n<!-- \/ Yoast SEO Premium plugin. -->","yoast_head_json":{"title":"Buy an apartment in Dubai. Apartment prices - Alira","description":"Buy an apartment in Dubai, UAE. \u2b50 Apartments for sale in Dubai: studios, one-five-room apartments. \u2b50 Current prices for apartments, descriptions and photos. \u27a4 Leave a request for a consultation on the website!","robots":{"index":"index","follow":"follow","max-snippet":"max-snippet:-1","max-image-preview":"max-image-preview:large","max-video-preview":"max-video-preview:-1"},"canonical":"https:\/\/alirarealestate.com\/es\/catalog\/buy\/dubai\/apartments\/","og_locale":"es_ES","og_type":"article","og_title":"Apartments For Sale In Dubai","og_description":"Buy an apartment in Dubai, UAE. \u2b50 Apartments for sale in Dubai: studios, one-five-room apartments. \u2b50 Current prices for apartments, descriptions and photos. \u27a4 Leave a request for a consultation on the website!","og_url":"https:\/\/alirarealestate.com\/es\/catalog\/buy\/dubai\/apartments\/","og_site_name":"Alira Real Estate - Real estate in the UAE","article_modified_time":"2025-04-22T20:27:24+00:00","twitter_card":"summary_large_image","twitter_misc":{"Tiempo de lectura":"7 minutos"},"schema":{"@context":"https:\/\/schema.org","@graph":[{"@type":"WebPage","@id":"https:\/\/alirarealestate.com\/es\/catalog\/buy\/dubai\/apartments\/","url":"https:\/\/alirarealestate.com\/es\/catalog\/buy\/dubai\/apartments\/","name":"Buy an apartment in Dubai. Apartment prices - Alira","isPartOf":{"@id":"https:\/\/alirarealestate.com\/es\/#website"},"datePublished":"2024-04-18T07:17:39+00:00","dateModified":"2025-04-22T20:27:24+00:00","description":"Buy an apartment in Dubai, UAE. \u2b50 Apartments for sale in Dubai: studios, one-five-room apartments. \u2b50 Current prices for apartments, descriptions and photos. \u27a4 Leave a request for a consultation on the website!","breadcrumb":{"@id":"https:\/\/alirarealestate.com\/es\/catalog\/buy\/dubai\/apartments\/#breadcrumb"},"inLanguage":"es","potentialAction":[{"@type":"ReadAction","target":["https:\/\/alirarealestate.com\/es\/catalog\/buy\/dubai\/apartments\/"]}]},{"@type":"BreadcrumbList","@id":"https:\/\/alirarealestate.com\/es\/catalog\/buy\/dubai\/apartments\/#breadcrumb","itemListElement":[{"@type":"ListItem","position":1,"name":"Home","item":"https:\/\/alirarealestate.com\/"},{"@type":"ListItem","position":2,"name":"Real Estate Catalog","item":"https:\/\/alirarealestate.com\/catalog\/"},{"@type":"ListItem","position":3,"name":"Real Estate Catalog","item":"https:\/\/alirarealestate.com\/catalog\/buy\/"},{"@type":"ListItem","position":4,"name":"Properties for Sale in Dubai","item":"https:\/\/alirarealestate.com\/catalog\/buy\/dubai\/"},{"@type":"ListItem","position":5,"name":"Apartments For Sale In Dubai"}]},{"@type":"WebSite","@id":"https:\/\/alirarealestate.com\/es\/#website","url":"https:\/\/alirarealestate.com\/es\/","name":"Alira Real Estate - Real estate in the UAE","description":"","potentialAction":[{"@type":"SearchAction","target":{"@type":"EntryPoint","urlTemplate":"https:\/\/alirarealestate.com\/es\/?s={search_term_string}"},"query-input":{"@type":"PropertyValueSpecification","valueRequired":true,"valueName":"search_term_string"}}],"inLanguage":"es"}]}},"_links":{"self":[{"href":"https:\/\/alirarealestate.com\/es\/wp-json\/wp\/v2\/pages\/4296"}],"collection":[{"href":"https:\/\/alirarealestate.com\/es\/wp-json\/wp\/v2\/pages"}],"about":[{"href":"https:\/\/alirarealestate.com\/es\/wp-json\/wp\/v2\/types\/page"}],"author":[{"embeddable":true,"href":"https:\/\/alirarealestate.com\/es\/wp-json\/wp\/v2\/users\/1"}],"replies":[{"embeddable":true,"href":"https:\/\/alirarealestate.com\/es\/wp-json\/wp\/v2\/comments?post=4296"}],"version-history":[{"count":3,"href":"https:\/\/alirarealestate.com\/es\/wp-json\/wp\/v2\/pages\/4296\/revisions"}],"predecessor-version":[{"id":5829,"href":"https:\/\/alirarealestate.com\/es\/wp-json\/wp\/v2\/pages\/4296\/revisions\/5829"}],"up":[{"embeddable":true,"href":"https:\/\/alirarealestate.com\/es\/wp-json\/wp\/v2\/pages\/4295"}],"wp:attachment":[{"href":"https:\/\/alirarealestate.com\/es\/wp-json\/wp\/v2\/media?parent=4296"}],"curies":[{"name":"wp","href":"https:\/\/api.w.org\/{rel}","templated":true}]}}