{"id":4288,"date":"2024-04-18T10:17:39","date_gmt":"2024-04-18T07:17:39","guid":{"rendered":"https:\/\/alirarealestate.com\/catalog\/buy\/"},"modified":"2025-04-21T21:13:39","modified_gmt":"2025-04-21T18:13:39","slug":"buy","status":"publish","type":"page","link":"https:\/\/alirarealestate.com\/es\/catalog\/buy\/","title":{"rendered":"Cat\u00e1logo Inmobiliario"},"content":{"rendered":"<section class=\"wpb-content-wrapper\"><div class=\"vc_row wpb_row vc_row-fluid vc_row\"><div class=\"wpb_column vc_column_container vc_col-sm-12 vc_column\"><div class=\"vc_column-inner\"><div class=\"wpb_wrapper\">\n\t<div class=\"wpb_text_column wpb_content_element  vc_column_text\" >\n\t\t<div class=\"wpb_wrapper\">\n\t\t\t<p><span style=\"font-weight: 400;\">En los Emiratos \u00c1rabes Unidos, las soluciones modernas se combinan a la perfecci\u00f3n con un rico patrimonio cultural, mientras que los paisajes urbanos y naturales impresionan por su diversidad. La costa del Golfo P\u00e9rsico, a menudo adornada con lujosos complejos tur\u00edsticos, merece una atenci\u00f3n especial, especialmente para quienes buscan propiedades en venta en los Emiratos \u00c1rabes Unidos.<\/span><\/p>\n<p>&nbsp;<\/p>\n<p><span style=\"font-weight: 400;\">Los Emiratos \u00c1rabes Unidos son famosos por su arquitectura futurista, su alto nivel de seguridad y su potencial de inversi\u00f3n, lo que hace que la demanda de bienes ra\u00edces sea alta y estable. Si ha decidido comprar una propiedad de un tipo adecuado en los Emiratos \u00c1rabes Unidos, puede buscar ayuda de los gerentes de la agencia Alira Real Estate y recibir una consulta detallada.<\/span><\/p>\n\n\t\t<\/div>\n\t<\/div>\n<\/div><\/div><\/div><\/div><div class=\"vc_row wpb_row vc_row-fluid vc_row\"><div class=\"wpb_column vc_column_container vc_col-sm-12 vc_column\"><div class=\"vc_column-inner\"><div class=\"wpb_wrapper\">\n\t<div class=\"wpb_text_column wpb_content_element  vc_column_text\" >\n\t\t<div class=\"wpb_wrapper\">\n\t\t\t<h2><b>Comprar una propiedad en los Emiratos \u00c1rabes Unidos: ventajas clave<\/b><\/h2>\n<p><span style=\"font-weight: 400;\">Si se observa el ritmo de desarrollo del pa\u00eds y de sus emiratos, uno tiene la impresi\u00f3n de que aqu\u00ed todo es posible. Es un lugar con un ambiente cosmopolita \u00fanico, que combina tradiciones \u00e1rabes con modernidad y normas legales atractivas que otros pa\u00edses no ofrecen. Para aquellos interesados en explorar propiedades en venta en los Emiratos \u00c1rabes Unidos, nuestra agencia ofrece una amplia gama de opciones que se adaptan a diversas preferencias y presupuestos.<\/span><\/p>\n<p>&nbsp;<\/p>\n<p><b>Alto nivel de vida. <\/b><span style=\"font-weight: 400;\">Los Emiratos \u00c1rabes Unidos, y Dub\u00e1i en particular, ocupan un lugar destacado en t\u00e9rminos de seguridad, atenci\u00f3n sanitaria, educaci\u00f3n, ocio y transporte. Seg\u00fan los estudios, los Emiratos \u00c1rabes Unidos son reconocidos como el mejor pa\u00eds para los profesionales extranjeros que buscan desarrollar sus carreras.<\/span><\/p>\n<p>&nbsp;<\/p>\n<p><span style=\"font-weight: 400;\">Debido al crecimiento econ\u00f3mico del pa\u00eds paralelo al florecimiento de los \u00e1mbitos de la vida, muchos aspiran a comprar propiedades en los EAU.<\/span><\/p>\n<p>&nbsp;<\/p>\n<p><span style=\"font-weight: 400;\"><strong>Ambiente internacional.<\/strong> <\/span><span style=\"font-weight: 400;\">El reciente aumento en el n\u00famero de inmigrantes se ha visto influenciado por la introducci\u00f3n por parte del gobierno de visas para aut\u00f3nomos (n\u00f3madas digitales). Si bien el idioma oficial es el \u00e1rabe, el ingl\u00e9s se usa ampliamente, desde men\u00fas en restaurantes y bares hasta documentaci\u00f3n oficial. El funcionamiento de empresas y tiendas est\u00e1 estandarizado y poco difiere de los principios europeos. Por ejemplo, en Dubai se muestra respeto por otras culturas y religiones. Aqu\u00ed se celebra la Navidad, el Diwali hind\u00fa \u201cFestival de las Luces\u201d y el mes sagrado del Ramad\u00e1n en el calendario musulm\u00e1n.<\/span><\/p>\n<p>&nbsp;<\/p>\n<p><strong>Mercado inmobiliario din\u00e1mico. <\/strong><span style=\"font-weight: 400;\">Los Emiratos \u00c1rabes Unidos tienen una econom\u00eda fuerte. El pa\u00eds tiene buenas relaciones con Estados Unidos, lo que garantiza la estabilidad del dirham (moneda local) frente al d\u00f3lar estadounidense. No hay inflaci\u00f3n, lo que est\u00e1 asociado con el crecimiento econ\u00f3mico y la rentabilidad de las inversiones inmobiliarias en Dubai. El gobierno contin\u00faa tomando medidas para hacer que el pa\u00eds sea a\u00fan m\u00e1s atractivo para los residentes e inversores potenciales que buscan comprar bienes ra\u00edces. Desde 1960, Dubai ha estado implementando el Plan General para el desarrollo de la ciudad. Se espera que para 2040 el n\u00famero de playas se cuadruplique y el n\u00famero de zonas verdes y hoteles se duplique. Si planea comprar una propiedad en los Emiratos \u00c1rabes Unidos, ahora es el momento perfecto para hacerlo.<\/span><\/p>\n\n\t\t<\/div>\n\t<\/div>\n<\/div><\/div><\/div><\/div><div class=\"vc_row wpb_row vc_row-fluid vc_row\"><div class=\"wpb_column vc_column_container vc_col-sm-12 vc_column\"><div class=\"vc_column-inner\"><div class=\"wpb_wrapper\">\n\t<div class=\"wpb_text_column wpb_content_element  vc_column_text\" >\n\t\t<div class=\"wpb_wrapper\">\n\t\t\t<h2><strong>Inversiones inmobiliarias en los EAU \u2013 Ciudades<\/strong><\/h2>\n<p>&nbsp;<\/p>\n<p><span style=\"font-weight: 400;\">Convertirse en propietario de una vivienda en<strong> <a href=\"https:\/\/alirarealestate.com\/es\/catalog\/buy\/dubai\/\">Dub\u00e1i<\/a><\/strong> le permite presenciar personalmente el r\u00e1pido desarrollo de la infraestructura y beneficiarse de ella. Los precios de las propiedades var\u00edan seg\u00fan la zona. Por ejemplo, se puede comprar un apartamento de un dormitorio con una superficie de 70 m\u00b2 en una zona muy bien situada por 1,2 millones de d\u00edrhams (algo m\u00e1s de 300.000 euros).<\/span><\/p>\n<p>&nbsp;<\/p>\n<p><strong><a href=\"https:\/\/alirarealestate.com\/es\/catalog\/buy\/abu-dhabi\/\">Abu Dhabi<\/a><\/strong>, la capital y emirato m\u00e1s grande de los Emiratos \u00c1rabes Unidos, es un centro cultural y financiero conocido por sus hermosas mezquitas, palacios y lujosos centros comerciales. Abu Dhabi tiene muchos museos, teatros y galer\u00edas de arte. Comprar una propiedad en Abu Dhabi atrae a quienes valoran el prestigio y una vida c\u00f3moda, que aprecian los lujosos apartamentos, las villas junto al mar y los exclusivos complejos residenciales. Abu Dhabi presta gran atenci\u00f3n al desarrollo de infraestructuras, lo que convierte al emirato en un lugar prometedor para los inversores.<\/p>\n<p>&nbsp;<\/p>\n<p><a href=\"https:\/\/alirarealestate.com\/es\/catalog\/buy\/ajman\/\"><strong>Ajm\u00e1n<\/strong><\/a> y su centro administrativo son un lugar ideal para hacer negocios, ya que son una zona econ\u00f3mica libre. Aqu\u00ed existe una pol\u00edtica fiscal favorable y existe la oportunidad de aprovechar diversos privilegios. Las propiedades en Ajman ofrecen la mejor relaci\u00f3n calidad-precio, son accesibles, los costos operativos son m\u00e1s bajos con una infraestructura igualmente buena y la distancia a los aeropuertos y puertos internacionales es corta. Los nuevos edificios en Ajman son atractivos para personas con ingresos pasivos, jubilados y aut\u00f3nomos.<\/p>\n<p>&nbsp;<\/p>\n<p><a href=\"https:\/\/alirarealestate.com\/es\/catalog\/buy\/ras-al-khaimah\/\"><strong>Ras Al Khaimah<\/strong><\/a>, ubicada al norte de Dubai, ofrece una experiencia diferente. Es una zona con hermosas monta\u00f1as Hajjar, playas encantadoras y reservas naturales salvajes. La ciudad es conocida por su rica historia y cultura. El pico m\u00e1s alto de los Emiratos \u00c1rabes Unidos, Jebel Jais, atrae a escaladores y turistas. Invertir en propiedades en Ras Al Khaimah es una oportunidad para llevar una vida tranquila rodeado de naturaleza. El emirato ofrece condiciones fiscales favorables para los inversores extranjeros.<\/p>\n<p>&nbsp;<\/p>\n<p><strong><a href=\"https:\/\/alirarealestate.com\/es\/catalog\/buy\/fujairah\/\">Fuyaira<\/a><\/strong> se ha ganado la reputaci\u00f3n de ser el m\u00e1s pintoresco de todos los emiratos de los Emiratos \u00c1rabes Unidos. Este lugar atrae por su belleza: amplias playas con monta\u00f1as como tel\u00f3n de fondo, aguas cristalinas del Golfo de Om\u00e1n y lugares dignos de ver. Es el lugar perfecto para una vida tranquila en medio de una hermosa naturaleza sin grandes aglomeraciones de gente.<\/p>\n<p>&nbsp;<\/p>\n<p><a href=\"https:\/\/alirarealestate.com\/es\/catalog\/buy\/sharjah\/\"><strong>Sharjah<\/strong><\/a> es la tercera ciudad m\u00e1s grande en t\u00e9rminos de superficie y poblaci\u00f3n de los Emiratos \u00c1rabes Unidos. Se encuentra al sur de Dubai. Sharjah tiene el mayor n\u00famero de monumentos de la cultura \u00e1rabe. La laguna creada artificialmente, las amplias playas de arena y los nuevos edificios de lujo act\u00faan como un im\u00e1n que atrae a los inmigrantes a esta regi\u00f3n.<\/p>\n<p>&nbsp;<\/p>\n<h2><strong>Tipos de bienes ra\u00edces en los EAU<\/strong><\/h2>\n<p>&nbsp;<\/p>\n<p><span style=\"font-weight: 400;\">Dependiendo de sus objetivos de inversi\u00f3n y su presupuesto, en la agencia Alira Real Estate puede comprar propiedades en el extranjero en los EAU de varios tipos:<\/span><\/p>\n<p>&nbsp;<\/p>\n<ul>\n<li><a href=\"https:\/\/alirarealestate.com\/es\/catalog\/buy\/dubai\/apartments\/\"><strong>Apartamentos y Pisos. <\/strong><\/a><span style=\"font-weight: 400;\">Los complejos residenciales son conjuntos cerrados que constan de edificios de varios apartamentos. Su territorio est\u00e1 protegido y es accesible s\u00f3lo para los residentes. Se trata de edificios de varios pisos con amplios patios y comodidades para los residentes. Se proporciona privacidad y una vida c\u00f3moda. El sitio web enumera el costo de la vivienda en los Emiratos \u00c1rabes Unidos, ya sean estudios, apartamentos de una o cinco habitaciones, opciones asequibles o propiedades junto al mar.<\/span><\/li>\n<li><a href=\"https:\/\/alirarealestate.com\/es\/catalog\/buy\/dubai\/villas\/\"><strong>Villas <\/strong><\/a><span style=\"font-weight: 400;\">son una alternativa para quienes prefieren el aislamiento. Aunque suelen estar situadas cerca unas de otras y dan a la misma calle, no tienen paredes comunes. Adem\u00e1s, las villas siempre cuentan con un gran territorio donde se puede colocar un jard\u00edn, una piscina, cenadores y edificios de servicios p\u00fablicos.<\/span><\/li>\n<li><strong>\u00c1ticos<\/strong> Ocupan parte de las plantas superiores de los edificios. Este es uno de los tipos de inmuebles m\u00e1s lujosos con impresionantes vistas desde las ventanas. Casi todos los \u00e1ticos de los Emiratos \u00c1rabes Unidos tienen acristalamiento panor\u00e1mico, a menudo realizado en todo el per\u00edmetro.<\/li>\n<li><strong>Casas adosadas. <\/strong><span style=\"font-weight: 400;\">Se trata de complejos residenciales de poca altura con entradas independientes. Aunque las casas adosadas tienen un revestimiento y un techo comunes, cada casa tiene su propia \u00e1rea peque\u00f1a como camino de entrada, jard\u00edn o \u00e1rea de barbacoa. El mercado inmobiliario en los Emiratos \u00c1rabes Unidos cuenta con alrededor de 12.000 casas adosadas ubicadas en todo el pa\u00eds, incluidos Dubai, Abu Dhabi, Sharjah, Ras Al Khaimah y Ajman.<\/span><\/li>\n<li><a href=\"https:\/\/alirarealestate.com\/es\/catalog\/buy\/dubai\/commercial\/\"><strong>Bienes ra\u00edces comerciales. <\/strong><\/a><span style=\"font-weight: 400;\">Un importante sector de empleo para la fuerza laboral internacional. Las oficinas, hoteles y habitaciones de hotel se vuelven m\u00e1s atractivos para los inversores inmobiliarios a medida que los EAU se esfuerzan por convertirse en un destino de clase mundial.<\/span><\/li>\n<\/ul>\n<p>&nbsp;<\/p>\n<h2><strong>Precios inmobiliarios en los Emiratos \u00c1rabes Unidos<\/strong><\/h2>\n<p>&nbsp;<\/p>\n<p><span style=\"font-weight: 400;\">Dependiendo de la zona y las condiciones de vida que la acompa\u00f1an, se forman los precios inmobiliarios en los Emiratos \u00c1rabes Unidos. El precio medio por metro cuadrado en el centro de Dub\u00e1i es de 15.908 dirhams, fuera del centro, de 9.816 dirhams. Se puede comprar un apartamento de una habitaci\u00f3n de unos 70 m\u00b2 en una buena zona por 1,2 millones de d\u00edrhams. Por supuesto, cuanto m\u00e1s cerca est\u00e9 la propiedad del centro, mayor ser\u00e1 el coste. Los precios de un estudio de lujo pueden alcanzar los 6,8 millones de d\u00edrhams.<\/span><\/p>\n<p>&nbsp;<\/p>\n<p><span style=\"font-weight: 400;\">Los inmuebles en los Emiratos \u00c1rabes Unidos los venden tanto las empresas promotoras como los propietarios en el mercado secundario.<\/span><\/p>\n<p>&nbsp;<\/p>\n<p><span style=\"font-weight: 400;\">Al comprar bienes inmuebles en el mercado secundario de Dubai, el cliente debe pagar un dep\u00f3sito 10% despu\u00e9s de firmar el protocolo, obtener el consentimiento y reunirse en el Departamento de Tierras, donde se transfiere oficialmente el derecho de propiedad. Adem\u00e1s, existe una comisi\u00f3n de corredor: 2% del precio de compra. Al seleccionar una propiedad en los Emiratos \u00c1rabes Unidos para la venta de un desarrollador, no se cobra esta comisi\u00f3n.<\/span><\/p>\n<p>&nbsp;<\/p>\n<p><span style=\"font-weight: 400;\">Tambi\u00e9n existen recargos por transferencia por tarifas administrativas. Cada transacci\u00f3n es individual y proporcionamos informaci\u00f3n a los clientes al inicio de nuestro trabajo.<\/span><\/p>\n\n\t\t<\/div>\n\t<\/div>\n\n\t<div class=\"wpb_text_column wpb_content_element  vc_column_text\" >\n\t\t<div class=\"wpb_wrapper\">\n\t\t\t<h2><strong>Inversiones inmobiliarias en los EAU: por qu\u00e9 son beneficiosas<\/strong><\/h2>\n<p><span style=\"font-weight: 400;\">En los Emiratos \u00c1rabes Unidos, no hay impuesto a la propiedad y el IVA es 5%. El gobierno de los EAU garantiza un mercado estrictamente regulado, lo que ayuda a mantener su estabilidad y crea un entorno favorable para las inversiones inmobiliarias.<\/span><\/p>\n<p>&nbsp;<\/p>\n<p><span style=\"font-weight: 400;\">Al comprar bienes ra\u00edces en Dubai, se paga una tarifa \u00fanica al Departamento de Tierras de Dubai (DLD). Es 4% (en Abu Dhabi \u2013 2%), pero al comprar una propiedad inmobiliaria en el mercado primario, lo paga total o parcialmente el promotor.<\/span><\/p>\n<p>&nbsp;<\/p>\n<p><span style=\"font-weight: 400;\">Tiene la oportunidad de solicitar un pr\u00e9stamo inmobiliario en Dubai en un banco local. Si no es residente, el monto del pr\u00e9stamo puede ser 50% del valor de la propiedad.<\/span><\/p>\n<p>&nbsp;<\/p>\n<h2><strong>Ventajas y condiciones de cooperaci\u00f3n con la agencia inmobiliaria Alira<\/strong><\/h2>\n<p><span style=\"font-weight: 400;\">Al comprar bienes ra\u00edces en los Emiratos \u00c1rabes Unidos, un extranjero debe considerar varios factores: comprensi\u00f3n de las leyes y regulaciones, elecci\u00f3n de la ubicaci\u00f3n correcta y atenci\u00f3n a las opciones de optimizaci\u00f3n de financiamiento y impuestos.<\/span><\/p>\n<p><span style=\"font-weight: 400;\">Nosotros garantizamos:<\/span><\/p>\n<p>&nbsp;<\/p>\n<ul>\n<li><span style=\"font-weight: 400;\">Amplia gama de servicios. <\/span><span style=\"font-weight: 400;\">Compraventa, alquiler y gesti\u00f3n de inmuebles.<\/span><\/li>\n<li><span style=\"font-weight: 400;\">Confidencialidad. <\/span><span style=\"font-weight: 400;\">Su informaci\u00f3n no ser\u00e1 revelada a terceros sin su consentimiento.<\/span><\/li>\n<li><span style=\"font-weight: 400;\">Profesionalismo. <\/span><span style=\"font-weight: 400;\">La agencia emplea especialistas calificados y experimentados.<\/span><\/li>\n<li><span style=\"font-weight: 400;\">Enfoque individual. <\/span><span style=\"font-weight: 400;\">Condiciones de cooperaci\u00f3n flexibles y precios inmobiliarios transparentes en los Emiratos.<\/span><\/li>\n<\/ul>\n<p><span style=\"font-weight: 400;\">Trabajar con un consultor inmobiliario con experiencia en los Emiratos \u00c1rabes Unidos facilita la compra. El especialista conoce el mercado, ayuda a los compradores potenciales a elegir el inmueble adecuado y comprende los aspectos legales y financieros. Para aquellos que buscan propiedades en venta en los Emiratos \u00c1rabes Unidos, colaborar con un consultor experto garantiza un proceso de compra m\u00e1s sencillo.<\/span><\/p>\n<p>&nbsp;<\/p>\n<p><span style=\"font-weight: 400;\">Ya sea que est\u00e9 buscando una lujosa villa en la playa o un apartamento en la ciudad, lo encontrar\u00e1 en los Emiratos \u00c1rabes Unidos. El mercado inmobiliario del pa\u00eds es diverso y cubre una amplia gama de presupuestos y preferencias. Para programar una consulta y discutir el costo de los bienes ra\u00edces en los Emiratos \u00c1rabes Unidos, deje una solicitud en el sitio web o llame <\/span><span style=\"font-weight: 400;\"><a href=\"tel: 79869277377\">+7 (986) 927-73-77 <\/a><\/span><span style=\"font-weight: 400;\">y <\/span><span style=\"font-weight: 400;\"><a href=\"tel: 971588337903\">+971 (588) 337 903<\/a><\/span><span style=\"font-weight: 400;\">. Las solicitudes tambi\u00e9n pueden enviarse a la direcci\u00f3n de correo electr\u00f3nico <\/span><span style=\"font-weight: 400;\"><a class=\"mail\" href=\"mailto:info@alirarealestate.com\">info@alirarealestate.com<\/a>.<\/span><\/p>\n\n\t\t<\/div>\n\t<\/div>\n<\/div><\/div><\/div><\/div>\n<\/section>","protected":false},"excerpt":{"rendered":"En los Emiratos \u00c1rabes Unidos, las soluciones modernas se integran a la perfecci\u00f3n con un rico patrimonio cultural, mientras que los paisajes urbanos y naturales impresionan por su diversidad. La costa del Golfo P\u00e9rsico, a menudo adornada con lujosos resorts, merece especial atenci\u00f3n, especialmente para quienes buscan propiedades en venta en los EAU. Los EAU son reconocidos por su arquitectura futurista, su alto nivel de seguridad y su potencial de inversi\u00f3n, lo que convierte a...","protected":false},"author":1,"featured_media":0,"parent":660,"menu_order":0,"comment_status":"closed","ping_status":"closed","template":"advanced_search_results.php","meta":{"inline_featured_image":false,"_glsr_average":0,"_glsr_ranking":0,"_glsr_reviews":0,"footnotes":""},"class_list":["post-4288","page","type-page","status-publish","hentry"],"yoast_head":"<!-- This site is optimized with the Yoast SEO Premium plugin v25.1 (Yoast SEO v25.6) - https:\/\/yoast.com\/wordpress\/plugins\/seo\/ -->\n<title>Catalog of Real Estate in the UAE - Buy: Prices, Descriptions, Photos - Alira<\/title>\n<meta name=\"description\" content=\"Catalog of real estate in the UAE by Alira. \u2b50 Prices, descriptions, photos. \u2b50 Apartments, villas, offices. \u2b50 Property for sale and for rent. \u27a4 Choose your option on the website!\" \/>\n<meta name=\"robots\" content=\"index, follow, max-snippet:-1, max-image-preview:large, max-video-preview:-1\" \/>\n<link rel=\"canonical\" href=\"https:\/\/alirarealestate.com\/es\/catalog\/buy\/\" \/>\n<meta property=\"og:locale\" content=\"es_ES\" \/>\n<meta property=\"og:type\" content=\"article\" \/>\n<meta property=\"og:title\" content=\"Real Estate Catalog\" \/>\n<meta property=\"og:description\" content=\"Catalog of real estate in the UAE by Alira. \u2b50 Prices, descriptions, photos. \u2b50 Apartments, villas, offices. \u2b50 Property for sale and for rent. \u27a4 Choose your option on the website!\" \/>\n<meta property=\"og:url\" content=\"https:\/\/alirarealestate.com\/es\/catalog\/buy\/\" \/>\n<meta property=\"og:site_name\" content=\"Alira Real Estate - Real estate in the UAE\" \/>\n<meta property=\"article:modified_time\" content=\"2025-04-21T18:13:39+00:00\" \/>\n<meta name=\"twitter:card\" content=\"summary_large_image\" \/>\n<meta name=\"twitter:label1\" content=\"Tiempo de lectura\" \/>\n\t<meta name=\"twitter:data1\" content=\"8 minutos\" \/>\n<script type=\"application\/ld+json\" class=\"yoast-schema-graph\">{\"@context\":\"https:\/\/schema.org\",\"@graph\":[{\"@type\":\"WebPage\",\"@id\":\"https:\/\/alirarealestate.com\/es\/catalog\/buy\/\",\"url\":\"https:\/\/alirarealestate.com\/es\/catalog\/buy\/\",\"name\":\"Catalog of Real Estate in the UAE - Buy: Prices, Descriptions, Photos - Alira\",\"isPartOf\":{\"@id\":\"https:\/\/alirarealestate.com\/es\/#website\"},\"datePublished\":\"2024-04-18T07:17:39+00:00\",\"dateModified\":\"2025-04-21T18:13:39+00:00\",\"description\":\"Catalog of real estate in the UAE by Alira. \u2b50 Prices, descriptions, photos. \u2b50 Apartments, villas, offices. \u2b50 Property for sale and for rent. \u27a4 Choose your option on the website!\",\"breadcrumb\":{\"@id\":\"https:\/\/alirarealestate.com\/es\/catalog\/buy\/#breadcrumb\"},\"inLanguage\":\"es\",\"potentialAction\":[{\"@type\":\"ReadAction\",\"target\":[\"https:\/\/alirarealestate.com\/es\/catalog\/buy\/\"]}]},{\"@type\":\"BreadcrumbList\",\"@id\":\"https:\/\/alirarealestate.com\/es\/catalog\/buy\/#breadcrumb\",\"itemListElement\":[{\"@type\":\"ListItem\",\"position\":1,\"name\":\"Home\",\"item\":\"https:\/\/alirarealestate.com\/\"},{\"@type\":\"ListItem\",\"position\":2,\"name\":\"Real Estate Catalog\",\"item\":\"https:\/\/alirarealestate.com\/catalog\/\"},{\"@type\":\"ListItem\",\"position\":3,\"name\":\"Real Estate Catalog\"}]},{\"@type\":\"WebSite\",\"@id\":\"https:\/\/alirarealestate.com\/es\/#website\",\"url\":\"https:\/\/alirarealestate.com\/es\/\",\"name\":\"Alira Real Estate - Real estate in the UAE\",\"description\":\"\",\"potentialAction\":[{\"@type\":\"SearchAction\",\"target\":{\"@type\":\"EntryPoint\",\"urlTemplate\":\"https:\/\/alirarealestate.com\/es\/?s={search_term_string}\"},\"query-input\":{\"@type\":\"PropertyValueSpecification\",\"valueRequired\":true,\"valueName\":\"search_term_string\"}}],\"inLanguage\":\"es\"}]}<\/script>\n<!-- \/ Yoast SEO Premium plugin. -->","yoast_head_json":{"title":"Catalog of Real Estate in the UAE - Buy: Prices, Descriptions, Photos - Alira","description":"Catalog of real estate in the UAE by Alira. \u2b50 Prices, descriptions, photos. \u2b50 Apartments, villas, offices. \u2b50 Property for sale and for rent. \u27a4 Choose your option on the website!","robots":{"index":"index","follow":"follow","max-snippet":"max-snippet:-1","max-image-preview":"max-image-preview:large","max-video-preview":"max-video-preview:-1"},"canonical":"https:\/\/alirarealestate.com\/es\/catalog\/buy\/","og_locale":"es_ES","og_type":"article","og_title":"Real Estate Catalog","og_description":"Catalog of real estate in the UAE by Alira. \u2b50 Prices, descriptions, photos. \u2b50 Apartments, villas, offices. \u2b50 Property for sale and for rent. \u27a4 Choose your option on the website!","og_url":"https:\/\/alirarealestate.com\/es\/catalog\/buy\/","og_site_name":"Alira Real Estate - Real estate in the UAE","article_modified_time":"2025-04-21T18:13:39+00:00","twitter_card":"summary_large_image","twitter_misc":{"Tiempo de lectura":"8 minutos"},"schema":{"@context":"https:\/\/schema.org","@graph":[{"@type":"WebPage","@id":"https:\/\/alirarealestate.com\/es\/catalog\/buy\/","url":"https:\/\/alirarealestate.com\/es\/catalog\/buy\/","name":"Catalog of Real Estate in the UAE - Buy: Prices, Descriptions, Photos - Alira","isPartOf":{"@id":"https:\/\/alirarealestate.com\/es\/#website"},"datePublished":"2024-04-18T07:17:39+00:00","dateModified":"2025-04-21T18:13:39+00:00","description":"Catalog of real estate in the UAE by Alira. \u2b50 Prices, descriptions, photos. \u2b50 Apartments, villas, offices. \u2b50 Property for sale and for rent. \u27a4 Choose your option on the website!","breadcrumb":{"@id":"https:\/\/alirarealestate.com\/es\/catalog\/buy\/#breadcrumb"},"inLanguage":"es","potentialAction":[{"@type":"ReadAction","target":["https:\/\/alirarealestate.com\/es\/catalog\/buy\/"]}]},{"@type":"BreadcrumbList","@id":"https:\/\/alirarealestate.com\/es\/catalog\/buy\/#breadcrumb","itemListElement":[{"@type":"ListItem","position":1,"name":"Home","item":"https:\/\/alirarealestate.com\/"},{"@type":"ListItem","position":2,"name":"Real Estate Catalog","item":"https:\/\/alirarealestate.com\/catalog\/"},{"@type":"ListItem","position":3,"name":"Real Estate Catalog"}]},{"@type":"WebSite","@id":"https:\/\/alirarealestate.com\/es\/#website","url":"https:\/\/alirarealestate.com\/es\/","name":"Alira Real Estate - Real estate in the UAE","description":"","potentialAction":[{"@type":"SearchAction","target":{"@type":"EntryPoint","urlTemplate":"https:\/\/alirarealestate.com\/es\/?s={search_term_string}"},"query-input":{"@type":"PropertyValueSpecification","valueRequired":true,"valueName":"search_term_string"}}],"inLanguage":"es"}]}},"_links":{"self":[{"href":"https:\/\/alirarealestate.com\/es\/wp-json\/wp\/v2\/pages\/4288"}],"collection":[{"href":"https:\/\/alirarealestate.com\/es\/wp-json\/wp\/v2\/pages"}],"about":[{"href":"https:\/\/alirarealestate.com\/es\/wp-json\/wp\/v2\/types\/page"}],"author":[{"embeddable":true,"href":"https:\/\/alirarealestate.com\/es\/wp-json\/wp\/v2\/users\/1"}],"replies":[{"embeddable":true,"href":"https:\/\/alirarealestate.com\/es\/wp-json\/wp\/v2\/comments?post=4288"}],"version-history":[{"count":2,"href":"https:\/\/alirarealestate.com\/es\/wp-json\/wp\/v2\/pages\/4288\/revisions"}],"predecessor-version":[{"id":5907,"href":"https:\/\/alirarealestate.com\/es\/wp-json\/wp\/v2\/pages\/4288\/revisions\/5907"}],"up":[{"embeddable":true,"href":"https:\/\/alirarealestate.com\/es\/wp-json\/wp\/v2\/pages\/660"}],"wp:attachment":[{"href":"https:\/\/alirarealestate.com\/es\/wp-json\/wp\/v2\/media?parent=4288"}],"curies":[{"name":"wp","href":"https:\/\/api.w.org\/{rel}","templated":true}]}}