{"id":3,"date":"2023-05-19T11:46:16","date_gmt":"2023-05-19T08:46:16","guid":{"rendered":"https:\/\/alirarealestate.com\/?page_id=3"},"modified":"2024-02-26T23:18:19","modified_gmt":"2024-02-26T20:18:19","slug":"privacy-policy","status":"publish","type":"page","link":"https:\/\/alirarealestate.com\/es\/privacy-policy\/","title":{"rendered":"pol\u00edtica de privacidad"},"content":{"rendered":"<p>Su privacidad es muy importante para nosotros. Queremos que su experiencia en Internet sea lo m\u00e1s placentera y gratificante posible, y que se sienta c\u00f3modo utilizando la amplia gama de informaci\u00f3n, herramientas y oportunidades que Internet tiene para ofrecer.<\/p>\n<p>La informaci\u00f3n personal de los visitantes recopilada al enviar solicitudes en el sitio (o en cualquier otro momento) se utiliza para preparar Productos o Servicios de acuerdo con sus necesidades, as\u00ed como para brindar asesoramiento sobre Productos o Servicios. Su informaci\u00f3n no ser\u00e1 compartida ni vendida a terceros.<\/p>\n<p><strong>\u00bfQu\u00e9 datos se recopilan en el sitio?<\/strong><\/p>\n<p>Al enviar una solicitud de consulta, env\u00eda su nombre, tel\u00e9fono y correo electr\u00f3nico a trav\u00e9s del formulario de contacto.<\/p>\n<p><strong>\u00bfCon qu\u00e9 finalidad se recogen estos datos?<\/strong><\/p>\n<p>El nombre se utiliza para dirigirnos a usted personalmente y su correo electr\u00f3nico se utiliza para enviarle boletines informativos, noticias de la empresa y tambi\u00e9n para enviarle una respuesta a sus preguntas. El n\u00famero de tel\u00e9fono es necesario para contactarlo directamente para brindarle asesoramiento.<\/p>\n<p>Su nombre, n\u00famero de tel\u00e9fono, correo electr\u00f3nico no se cede a terceros, bajo ning\u00fan concepto, salvo en los casos relacionados con el cumplimiento de requisitos legales.<\/p>\n<p>Puede darse de baja de recibir listas de correo y eliminar su informaci\u00f3n de contacto de la base de datos en cualquier momento comunic\u00e1ndose con el administrador del sitio por correo electr\u00f3nico: lilia@alirarealestate.com.<\/p>\n<p><strong>\u00bfC\u00f3mo se utilizan estos datos?<\/strong><\/p>\n<p>En el sitio\u00a0<a href=\"https:\/\/alirarealestate.com\/en\/\">alirarealestate.com<\/a>\u00a0Se utilizan cookies y datos sobre los visitantes de los servicios Yandex.Metrica y Google Analytics.<\/p>\n<p>Con estos datos, se recopila informaci\u00f3n sobre las acciones de los visitantes en el sitio para mejorar su contenido, mejorar la funcionalidad del sitio y, como resultado, crear contenido y servicios de alta calidad para los visitantes.<\/p>\n<p>Puede cambiar la configuraci\u00f3n de su navegador en cualquier momento para que bloquee todas las cookies o le avise cuando se env\u00eden cookies. Tenga en cuenta que es posible que algunas funciones y servicios no funcionen correctamente.<\/p>\n<p><strong>\u00bfC\u00f3mo se protegen estos datos?<\/strong><\/p>\n<p>Utilizamos una variedad de medidas de seguridad administrativas, de gesti\u00f3n y t\u00e9cnicas para proteger su informaci\u00f3n personal. Nuestra Empresa adhiere a diversos est\u00e1ndares de control internacionales destinados al tratamiento de informaci\u00f3n personal, los cuales incluyen ciertos controles para proteger la informaci\u00f3n recopilada en Internet.<\/p>\n<p>Nuestros empleados est\u00e1n capacitados para comprender y cumplir con estos controles y est\u00e1n familiarizados con nuestro Aviso de Privacidad, pol\u00edticas y pautas.<\/p>\n<p>Sin embargo, si bien nos esforzamos por mantener segura su informaci\u00f3n personal, usted tambi\u00e9n debe tomar medidas para protegerla.<\/p>\n<p>Le recomendamos encarecidamente que tome todas las precauciones posibles mientras est\u00e9 en l\u00ednea. Los servicios y sitios web que operamos incluyen medidas para proteger contra la fuga, el uso no autorizado y la alteraci\u00f3n de la informaci\u00f3n bajo nuestro control. Si bien hacemos todo lo posible para garantizar la integridad y seguridad de nuestra red y sistemas, no podemos garantizar que nuestras medidas de seguridad impidan que terceros piratas inform\u00e1ticos accedan ilegalmente a esta informaci\u00f3n.<\/p>\n<p>Si esta pol\u00edtica de privacidad cambia, podr\u00e1 leer sobre estos cambios en esta p\u00e1gina o, en casos especiales, recibir una notificaci\u00f3n por correo electr\u00f3nico.<\/p>\n<p><strong>Para contactar al administrador del sitio ante cualquier duda, puede escribir un correo electr\u00f3nico a: lilia@alirarealestate.com.<\/strong><\/p>","protected":false},"excerpt":{"rendered":"<p>Su privacidad es muy importante para nosotros. Queremos que su experiencia en Internet sea lo m\u00e1s agradable y gratificante posible, y que se sienta c\u00f3modo utilizando la amplia gama de informaci\u00f3n, herramientas y oportunidades que ofrece Internet. La informaci\u00f3n personal de los visitantes recopilada al enviar solicitudes en el sitio (o en cualquier otro momento) se utiliza para preparar Productos o Servicios\u2026<\/p>","protected":false},"author":1,"featured_media":0,"parent":0,"menu_order":0,"comment_status":"closed","ping_status":"open","template":"","meta":{"inline_featured_image":false,"_glsr_average":0,"_glsr_ranking":0,"_glsr_reviews":0,"footnotes":""},"class_list":["post-3","page","type-page","status-publish","hentry"],"yoast_head":"<!-- This site is optimized with the Yoast SEO Premium plugin v25.1 (Yoast SEO v25.6) - https:\/\/yoast.com\/wordpress\/plugins\/seo\/ -->\n<title>Privacy Policy - Alira Real Estate - Real estate in the UAE<\/title>\n<meta name=\"robots\" content=\"index, follow, max-snippet:-1, max-image-preview:large, max-video-preview:-1\" \/>\n<link rel=\"canonical\" href=\"https:\/\/alirarealestate.com\/es\/privacy-policy\/\" \/>\n<meta property=\"og:locale\" content=\"es_ES\" \/>\n<meta property=\"og:type\" content=\"article\" \/>\n<meta property=\"og:title\" content=\"Privacy Policy\" \/>\n<meta property=\"og:description\" content=\"Your privacy is very important to us. We want your Internet experience to be as enjoyable and rewarding as possible, and for you to feel comfortable using the wide range of information, tools and opportunities that the Internet has to offer. Personal information from visitors collected when submitting requests on the site (or at any other time) is used to prepare Products or Services ...\" \/>\n<meta property=\"og:url\" content=\"https:\/\/alirarealestate.com\/es\/privacy-policy\/\" \/>\n<meta property=\"og:site_name\" content=\"Alira Real Estate - Real estate in the UAE\" \/>\n<meta property=\"article:modified_time\" content=\"2024-02-26T20:18:19+00:00\" \/>\n<meta name=\"twitter:card\" content=\"summary_large_image\" \/>\n<meta name=\"twitter:label1\" content=\"Tiempo de lectura\" \/>\n\t<meta name=\"twitter:data1\" content=\"3 minutos\" \/>\n<script type=\"application\/ld+json\" class=\"yoast-schema-graph\">{\"@context\":\"https:\/\/schema.org\",\"@graph\":[{\"@type\":\"WebPage\",\"@id\":\"https:\/\/alirarealestate.com\/es\/privacy-policy\/\",\"url\":\"https:\/\/alirarealestate.com\/es\/privacy-policy\/\",\"name\":\"Privacy Policy - Alira Real Estate - Real estate in the UAE\",\"isPartOf\":{\"@id\":\"https:\/\/alirarealestate.com\/es\/#website\"},\"datePublished\":\"2023-05-19T08:46:16+00:00\",\"dateModified\":\"2024-02-26T20:18:19+00:00\",\"breadcrumb\":{\"@id\":\"https:\/\/alirarealestate.com\/es\/privacy-policy\/#breadcrumb\"},\"inLanguage\":\"es\",\"potentialAction\":[{\"@type\":\"ReadAction\",\"target\":[\"https:\/\/alirarealestate.com\/es\/privacy-policy\/\"]}]},{\"@type\":\"BreadcrumbList\",\"@id\":\"https:\/\/alirarealestate.com\/es\/privacy-policy\/#breadcrumb\",\"itemListElement\":[{\"@type\":\"ListItem\",\"position\":1,\"name\":\"Home\",\"item\":\"https:\/\/alirarealestate.com\/\"},{\"@type\":\"ListItem\",\"position\":2,\"name\":\"Privacy Policy\"}]},{\"@type\":\"WebSite\",\"@id\":\"https:\/\/alirarealestate.com\/es\/#website\",\"url\":\"https:\/\/alirarealestate.com\/es\/\",\"name\":\"Alira Real Estate - Real estate in the UAE\",\"description\":\"\",\"potentialAction\":[{\"@type\":\"SearchAction\",\"target\":{\"@type\":\"EntryPoint\",\"urlTemplate\":\"https:\/\/alirarealestate.com\/es\/?s={search_term_string}\"},\"query-input\":{\"@type\":\"PropertyValueSpecification\",\"valueRequired\":true,\"valueName\":\"search_term_string\"}}],\"inLanguage\":\"es\"}]}<\/script>\n<!-- \/ Yoast SEO Premium plugin. -->","yoast_head_json":{"title":"Privacy Policy - Alira Real Estate - Real estate in the UAE","robots":{"index":"index","follow":"follow","max-snippet":"max-snippet:-1","max-image-preview":"max-image-preview:large","max-video-preview":"max-video-preview:-1"},"canonical":"https:\/\/alirarealestate.com\/es\/privacy-policy\/","og_locale":"es_ES","og_type":"article","og_title":"Privacy Policy","og_description":"Your privacy is very important to us. We want your Internet experience to be as enjoyable and rewarding as possible, and for you to feel comfortable using the wide range of information, tools and opportunities that the Internet has to offer. Personal information from visitors collected when submitting requests on the site (or at any other time) is used to prepare Products or Services ...","og_url":"https:\/\/alirarealestate.com\/es\/privacy-policy\/","og_site_name":"Alira Real Estate - Real estate in the UAE","article_modified_time":"2024-02-26T20:18:19+00:00","twitter_card":"summary_large_image","twitter_misc":{"Tiempo de lectura":"3 minutos"},"schema":{"@context":"https:\/\/schema.org","@graph":[{"@type":"WebPage","@id":"https:\/\/alirarealestate.com\/es\/privacy-policy\/","url":"https:\/\/alirarealestate.com\/es\/privacy-policy\/","name":"Privacy Policy - Alira Real Estate - Real estate in the UAE","isPartOf":{"@id":"https:\/\/alirarealestate.com\/es\/#website"},"datePublished":"2023-05-19T08:46:16+00:00","dateModified":"2024-02-26T20:18:19+00:00","breadcrumb":{"@id":"https:\/\/alirarealestate.com\/es\/privacy-policy\/#breadcrumb"},"inLanguage":"es","potentialAction":[{"@type":"ReadAction","target":["https:\/\/alirarealestate.com\/es\/privacy-policy\/"]}]},{"@type":"BreadcrumbList","@id":"https:\/\/alirarealestate.com\/es\/privacy-policy\/#breadcrumb","itemListElement":[{"@type":"ListItem","position":1,"name":"Home","item":"https:\/\/alirarealestate.com\/"},{"@type":"ListItem","position":2,"name":"Privacy Policy"}]},{"@type":"WebSite","@id":"https:\/\/alirarealestate.com\/es\/#website","url":"https:\/\/alirarealestate.com\/es\/","name":"Alira Real Estate - Real estate in the UAE","description":"","potentialAction":[{"@type":"SearchAction","target":{"@type":"EntryPoint","urlTemplate":"https:\/\/alirarealestate.com\/es\/?s={search_term_string}"},"query-input":{"@type":"PropertyValueSpecification","valueRequired":true,"valueName":"search_term_string"}}],"inLanguage":"es"}]}},"_links":{"self":[{"href":"https:\/\/alirarealestate.com\/es\/wp-json\/wp\/v2\/pages\/3"}],"collection":[{"href":"https:\/\/alirarealestate.com\/es\/wp-json\/wp\/v2\/pages"}],"about":[{"href":"https:\/\/alirarealestate.com\/es\/wp-json\/wp\/v2\/types\/page"}],"author":[{"embeddable":true,"href":"https:\/\/alirarealestate.com\/es\/wp-json\/wp\/v2\/users\/1"}],"replies":[{"embeddable":true,"href":"https:\/\/alirarealestate.com\/es\/wp-json\/wp\/v2\/comments?post=3"}],"version-history":[{"count":1,"href":"https:\/\/alirarealestate.com\/es\/wp-json\/wp\/v2\/pages\/3\/revisions"}],"predecessor-version":[{"id":3887,"href":"https:\/\/alirarealestate.com\/es\/wp-json\/wp\/v2\/pages\/3\/revisions\/3887"}],"wp:attachment":[{"href":"https:\/\/alirarealestate.com\/es\/wp-json\/wp\/v2\/media?parent=3"}],"curies":[{"name":"wp","href":"https:\/\/api.w.org\/{rel}","templated":true}]}}