{"id":2970,"date":"2024-01-29T23:58:30","date_gmt":"2024-01-29T20:58:30","guid":{"rendered":"https:\/\/alirarealestate.com\/?page_id=2970"},"modified":"2024-03-27T16:36:15","modified_gmt":"2024-03-27T13:36:15","slug":"review","status":"publish","type":"page","link":"https:\/\/alirarealestate.com\/es\/review\/","title":{"rendered":"Testimonios"},"content":{"rendered":"<section class=\"wpb-content-wrapper\"><div class=\"vc_row wpb_row vc_row-fluid vc_row\"><div class=\"wpb_column vc_column_container vc_col-sm-12 vc_column\"><div class=\"vc_column-inner\"><div class=\"wpb_wrapper\">\n\t<div class=\"wpb_text_column wpb_content_element  vc_column_text\" >\n\t\t<div class=\"wpb_wrapper\">\n\t\t\t<div class=\"wpb_text_column wpb_content_element vc_column_text\">\n<div class=\"wpb_wrapper\">\n<p>Deje sus comentarios sobre c\u00f3mo trabajar con nuestra empresa. Despu\u00e9s de la moderaci\u00f3n, la rese\u00f1a aparecer\u00e1 en esta secci\u00f3n.<\/p>\n<\/div>\n<\/div>\n\n\t\t<\/div>\n\t<\/div>\n<div class=\"vc_tta-container\" data-vc-action=\"collapseAll\"><div class=\"vc_general vc_tta vc_tta-accordion vc_tta-color-white vc_tta-style-flat vc_tta-shape-square vc_tta-o-shape-group vc_tta-controls-align-left vc_tta-o-no-fill vc_tta-o-all-clickable wpestate_accordion vc_tta_accordion\"><div class=\"vc_tta-panels-container\"><div class=\"vc_tta-panels\"><div class=\"vc_tta-panel\" id=\"1706620090865-af441b8e-9b3a\" data-vc-content=\".vc_tta-panel-body\"><div class=\"vc_tta-panel-heading\"><h4 class=\"vc_tta-panel-title\"><a href=\"#1706620090865-af441b8e-9b3a\" data-vc-accordion data-vc-container=\".vc_tta-container\"><span class=\"vc_tta-title-text\">Agrega una rese\u00f1a<\/span><\/a><\/h4><\/div><div class=\"vc_tta-panel-body\">\n\t<div class=\"wpb_text_column wpb_content_element  vc_column_text\" >\n\t\t<div class=\"wpb_wrapper\">\n\t\t\t<div class=\"glsr glsr-default\" id=\"glsr_db7add49\" data-from=\"shortcode\" data-shortcode=\"site_reviews_form\" data-hide=\"email\"><div class=\"glsr-form-wrap\">\n    <form class=\"glsr-review-form glsr-form\" method=\"post\" enctype=\"multipart\/form-data\" action=\"\">\n        <input type=\"hidden\" name=\"site-reviews[_action]\" value=\"submit-review\" \/>\n<input type=\"hidden\" name=\"site-reviews[_nonce]\" value=\"a950074523\" \/>\n<input type=\"hidden\" name=\"site-reviews[_post_id]\" value=\"2970\" \/>\n<input type=\"hidden\" name=\"site-reviews[_referer]\" value=\"\" \/>\n<input type=\"hidden\" name=\"site-reviews[assigned_posts]\" value=\"\" \/>\n<input type=\"hidden\" name=\"site-reviews[assigned_terms]\" value=\"\" \/>\n<input type=\"hidden\" name=\"site-reviews[assigned_users]\" value=\"\" \/>\n<input type=\"hidden\" name=\"site-reviews[excluded]\" value=\"email\" \/>\n<input type=\"hidden\" name=\"site-reviews[form_id]\" value=\"glsr_db7add49\" \/>\n<input type=\"hidden\" name=\"site-reviews[terms_exist]\" value=\"1\" \/>\n<input type=\"hidden\" name=\"site-reviews[form_signature]\" value=\"gu5cNAqtN-IVt60zhC_Q-EsmZMQKNHNuyF5rbQnAphCln7BbXzNFYz83A_NaJkSXKrznH_2MEGvy47jS5kq8DoC2fB_66Bs8K3JnuAWpmscDkIaxEXJFg1lvRt_FJwwJsBeP3_gDZT4TiJnHFclc-IxEkFTb-yFj1AbUmvHuzpWoJcZ081Fstk8tGkC_ImQe-9YojPk7XqksJR1fr7NuNxx_R81ctzCORSZhvFYS5X5F8r6w16uDq7cVwyzdsRhU1nxO1U0FQfcRegUfaUAMUCSzePmGGkJP_cazvZCGs7ep8jhH5Q9ObJ4Fu5Iwv2kwy-ce5IhY68cK6Rw9uz5p4e2Uu2iiAZ8EJL_-LI2ZFYP6bVwt143lmJgvRGBSSjxVxT1A2n9f-tTMIe1stcf1arc1tYzgPOBSBQ\" \/>\n<div class=\"glsr-field\" style=\"display:none;\"><label for=\"site-reviews-b5bf9ad5-glsr_db7add49\">tu rese\u00f1a<\/label><input type=\"text\" class=\"glsr-input glsr-input-text\" id=\"site-reviews-b5bf9ad5-glsr_db7add49\" name=\"site-reviews[b5bf9ad5]\" value=\"\" \/><\/div>\n<div class=\"glsr-field glsr-field-rating glsr-required\" data-field=\"rating\">\n    <label class=\"glsr-label\" for=\"glsr_db7add49-rating\">\n    <span>Tu puntuaci\u00f3n global<\/span>\n<\/label>\n    <select class=\"browser-default disable-select no_wrap no-wrap glsr-select\" id=\"glsr_db7add49-rating\" name=\"site-reviews[rating]\" required><option value=\"\">Seleccionar una puntuaci\u00f3n<\/option><option value=\"5\">5 estrellas<\/option><option value=\"4\">4 estrellas<\/option><option value=\"3\">3 estrellas<\/option><option value=\"2\">2 estrellas<\/option><option value=\"1\">1 estrella<\/option><\/select>\n    <div class=\"glsr-field-error\"><\/div>\n<\/div>\n<div class=\"glsr-field glsr-field-text\" data-field=\"title\">\n    <label class=\"glsr-label\" for=\"glsr_db7add49-title\">\n    <span>T\u00edtulo de tu rese\u00f1a<\/span>\n<\/label>\n    <input type=\"text\" class=\"glsr-input glsr-input-text\" id=\"glsr_db7add49-title\" name=\"site-reviews[title]\" placeholder=\"Resume tu rese\u00f1a o resalta un detalle interesante\" value=\"\" \/>\n    <div class=\"glsr-field-error\"><\/div>\n<\/div>\n<div class=\"glsr-field glsr-field-textarea glsr-required\" data-field=\"content\">\n    <label class=\"glsr-label\" for=\"glsr_db7add49-content\">\n    <span>tu rese\u00f1a<\/span>\n<\/label>\n    <textarea class=\"glsr-textarea\" id=\"glsr_db7add49-content\" name=\"site-reviews[content]\" required placeholder=\"Comparte tu opini\u00f3n\" rows=\"5\"><\/textarea>\n    <div class=\"glsr-field-error\"><\/div>\n<\/div>\n<div class=\"glsr-field glsr-field-text glsr-required\" data-field=\"name\">\n    <label class=\"glsr-label\" for=\"glsr_db7add49-name\">\n    <span>tu nombre<\/span>\n<\/label>\n    <input type=\"text\" class=\"glsr-input glsr-input-text\" id=\"glsr_db7add49-name\" name=\"site-reviews[name]\" required placeholder=\"dinosaurios tu nombre\" value=\"\" \/>\n    <div class=\"glsr-field-error\"><\/div>\n<\/div>\n<div class=\"glsr-field glsr-field-choice\" data-field=\"terms\">\n    \n    <span class=\"glsr-field-toggle\">\n    <span class=\"glsr-toggle\">\n        <label for=\"glsr_db7add49-terms-1\">Esta rese\u00f1a se basa en mi propia experiencia y es mi opini\u00f3n genuina.<\/label>\n        <span class=\"glsr-toggle-switch\">\n            <input type=\"checkbox\" class=\"glsr-input-toggle\" id=\"glsr_db7add49-terms-1\" name=\"site-reviews[terms]\" value=\"1\" \/> &#8203; <!-- zero-space character used for alignment -->\n            <span class=\"glsr-toggle-track\"><\/span>\n        <\/span>\n    <\/span>\n<\/span>\n    <div class=\"glsr-field-error\"><\/div>\n<\/div>\n        <div class=\"glsr-form-message\">\n    \n<\/div>\n        <div data-field=\"submit-button\">\n    <div class=\"wp-block-buttons is-layout-flex\">\n        <div class=\"wp-block-button\">\n            <button type=\"submit\" class=\"glsr-button wp-block-button__link wp-element-button\" aria-busy=\"false\" data-loading=\"Enviando, por favor espera...\">Enviar una rese\u00f1a<\/button>\n        <\/div>\n    <\/div>\n<\/div>\n    <input type=\"hidden\" name=\"trp-form-language\" value=\"es\"\/><\/form>\n<\/div><\/div>\n\n\t\t<\/div>\n\t<\/div>\n<\/div><\/div><\/div><\/div><\/div><\/div><div class=\"vc_row wpb_row vc_inner vc_row-fluid vc_row_inner\"><div class=\"wpb_column vc_column_container vc_col-sm-12 vc_column_inner\"><div class=\"vc_column-inner\"><div class=\"wpb_wrapper\">\n\t<div class=\"wpb_text_column wpb_content_element  vc_column_text\" >\n\t\t<div class=\"wpb_wrapper\">\n\t\t\t<div class=\"glsr glsr-default\" id=\"glsr_794424f1\" data-from=\"shortcode\" data-shortcode=\"site_reviews\" data-display=\"10\" data-pagination=\"ajax\"><div class=\"glsr-reviews-wrap\">\n    <div class=\"glsr-reviews\">\n        <div class=\"glsr-review\" data-type=\"local\" id=\"review-7789\" data-assigned='[]'>\n    <div class=\"glsr-review-title\"><h4 class=\"glsr-tag-value\">\u041f\u043e\u043a\u0443\u043f\u043a\u0430<\/h4><\/div>\n    <div class=\"glsr-review-rating\"><div class=\"glsr-star-rating glsr-stars\" role=\"img\" aria-label=\"Valorado con 5 de 5 estrellas\" data-rating=\"5\" data-reviews=\"0\"><span class=\"glsr-star glsr-star-full\" aria-hidden=\"true\"><\/span><span class=\"glsr-star glsr-star-full\" aria-hidden=\"true\"><\/span><span class=\"glsr-star glsr-star-full\" aria-hidden=\"true\"><\/span><span class=\"glsr-star glsr-star-full\" aria-hidden=\"true\"><\/span><span class=\"glsr-star glsr-star-full\" aria-hidden=\"true\"><\/span><\/div><\/div> <div class=\"glsr-review-date\"><span class=\"glsr-tag-value\">11 de agosto de 2025<\/span><\/div>\n    \n    <div class=\"glsr-review-content\"><div class=\"glsr-tag-value\" data-expanded=\"false\"><p>\u041a\u0443\u043f\u0438\u043b \u043a\u0432\u0430\u0440\u0442\u0438\u0440\u0443 \u0443\u0434\u0430\u043b\u0435\u043d\u043d\u043e \u2014 \u0438 \u044d\u0442\u043e \u0431\u044b\u043b\u043e \u043f\u0440\u043e\u0441\u0442\u043e!<\/p>\n<p>Pokupal \u043d\u0435\u0434\u0432\u0438\u0436\u0438\u043c\u043e\u0441\u0442\u044c \u0432 \u0414\u0443\u0431\u0430\u0435 \u0443\u0434\u0430\u043b\u0435\u043d\u043d\u043e \u0438 \u043f\u0435\u0440\u0435\u0436\u0438\u0432\u0430\u043b, \u0447\u0442\u043e \u0431\u0443\u0434\u0443\u0442 \u0441\u043b\u043e\u0436\u043d\u043e\u0441\u0442\u0438. Ning\u00fan agente Arjun y Alira Real Estate tienen un proceso de m\u00e1xima satisfacci\u00f3n.<\/p>\n<p>Algunos cuartos de v\u00eddeo, pueden incluirse documentos para la prueba y la prueba en l\u00ednea.<\/p>\n<p>Hay 2 habitaciones con un espacio en el suelo y con una peque\u00f1a cantidad de electricidad. Agentes externos y agentes preventivos. \u0422\u0435\u043f\u0435\u0440\u044c \u043f\u043b\u0430\u043d\u0438\u0440\u0443\u044e ku\u043f\u0438\u0442\u044c \u0435\u0449\u0435 \u043e\u0434\u043d\u0443 \u043d\u0435\u0434\u0432\u0438\u0436\u0438\u043c\u043e\u0441\u0442\u044c \u0447\u0435\u0440\u0435\u0437 \u043d\u0438\u0445.<\/p>\n<\/div><\/div>\n     <div class=\"glsr-review-author\"><span class=\"glsr-tag-value\">Ant\u00f3n<\/span><\/div> \n    \n<\/div>\n<div class=\"glsr-review\" data-type=\"local\" id=\"review-7787\" data-assigned='[]'>\n    <div class=\"glsr-review-title\"><h4 class=\"glsr-tag-value\">\u041f\u043e\u043a\u0443\u043f\u043a\u0430<\/h4><\/div>\n    <div class=\"glsr-review-rating\"><div class=\"glsr-star-rating glsr-stars\" role=\"img\" aria-label=\"Valorado con 5 de 5 estrellas\" data-rating=\"5\" data-reviews=\"0\"><span class=\"glsr-star glsr-star-full\" aria-hidden=\"true\"><\/span><span class=\"glsr-star glsr-star-full\" aria-hidden=\"true\"><\/span><span class=\"glsr-star glsr-star-full\" aria-hidden=\"true\"><\/span><span class=\"glsr-star glsr-star-full\" aria-hidden=\"true\"><\/span><span class=\"glsr-star glsr-star-full\" aria-hidden=\"true\"><\/span><\/div><\/div> <div class=\"glsr-review-date\"><span class=\"glsr-tag-value\">11 de agosto de 2025<\/span><\/div>\n    \n    <div class=\"glsr-review-content\"><div class=\"glsr-tag-value\" data-expanded=\"false\"><p>\u00a1\u0421\u043f\u0430\u0441\u0438\u0431\u043e \u0437\u0430 \u0447\u0435\u0441\u0442\u043d\u043e\u0441\u0442\u044c \u0438 \u043f\u043e\u0434\u0434\u0435\u0440\u0436\u043a\u0443!<\/p>\n<p>\u042f \u0434\u043e\u043b\u0433\u043e \u0438\u0441\u043a\u0430\u043b\u0430 \u0430\u0433\u0435\u043d\u0442\u0441\u0442\u0432\u043e, \u043a\u043e\u0442\u043e\u0440\u043e\u043c\u0443 \u043c\u043e\u0436\u043d\u043e \u0434\u043e\u0432\u0435\u0440\u044f\u0442\u044c, and Alira Real Estate \u043e\u043a\u0430\u0437\u0430\u043b\u043e\u0441\u044c \u043b\u0443\u0447\u0448\u0438\u043c \u0432\u044b\u0431\u043e\u0440\u043e\u043c. El agente no utiliza ninguna variante, ya que est\u00e1 completamente disponible para obtener m\u00e1s ventajas y menos uso.<\/p>\n<p>\u041a\u043e\u0433\u0434\u0430 \u044f \u043d\u0430\u043a\u043e\u043d\u0435\u0446 \u0432\u044b\u0431\u0440\u0430\u043b\u0430 \u0441\u0442\u0443\u0434\u0438\u044e, \u043e\u043d\u0430 \u0441\u0430\u043c\u0430 \u0434\u043e\u0433\u043e\u0432\u043e\u0440\u0438\u043b\u0430\u0441\u044c \u043e \u0441\u043a\u0438\u0434\u043a\u0435 \u0441 \u0437\u0430\u0441\u0442\u0440\u043e\u0439\u0449\u0438\u043a\u043e\u043c and \u043a\u043e\u043d\u0442\u0440\u043e\u043b\u0438\u0440\u043e\u0432\u0430\u043b\u0430 \u043a\u0430\u0436\u0434\u044b\u0439 \u044d\u0442\u0430\u043f \u0441\u0434\u0435\u043b\u043a\u0438. \u00a1D\u00e9jame que las personas se acerquen a nuestros hogares y que nos aseguremos de que no haya nadie! \u041e\u0447\u0435\u043d\u044c \u0440\u0435\u043a\u043e\u043c\u0435\u043d\u0434\u0443\u044e \u2014 \u043e\u0441\u043e\u0431\u0435\u043d\u043d\u043e \u0442\u0435\u043c, \u043a\u0442\u043e \u0431\u043e\u0438\u0442\u0441\u044f \u043c\u043e\u0448\u0435\u043d\u043d\u0438\u043a\u043e\u0432 \u0432 \u0414\u0443\u0431\u0430\u0435.<\/p>\n<\/div><\/div>\n     <div class=\"glsr-review-author\"><span class=\"glsr-tag-value\">Alina<\/span><\/div> \n    \n<\/div>\n<div class=\"glsr-review\" data-type=\"local\" id=\"review-7785\" data-assigned='[]'>\n    <div class=\"glsr-review-title\"><h4 class=\"glsr-tag-value\">compra de apartamento<\/h4><\/div>\n    <div class=\"glsr-review-rating\"><div class=\"glsr-star-rating glsr-stars\" role=\"img\" aria-label=\"Valorado con 5 de 5 estrellas\" data-rating=\"5\" data-reviews=\"0\"><span class=\"glsr-star glsr-star-full\" aria-hidden=\"true\"><\/span><span class=\"glsr-star glsr-star-full\" aria-hidden=\"true\"><\/span><span class=\"glsr-star glsr-star-full\" aria-hidden=\"true\"><\/span><span class=\"glsr-star glsr-star-full\" aria-hidden=\"true\"><\/span><span class=\"glsr-star glsr-star-full\" aria-hidden=\"true\"><\/span><\/div><\/div> <div class=\"glsr-review-date\"><span class=\"glsr-tag-value\">11 de agosto de 2025<\/span><\/div>\n    \n    <div class=\"glsr-review-content\"><div class=\"glsr-tag-value\" data-expanded=\"false\"><p>R\u00e1pido, profesional y sin estr\u00e9s innecesario.<\/p>\n<p>Acud\u00ed a Alira Real Estate por recomendaci\u00f3n de una amiga y \u00a1nunca me arrepent\u00ed! La agente Lilia me orient\u00f3; fue un placer interactuar. Desde el primer d\u00eda, me explic\u00f3 detalladamente todas las etapas de la transacci\u00f3n, busc\u00f3 varias opciones que se ajustaran a mi presupuesto y me ayud\u00f3 con el papeleo.<\/p>\n<p>Lo mejor es que, incluso despu\u00e9s de la compra, Lilia no desapareci\u00f3: me ayud\u00f3 con la selecci\u00f3n de inquilinos y la ejecuci\u00f3n del contrato. Ahora mi apartamento me genera ingresos estables. Si buscas un agente inmobiliario de confianza en Dub\u00e1i, \u00a1ven aqu\u00ed!<\/p>\n<\/div><\/div>\n     <div class=\"glsr-review-author\"><span class=\"glsr-tag-value\">Valeria<\/span><\/div> \n    \n<\/div>\n<div class=\"glsr-review\" data-type=\"local\" id=\"review-5802\" data-assigned='[]'>\n    <div class=\"glsr-review-title\"><h4 class=\"glsr-tag-value\">Arenda<\/h4><\/div>\n    <div class=\"glsr-review-rating\"><div class=\"glsr-star-rating glsr-stars\" role=\"img\" aria-label=\"Valorado con 5 de 5 estrellas\" data-rating=\"5\" data-reviews=\"0\"><span class=\"glsr-star glsr-star-full\" aria-hidden=\"true\"><\/span><span class=\"glsr-star glsr-star-full\" aria-hidden=\"true\"><\/span><span class=\"glsr-star glsr-star-full\" aria-hidden=\"true\"><\/span><span class=\"glsr-star glsr-star-full\" aria-hidden=\"true\"><\/span><span class=\"glsr-star glsr-star-full\" aria-hidden=\"true\"><\/span><\/div><\/div> <div class=\"glsr-review-date\"><span class=\"glsr-tag-value\">10 de octubre de 2024<\/span><\/div>\n    \n    <div class=\"glsr-review-content\"><div class=\"glsr-tag-value\" data-expanded=\"false\"><p>En un apartamento de dos habitaciones en Dubae, no hay mucha gente. No \u043e\u0431\u0440\u0430\u0442\u0438\u0432\u0448\u0438\u0439\u0441\u044f \u043a \u0432\u0430\u043c, \u0432\u044b \u043d\u0430\u0448\u043b\u0438 \u0430\u043f\u0430\u0440\u0442\u0430\u043c\u0435\u043d\u0442\u044b, \u0438\u0434\u0435\u0430\u043b\u044c\u043d\u043e \u043f\u043e\u0434\u0445\u043e\u0434\u044f \u0434\u043b\u044f \u043c\u043e\u0439 \u0437\u0430\u043f\u0440\u043e\u0441<\/p>\n<p>\u0421\u043f\u0430\u0441\u0438\u0431\u043e \u041d\u0430\u0438\u043b\u0435, \u0431\u044b\u043b\u043e \u043f\u0440\u0438\u044f\u0442\u043d\u043e \u0441 \u043d\u0435\u0439 \u0440\u0430\u0431\u043e\u0442\u0430\u0442\u044c.<\/p>\n<\/div><\/div>\n     <div class=\"glsr-review-author\"><span class=\"glsr-tag-value\">Anastas\u00eda<\/span><\/div> \n    \n<\/div>\n<div class=\"glsr-review\" data-type=\"local\" id=\"review-3834\" data-assigned='[]'>\n    <div class=\"glsr-review-title\"><h4 class=\"glsr-tag-value\">Alquilar<\/h4><\/div>\n    <div class=\"glsr-review-rating\"><div class=\"glsr-star-rating glsr-stars\" role=\"img\" aria-label=\"Valorado con 5 de 5 estrellas\" data-rating=\"5\" data-reviews=\"0\"><span class=\"glsr-star glsr-star-full\" aria-hidden=\"true\"><\/span><span class=\"glsr-star glsr-star-full\" aria-hidden=\"true\"><\/span><span class=\"glsr-star glsr-star-full\" aria-hidden=\"true\"><\/span><span class=\"glsr-star glsr-star-full\" aria-hidden=\"true\"><\/span><span class=\"glsr-star glsr-star-full\" aria-hidden=\"true\"><\/span><\/div><\/div> <div class=\"glsr-review-date\"><span class=\"glsr-tag-value\">13 de febrero de 2024 \u0433.<\/span><\/div>\n    \n    <div class=\"glsr-review-content\"><div class=\"glsr-tag-value\" data-expanded=\"false\"><p>Los especialistas de Alira Real Estate nos encontraron r\u00e1pidamente una excelente opci\u00f3n para alquilar por un a\u00f1o en el centro. Quiero destacar la excelente relaci\u00f3n calidad-precio y rapidez de esta empresa, teniendo en cuenta los deseos del cliente.<\/p>\n<\/div><\/div>\n     <div class=\"glsr-review-author\"><span class=\"glsr-tag-value\">Joel<\/span><\/div> \n    \n<\/div>\n<div class=\"glsr-review\" data-type=\"local\" id=\"review-3690\" data-assigned='[]'>\n    <div class=\"glsr-review-title\"><h4 class=\"glsr-tag-value\">compra de apartamento<\/h4><\/div>\n    <div class=\"glsr-review-rating\"><div class=\"glsr-star-rating glsr-stars\" role=\"img\" aria-label=\"Valorado con 5 de 5 estrellas\" data-rating=\"5\" data-reviews=\"0\"><span class=\"glsr-star glsr-star-full\" aria-hidden=\"true\"><\/span><span class=\"glsr-star glsr-star-full\" aria-hidden=\"true\"><\/span><span class=\"glsr-star glsr-star-full\" aria-hidden=\"true\"><\/span><span class=\"glsr-star glsr-star-full\" aria-hidden=\"true\"><\/span><span class=\"glsr-star glsr-star-full\" aria-hidden=\"true\"><\/span><\/div><\/div> <div class=\"glsr-review-date\"><span class=\"glsr-tag-value\">07 de febrero de 2024 \u0433.<\/span><\/div>\n    \n    <div class=\"glsr-review-content\"><div class=\"glsr-tag-value\" data-expanded=\"false\"><p>Compramos un apartamento de 2 dormitorios en JVC Binghatti Crest sobre plano. Los especialistas de Alira Real Estate brindaron apoyo total en la compra, desde la elecci\u00f3n de la zona, el edificio, el apartamento espec\u00edfico, los m\u00e9todos de pago hasta la aceptaci\u00f3n del apartamento y la posterior recepci\u00f3n de las llaves.<\/p>\n<p>Las impresiones son s\u00f3lo positivas, \u00a1lo recomiendo a todo el mundo!<\/p>\n<\/div><\/div>\n     <div class=\"glsr-review-author\"><span class=\"glsr-tag-value\">Alex<\/span><\/div> \n    \n<\/div>\n    <\/div>\n    \n<\/div><\/div>\n\n\t\t<\/div>\n\t<\/div>\n<\/div><\/div><\/div><\/div><\/div><\/div><\/div><\/div>\n<\/section>","protected":false},"excerpt":{"rendered":"Leave your feedback about working with our company. After moderation, the review will appear in this section. Add a review Tu rese\u00f1a Tu puntuaci\u00f3n global Seleccionar una puntuaci\u00f3n5 estrellas4 estrellas3 estrellas2 estrellas1 estrella T\u00edtulo de tu rese\u00f1a Tu rese\u00f1a Tu nombre Esta rese\u00f1a se basa en mi propia experiencia y es mi opini\u00f3n genuina. &#8203; Enviar una rese\u00f1a \u041f\u043e\u043a\u0443\u043f\u043a\u0430 11 agosto 2025 \u0433. \u041a\u0443\u043f\u0438\u043b ...","protected":false},"author":1,"featured_media":0,"parent":0,"menu_order":0,"comment_status":"closed","ping_status":"closed","template":"","meta":{"inline_featured_image":false,"_glsr_average":0,"_glsr_ranking":0,"_glsr_reviews":0,"footnotes":""},"class_list":["post-2970","page","type-page","status-publish","hentry"],"yoast_head":"<!-- This site is optimized with the Yoast SEO Premium plugin v25.1 (Yoast SEO v25.6) - https:\/\/yoast.com\/wordpress\/plugins\/seo\/ -->\n<title>Reviews about Alira Real Estate Agency<\/title>\n<meta name=\"description\" content=\"Reviews about the work of Alira Real Estate Agency. \u27a4 Read and leave reviews on the website\" \/>\n<meta name=\"robots\" content=\"index, follow, max-snippet:-1, max-image-preview:large, max-video-preview:-1\" \/>\n<link rel=\"canonical\" href=\"https:\/\/alirarealestate.com\/es\/review\/\" \/>\n<meta property=\"og:locale\" content=\"es_ES\" \/>\n<meta property=\"og:type\" content=\"article\" \/>\n<meta property=\"og:title\" content=\"Testimonials\" \/>\n<meta property=\"og:description\" content=\"Reviews about the work of Alira Real Estate Agency. \u27a4 Read and leave reviews on the website\" \/>\n<meta property=\"og:url\" content=\"https:\/\/alirarealestate.com\/es\/review\/\" \/>\n<meta property=\"og:site_name\" content=\"Alira Real Estate - Real estate in the UAE\" \/>\n<meta property=\"article:modified_time\" content=\"2024-03-27T13:36:15+00:00\" \/>\n<meta name=\"twitter:card\" content=\"summary_large_image\" \/>\n<meta name=\"twitter:label1\" content=\"Tiempo de lectura\" \/>\n\t<meta name=\"twitter:data1\" content=\"1 minuto\" \/>\n<script type=\"application\/ld+json\" class=\"yoast-schema-graph\">{\"@context\":\"https:\/\/schema.org\",\"@graph\":[{\"@type\":\"WebPage\",\"@id\":\"https:\/\/alirarealestate.com\/es\/review\/\",\"url\":\"https:\/\/alirarealestate.com\/es\/review\/\",\"name\":\"Reviews about Alira Real Estate Agency\",\"isPartOf\":{\"@id\":\"https:\/\/alirarealestate.com\/es\/#website\"},\"datePublished\":\"2024-01-29T20:58:30+00:00\",\"dateModified\":\"2024-03-27T13:36:15+00:00\",\"description\":\"Reviews about the work of Alira Real Estate Agency. \u27a4 Read and leave reviews on the website\",\"breadcrumb\":{\"@id\":\"https:\/\/alirarealestate.com\/es\/review\/#breadcrumb\"},\"inLanguage\":\"es\",\"potentialAction\":[{\"@type\":\"ReadAction\",\"target\":[\"https:\/\/alirarealestate.com\/es\/review\/\"]}]},{\"@type\":\"BreadcrumbList\",\"@id\":\"https:\/\/alirarealestate.com\/es\/review\/#breadcrumb\",\"itemListElement\":[{\"@type\":\"ListItem\",\"position\":1,\"name\":\"Home\",\"item\":\"https:\/\/alirarealestate.com\/\"},{\"@type\":\"ListItem\",\"position\":2,\"name\":\"Testimonials\"}]},{\"@type\":\"WebSite\",\"@id\":\"https:\/\/alirarealestate.com\/es\/#website\",\"url\":\"https:\/\/alirarealestate.com\/es\/\",\"name\":\"Alira Real Estate - Real estate in the UAE\",\"description\":\"\",\"potentialAction\":[{\"@type\":\"SearchAction\",\"target\":{\"@type\":\"EntryPoint\",\"urlTemplate\":\"https:\/\/alirarealestate.com\/es\/?s={search_term_string}\"},\"query-input\":{\"@type\":\"PropertyValueSpecification\",\"valueRequired\":true,\"valueName\":\"search_term_string\"}}],\"inLanguage\":\"es\"}]}<\/script>\n<!-- \/ Yoast SEO Premium plugin. -->","yoast_head_json":{"title":"Reviews about Alira Real Estate Agency","description":"Reviews about the work of Alira Real Estate Agency. \u27a4 Read and leave reviews on the website","robots":{"index":"index","follow":"follow","max-snippet":"max-snippet:-1","max-image-preview":"max-image-preview:large","max-video-preview":"max-video-preview:-1"},"canonical":"https:\/\/alirarealestate.com\/es\/review\/","og_locale":"es_ES","og_type":"article","og_title":"Testimonials","og_description":"Reviews about the work of Alira Real Estate Agency. \u27a4 Read and leave reviews on the website","og_url":"https:\/\/alirarealestate.com\/es\/review\/","og_site_name":"Alira Real Estate - Real estate in the UAE","article_modified_time":"2024-03-27T13:36:15+00:00","twitter_card":"summary_large_image","twitter_misc":{"Tiempo de lectura":"1 minuto"},"schema":{"@context":"https:\/\/schema.org","@graph":[{"@type":"WebPage","@id":"https:\/\/alirarealestate.com\/es\/review\/","url":"https:\/\/alirarealestate.com\/es\/review\/","name":"Reviews about Alira Real Estate Agency","isPartOf":{"@id":"https:\/\/alirarealestate.com\/es\/#website"},"datePublished":"2024-01-29T20:58:30+00:00","dateModified":"2024-03-27T13:36:15+00:00","description":"Reviews about the work of Alira Real Estate Agency. \u27a4 Read and leave reviews on the website","breadcrumb":{"@id":"https:\/\/alirarealestate.com\/es\/review\/#breadcrumb"},"inLanguage":"es","potentialAction":[{"@type":"ReadAction","target":["https:\/\/alirarealestate.com\/es\/review\/"]}]},{"@type":"BreadcrumbList","@id":"https:\/\/alirarealestate.com\/es\/review\/#breadcrumb","itemListElement":[{"@type":"ListItem","position":1,"name":"Home","item":"https:\/\/alirarealestate.com\/"},{"@type":"ListItem","position":2,"name":"Testimonials"}]},{"@type":"WebSite","@id":"https:\/\/alirarealestate.com\/es\/#website","url":"https:\/\/alirarealestate.com\/es\/","name":"Alira Real Estate - Real estate in the UAE","description":"","potentialAction":[{"@type":"SearchAction","target":{"@type":"EntryPoint","urlTemplate":"https:\/\/alirarealestate.com\/es\/?s={search_term_string}"},"query-input":{"@type":"PropertyValueSpecification","valueRequired":true,"valueName":"search_term_string"}}],"inLanguage":"es"}]}},"_links":{"self":[{"href":"https:\/\/alirarealestate.com\/es\/wp-json\/wp\/v2\/pages\/2970"}],"collection":[{"href":"https:\/\/alirarealestate.com\/es\/wp-json\/wp\/v2\/pages"}],"about":[{"href":"https:\/\/alirarealestate.com\/es\/wp-json\/wp\/v2\/types\/page"}],"author":[{"embeddable":true,"href":"https:\/\/alirarealestate.com\/es\/wp-json\/wp\/v2\/users\/1"}],"replies":[{"embeddable":true,"href":"https:\/\/alirarealestate.com\/es\/wp-json\/wp\/v2\/comments?post=2970"}],"version-history":[{"count":1,"href":"https:\/\/alirarealestate.com\/es\/wp-json\/wp\/v2\/pages\/2970\/revisions"}],"predecessor-version":[{"id":4149,"href":"https:\/\/alirarealestate.com\/es\/wp-json\/wp\/v2\/pages\/2970\/revisions\/4149"}],"wp:attachment":[{"href":"https:\/\/alirarealestate.com\/es\/wp-json\/wp\/v2\/media?parent=2970"}],"curies":[{"name":"wp","href":"https:\/\/api.w.org\/{rel}","templated":true}]}}