{"id":470,"date":"2023-10-24T20:06:26","date_gmt":"2023-10-24T17:06:26","guid":{"rendered":"https:\/\/alirarealestate.com\/?page_id=470"},"modified":"2026-03-28T00:44:50","modified_gmt":"2026-03-27T21:44:50","slug":"collaboration","status":"publish","type":"page","link":"https:\/\/alirarealestate.com\/de\/services\/collaboration\/","title":{"rendered":"Bedingungen der Zusammenarbeit"},"content":{"rendered":"<section class=\"wpb-content-wrapper\"><div class=\"vc_row wpb_row vc_row-fluid vc_row\"><div class=\"wpb_column vc_column_container vc_col-sm-12 vc_column\"><div class=\"vc_column-inner\"><div class=\"wpb_wrapper\"><div class=\"vc_row wpb_row vc_inner vc_row-fluid vc_row_inner\"><div class=\"wpb_column vc_column_container vc_col-sm-8 vc_column_inner\"><div class=\"vc_column-inner\"><div class=\"wpb_wrapper\">\n\t<div class=\"wpb_text_column wpb_content_element  vc_column_text\" >\n\t\t<div class=\"wpb_wrapper\">\n\t\t\t<p>Wir bieten Zusammenarbeit bei Fragen rund um den Verkauf, Kauf, die Vermietung und die Verwaltung von Immobilien in den Vereinigten Arabischen Emiraten (VAE). Unser Unternehmen verf\u00fcgt \u00fcber umfangreiche Erfahrung in diesem Bereich und ist bereit, seinen Partnern professionelle Dienstleistungen anzubieten.<\/p>\n<p>Wir unterst\u00fctzen Sie bei der Suche und Auswahl von Immobilien zur Miete oder zum Kauf sowie bei Verhandlungen mit Kunden und der rechtlichen Begleitung von Transaktionen. Dar\u00fcber hinaus bieten wir Hausverwaltungsdienstleistungen an, einschlie\u00dflich der \u00dcberwachung des Zustands der Immobilie, der Vermietung und der Durchf\u00fchrung von Reparaturarbeiten.<\/p>\n<p>Unsere Spezialisten sind hochqualifiziert und erfahren auf dem Immobilienmarkt der VAE, was die Qualit\u00e4t der erbrachten Dienstleistungen garantiert. Dar\u00fcber hinaus bieten wir jedem Kunden eine individuelle Herangehensweise und sind bereit, an Projekten jeder Komplexit\u00e4t zu arbeiten.<\/p>\n<p>Durch die Zusammenarbeit mit uns k\u00f6nnen Sie Ihr Gesch\u00e4ft erweitern und Zugang zu neuen M\u00e4rkten erhalten. Wir garantieren Zuverl\u00e4ssigkeit und Transparenz unserer Arbeit sowie die Einhaltung aller gesetzlichen Anforderungen. Kontaktieren Sie uns und wir helfen Ihnen, Ihr Gesch\u00e4ft im Immobiliensektor der VAE erfolgreich zu entwickeln!<\/p>\n<p>Die Spezialisten der ALIRA-Agentur helfen Ihnen bei Fragen rund um Immobilien in den VAE. Rufen Sie uns an\u00a0<a href=\"tel: 971588337903\">+971 58 833 7903<\/a>\u00a0oder f\u00fcllen Sie die Bewerbung im untenstehenden Kontaktformular aus.<\/p>\n\n\t\t<\/div>\n\t<\/div>\n<\/div><\/div><\/div><div class=\"wpb_column vc_column_container vc_col-sm-4 vc_col-xs-12 vc_column_inner\"><div class=\"vc_column-inner\"><div class=\"wpb_wrapper\">\n\t<div  class=\"wpb_single_image wpb_content_element vc_align_center  vc_custom_1698673825838  img-border vc_single_image\">\n\t\t\n\t\t<figure class=\"wpb_wrapper vc_figure\">\n\t\t\t<div class=\"vc_single_image-wrapper   vc_box_border_grey\"><img fetchpriority=\"high\" decoding=\"async\" width=\"277\" height=\"400\" src=\"https:\/\/alirarealestate.com\/wp-content\/uploads\/2023\/10\/sotrudnichestvo.png?v=1702929768\" class=\"vc_single_image-img attachment-full\" alt=\"\" title=\"\" srcset=\"https:\/\/alirarealestate.com\/wp-content\/uploads\/2023\/10\/sotrudnichestvo.png?v=1702929768 277w, https:\/\/alirarealestate.com\/wp-content\/uploads\/2023\/10\/sotrudnichestvo-208x300.png?v=1702929768 208w, https:\/\/alirarealestate.com\/wp-content\/uploads\/2023\/10\/sotrudnichestvo-8x12.png?v=1702929768 8w\" sizes=\"(max-width: 277px) 100vw, 277px\" \/><\/div>\n\t\t<\/figure>\n\t<\/div>\n<\/div><\/div><\/div><\/div><\/div><\/div><\/div><\/div><div class=\"vc_row wpb_row vc_row-fluid vc_row\"><div class=\"wpb_column vc_column_container vc_col-sm-12 vc_column\"><div class=\"vc_column-inner\"><div class=\"wpb_wrapper\"><div class=\"vc_separator wpb_content_element vc_separator_align_center vc_sep_width_100 vc_sep_pos_align_center vc_separator_no_text vc_custom_1698669371537  vc_custom_1698669371537 vc_separator vc_text_separator\" ><span class=\"vc_sep_holder vc_sep_holder_l\"><span style=\"border-color:rgb(75,77,101);border-color:rgba(75,77,101,0.1);\" class=\"vc_sep_line\"><\/span><\/span><span class=\"vc_sep_holder vc_sep_holder_r\"><span style=\"border-color:rgb(75,77,101);border-color:rgba(75,77,101,0.1);\" class=\"vc_sep_line\"><\/span><\/span>\n<\/div><\/div><\/div><\/div><\/div><div class=\"vc_row wpb_row vc_row-fluid vc_row\"><div class=\"wpb_column vc_column_container vc_col-sm-12 vc_column\"><div class=\"vc_column-inner\"><div class=\"wpb_wrapper\"><div class=\"templatera_shortcode\"><div id=\"form-konsult\" class=\"vc_row wpb_row vc_row-fluid vc_custom_1698509413444 vc_row\"><div class=\"wpb_column vc_column_container vc_col-sm-12 vc_column\"><div class=\"vc_column-inner\"><div class=\"wpb_wrapper\">\n\t<div class=\"wpb_raw_code wpb_content_element wpb_raw_html h2-box h2-bf text-center vc_raw_html\" >\n\t\t<div class=\"wpb_wrapper\">\n\t\t\t<h2>Lassen Sie sich beraten<\/h2>\n<div class=\"h2-sub\">F\u00fcllen Sie das Kontaktformular aus und unser Experte wird sich f\u00fcr eine kostenlose Beratung mit Ihnen in Verbindung setzen<\/div>\n\t\t<\/div>\n\t<\/div>\n<div class=\"vc_row wpb_row vc_inner vc_row-fluid vc_row_inner\"><div class=\"wpb_column vc_column_container vc_col-sm-12 vc_column_inner\"><div class=\"vc_column-inner\"><div class=\"wpb_wrapper\">\n<div class=\"wpcf7 no-js\" id=\"wpcf7-f94-o1\" lang=\"ru-RU\" dir=\"ltr\" data-wpcf7-id=\"94\">\n<div class=\"screen-reader-response\"><p role=\"status\" aria-live=\"polite\" aria-atomic=\"true\"><\/p> <ul><\/ul><\/div>\n<form action=\"\/de\/wp-json\/wp\/v2\/pages\/470#wpcf7-f94-o1\" method=\"post\" class=\"wpcf7-form init\" aria-label=\"Kontaktformular\" novalidate=\"novalidate\" data-status=\"init\" data-trp-original-action=\"\/de\/wp-json\/wp\/v2\/pages\/470#wpcf7-f94-o1\">\n<div style=\"display: none;\">\n<input type=\"hidden\" name=\"_wpcf7\" value=\"94\" \/>\n<input type=\"hidden\" name=\"_wpcf7_version\" value=\"6.0.6\" \/>\n<input type=\"hidden\" name=\"_wpcf7_locale\" value=\"ru_RU\" \/>\n<input type=\"hidden\" name=\"_wpcf7_unit_tag\" value=\"wpcf7-f94-o1\" \/>\n<input type=\"hidden\" name=\"_wpcf7_container_post\" value=\"0\" \/>\n<input type=\"hidden\" name=\"_wpcf7_posted_data_hash\" value=\"\" \/>\n<\/div>\n<div class=\"form1\">\n<div class=\"form-col fc0\">\n<img decoding=\"async\" src=\"\/wp-content\/uploads\/2023\/10\/foto-lilija.jpg\" width=\"220\" height=\"220\" class=\"form-img\">\n<div class=\"ex-fi\">Lilia Ibragimova<\/div>\n<div class=\"ex-inf\">Immobilienexperte<\/div>\n<\/div>\n<div class=\"form-col fc1\">\n<div class=\"box-name\"><div class=\"form-label\">Ihr Name<\/div>\n<span class=\"wpcf7-form-control-wrap\" data-name=\"your-name\"><input size=\"40\" maxlength=\"400\" class=\"wpcf7-form-control wpcf7-text wpcf7-validates-as-required\" aria-required=\"true\" aria-invalid=\"false\" value=\"\" type=\"text\" name=\"your-name\" \/><\/span><\/div>\n<div class=\"box-tel\"><div class=\"form-label\">Telefonnummer (inkl. L\u00e4ndervorwahl)<\/div>\n<span class=\"wpcf7-form-control-wrap\" data-name=\"your-tel\"><input size=\"40\" maxlength=\"400\" class=\"wpcf7-form-control wpcf7-text wpcf7-validates-as-required\" aria-required=\"true\" aria-invalid=\"false\" value=\"\" type=\"text\" name=\"your-tel\" \/><\/span><\/div>\n<div class=\"box-date\"><div class=\"form-label\">Passender Termin<\/div>\n<span class=\"wpcf7-form-control-wrap\" data-name=\"your-date\"><input class=\"wpcf7-form-control wpcf7-date wpcf7-validates-as-required wpcf7-validates-as-date\" min=\"2026-04-10\" aria-required=\"true\" aria-invalid=\"false\" value=\"2026-04-10\" type=\"date\" name=\"your-date\" \/><\/span><\/div>\n<div class=\"box-time\"><div class=\"form-label\">Bevorzugte Anrufzeit (VAE-Zeit)<\/div>\n<span class=\"wpcf7-form-control-wrap\" data-name=\"your-time\"><select class=\"wpcf7-form-control wpcf7-select wpcf7-validates-as-required\" aria-required=\"true\" aria-invalid=\"false\" name=\"your-time\"><option value=\"\">W\u00e4hlen Sie die Uhrzeit aus<\/option><option value=\"09:00\">09:00<\/option><option value=\"10:00\">10:00<\/option><option value=\"11:00\">11:00<\/option><option value=\"12:00\">12:00<\/option><option value=\"13:00\">13:00<\/option><option value=\"14:00\">14:00<\/option><option value=\"15:00\">15:00<\/option><option value=\"16:00\">16:00<\/option><option value=\"17:00\">17:00<\/option><option value=\"18:00\">18:00<\/option><\/select><\/span><\/div>\n<div class=\"box-comment\"><div class=\"form-label\">Kommentieren Sie die Bewerbung<\/div>\n<span class=\"wpcf7-form-control-wrap\" data-name=\"textarea-278\"><textarea cols=\"40\" rows=\"5\" maxlength=\"2000\" class=\"wpcf7-form-control wpcf7-textarea\" aria-invalid=\"false\" name=\"textarea-278\"><\/textarea><\/span><\/div>\n<input class=\"wpcf7-form-control wpcf7-submit has-spinner\" type=\"submit\" value=\"Anfrage senden\" \/>\n<\/div>\n<\/div><input type='hidden' class='wpcf7-pum' value='{\"closepopup\":false,\"closedelay\":0,\"openpopup\":false,\"openpopup_id\":0}' \/><div class=\"wpcf7-response-output\" aria-hidden=\"true\"><\/div>\n<input type=\"hidden\" name=\"trp-form-language\" value=\"de\"\/><\/form>\n<\/div>\n<\/div><\/div><\/div><\/div><\/div><\/div><\/div><\/div><\/div><\/div><\/div><\/div><\/div>\n<\/section>","protected":false},"excerpt":{"rendered":"Wir bieten Zusammenarbeit bei Fragen im Zusammenhang mit dem Verkauf, Kauf, der Vermietung und Verwaltung von Immobilien in den Vereinigten Arabischen Emiraten (VAE) an. Unser Unternehmen verf\u00fcgt \u00fcber umfangreiche Erfahrung auf diesem Gebiet und ist bereit, seinen Partnern professionelle Dienstleistungen anzubieten. Wir k\u00f6nnen Ihnen bei der Suche und Auswahl von Immobilien zur Miete oder zum Kauf sowie bei Verhandlungen mit Kunden und bei der rechtlichen Unterst\u00fctzung helfen ...","protected":false},"author":1,"featured_media":0,"parent":466,"menu_order":0,"comment_status":"closed","ping_status":"closed","template":"","meta":{"inline_featured_image":false,"_glsr_average":0,"_glsr_ranking":0,"_glsr_reviews":0,"footnotes":""},"class_list":["post-470","page","type-page","status-publish","hentry"],"yoast_head":"<!-- This site is optimized with the Yoast SEO Premium plugin v25.1 (Yoast SEO v25.6) - https:\/\/yoast.com\/wordpress\/plugins\/seo\/ -->\n<title>Terms of Cooperation with Alira Real Estate Agency<\/title>\n<meta name=\"description\" content=\"Terms of cooperation with Alira Real Estate Agency for sales, purchases, rentals, and property management in the UAE. \u27a4 Learn more!\" \/>\n<meta name=\"robots\" content=\"index, follow, max-snippet:-1, max-image-preview:large, max-video-preview:-1\" \/>\n<link rel=\"canonical\" href=\"https:\/\/alirarealestate.com\/de\/services\/collaboration\/\" \/>\n<meta property=\"og:locale\" content=\"de_DE\" \/>\n<meta property=\"og:type\" content=\"article\" \/>\n<meta property=\"og:title\" content=\"Terms of Cooperation\" \/>\n<meta property=\"og:description\" content=\"Terms of cooperation with Alira Real Estate Agency for sales, purchases, rentals, and property management in the UAE. \u27a4 Learn more!\" \/>\n<meta property=\"og:url\" content=\"https:\/\/alirarealestate.com\/de\/services\/collaboration\/\" \/>\n<meta property=\"og:site_name\" content=\"Alira Real Estate - Real estate in the UAE\" \/>\n<meta property=\"article:modified_time\" content=\"2026-03-27T21:44:50+00:00\" \/>\n<meta name=\"twitter:card\" content=\"summary_large_image\" \/>\n<meta name=\"twitter:label1\" content=\"Gesch\u00e4tzte Lesezeit\" \/>\n\t<meta name=\"twitter:data1\" content=\"1\u00a0Minute\" \/>\n<script type=\"application\/ld+json\" class=\"yoast-schema-graph\">{\"@context\":\"https:\/\/schema.org\",\"@graph\":[{\"@type\":\"WebPage\",\"@id\":\"https:\/\/alirarealestate.com\/de\/services\/collaboration\/\",\"url\":\"https:\/\/alirarealestate.com\/de\/services\/collaboration\/\",\"name\":\"Terms of Cooperation with Alira Real Estate Agency\",\"isPartOf\":{\"@id\":\"https:\/\/alirarealestate.com\/de\/#website\"},\"datePublished\":\"2023-10-24T17:06:26+00:00\",\"dateModified\":\"2026-03-27T21:44:50+00:00\",\"description\":\"Terms of cooperation with Alira Real Estate Agency for sales, purchases, rentals, and property management in the UAE. \u27a4 Learn more!\",\"breadcrumb\":{\"@id\":\"https:\/\/alirarealestate.com\/de\/services\/collaboration\/#breadcrumb\"},\"inLanguage\":\"de\",\"potentialAction\":[{\"@type\":\"ReadAction\",\"target\":[\"https:\/\/alirarealestate.com\/de\/services\/collaboration\/\"]}]},{\"@type\":\"BreadcrumbList\",\"@id\":\"https:\/\/alirarealestate.com\/de\/services\/collaboration\/#breadcrumb\",\"itemListElement\":[{\"@type\":\"ListItem\",\"position\":1,\"name\":\"Home\",\"item\":\"https:\/\/alirarealestate.com\/\"},{\"@type\":\"ListItem\",\"position\":2,\"name\":\"Services\",\"item\":\"https:\/\/alirarealestate.com\/services\/\"},{\"@type\":\"ListItem\",\"position\":3,\"name\":\"Terms of Cooperation\"}]},{\"@type\":\"WebSite\",\"@id\":\"https:\/\/alirarealestate.com\/de\/#website\",\"url\":\"https:\/\/alirarealestate.com\/de\/\",\"name\":\"Alira Real Estate - Real estate in the UAE\",\"description\":\"\",\"potentialAction\":[{\"@type\":\"SearchAction\",\"target\":{\"@type\":\"EntryPoint\",\"urlTemplate\":\"https:\/\/alirarealestate.com\/de\/?s={search_term_string}\"},\"query-input\":{\"@type\":\"PropertyValueSpecification\",\"valueRequired\":true,\"valueName\":\"search_term_string\"}}],\"inLanguage\":\"de\"}]}<\/script>\n<!-- \/ Yoast SEO Premium plugin. -->","yoast_head_json":{"title":"Terms of Cooperation with Alira Real Estate Agency","description":"Terms of cooperation with Alira Real Estate Agency for sales, purchases, rentals, and property management in the UAE. \u27a4 Learn more!","robots":{"index":"index","follow":"follow","max-snippet":"max-snippet:-1","max-image-preview":"max-image-preview:large","max-video-preview":"max-video-preview:-1"},"canonical":"https:\/\/alirarealestate.com\/de\/services\/collaboration\/","og_locale":"de_DE","og_type":"article","og_title":"Terms of Cooperation","og_description":"Terms of cooperation with Alira Real Estate Agency for sales, purchases, rentals, and property management in the UAE. \u27a4 Learn more!","og_url":"https:\/\/alirarealestate.com\/de\/services\/collaboration\/","og_site_name":"Alira Real Estate - Real estate in the UAE","article_modified_time":"2026-03-27T21:44:50+00:00","twitter_card":"summary_large_image","twitter_misc":{"Gesch\u00e4tzte Lesezeit":"1\u00a0Minute"},"schema":{"@context":"https:\/\/schema.org","@graph":[{"@type":"WebPage","@id":"https:\/\/alirarealestate.com\/de\/services\/collaboration\/","url":"https:\/\/alirarealestate.com\/de\/services\/collaboration\/","name":"Terms of Cooperation with Alira Real Estate Agency","isPartOf":{"@id":"https:\/\/alirarealestate.com\/de\/#website"},"datePublished":"2023-10-24T17:06:26+00:00","dateModified":"2026-03-27T21:44:50+00:00","description":"Terms of cooperation with Alira Real Estate Agency for sales, purchases, rentals, and property management in the UAE. \u27a4 Learn more!","breadcrumb":{"@id":"https:\/\/alirarealestate.com\/de\/services\/collaboration\/#breadcrumb"},"inLanguage":"de","potentialAction":[{"@type":"ReadAction","target":["https:\/\/alirarealestate.com\/de\/services\/collaboration\/"]}]},{"@type":"BreadcrumbList","@id":"https:\/\/alirarealestate.com\/de\/services\/collaboration\/#breadcrumb","itemListElement":[{"@type":"ListItem","position":1,"name":"Home","item":"https:\/\/alirarealestate.com\/"},{"@type":"ListItem","position":2,"name":"Services","item":"https:\/\/alirarealestate.com\/services\/"},{"@type":"ListItem","position":3,"name":"Terms of Cooperation"}]},{"@type":"WebSite","@id":"https:\/\/alirarealestate.com\/de\/#website","url":"https:\/\/alirarealestate.com\/de\/","name":"Alira Real Estate - Real estate in the UAE","description":"","potentialAction":[{"@type":"SearchAction","target":{"@type":"EntryPoint","urlTemplate":"https:\/\/alirarealestate.com\/de\/?s={search_term_string}"},"query-input":{"@type":"PropertyValueSpecification","valueRequired":true,"valueName":"search_term_string"}}],"inLanguage":"de"}]}},"_links":{"self":[{"href":"https:\/\/alirarealestate.com\/de\/wp-json\/wp\/v2\/pages\/470"}],"collection":[{"href":"https:\/\/alirarealestate.com\/de\/wp-json\/wp\/v2\/pages"}],"about":[{"href":"https:\/\/alirarealestate.com\/de\/wp-json\/wp\/v2\/types\/page"}],"author":[{"embeddable":true,"href":"https:\/\/alirarealestate.com\/de\/wp-json\/wp\/v2\/users\/1"}],"replies":[{"embeddable":true,"href":"https:\/\/alirarealestate.com\/de\/wp-json\/wp\/v2\/comments?post=470"}],"version-history":[{"count":1,"href":"https:\/\/alirarealestate.com\/de\/wp-json\/wp\/v2\/pages\/470\/revisions"}],"predecessor-version":[{"id":8861,"href":"https:\/\/alirarealestate.com\/de\/wp-json\/wp\/v2\/pages\/470\/revisions\/8861"}],"up":[{"embeddable":true,"href":"https:\/\/alirarealestate.com\/de\/wp-json\/wp\/v2\/pages\/466"}],"wp:attachment":[{"href":"https:\/\/alirarealestate.com\/de\/wp-json\/wp\/v2\/media?parent=470"}],"curies":[{"name":"wp","href":"https:\/\/api.w.org\/{rel}","templated":true}]}}