{"id":4383,"date":"2024-04-18T10:17:40","date_gmt":"2024-04-18T07:17:40","guid":{"rendered":"https:\/\/alirarealestate.com\/developers\/emaar-properties\/"},"modified":"2024-10-27T19:14:57","modified_gmt":"2024-10-27T16:14:57","slug":"emaar-properties","status":"publish","type":"page","link":"https:\/\/alirarealestate.com\/de\/developers\/emaar-properties\/","title":{"rendered":"Entwickler EMAAR Properties"},"content":{"rendered":"<section class=\"wpb-content-wrapper\"><div class=\"vc_row wpb_row vc_row-fluid vc_row\"><div class=\"wpb_column vc_column_container vc_col-sm-12 vc_column\"><div class=\"vc_column-inner\"><div class=\"wpb_wrapper\">\n\t<div  class=\"wpb_single_image wpb_content_element vc_align_center  vc_single_image\">\n\t\t\n\t\t<figure class=\"wpb_wrapper vc_figure\">\n\t\t\t<div class=\"vc_single_image-wrapper   vc_box_border_grey\"><img fetchpriority=\"high\" decoding=\"async\" width=\"1027\" height=\"411\" src=\"https:\/\/alirarealestate.com\/wp-content\/uploads\/2024\/05\/emaar.png\" class=\"vc_single_image-img attachment-full\" alt=\"\" title=\"Emaar\" srcset=\"https:\/\/alirarealestate.com\/wp-content\/uploads\/2024\/05\/emaar.png 1027w, https:\/\/alirarealestate.com\/wp-content\/uploads\/2024\/05\/emaar-300x120.png 300w, https:\/\/alirarealestate.com\/wp-content\/uploads\/2024\/05\/emaar-1024x410.png 1024w, https:\/\/alirarealestate.com\/wp-content\/uploads\/2024\/05\/emaar-768x307.png 768w, https:\/\/alirarealestate.com\/wp-content\/uploads\/2024\/05\/emaar-18x7.png 18w\" sizes=\"(max-width: 1027px) 100vw, 1027px\" \/><\/div>\n\t\t<\/figure>\n\t<\/div>\n<\/div><\/div><\/div><\/div><div class=\"vc_row wpb_row vc_row-fluid vc_row\"><div class=\"wpb_column vc_column_container vc_col-sm-12 vc_column\"><div class=\"vc_column-inner\"><div class=\"wpb_wrapper\">\n\t<div class=\"wpb_text_column wpb_content_element  vc_column_text\" >\n\t\t<div class=\"wpb_wrapper\">\n\t\t\t<p><span style=\"font-weight: 400;\">Emaar ist ein Bautr\u00e4ger mit einem Namen und einem tadellosen Ruf auf dem Immobilienmarkt der VAE. Das Unternehmen baut Wohngeb\u00e4ude, Hotels und Gesch\u00e4ftszentren, die moderne Technologien und durchdachtes, einzigartiges Design kombinieren. Emaar Properties umfasst 60 Tochterunternehmen, die Bauprojekte in verschiedenen L\u00e4ndern der Welt besitzen. Der Bautr\u00e4ger entwickelt seine Aktivit\u00e4ten aktiv in Nordamerika, Zentralasien, afrikanischen L\u00e4ndern und dem Nahen Osten. Mit der Umsetzung des Konzepts des Engagements f\u00fcr hohe Qualit\u00e4t setzt das Unternehmen neue Ma\u00dfst\u00e4be f\u00fcr das Leben und pr\u00e4sentiert Immobilien der Weltklasse.<\/span><\/p>\n<p>&nbsp;<\/p>\n<h2><b>Unternehmensaktivit\u00e4ten<\/b><\/h2>\n<p><span style=\"font-weight: 400;\">Der Entwickler Emaar ist seit 1997 in den Emiraten t\u00e4tig. W\u00e4hrend das Unternehmen sein Kerngesch\u00e4ft im Immobilienbereich beibeh\u00e4lt, diversifiziert es seine Finanzanlagen und erschlie\u00dft neue M\u00e4rkte. Heute sind die wichtigsten T\u00e4tigkeitsbereiche:<\/span><\/p>\n<p>&nbsp;<\/p>\n<ul>\n<li style=\"font-weight: 400;\" aria-level=\"1\"><span style=\"font-weight: 400;\">Entwicklung. Das Unternehmen ist auf die Umsetzung von Gro\u00dfprojekten in den Vereinigten Arabischen Emiraten und au\u00dferhalb der Emirate spezialisiert. Das Portfolio umfasst Wolkenkratzer, Strandresorts, gro\u00dfe Wohnkomplexe mit entsprechender Infrastruktur und einem entwickelten Dienstleistungssektor.<\/span><\/li>\n<li style=\"font-weight: 400;\" aria-level=\"1\"><span style=\"font-weight: 400;\">Hotel- und Unterhaltungssektor. Zur Holding geh\u00f6rt die Emaar Hospitality Group, die mehrere Hotelmarken besitzt. Sie ist in Elite- und Nischenhotelm\u00e4rkten vertreten und bietet ihren Kunden eine breite Palette an Dienstleistungen und exklusiver Unterhaltung.<\/span><\/li>\n<li style=\"font-weight: 400;\" aria-level=\"1\"><span style=\"font-weight: 400;\">Investitionen und Gesch\u00e4ft. Die Investitionst\u00e4tigkeit in der Holding wird von der Firma Emaar Industries &amp; Investments verwaltet, die sich mit gewinnbringenden Kapitalinvestitionen in Immobilien, verarbeitende Industrie, Bauwesen und Produktion von Baumaterialien befasst. Weitere Tochtergesellschaften von Emaar Properties sind die Aktiengesellschaft EMRILL, Emaar India und Emaar Turkey.<\/span><\/li>\n<li style=\"font-weight: 400;\" aria-level=\"1\"><span style=\"font-weight: 400;\">Gesundheitswesen. Das Unternehmen Emaar Healthcare ist in diesem Bereich t\u00e4tig und bietet unterst\u00fctzenden Organisationen Dienstleistungen im Bereich Arbeitshygiene an. Spezialisten f\u00fchren Audiometrien durch, beurteilen die Arbeitstauglichkeit des Personals und \u00fcberwachen den Gesundheitszustand der Mitarbeiter in Unternehmen.<\/span><\/li>\n<\/ul>\n\n\t\t<\/div>\n\t<\/div>\n<\/div><\/div><\/div><\/div><div class=\"vc_row wpb_row vc_row-fluid vc_row\"><div class=\"wpb_column vc_column_container vc_col-sm-12 vc_column\"><div class=\"vc_column-inner\"><div class=\"wpb_wrapper\">\n\t<div class=\"wpb_text_column wpb_content_element  vc_column_text\" >\n\t\t<div class=\"wpb_wrapper\">\n\t\t\t<h2><b>Immobilienobjekte vom Entwickler in den VAE<\/b><\/h2>\n<p><span style=\"font-weight: 400;\">In Dubai besitzt der Bautr\u00e4ger Emaar Properties mehr als 14.000 Geb\u00e4ude in verschiedenen Bauphasen. Zu den bekanntesten Projekten z\u00e4hlen:<\/span><\/p>\n<p>&nbsp;<\/p>\n<ul>\n<li style=\"font-weight: 400;\" aria-level=\"1\"><span style=\"font-weight: 400;\"><a href=\"https:\/\/alirarealestate.com\/de\/catalog\/buy\/dubai\/burj-khalifa\/\">Burj Khalifa<\/a>. Der h\u00f6chste Wolkenkratzer der Welt, 2010 in Dubai am Sheikh Mohammed bin Rashid Boulevard gebaut. Das 828 Meter hohe Geb\u00e4ude hat die Form eines Stalagmiten und besteht aus 163 Stockwerken. Im Inneren befinden sich Wohnungen, B\u00fcros, Restaurants, Einkaufszentren und das luxuri\u00f6se Armani-Hotel. Im 148. Stock befindet sich eine Aussichtsplattform, von der aus Sie aus 555 Metern H\u00f6he einen Panoramablick auf Dubai genie\u00dfen k\u00f6nnen.<\/span><\/li>\n<li style=\"font-weight: 400;\" aria-level=\"1\"><span style=\"font-weight: 400;\">Dubai Creek Tower. Ein im Bau befindliches Geb\u00e4ude, das den Burj Khalifa um 100 Meter \u00fcbertreffen wird. Sein Hauptzweck wird es sein, als architektonische und visuelle Zierde Dubais zu dienen. Architektonisch gesehen ist das Geb\u00e4ude eine elegante, stromlinienf\u00f6rmige Struktur aus Stahlstreben, die an Stahlbetons\u00e4ulen befestigt sind. Der Turm soll Wohnungen, Gesch\u00e4fte und Aussichtsplattformen beherbergen und auf dem angrenzenden Gel\u00e4nde eine Promenade, einen Yachtclub und mehr als 20 Hotels.<\/span><\/li>\n<li style=\"font-weight: 400;\" aria-level=\"1\"><span style=\"font-weight: 400;\">Dubai Mall. Es ist einer der gr\u00f6\u00dften Einkaufs- und Unterhaltungskomplexe der Welt. Es befindet sich in Downtown Dubai und erstreckt sich \u00fcber eine Gesamtfl\u00e4che von 1,2 Millionen Quadratmetern. Beim Bau des Einkaufszentrums verwendete Emaar einen High-Tech-Architekturstil. Die W\u00e4nde des Einkaufszentrums beherbergen 1200 Gesch\u00e4fte, Unterhaltungszentren, Restaurants und ein Kino mit 22 Leinw\u00e4nden.<\/span><\/li>\n<li style=\"font-weight: 400;\" aria-level=\"1\"><span style=\"font-weight: 400;\">The Oasis. Ein prestigetr\u00e4chtiger Wohnkomplex in Dubai, der aus luxuri\u00f6sen Villen und Anwesen besteht. Er umfasst 7.000 Wohnungen, die sich auf einer Fl\u00e4che von 9 Millionen m\u00b2 verteilen. Mehr als 251.000 Quadratmeter der Fl\u00e4che werden von Freifl\u00e4chen und Infrastruktureinrichtungen eingenommen, darunter Pools, Gesch\u00e4fte, Str\u00e4nde und Promenaden.<\/span><\/li>\n<li style=\"font-weight: 400;\" aria-level=\"1\"><span style=\"font-weight: 400;\"><a href=\"https:\/\/alirarealestate.com\/de\/catalog\/buy\/dubai\/downtown\/\">Innenstadt von Dubai<\/a>. Ein Vorzeige-Megakomplex mit einer Fl\u00e4che von \u00fcber 2 km\u00b2 im Zentrum von Dubai. Das Gebiet bietet erstklassige Hotels, den Souk Al Bahar-Markt mit Hunderten von Gesch\u00e4ften und Restaurants sowie Dubais ber\u00fchmteste Wahrzeichen, das Burj Khalifa und die Dubai Fountains.<\/span><\/li>\n<li style=\"font-weight: 400;\" aria-level=\"1\"><span style=\"font-weight: 400;\"><a href=\"https:\/\/alirarealestate.com\/de\/catalog\/buy\/dubai\/dubai-marina\/\">Dubai Marina<\/a>. Ein einzigartiges Hafenviertel am Persischen Golf, ein prestigetr\u00e4chtiges Immobilienobjekt in Dubai. Das Entwicklungsgebiet umfasst 464.000 m\u00b2. Der Yachthafen erstreckt sich entlang eines 3,5 km langen Kanals und umfasst Yachth\u00e4fen, eine gro\u00dfe Promenade sowie die Einkaufszentren Marina Plaza und Dubai Marina Mall.<\/span><\/li>\n<li style=\"font-weight: 400;\" aria-level=\"1\"><span style=\"font-weight: 400;\"><a href=\"https:\/\/alirarealestate.com\/de\/catalog\/buy\/dubai\/dubai-hills\/\">Dubai Hills Estate<\/a>. Ein luxuri\u00f6ser Wohnkomplex mit Villen und Wohnungen f\u00fcr Naturliebhaber. Es handelt sich um eine multifunktionale Anlage mit malerischen Parks, Schulen und Wohngeb\u00e4uden auf einer Fl\u00e4che von etwa 1.000 Hektar. Das Highlight des Projekts ist ein 18-Loch-Meisterschaftsgolfplatz.<\/span><\/li>\n<li style=\"font-weight: 400;\" aria-level=\"1\"><span style=\"font-weight: 400;\">Dubai Creek Harbour. Ein multifunktionales Projekt am Ufer des Dubai Creek, dessen Ziel darin besteht, ein neues Stadtzentrum f\u00fcr Dubai mit ausgebauter Infrastruktur zu schaffen. Auf einer Fl\u00e4che von \u00fcber 6 km\u00b2 befinden sich Wohnapartments, Gesch\u00e4ftsgeb\u00e4ude und herrliche Parkanlagen.<\/span><\/li>\n<li style=\"font-weight: 400;\" aria-level=\"1\"><span style=\"font-weight: 400;\">Arabian Ranches III. Ein beeindruckender Villenkomplex f\u00fcr Liebhaber des luxuri\u00f6sen Wohnens. Es ist ein originelles Projekt im Stil der arabischen W\u00fcste. Das Gebiet verf\u00fcgt \u00fcber zwei Seen, zwei Polofelder, 15 Tennispl\u00e4tze und einen 18-Loch-Golfplatz.<\/span><\/li>\n<li style=\"font-weight: 400;\" aria-level=\"1\"><span style=\"font-weight: 400;\">Das Tal. Ein Projekt, das als ganze Stadt konzipiert ist und bei dem Emaar Properties als Entwickler alles Notwendige f\u00fcr ein komfortables Leben bereitgestellt hat. Immobilienbesitzer haben Zugang zu einem Privatstrand, einem Sportdorf und einem Unterhaltungskomplex f\u00fcr Kinder auf einer Fl\u00e4che von \u00fcber 10.000 m\u00b2.<\/span><\/li>\n<li style=\"font-weight: 400;\" aria-level=\"1\"><span style=\"font-weight: 400;\">Emaar South. Eine exklusive Wohnanlage, die nach den neuesten Trends moderner Vorstadtgebiete errichtet wurde. Sie besteht aus Villen, Stadth\u00e4usern und ger\u00e4umigen Apartments, erg\u00e4nzt durch erstklassige Infrastruktur. Das Gebiet umfasst 25 Parks und einen 18-Loch-Golfplatz.<\/span><\/li>\n<li style=\"font-weight: 400;\" aria-level=\"1\"><span style=\"font-weight: 400;\">Arabian Ranches. Ein gro\u00dfartiges Wohnprojekt, das den Titel der gr\u00fcnsten geschlossenen Wohnanlage in Dubai tr\u00e4gt. Die Bewohner haben Zugang zu drei Seen, wundersch\u00f6nen Parks und Grillpl\u00e4tzen. Das Immobilienangebot besteht haupts\u00e4chlich aus Villen und Stadth\u00e4usern.<\/span><\/li>\n<li style=\"font-weight: 400;\" aria-level=\"1\"><span style=\"font-weight: 400;\">Emaar Beachfront. Ein Eliteviertel, das auf einer kleinen k\u00fcnstlichen Insel in der N\u00e4he der Dubai Marina entsteht. Das Gebiet soll 10.000 Immobilien beherbergen, darunter Markenwohnungen, Villen, Stadth\u00e4user und einen erstklassigen Yachtclub. Die H\u00e4user werden Zugang zu Sandstr\u00e4nden haben, die sich \u00fcber etwa 1,5 km K\u00fcstenlinie erstrecken.<\/span><\/li>\n<\/ul>\n\n\t\t<\/div>\n\t<\/div>\n<\/div><\/div><\/div><\/div><div class=\"vc_row wpb_row vc_row-fluid vc_row\"><div class=\"wpb_column vc_column_container vc_col-sm-12 vc_column\"><div class=\"vc_column-inner\"><div class=\"wpb_wrapper\">\n\t<div class=\"wpb_text_column wpb_content_element  vc_column_text\" >\n\t\t<div class=\"wpb_wrapper\">\n\t\t\t<h2><b>Unternehmensauszeichnungen<\/b><\/h2>\n<p><span style=\"font-weight: 400;\">W\u00e4hrend seiner T\u00e4tigkeit hat Emaar \u00fcber 150 regionale und internationale Auszeichnungen erhalten. Die ersten Auszeichnungen erhielt der Entwickler bereits 2006, als er bei den Arabian Business Awards als bester Entwickler in den VAE und als bestes Unternehmen im Immobiliensektor ausgezeichnet wurde.<\/span><\/p>\n<p><span style=\"font-weight: 400;\">Im Jahr 2007 wurde die Holding in das FT Global 500-Ranking der britischen Financial Times aufgenommen, das den gr\u00f6\u00dften Unternehmen der Welt gewidmet ist. Ein Jahr sp\u00e4ter wurde das Unternehmen f\u00fcr seine internationalen Leistungen ausgezeichnet und in den Folgejahren wiederholt als bester Entwickler im Nahen Osten ausgezeichnet.<\/span><\/p>\n<p>&nbsp;<\/p>\n<p><span style=\"font-weight: 400;\">Die Projekte von Emaar Properties wurden mit zahlreichen Preisen ausgezeichnet. So gilt beispielsweise der ber\u00fchmte Wolkenkratzer Burj Khalifa als das beste bestehende Geb\u00e4ude in Bezug auf Wartung und Betrieb.<\/span><\/p>\n<p>&nbsp;<\/p>\n<p><span style=\"font-weight: 400;\">Auf der Website von Alira Real Estate k\u00f6nnen Sie Immobilien des Bauunternehmens Emaar finden und geeignete Wohn- oder Gewerbeimmobilien kaufen. Wir helfen Ihnen, die perfekten Optionen zu finden, bieten rechtliche Unterst\u00fctzung bei der Transaktion und einen hochwertigen Kundendienst. F\u00fcr eine Kaufberatung kontaktieren Sie die Manager unserer Agentur unter <\/span><span style=\"font-weight: 400;\"><a href=\"tel: 971588337903\">+971 (588) 337 903<\/a><\/span><span style=\"font-weight: 400;\">, <\/span><span style=\"font-weight: 400;\"><a href=\"tel: 79869277377\">+7 (986) 927-73-77.<\/a><\/span><span style=\"font-weight: 400;\">, oder E-Mail<\/span><span style=\"font-weight: 400;\"> <a class=\"mail\" href=\"mailto:info@alirarealestate.com\">info@alirarealestate.com<\/a><\/span><span style=\"font-weight: 400;\">.<\/span><\/p>\n\n\t\t<\/div>\n\t<\/div>\n<\/div><\/div><\/div><\/div>\n<\/section>","protected":false},"excerpt":{"rendered":"Emaar ist ein Bautr\u00e4ger mit einem Namen und einem tadellosen Ruf auf dem Immobilienmarkt der VAE. Das Unternehmen baut Wohngeb\u00e4ude, Hotels und Gesch\u00e4ftszentren, die moderne Technologien mit durchdachtem, einzigartigem Design vereinen. Emaar Properties umfasst 60 Tochterunternehmen, die Bauprojekte in verschiedenen L\u00e4ndern der Welt betreiben. Der Bautr\u00e4ger entwickelt seine Aktivit\u00e4ten in Nordamerika, Zentralasien, Afrika usw. aktiv weiter.","protected":false},"author":1,"featured_media":0,"parent":4382,"menu_order":0,"comment_status":"closed","ping_status":"closed","template":"advanced_search_results.php","meta":{"inline_featured_image":false,"_glsr_average":0,"_glsr_ranking":0,"_glsr_reviews":0,"footnotes":""},"class_list":["post-4383","page","type-page","status-publish","hentry"],"yoast_head":"<!-- This site is optimized with the Yoast SEO Premium plugin v25.1 (Yoast SEO v25.6) - https:\/\/yoast.com\/wordpress\/plugins\/seo\/ -->\n<title>EMAAR Properties, Developer in Dubai, UAE - Alira<\/title>\n<meta name=\"description\" content=\"Information about the developer EMAAR Properties. \u2b50 The company&#039;s history and awards. \u2b50 Descriptions of properties. \u2b50 Photos and prices. \u27a4 Details on the website!\" \/>\n<meta name=\"robots\" content=\"index, follow, max-snippet:-1, max-image-preview:large, max-video-preview:-1\" \/>\n<link rel=\"canonical\" href=\"https:\/\/alirarealestate.com\/de\/developers\/emaar-properties\/\" \/>\n<meta property=\"og:locale\" content=\"de_DE\" \/>\n<meta property=\"og:type\" content=\"article\" \/>\n<meta property=\"og:title\" content=\"Developer EMAAR Properties\" \/>\n<meta property=\"og:description\" content=\"Information about the developer EMAAR Properties. \u2b50 The company&#039;s history and awards. \u2b50 Descriptions of properties. \u2b50 Photos and prices. \u27a4 Details on the website!\" \/>\n<meta property=\"og:url\" content=\"https:\/\/alirarealestate.com\/de\/developers\/emaar-properties\/\" \/>\n<meta property=\"og:site_name\" content=\"Alira Real Estate - Real estate in the UAE\" \/>\n<meta property=\"article:modified_time\" content=\"2024-10-27T16:14:57+00:00\" \/>\n<meta name=\"twitter:card\" content=\"summary_large_image\" \/>\n<meta name=\"twitter:label1\" content=\"Gesch\u00e4tzte Lesezeit\" \/>\n\t<meta name=\"twitter:data1\" content=\"6\u00a0Minuten\" \/>\n<script type=\"application\/ld+json\" class=\"yoast-schema-graph\">{\"@context\":\"https:\/\/schema.org\",\"@graph\":[{\"@type\":\"WebPage\",\"@id\":\"https:\/\/alirarealestate.com\/de\/developers\/emaar-properties\/\",\"url\":\"https:\/\/alirarealestate.com\/de\/developers\/emaar-properties\/\",\"name\":\"EMAAR Properties, Developer in Dubai, UAE - Alira\",\"isPartOf\":{\"@id\":\"https:\/\/alirarealestate.com\/de\/#website\"},\"datePublished\":\"2024-04-18T07:17:40+00:00\",\"dateModified\":\"2024-10-27T16:14:57+00:00\",\"description\":\"Information about the developer EMAAR Properties. \u2b50 The company's history and awards. \u2b50 Descriptions of properties. \u2b50 Photos and prices. \u27a4 Details on the website!\",\"breadcrumb\":{\"@id\":\"https:\/\/alirarealestate.com\/de\/developers\/emaar-properties\/#breadcrumb\"},\"inLanguage\":\"de\",\"potentialAction\":[{\"@type\":\"ReadAction\",\"target\":[\"https:\/\/alirarealestate.com\/de\/developers\/emaar-properties\/\"]}]},{\"@type\":\"BreadcrumbList\",\"@id\":\"https:\/\/alirarealestate.com\/de\/developers\/emaar-properties\/#breadcrumb\",\"itemListElement\":[{\"@type\":\"ListItem\",\"position\":1,\"name\":\"Home\",\"item\":\"https:\/\/alirarealestate.com\/\"},{\"@type\":\"ListItem\",\"position\":2,\"name\":\"Developers\",\"item\":\"https:\/\/alirarealestate.com\/developers\/\"},{\"@type\":\"ListItem\",\"position\":3,\"name\":\"Developer EMAAR Properties\"}]},{\"@type\":\"WebSite\",\"@id\":\"https:\/\/alirarealestate.com\/de\/#website\",\"url\":\"https:\/\/alirarealestate.com\/de\/\",\"name\":\"Alira Real Estate - Real estate in the UAE\",\"description\":\"\",\"potentialAction\":[{\"@type\":\"SearchAction\",\"target\":{\"@type\":\"EntryPoint\",\"urlTemplate\":\"https:\/\/alirarealestate.com\/de\/?s={search_term_string}\"},\"query-input\":{\"@type\":\"PropertyValueSpecification\",\"valueRequired\":true,\"valueName\":\"search_term_string\"}}],\"inLanguage\":\"de\"}]}<\/script>\n<!-- \/ Yoast SEO Premium plugin. -->","yoast_head_json":{"title":"EMAAR Properties, Developer in Dubai, UAE - Alira","description":"Information about the developer EMAAR Properties. \u2b50 The company's history and awards. \u2b50 Descriptions of properties. \u2b50 Photos and prices. \u27a4 Details on the website!","robots":{"index":"index","follow":"follow","max-snippet":"max-snippet:-1","max-image-preview":"max-image-preview:large","max-video-preview":"max-video-preview:-1"},"canonical":"https:\/\/alirarealestate.com\/de\/developers\/emaar-properties\/","og_locale":"de_DE","og_type":"article","og_title":"Developer EMAAR Properties","og_description":"Information about the developer EMAAR Properties. \u2b50 The company's history and awards. \u2b50 Descriptions of properties. \u2b50 Photos and prices. \u27a4 Details on the website!","og_url":"https:\/\/alirarealestate.com\/de\/developers\/emaar-properties\/","og_site_name":"Alira Real Estate - Real estate in the UAE","article_modified_time":"2024-10-27T16:14:57+00:00","twitter_card":"summary_large_image","twitter_misc":{"Gesch\u00e4tzte Lesezeit":"6\u00a0Minuten"},"schema":{"@context":"https:\/\/schema.org","@graph":[{"@type":"WebPage","@id":"https:\/\/alirarealestate.com\/de\/developers\/emaar-properties\/","url":"https:\/\/alirarealestate.com\/de\/developers\/emaar-properties\/","name":"EMAAR Properties, Developer in Dubai, UAE - Alira","isPartOf":{"@id":"https:\/\/alirarealestate.com\/de\/#website"},"datePublished":"2024-04-18T07:17:40+00:00","dateModified":"2024-10-27T16:14:57+00:00","description":"Information about the developer EMAAR Properties. \u2b50 The company's history and awards. \u2b50 Descriptions of properties. \u2b50 Photos and prices. \u27a4 Details on the website!","breadcrumb":{"@id":"https:\/\/alirarealestate.com\/de\/developers\/emaar-properties\/#breadcrumb"},"inLanguage":"de","potentialAction":[{"@type":"ReadAction","target":["https:\/\/alirarealestate.com\/de\/developers\/emaar-properties\/"]}]},{"@type":"BreadcrumbList","@id":"https:\/\/alirarealestate.com\/de\/developers\/emaar-properties\/#breadcrumb","itemListElement":[{"@type":"ListItem","position":1,"name":"Home","item":"https:\/\/alirarealestate.com\/"},{"@type":"ListItem","position":2,"name":"Developers","item":"https:\/\/alirarealestate.com\/developers\/"},{"@type":"ListItem","position":3,"name":"Developer EMAAR Properties"}]},{"@type":"WebSite","@id":"https:\/\/alirarealestate.com\/de\/#website","url":"https:\/\/alirarealestate.com\/de\/","name":"Alira Real Estate - Real estate in the UAE","description":"","potentialAction":[{"@type":"SearchAction","target":{"@type":"EntryPoint","urlTemplate":"https:\/\/alirarealestate.com\/de\/?s={search_term_string}"},"query-input":{"@type":"PropertyValueSpecification","valueRequired":true,"valueName":"search_term_string"}}],"inLanguage":"de"}]}},"_links":{"self":[{"href":"https:\/\/alirarealestate.com\/de\/wp-json\/wp\/v2\/pages\/4383"}],"collection":[{"href":"https:\/\/alirarealestate.com\/de\/wp-json\/wp\/v2\/pages"}],"about":[{"href":"https:\/\/alirarealestate.com\/de\/wp-json\/wp\/v2\/types\/page"}],"author":[{"embeddable":true,"href":"https:\/\/alirarealestate.com\/de\/wp-json\/wp\/v2\/users\/1"}],"replies":[{"embeddable":true,"href":"https:\/\/alirarealestate.com\/de\/wp-json\/wp\/v2\/comments?post=4383"}],"version-history":[{"count":2,"href":"https:\/\/alirarealestate.com\/de\/wp-json\/wp\/v2\/pages\/4383\/revisions"}],"predecessor-version":[{"id":5945,"href":"https:\/\/alirarealestate.com\/de\/wp-json\/wp\/v2\/pages\/4383\/revisions\/5945"}],"up":[{"embeddable":true,"href":"https:\/\/alirarealestate.com\/de\/wp-json\/wp\/v2\/pages\/4382"}],"wp:attachment":[{"href":"https:\/\/alirarealestate.com\/de\/wp-json\/wp\/v2\/media?parent=4383"}],"curies":[{"name":"wp","href":"https:\/\/api.w.org\/{rel}","templated":true}]}}