{"id":4382,"date":"2024-04-18T10:17:40","date_gmt":"2024-04-18T07:17:40","guid":{"rendered":"https:\/\/alirarealestate.com\/developers\/"},"modified":"2024-10-27T19:11:14","modified_gmt":"2024-10-27T16:11:14","slug":"developers","status":"publish","type":"page","link":"https:\/\/alirarealestate.com\/de\/developers\/","title":{"rendered":"Entwickler"},"content":{"rendered":"<section class=\"wpb-content-wrapper\"><div class=\"vc_row wpb_row vc_row-fluid vc_row\"><div class=\"wpb_column vc_column_container vc_col-sm-12 vc_column\"><div class=\"vc_column-inner\"><div class=\"wpb_wrapper\">\n\t<div class=\"wpb_text_column wpb_content_element  vc_column_text\" >\n\t\t<div class=\"wpb_wrapper\">\n\t\t\t<p style=\"text-align: left;\"><span style=\"font-weight: 400;\">Immobilien in Dubai sind f\u00fcr Investoren aus verschiedenen L\u00e4ndern der Welt von besonderem Interesse. Vor einigen Jahren waren Premium-Immobilien sehr gefragt, doch mittlerweile liegt der Fokus auf Mittelklassewohnungen. Nicht nur Gro\u00dfinvestoren, sondern auch diejenigen, die in einer der luxuri\u00f6sesten St\u00e4dte der VAE leben und arbeiten m\u00f6chten, investieren bevorzugt in solche Immobilien. Aufgrund der stabilen Nachfrage ziehen Entwickler schnell ausl\u00e4ndisches Kapital f\u00fcr neue Projekte an. Derzeit hat die Zahl seri\u00f6ser Unternehmen mit stabiler Finanzlage zugenommen. In Dubai sind jetzt 25 Entwickler mehr t\u00e4tig als im letzten Jahr.<\/span><\/p>\n<p>&nbsp;<\/p>\n<h2 style=\"text-align: left;\"><b>F\u00fchrende Entwickler in den VAE<\/b><\/h2>\n<p>&nbsp;<\/p>\n<p style=\"text-align: left;\"><span style=\"font-weight: 400;\">Emaar Properties nimmt eine f\u00fchrende Position im Bausektor ein. Das Unternehmen ist seit \u00fcber 30 Jahren im Gesch\u00e4ft und hat Immobilien entwickelt, die als Wahrzeichen Dubais gelten. Zu den ber\u00fchmtesten z\u00e4hlen der Fountain Park, die Dubai Mall und das Burj Khalifa.<\/span><\/p>\n<p>&nbsp;<\/p>\n<p style=\"text-align: left;\"><span style=\"font-weight: 400;\">Ein weiterer bemerkenswerter Entwickler ist DAMAC Properties, bekannt f\u00fcr seine Wohnkomplexe in den Gebieten Business Bay und DAMAC Hills. Derzeit besitzt das Unternehmen gro\u00dfe Grundst\u00fccke und baut neue Immobilien, darunter auch solche, die f\u00fcr Familien gedacht sind, die abseits des Trubels leben.<\/span><\/p>\n<p>&nbsp;<\/p>\n<p style=\"text-align: left;\"><span style=\"font-weight: 400;\">Den Anlegern ist auch Meraas ein Begriff: Das Unternehmen erhielt als erstes die Erlaubnis, an der K\u00fcste von Jumeirah Immobilien an Ausl\u00e4nder zu verkaufen, was zuvor gesetzlich verboten war.<\/span><\/p>\n<p>&nbsp;<\/p>\n<p style=\"text-align: left;\"><span style=\"font-weight: 400;\">Beim Kauf einer Immobilie empfiehlt Alira Real Estate, Bautr\u00e4ger wie die Boutique-Bautr\u00e4ger Ellington, Dubai Properties und Nakheel in Betracht zu ziehen, die f\u00fcr ihre Zuverl\u00e4ssigkeit, architektonische Eleganz und optimale Preisgestaltung bekannt sind.<\/span><\/p>\n<p>&nbsp;<\/p>\n<h2 style=\"text-align: left;\"><b>Einen Entwickler ausw\u00e4hlen<\/b><\/h2>\n<p>&nbsp;<\/p>\n<p style=\"text-align: left;\"><span style=\"font-weight: 400;\">Die Liste der Bautr\u00e4ger in den VAE umfasst 25 Unternehmen mit den gr\u00f6\u00dften Verm\u00f6gensvolumina. Sie zeichnen sich durch einen tadellosen Ruf und Zuverl\u00e4ssigkeit aus. Um ein Unternehmen auszuw\u00e4hlen, m\u00fcssen verschiedene Faktoren analysiert werden, wie etwa die Historie abgeschlossener Projekte, die Anzahl der laufenden Projekte, die Anzahl der Eigent\u00fcmer und die Verteilung der Anteile unter ihnen. Alira Real Estate kann bei der Auswahl einer Immobilie erhebliche Hilfe leisten und aktuelle Informationen und Ratschl\u00e4ge dazu anbieten, welche Bautr\u00e4ger in den VAE Immobilien zum Verkauf anbieten.<\/span><\/p>\n<p>&nbsp;<\/p>\n<h2 style=\"text-align: left;\"><b>Zusammenarbeit mit Alira Real Estate<\/b><\/h2>\n<p>&nbsp;<\/p>\n<p style=\"text-align: left;\"><span style=\"font-weight: 400;\">Investieren in <\/span><a href=\"https:\/\/alirarealestate.com\/de\/catalog\/buy\/\"><span style=\"font-weight: 400;\">Immobilien in den VAE <\/span><\/a><span style=\"font-weight: 400;\">ist eine der vielversprechendsten M\u00f6glichkeiten. Viele Ausl\u00e4nder kommen nach Dubai, um die besten Wohnm\u00f6glichkeiten zu finden oder sich ein stabiles Einkommen zu sichern. Um die richtige Wahl zu treffen, sollten Sie sich informieren, welche beliebten Bautr\u00e4ger in den VAE Projekte abgeschlossen haben und Wohnungen, Appartements und Studios zum Verkauf anbieten. Die Spezialisten von Alira Real Estate k\u00f6nnen Ihnen dabei helfen. Mit einem personalisierten Ansatz kann jeder Kunde schnell die am besten geeignete Option finden. Wenn Sie eine fachkundige Beratung ben\u00f6tigen, kontaktieren Sie uns unter <a href=\"tel: 971588337\">+971 (588) 337<\/a> oder <a href=\"tel: 79869277377\">+7 (986) 927-73-77.<\/a>, oder schreiben Sie uns eine E-Mail an <a class=\"mail\" href=\"mailto:info@alirarealestate.com\">info@alirarealestate.com<\/a>.<\/span><\/p>\n\n\t\t<\/div>\n\t<\/div>\n<\/div><\/div><\/div><\/div>\n<\/section>","protected":false},"excerpt":{"rendered":"Immobilien in Dubai sind f\u00fcr Investoren aus aller Welt von besonderem Interesse. Waren vor einigen Jahren noch Premiumimmobilien gefragt, liegt der Fokus mittlerweile auf Mittelklassewohnungen. Nicht nur Gro\u00dfinvestoren, sondern auch diejenigen, die in einer der luxuri\u00f6sesten St\u00e4dte der VAE leben und arbeiten m\u00f6chten, investieren bevorzugt in solche Immobilien. Aufgrund der stabilen Nachfrage ...","protected":false},"author":1,"featured_media":0,"parent":0,"menu_order":0,"comment_status":"closed","ping_status":"closed","template":"advanced_search_results.php","meta":{"inline_featured_image":false,"_glsr_average":0,"_glsr_ranking":0,"_glsr_reviews":0,"footnotes":""},"class_list":["post-4382","page","type-page","status-publish","hentry"],"yoast_head":"<!-- This site is optimized with the Yoast SEO Premium plugin v25.1 (Yoast SEO v25.6) - https:\/\/yoast.com\/wordpress\/plugins\/seo\/ -->\n<title>Developers - Alira Real Estate - Real estate in the UAE<\/title>\n<meta name=\"robots\" content=\"index, follow, max-snippet:-1, max-image-preview:large, max-video-preview:-1\" \/>\n<link rel=\"canonical\" href=\"https:\/\/alirarealestate.com\/de\/developers\/\" \/>\n<meta property=\"og:locale\" content=\"de_DE\" \/>\n<meta property=\"og:type\" content=\"article\" \/>\n<meta property=\"og:title\" content=\"Developers\" \/>\n<meta property=\"og:url\" content=\"https:\/\/alirarealestate.com\/de\/developers\/\" \/>\n<meta property=\"og:site_name\" content=\"Alira Real Estate - Real estate in the UAE\" \/>\n<meta property=\"article:modified_time\" content=\"2024-10-27T16:11:14+00:00\" \/>\n<meta name=\"twitter:card\" content=\"summary_large_image\" \/>\n<meta name=\"twitter:label1\" content=\"Gesch\u00e4tzte Lesezeit\" \/>\n\t<meta name=\"twitter:data1\" content=\"2\u00a0Minuten\" \/>\n<script type=\"application\/ld+json\" class=\"yoast-schema-graph\">{\"@context\":\"https:\/\/schema.org\",\"@graph\":[{\"@type\":\"WebPage\",\"@id\":\"https:\/\/alirarealestate.com\/de\/developers\/\",\"url\":\"https:\/\/alirarealestate.com\/de\/developers\/\",\"name\":\"Developers - Alira Real Estate - Real estate in the UAE\",\"isPartOf\":{\"@id\":\"https:\/\/alirarealestate.com\/de\/#website\"},\"datePublished\":\"2024-04-18T07:17:40+00:00\",\"dateModified\":\"2024-10-27T16:11:14+00:00\",\"breadcrumb\":{\"@id\":\"https:\/\/alirarealestate.com\/de\/developers\/#breadcrumb\"},\"inLanguage\":\"de\",\"potentialAction\":[{\"@type\":\"ReadAction\",\"target\":[\"https:\/\/alirarealestate.com\/de\/developers\/\"]}]},{\"@type\":\"BreadcrumbList\",\"@id\":\"https:\/\/alirarealestate.com\/de\/developers\/#breadcrumb\",\"itemListElement\":[{\"@type\":\"ListItem\",\"position\":1,\"name\":\"Home\",\"item\":\"https:\/\/alirarealestate.com\/\"},{\"@type\":\"ListItem\",\"position\":2,\"name\":\"Developers\"}]},{\"@type\":\"WebSite\",\"@id\":\"https:\/\/alirarealestate.com\/de\/#website\",\"url\":\"https:\/\/alirarealestate.com\/de\/\",\"name\":\"Alira Real Estate - Real estate in the UAE\",\"description\":\"\",\"potentialAction\":[{\"@type\":\"SearchAction\",\"target\":{\"@type\":\"EntryPoint\",\"urlTemplate\":\"https:\/\/alirarealestate.com\/de\/?s={search_term_string}\"},\"query-input\":{\"@type\":\"PropertyValueSpecification\",\"valueRequired\":true,\"valueName\":\"search_term_string\"}}],\"inLanguage\":\"de\"}]}<\/script>\n<!-- \/ Yoast SEO Premium plugin. -->","yoast_head_json":{"title":"Developers - Alira Real Estate - Real estate in the UAE","robots":{"index":"index","follow":"follow","max-snippet":"max-snippet:-1","max-image-preview":"max-image-preview:large","max-video-preview":"max-video-preview:-1"},"canonical":"https:\/\/alirarealestate.com\/de\/developers\/","og_locale":"de_DE","og_type":"article","og_title":"Developers","og_url":"https:\/\/alirarealestate.com\/de\/developers\/","og_site_name":"Alira Real Estate - Real estate in the UAE","article_modified_time":"2024-10-27T16:11:14+00:00","twitter_card":"summary_large_image","twitter_misc":{"Gesch\u00e4tzte Lesezeit":"2\u00a0Minuten"},"schema":{"@context":"https:\/\/schema.org","@graph":[{"@type":"WebPage","@id":"https:\/\/alirarealestate.com\/de\/developers\/","url":"https:\/\/alirarealestate.com\/de\/developers\/","name":"Developers - Alira Real Estate - Real estate in the UAE","isPartOf":{"@id":"https:\/\/alirarealestate.com\/de\/#website"},"datePublished":"2024-04-18T07:17:40+00:00","dateModified":"2024-10-27T16:11:14+00:00","breadcrumb":{"@id":"https:\/\/alirarealestate.com\/de\/developers\/#breadcrumb"},"inLanguage":"de","potentialAction":[{"@type":"ReadAction","target":["https:\/\/alirarealestate.com\/de\/developers\/"]}]},{"@type":"BreadcrumbList","@id":"https:\/\/alirarealestate.com\/de\/developers\/#breadcrumb","itemListElement":[{"@type":"ListItem","position":1,"name":"Home","item":"https:\/\/alirarealestate.com\/"},{"@type":"ListItem","position":2,"name":"Developers"}]},{"@type":"WebSite","@id":"https:\/\/alirarealestate.com\/de\/#website","url":"https:\/\/alirarealestate.com\/de\/","name":"Alira Real Estate - Real estate in the UAE","description":"","potentialAction":[{"@type":"SearchAction","target":{"@type":"EntryPoint","urlTemplate":"https:\/\/alirarealestate.com\/de\/?s={search_term_string}"},"query-input":{"@type":"PropertyValueSpecification","valueRequired":true,"valueName":"search_term_string"}}],"inLanguage":"de"}]}},"_links":{"self":[{"href":"https:\/\/alirarealestate.com\/de\/wp-json\/wp\/v2\/pages\/4382"}],"collection":[{"href":"https:\/\/alirarealestate.com\/de\/wp-json\/wp\/v2\/pages"}],"about":[{"href":"https:\/\/alirarealestate.com\/de\/wp-json\/wp\/v2\/types\/page"}],"author":[{"embeddable":true,"href":"https:\/\/alirarealestate.com\/de\/wp-json\/wp\/v2\/users\/1"}],"replies":[{"embeddable":true,"href":"https:\/\/alirarealestate.com\/de\/wp-json\/wp\/v2\/comments?post=4382"}],"version-history":[{"count":2,"href":"https:\/\/alirarealestate.com\/de\/wp-json\/wp\/v2\/pages\/4382\/revisions"}],"predecessor-version":[{"id":5942,"href":"https:\/\/alirarealestate.com\/de\/wp-json\/wp\/v2\/pages\/4382\/revisions\/5942"}],"wp:attachment":[{"href":"https:\/\/alirarealestate.com\/de\/wp-json\/wp\/v2\/media?parent=4382"}],"curies":[{"name":"wp","href":"https:\/\/api.w.org\/{rel}","templated":true}]}}