{"id":4371,"date":"2024-04-18T10:17:40","date_gmt":"2024-04-18T07:17:40","guid":{"rendered":"https:\/\/alirarealestate.com\/catalog\/buy\/dubai\/jumeirah-lake-towers\/"},"modified":"2024-10-27T18:17:09","modified_gmt":"2024-10-27T15:17:09","slug":"jumeirah-lake-towers","status":"publish","type":"page","link":"https:\/\/alirarealestate.com\/de\/catalog\/buy\/dubai\/jumeirah-lake-towers\/","title":{"rendered":"Immobilien zum Verkauf in Jumeirah Lake Towers"},"content":{"rendered":"<section class=\"wpb-content-wrapper\"><div class=\"vc_row wpb_row vc_row-fluid vc_row\"><div class=\"wpb_column vc_column_container vc_col-sm-12 vc_column\"><div class=\"vc_column-inner\"><div class=\"wpb_wrapper\">\n\t<div class=\"wpb_text_column wpb_content_element  vc_column_text\" >\n\t\t<div class=\"wpb_wrapper\">\n\t\t\t<p style=\"text-align: left;\"><span style=\"font-weight: 400;\">Jumeirah Lake Towers ist ein moderner Stadtteil in Dubai, der um drei k\u00fcnstliche Seen herum gebaut wurde. Die malerischen Seeufer beherbergen 26 Cluster mit 87 Hochh\u00e4usern. Das Gebiet vereint Wohn- und Gewerbegebiete. Wer eine Immobilie in Jumeirah Lake Towers, Dubai, kaufen m\u00f6chte, kann eine gut ausgebaute Infrastruktur und einen malerischen \u00f6ffentlichen Park mit einer Fl\u00e4che von etwa 55.000 Quadratmetern genie\u00dfen, der Sportanlagen, Joggingstrecken und ein Freiluftkino bietet. Der Katalog von Alira bietet eine gro\u00dfe Auswahl an Immobilien in JLT. Die Mitarbeiter unserer Agentur helfen Ihnen bei der Auswahl der besten Optionen und bieten Ihnen in allen Phasen der Kauf-\/Verkaufstransaktion qualifizierte Unterst\u00fctzung.<\/span><\/p>\n<p>&nbsp;<\/p>\n<h2 style=\"text-align: left;\"><b>Vorteile des Immobilienkaufs in Jumeirah Lake Towers<\/b><\/h2>\n<p>&nbsp;<\/p>\n<p style=\"text-align: left;\"><span style=\"font-weight: 400;\">H\u00e4user und Wohnungen in den Jumeirah Lake Towers sind prestigetr\u00e4chtige Immobilien in einem lebendigen Viertel in der N\u00e4he der Innenstadt von Dubai. Zu den wichtigsten Vorteilen des Kaufs von Wohnimmobilien in dieser Gegend geh\u00f6ren:<\/span><\/p>\n<p>&nbsp;<\/p>\n<ul style=\"text-align: left;\">\n<li style=\"font-weight: 400;\" aria-level=\"1\"><b>Hauptsitz:<\/b><span style=\"font-weight: 400;\"> Der Bezirk erstreckt sich entlang einer der Hauptverkehrsstra\u00dfen Dubais, der Sheikh Zayed Road, und erm\u00f6glicht den Bewohnern eine bequeme Anbindung an alle Teile der Stadt oder an den Flughafen.<\/span><\/li>\n<li style=\"font-weight: 400;\" aria-level=\"1\"><b>Gut ausgebaute Infrastruktur:<\/b><span style=\"font-weight: 400;\"> Die Gemeinde verf\u00fcgt \u00fcber zahlreiche soziale Einrichtungen (Gesch\u00e4fte, Kliniken, Kinderg\u00e4rten usw.). Dar\u00fcber hinaus k\u00f6nnen die Bewohner die Infrastruktur der nahegelegenen Dubai Marina nutzen, die zu Fu\u00df erreichbar ist.<\/span><\/li>\n<li style=\"font-weight: 400;\" aria-level=\"1\"><b>Gesunde Umgebung:<\/b><span style=\"font-weight: 400;\"> Die Seen und der gro\u00dfe Park reinigen die Luft wirksam von Abgasen und machen den Bezirk zu einem hervorragenden Ort f\u00fcr Familien mit Kindern.<\/span><\/li>\n<li style=\"font-weight: 400;\" aria-level=\"1\"><b>Gro\u00dfe Vielfalt an Eigenschaften:<\/b><span style=\"font-weight: 400;\"> Zum Verkauf stehen gro\u00dfz\u00fcgige Wohnungen und kompakte Studios.<\/span><\/li>\n<li style=\"font-weight: 400;\" aria-level=\"1\"><b>Investitionsappell:<\/b><span style=\"font-weight: 400;\"> Aufgrund seiner N\u00e4he zu den zentralen Bezirken Dubais ist JLT bei Investoren beliebt. Sowohl beim Wiederverkauf als auch bei der Vermietung von Immobilien lassen sich lukrative Ertr\u00e4ge erzielen.<\/span><\/li>\n<li style=\"font-weight: 400;\" aria-level=\"1\"><b>Bezahlbare Wohnungspreise:<\/b><span style=\"font-weight: 400;\"> Die Kosten f\u00fcr den Kauf und die Miete von Immobilien in JLT sind niedriger als im benachbarten Gebiet Dubai Marina.<\/span><\/li>\n<\/ul>\n<h4><\/h4>\n<h2 style=\"text-align: left;\"><b>Infrastruktur der Gegend<\/b><\/h2>\n<p>&nbsp;<\/p>\n<p style=\"text-align: left;\"><span style=\"font-weight: 400;\">Der Kauf einer Immobilie in den Jumeirah Lake Towers bedeutet, sich in einem komfortablen Viertel mit gut ausgebauter Infrastruktur niederzulassen. Die Gemeinde verf\u00fcgt \u00fcber mehrere Superm\u00e4rkte, viele Lebensmittelgesch\u00e4fte und 24-Stunden-Gesch\u00e4fte. Bei Bedarf k\u00f6nnen die Bewohner die Dubai Marina Mall besuchen, eines der gr\u00f6\u00dften Einkaufszentren Dubais, das 15 bis 20 Gehminuten entfernt liegt.<\/span><\/p>\n<p>&nbsp;<\/p>\n<p style=\"text-align: left;\"><span style=\"font-weight: 400;\">Medizinische Versorgung wird von zahlreichen Kliniken und Fach\u00e4rzten mit unterschiedlichem Profil geboten. Der Bezirk verf\u00fcgt \u00fcber Zahnkliniken, medizinische Zentren und Arztpraxen wie die Aster Clinic und das Armada Medical Centre. Gr\u00f6\u00dfere Krankenh\u00e4user sind 15 Autominuten entfernt.<\/span><\/p>\n<p>&nbsp;<\/p>\n<p style=\"text-align: left;\"><span style=\"font-weight: 400;\">Der Bildungssektor umfasst 10 Kinderg\u00e4rten. Kinder k\u00f6nnen au\u00dferdem eine Musikschule besuchen oder in der Sportschule Fit Boys Gym Boxen \u00fcben. Die n\u00e4chstgelegenen \u00f6ffentlichen Schulen befinden sich in Dubai Marina.<\/span><\/p>\n<p>&nbsp;<\/p>\n<p style=\"text-align: left;\"><span style=\"font-weight: 400;\">Die meisten Wohnkomplexe in JLT verf\u00fcgen \u00fcber eigene Fitnessstudios und Schwimmb\u00e4der. Im \u00f6ffentlichen Park stehen zus\u00e4tzliche Sportanlagen zur Verf\u00fcgung, darunter Joggingstrecken, Verleihstationen f\u00fcr Elektroroller und Sportpl\u00e4tze.<\/span><\/p>\n<p>&nbsp;<\/p>\n<p style=\"text-align: left;\"><span style=\"font-weight: 400;\">Die Abende kann man angenehm in Caf\u00e9s oder Restaurants an den Seen verbringen, die eine gro\u00dfe Auswahl an Gourmetgerichten anbieten. Jeder Einwohner kann ein gastronomisches Lokal nach seinem Geschmack finden.<\/span><\/p>\n<p>&nbsp;<\/p>\n<p style=\"text-align: left;\"><span style=\"font-weight: 400;\">Dank der gut ausgebauten Verkehrsinfrastruktur k\u00f6nnen sich die Bewohner problemlos in der Stadt fortbewegen. Die Ausfahrten vom Bezirk zur Sheikh Zayed Road erfolgen \u00fcber Verkehrsknotenpunkte innerhalb der Gemeinde. Mit dem Privatwagen oder Taxi dauert es etwa 40 Minuten, um den internationalen Flughafen Dubai zu erreichen.<\/span><\/p>\n<p>&nbsp;<\/p>\n<p style=\"text-align: left;\"><span style=\"font-weight: 400;\">Der \u00f6ffentliche Nahverkehr ist regelm\u00e4\u00dfig und effizient. Die Cluster verf\u00fcgen \u00fcber 11 Bushaltestellen und eines der Viertel verf\u00fcgt \u00fcber eine Stra\u00dfenbahnhaltestelle. Die Linie der Dubai Metro verl\u00e4uft entlang der Sheikh Zayed Road. JLT-Bewohner haben Zugang zu den U-Bahn-Stationen DMCC und Sobha Realty, die von jedem der Wolkenkratzer 5-10 Gehminuten entfernt sind.<\/span><\/p>\n<h3><\/h3>\n<h2 style=\"text-align: left;\"><b>Arten von<\/b><b> Immobilien zum Verkauf in Jumeirah Lake Towers<\/b><\/h2>\n<p>&nbsp;<\/p>\n<p style=\"text-align: left;\"><span style=\"font-weight: 400;\">Jumeirah Lake Towers (JLT) ist eine Hochhaussiedlung in Dubai ohne Privatsektor, Premium-Villen oder Stadth\u00e4user. Die vorherrschenden verf\u00fcgbaren Immobilientypen sind:<\/span><\/p>\n<p>&nbsp;<\/p>\n<ul style=\"text-align: left;\">\n<li style=\"font-weight: 400;\" aria-level=\"1\"><b>Studios:<\/b><span style=\"font-weight: 400;\"> Kompakte Einheiten, bei denen die K\u00fcche in das Schlafzimmer integriert ist. Sie sind bei jungen Berufst\u00e4tigen und Singles sehr beliebt und bieten den Eigent\u00fcmern die h\u00f6chsten Mietrenditen.<\/span><\/li>\n<li style=\"font-weight: 400;\" aria-level=\"1\"><b>Apartments mit 1 bis 4 Schlafzimmern:<\/b><span style=\"font-weight: 400;\"> Dies ist die h\u00e4ufigste und vielf\u00e4ltigste Art von Wohnraum. Die Wohnungen zeichnen sich durch effiziente Grundrisse und durchdachte Designs aus, was sie sowohl zum Wohnen als auch als Investition f\u00fcr Mieteinnahmen attraktiv macht.<\/span><\/li>\n<li style=\"font-weight: 400;\" aria-level=\"1\"><b>Penth\u00e4user:<\/b><span style=\"font-weight: 400;\"> Luxuri\u00f6se Residenzen mit 3-4 Schlafzimmern in den oberen Stockwerken von Wolkenkratzern. Sie werden den K\u00e4ufern mit erstklassiger Ausstattung, ger\u00e4umigen offenen Terrassen und manchmal privatem Zugang zu einem Dach \u00fcbergeben. Eine Besonderheit von Penthouses ist die M\u00f6glichkeit, einen atemberaubenden Panoramablick auf den Persischen Golf zu genie\u00dfen.<\/span><\/li>\n<\/ul>\n<h3><\/h3>\n<h2 style=\"text-align: left;\"><b>Immobilienpreise in JLT<\/b><\/h2>\n<p>&nbsp;<\/p>\n<p style=\"text-align: left;\"><span style=\"font-weight: 400;\">JLT bietet sowohl erschwingliche als auch Elite-Apartments mit erstklassiger Ausstattung und einer umfassenden Palette an Annehmlichkeiten. Die Immobilienpreise in den Jumeirah Lake Towers h\u00e4ngen von verschiedenen Faktoren ab, darunter der Art der Wohnung, der Gegend und dem Ausstattungsniveau des Wohnkomplexes. Dar\u00fcber hinaus k\u00f6nnen die Qualit\u00e4t der Innenausstattung und des Grundrisses den Preis beeinflussen.<\/span><\/p>\n<p>&nbsp;<\/p>\n<p style=\"text-align: left;\"><span style=\"font-weight: 400;\">Durchschnittspreise f\u00fcr Wohnimmobilien in JLT:<\/span><\/p>\n<p>&nbsp;<\/p>\n<ul style=\"text-align: left;\">\n<li style=\"font-weight: 400;\" aria-level=\"1\"><span style=\"font-weight: 400;\">Studio \u2013 ca. 685.000 AED<\/span><\/li>\n<li style=\"font-weight: 400;\" aria-level=\"1\"><span style=\"font-weight: 400;\">Ein-Zimmer-Wohnung \u2013 1,2 Millionen AED<\/span><\/li>\n<li style=\"font-weight: 400;\" aria-level=\"1\"><span style=\"font-weight: 400;\">Zwei-Zimmer-Wohnung \u2013 ab 1,8 Millionen AED<\/span><\/li>\n<li style=\"font-weight: 400;\" aria-level=\"1\"><span style=\"font-weight: 400;\">Drei-Zimmer-Wohnung \u2013 2,5 Millionen AED<\/span><\/li>\n<li style=\"font-weight: 400;\" aria-level=\"1\"><span style=\"font-weight: 400;\">Residenz mit vier Schlafzimmern \u2013 3,8 Millionen AED<\/span><\/li>\n<\/ul>\n<p>&nbsp;<\/p>\n<p style=\"text-align: left;\"><span style=\"font-weight: 400;\">In der Bauphase sind g\u00fcnstigere Optionen verf\u00fcgbar. Nach der Fertigstellung steigen die Werte von Wohnungen in Neubauten in der Regel um 20-30%, was sie zu einer beliebten Wahl f\u00fcr Investoren macht, die nach Wiederverkaufsm\u00f6glichkeiten suchen. W\u00e4hrend der Gro\u00dfteil des Bezirks bereits bebaut ist, befinden sich im westlichen Teil noch einige Wohnkomplexe im Bau. Dar\u00fcber hinaus ist in der N\u00e4he ein neues Projekt, Uptown Dubai, geplant, das futuristische Wolkenkratzer mit komfortablen Wohnungen umfasst.<\/span><\/p>\n<h3><\/h3>\n<h2 style=\"text-align: left;\"><b>Lebensstil im Bezirk<\/b><\/h2>\n<p>&nbsp;<\/p>\n<p style=\"text-align: left;\"><span style=\"font-weight: 400;\">Urspr\u00fcnglich war der Bereich als Gewerbegebiet geplant, doch die rasante Entwicklung der benachbarten Dubai Marina f\u00fchrte zu einer Verlagerung hin zu Wohnimmobilien mit einem Schwerpunkt auf Erholungszonen.<\/span><\/p>\n<p>&nbsp;<\/p>\n<p style=\"text-align: left;\"><span style=\"font-weight: 400;\">Alle 26 Cluster des JLT liegen an den Seeufern, sind nach Buchstaben des lateinischen Alphabets benannt und bestehen aus mehreren Wolkenkratzern. Das Gebiet verf\u00fcgt \u00fcber Parkpl\u00e4tze, Gesch\u00e4fte und andere Infrastruktureinrichtungen. Die Seeufer verf\u00fcgen \u00fcber Promenaden, auf denen die Bewohner gerne spazieren gehen und sich mit den Nachbarn unterhalten.<\/span><\/p>\n<p>&nbsp;<\/p>\n<p style=\"text-align: left;\"><span style=\"font-weight: 400;\">Ein malerischer Park erstreckt sich durch das Zentrum des Bezirks und bietet umfangreiche Sport-, Erholungs- und Kinderspielm\u00f6glichkeiten. Er umfasst einen Fu\u00dfballplatz, Fitnessger\u00e4te im Freien und einen Basketballplatz. Die zentrale Rasenfl\u00e4che des Parks wird f\u00fcr kulturelle Veranstaltungen genutzt.<\/span><\/p>\n<p>&nbsp;<\/p>\n<p style=\"text-align: left;\"><span style=\"font-weight: 400;\">JLT ist ideal f\u00fcr Familien mit Kindern, da es in fast jedem Cluster Kinderg\u00e4rten, Entwicklungszentren, Spielzimmer und andere Kinderbetreuungsangebote gibt. Die n\u00e4chsten \u00f6ffentlichen Schulen liegen etwa 15 Autominuten entfernt in benachbarten Bezirken.<\/span><\/p>\n<p>&nbsp;<\/p>\n<p style=\"text-align: left;\"><span style=\"font-weight: 400;\">Haustiere sind bei JLT erlaubt und es gibt neben dem gro\u00dfen \u00f6ffentlichen Park auch einen kleinen Park, der zum Gassigehen mit dem Hund vorgesehen ist.<\/span><\/p>\n<h3><\/h3>\n<h2 style=\"text-align: left;\"><b>Immobilieninvestition<\/b><\/h2>\n<p>&nbsp;<\/p>\n<p style=\"text-align: left;\"><span style=\"font-weight: 400;\">Der gr\u00f6\u00dfte Investitionsvorteil von JLT ist seine g\u00fcnstige Lage in der N\u00e4he renommierter Viertel wie Business Bay, Dubai Marina und Jumeirah. In Verbindung mit der hervorragenden Verkehrsanbindung ist es ein beliebtes Gebiet f\u00fcr den Kauf von Immobilien zum Weiterverkauf oder zur Vermietung.<\/span><\/p>\n<p>&nbsp;<\/p>\n<p style=\"text-align: left;\"><span style=\"font-weight: 400;\">Wichtig ist, dass JLT eine Freihandelszone ist, die g\u00fcnstige Bedingungen f\u00fcr die Unternehmensregistrierung bietet. \u00dcber 21.000 Unternehmen sind hier registriert und ziehen Unternehmer, junge Berufst\u00e4tige und B\u00fcroangestellte an, die in der N\u00e4he eine Wohnung mieten m\u00f6chten.<\/span><\/p>\n<p>&nbsp;<\/p>\n<p style=\"text-align: left;\"><span style=\"font-weight: 400;\">Durchschnittliche Anlagerendite in JLT:<\/span><\/p>\n<p>&nbsp;<\/p>\n<ul style=\"text-align: left;\">\n<li style=\"font-weight: 400;\" aria-level=\"1\"><span style=\"font-weight: 400;\">Studio \u2013 bis zu 7.86%<\/span><\/li>\n<li style=\"font-weight: 400;\" aria-level=\"1\"><span style=\"font-weight: 400;\">Ein-Zimmer-Wohnung \u2013 \u00fcber 7.1%<\/span><\/li>\n<li style=\"font-weight: 400;\" aria-level=\"1\"><span style=\"font-weight: 400;\">Zwei-Zimmer-Wohnung \u2013 6.88%<\/span><\/li>\n<li style=\"font-weight: 400;\" aria-level=\"1\"><span style=\"font-weight: 400;\">Drei-Zimmer-Wohnung \u2013 6.91%<\/span><\/li>\n<\/ul>\n<p style=\"text-align: left;\"><span style=\"font-weight: 400;\">Mieteinnahmen sind in den VAE steuerfrei, sodass Immobilienbesitzer ihr Einkommen legal erzielen k\u00f6nnen.<\/span><\/p>\n<p>&nbsp;<\/p>\n<h2 style=\"text-align: left;\"><b>Vorteile einer Partnerschaft mit Alira Real Estate<\/b><\/h2>\n<p>&nbsp;<\/p>\n<p style=\"text-align: left;\"><span style=\"font-weight: 400;\">Alira unterst\u00fctzt Sie gerne beim Immobilienkauf in den Jumeirah Lake Towers als Investition oder als Dauerwohnsitz. Gr\u00fcnde f\u00fcr eine Zusammenarbeit mit uns:<\/span><\/p>\n<p>&nbsp;<\/p>\n<ul style=\"text-align: left;\">\n<li style=\"font-weight: 400;\" aria-level=\"1\"><b>Professionelle Agentur:<\/b><span style=\"font-weight: 400;\"> Kompetent und erfahren auf dem Immobilienmarkt der VAE.<\/span><\/li>\n<li style=\"font-weight: 400;\" aria-level=\"1\"><b>Umfassende Leistungen:<\/b><span style=\"font-weight: 400;\"> Von der Auswahl und dem Kauf einer Immobilie \u00fcber die Organisation des Verkaufs bis hin zur Mietersuche oder der Verwaltung von Wohn- und Gewerbeimmobilien.<\/span><\/li>\n<li style=\"font-weight: 400;\" aria-level=\"1\"><b>Garantierte Vertraulichkeit:<\/b><span style=\"font-weight: 400;\"> Alle Kundeninformationen werden vertraulich behandelt.<\/span><\/li>\n<li style=\"font-weight: 400;\" aria-level=\"1\"><b>Verantwortungsvoller Ansatz:<\/b><span style=\"font-weight: 400;\"> Flexible Interaktion zur Auswahl von Immobilien, die auf die individuellen Bed\u00fcrfnisse des K\u00e4ufers zugeschnitten sind.<\/span><\/li>\n<li style=\"font-weight: 400;\" aria-level=\"1\"><b>Gro\u00dfe Auswahl an Immobilien:<\/b><span style=\"font-weight: 400;\"> Schnelle Suche durch durchdachte Filterkriterien.<\/span><\/li>\n<\/ul>\n<p>&nbsp;<\/p>\n<p style=\"text-align: left;\"><span style=\"font-weight: 400;\">F\u00fcr weitere Informationen kontaktieren Sie uns per E-Mail unter <a class=\"mail\" href=\"mailto:info@alirarealestate.com\">info@alirarealestate.com<\/a> oder telefonisch unter <a href=\"tel: 971588337\">+971 (588) 337<\/a>, <a href=\"tel: 79869277377\">+7 (986) 927-73-77.<\/a>. Unsere Spezialisten informieren Sie \u00fcber Immobilienpreise in Jumeirah Lakes Towers, Dubai, unterst\u00fctzen Sie bei Transaktionen und bieten auf Anfrage hochwertige After-Sales-Services. Kontaktieren Sie uns, wann es Ihnen passt, um sicher und gewinnbringend eine Immobilie in Jumeirah Lake Towers zu kaufen, die Ihren Anforderungen entspricht!<\/span><\/p>\n\n\t\t<\/div>\n\t<\/div>\n<\/div><\/div><\/div><\/div>\n<\/section>","protected":false},"excerpt":{"rendered":"Jumeirah Lake Towers ist ein modernes Viertel in Dubai, das um drei k\u00fcnstliche Seen herum angelegt wurde. Die malerischen Ufer beherbergen 26 Cluster mit insgesamt 87 Hochh\u00e4usern. Das Gebiet vereint Wohn- und Gewerbegebiete. Immobilienk\u00e4ufer in den Jumeirah Lake Towers in Dubai profitieren von einer gut ausgebauten Infrastruktur und einem malerischen \u00f6ffentlichen Park mit rund 55.000 Quadratmetern Fl\u00e4che, der Sportanlagen, Joggingstrecken und einen Freiluftbereich bietet.","protected":false},"author":1,"featured_media":0,"parent":4295,"menu_order":0,"comment_status":"closed","ping_status":"closed","template":"advanced_search_results.php","meta":{"inline_featured_image":false,"_glsr_average":0,"_glsr_ranking":0,"_glsr_reviews":0,"footnotes":""},"class_list":["post-4371","page","type-page","status-publish","hentry"],"yoast_head":"<!-- This site is optimized with the Yoast SEO Premium plugin v25.1 (Yoast SEO v25.6) - https:\/\/yoast.com\/wordpress\/plugins\/seo\/ -->\n<title>Properties for Sale in Jumeirah Lake Towers - Alira Real Estate - Real estate in the UAE<\/title>\n<meta name=\"robots\" content=\"index, follow, max-snippet:-1, max-image-preview:large, max-video-preview:-1\" \/>\n<link rel=\"canonical\" href=\"https:\/\/alirarealestate.com\/de\/catalog\/buy\/dubai\/jumeirah-lake-towers\/\" \/>\n<meta property=\"og:locale\" content=\"de_DE\" \/>\n<meta property=\"og:type\" content=\"article\" \/>\n<meta property=\"og:title\" content=\"Properties for Sale in Jumeirah Lake Towers\" \/>\n<meta property=\"og:url\" content=\"https:\/\/alirarealestate.com\/de\/catalog\/buy\/dubai\/jumeirah-lake-towers\/\" \/>\n<meta property=\"og:site_name\" content=\"Alira Real Estate - Real estate in the UAE\" \/>\n<meta property=\"article:modified_time\" content=\"2024-10-27T15:17:09+00:00\" \/>\n<meta name=\"twitter:card\" content=\"summary_large_image\" \/>\n<meta name=\"twitter:label1\" content=\"Gesch\u00e4tzte Lesezeit\" \/>\n\t<meta name=\"twitter:data1\" content=\"6\u00a0Minuten\" \/>\n<script type=\"application\/ld+json\" class=\"yoast-schema-graph\">{\"@context\":\"https:\/\/schema.org\",\"@graph\":[{\"@type\":\"WebPage\",\"@id\":\"https:\/\/alirarealestate.com\/de\/catalog\/buy\/dubai\/jumeirah-lake-towers\/\",\"url\":\"https:\/\/alirarealestate.com\/de\/catalog\/buy\/dubai\/jumeirah-lake-towers\/\",\"name\":\"Properties for Sale in Jumeirah Lake Towers - Alira Real Estate - Real estate in the UAE\",\"isPartOf\":{\"@id\":\"https:\/\/alirarealestate.com\/de\/#website\"},\"datePublished\":\"2024-04-18T07:17:40+00:00\",\"dateModified\":\"2024-10-27T15:17:09+00:00\",\"breadcrumb\":{\"@id\":\"https:\/\/alirarealestate.com\/de\/catalog\/buy\/dubai\/jumeirah-lake-towers\/#breadcrumb\"},\"inLanguage\":\"de\",\"potentialAction\":[{\"@type\":\"ReadAction\",\"target\":[\"https:\/\/alirarealestate.com\/de\/catalog\/buy\/dubai\/jumeirah-lake-towers\/\"]}]},{\"@type\":\"BreadcrumbList\",\"@id\":\"https:\/\/alirarealestate.com\/de\/catalog\/buy\/dubai\/jumeirah-lake-towers\/#breadcrumb\",\"itemListElement\":[{\"@type\":\"ListItem\",\"position\":1,\"name\":\"Home\",\"item\":\"https:\/\/alirarealestate.com\/\"},{\"@type\":\"ListItem\",\"position\":2,\"name\":\"Real Estate Catalog\",\"item\":\"https:\/\/alirarealestate.com\/catalog\/\"},{\"@type\":\"ListItem\",\"position\":3,\"name\":\"Real Estate Catalog\",\"item\":\"https:\/\/alirarealestate.com\/catalog\/buy\/\"},{\"@type\":\"ListItem\",\"position\":4,\"name\":\"Properties for Sale in Dubai\",\"item\":\"https:\/\/alirarealestate.com\/catalog\/buy\/dubai\/\"},{\"@type\":\"ListItem\",\"position\":5,\"name\":\"Properties for Sale in Jumeirah Lake Towers\"}]},{\"@type\":\"WebSite\",\"@id\":\"https:\/\/alirarealestate.com\/de\/#website\",\"url\":\"https:\/\/alirarealestate.com\/de\/\",\"name\":\"Alira Real Estate - Real estate in the UAE\",\"description\":\"\",\"potentialAction\":[{\"@type\":\"SearchAction\",\"target\":{\"@type\":\"EntryPoint\",\"urlTemplate\":\"https:\/\/alirarealestate.com\/de\/?s={search_term_string}\"},\"query-input\":{\"@type\":\"PropertyValueSpecification\",\"valueRequired\":true,\"valueName\":\"search_term_string\"}}],\"inLanguage\":\"de\"}]}<\/script>\n<!-- \/ Yoast SEO Premium plugin. -->","yoast_head_json":{"title":"Properties for Sale in Jumeirah Lake Towers - Alira Real Estate - Real estate in the UAE","robots":{"index":"index","follow":"follow","max-snippet":"max-snippet:-1","max-image-preview":"max-image-preview:large","max-video-preview":"max-video-preview:-1"},"canonical":"https:\/\/alirarealestate.com\/de\/catalog\/buy\/dubai\/jumeirah-lake-towers\/","og_locale":"de_DE","og_type":"article","og_title":"Properties for Sale in Jumeirah Lake Towers","og_url":"https:\/\/alirarealestate.com\/de\/catalog\/buy\/dubai\/jumeirah-lake-towers\/","og_site_name":"Alira Real Estate - Real estate in the UAE","article_modified_time":"2024-10-27T15:17:09+00:00","twitter_card":"summary_large_image","twitter_misc":{"Gesch\u00e4tzte Lesezeit":"6\u00a0Minuten"},"schema":{"@context":"https:\/\/schema.org","@graph":[{"@type":"WebPage","@id":"https:\/\/alirarealestate.com\/de\/catalog\/buy\/dubai\/jumeirah-lake-towers\/","url":"https:\/\/alirarealestate.com\/de\/catalog\/buy\/dubai\/jumeirah-lake-towers\/","name":"Properties for Sale in Jumeirah Lake Towers - Alira Real Estate - Real estate in the UAE","isPartOf":{"@id":"https:\/\/alirarealestate.com\/de\/#website"},"datePublished":"2024-04-18T07:17:40+00:00","dateModified":"2024-10-27T15:17:09+00:00","breadcrumb":{"@id":"https:\/\/alirarealestate.com\/de\/catalog\/buy\/dubai\/jumeirah-lake-towers\/#breadcrumb"},"inLanguage":"de","potentialAction":[{"@type":"ReadAction","target":["https:\/\/alirarealestate.com\/de\/catalog\/buy\/dubai\/jumeirah-lake-towers\/"]}]},{"@type":"BreadcrumbList","@id":"https:\/\/alirarealestate.com\/de\/catalog\/buy\/dubai\/jumeirah-lake-towers\/#breadcrumb","itemListElement":[{"@type":"ListItem","position":1,"name":"Home","item":"https:\/\/alirarealestate.com\/"},{"@type":"ListItem","position":2,"name":"Real Estate Catalog","item":"https:\/\/alirarealestate.com\/catalog\/"},{"@type":"ListItem","position":3,"name":"Real Estate Catalog","item":"https:\/\/alirarealestate.com\/catalog\/buy\/"},{"@type":"ListItem","position":4,"name":"Properties for Sale in Dubai","item":"https:\/\/alirarealestate.com\/catalog\/buy\/dubai\/"},{"@type":"ListItem","position":5,"name":"Properties for Sale in Jumeirah Lake Towers"}]},{"@type":"WebSite","@id":"https:\/\/alirarealestate.com\/de\/#website","url":"https:\/\/alirarealestate.com\/de\/","name":"Alira Real Estate - Real estate in the UAE","description":"","potentialAction":[{"@type":"SearchAction","target":{"@type":"EntryPoint","urlTemplate":"https:\/\/alirarealestate.com\/de\/?s={search_term_string}"},"query-input":{"@type":"PropertyValueSpecification","valueRequired":true,"valueName":"search_term_string"}}],"inLanguage":"de"}]}},"_links":{"self":[{"href":"https:\/\/alirarealestate.com\/de\/wp-json\/wp\/v2\/pages\/4371"}],"collection":[{"href":"https:\/\/alirarealestate.com\/de\/wp-json\/wp\/v2\/pages"}],"about":[{"href":"https:\/\/alirarealestate.com\/de\/wp-json\/wp\/v2\/types\/page"}],"author":[{"embeddable":true,"href":"https:\/\/alirarealestate.com\/de\/wp-json\/wp\/v2\/users\/1"}],"replies":[{"embeddable":true,"href":"https:\/\/alirarealestate.com\/de\/wp-json\/wp\/v2\/comments?post=4371"}],"version-history":[{"count":1,"href":"https:\/\/alirarealestate.com\/de\/wp-json\/wp\/v2\/pages\/4371\/revisions"}],"predecessor-version":[{"id":5933,"href":"https:\/\/alirarealestate.com\/de\/wp-json\/wp\/v2\/pages\/4371\/revisions\/5933"}],"up":[{"embeddable":true,"href":"https:\/\/alirarealestate.com\/de\/wp-json\/wp\/v2\/pages\/4295"}],"wp:attachment":[{"href":"https:\/\/alirarealestate.com\/de\/wp-json\/wp\/v2\/media?parent=4371"}],"curies":[{"name":"wp","href":"https:\/\/api.w.org\/{rel}","templated":true}]}}