{"id":4343,"date":"2024-04-18T10:17:39","date_gmt":"2024-04-18T07:17:39","guid":{"rendered":"https:\/\/alirarealestate.com\/catalog\/buy\/dubai\/jumeirah-village-circle\/"},"modified":"2024-10-27T18:12:25","modified_gmt":"2024-10-27T15:12:25","slug":"jumeirah-village-circle","status":"publish","type":"page","link":"https:\/\/alirarealestate.com\/de\/catalog\/buy\/dubai\/jumeirah-village-circle\/","title":{"rendered":"Immobilien zum Verkauf in JVC (Jumeirah Village Circle)"},"content":{"rendered":"<section class=\"wpb-content-wrapper\"><div class=\"vc_row wpb_row vc_row-fluid vc_row\"><div class=\"wpb_column vc_column_container vc_col-sm-12 vc_column\"><div class=\"vc_column-inner\"><div class=\"wpb_wrapper\">\n\t<div class=\"wpb_text_column wpb_content_element  vc_column_text\" >\n\t\t<div class=\"wpb_wrapper\">\n\t\t\t<p><span style=\"font-weight: 400;\">Die Vereinigten Arabischen Emirate (VAE) sind ein Land, das Touristen anzieht, die, nachdem sie die Kultur und die M\u00f6glichkeiten des Landes kennengelernt haben, davon tr\u00e4umen, hierher zu ziehen und dauerhaft zu leben. Trotz der strengen Einwanderungspolitik ist es m\u00f6glich, sich niederzulassen und einen luxuri\u00f6sen Lebensstil zu genie\u00dfen.<\/span><\/p>\n<p>&nbsp;<\/p>\n<p><span style=\"font-weight: 400;\">Der beste Weg, ein Visum f\u00fcr einen dauerhaften Aufenthalt zu erhalten, ist der Erwerb einer Immobilie. Zur Auswahl stehen Villen, Stadth\u00e4user, Apartments oder Wohnungen. Ausl\u00e4nder k\u00f6nnen Immobilien nur in ausgewiesenen Freehold Zones erwerben. Indem Sie sich an die Alira Real Estate Agency wenden, k\u00f6nnen Sie die rentabelsten Immobilien finden, die auf Ihre Anforderungen und Ihr Budget zugeschnitten sind. Eine der vielversprechendsten Gegenden ist JVC (Jumeirah Village Circle), Teil des New Dubai-Gebiets. Dieser Standort verf\u00fcgt \u00fcber eine gut ausgebaute Verkehrs- und soziale Infrastruktur. Die Wohnkomplexe in dieser Gegend bieten eine breite Palette an Dienstleistungen und sind daher f\u00fcr Gesch\u00e4ftsleute, kreative Menschen und Familien mit Kindern geeignet.<\/span><\/p>\n<p>&nbsp;<\/p>\n<h3><b>Vorteile des Immobilienkaufs bei JVC<\/b><\/h3>\n<p>&nbsp;<\/p>\n<p><span style=\"font-weight: 400;\">JVC ist ein moderner und sich schnell entwickelnder Stadtteil, der f\u00fcr das Leben von Familien konzipiert ist. Er bietet eine perfekte Mischung aus erstklassigen Annehmlichkeiten f\u00fcr komfortables Wohnen und zahlreichen Freizeitm\u00f6glichkeiten. Einer der Vorteile dieser Gegend ist ihre g\u00fcnstige Lage, die einen schnellen Zugang zu anderen Gegenden wie den Jumeirah Lakes Towers, Dubai Internet City und Dubai Marina bietet. Wenn Sie sich entscheiden, in Dubai im Stadtteil JVC eine Immobilie zu kaufen, haben Sie die Wahl zwischen modernen Villen, Apartments und Stadth\u00e4usern. Alle Arten von Wohnungen verk\u00f6rpern hier Eleganz und zeitgen\u00f6ssischen Stil.<\/span><\/p>\n<h3><\/h3>\n<h3><b>Infrastruktur der Gegend<\/b><\/h3>\n<p>&nbsp;<\/p>\n<p><span style=\"font-weight: 400;\">Der Name des Bezirks ist symbolisch und weist darauf hin, dass alle Geb\u00e4ude kreisf\u00f6rmig angeordnet sind. Der radiale Aufbau erm\u00f6glicht eine einfache Navigation und einen schnellen Zugang zu jeder Stra\u00dfe. Die wichtigsten Infrastrukturelemente befinden sich im Zentrum des Bezirks. Bewohner und G\u00e4ste haben Zugang zu:<\/span><\/p>\n<p>&nbsp;<\/p>\n<ul>\n<li style=\"font-weight: 400;\" aria-level=\"1\"><span style=\"font-weight: 400;\">Einkaufszentren<\/span><\/li>\n<li style=\"font-weight: 400;\" aria-level=\"1\"><span style=\"font-weight: 400;\">Ausgestattete Parkzonen<\/span><\/li>\n<li style=\"font-weight: 400;\" aria-level=\"1\"><span style=\"font-weight: 400;\">Schulen und Kinderg\u00e4rten<\/span><\/li>\n<li style=\"font-weight: 400;\" aria-level=\"1\"><span style=\"font-weight: 400;\">Bars und Restaurants<\/span><\/li>\n<li style=\"font-weight: 400;\" aria-level=\"1\"><span style=\"font-weight: 400;\">Fitnesszentren<\/span><\/li>\n<li style=\"font-weight: 400;\" aria-level=\"1\"><span style=\"font-weight: 400;\">Andere Unterhaltungsm\u00f6glichkeiten<\/span><\/li>\n<\/ul>\n<p>&nbsp;<\/p>\n<p><span style=\"font-weight: 400;\">Villen und Stadth\u00e4user liegen etwas weiter von Unterhaltungsm\u00f6glichkeiten entfernt, was Privatsph\u00e4re und Ruhe gew\u00e4hrleistet. Besonderes Augenmerk wird beim Bau von Wohnkomplexen auf die Parkentwicklung gelegt.<\/span><\/p>\n<h3><\/h3>\n<h3><b>Lebensstil bei JVC<\/b><\/h3>\n<p>&nbsp;<\/p>\n<p><span style=\"font-weight: 400;\">Die Wohnkomplexe sind f\u00fcr das Familienleben konzipiert und eignen sich daher perfekt f\u00fcr diejenigen, die die Privatsph\u00e4re und Ruhe einer d\u00f6rflichen Umgebung sch\u00e4tzen und dennoch in der Stadt sein m\u00f6chten. Der Bezirk verf\u00fcgt \u00fcber zahlreiche Gr\u00fcnfl\u00e4chen mit Parks und Pl\u00e4tzen f\u00fcr Spazierg\u00e4nge und zum Entspannen. Mit \u00fcber 30 Parks k\u00f6nnen die Bewohner die Natur genie\u00dfen, mit Kindern spielen und Spa\u00df haben. Es ist ein idealer Ort f\u00fcr einen friedlichen Lebensstil.<\/span><\/p>\n<p>&nbsp;<\/p>\n<p><span style=\"font-weight: 400;\">Dank der gut ausgebauten sozialen und Verkehrsinfrastruktur haben die Bewohner schnellen Zugang zu Kliniken, Kinderg\u00e4rten, Schulen, Superm\u00e4rkten, Restaurants und Fitnesscentern. Es gibt zahlreiche Minim\u00e4rkte, in denen Sie alle notwendigen Dinge kaufen k\u00f6nnen. F\u00fcr diejenigen, die gerne einkaufen, stehen beliebte Megam\u00e4rkte wie Choithrams, Spinneys, West Zone Supermarket und Bluemart Supermarket zur Verf\u00fcgung.<\/span><\/p>\n<p>&nbsp;<\/p>\n<p><span style=\"font-weight: 400;\">Wenn die Bewohner in einem der Komplexe leben, k\u00f6nnen sie einen aktiven Lebensstil pflegen. JVC bietet viele Parks, G\u00e4rten und Gr\u00fcnfl\u00e4chen, die aktive Freizeitgestaltung und Spazierg\u00e4nge im Freien f\u00f6rdern. Zahlreiche Fitnesscenter, Fitnessstudios und Schwimmb\u00e4der erm\u00f6glichen es den Bewohnern, in Form zu bleiben und einen gesunden Lebensstil zu f\u00fchren.<\/span><\/p>\n<p>&nbsp;<\/p>\n<p><span style=\"font-weight: 400;\">Ein weiterer wichtiger Vorteil des Bezirks ist seine Verkehrsanbindung. JVC ist strategisch g\u00fcnstig gelegen und bietet einfachen Zugang zu den wichtigsten Verkehrsadern Dubais. Dar\u00fcber hinaus gibt es Pl\u00e4ne f\u00fcr den weiteren Ausbau der Verkehrsinfrastruktur, einschlie\u00dflich der Erweiterung der U-Bahn-Linien.<\/span><\/p>\n<p>&nbsp;<\/p>\n<h3><b>Haupttypen von Eigenschaften<\/b><\/h3>\n<p>&nbsp;<\/p>\n<p><span style=\"font-weight: 400;\">Jumeirah Village Circle (JVC) bietet eine Vielzahl von Immobilienoptionen, von 1-Zimmer-Apartments bis hin zu luxuri\u00f6sen Penthouses. Es gibt eine gro\u00dfe Auswahl f\u00fcr verschiedene Anforderungen und Budgets:<\/span><\/p>\n<p>&nbsp;<\/p>\n<ul>\n<li style=\"font-weight: 400;\" aria-level=\"1\"><b>Studios<\/b><span style=\"font-weight: 400;\">: Bestehend aus einem Raum, der die Funktionen eines Schlafzimmers, Wohnzimmers und einer K\u00fcche vereint, mit separatem Badezimmer.<\/span><\/li>\n<li style=\"font-weight: 400;\" aria-level=\"1\"><b>1-Schlafzimmer Apartments<\/b><span style=\"font-weight: 400;\">: Verf\u00fcgen \u00fcber ein Schlafzimmer, ein Wohnzimmer, eine K\u00fcche und ein Badezimmer. Sie k\u00f6nnen auch einen Balkon haben.<\/span><\/li>\n<li style=\"font-weight: 400;\" aria-level=\"1\"><b>Apartments mit 2 Schlafzimmern<\/b><span style=\"font-weight: 400;\">: Verf\u00fcgt \u00fcber zwei ger\u00e4umige Schlafzimmer, eine K\u00fcche, ein Wohnzimmer und einen Balkon.<\/span><\/li>\n<li style=\"font-weight: 400;\" aria-level=\"1\"><b>3-, 4- und 5-Zimmer-Apartments<\/b><span style=\"font-weight: 400;\">: Ger\u00e4umige Unterk\u00fcnfte, die f\u00fcr gro\u00dfe Familien oder Einzelpersonen geeignet sind, die Wert auf Komfort und viel Platz legen. Diese Apartments verf\u00fcgen normalerweise \u00fcber drei oder mehr Schlafzimmer, gro\u00dfe Wohnzimmer, K\u00fcchen, mehrere Badezimmer und oft zus\u00e4tzliche Annehmlichkeiten wie Balkone oder Terrassen.<\/span><\/li>\n<li style=\"font-weight: 400;\" aria-level=\"1\"><b>Stadth\u00e4user<\/b><span style=\"font-weight: 400;\">: Wohnh\u00e4user, die sich normalerweise \u00fcber zwei oder drei Stockwerke erstrecken, mit eigenem Eingang und angrenzendem Grundst\u00fcck. Sie k\u00f6nnen \u00fcber eine Garage, einen Garten und eine Terrasse verf\u00fcgen.<\/span><\/li>\n<li style=\"font-weight: 400;\" aria-level=\"1\"><b>Villen<\/b><span style=\"font-weight: 400;\">: H\u00e4user mit gro\u00dfen Grundst\u00fccken, G\u00e4rten, Swimmingpools und Garagen. Villen k\u00f6nnen mehrere Stockwerke und zahlreiche Schlafzimmer und Badezimmer haben.<\/span><\/li>\n<\/ul>\n<p>&nbsp;<\/p>\n<p><span style=\"font-weight: 400;\">Indem Sie sich an die Immobilienagentur Alira wenden, k\u00f6nnen Sie die beste Option zum g\u00fcnstigsten Preis w\u00e4hlen.<\/span><\/p>\n<h3><\/h3>\n<h3><b>Immobilienpreise<\/b><\/h3>\n<p>&nbsp;<\/p>\n<p><span style=\"font-weight: 400;\">Derzeit stehen Immobilien im JVC-Gebiet von Dubai zum Verkauf. Viele Komplexe wurden fertiggestellt, und K\u00e4ufer k\u00f6nnen die f\u00fcr sich am besten geeignete Option ausw\u00e4hlen. Nach Angaben der Immobilienagentur AX Capital sind die Preise f\u00fcr Wohnimmobilien im Jahr 2023 wie folgt:<\/span><\/p>\n<p>&nbsp;<\/p>\n<ul>\n<li style=\"font-weight: 400;\" aria-level=\"1\"><b>Studios<\/b><span style=\"font-weight: 400;\">: 300.000 AED bis 600.000 AED<\/span><\/li>\n<li style=\"font-weight: 400;\" aria-level=\"1\"><b>1-Schlafzimmer Apartments<\/b><span style=\"font-weight: 400;\">: 500.000 AED bis 1.000.000 AED<\/span><\/li>\n<li style=\"font-weight: 400;\" aria-level=\"1\"><b>Apartments mit 2 Schlafzimmern<\/b><span style=\"font-weight: 400;\">: 800.000 AED bis 1.500.000 AED<\/span><\/li>\n<li style=\"font-weight: 400;\" aria-level=\"1\"><b>3-Schlafzimmer-Apartments<\/b><span style=\"font-weight: 400;\">: 1.200.000 AED bis 2.500.000 AED<\/span><\/li>\n<li style=\"font-weight: 400;\" aria-level=\"1\"><b>Reihenh\u00e4user mit 2 Schlafzimmern<\/b><span style=\"font-weight: 400;\">: 1.500.000 AED bis 2.500.000 AED<\/span><\/li>\n<li style=\"font-weight: 400;\" aria-level=\"1\"><b>Reihenh\u00e4user mit 3 Schlafzimmern<\/b><span style=\"font-weight: 400;\">: 1.800.000 AED bis 3.000.000 AED<\/span><\/li>\n<li style=\"font-weight: 400;\" aria-level=\"1\"><b>Villen mit 4 Schlafzimmern<\/b><span style=\"font-weight: 400;\">: 2.500.000 AED bis 4.500.000 AED<\/span><\/li>\n<\/ul>\n<p>&nbsp;<\/p>\n<p><span style=\"font-weight: 400;\">Die Preise f\u00fcr Immobilien im Jumeirah Village Circle k\u00f6nnen je nach Art, Gr\u00f6\u00dfe, Lage und konkretem Projekt variieren. Wohnungen und Villen, die n\u00e4her an Parks oder Einkaufszentren liegen oder eine gute Anbindung an wichtige Verkehrswege bieten, k\u00f6nnen teurer sein.<\/span><\/p>\n<h3><\/h3>\n<h3><b>Vorteile der Immobilienagentur Alira:<\/b><\/h3>\n<p>&nbsp;<\/p>\n<ul>\n<li style=\"font-weight: 400;\" aria-level=\"1\"><b>Hochqualifizierte Fachkr\u00e4fte<\/b><span style=\"font-weight: 400;\">: Das Unternehmen besch\u00e4ftigt ausschlie\u00dflich erstklassige Spezialisten, die sich jeder Anfrage mit gro\u00dfer Aufmerksamkeit widmen.<\/span><\/li>\n<li style=\"font-weight: 400;\" aria-level=\"1\"><b>Individueller Ansatz<\/b><span style=\"font-weight: 400;\">: Alle Optionen werden basierend auf den pers\u00f6nlichen Vorlieben und F\u00e4higkeiten des Kunden ausgew\u00e4hlt.<\/span><\/li>\n<li style=\"font-weight: 400;\" aria-level=\"1\"><b>Vertraulichkeit<\/b><span style=\"font-weight: 400;\">: Transaktionsdaten werden nicht an Dritte weitergegeben.<\/span><\/li>\n<li style=\"font-weight: 400;\" aria-level=\"1\"><b>Aktuelle Information<\/b><span style=\"font-weight: 400;\">: Dank einer regelm\u00e4\u00dfig aktualisierten Datenbank mit Gewerbe- und Wohnimmobilien verf\u00fcgen die Spezialisten von Alira immer \u00fcber die aktuellsten Informationen und k\u00f6nnen so die beste Option finden.<\/span><\/li>\n<\/ul>\n<p>&nbsp;<\/p>\n<p><span style=\"font-weight: 400;\">Um mehr \u00fcber die Immobilien zu erfahren, kontaktieren Sie uns unter <a href=\"tel: 971588337\">+971 (588) 337<\/a> oder <a href=\"tel: 79869277377\">+7 (986) 927-73-77.<\/a>, oder E-Mail <a class=\"mail\" href=\"mailto:info@alirarealestate.com\">info@alirarealestate.com<\/a> f\u00fcr eine ausf\u00fchrliche Beratung und um die optimale L\u00f6sung f\u00fcr Ihre Bed\u00fcrfnisse zu finden.<\/span><\/p>\n\n\t\t<\/div>\n\t<\/div>\n<\/div><\/div><\/div><\/div><div class=\"vc_row wpb_row vc_row-fluid vc_row\"><div class=\"wpb_column vc_column_container vc_col-sm-12 vc_column\"><div class=\"vc_column-inner\"><div class=\"wpb_wrapper\"><div class=\"vc_tta-container\" data-vc-action=\"collapse\"><h2>FAQ<\/h2><div class=\"vc_general vc_tta vc_tta-accordion vc_tta-color-grey vc_tta-style-classic vc_tta-shape-rounded vc_tta-o-shape-group vc_tta-controls-align-left wpestate_accordion vc_tta_accordion\"><div class=\"vc_tta-panels-container\"><div class=\"vc_tta-panels\"><div class=\"vc_tta-panel vc_active\" id=\"1719302468223-0166546a-4751\" data-vc-content=\".vc_tta-panel-body\"><div class=\"vc_tta-panel-heading\"><h4 class=\"vc_tta-panel-title vc_tta-controls-icon-position-left\"><a href=\"#1719302468223-0166546a-4751\" data-vc-accordion data-vc-container=\".vc_tta-container\"><span class=\"vc_tta-title-text\">Was sind die Hauptvorteile des Lebens im Jumeirah Village Circle?<\/span><i class=\"vc_tta-controls-icon vc_tta-controls-icon-plus\"><\/i><\/a><\/h4><\/div><div class=\"vc_tta-panel-body\">\n\t<div class=\"wpb_text_column wpb_content_element  vc_column_text\" >\n\t\t<div class=\"wpb_wrapper\">\n\t\t\t<p><span style=\"font-weight: 400;\">Die Bewohner werden die gut ausgebaute Infrastruktur mit Superm\u00e4rkten, Restaurants und Schulen zu sch\u00e4tzen wissen. Die Gegend bietet au\u00dferdem eine Vielzahl an Wohnm\u00f6glichkeiten.<\/span><\/p>\n\n\t\t<\/div>\n\t<\/div>\n<\/div><\/div><div class=\"vc_tta-panel\" id=\"1719302468242-38b3e4c8-e505\" data-vc-content=\".vc_tta-panel-body\"><div class=\"vc_tta-panel-heading\"><h4 class=\"vc_tta-panel-title vc_tta-controls-icon-position-left\"><a href=\"#1719302468242-38b3e4c8-e505\" data-vc-accordion data-vc-container=\".vc_tta-container\"><span class=\"vc_tta-title-text\">Wie hoch sind die durchschnittlichen Mietkosten f\u00fcr Wohnungen in JVC?<\/span><i class=\"vc_tta-controls-icon vc_tta-controls-icon-plus\"><\/i><\/a><\/h4><\/div><div class=\"vc_tta-panel-body\">\n\t<div class=\"wpb_text_column wpb_content_element  vc_column_text\" >\n\t\t<div class=\"wpb_wrapper\">\n\t\t\t<p><span style=\"font-weight: 400;\">Die Mietkosten variieren je nach Gr\u00f6\u00dfe und Art der Wohnung. Studios k\u00f6nnen f\u00fcr 25.000\u201340.000 AED pro Jahr gemietet werden, 1-Zimmer-Wohnungen f\u00fcr 40.000\u201360.000 AED pro Jahr, 2-Zimmer-Wohnungen f\u00fcr 60.000\u201390.000 AED pro Jahr und 3-Zimmer-Wohnungen f\u00fcr 90.000\u2013130.000 AED pro Jahr. Diese Preise k\u00f6nnen sich je nach Lage und Zustand der jeweiligen Immobilie \u00e4ndern.<\/span><\/p>\n\n\t\t<\/div>\n\t<\/div>\n<\/div><\/div><div class=\"vc_tta-panel\" id=\"1719302568587-4f862959-8a2b\" data-vc-content=\".vc_tta-panel-body\"><div class=\"vc_tta-panel-heading\"><h4 class=\"vc_tta-panel-title vc_tta-controls-icon-position-left\"><a href=\"#1719302568587-4f862959-8a2b\" data-vc-accordion data-vc-container=\".vc_tta-container\"><span class=\"vc_tta-title-text\">Welche Annehmlichkeiten werden in Wohnanlagen angeboten?<\/span><i class=\"vc_tta-controls-icon vc_tta-controls-icon-plus\"><\/i><\/a><\/h4><\/div><div class=\"vc_tta-panel-body\">\n\t<div class=\"wpb_text_column wpb_content_element  vc_column_text\" >\n\t\t<div class=\"wpb_wrapper\">\n\t\t\t<p><span style=\"font-weight: 400;\">Zu den wichtigsten Annehmlichkeiten z\u00e4hlen Schwimmb\u00e4der, Fitnesscenter, Spas, Grillpl\u00e4tze, Spielpl\u00e4tze, Parkpl\u00e4tze und ein 24-Stunden-Sicherheitsdienst. Viele Komplexe verf\u00fcgen auch \u00fcber Gr\u00fcnfl\u00e4chen und G\u00e4rten, die ein komfortables und angenehmes Wohnumfeld schaffen.<\/span><\/p>\n\n\t\t<\/div>\n\t<\/div>\n<\/div><\/div><div class=\"vc_tta-panel\" id=\"1719302683870-ce6b07f3-3f7b\" data-vc-content=\".vc_tta-panel-body\"><div class=\"vc_tta-panel-heading\"><h4 class=\"vc_tta-panel-title vc_tta-controls-icon-position-left\"><a href=\"#1719302683870-ce6b07f3-3f7b\" data-vc-accordion data-vc-container=\".vc_tta-container\"><span class=\"vc_tta-title-text\">Welche Arten von Immobilien stehen zum Kauf zur Verf\u00fcgung?<\/span><i class=\"vc_tta-controls-icon vc_tta-controls-icon-plus\"><\/i><\/a><\/h4><\/div><div class=\"vc_tta-panel-body\">\n\t<div class=\"wpb_text_column wpb_content_element  vc_column_text\" >\n\t\t<div class=\"wpb_wrapper\">\n\t\t\t<p><span style=\"font-weight: 400;\">Bei JVC k\u00f6nnen Sie Studios, Apartments mit 1, 2 und 3 Schlafzimmern, Stadth\u00e4user und Villen kaufen. Die Preise variieren je nach Art der Immobilie, ihrer Gr\u00f6\u00dfe und Lage. Beispielsweise beginnen die Preise f\u00fcr Studios bei 300.000 AED und die Preise f\u00fcr Villen k\u00f6nnen bis zu 4.500.000 AED betragen.<\/span><\/p>\n\n\t\t<\/div>\n\t<\/div>\n<\/div><\/div><div class=\"vc_tta-panel\" id=\"1719302706708-8e0ed9ad-d642\" data-vc-content=\".vc_tta-panel-body\"><div class=\"vc_tta-panel-heading\"><h4 class=\"vc_tta-panel-title vc_tta-controls-icon-position-left\"><a href=\"#1719302706708-8e0ed9ad-d642\" data-vc-accordion data-vc-container=\".vc_tta-container\"><span class=\"vc_tta-title-text\">Welche Schulen und Kinderg\u00e4rten gibt es im Jumeirah Village Circle?<\/span><i class=\"vc_tta-controls-icon vc_tta-controls-icon-plus\"><\/i><\/a><\/h4><\/div><div class=\"vc_tta-panel-body\">\n\t<div class=\"wpb_text_column wpb_content_element  vc_column_text\" >\n\t\t<div class=\"wpb_wrapper\">\n\t\t\t<p><span style=\"font-weight: 400;\">Mehrere Schulen und Kinderg\u00e4rten in und um JVC bieten qualitativ hochwertige Bildung f\u00fcr Kinder unterschiedlichen Alters. Diese Bildungseinrichtungen bieten englischsprachige Lehrpl\u00e4ne und erf\u00fcllen hohe internationale Standards.<\/span><\/p>\n\n\t\t<\/div>\n\t<\/div>\n<\/div><\/div><\/div><\/div><\/div><\/div><\/div><\/div><\/div><\/div>\n<\/section>","protected":false},"excerpt":{"rendered":"Die Vereinigten Arabischen Emirate (VAE) ziehen Touristen an, die, nachdem sie ihre Kultur und ihre M\u00f6glichkeiten kennengelernt haben, davon tr\u00e4umen, dauerhaft hierher zu ziehen und dort zu leben. Trotz der strengen Einwanderungspolitik ist es m\u00f6glich, sich niederzulassen und einen luxuri\u00f6sen Lebensstil zu genie\u00dfen. Der beste Weg, ein dauerhaftes Aufenthaltsvisum zu erhalten, ist der Erwerb einer Immobilie. Zur Auswahl stehen Villen, Stadth\u00e4user, Apartments oder Wohnungen. Ausl\u00e4nder ...","protected":false},"author":1,"featured_media":0,"parent":4295,"menu_order":0,"comment_status":"closed","ping_status":"closed","template":"advanced_search_results.php","meta":{"inline_featured_image":false,"_glsr_average":0,"_glsr_ranking":0,"_glsr_reviews":0,"footnotes":""},"class_list":["post-4343","page","type-page","status-publish","hentry"],"yoast_head":"<!-- This site is optimized with the Yoast SEO Premium plugin v25.1 (Yoast SEO v25.6) - https:\/\/yoast.com\/wordpress\/plugins\/seo\/ -->\n<title>Buy real estate in Burj Khalifa, Dubai, UAE. Housing prices - Alira<\/title>\n<meta name=\"description\" content=\"Buy property in JVC (Jumeirah Village Circle), Dubai, UAE. \u2b50 Current housing prices in the JVC area, descriptions, photos. \u2b50 Apartments, houses, villas. \u27a4 Leave a request for selection on the website!\" \/>\n<meta name=\"robots\" content=\"index, follow, max-snippet:-1, max-image-preview:large, max-video-preview:-1\" \/>\n<link rel=\"canonical\" href=\"https:\/\/alirarealestate.com\/de\/catalog\/buy\/dubai\/jumeirah-village-circle\/\" \/>\n<meta property=\"og:locale\" content=\"de_DE\" \/>\n<meta property=\"og:type\" content=\"article\" \/>\n<meta property=\"og:title\" content=\"Properties for Sale in JVC (Jumeirah Village Circle)\" \/>\n<meta property=\"og:description\" content=\"Buy property in JVC (Jumeirah Village Circle), Dubai, UAE. \u2b50 Current housing prices in the JVC area, descriptions, photos. \u2b50 Apartments, houses, villas. \u27a4 Leave a request for selection on the website!\" \/>\n<meta property=\"og:url\" content=\"https:\/\/alirarealestate.com\/de\/catalog\/buy\/dubai\/jumeirah-village-circle\/\" \/>\n<meta property=\"og:site_name\" content=\"Alira Real Estate - Real estate in the UAE\" \/>\n<meta property=\"article:modified_time\" content=\"2024-10-27T15:12:25+00:00\" \/>\n<meta name=\"twitter:card\" content=\"summary_large_image\" \/>\n<meta name=\"twitter:label1\" content=\"Gesch\u00e4tzte Lesezeit\" \/>\n\t<meta name=\"twitter:data1\" content=\"6\u00a0Minuten\" \/>\n<script type=\"application\/ld+json\" class=\"yoast-schema-graph\">{\"@context\":\"https:\/\/schema.org\",\"@graph\":[{\"@type\":\"WebPage\",\"@id\":\"https:\/\/alirarealestate.com\/de\/catalog\/buy\/dubai\/jumeirah-village-circle\/\",\"url\":\"https:\/\/alirarealestate.com\/de\/catalog\/buy\/dubai\/jumeirah-village-circle\/\",\"name\":\"Buy real estate in Burj Khalifa, Dubai, UAE. Housing prices - Alira\",\"isPartOf\":{\"@id\":\"https:\/\/alirarealestate.com\/de\/#website\"},\"datePublished\":\"2024-04-18T07:17:39+00:00\",\"dateModified\":\"2024-10-27T15:12:25+00:00\",\"description\":\"Buy property in JVC (Jumeirah Village Circle), Dubai, UAE. \u2b50 Current housing prices in the JVC area, descriptions, photos. \u2b50 Apartments, houses, villas. \u27a4 Leave a request for selection on the website!\",\"breadcrumb\":{\"@id\":\"https:\/\/alirarealestate.com\/de\/catalog\/buy\/dubai\/jumeirah-village-circle\/#breadcrumb\"},\"inLanguage\":\"de\",\"potentialAction\":[{\"@type\":\"ReadAction\",\"target\":[\"https:\/\/alirarealestate.com\/de\/catalog\/buy\/dubai\/jumeirah-village-circle\/\"]}]},{\"@type\":\"BreadcrumbList\",\"@id\":\"https:\/\/alirarealestate.com\/de\/catalog\/buy\/dubai\/jumeirah-village-circle\/#breadcrumb\",\"itemListElement\":[{\"@type\":\"ListItem\",\"position\":1,\"name\":\"Home\",\"item\":\"https:\/\/alirarealestate.com\/\"},{\"@type\":\"ListItem\",\"position\":2,\"name\":\"Real Estate Catalog\",\"item\":\"https:\/\/alirarealestate.com\/catalog\/\"},{\"@type\":\"ListItem\",\"position\":3,\"name\":\"Real Estate Catalog\",\"item\":\"https:\/\/alirarealestate.com\/catalog\/buy\/\"},{\"@type\":\"ListItem\",\"position\":4,\"name\":\"Properties for Sale in Dubai\",\"item\":\"https:\/\/alirarealestate.com\/catalog\/buy\/dubai\/\"},{\"@type\":\"ListItem\",\"position\":5,\"name\":\"Properties for Sale in JVC (Jumeirah Village Circle)\"}]},{\"@type\":\"WebSite\",\"@id\":\"https:\/\/alirarealestate.com\/de\/#website\",\"url\":\"https:\/\/alirarealestate.com\/de\/\",\"name\":\"Alira Real Estate - Real estate in the UAE\",\"description\":\"\",\"potentialAction\":[{\"@type\":\"SearchAction\",\"target\":{\"@type\":\"EntryPoint\",\"urlTemplate\":\"https:\/\/alirarealestate.com\/de\/?s={search_term_string}\"},\"query-input\":{\"@type\":\"PropertyValueSpecification\",\"valueRequired\":true,\"valueName\":\"search_term_string\"}}],\"inLanguage\":\"de\"}]}<\/script>\n<!-- \/ Yoast SEO Premium plugin. -->","yoast_head_json":{"title":"Buy real estate in Burj Khalifa, Dubai, UAE. Housing prices - Alira","description":"Buy property in JVC (Jumeirah Village Circle), Dubai, UAE. \u2b50 Current housing prices in the JVC area, descriptions, photos. \u2b50 Apartments, houses, villas. \u27a4 Leave a request for selection on the website!","robots":{"index":"index","follow":"follow","max-snippet":"max-snippet:-1","max-image-preview":"max-image-preview:large","max-video-preview":"max-video-preview:-1"},"canonical":"https:\/\/alirarealestate.com\/de\/catalog\/buy\/dubai\/jumeirah-village-circle\/","og_locale":"de_DE","og_type":"article","og_title":"Properties for Sale in JVC (Jumeirah Village Circle)","og_description":"Buy property in JVC (Jumeirah Village Circle), Dubai, UAE. \u2b50 Current housing prices in the JVC area, descriptions, photos. \u2b50 Apartments, houses, villas. \u27a4 Leave a request for selection on the website!","og_url":"https:\/\/alirarealestate.com\/de\/catalog\/buy\/dubai\/jumeirah-village-circle\/","og_site_name":"Alira Real Estate - Real estate in the UAE","article_modified_time":"2024-10-27T15:12:25+00:00","twitter_card":"summary_large_image","twitter_misc":{"Gesch\u00e4tzte Lesezeit":"6\u00a0Minuten"},"schema":{"@context":"https:\/\/schema.org","@graph":[{"@type":"WebPage","@id":"https:\/\/alirarealestate.com\/de\/catalog\/buy\/dubai\/jumeirah-village-circle\/","url":"https:\/\/alirarealestate.com\/de\/catalog\/buy\/dubai\/jumeirah-village-circle\/","name":"Buy real estate in Burj Khalifa, Dubai, UAE. Housing prices - Alira","isPartOf":{"@id":"https:\/\/alirarealestate.com\/de\/#website"},"datePublished":"2024-04-18T07:17:39+00:00","dateModified":"2024-10-27T15:12:25+00:00","description":"Buy property in JVC (Jumeirah Village Circle), Dubai, UAE. \u2b50 Current housing prices in the JVC area, descriptions, photos. \u2b50 Apartments, houses, villas. \u27a4 Leave a request for selection on the website!","breadcrumb":{"@id":"https:\/\/alirarealestate.com\/de\/catalog\/buy\/dubai\/jumeirah-village-circle\/#breadcrumb"},"inLanguage":"de","potentialAction":[{"@type":"ReadAction","target":["https:\/\/alirarealestate.com\/de\/catalog\/buy\/dubai\/jumeirah-village-circle\/"]}]},{"@type":"BreadcrumbList","@id":"https:\/\/alirarealestate.com\/de\/catalog\/buy\/dubai\/jumeirah-village-circle\/#breadcrumb","itemListElement":[{"@type":"ListItem","position":1,"name":"Home","item":"https:\/\/alirarealestate.com\/"},{"@type":"ListItem","position":2,"name":"Real Estate Catalog","item":"https:\/\/alirarealestate.com\/catalog\/"},{"@type":"ListItem","position":3,"name":"Real Estate Catalog","item":"https:\/\/alirarealestate.com\/catalog\/buy\/"},{"@type":"ListItem","position":4,"name":"Properties for Sale in Dubai","item":"https:\/\/alirarealestate.com\/catalog\/buy\/dubai\/"},{"@type":"ListItem","position":5,"name":"Properties for Sale in JVC (Jumeirah Village Circle)"}]},{"@type":"WebSite","@id":"https:\/\/alirarealestate.com\/de\/#website","url":"https:\/\/alirarealestate.com\/de\/","name":"Alira Real Estate - Real estate in the UAE","description":"","potentialAction":[{"@type":"SearchAction","target":{"@type":"EntryPoint","urlTemplate":"https:\/\/alirarealestate.com\/de\/?s={search_term_string}"},"query-input":{"@type":"PropertyValueSpecification","valueRequired":true,"valueName":"search_term_string"}}],"inLanguage":"de"}]}},"_links":{"self":[{"href":"https:\/\/alirarealestate.com\/de\/wp-json\/wp\/v2\/pages\/4343"}],"collection":[{"href":"https:\/\/alirarealestate.com\/de\/wp-json\/wp\/v2\/pages"}],"about":[{"href":"https:\/\/alirarealestate.com\/de\/wp-json\/wp\/v2\/types\/page"}],"author":[{"embeddable":true,"href":"https:\/\/alirarealestate.com\/de\/wp-json\/wp\/v2\/users\/1"}],"replies":[{"embeddable":true,"href":"https:\/\/alirarealestate.com\/de\/wp-json\/wp\/v2\/comments?post=4343"}],"version-history":[{"count":2,"href":"https:\/\/alirarealestate.com\/de\/wp-json\/wp\/v2\/pages\/4343\/revisions"}],"predecessor-version":[{"id":5925,"href":"https:\/\/alirarealestate.com\/de\/wp-json\/wp\/v2\/pages\/4343\/revisions\/5925"}],"up":[{"embeddable":true,"href":"https:\/\/alirarealestate.com\/de\/wp-json\/wp\/v2\/pages\/4295"}],"wp:attachment":[{"href":"https:\/\/alirarealestate.com\/de\/wp-json\/wp\/v2\/media?parent=4343"}],"curies":[{"name":"wp","href":"https:\/\/api.w.org\/{rel}","templated":true}]}}